{"id":56444,"date":"2024-05-21T21:26:45","date_gmt":"2024-05-21T20:26:45","guid":{"rendered":"https:\/\/zlcopenhagen.com\/product\/badehose-herren-handgemacht-crochet\/"},"modified":"2026-01-14T12:04:34","modified_gmt":"2026-01-14T11:04:34","slug":"banador-crochet-hombre","status":"publish","type":"product","link":"https:\/\/zlcopenhagen.com\/es\/producto\/banador-crochet-hombre\/","title":{"rendered":"BA\u00d1ADOR DE CROCHET PARA HOMBRE \u2013 AJUSTE QUE DEFINE"},"content":{"rendered":"<p>[spb_video link=&#8221;https:\/\/www.youtube.com\/watch?v=o1I7VrCJu8I&#8221; remove_related=&#8221;yes&#8221; autoplay=&#8221;no&#8221; full_width=&#8221;no&#8221; width=&#8221;1\/1&#8243; el_position=&#8221;first last&#8221;] [spb_blank_spacer height=&#8221;30px&#8221; width=&#8221;1\/1&#8243; el_position=&#8221;first last&#8221;] [spb_text_block animation=&#8221;none&#8221; animation_delay=&#8221;0&#8243; simplified_controls=&#8221;yes&#8221; custom_css_percentage=&#8221;no&#8221; padding_vertical=&#8221;0&#8243; padding_horizontal=&#8221;0&#8243; margin_vertical=&#8221;0&#8243; custom_css=&#8221;margin-top: 0px;margin-bottom: 0px;&#8221; border_size=&#8221;0&#8243; border_styling_global=&#8221;default&#8221; width=&#8221;1\/1&#8243; el_position=&#8221;first last&#8221;]<\/p>\n<h2>EIN MOMENT F\u00dcR DICH<\/h2>\n<p>Warme Sonne. Wei\u00dfer Sand. Ein Moment, in dem man sich zeigt \u2013 ganz nat\u00fcrlich.<br \/>\nDiese handgeh\u00e4kelte Badehose ist gemacht f\u00fcr Strand, Pool und lange Sommern\u00e4chte.<\/p>\n<p>Der k\u00f6rpernahe Schnitt sitzt selbstbewusst und ruhig \u2013 ohne Push, ohne Effekte.<br \/>\nIndividuell gefertigt f\u00fcr M\u00e4nner, die Pr\u00e4senz zeigen, ohne es erkl\u00e4ren zu m\u00fcssen.<\/p>\n<p>Perfekt f\u00fcr Ibiza, Sitges, Mykonos oder jede White Party,<br \/>\nbei der Stil, K\u00f6rpergef\u00fchl und Haltung zusammenkommen.<\/p>\n<p>[\/spb_text_block] [spb_image image=&#8221;21794&#8243; image_size=&#8221;full&#8221; frame=&#8221;noframe&#8221; caption_pos=&#8221;hover&#8221; remove_rounded=&#8221;yes&#8221; fullwidth=&#8221;no&#8221; overflow_mode=&#8221;none&#8221; link_target=&#8221;_self&#8221; lightbox=&#8221;no&#8221; intro_animation=&#8221;none&#8221; animation_delay=&#8221;200&#8243; width=&#8221;1\/1&#8243; el_position=&#8221;first last&#8221;][\/spb_image] [spb_blank_spacer height=&#8221;30px&#8221; width=&#8221;1\/1&#8243; el_position=&#8221;first last&#8221;] [spb_text_block animation=&#8221;none&#8221; animation_delay=&#8221;0&#8243; simplified_controls=&#8221;yes&#8221; custom_css_percentage=&#8221;no&#8221; padding_vertical=&#8221;0&#8243; padding_horizontal=&#8221;0&#8243; margin_vertical=&#8221;0&#8243; custom_css=&#8221;margin-top: 0px;margin-bottom: 0px;&#8221; border_size=&#8221;0&#8243; border_styling_global=&#8221;default&#8221; width=&#8221;1\/1&#8243; el_position=&#8221;first last&#8221;]<\/p>\n<h3>AUFGENOMMEN IN DER KARIBIK<\/h3>\n<p>Aufgenommen in der Karibik: Eric tr\u00e4gt eines unserer figurbetonten Modelle, entwickelt f\u00fcr Sonne, Meer und freie Bewegung. Der Schnitt folgt dem K\u00f6rper nat\u00fcrlich und ruhig \u2013 geschaffen f\u00fcr lange Tage am Wasser und warme Abende unter freiem Himmel.<\/p>\n<p>Entdecken Sie auch unsere <a href=\"https:\/\/zlcopenhagen.com\/es\/producto\/banador-blanco-cordon-ajustado-hombre\/\"><strong>reinwei\u00dfe Badehose aus regeneriertem<\/strong> ECONYL\u00ae<\/a>, leicht, nachhaltig und ideal f\u00fcr den Sommer.<\/p>\n<p>F\u00fcr ein noch reduzierteres Design bieten wir zudem Modelle mit innenliegendem Kordelzug \u2013 klar in der Optik, sicher in der Passform. <a href=\"https:\/\/zlcopenhagen.com\/es\/producto\/banador-hombre-blanco-clasico-reciclado\/\"><strong>Hier entdecken<\/strong><\/a>.<\/p>\n<p>[\/spb_text_block] [spb_text_block animation=&#8221;none&#8221; animation_delay=&#8221;0&#8243; simplified_controls=&#8221;yes&#8221; custom_css_percentage=&#8221;no&#8221; padding_vertical=&#8221;0&#8243; padding_horizontal=&#8221;0&#8243; margin_vertical=&#8221;0&#8243; custom_css=&#8221;margin-top: 0px;margin-bottom: 0px;&#8221; border_size=&#8221;0&#8243; border_styling_global=&#8221;default&#8221; width=&#8221;1\/1&#8243; el_position=&#8221;first last&#8221;]<\/p>\n<h3>FAQ<\/h3>\n<p data-start=\"2422\" data-end=\"2458\"><strong data-start=\"2422\" data-end=\"2456\">\u00bfEste ba\u00f1ador marca el cuerpo?<\/strong><\/p>\n<blockquote data-start=\"2459\" data-end=\"2569\">\n<p data-start=\"2461\" data-end=\"2569\">El dise\u00f1o sigue la anatom\u00eda natural. El efecto depende del ajuste y del cuerpo, no de rellenos artificiales.<\/p>\n<\/blockquote>\n<p data-start=\"2571\" data-end=\"2599\"><strong data-start=\"2571\" data-end=\"2597\">\u00bfTiene push o relleno?<\/strong><\/p>\n<blockquote data-start=\"2600\" data-end=\"2656\">\n<p data-start=\"2602\" data-end=\"2656\">No. El dise\u00f1o es limpio, sin forro ni volumen a\u00f1adido.<\/p>\n<\/blockquote>\n<p data-start=\"2658\" data-end=\"2702\"><strong data-start=\"2658\" data-end=\"2700\">\u00bfPara qu\u00e9 tipo de hombre est\u00e1 pensado?<\/strong><\/p>\n<blockquote data-start=\"2703\" data-end=\"2751\">\n<p data-start=\"2705\" data-end=\"2751\">Para quienes buscan presencia, no exageraci\u00f3n.<\/p>\n<\/blockquote>\n<p>[\/spb_text_block]<\/p>\n","protected":false},"excerpt":{"rendered":"<h2>Dise\u00f1ado para definir sin exagerar<\/h2>\n<p data-start=\"1959\" data-end=\"2120\">Dise\u00f1ado para hombres que saben que el corte lo es todo.<br data-start=\"2015\" data-end=\"2018\" \/>Este ba\u00f1ador de crochet se adapta al cuerpo de forma natural, realzando la silueta sin artificios.<\/p>\n<p data-start=\"2127\" data-end=\"2177\">No empuja. No exagera.<br data-start=\"2149\" data-end=\"2152\" \/>Define con intenci\u00f3n.<\/p>\n<p data-start=\"2184\" data-end=\"2275\">Hecho a mano, sin forro, pensado para playa, piscina y destinos donde la presencia importa.<\/p>\n","protected":false},"featured_media":34665,"comment_status":"closed","ping_status":"closed","template":"","meta":[],"product_brand":[],"product_cat":[1029],"product_tag":[],"class_list":{"0":"post-56444","1":"product","2":"type-product","3":"status-publish","4":"has-post-thumbnail","6":"product_cat-sin-categorizar","8":"first","9":"onbackorder","10":"taxable","11":"shipping-taxable","12":"purchasable","13":"product-type-variable","14":"has-default-attributes"},"yoast_head":"<!-- This site is optimized with the Yoast SEO Premium plugin v26.6 (Yoast SEO v27.5) - https:\/\/yoast.com\/product\/yoast-seo-premium-wordpress\/ -->\n<title>Ba\u00f1ador de Crochet para Hombre | Ajuste que Define sin Push<\/title>\n<meta name=\"description\" content=\"Ba\u00f1ador artesanal de crochet para hombre. Ajuste anat\u00f3mico, sin relleno ni push. Dise\u00f1ado para definir la silueta de forma natural. Hecho a mano.\" \/>\n<meta name=\"robots\" content=\"index, follow, max-snippet:-1, max-image-preview:large, max-video-preview:-1\" \/>\n<link rel=\"canonical\" href=\"https:\/\/zlcopenhagen.com\/es\/producto\/banador-crochet-hombre\/\" \/>\n<meta property=\"og:locale\" content=\"es_ES\" \/>\n<meta property=\"og:type\" content=\"article\" \/>\n<meta property=\"og:title\" content=\"BA\u00d1ADOR DE CROCHET PARA HOMBRE \u2013 AJUSTE QUE DEFINE\" \/>\n<meta property=\"og:description\" content=\"Ba\u00f1ador artesanal de crochet para hombre. Ajuste anat\u00f3mico, sin relleno ni push. Dise\u00f1ado para definir la silueta de forma natural. Hecho a mano.\" \/>\n<meta property=\"og:url\" content=\"https:\/\/zlcopenhagen.com\/es\/producto\/banador-crochet-hombre\/\" \/>\n<meta property=\"og:site_name\" content=\"zlcopenhagen.com\" \/>\n<meta property=\"article:modified_time\" content=\"2026-01-14T11:04:34+00:00\" \/>\n<meta property=\"og:image\" content=\"https:\/\/zlcopenhagen.com\/wp-content\/uploads\/2024\/06\/Croched-Swimwear-front-turkis-mensweear-customised-zlcopenhagen-danish-design-handmade-in-eu.webp\" \/>\n\t<meta property=\"og:image:width\" content=\"794\" \/>\n\t<meta property=\"og:image:height\" content=\"1059\" \/>\n\t<meta property=\"og:image:type\" content=\"image\/webp\" \/>\n<meta name=\"twitter:card\" content=\"summary_large_image\" \/>\n<meta name=\"twitter:label1\" content=\"Disponibilidad\" \/>\n\t<meta name=\"twitter:data1\" content=\"Disponible para reservar\" \/>\n<meta property=\"og:availability\" content=\"backorder\" \/>\n<meta property=\"product:availability\" content=\"available for order\" \/>\n<meta property=\"product:retailer_item_id\" content=\"ofsw032024-1\" \/>\n<meta property=\"product:condition\" content=\"new\" \/>\n<!-- \/ Yoast SEO Premium plugin. -->","yoast_head_json":{"title":"Ba\u00f1ador de Crochet para Hombre | Ajuste que Define sin Push","description":"Ba\u00f1ador artesanal de crochet para hombre. Ajuste anat\u00f3mico, sin relleno ni push. Dise\u00f1ado para definir la silueta de forma natural. Hecho a mano.","robots":{"index":"index","follow":"follow","max-snippet":"max-snippet:-1","max-image-preview":"max-image-preview:large","max-video-preview":"max-video-preview:-1"},"canonical":"https:\/\/zlcopenhagen.com\/es\/producto\/banador-crochet-hombre\/","og_locale":"es_ES","og_type":"article","og_title":"BA\u00d1ADOR DE CROCHET PARA HOMBRE \u2013 AJUSTE QUE DEFINE","og_description":"Ba\u00f1ador artesanal de crochet para hombre. Ajuste anat\u00f3mico, sin relleno ni push. Dise\u00f1ado para definir la silueta de forma natural. Hecho a mano.","og_url":"https:\/\/zlcopenhagen.com\/es\/producto\/banador-crochet-hombre\/","og_site_name":"zlcopenhagen.com","article_modified_time":"2026-01-14T11:04:34+00:00","og_image":[{"width":794,"height":1059,"url":"https:\/\/zlcopenhagen.com\/wp-content\/uploads\/2024\/06\/Croched-Swimwear-front-turkis-mensweear-customised-zlcopenhagen-danish-design-handmade-in-eu.webp","type":"image\/webp"}],"twitter_card":"summary_large_image","twitter_misc":{"Disponibilidad":"Disponible para reservar"},"schema":{"@context":"https:\/\/schema.org","@graph":[{"@type":"WebPage","@id":"https:\/\/zlcopenhagen.com\/es\/producto\/banador-crochet-hombre\/","url":"https:\/\/zlcopenhagen.com\/es\/producto\/banador-crochet-hombre\/","name":"Ba\u00f1ador de Crochet para Hombre | Ajuste que Define sin Push","isPartOf":{"@id":"https:\/\/zlcopenhagen.com\/#website"},"primaryImageOfPage":{"@id":"https:\/\/zlcopenhagen.com\/es\/producto\/banador-crochet-hombre\/#primaryimage"},"image":{"@id":"https:\/\/zlcopenhagen.com\/es\/producto\/banador-crochet-hombre\/#primaryimage"},"thumbnailUrl":"https:\/\/zlcopenhagen.com\/wp-content\/uploads\/2024\/06\/Croched-Swimwear-front-turkis-mensweear-customised-zlcopenhagen-danish-design-handmade-in-eu.webp","datePublished":"2024-05-21T20:26:45+00:00","dateModified":"2026-01-14T11:04:34+00:00","description":"Ba\u00f1ador artesanal de crochet para hombre. Ajuste anat\u00f3mico, sin relleno ni push. Dise\u00f1ado para definir la silueta de forma natural. Hecho a mano.","breadcrumb":{"@id":"https:\/\/zlcopenhagen.com\/es\/producto\/banador-crochet-hombre\/#breadcrumb"},"inLanguage":"es","potentialAction":[{"@type":"ReadAction","target":["https:\/\/zlcopenhagen.com\/es\/producto\/banador-crochet-hombre\/"]}]},{"@type":"ImageObject","inLanguage":"es","@id":"https:\/\/zlcopenhagen.com\/es\/producto\/banador-crochet-hombre\/#primaryimage","url":"https:\/\/zlcopenhagen.com\/wp-content\/uploads\/2024\/06\/Croched-Swimwear-front-turkis-mensweear-customised-zlcopenhagen-danish-design-handmade-in-eu.webp","contentUrl":"https:\/\/zlcopenhagen.com\/wp-content\/uploads\/2024\/06\/Croched-Swimwear-front-turkis-mensweear-customised-zlcopenhagen-danish-design-handmade-in-eu.webp","width":794,"height":1059,"caption":"Confident man from behind wearing handmade white crochet swimwear briefs, standing barefoot on a beach with a clear blue ocean in the background."},{"@type":"BreadcrumbList","@id":"https:\/\/zlcopenhagen.com\/es\/producto\/banador-crochet-hombre\/#breadcrumb","itemListElement":[{"@type":"ListItem","position":1,"name":"Home","item":"https:\/\/zlcopenhagen.com\/es\/"},{"@type":"ListItem","position":2,"name":"Shop","item":"https:\/\/zlcopenhagen.com\/es\/shop\/"},{"@type":"ListItem","position":3,"name":"BA\u00d1ADOR DE CROCHET PARA HOMBRE \u2013 AJUSTE QUE DEFINE"}]},{"@type":"WebSite","@id":"https:\/\/zlcopenhagen.com\/#website","url":"https:\/\/zlcopenhagen.com\/","name":"zlcopenhagen.com","description":"","publisher":{"@id":"https:\/\/zlcopenhagen.com\/#organization"},"potentialAction":[{"@type":"SearchAction","target":{"@type":"EntryPoint","urlTemplate":"https:\/\/zlcopenhagen.com\/?s={search_term_string}"},"query-input":{"@type":"PropertyValueSpecification","valueRequired":true,"valueName":"search_term_string"}}],"inLanguage":"es"},{"@type":["Organization","Place"],"@id":"https:\/\/zlcopenhagen.com\/#organization","name":"ZLCOPENHAGEN","alternateName":"ZLCOPENHAGEN","url":"https:\/\/zlcopenhagen.com\/","logo":{"@id":"https:\/\/zlcopenhagen.com\/es\/producto\/banador-crochet-hombre\/#local-main-organization-logo"},"image":{"@id":"https:\/\/zlcopenhagen.com\/es\/producto\/banador-crochet-hombre\/#local-main-organization-logo"},"sameAs":["https:\/\/www.youtube.com\/channel\/UCy7JINwB6DMr2fA9yHpDQJg"],"telephone":[],"openingHoursSpecification":[{"@type":"OpeningHoursSpecification","dayOfWeek":["Monday","Tuesday","Wednesday","Thursday","Friday","Saturday","Sunday"],"opens":"09:00","closes":"17:00"}]},{"@type":"ImageObject","inLanguage":"es","@id":"https:\/\/zlcopenhagen.com\/es\/producto\/banador-crochet-hombre\/#local-main-organization-logo","url":"https:\/\/zlcopenhagen.com\/wp-content\/uploads\/2016\/05\/blog-logo.jpg","contentUrl":"https:\/\/zlcopenhagen.com\/wp-content\/uploads\/2016\/05\/blog-logo.jpg","width":68,"height":68,"caption":"ZLCOPENHAGEN"}]},"og_availability":"backorder","product_availability":"available for order","product_retailer_item_id":"ofsw032024-1","product_condition":"new"},"_links":{"self":[{"href":"https:\/\/zlcopenhagen.com\/es\/wp-json\/wp\/v2\/product\/56444","targetHints":{"allow":["GET"]}}],"collection":[{"href":"https:\/\/zlcopenhagen.com\/es\/wp-json\/wp\/v2\/product"}],"about":[{"href":"https:\/\/zlcopenhagen.com\/es\/wp-json\/wp\/v2\/types\/product"}],"replies":[{"embeddable":true,"href":"https:\/\/zlcopenhagen.com\/es\/wp-json\/wp\/v2\/comments?post=56444"}],"wp:featuredmedia":[{"embeddable":true,"href":"https:\/\/zlcopenhagen.com\/es\/wp-json\/wp\/v2\/media\/34665"}],"wp:attachment":[{"href":"https:\/\/zlcopenhagen.com\/es\/wp-json\/wp\/v2\/media?parent=56444"}],"wp:term":[{"taxonomy":"product_brand","embeddable":true,"href":"https:\/\/zlcopenhagen.com\/es\/wp-json\/wp\/v2\/product_brand?post=56444"},{"taxonomy":"product_cat","embeddable":true,"href":"https:\/\/zlcopenhagen.com\/es\/wp-json\/wp\/v2\/product_cat?post=56444"},{"taxonomy":"product_tag","embeddable":true,"href":"https:\/\/zlcopenhagen.com\/es\/wp-json\/wp\/v2\/product_tag?post=56444"}],"curies":[{"name":"wp","href":"https:\/\/api.w.org\/{rel}","templated":true}]}}