{"id":53124,"date":"2015-01-01T16:00:44","date_gmt":"2015-01-01T16:00:44","guid":{"rendered":"https:\/\/zlcopenhagen.com\/product\/weight-lifting-gloves\/"},"modified":"2025-12-28T18:21:29","modified_gmt":"2025-12-28T17:21:29","slug":"guantes-entrenamiento-slow-made","status":"publish","type":"product","link":"https:\/\/zlcopenhagen.com\/es\/producto\/guantes-entrenamiento-slow-made\/","title":{"rendered":"GUANTES DE ENTRENAMIENTO SLOW-MADE"},"content":{"rendered":"<p>[spb_image image=&#8221;19162&#8243; image_size=&#8221;full&#8221; frame=&#8221;noframe&#8221; caption_pos=&#8221;hover&#8221; remove_rounded=&#8221;yes&#8221; fullwidth=&#8221;no&#8221; overflow_mode=&#8221;none&#8221; link_target=&#8221;_self&#8221; lightbox=&#8221;no&#8221; intro_animation=&#8221;none&#8221; animation_delay=&#8221;200&#8243; width=&#8221;1\/1&#8243; el_position=&#8221;first last&#8221;][\/spb_image] [spb_blank_spacer height=&#8221;30px&#8221; width=&#8221;1\/1&#8243; el_position=&#8221;first last&#8221;] [spb_image image=&#8221;53110&#8243; image_size=&#8221;full&#8221; frame=&#8221;noframe&#8221; caption_pos=&#8221;hover&#8221; remove_rounded=&#8221;yes&#8221; fullwidth=&#8221;no&#8221; overflow_mode=&#8221;none&#8221; link_target=&#8221;_self&#8221; lightbox=&#8221;no&#8221; intro_animation=&#8221;none&#8221; animation_delay=&#8221;200&#8243; width=&#8221;1\/1&#8243; el_position=&#8221;first last&#8221;][\/spb_image] [spb_blank_spacer height=&#8221;30px&#8221; width=&#8221;1\/1&#8243; el_position=&#8221;first last&#8221;] [spb_image image=&#8221;19897&#8243; image_size=&#8221;full&#8221; frame=&#8221;noframe&#8221; caption_pos=&#8221;hover&#8221; remove_rounded=&#8221;yes&#8221; fullwidth=&#8221;no&#8221; overflow_mode=&#8221;none&#8221; link_target=&#8221;_self&#8221; lightbox=&#8221;no&#8221; intro_animation=&#8221;none&#8221; animation_delay=&#8221;200&#8243; width=&#8221;1\/1&#8243; el_position=&#8221;first last&#8221;][\/spb_image]<\/p>\n","protected":false},"excerpt":{"rendered":"<h3 data-start=\"933\" data-end=\"986\"><strong data-start=\"937\" data-end=\"986\">DISE\u00d1ADOS PARA CARGAS PESADAS. NO PARA TODOS.<\/strong><\/h3>\n<p data-start=\"988\" data-end=\"1270\">Si buscas guantes de entrenamiento que realmente apoyen tu entrenamiento \u2014 y no solo tus manos \u2014 los guantes ZLC est\u00e1n hechos para levantamientos exigentes.<br data-start=\"1144\" data-end=\"1147\" \/>El cierre de mu\u00f1eca integrado aporta estabilidad cuando el peso aumenta y ayuda a proteger mu\u00f1ecas d\u00e9biles o sobrecargadas.<\/p>\n","protected":false},"featured_media":53125,"comment_status":"closed","ping_status":"closed","template":"","meta":[],"product_brand":[],"product_cat":[1029],"product_tag":[],"class_list":{"0":"post-53124","1":"product","2":"type-product","3":"status-publish","4":"has-post-thumbnail","6":"product_cat-sin-categorizar","8":"first","9":"instock","10":"featured","11":"sold-individually","12":"taxable","13":"shipping-taxable","14":"purchasable","15":"product-type-variable"},"yoast_head":"<!-- This site is optimized with the Yoast SEO Premium plugin v26.6 (Yoast SEO v27.5) - https:\/\/yoast.com\/product\/yoast-seo-premium-wordpress\/ -->\n<title>Guantes de Entrenamiento Slow-Made | No Producidos en Masa \u2013 ZLC<\/title>\n<meta name=\"description\" content=\"Hechos a mano en peque\u00f1os lotes. Pago justo. Sin producci\u00f3n en masa. Guantes de entrenamiento que no est\u00e1n hechos para ser baratos.\" \/>\n<meta name=\"robots\" content=\"index, follow, max-snippet:-1, max-image-preview:large, max-video-preview:-1\" \/>\n<link rel=\"canonical\" href=\"https:\/\/zlcopenhagen.com\/es\/producto\/guantes-entrenamiento-slow-made\/\" \/>\n<meta property=\"og:locale\" content=\"es_ES\" \/>\n<meta property=\"og:type\" content=\"article\" \/>\n<meta property=\"og:title\" content=\"GUANTES DE ENTRENAMIENTO SLOW-MADE\" \/>\n<meta property=\"og:description\" content=\"Hechos a mano en peque\u00f1os lotes. Pago justo. Sin producci\u00f3n en masa. Guantes de entrenamiento que no est\u00e1n hechos para ser baratos.\" \/>\n<meta property=\"og:url\" content=\"https:\/\/zlcopenhagen.com\/es\/producto\/guantes-entrenamiento-slow-made\/\" \/>\n<meta property=\"og:site_name\" content=\"zlcopenhagen.com\" \/>\n<meta property=\"article:modified_time\" content=\"2025-12-28T17:21:29+00:00\" \/>\n<meta property=\"og:image\" content=\"https:\/\/zlcopenhagen.com\/wp-content\/uploads\/2015\/01\/slow-made-weight-lifting-gloves-zlc-grip.webp\" \/>\n\t<meta property=\"og:image:width\" content=\"2048\" \/>\n\t<meta property=\"og:image:height\" content=\"2048\" \/>\n\t<meta property=\"og:image:type\" content=\"image\/webp\" \/>\n<meta name=\"twitter:card\" content=\"summary_large_image\" \/>\n<meta name=\"twitter:label1\" content=\"Disponibilidad\" \/>\n\t<meta name=\"twitter:data1\" content=\"Disponible\" \/>\n<meta property=\"og:availability\" content=\"instock\" \/>\n<meta property=\"product:availability\" content=\"instock\" \/>\n<meta property=\"product:retailer_item_id\" content=\"612444\" \/>\n<meta property=\"product:condition\" content=\"new\" \/>\n<!-- \/ Yoast SEO Premium plugin. -->","yoast_head_json":{"title":"Guantes de Entrenamiento Slow-Made | No Producidos en Masa \u2013 ZLC","description":"Hechos a mano en peque\u00f1os lotes. Pago justo. Sin producci\u00f3n en masa. Guantes de entrenamiento que no est\u00e1n hechos para ser baratos.","robots":{"index":"index","follow":"follow","max-snippet":"max-snippet:-1","max-image-preview":"max-image-preview:large","max-video-preview":"max-video-preview:-1"},"canonical":"https:\/\/zlcopenhagen.com\/es\/producto\/guantes-entrenamiento-slow-made\/","og_locale":"es_ES","og_type":"article","og_title":"GUANTES DE ENTRENAMIENTO SLOW-MADE","og_description":"Hechos a mano en peque\u00f1os lotes. Pago justo. Sin producci\u00f3n en masa. Guantes de entrenamiento que no est\u00e1n hechos para ser baratos.","og_url":"https:\/\/zlcopenhagen.com\/es\/producto\/guantes-entrenamiento-slow-made\/","og_site_name":"zlcopenhagen.com","article_modified_time":"2025-12-28T17:21:29+00:00","og_image":[{"width":2048,"height":2048,"url":"https:\/\/zlcopenhagen.com\/wp-content\/uploads\/2015\/01\/slow-made-weight-lifting-gloves-zlc-grip.webp","type":"image\/webp"}],"twitter_card":"summary_large_image","twitter_misc":{"Disponibilidad":"Disponible"},"schema":{"@context":"https:\/\/schema.org","@graph":[{"@type":"WebPage","@id":"https:\/\/zlcopenhagen.com\/es\/producto\/guantes-entrenamiento-slow-made\/","url":"https:\/\/zlcopenhagen.com\/es\/producto\/guantes-entrenamiento-slow-made\/","name":"Guantes de Entrenamiento Slow-Made | No Producidos en Masa \u2013 ZLC","isPartOf":{"@id":"https:\/\/zlcopenhagen.com\/#website"},"primaryImageOfPage":{"@id":"https:\/\/zlcopenhagen.com\/es\/producto\/guantes-entrenamiento-slow-made\/#primaryimage"},"image":{"@id":"https:\/\/zlcopenhagen.com\/es\/producto\/guantes-entrenamiento-slow-made\/#primaryimage"},"thumbnailUrl":"https:\/\/zlcopenhagen.com\/wp-content\/uploads\/2015\/01\/slow-made-weight-lifting-gloves-zlc-grip.webp","datePublished":"2015-01-01T16:00:44+00:00","dateModified":"2025-12-28T17:21:29+00:00","description":"Hechos a mano en peque\u00f1os lotes. Pago justo. Sin producci\u00f3n en masa. Guantes de entrenamiento que no est\u00e1n hechos para ser baratos.","breadcrumb":{"@id":"https:\/\/zlcopenhagen.com\/es\/producto\/guantes-entrenamiento-slow-made\/#breadcrumb"},"inLanguage":"es","potentialAction":[{"@type":"ReadAction","target":["https:\/\/zlcopenhagen.com\/es\/producto\/guantes-entrenamiento-slow-made\/"]}]},{"@type":"ImageObject","inLanguage":"es","@id":"https:\/\/zlcopenhagen.com\/es\/producto\/guantes-entrenamiento-slow-made\/#primaryimage","url":"https:\/\/zlcopenhagen.com\/wp-content\/uploads\/2015\/01\/slow-made-weight-lifting-gloves-zlc-grip.webp","contentUrl":"https:\/\/zlcopenhagen.com\/wp-content\/uploads\/2015\/01\/slow-made-weight-lifting-gloves-zlc-grip.webp","width":2048,"height":2048,"caption":"Man lifting dumbbell wearing slow-made ZLC weight lifting gloves with wrist support"},{"@type":"BreadcrumbList","@id":"https:\/\/zlcopenhagen.com\/es\/producto\/guantes-entrenamiento-slow-made\/#breadcrumb","itemListElement":[{"@type":"ListItem","position":1,"name":"Home","item":"https:\/\/zlcopenhagen.com\/es\/"},{"@type":"ListItem","position":2,"name":"Shop","item":"https:\/\/zlcopenhagen.com\/es\/shop\/"},{"@type":"ListItem","position":3,"name":"GUANTES DE ENTRENAMIENTO SLOW-MADE"}]},{"@type":"WebSite","@id":"https:\/\/zlcopenhagen.com\/#website","url":"https:\/\/zlcopenhagen.com\/","name":"zlcopenhagen.com","description":"","publisher":{"@id":"https:\/\/zlcopenhagen.com\/#organization"},"potentialAction":[{"@type":"SearchAction","target":{"@type":"EntryPoint","urlTemplate":"https:\/\/zlcopenhagen.com\/?s={search_term_string}"},"query-input":{"@type":"PropertyValueSpecification","valueRequired":true,"valueName":"search_term_string"}}],"inLanguage":"es"},{"@type":["Organization","Place"],"@id":"https:\/\/zlcopenhagen.com\/#organization","name":"ZLCOPENHAGEN","alternateName":"ZLCOPENHAGEN","url":"https:\/\/zlcopenhagen.com\/","logo":{"@id":"https:\/\/zlcopenhagen.com\/es\/producto\/guantes-entrenamiento-slow-made\/#local-main-organization-logo"},"image":{"@id":"https:\/\/zlcopenhagen.com\/es\/producto\/guantes-entrenamiento-slow-made\/#local-main-organization-logo"},"sameAs":["https:\/\/www.youtube.com\/channel\/UCy7JINwB6DMr2fA9yHpDQJg"],"telephone":[],"openingHoursSpecification":[{"@type":"OpeningHoursSpecification","dayOfWeek":["Monday","Tuesday","Wednesday","Thursday","Friday","Saturday","Sunday"],"opens":"09:00","closes":"17:00"}]},{"@type":"ImageObject","inLanguage":"es","@id":"https:\/\/zlcopenhagen.com\/es\/producto\/guantes-entrenamiento-slow-made\/#local-main-organization-logo","url":"https:\/\/zlcopenhagen.com\/wp-content\/uploads\/2016\/05\/blog-logo.jpg","contentUrl":"https:\/\/zlcopenhagen.com\/wp-content\/uploads\/2016\/05\/blog-logo.jpg","width":68,"height":68,"caption":"ZLCOPENHAGEN"}]},"og_availability":"instock","product_availability":"instock","product_retailer_item_id":"612444","product_condition":"new"},"_links":{"self":[{"href":"https:\/\/zlcopenhagen.com\/es\/wp-json\/wp\/v2\/product\/53124","targetHints":{"allow":["GET"]}}],"collection":[{"href":"https:\/\/zlcopenhagen.com\/es\/wp-json\/wp\/v2\/product"}],"about":[{"href":"https:\/\/zlcopenhagen.com\/es\/wp-json\/wp\/v2\/types\/product"}],"replies":[{"embeddable":true,"href":"https:\/\/zlcopenhagen.com\/es\/wp-json\/wp\/v2\/comments?post=53124"}],"wp:featuredmedia":[{"embeddable":true,"href":"https:\/\/zlcopenhagen.com\/es\/wp-json\/wp\/v2\/media\/53125"}],"wp:attachment":[{"href":"https:\/\/zlcopenhagen.com\/es\/wp-json\/wp\/v2\/media?parent=53124"}],"wp:term":[{"taxonomy":"product_brand","embeddable":true,"href":"https:\/\/zlcopenhagen.com\/es\/wp-json\/wp\/v2\/product_brand?post=53124"},{"taxonomy":"product_cat","embeddable":true,"href":"https:\/\/zlcopenhagen.com\/es\/wp-json\/wp\/v2\/product_cat?post=53124"},{"taxonomy":"product_tag","embeddable":true,"href":"https:\/\/zlcopenhagen.com\/es\/wp-json\/wp\/v2\/product_tag?post=53124"}],"curies":[{"name":"wp","href":"https:\/\/api.w.org\/{rel}","templated":true}]}}