{"id":51301,"date":"2024-01-16T14:17:57","date_gmt":"2024-01-16T13:17:57","guid":{"rendered":"https:\/\/zlcopenhagen.com\/?post_type=product&#038;p=51301"},"modified":"2025-11-11T18:42:24","modified_gmt":"2025-11-11T17:42:24","slug":"panuelo-palestino-keffiyeh-blanco-negro","status":"publish","type":"product","link":"https:\/\/zlcopenhagen.com\/es\/producto\/panuelo-palestino-keffiyeh-blanco-negro\/","title":{"rendered":"Pa\u00f1uelo Palestino \u2013 Keffiyeh en Blanco y Negro"},"content":{"rendered":"","protected":false},"excerpt":{"rendered":"<p>Trage <strong data-start=\"354\" data-end=\"381\">Pal\u00e4stina nah am Herzen<\/strong> mit diesem <strong data-start=\"393\" data-end=\"434\">authentischen schwarz-wei\u00dfen Keffiyeh<\/strong> \u2013 ein zeitloses <strong data-start=\"451\" data-end=\"499\">Symbol f\u00fcr St\u00e4rke, Freiheit und Zusammenhalt<\/strong>.<br data-start=\"500\" data-end=\"503\" \/>Handgewebt aus <strong data-start=\"518\" data-end=\"545\">100 % weicher Baumwolle<\/strong>, verbindet dieses <strong data-start=\"564\" data-end=\"589\">pal\u00e4stinensische Tuch<\/strong> Komfort mit Bedeutung.<br data-start=\"612\" data-end=\"615\" \/>Jeder Faden erz\u00e4hlt von <strong data-start=\"639\" data-end=\"671\">Hoffnung, Mut und Widerstand<\/strong>, ein St\u00fcck <strong data-start=\"683\" data-end=\"703\">kulturelles Erbe<\/strong> zum Tragen.<br data-start=\"715\" data-end=\"718\" \/>Leicht, atmungsaktiv und vielseitig \u2013 als <strong data-start=\"760\" data-end=\"808\">Schal, Kopftuch oder Zeichen der Solidarit\u00e4t<\/strong>.<br data-start=\"809\" data-end=\"812\" \/>Mehr als ein Accessoire.<br data-start=\"836\" data-end=\"839\" \/>Ein Statement.<\/p>\n","protected":false},"featured_media":32749,"comment_status":"closed","ping_status":"closed","template":"","meta":[],"product_brand":[],"product_cat":[663],"product_tag":[580,1306],"class_list":{"0":"post-51301","1":"product","2":"type-product","3":"status-publish","4":"has-post-thumbnail","6":"product_cat-bufandas-y-chales","7":"product_tag-bracelet-es","8":"product_tag-charity-es","10":"first","11":"instock","12":"taxable","13":"shipping-taxable","14":"purchasable","15":"product-type-simple"},"yoast_head":"<!-- This site is optimized with the Yoast SEO Premium plugin v26.6 (Yoast SEO v27.6) - https:\/\/yoast.com\/product\/yoast-seo-premium-wordpress\/ -->\n<title>Keffiyeh Palestino Blanco y Negro \u2013 Pa\u00f1uelo de Libertad y Esperanza<\/title>\n<meta name=\"description\" content=\"Descubre el aut\u00e9ntico pa\u00f1uelo palestino Keffiyeh, tejido a mano en 100 % algod\u00f3n.Un s\u00edmbolo eterno de fuerza, dignidad y solidaridad.\" \/>\n<meta name=\"robots\" content=\"index, follow, max-snippet:-1, max-image-preview:large, max-video-preview:-1\" \/>\n<link rel=\"canonical\" href=\"https:\/\/zlcopenhagen.com\/es\/producto\/panuelo-palestino-keffiyeh-blanco-negro\/\" \/>\n<meta property=\"og:locale\" content=\"es_ES\" \/>\n<meta property=\"og:type\" content=\"article\" \/>\n<meta property=\"og:title\" content=\"Pa\u00f1uelo Palestino \u2013 Keffiyeh en Blanco y Negro\" \/>\n<meta property=\"og:description\" content=\"Descubre el aut\u00e9ntico pa\u00f1uelo palestino Keffiyeh, tejido a mano en 100 % algod\u00f3n.Un s\u00edmbolo eterno de fuerza, dignidad y solidaridad.\" \/>\n<meta property=\"og:url\" content=\"https:\/\/zlcopenhagen.com\/es\/producto\/panuelo-palestino-keffiyeh-blanco-negro\/\" \/>\n<meta property=\"og:site_name\" content=\"zlcopenhagen.com\" \/>\n<meta property=\"article:modified_time\" content=\"2025-11-11T17:42:24+00:00\" \/>\n<meta property=\"og:image\" content=\"https:\/\/zlcopenhagen.com\/wp-content\/uploads\/2024\/01\/affordable-shemagh-keffiyeh-scarf-tactical-outdoor-wear.jpg\" \/>\n\t<meta property=\"og:image:width\" content=\"377\" \/>\n\t<meta property=\"og:image:height\" content=\"385\" \/>\n\t<meta property=\"og:image:type\" content=\"image\/jpeg\" \/>\n<meta name=\"twitter:card\" content=\"summary_large_image\" \/>\n<meta name=\"twitter:label1\" content=\"Precio\" \/>\n\t<meta name=\"twitter:data1\" content=\"&#036;&nbsp;35\" \/>\n\t<meta name=\"twitter:label2\" content=\"Disponibilidad\" \/>\n\t<meta name=\"twitter:data2\" content=\"Disponible\" \/>\n<meta property=\"product:price:amount\" content=\"35\" \/>\n<meta property=\"product:price:currency\" content=\"USD\" \/>\n<meta property=\"og:availability\" content=\"instock\" \/>\n<meta property=\"product:availability\" content=\"instock\" \/>\n<meta property=\"product:retailer_item_id\" content=\"chbl01-1\" \/>\n<meta property=\"product:condition\" content=\"new\" \/>\n<!-- \/ Yoast SEO Premium plugin. -->","yoast_head_json":{"title":"Keffiyeh Palestino Blanco y Negro \u2013 Pa\u00f1uelo de Libertad y Esperanza","description":"Descubre el aut\u00e9ntico pa\u00f1uelo palestino Keffiyeh, tejido a mano en 100 % algod\u00f3n.Un s\u00edmbolo eterno de fuerza, dignidad y solidaridad.","robots":{"index":"index","follow":"follow","max-snippet":"max-snippet:-1","max-image-preview":"max-image-preview:large","max-video-preview":"max-video-preview:-1"},"canonical":"https:\/\/zlcopenhagen.com\/es\/producto\/panuelo-palestino-keffiyeh-blanco-negro\/","og_locale":"es_ES","og_type":"article","og_title":"Pa\u00f1uelo Palestino \u2013 Keffiyeh en Blanco y Negro","og_description":"Descubre el aut\u00e9ntico pa\u00f1uelo palestino Keffiyeh, tejido a mano en 100 % algod\u00f3n.Un s\u00edmbolo eterno de fuerza, dignidad y solidaridad.","og_url":"https:\/\/zlcopenhagen.com\/es\/producto\/panuelo-palestino-keffiyeh-blanco-negro\/","og_site_name":"zlcopenhagen.com","article_modified_time":"2025-11-11T17:42:24+00:00","og_image":[{"width":377,"height":385,"url":"https:\/\/zlcopenhagen.com\/wp-content\/uploads\/2024\/01\/affordable-shemagh-keffiyeh-scarf-tactical-outdoor-wear.jpg","type":"image\/jpeg"}],"twitter_card":"summary_large_image","twitter_misc":{"Precio":"&#36;&nbsp;35","Disponibilidad":"Disponible"},"schema":{"@context":"https:\/\/schema.org","@graph":[{"@type":"WebPage","@id":"https:\/\/zlcopenhagen.com\/es\/producto\/panuelo-palestino-keffiyeh-blanco-negro\/","url":"https:\/\/zlcopenhagen.com\/es\/producto\/panuelo-palestino-keffiyeh-blanco-negro\/","name":"Keffiyeh Palestino Blanco y Negro \u2013 Pa\u00f1uelo de Libertad y Esperanza","isPartOf":{"@id":"https:\/\/zlcopenhagen.com\/#website"},"primaryImageOfPage":{"@id":"https:\/\/zlcopenhagen.com\/es\/producto\/panuelo-palestino-keffiyeh-blanco-negro\/#primaryimage"},"image":{"@id":"https:\/\/zlcopenhagen.com\/es\/producto\/panuelo-palestino-keffiyeh-blanco-negro\/#primaryimage"},"thumbnailUrl":"https:\/\/zlcopenhagen.com\/wp-content\/uploads\/2024\/01\/affordable-shemagh-keffiyeh-scarf-tactical-outdoor-wear.jpg","datePublished":"2024-01-16T13:17:57+00:00","dateModified":"2025-11-11T17:42:24+00:00","description":"Descubre el aut\u00e9ntico pa\u00f1uelo palestino Keffiyeh, tejido a mano en 100 % algod\u00f3n.Un s\u00edmbolo eterno de fuerza, dignidad y solidaridad.","breadcrumb":{"@id":"https:\/\/zlcopenhagen.com\/es\/producto\/panuelo-palestino-keffiyeh-blanco-negro\/#breadcrumb"},"inLanguage":"es","potentialAction":[{"@type":"ReadAction","target":["https:\/\/zlcopenhagen.com\/es\/producto\/panuelo-palestino-keffiyeh-blanco-negro\/"]}]},{"@type":"ImageObject","inLanguage":"es","@id":"https:\/\/zlcopenhagen.com\/es\/producto\/panuelo-palestino-keffiyeh-blanco-negro\/#primaryimage","url":"https:\/\/zlcopenhagen.com\/wp-content\/uploads\/2024\/01\/affordable-shemagh-keffiyeh-scarf-tactical-outdoor-wear.jpg","contentUrl":"https:\/\/zlcopenhagen.com\/wp-content\/uploads\/2024\/01\/affordable-shemagh-keffiyeh-scarf-tactical-outdoor-wear.jpg","width":377,"height":385,"caption":"Black and white cotton shemagh keffiyeh scarf for tactical and outdoor use."},{"@type":"BreadcrumbList","@id":"https:\/\/zlcopenhagen.com\/es\/producto\/panuelo-palestino-keffiyeh-blanco-negro\/#breadcrumb","itemListElement":[{"@type":"ListItem","position":1,"name":"Home","item":"https:\/\/zlcopenhagen.com\/es\/"},{"@type":"ListItem","position":2,"name":"Shop","item":"https:\/\/zlcopenhagen.com\/es\/shop\/"},{"@type":"ListItem","position":3,"name":"Pa\u00f1uelo Palestino \u2013 Keffiyeh en Blanco y Negro"}]},{"@type":"WebSite","@id":"https:\/\/zlcopenhagen.com\/#website","url":"https:\/\/zlcopenhagen.com\/","name":"zlcopenhagen.com","description":"","publisher":{"@id":"https:\/\/zlcopenhagen.com\/#organization"},"potentialAction":[{"@type":"SearchAction","target":{"@type":"EntryPoint","urlTemplate":"https:\/\/zlcopenhagen.com\/?s={search_term_string}"},"query-input":{"@type":"PropertyValueSpecification","valueRequired":true,"valueName":"search_term_string"}}],"inLanguage":"es"},{"@type":["Organization","Place"],"@id":"https:\/\/zlcopenhagen.com\/#organization","name":"ZLCOPENHAGEN","alternateName":"ZLCOPENHAGEN","url":"https:\/\/zlcopenhagen.com\/","logo":{"@id":"https:\/\/zlcopenhagen.com\/es\/producto\/panuelo-palestino-keffiyeh-blanco-negro\/#local-main-organization-logo"},"image":{"@id":"https:\/\/zlcopenhagen.com\/es\/producto\/panuelo-palestino-keffiyeh-blanco-negro\/#local-main-organization-logo"},"sameAs":["https:\/\/www.youtube.com\/channel\/UCy7JINwB6DMr2fA9yHpDQJg"],"telephone":[],"openingHoursSpecification":[{"@type":"OpeningHoursSpecification","dayOfWeek":["Monday","Tuesday","Wednesday","Thursday","Friday","Saturday","Sunday"],"opens":"09:00","closes":"17:00"}]},{"@type":"ImageObject","inLanguage":"es","@id":"https:\/\/zlcopenhagen.com\/es\/producto\/panuelo-palestino-keffiyeh-blanco-negro\/#local-main-organization-logo","url":"https:\/\/zlcopenhagen.com\/wp-content\/uploads\/2016\/05\/blog-logo.jpg","contentUrl":"https:\/\/zlcopenhagen.com\/wp-content\/uploads\/2016\/05\/blog-logo.jpg","width":68,"height":68,"caption":"ZLCOPENHAGEN"}]},"product_price_amount":"35","product_price_currency":"USD","og_availability":"instock","product_availability":"instock","product_retailer_item_id":"chbl01-1","product_condition":"new"},"_links":{"self":[{"href":"https:\/\/zlcopenhagen.com\/es\/wp-json\/wp\/v2\/product\/51301","targetHints":{"allow":["GET"]}}],"collection":[{"href":"https:\/\/zlcopenhagen.com\/es\/wp-json\/wp\/v2\/product"}],"about":[{"href":"https:\/\/zlcopenhagen.com\/es\/wp-json\/wp\/v2\/types\/product"}],"replies":[{"embeddable":true,"href":"https:\/\/zlcopenhagen.com\/es\/wp-json\/wp\/v2\/comments?post=51301"}],"wp:featuredmedia":[{"embeddable":true,"href":"https:\/\/zlcopenhagen.com\/es\/wp-json\/wp\/v2\/media\/32749"}],"wp:attachment":[{"href":"https:\/\/zlcopenhagen.com\/es\/wp-json\/wp\/v2\/media?parent=51301"}],"wp:term":[{"taxonomy":"product_brand","embeddable":true,"href":"https:\/\/zlcopenhagen.com\/es\/wp-json\/wp\/v2\/product_brand?post=51301"},{"taxonomy":"product_cat","embeddable":true,"href":"https:\/\/zlcopenhagen.com\/es\/wp-json\/wp\/v2\/product_cat?post=51301"},{"taxonomy":"product_tag","embeddable":true,"href":"https:\/\/zlcopenhagen.com\/es\/wp-json\/wp\/v2\/product_tag?post=51301"}],"curies":[{"name":"wp","href":"https:\/\/api.w.org\/{rel}","templated":true}]}}