{"id":29539,"date":"2017-07-27T22:22:30","date_gmt":"2017-07-27T21:22:30","guid":{"rendered":"https:\/\/zlcopenhagen.com\/?post_type=product&#038;p=29539"},"modified":"2025-12-12T04:54:23","modified_gmt":"2025-12-12T03:54:23","slug":"pulsera-cubana-pesada-acero-inoxidable-30mm","status":"publish","type":"product","link":"https:\/\/zlcopenhagen.com\/es\/producto\/pulsera-cubana-pesada-acero-inoxidable-30mm\/","title":{"rendered":"PULSERA CUBANA PESADA DE ACERO INOXIDABLE 30 MM"},"content":{"rendered":"<p>[spb_tabs tabs_type=&#8221;standard&#8221; center_tabs=&#8221;no&#8221; width=&#8221;1\/1&#8243; el_position=&#8221;first last&#8221;] [spb_tab title=&#8221;Products Details&#8221; icon=&#8221;&#8221; id=&#8221;ProductsDetails&#8221;] [spb_text_block animation=&#8221;none&#8221; animation_delay=&#8221;0&#8243; simplified_controls=&#8221;yes&#8221; custom_css_percentage=&#8221;no&#8221; padding_vertical=&#8221;0&#8243; padding_horizontal=&#8221;0&#8243; margin_vertical=&#8221;0&#8243; custom_css=&#8221;margin-top: 0px;margin-bottom: 0px;&#8221; border_size=&#8221;0&#8243; border_styling_global=&#8221;default&#8221; width=&#8221;1\/2&#8243; el_position=&#8221;first&#8221;]<\/p>\n<h3>HEAVY 30MM WIDE CUBAN CURB STAINLESS STEEL BRACELET<\/h3>\n<p>Heavy 30mm wide cuban curb stainless steel bracelet is highly polished with solid stainless steel, crafted with solid stainless steel <a href=\"https:\/\/www.corrosionpedia.com\/definition\/6499\/316l-stainless-steel\" target=\"_blank\" rel=\"noopener\">grade 316L<\/a>. See also our entire jewelry collection<a href=\"https:\/\/zlcopenhagen.com\/product-category\/handmade-jewelry\/\" target=\"_blank\" rel=\"noopener\"> here<\/a>.<\/p>\n<p>This handsome curb chain features an interlaced bold curb link construction. Wide 30mm and heavy, about 300 gram and 21cm or 23cm long bracelet. Highly polished surface. Comes with a gift box with ZLC signature.<\/p>\n<p>These unique bracelets are perfect for charms and a look that is timeless and simply beautiful.<\/p>\n<p>[\/spb_text_block] [spb_image image=&#8221;21613&#8243; image_size=&#8221;full&#8221; frame=&#8221;noframe&#8221; caption_pos=&#8221;hover&#8221; remove_rounded=&#8221;yes&#8221; fullwidth=&#8221;no&#8221; overflow_mode=&#8221;none&#8221; link_target=&#8221;_self&#8221; lightbox=&#8221;no&#8221; intro_animation=&#8221;none&#8221; animation_delay=&#8221;200&#8243; width=&#8221;1\/2&#8243; el_position=&#8221;last&#8221;]<\/p>\n<h2 style=\"text-align: center;\">ENHANCE YOUR BEAUTY<\/h2>\n<p>[\/spb_image] [\/spb_tab] [spb_tab title=&#8221; Material&#8221; icon=&#8221;&#8221; id=&#8221;Material&#8221;] [\/spb_tab] [spb_tab title=&#8221;Size &amp; Fit&#8221; icon=&#8221;&#8221; id=&#8221;SizeFit&#8221;] [spb_text_block animation=&#8221;none&#8221; animation_delay=&#8221;0&#8243; simplified_controls=&#8221;yes&#8221; custom_css_percentage=&#8221;no&#8221; padding_vertical=&#8221;0&#8243; padding_horizontal=&#8221;0&#8243; margin_vertical=&#8221;0&#8243; border_size=&#8221;0&#8243; border_styling_global=&#8221;default&#8221; width=&#8221;1\/1&#8243; el_position=&#8221;first last&#8221;]<\/p>\n<ul>\n<li>Available in 2 sizes: <span class=\"s1\">21 cm, 23 cm<\/span><\/li>\n<li>Please also visit <a href=\"https:\/\/zlcopenhagen.com\/size-and-fit\/\" target=\"_blank\" rel=\"noopener noreferrer\">Size guide<\/a><\/li>\n<li><span class=\"s1\">Weight: 300g<\/span><\/li>\n<\/ul>\n<p>To get the perfect fit, measure your wrist at the wrist bone utilizing a standard (soft) measuring tape. If you do not have a soft measuring tape, wrap a ribbon around the wrist at the wrist bone, mark the spot where the ends meet, then lay the ribbon against a yardstick or ruler to determine approximate wrist size.<\/p>\n<p>&nbsp;<\/p>\n<p>[\/spb_text_block] [\/spb_tab] [\/spb_tabs]<\/p>\n","protected":false},"excerpt":{"rendered":"<ul>\n<li>Disponible en 2 tama\u00f1os: <span class=\"s1\">21 cm y 23 cm<\/span><\/li>\n<li>Consulta tambi\u00e9n nuestra <a href=\"https:\/\/zlcopenhagen.com\/size-and-fit\/\" target=\"_blank\" rel=\"noopener noreferrer\">Gu\u00eda de tallas<\/a><\/li>\n<li><span class=\"s1\">Peso: 300 g<\/span><\/li>\n<\/ul>\n<p>Para obtener el ajuste ideal, mide tu mu\u00f1eca justo sobre el hueso utilizando una cinta m\u00e9trica flexible.<br data-start=\"614\" data-end=\"617\" \/>Si no tienes una, puedes usar una cinta o un lazo: envu\u00e9lvelo alrededor de la mu\u00f1eca, marca el punto donde se unen los extremos y col\u00f3calo luego sobre una regla para conocer tu medida aproximada.<\/p>\n","protected":false},"featured_media":23989,"comment_status":"closed","ping_status":"closed","template":"","meta":[],"product_brand":[],"product_cat":[660,655],"product_tag":[580,1307,1116],"class_list":{"0":"post-29539","1":"product","2":"type-product","3":"status-publish","4":"has-post-thumbnail","6":"product_cat-acero-inoxidable","7":"product_cat-joyeria","8":"product_tag-bracelet-es","9":"product_tag-curban-curb-es","10":"product_tag-jewelry-es","12":"first","13":"instock","14":"taxable","15":"shipping-taxable","16":"purchasable","17":"product-type-variable","18":"has-default-attributes"},"yoast_head":"<!-- This site is optimized with the Yoast SEO Premium plugin v26.6 (Yoast SEO v27.4) - https:\/\/yoast.com\/product\/yoast-seo-premium-wordpress\/ -->\n<title>joyas ZLCOPENHAGEN son de acero inoxidable 316L<\/title>\n<meta name=\"description\" content=\"Todas nuestras joyas ZLCOPENHAGEN son de acero inoxidable 316L, que es uno de los grados m\u00e1s altos de acero inoxidable\" \/>\n<meta name=\"robots\" content=\"index, follow, max-snippet:-1, max-image-preview:large, max-video-preview:-1\" \/>\n<link rel=\"canonical\" href=\"https:\/\/zlcopenhagen.com\/es\/producto\/pulsera-cubana-pesada-acero-inoxidable-30mm\/\" \/>\n<meta property=\"og:locale\" content=\"es_ES\" \/>\n<meta property=\"og:type\" content=\"article\" \/>\n<meta property=\"og:title\" content=\"PULSERA CUBANA PESADA DE ACERO INOXIDABLE 30 MM\" \/>\n<meta property=\"og:description\" content=\"Todas nuestras joyas ZLCOPENHAGEN son de acero inoxidable 316L, que es uno de los grados m\u00e1s altos de acero inoxidable\" \/>\n<meta property=\"og:url\" content=\"https:\/\/zlcopenhagen.com\/es\/producto\/pulsera-cubana-pesada-acero-inoxidable-30mm\/\" \/>\n<meta property=\"og:site_name\" content=\"zlcopenhagen.com\" \/>\n<meta property=\"article:modified_time\" content=\"2025-12-12T03:54:23+00:00\" \/>\n<meta property=\"og:image\" content=\"https:\/\/zlcopenhagen.com\/wp-content\/uploads\/2017\/07\/zlc-bold-chain.jpg\" \/>\n\t<meta property=\"og:image:width\" content=\"1000\" \/>\n\t<meta property=\"og:image:height\" content=\"1000\" \/>\n\t<meta property=\"og:image:type\" content=\"image\/jpeg\" \/>\n<meta name=\"twitter:card\" content=\"summary_large_image\" \/>\n<meta name=\"twitter:label1\" content=\"Disponibilidad\" \/>\n\t<meta name=\"twitter:data1\" content=\"Disponible\" \/>\n<meta property=\"og:availability\" content=\"instock\" \/>\n<meta property=\"product:availability\" content=\"instock\" \/>\n<meta property=\"product:retailer_item_id\" content=\"JESSRG02-1\" \/>\n<meta property=\"product:condition\" content=\"new\" \/>\n<!-- \/ Yoast SEO Premium plugin. -->","yoast_head_json":{"title":"joyas ZLCOPENHAGEN son de acero inoxidable 316L","description":"Todas nuestras joyas ZLCOPENHAGEN son de acero inoxidable 316L, que es uno de los grados m\u00e1s altos de acero inoxidable","robots":{"index":"index","follow":"follow","max-snippet":"max-snippet:-1","max-image-preview":"max-image-preview:large","max-video-preview":"max-video-preview:-1"},"canonical":"https:\/\/zlcopenhagen.com\/es\/producto\/pulsera-cubana-pesada-acero-inoxidable-30mm\/","og_locale":"es_ES","og_type":"article","og_title":"PULSERA CUBANA PESADA DE ACERO INOXIDABLE 30 MM","og_description":"Todas nuestras joyas ZLCOPENHAGEN son de acero inoxidable 316L, que es uno de los grados m\u00e1s altos de acero inoxidable","og_url":"https:\/\/zlcopenhagen.com\/es\/producto\/pulsera-cubana-pesada-acero-inoxidable-30mm\/","og_site_name":"zlcopenhagen.com","article_modified_time":"2025-12-12T03:54:23+00:00","og_image":[{"width":1000,"height":1000,"url":"https:\/\/zlcopenhagen.com\/wp-content\/uploads\/2017\/07\/zlc-bold-chain.jpg","type":"image\/jpeg"}],"twitter_card":"summary_large_image","twitter_misc":{"Disponibilidad":"Disponible"},"schema":{"@context":"https:\/\/schema.org","@graph":[{"@type":"WebPage","@id":"https:\/\/zlcopenhagen.com\/es\/producto\/pulsera-cubana-pesada-acero-inoxidable-30mm\/","url":"https:\/\/zlcopenhagen.com\/es\/producto\/pulsera-cubana-pesada-acero-inoxidable-30mm\/","name":"joyas ZLCOPENHAGEN son de acero inoxidable 316L","isPartOf":{"@id":"https:\/\/zlcopenhagen.com\/#website"},"primaryImageOfPage":{"@id":"https:\/\/zlcopenhagen.com\/es\/producto\/pulsera-cubana-pesada-acero-inoxidable-30mm\/#primaryimage"},"image":{"@id":"https:\/\/zlcopenhagen.com\/es\/producto\/pulsera-cubana-pesada-acero-inoxidable-30mm\/#primaryimage"},"thumbnailUrl":"https:\/\/zlcopenhagen.com\/wp-content\/uploads\/2017\/07\/zlc-bold-chain.jpg","datePublished":"2017-07-27T21:22:30+00:00","dateModified":"2025-12-12T03:54:23+00:00","description":"Todas nuestras joyas ZLCOPENHAGEN son de acero inoxidable 316L, que es uno de los grados m\u00e1s altos de acero inoxidable","breadcrumb":{"@id":"https:\/\/zlcopenhagen.com\/es\/producto\/pulsera-cubana-pesada-acero-inoxidable-30mm\/#breadcrumb"},"inLanguage":"es","potentialAction":[{"@type":"ReadAction","target":["https:\/\/zlcopenhagen.com\/es\/producto\/pulsera-cubana-pesada-acero-inoxidable-30mm\/"]}]},{"@type":"ImageObject","inLanguage":"es","@id":"https:\/\/zlcopenhagen.com\/es\/producto\/pulsera-cubana-pesada-acero-inoxidable-30mm\/#primaryimage","url":"https:\/\/zlcopenhagen.com\/wp-content\/uploads\/2017\/07\/zlc-bold-chain.jpg","contentUrl":"https:\/\/zlcopenhagen.com\/wp-content\/uploads\/2017\/07\/zlc-bold-chain.jpg","width":1000,"height":1000,"caption":"ZLC Bold Chain Bracelet"},{"@type":"BreadcrumbList","@id":"https:\/\/zlcopenhagen.com\/es\/producto\/pulsera-cubana-pesada-acero-inoxidable-30mm\/#breadcrumb","itemListElement":[{"@type":"ListItem","position":1,"name":"Home","item":"https:\/\/zlcopenhagen.com\/es\/"},{"@type":"ListItem","position":2,"name":"Shop","item":"https:\/\/zlcopenhagen.com\/es\/shop\/"},{"@type":"ListItem","position":3,"name":"PULSERA CUBANA PESADA DE ACERO INOXIDABLE 30 MM"}]},{"@type":"WebSite","@id":"https:\/\/zlcopenhagen.com\/#website","url":"https:\/\/zlcopenhagen.com\/","name":"zlcopenhagen.com","description":"","publisher":{"@id":"https:\/\/zlcopenhagen.com\/#organization"},"potentialAction":[{"@type":"SearchAction","target":{"@type":"EntryPoint","urlTemplate":"https:\/\/zlcopenhagen.com\/?s={search_term_string}"},"query-input":{"@type":"PropertyValueSpecification","valueRequired":true,"valueName":"search_term_string"}}],"inLanguage":"es"},{"@type":["Organization","Place"],"@id":"https:\/\/zlcopenhagen.com\/#organization","name":"ZLCOPENHAGEN","alternateName":"ZLCOPENHAGEN","url":"https:\/\/zlcopenhagen.com\/","logo":{"@id":"https:\/\/zlcopenhagen.com\/es\/producto\/pulsera-cubana-pesada-acero-inoxidable-30mm\/#local-main-organization-logo"},"image":{"@id":"https:\/\/zlcopenhagen.com\/es\/producto\/pulsera-cubana-pesada-acero-inoxidable-30mm\/#local-main-organization-logo"},"sameAs":["https:\/\/www.youtube.com\/channel\/UCy7JINwB6DMr2fA9yHpDQJg"],"telephone":[],"openingHoursSpecification":[{"@type":"OpeningHoursSpecification","dayOfWeek":["Monday","Tuesday","Wednesday","Thursday","Friday","Saturday","Sunday"],"opens":"09:00","closes":"17:00"}]},{"@type":"ImageObject","inLanguage":"es","@id":"https:\/\/zlcopenhagen.com\/es\/producto\/pulsera-cubana-pesada-acero-inoxidable-30mm\/#local-main-organization-logo","url":"https:\/\/zlcopenhagen.com\/wp-content\/uploads\/2016\/05\/blog-logo.jpg","contentUrl":"https:\/\/zlcopenhagen.com\/wp-content\/uploads\/2016\/05\/blog-logo.jpg","width":68,"height":68,"caption":"ZLCOPENHAGEN"}]},"og_availability":"instock","product_availability":"instock","product_retailer_item_id":"JESSRG02-1","product_condition":"new"},"_links":{"self":[{"href":"https:\/\/zlcopenhagen.com\/es\/wp-json\/wp\/v2\/product\/29539","targetHints":{"allow":["GET"]}}],"collection":[{"href":"https:\/\/zlcopenhagen.com\/es\/wp-json\/wp\/v2\/product"}],"about":[{"href":"https:\/\/zlcopenhagen.com\/es\/wp-json\/wp\/v2\/types\/product"}],"replies":[{"embeddable":true,"href":"https:\/\/zlcopenhagen.com\/es\/wp-json\/wp\/v2\/comments?post=29539"}],"wp:featuredmedia":[{"embeddable":true,"href":"https:\/\/zlcopenhagen.com\/es\/wp-json\/wp\/v2\/media\/23989"}],"wp:attachment":[{"href":"https:\/\/zlcopenhagen.com\/es\/wp-json\/wp\/v2\/media?parent=29539"}],"wp:term":[{"taxonomy":"product_brand","embeddable":true,"href":"https:\/\/zlcopenhagen.com\/es\/wp-json\/wp\/v2\/product_brand?post=29539"},{"taxonomy":"product_cat","embeddable":true,"href":"https:\/\/zlcopenhagen.com\/es\/wp-json\/wp\/v2\/product_cat?post=29539"},{"taxonomy":"product_tag","embeddable":true,"href":"https:\/\/zlcopenhagen.com\/es\/wp-json\/wp\/v2\/product_tag?post=29539"}],"curies":[{"name":"wp","href":"https:\/\/api.w.org\/{rel}","templated":true}]}}