{"id":28141,"date":"2025-01-05T21:44:55","date_gmt":"2025-01-05T20:44:55","guid":{"rendered":"https:\/\/zlcopenhagen.com\/?post_type=product&#038;p=28141"},"modified":"2026-01-06T04:30:29","modified_gmt":"2026-01-06T03:30:29","slug":"crema-depilatoria-intima","status":"publish","type":"product","link":"https:\/\/zlcopenhagen.com\/es\/producto\/crema-depilatoria-intima\/","title":{"rendered":"CREMA DEPILATORIA \u00cdNTIMA PARA HOMBRES"},"content":{"rendered":"<p>[spb_image image=&#8221;27886&#8243; image_size=&#8221;full&#8221; frame=&#8221;noframe&#8221; caption_pos=&#8221;hover&#8221; remove_rounded=&#8221;yes&#8221; fullwidth=&#8221;no&#8221; overflow_mode=&#8221;none&#8221; link_target=&#8221;_self&#8221; lightbox=&#8221;no&#8221; intro_animation=&#8221;none&#8221; animation_delay=&#8221;200&#8243; width=&#8221;1\/2&#8243; el_position=&#8221;first&#8221;][\/spb_image] [spb_image image=&#8221;28128&#8243; image_size=&#8221;full&#8221; frame=&#8221;noframe&#8221; caption_pos=&#8221;hover&#8221; remove_rounded=&#8221;yes&#8221; fullwidth=&#8221;no&#8221; overflow_mode=&#8221;none&#8221; link_target=&#8221;_self&#8221; lightbox=&#8221;no&#8221; intro_animation=&#8221;none&#8221; animation_delay=&#8221;200&#8243; width=&#8221;1\/2&#8243; el_position=&#8221;last&#8221;][\/spb_image] [spb_blank_spacer height=&#8221;30px&#8221; width=&#8221;1\/1&#8243; el_position=&#8221;first last&#8221;] [spb_image image=&#8221;27238&#8243; image_size=&#8221;full&#8221; frame=&#8221;noframe&#8221; caption_pos=&#8221;hover&#8221; remove_rounded=&#8221;yes&#8221; fullwidth=&#8221;no&#8221; overflow_mode=&#8221;none&#8221; link_target=&#8221;_self&#8221; lightbox=&#8221;no&#8221; intro_animation=&#8221;none&#8221; animation_delay=&#8221;200&#8243; width=&#8221;1\/1&#8243; el_position=&#8221;first last&#8221;][\/spb_image] [spb_blank_spacer height=&#8221;30px&#8221; width=&#8221;1\/1&#8243; el_position=&#8221;first last&#8221;] [spb_text_block animation=&#8221;none&#8221; animation_delay=&#8221;0&#8243; simplified_controls=&#8221;yes&#8221; custom_css_percentage=&#8221;no&#8221; padding_vertical=&#8221;0&#8243; padding_horizontal=&#8221;0&#8243; margin_vertical=&#8221;0&#8243; custom_css=&#8221;margin-top: 0px;margin-bottom: 0px;&#8221; border_size=&#8221;0&#8243; border_styling_global=&#8221;default&#8221; width=&#8221;1\/1&#8243; el_position=&#8221;first last&#8221;]<\/p>\n<h2 data-start=\"148\" data-end=\"181\">PREGUNTAS FRECUENTES (FAQ)<\/h2>\n<h3 data-start=\"183\" data-end=\"246\">\u00bfEs segura la crema depilatoria para las zonas \u00edntimas?<\/h3>\n<p data-start=\"247\" data-end=\"412\">S\u00ed, siempre que se utilice correctamente y siguiendo las instrucciones.<br data-start=\"318\" data-end=\"321\" \/>Esta crema depilatoria \u00edntima est\u00e1 formulada para piel sensible y zonas \u00edntimas masculinas.<\/p>\n<hr data-start=\"414\" data-end=\"417\" \/>\n<h3 data-start=\"419\" data-end=\"482\"><strong data-start=\"423\" data-end=\"482\">\u00bfSe puede usar la crema depilatoria en la zona genital?<\/strong><\/h3>\n<p data-start=\"483\" data-end=\"637\">S\u00ed, el producto es apto para zonas \u00edntimas como la ingle, los test\u00edculos y los gl\u00fateos.<br data-start=\"570\" data-end=\"573\" \/>No debe utilizarse en el rostro ni sobre piel irritada o da\u00f1ada.<\/p>\n<hr data-start=\"639\" data-end=\"642\" \/>\n<h3 data-start=\"644\" data-end=\"706\"><strong data-start=\"648\" data-end=\"706\">\u00bfEs normal sentir una ligera sensaci\u00f3n durante el uso?<\/strong><\/h3>\n<p data-start=\"707\" data-end=\"861\">Es normal experimentar una leve sensaci\u00f3n mientras act\u00faa la crema.<br data-start=\"773\" data-end=\"776\" \/>Si se produce irritaci\u00f3n, debe retirarse inmediatamente y aclarar con abundante agua.<\/p>\n<hr data-start=\"863\" data-end=\"866\" \/>\n<h3 data-start=\"868\" data-end=\"930\"><strong data-start=\"872\" data-end=\"930\">\u00bfCu\u00e1nto tiempo debo dejar actuar la crema depilatoria?<\/strong><\/h3>\n<p data-start=\"931\" data-end=\"1078\">Se recomienda dejar actuar la crema durante 3 minutos y comprobar una peque\u00f1a zona.<br data-start=\"1014\" data-end=\"1017\" \/>El tiempo m\u00e1ximo de aplicaci\u00f3n no debe superar los 6 minutos.<\/p>\n<hr data-start=\"1080\" data-end=\"1083\" \/>\n<h3 data-start=\"1085\" data-end=\"1147\"><strong data-start=\"1089\" data-end=\"1147\">\u00bfLa depilaci\u00f3n \u00edntima influye en c\u00f3mo se ve el cuerpo?<\/strong><\/h3>\n<p data-start=\"1148\" data-end=\"1310\">Muchos hombres sienten que una piel cuidada y limpia aporta mayor comodidad y confianza.<br data-start=\"1236\" data-end=\"1239\" \/>No se trata de cambiar el cuerpo, sino de sentirse mejor con uno mismo.<\/p>\n<hr data-start=\"1312\" data-end=\"1315\" \/>\n<h3 data-start=\"1317\" data-end=\"1372\"><strong data-start=\"1321\" data-end=\"1372\">\u00bfEs normal que se note el bulto en el pantal\u00f3n?<\/strong><\/h3>\n<p data-start=\"1373\" data-end=\"1490\">S\u00ed, es completamente normal. Cada cuerpo es diferente.<br data-start=\"1427\" data-end=\"1430\" \/>Lo m\u00e1s importante es sentirse c\u00f3modo y seguro con uno mismo.<\/p>\n<hr data-start=\"1492\" data-end=\"1495\" \/>\n<h3 data-start=\"1497\" data-end=\"1555\"><strong data-start=\"1501\" data-end=\"1555\">\u00bfLa crema depilatoria \u00edntima es solo para hombres?<\/strong><\/h3>\n<p data-start=\"1556\" data-end=\"1636\">S\u00ed, esta f\u00f3rmula est\u00e1 dise\u00f1ada espec\u00edficamente para el cuidado \u00edntimo masculino.<\/p>\n<hr data-start=\"1638\" data-end=\"1641\" \/>\n<h3 data-start=\"1643\" data-end=\"1678\"><strong data-start=\"1647\" data-end=\"1678\">\u00bfC\u00f3mo se env\u00eda el producto?<\/strong><\/h3>\n<p data-start=\"1679\" data-end=\"1847\">El producto se env\u00eda directamente desde nuestro socio de almac\u00e9n remoto.<br data-start=\"1751\" data-end=\"1754\" \/>Esto puede implicar un tiempo de entrega ligeramente mayor, pero garantiza un env\u00edo discreto.<\/p>\n<p>[\/spb_text_block]<\/p>\n","protected":false},"excerpt":{"rendered":"<h3 data-start=\"93\" data-end=\"137\">CREMA DEPILATORIA \u00cdNTIMA PARA HOMBRES<\/h3>\n<p data-start=\"139\" data-end=\"224\">Limpio. Suave. Seguro de ti mismo.<br data-start=\"173\" data-end=\"176\" \/>El cuidado \u00edntimo no es un secreto\u2026 <strong data-start=\"212\" data-end=\"223\">se nota<\/strong>.<\/p>\n<p data-start=\"226\" data-end=\"402\">Esta <strong data-start=\"231\" data-end=\"259\">crema depilatoria \u00edntima<\/strong> elimina el vello de las zonas \u00edntimas con suavidad y deja una sensaci\u00f3n de frescura y comodidad que dura. Menos pelo, m\u00e1s piel, m\u00e1s confianza.<\/p>\n<p data-start=\"404\" data-end=\"527\">Para hombres que saben que sentirse bien por dentro cambia c\u00f3mo se ve todo por fuera.<br data-start=\"489\" data-end=\"492\" \/>Sin cortes, sin picor, sin excusas.<\/p>\n<p data-start=\"529\" data-end=\"643\">Discreta, f\u00e1cil de usar y pensada para la piel sensible masculina.<br data-start=\"595\" data-end=\"598\" \/>Porque cuando te sientes c\u00f3modo, <strong data-start=\"631\" data-end=\"642\">se nota<\/strong>.<\/p>\n<p data-start=\"645\" data-end=\"721\">Env\u00edo directo desde nuestro socio de almac\u00e9n remoto, siempre con discreci\u00f3n.<\/p>\n","protected":false},"featured_media":28145,"comment_status":"closed","ping_status":"closed","template":"","meta":[],"product_brand":[],"product_cat":[1851],"product_tag":[630],"class_list":{"0":"post-28141","1":"product","2":"type-product","3":"status-publish","4":"has-post-thumbnail","6":"product_cat-wellness-spa-es","7":"product_tag-fitness-es","9":"first","10":"instock","11":"featured","12":"taxable","13":"shipping-taxable","14":"purchasable","15":"product-type-simple"},"yoast_head":"<!-- This site is optimized with the Yoast SEO Premium plugin v26.6 (Yoast SEO v27.5) - https:\/\/yoast.com\/product\/yoast-seo-premium-wordpress\/ -->\n<title>Crema depilatoria \u00edntima para hombres | Suave y segura<\/title>\n<meta name=\"description\" content=\"ICrema depilatoria \u00edntima dise\u00f1ada para hombres. Ideal para zonas \u00edntimas sensibles, suave con la piel y f\u00e1cil de usar.\" \/>\n<meta name=\"robots\" content=\"index, follow, max-snippet:-1, max-image-preview:large, max-video-preview:-1\" \/>\n<link rel=\"canonical\" href=\"https:\/\/zlcopenhagen.com\/es\/producto\/crema-depilatoria-intima\/\" \/>\n<meta property=\"og:locale\" content=\"es_ES\" \/>\n<meta property=\"og:type\" content=\"article\" \/>\n<meta property=\"og:title\" content=\"CREMA DEPILATORIA \u00cdNTIMA PARA HOMBRES\" \/>\n<meta property=\"og:description\" content=\"ICrema depilatoria \u00edntima dise\u00f1ada para hombres. Ideal para zonas \u00edntimas sensibles, suave con la piel y f\u00e1cil de usar.\" \/>\n<meta property=\"og:url\" content=\"https:\/\/zlcopenhagen.com\/es\/producto\/crema-depilatoria-intima\/\" \/>\n<meta property=\"og:site_name\" content=\"zlcopenhagen.com\" \/>\n<meta property=\"article:modified_time\" content=\"2026-01-06T03:30:29+00:00\" \/>\n<meta property=\"og:image\" content=\"https:\/\/zlcopenhagen.com\/wp-content\/uploads\/2021\/01\/100MLGroup.jpg\" \/>\n\t<meta property=\"og:image:width\" content=\"2000\" \/>\n\t<meta property=\"og:image:height\" content=\"2000\" \/>\n\t<meta property=\"og:image:type\" content=\"image\/jpeg\" \/>\n<meta name=\"twitter:card\" content=\"summary_large_image\" \/>\n<meta name=\"twitter:label1\" content=\"Precio\" \/>\n\t<meta name=\"twitter:data1\" content=\"&#036;&nbsp;17\" \/>\n\t<meta name=\"twitter:label2\" content=\"Disponibilidad\" \/>\n\t<meta name=\"twitter:data2\" content=\"Disponible\" \/>\n<meta property=\"product:price:amount\" content=\"17\" \/>\n<meta property=\"product:price:currency\" content=\"USD\" \/>\n<meta property=\"og:availability\" content=\"instock\" \/>\n<meta property=\"product:availability\" content=\"instock\" \/>\n<meta property=\"product:retailer_item_id\" content=\"IHCM-100\" \/>\n<meta property=\"product:condition\" content=\"new\" \/>\n<!-- \/ Yoast SEO Premium plugin. -->","yoast_head_json":{"title":"Crema depilatoria \u00edntima para hombres | Suave y segura","description":"ICrema depilatoria \u00edntima dise\u00f1ada para hombres. Ideal para zonas \u00edntimas sensibles, suave con la piel y f\u00e1cil de usar.","robots":{"index":"index","follow":"follow","max-snippet":"max-snippet:-1","max-image-preview":"max-image-preview:large","max-video-preview":"max-video-preview:-1"},"canonical":"https:\/\/zlcopenhagen.com\/es\/producto\/crema-depilatoria-intima\/","og_locale":"es_ES","og_type":"article","og_title":"CREMA DEPILATORIA \u00cdNTIMA PARA HOMBRES","og_description":"ICrema depilatoria \u00edntima dise\u00f1ada para hombres. Ideal para zonas \u00edntimas sensibles, suave con la piel y f\u00e1cil de usar.","og_url":"https:\/\/zlcopenhagen.com\/es\/producto\/crema-depilatoria-intima\/","og_site_name":"zlcopenhagen.com","article_modified_time":"2026-01-06T03:30:29+00:00","og_image":[{"width":2000,"height":2000,"url":"https:\/\/zlcopenhagen.com\/wp-content\/uploads\/2021\/01\/100MLGroup.jpg","type":"image\/jpeg"}],"twitter_card":"summary_large_image","twitter_misc":{"Precio":"&#36;&nbsp;17","Disponibilidad":"Disponible"},"schema":{"@context":"https:\/\/schema.org","@graph":[{"@type":"WebPage","@id":"https:\/\/zlcopenhagen.com\/es\/producto\/crema-depilatoria-intima\/","url":"https:\/\/zlcopenhagen.com\/es\/producto\/crema-depilatoria-intima\/","name":"Crema depilatoria \u00edntima para hombres | Suave y segura","isPartOf":{"@id":"https:\/\/zlcopenhagen.com\/#website"},"primaryImageOfPage":{"@id":"https:\/\/zlcopenhagen.com\/es\/producto\/crema-depilatoria-intima\/#primaryimage"},"image":{"@id":"https:\/\/zlcopenhagen.com\/es\/producto\/crema-depilatoria-intima\/#primaryimage"},"thumbnailUrl":"https:\/\/zlcopenhagen.com\/wp-content\/uploads\/2021\/01\/100MLGroup.jpg","datePublished":"2025-01-05T20:44:55+00:00","dateModified":"2026-01-06T03:30:29+00:00","description":"ICrema depilatoria \u00edntima dise\u00f1ada para hombres. Ideal para zonas \u00edntimas sensibles, suave con la piel y f\u00e1cil de usar.","breadcrumb":{"@id":"https:\/\/zlcopenhagen.com\/es\/producto\/crema-depilatoria-intima\/#breadcrumb"},"inLanguage":"es","potentialAction":[{"@type":"ReadAction","target":["https:\/\/zlcopenhagen.com\/es\/producto\/crema-depilatoria-intima\/"]}]},{"@type":"ImageObject","inLanguage":"es","@id":"https:\/\/zlcopenhagen.com\/es\/producto\/crema-depilatoria-intima\/#primaryimage","url":"https:\/\/zlcopenhagen.com\/wp-content\/uploads\/2021\/01\/100MLGroup.jpg","contentUrl":"https:\/\/zlcopenhagen.com\/wp-content\/uploads\/2021\/01\/100MLGroup.jpg","width":2000,"height":2000,"caption":"Intimate Hair Removal Cream"},{"@type":"BreadcrumbList","@id":"https:\/\/zlcopenhagen.com\/es\/producto\/crema-depilatoria-intima\/#breadcrumb","itemListElement":[{"@type":"ListItem","position":1,"name":"Home","item":"https:\/\/zlcopenhagen.com\/es\/"},{"@type":"ListItem","position":2,"name":"Shop","item":"https:\/\/zlcopenhagen.com\/es\/shop\/"},{"@type":"ListItem","position":3,"name":"CREMA DEPILATORIA \u00cdNTIMA PARA HOMBRES"}]},{"@type":"WebSite","@id":"https:\/\/zlcopenhagen.com\/#website","url":"https:\/\/zlcopenhagen.com\/","name":"zlcopenhagen.com","description":"","publisher":{"@id":"https:\/\/zlcopenhagen.com\/#organization"},"potentialAction":[{"@type":"SearchAction","target":{"@type":"EntryPoint","urlTemplate":"https:\/\/zlcopenhagen.com\/?s={search_term_string}"},"query-input":{"@type":"PropertyValueSpecification","valueRequired":true,"valueName":"search_term_string"}}],"inLanguage":"es"},{"@type":["Organization","Place"],"@id":"https:\/\/zlcopenhagen.com\/#organization","name":"ZLCOPENHAGEN","alternateName":"ZLCOPENHAGEN","url":"https:\/\/zlcopenhagen.com\/","logo":{"@id":"https:\/\/zlcopenhagen.com\/es\/producto\/crema-depilatoria-intima\/#local-main-organization-logo"},"image":{"@id":"https:\/\/zlcopenhagen.com\/es\/producto\/crema-depilatoria-intima\/#local-main-organization-logo"},"sameAs":["https:\/\/www.youtube.com\/channel\/UCy7JINwB6DMr2fA9yHpDQJg"],"telephone":[],"openingHoursSpecification":[{"@type":"OpeningHoursSpecification","dayOfWeek":["Monday","Tuesday","Wednesday","Thursday","Friday","Saturday","Sunday"],"opens":"09:00","closes":"17:00"}]},{"@type":"ImageObject","inLanguage":"es","@id":"https:\/\/zlcopenhagen.com\/es\/producto\/crema-depilatoria-intima\/#local-main-organization-logo","url":"https:\/\/zlcopenhagen.com\/wp-content\/uploads\/2016\/05\/blog-logo.jpg","contentUrl":"https:\/\/zlcopenhagen.com\/wp-content\/uploads\/2016\/05\/blog-logo.jpg","width":68,"height":68,"caption":"ZLCOPENHAGEN"}]},"product_price_amount":"17","product_price_currency":"USD","og_availability":"instock","product_availability":"instock","product_retailer_item_id":"IHCM-100","product_condition":"new"},"_links":{"self":[{"href":"https:\/\/zlcopenhagen.com\/es\/wp-json\/wp\/v2\/product\/28141","targetHints":{"allow":["GET"]}}],"collection":[{"href":"https:\/\/zlcopenhagen.com\/es\/wp-json\/wp\/v2\/product"}],"about":[{"href":"https:\/\/zlcopenhagen.com\/es\/wp-json\/wp\/v2\/types\/product"}],"replies":[{"embeddable":true,"href":"https:\/\/zlcopenhagen.com\/es\/wp-json\/wp\/v2\/comments?post=28141"}],"wp:featuredmedia":[{"embeddable":true,"href":"https:\/\/zlcopenhagen.com\/es\/wp-json\/wp\/v2\/media\/28145"}],"wp:attachment":[{"href":"https:\/\/zlcopenhagen.com\/es\/wp-json\/wp\/v2\/media?parent=28141"}],"wp:term":[{"taxonomy":"product_brand","embeddable":true,"href":"https:\/\/zlcopenhagen.com\/es\/wp-json\/wp\/v2\/product_brand?post=28141"},{"taxonomy":"product_cat","embeddable":true,"href":"https:\/\/zlcopenhagen.com\/es\/wp-json\/wp\/v2\/product_cat?post=28141"},{"taxonomy":"product_tag","embeddable":true,"href":"https:\/\/zlcopenhagen.com\/es\/wp-json\/wp\/v2\/product_tag?post=28141"}],"curies":[{"name":"wp","href":"https:\/\/api.w.org\/{rel}","templated":true}]}}