{"id":24910,"date":"2016-07-14T13:38:36","date_gmt":"2016-07-14T13:38:36","guid":{"rendered":"https:\/\/zlcopenhagen.com\/product\/green-turquoise-vest\/"},"modified":"2025-06-21T04:39:44","modified_gmt":"2025-06-21T03:39:44","slug":"green-turquoise-vest","status":"publish","type":"product","link":"https:\/\/zlcopenhagen.com\/es\/producto\/green-turquoise-vest\/","title":{"rendered":"GREEN TURQUOISE VEST"},"content":{"rendered":"<p>[spb_tabs tabs_type=&#8221;standard&#8221; center_tabs=&#8221;no&#8221; width=&#8221;1\/1&#8243; el_position=&#8221;first last&#8221;] [spb_tab title=&#8221;Product&#8221; icon=&#8221;&#8221; id=&#8221;Product&#8221;] [spb_text_block animation=&#8221;none&#8221; animation_delay=&#8221;0&#8243; simplified_controls=&#8221;yes&#8221; custom_css_percentage=&#8221;no&#8221; padding_vertical=&#8221;0&#8243; padding_horizontal=&#8221;0&#8243; margin_vertical=&#8221;0&#8243; custom_css=&#8221;margin-top: 0px;margin-bottom: 0px;&#8221; border_size=&#8221;0&#8243; border_styling_global=&#8221;default&#8221; width=&#8221;1\/1&#8243; el_position=&#8221;first last&#8221;]<\/p>\n<ul>\n<li>Multi-functional use, at the gym, beach or indoor<\/li>\n<li>Eco-friendly wood pulp transformed into silky-soft viscose fabrics<\/li>\n<li>Tag-less with heat pressed labels<\/li>\n<li>Danish design \u2013 Proudly made in Pakistan<\/li>\n<\/ul>\n<p>[\/spb_text_block] [\/spb_tab] [spb_tab title=&#8221;Fabric&#8221; icon=&#8221;&#8221; id=&#8221;Fabric&#8221;] [spb_text_block animation=&#8221;none&#8221; animation_delay=&#8221;0&#8243; simplified_controls=&#8221;yes&#8221; custom_css_percentage=&#8221;no&#8221; padding_vertical=&#8221;0&#8243; padding_horizontal=&#8221;0&#8243; margin_vertical=&#8221;0&#8243; custom_css=&#8221;margin-top: 0px;margin-bottom: 0px;&#8221; border_size=&#8221;0&#8243; border_styling_global=&#8221;default&#8221; width=&#8221;1\/1&#8243; el_position=&#8221;first last&#8221;]<\/p>\n<ul>\n<li>Soft light-weight fabric<\/li>\n<li>95% Eco-friendly Viscose &amp; 5% Lycra<\/li>\n<li>Free of harmful nasty chemicals<\/li>\n<\/ul>\n<p>[\/spb_text_block] [\/spb_tab] [spb_tab title=&#8221;Wash &amp; Care&#8221; icon=&#8221;&#8221; id=&#8221;WashCare&#8221;] [spb_text_block animation=&#8221;none&#8221; animation_delay=&#8221;0&#8243; simplified_controls=&#8221;yes&#8221; custom_css_percentage=&#8221;no&#8221; padding_vertical=&#8221;0&#8243; padding_horizontal=&#8221;0&#8243; margin_vertical=&#8221;0&#8243; border_size=&#8221;0&#8243; border_styling_global=&#8221;default&#8221; width=&#8221;1\/1&#8243; el_position=&#8221;first last&#8221;]<\/p>\n<ul>\n<li>Don\u2019t dry clean or bleach<\/li>\n<li>Maximum wash at 40\u00b0 Celsius<\/li>\n<li>Tumble dry on low heat, or better, air dry<\/li>\n<\/ul>\n<p>[\/spb_text_block] [\/spb_tab] [spb_tab title=&#8221;Size &amp; Fit&#8221; icon=&#8221;&#8221; id=&#8221;SizeFit&#8221;] [spb_text_block animation=&#8221;none&#8221; animation_delay=&#8221;0&#8243; simplified_controls=&#8221;yes&#8221; custom_css_percentage=&#8221;no&#8221; padding_vertical=&#8221;0&#8243; padding_horizontal=&#8221;0&#8243; margin_vertical=&#8221;0&#8243; border_size=&#8221;0&#8243; border_styling_global=&#8221;default&#8221; width=&#8221;1\/1&#8243; el_position=&#8221;first last&#8221;]<\/p>\n<ul>\n<li>Sizes: M \u2013 XL\u00a0<a href=\"https:\/\/zlcopenhagen.com\/es\/tallas-y-medidas-hombre\/?lang=es\" target=\"_blank\" rel=\"noopener noreferrer\" data-saferedirecturl=\"https:\/\/www.google.com\/url?q=https:\/\/zlcopenhagen.com\/size-and-fit\/?lang%3Des&amp;source=gmail&amp;ust=1557777986601000&amp;usg=AFQjCNG5BkC-1CcJPwjitl8z5kmY1ImPNg\">Size guide<\/a><\/li>\n<li>Follows the contours of your body<\/li>\n<li>Comfortable next to your skin<\/li>\n<li>Emphasize your muscles, loose-fit design<\/li>\n<\/ul>\n<p>[\/spb_text_block] [\/spb_tab] [\/spb_tabs] [spb_raw_html width=&#8221;1\/1&#8243; el_position=&#8221;first last&#8221;]JTNDZGl2JTIwc3R5bGUlM0QlMjJwb3NpdGlvbiUzQSUyMHJlbGF0aXZlJTNCJTIwcGFkZGluZy1ib3R0b20lM0ElMjA1Ni4yNSUyNSUzQiUyMGhlaWdodCUzQSUyMDAlM0IlMjBvdmVyZmxvdyUzQSUyMGhpZGRlbiUzQiUyMG1heC13aWR0aCUzQSUyMDEwMCUyNSUzQiUyMiUzRSUwQSUyMCUyMCUzQ2lmcmFtZSUyMCUwQSUyMCUyMCUyMCUyMHNyYyUzRCUyMmh0dHBzJTNBJTJGJTJGd3d3LnlvdXR1YmUuY29tJTJGZW1iZWQlMkZiVUx5cmJNdWthUSUyMiUyMCUwQSUyMCUyMCUyMCUyMHRpdGxlJTNEJTIySG93JTIwVG8lM0ElMjBESVklMjBDdXQtT2ZmJTIwVGVlJTIwU2hpcnRzJTIyJTIwJTBBJTIwJTIwJTIwJTIwZnJhbWVib3JkZXIlM0QlMjIwJTIyJTIwJTBBJTIwJTIwJTIwJTIwYWxsb3clM0QlMjJhY2NlbGVyb21ldGVyJTNCJTIwYXV0b3BsYXklM0IlMjBjbGlwYm9hcmQtd3JpdGUlM0IlMjBlbmNyeXB0ZWQtbWVkaWElM0IlMjBneXJvc2NvcGUlM0IlMjBwaWN0dXJlLWluLXBpY3R1cmUlM0IlMjB3ZWItc2hhcmUlMjIlMjAlMEElMjAlMjAlMjAlMjBhbGxvd2Z1bGxzY3JlZW4lMjAlMEElMjAlMjAlMjAlMjBzdHlsZSUzRCUyMnBvc2l0aW9uJTNBJTIwYWJzb2x1dGUlM0IlMjB0b3AlM0ElMjAwJTNCJTIwbGVmdCUzQSUyMDAlM0IlMjB3aWR0aCUzQSUyMDEwMCUyNSUzQiUyMGhlaWdodCUzQSUyMDEwMCUyNSUzQiUyMiUzRSUwQSUyMCUyMCUzQyUyRmlmcmFtZSUzRSUwQSUzQyUyRmRpdiUzRQ==[\/spb_raw_html] [spb_blank_spacer height=&#8221;30px&#8221; width=&#8221;1\/1&#8243; el_position=&#8221;first last&#8221;] [spb_raw_html width=&#8221;1\/1&#8243; el_position=&#8221;first last&#8221;]JTNDYmxvY2txdW90ZSUyMGNsYXNzJTNEJTIyaW5zdGFncmFtLW1lZGlhJTIyJTIwZGF0YS1pbnN0Z3JtLXBlcm1hbGluayUzRCUyMmh0dHBzJTNBJTJGJTJGd3d3Lmluc3RhZ3JhbS5jb20lMkZwJTJGQ0xTYXVlckFqeEMlMkYlM0Z1dG1fc291cmNlJTNEaWdfZW1iZWQlMjZhbXAlM0J1dG1fY2FtcGFpZ24lM0Rsb2FkaW5nJTIyJTIwZGF0YS1pbnN0Z3JtLXZlcnNpb24lM0QlMjIxNCUyMiUyMHN0eWxlJTNEJTIyJTIwYmFja2dyb3VuZCUzQSUyM0ZGRiUzQiUyMGJvcmRlciUzQTAlM0IlMjBib3JkZXItcmFkaXVzJTNBM3B4JTNCJTIwYm94LXNoYWRvdyUzQTAlMjAwJTIwMXB4JTIwMCUyMHJnYmElMjgwJTJDMCUyQzAlMkMwLjUlMjklMkMwJTIwMXB4JTIwMTBweCUyMDAlMjByZ2JhJTI4MCUyQzAlMkMwJTJDMC4xNSUyOSUzQiUyMG1hcmdpbiUzQSUyMDFweCUzQiUyMG1heC13aWR0aCUzQTU0MHB4JTNCJTIwbWluLXdpZHRoJTNBMzI2cHglM0IlMjBwYWRkaW5nJTNBMCUzQiUyMHdpZHRoJTNBOTkuMzc1JTI1JTNCJTIwd2lkdGglM0Etd2Via2l0LWNhbGMlMjgxMDAlMjUlMjAtJTIwMnB4JTI5JTNCJTIwd2lkdGglM0FjYWxjJTI4MTAwJTI1JTIwLSUyMDJweCUyOSUzQiUyMiUzRSUzQ2RpdiUyMHN0eWxlJTNEJTIycGFkZGluZyUzQTE2cHglM0IlMjIlM0UlMjAlM0NhJTIwaHJlZiUzRCUyMmh0dHBzJTNBJTJGJTJGd3d3Lmluc3RhZ3JhbS5jb20lMkZwJTJGQ0xTYXVlckFqeEMlMkYlM0Z1dG1fc291cmNlJTNEaWdfZW1iZWQlMjZhbXAlM0J1dG1fY2FtcGFpZ24lM0Rsb2FkaW5nJTIyJTIwc3R5bGUlM0QlMjIlMjBiYWNrZ3JvdW5kJTNBJTIzRkZGRkZGJTNCJTIwbGluZS1oZWlnaHQlM0EwJTNCJTIwcGFkZGluZyUzQTAlMjAwJTNCJTIwdGV4dC1hbGlnbiUzQWNlbnRlciUzQiUyMHRleHQtZGVjb3JhdGlvbiUzQW5vbmUlM0IlMjB3aWR0aCUzQTEwMCUyNSUzQiUyMiUyMHRhcmdldCUzRCUyMl9ibGFuayUyMiUzRSUyMCUzQ2RpdiUyMHN0eWxlJTNEJTIyJTIwZGlzcGxheSUzQSUyMGZsZXglM0IlMjBmbGV4LWRpcmVjdGlvbiUzQSUyMHJvdyUzQiUyMGFsaWduLWl0ZW1zJTNBJTIwY2VudGVyJTNCJTIyJTNFJTIwJTNDZGl2JTIwc3R5bGUlM0QlMjJiYWNrZ3JvdW5kLWNvbG9yJTNBJTIwJTIzRjRGNEY0JTNCJTIwYm9yZGVyLXJhZGl1cyUzQSUyMDUwJTI1JTNCJTIwZmxleC1ncm93JTNBJTIwMCUzQiUyMGhlaWdodCUzQSUyMDQwcHglM0IlMjBtYXJnaW4tcmlnaHQlM0ElMjAxNHB4JTNCJTIwd2lkdGglM0ElMjA0MHB4JTNCJTIyJTNFJTNDJTJGZGl2JTNFJTIwJTNDZGl2JTIwc3R5bGUlM0QlMjJkaXNwbGF5JTNBJTIwZmxleCUzQiUyMGZsZXgtZGlyZWN0aW9uJTNBJTIwY29sdW1uJTNCJTIwZmxleC1ncm93JTNBJTIwMSUzQiUyMGp1c3RpZnktY29udGVudCUzQSUyMGNlbnRlciUzQiUyMiUzRSUyMCUzQ2RpdiUyMHN0eWxlJTNEJTIyJTIwYmFja2dyb3VuZC1jb2xvciUzQSUyMCUyM0Y0RjRGNCUzQiUyMGJvcmRlci1yYWRpdXMlM0ElMjA0cHglM0IlMjBmbGV4LWdyb3clM0ElMjAwJTNCJTIwaGVpZ2h0JTNBJTIwMTRweCUzQiUyMG1hcmdpbi1ib3R0b20lM0ElMjA2cHglM0IlMjB3aWR0aCUzQSUyMDEwMHB4JTNCJTIyJTNFJTNDJTJGZGl2JTNFJTIwJTNDZGl2JTIwc3R5bGUlM0QlMjIlMjBiYWNrZ3JvdW5kLWNvbG9yJTNBJTIwJTIzRjRGNEY0JTNCJTIwYm9yZGVyLXJhZGl1cyUzQSUyMDRweCUzQiUyMGZsZXgtZ3JvdyUzQSUyMDAlM0IlMjBoZWlnaHQlM0ElMjAxNHB4JTNCJTIwd2lkdGglM0ElMjA2MHB4JTNCJTIyJTNFJTNDJTJGZGl2JTNFJTNDJTJGZGl2JTNFJTNDJTJGZGl2JTNFJTNDZGl2JTIwc3R5bGUlM0QlMjJwYWRkaW5nJTNBJTIwMTklMjUlMjAwJTNCJTIyJTNFJTNDJTJGZGl2JTNFJTIwJTNDZGl2JTIwc3R5bGUlM0QlMjJkaXNwbGF5JTNBYmxvY2slM0IlMjBoZWlnaHQlM0E1MHB4JTNCJTIwbWFyZ2luJTNBMCUyMGF1dG8lMjAxMnB4JTNCJTIwd2lkdGglM0E1MHB4JTNCJTIyJTNFJTNDc3ZnJTIwd2lkdGglM0QlMjI1MHB4JTIyJTIwaGVpZ2h0JTNEJTIyNTBweCUyMiUyMHZpZXdCb3glM0QlMjIwJTIwMCUyMDYwJTIwNjAlMjIlMjB2ZXJzaW9uJTNEJTIyMS4xJTIyJTIweG1sbnMlM0QlMjJodHRwcyUzQSUyRiUyRnd3dy53My5vcmclMkYyMDAwJTJGc3ZnJTIyJTIweG1sbnMlM0F4bGluayUzRCUyMmh0dHBzJTNBJTJGJTJGd3d3LnczLm9yZyUyRjE5OTklMkZ4bGluayUyMiUzRSUzQ2clMjBzdHJva2UlM0QlMjJub25lJTIyJTIwc3Ryb2tlLXdpZHRoJTNEJTIyMSUyMiUyMGZpbGwlM0QlMjJub25lJTIyJTIwZmlsbC1ydWxlJTNEJTIyZXZlbm9kZCUyMiUzRSUzQ2clMjB0cmFuc2Zvcm0lM0QlMjJ0cmFuc2xhdGUlMjgtNTExLjAwMDAwMCUyQyUyMC0yMC4wMDAwMDAlMjklMjIlMjBmaWxsJTNEJTIyJTIzMDAwMDAwJTIyJTNFJTNDZyUzRSUzQ3BhdGglMjBkJTNEJTIyTTU1Ni44NjklMkMzMC40MSUyMEM1NTQuODE0JTJDMzAuNDElMjA1NTMuMTQ4JTJDMzIuMDc2JTIwNTUzLjE0OCUyQzM0LjEzMSUyMEM1NTMuMTQ4JTJDMzYuMTg2JTIwNTU0LjgxNCUyQzM3Ljg1MiUyMDU1Ni44NjklMkMzNy44NTIlMjBDNTU4LjkyNCUyQzM3Ljg1MiUyMDU2MC41OSUyQzM2LjE4NiUyMDU2MC41OSUyQzM0LjEzMSUyMEM1NjAuNTklMkMzMi4wNzYlMjA1NTguOTI0JTJDMzAuNDElMjA1NTYuODY5JTJDMzAuNDElMjBNNTQxJTJDNjAuNjU3JTIwQzUzNS4xMTQlMkM2MC42NTclMjA1MzAuMzQyJTJDNTUuODg3JTIwNTMwLjM0MiUyQzUwJTIwQzUzMC4zNDIlMkM0NC4xMTQlMjA1MzUuMTE0JTJDMzkuMzQyJTIwNTQxJTJDMzkuMzQyJTIwQzU0Ni44ODclMkMzOS4zNDIlMjA1NTEuNjU4JTJDNDQuMTE0JTIwNTUxLjY1OCUyQzUwJTIwQzU1MS42NTglMkM1NS44ODclMjA1NDYuODg3JTJDNjAuNjU3JTIwNTQxJTJDNjAuNjU3JTIwTTU0MSUyQzMzLjg4NiUyMEM1MzIuMSUyQzMzLjg4NiUyMDUyNC44ODYlMkM0MS4xJTIwNTI0Ljg4NiUyQzUwJTIwQzUyNC44ODYlMkM1OC44OTklMjA1MzIuMSUyQzY2LjExMyUyMDU0MSUyQzY2LjExMyUyMEM1NDkuOSUyQzY2LjExMyUyMDU1Ny4xMTUlMkM1OC44OTklMjA1NTcuMTE1JTJDNTAlMjBDNTU3LjExNSUyQzQxLjElMjA1NDkuOSUyQzMzLjg4NiUyMDU0MSUyQzMzLjg4NiUyME01NjUuMzc4JTJDNjIuMTAxJTIwQzU2NS4yNDQlMkM2NS4wMjIlMjA1NjQuNzU2JTJDNjYuNjA2JTIwNTY0LjM0NiUyQzY3LjY2MyUyMEM1NjMuODAzJTJDNjkuMDYlMjA1NjMuMTU0JTJDNzAuMDU3JTIwNTYyLjEwNiUyQzcxLjEwNiUyMEM1NjEuMDU4JTJDNzIuMTU1JTIwNTYwLjA2JTJDNzIuODAzJTIwNTU4LjY2MiUyQzczLjM0NyUyMEM1NTcuNjA3JTJDNzMuNzU3JTIwNTU2LjAyMSUyQzc0LjI0NCUyMDU1My4xMDIlMkM3NC4zNzglMjBDNTQ5Ljk0NCUyQzc0LjUyMSUyMDU0OC45OTclMkM3NC41NTIlMjA1NDElMkM3NC41NTIlMjBDNTMzLjAwMyUyQzc0LjU1MiUyMDUzMi4wNTYlMkM3NC41MjElMjA1MjguODk4JTJDNzQuMzc4JTIwQzUyNS45NzklMkM3NC4yNDQlMjA1MjQuMzkzJTJDNzMuNzU3JTIwNTIzLjMzOCUyQzczLjM0NyUyMEM1MjEuOTQlMkM3Mi44MDMlMjA1MjAuOTQyJTJDNzIuMTU1JTIwNTE5Ljg5NCUyQzcxLjEwNiUyMEM1MTguODQ2JTJDNzAuMDU3JTIwNTE4LjE5NyUyQzY5LjA2JTIwNTE3LjY1NCUyQzY3LjY2MyUyMEM1MTcuMjQ0JTJDNjYuNjA2JTIwNTE2Ljc1NSUyQzY1LjAyMiUyMDUxNi42MjMlMkM2Mi4xMDElMjBDNTE2LjQ3OSUyQzU4Ljk0MyUyMDUxNi40NDglMkM1Ny45OTYlMjA1MTYuNDQ4JTJDNTAlMjBDNTE2LjQ0OCUyQzQyLjAwMyUyMDUxNi40NzklMkM0MS4wNTYlMjA1MTYuNjIzJTJDMzcuODk5JTIwQzUxNi43NTUlMkMzNC45NzglMjA1MTcuMjQ0JTJDMzMuMzkxJTIwNTE3LjY1NCUyQzMyLjMzOCUyMEM1MTguMTk3JTJDMzAuOTM4JTIwNTE4Ljg0NiUyQzI5Ljk0MiUyMDUxOS44OTQlMkMyOC44OTQlMjBDNTIwLjk0MiUyQzI3Ljg0NiUyMDUyMS45NCUyQzI3LjE5NiUyMDUyMy4zMzglMkMyNi42NTQlMjBDNTI0LjM5MyUyQzI2LjI0NCUyMDUyNS45NzklMkMyNS43NTYlMjA1MjguODk4JTJDMjUuNjIzJTIwQzUzMi4wNTclMkMyNS40NzklMjA1MzMuMDA0JTJDMjUuNDQ4JTIwNTQxJTJDMjUuNDQ4JTIwQzU0OC45OTclMkMyNS40NDglMjA1NDkuOTQzJTJDMjUuNDc5JTIwNTUzLjEwMiUyQzI1LjYyMyUyMEM1NTYuMDIxJTJDMjUuNzU2JTIwNTU3LjYwNyUyQzI2LjI0NCUyMDU1OC42NjIlMkMyNi42NTQlMjBDNTYwLjA2JTJDMjcuMTk2JTIwNTYxLjA1OCUyQzI3Ljg0NiUyMDU2Mi4xMDYlMkMyOC44OTQlMjBDNTYzLjE1NCUyQzI5Ljk0MiUyMDU2My44MDMlMkMzMC45MzglMjA1NjQuMzQ2JTJDMzIuMzM4JTIwQzU2NC43NTYlMkMzMy4zOTElMjA1NjUuMjQ0JTJDMzQuOTc4JTIwNTY1LjM3OCUyQzM3Ljg5OSUyMEM1NjUuNTIyJTJDNDEuMDU2JTIwNTY1LjU1MiUyQzQyLjAwMyUyMDU2NS41NTIlMkM1MCUyMEM1NjUuNTUyJTJDNTcuOTk2JTIwNTY1LjUyMiUyQzU4Ljk0MyUyMDU2NS4zNzglMkM2Mi4xMDElMjBNNTcwLjgyJTJDMzcuNjMxJTIwQzU3MC42NzQlMkMzNC40MzglMjA1NzAuMTY3JTJDMzIuMjU4JTIwNTY5LjQyNSUyQzMwLjM0OSUyMEM1NjguNjU5JTJDMjguMzc3JTIwNTY3LjYzMyUyQzI2LjcwMiUyMDU2NS45NjUlMkMyNS4wMzUlMjBDNTY0LjI5NyUyQzIzLjM2OCUyMDU2Mi42MjMlMkMyMi4zNDIlMjA1NjAuNjUyJTJDMjEuNTc1JTIwQzU1OC43NDMlMkMyMC44MzQlMjA1NTYuNTYyJTJDMjAuMzI2JTIwNTUzLjM2OSUyQzIwLjE4JTIwQzU1MC4xNjklMkMyMC4wMzMlMjA1NDkuMTQ4JTJDMjAlMjA1NDElMkMyMCUyMEM1MzIuODUzJTJDMjAlMjA1MzEuODMxJTJDMjAuMDMzJTIwNTI4LjYzMSUyQzIwLjE4JTIwQzUyNS40MzglMkMyMC4zMjYlMjA1MjMuMjU3JTJDMjAuODM0JTIwNTIxLjM0OSUyQzIxLjU3NSUyMEM1MTkuMzc2JTJDMjIuMzQyJTIwNTE3LjcwMyUyQzIzLjM2OCUyMDUxNi4wMzUlMkMyNS4wMzUlMjBDNTE0LjM2OCUyQzI2LjcwMiUyMDUxMy4zNDIlMkMyOC4zNzclMjA1MTIuNTc0JTJDMzAuMzQ5JTIwQzUxMS44MzQlMkMzMi4yNTglMjA1MTEuMzI2JTJDMzQuNDM4JTIwNTExLjE4MSUyQzM3LjYzMSUyMEM1MTEuMDM1JTJDNDAuODMxJTIwNTExJTJDNDEuODUxJTIwNTExJTJDNTAlMjBDNTExJTJDNTguMTQ3JTIwNTExLjAzNSUyQzU5LjE3JTIwNTExLjE4MSUyQzYyLjM2OSUyMEM1MTEuMzI2JTJDNjUuNTYyJTIwNTExLjgzNCUyQzY3Ljc0MyUyMDUxMi41NzQlMkM2OS42NTElMjBDNTEzLjM0MiUyQzcxLjYyNSUyMDUxNC4zNjglMkM3My4yOTYlMjA1MTYuMDM1JTJDNzQuOTY1JTIwQzUxNy43MDMlMkM3Ni42MzQlMjA1MTkuMzc2JTJDNzcuNjU4JTIwNTIxLjM0OSUyQzc4LjQyNSUyMEM1MjMuMjU3JTJDNzkuMTY3JTIwNTI1LjQzOCUyQzc5LjY3MyUyMDUyOC42MzElMkM3OS44MiUyMEM1MzEuODMxJTJDNzkuOTY1JTIwNTMyLjg1MyUyQzgwLjAwMSUyMDU0MSUyQzgwLjAwMSUyMEM1NDkuMTQ4JTJDODAuMDAxJTIwNTUwLjE2OSUyQzc5Ljk2NSUyMDU1My4zNjklMkM3OS44MiUyMEM1NTYuNTYyJTJDNzkuNjczJTIwNTU4Ljc0MyUyQzc5LjE2NyUyMDU2MC42NTIlMkM3OC40MjUlMjBDNTYyLjYyMyUyQzc3LjY1OCUyMDU2NC4yOTclMkM3Ni42MzQlMjA1NjUuOTY1JTJDNzQuOTY1JTIwQzU2Ny42MzMlMkM3My4yOTYlMjA1NjguNjU5JTJDNzEuNjI1JTIwNTY5LjQyNSUyQzY5LjY1MSUyMEM1NzAuMTY3JTJDNjcuNzQzJTIwNTcwLjY3NCUyQzY1LjU2MiUyMDU3MC44MiUyQzYyLjM2OSUyMEM1NzAuOTY2JTJDNTkuMTclMjA1NzElMkM1OC4xNDclMjA1NzElMkM1MCUyMEM1NzElMkM0MS44NTElMjA1NzAuOTY2JTJDNDAuODMxJTIwNTcwLjgyJTJDMzcuNjMxJTIyJTNFJTNDJTJGcGF0aCUzRSUzQyUyRmclM0UlM0MlMkZnJTNFJTNDJTJGZyUzRSUzQyUyRnN2ZyUzRSUzQyUyRmRpdiUzRSUzQ2RpdiUyMHN0eWxlJTNEJTIycGFkZGluZy10b3AlM0ElMjA4cHglM0IlMjIlM0UlMjAlM0NkaXYlMjBzdHlsZSUzRCUyMiUyMGNvbG9yJTNBJTIzMzg5N2YwJTNCJTIwZm9udC1mYW1pbHklM0FBcmlhbCUyQ3NhbnMtc2VyaWYlM0IlMjBmb250LXNpemUlM0ExNHB4JTNCJTIwZm9udC1zdHlsZSUzQW5vcm1hbCUzQiUyMGZvbnQtd2VpZ2h0JTNBNTUwJTNCJTIwbGluZS1oZWlnaHQlM0ExOHB4JTNCJTIyJTNFVmlldyUyMHRoaXMlMjBwb3N0JTIwb24lMjBJbnN0YWdyYW0lM0MlMkZkaXYlM0UlM0MlMkZkaXYlM0UlM0NkaXYlMjBzdHlsZSUzRCUyMnBhZGRpbmclM0ElMjAxMi41JTI1JTIwMCUzQiUyMiUzRSUzQyUyRmRpdiUzRSUyMCUzQ2RpdiUyMHN0eWxlJTNEJTIyZGlzcGxheSUzQSUyMGZsZXglM0IlMjBmbGV4LWRpcmVjdGlvbiUzQSUyMHJvdyUzQiUyMG1hcmdpbi1ib3R0b20lM0ElMjAxNHB4JTNCJTIwYWxpZ24taXRlbXMlM0ElMjBjZW50ZXIlM0IlMjIlM0UlM0NkaXYlM0UlMjAlM0NkaXYlMjBzdHlsZSUzRCUyMmJhY2tncm91bmQtY29sb3IlM0ElMjAlMjNGNEY0RjQlM0IlMjBib3JkZXItcmFkaXVzJTNBJTIwNTAlMjUlM0IlMjBoZWlnaHQlM0ElMjAxMi41cHglM0IlMjB3aWR0aCUzQSUyMDEyLjVweCUzQiUyMHRyYW5zZm9ybSUzQSUyMHRyYW5zbGF0ZVglMjgwcHglMjklMjB0cmFuc2xhdGVZJTI4N3B4JTI5JTNCJTIyJTNFJTNDJTJGZGl2JTNFJTIwJTNDZGl2JTIwc3R5bGUlM0QlMjJiYWNrZ3JvdW5kLWNvbG9yJTNBJTIwJTIzRjRGNEY0JTNCJTIwaGVpZ2h0JTNBJTIwMTIuNXB4JTNCJTIwdHJhbnNmb3JtJTNBJTIwcm90YXRlJTI4LTQ1ZGVnJTI5JTIwdHJhbnNsYXRlWCUyODNweCUyOSUyMHRyYW5zbGF0ZVklMjgxcHglMjklM0IlMjB3aWR0aCUzQSUyMDEyLjVweCUzQiUyMGZsZXgtZ3JvdyUzQSUyMDAlM0IlMjBtYXJnaW4tcmlnaHQlM0ElMjAxNHB4JTNCJTIwbWFyZ2luLWxlZnQlM0ElMjAycHglM0IlMjIlM0UlM0MlMkZkaXYlM0UlMjAlM0NkaXYlMjBzdHlsZSUzRCUyMmJhY2tncm91bmQtY29sb3IlM0ElMjAlMjNGNEY0RjQlM0IlMjBib3JkZXItcmFkaXVzJTNBJTIwNTAlMjUlM0IlMjBoZWlnaHQlM0ElMjAxMi41cHglM0IlMjB3aWR0aCUzQSUyMDEyLjVweCUzQiUyMHRyYW5zZm9ybSUzQSUyMHRyYW5zbGF0ZVglMjg5cHglMjklMjB0cmFuc2xhdGVZJTI4LTE4cHglMjklM0IlMjIlM0UlM0MlMkZkaXYlM0UlM0MlMkZkaXYlM0UlM0NkaXYlMjBzdHlsZSUzRCUyMm1hcmdpbi1sZWZ0JTNBJTIwOHB4JTNCJTIyJTNFJTIwJTNDZGl2JTIwc3R5bGUlM0QlMjIlMjBiYWNrZ3JvdW5kLWNvbG9yJTNBJTIwJTIzRjRGNEY0JTNCJTIwYm9yZGVyLXJhZGl1cyUzQSUyMDUwJTI1JTNCJTIwZmxleC1ncm93JTNBJTIwMCUzQiUyMGhlaWdodCUzQSUyMDIwcHglM0IlMjB3aWR0aCUzQSUyMDIwcHglM0IlMjIlM0UlM0MlMkZkaXYlM0UlMjAlM0NkaXYlMjBzdHlsZSUzRCUyMiUyMHdpZHRoJTNBJTIwMCUzQiUyMGhlaWdodCUzQSUyMDAlM0IlMjBib3JkZXItdG9wJTNBJTIwMnB4JTIwc29saWQlMjB0cmFuc3BhcmVudCUzQiUyMGJvcmRlci1sZWZ0JTNBJTIwNnB4JTIwc29saWQlMjAlMjNmNGY0ZjQlM0IlMjBib3JkZXItYm90dG9tJTNBJTIwMnB4JTIwc29saWQlMjB0cmFuc3BhcmVudCUzQiUyMHRyYW5zZm9ybSUzQSUyMHRyYW5zbGF0ZVglMjgxNnB4JTI5JTIwdHJhbnNsYXRlWSUyOC00cHglMjklMjByb3RhdGUlMjgzMGRlZyUyOSUyMiUzRSUzQyUyRmRpdiUzRSUzQyUyRmRpdiUzRSUzQ2RpdiUyMHN0eWxlJTNEJTIybWFyZ2luLWxlZnQlM0ElMjBhdXRvJTNCJTIyJTNFJTIwJTNDZGl2JTIwc3R5bGUlM0QlMjIlMjB3aWR0aCUzQSUyMDBweCUzQiUyMGJvcmRlci10b3AlM0ElMjA4cHglMjBzb2xpZCUyMCUyM0Y0RjRGNCUzQiUyMGJvcmRlci1yaWdodCUzQSUyMDhweCUyMHNvbGlkJTIwdHJhbnNwYXJlbnQlM0IlMjB0cmFuc2Zvcm0lM0ElMjB0cmFuc2xhdGVZJTI4MTZweCUyOSUzQiUyMiUzRSUzQyUyRmRpdiUzRSUyMCUzQ2RpdiUyMHN0eWxlJTNEJTIyJTIwYmFja2dyb3VuZC1jb2xvciUzQSUyMCUyM0Y0RjRGNCUzQiUyMGZsZXgtZ3JvdyUzQSUyMDAlM0IlMjBoZWlnaHQlM0ElMjAxMnB4JTNCJTIwd2lkdGglM0ElMjAxNnB4JTNCJTIwdHJhbnNmb3JtJTNBJTIwdHJhbnNsYXRlWSUyOC00cHglMjklM0IlMjIlM0UlM0MlMkZkaXYlM0UlMjAlM0NkaXYlMjBzdHlsZSUzRCUyMiUyMHdpZHRoJTNBJTIwMCUzQiUyMGhlaWdodCUzQSUyMDAlM0IlMjBib3JkZXItdG9wJTNBJTIwOHB4JTIwc29saWQlMjAlMjNGNEY0RjQlM0IlMjBib3JkZXItbGVmdCUzQSUyMDhweCUyMHNvbGlkJTIwdHJhbnNwYXJlbnQlM0IlMjB0cmFuc2Zvcm0lM0ElMjB0cmFuc2xhdGVZJTI4LTRweCUyOSUyMHRyYW5zbGF0ZVglMjg4cHglMjklM0IlMjIlM0UlM0MlMkZkaXYlM0UlM0MlMkZkaXYlM0UlM0MlMkZkaXYlM0UlMjAlM0NkaXYlMjBzdHlsZSUzRCUyMmRpc3BsYXklM0ElMjBmbGV4JTNCJTIwZmxleC1kaXJlY3Rpb24lM0ElMjBjb2x1bW4lM0IlMjBmbGV4LWdyb3clM0ElMjAxJTNCJTIwanVzdGlmeS1jb250ZW50JTNBJTIwY2VudGVyJTNCJTIwbWFyZ2luLWJvdHRvbSUzQSUyMDI0cHglM0IlMjIlM0UlMjAlM0NkaXYlMjBzdHlsZSUzRCUyMiUyMGJhY2tncm91bmQtY29sb3IlM0ElMjAlMjNGNEY0RjQlM0IlMjBib3JkZXItcmFkaXVzJTNBJTIwNHB4JTNCJTIwZmxleC1ncm93JTNBJTIwMCUzQiUyMGhlaWdodCUzQSUyMDE0cHglM0IlMjBtYXJnaW4tYm90dG9tJTNBJTIwNnB4JTNCJTIwd2lkdGglM0ElMjAyMjRweCUzQiUyMiUzRSUzQyUyRmRpdiUzRSUyMCUzQ2RpdiUyMHN0eWxlJTNEJTIyJTIwYmFja2dyb3VuZC1jb2xvciUzQSUyMCUyM0Y0RjRGNCUzQiUyMGJvcmRlci1yYWRpdXMlM0ElMjA0cHglM0IlMjBmbGV4LWdyb3clM0ElMjAwJTNCJTIwaGVpZ2h0JTNBJTIwMTRweCUzQiUyMHdpZHRoJTNBJTIwMTQ0cHglM0IlMjIlM0UlM0MlMkZkaXYlM0UlM0MlMkZkaXYlM0UlM0MlMkZhJTNFJTNDcCUyMHN0eWxlJTNEJTIyJTIwY29sb3IlM0ElMjNjOWM4Y2QlM0IlMjBmb250LWZhbWlseSUzQUFyaWFsJTJDc2Fucy1zZXJpZiUzQiUyMGZvbnQtc2l6ZSUzQTE0cHglM0IlMjBsaW5lLWhlaWdodCUzQTE3cHglM0IlMjBtYXJnaW4tYm90dG9tJTNBMCUzQiUyMG1hcmdpbi10b3AlM0E4cHglM0IlMjBvdmVyZmxvdyUzQWhpZGRlbiUzQiUyMHBhZGRpbmclM0E4cHglMjAwJTIwN3B4JTNCJTIwdGV4dC1hbGlnbiUzQWNlbnRlciUzQiUyMHRleHQtb3ZlcmZsb3clM0FlbGxpcHNpcyUzQiUyMHdoaXRlLXNwYWNlJTNBbm93cmFwJTNCJTIyJTNFJTNDYSUyMGhyZWYlM0QlMjJodHRwcyUzQSUyRiUyRnd3dy5pbnN0YWdyYW0uY29tJTJGcCUyRkNMU2F1ZXJBanhDJTJGJTNGdXRtX3NvdXJjZSUzRGlnX2VtYmVkJTI2YW1wJTNCdXRtX2NhbXBhaWduJTNEbG9hZGluZyUyMiUyMHN0eWxlJTNEJTIyJTIwY29sb3IlM0ElMjNjOWM4Y2QlM0IlMjBmb250LWZhbWlseSUzQUFyaWFsJTJDc2Fucy1zZXJpZiUzQiUyMGZvbnQtc2l6ZSUzQTE0cHglM0IlMjBmb250LXN0eWxlJTNBbm9ybWFsJTNCJTIwZm9udC13ZWlnaHQlM0Fub3JtYWwlM0IlMjBsaW5lLWhlaWdodCUzQTE3cHglM0IlMjB0ZXh0LWRlY29yYXRpb24lM0Fub25lJTNCJTIyJTIwdGFyZ2V0JTNEJTIyX2JsYW5rJTIyJTNFQSUyMHBvc3QlMjBzaGFyZWQlMjBieSUyMEElQ0MlODFuZ2VsJTIwRGklQ0MlODFheiUyME1hcnRpJUNDJTgxbiUyMCUyOCU0MGFuZ2VsZGlhel9lcyUyOSUzQyUyRmElM0UlM0MlMkZwJTNFJTNDJTJGZGl2JTNFJTNDJTJGYmxvY2txdW90ZSUzRSUwQSUzQ3NjcmlwdCUyMGFzeW5jJTIwc3JjJTNEJTIyJTJGJTJGd3d3Lmluc3RhZ3JhbS5jb20lMkZlbWJlZC5qcyUyMiUzRSUzQyUyRnNjcmlwdCUzRQ==[\/spb_raw_html]<\/p>\n","protected":false},"excerpt":{"rendered":"<p>Designed for a perfect fit and simple care, gentle on the Planet and on your skin. Emphasize your muscles in our loose fitting vests with a round neck and extreme deep drop armholes. It is great for exercising or doing work around the house. Made of eco-friendly viscose and elastane blend which breathes similar to cotton, and this blend is low impact to the Earth. Going green with your wardrobe doesn&#8217;t mean having to compromise your sense of style or your comfort. Our vests lets you look great and feel good knowing that you&#8217;re wearing something that is as sustainable as it is comfortable.<\/p>\n","protected":false},"featured_media":24911,"comment_status":"closed","ping_status":"closed","template":"","meta":[],"product_brand":[],"product_cat":[653,651],"product_tag":[1032,1033],"class_list":{"0":"post-24910","1":"product","2":"type-product","3":"status-publish","4":"has-post-thumbnail","6":"product_cat-camisetas-sin-mangas","7":"product_cat-ropa-atletica","8":"product_tag-outfit-es","9":"product_tag-vest-es","11":"first","12":"instock","13":"taxable","14":"shipping-taxable","15":"purchasable","16":"product-type-variable","17":"has-default-attributes"},"yoast_head":"<!-- This site is optimized with the Yoast SEO Premium plugin v26.6 (Yoast SEO v27.6) - https:\/\/yoast.com\/product\/yoast-seo-premium-wordpress\/ -->\n<title>Green turquoise vest by ZLCOPENHAGEN<\/title>\n<meta name=\"description\" content=\"With ZLC green turquoise vest you are sure to keep cool and look handsome. Great for exercising and doing work around the house.\" \/>\n<meta name=\"robots\" content=\"index, follow, max-snippet:-1, max-image-preview:large, max-video-preview:-1\" \/>\n<link rel=\"canonical\" href=\"https:\/\/zlcopenhagen.com\/es\/producto\/green-turquoise-vest\/\" \/>\n<meta property=\"og:locale\" content=\"es_ES\" \/>\n<meta property=\"og:type\" content=\"article\" \/>\n<meta property=\"og:title\" content=\"GREEN TURQUOISE VEST\" \/>\n<meta property=\"og:description\" content=\"With ZLC green turquoise vest you are sure to keep cool and look handsome. Great for exercising and doing work around the house.\" \/>\n<meta property=\"og:url\" content=\"https:\/\/zlcopenhagen.com\/es\/producto\/green-turquoise-vest\/\" \/>\n<meta property=\"og:site_name\" content=\"zlcopenhagen.com\" \/>\n<meta property=\"article:modified_time\" content=\"2025-06-21T03:39:44+00:00\" \/>\n<meta property=\"og:image\" content=\"https:\/\/zlcopenhagen.com\/wp-content\/uploads\/2016\/07\/green-turquoise-vest-1.jpg\" \/>\n\t<meta property=\"og:image:width\" content=\"2000\" \/>\n\t<meta property=\"og:image:height\" content=\"2000\" \/>\n\t<meta property=\"og:image:type\" content=\"image\/jpeg\" \/>\n<meta name=\"twitter:card\" content=\"summary_large_image\" \/>\n<meta name=\"twitter:label1\" content=\"Disponibilidad\" \/>\n\t<meta name=\"twitter:data1\" content=\"Disponible\" \/>\n<meta property=\"og:availability\" content=\"instock\" \/>\n<meta property=\"product:availability\" content=\"instock\" \/>\n<meta property=\"product:retailer_item_id\" content=\"OFVEVI03\" \/>\n<meta property=\"product:condition\" content=\"new\" \/>\n<!-- \/ Yoast SEO Premium plugin. -->","yoast_head_json":{"title":"Green turquoise vest by ZLCOPENHAGEN","description":"With ZLC green turquoise vest you are sure to keep cool and look handsome. Great for exercising and doing work around the house.","robots":{"index":"index","follow":"follow","max-snippet":"max-snippet:-1","max-image-preview":"max-image-preview:large","max-video-preview":"max-video-preview:-1"},"canonical":"https:\/\/zlcopenhagen.com\/es\/producto\/green-turquoise-vest\/","og_locale":"es_ES","og_type":"article","og_title":"GREEN TURQUOISE VEST","og_description":"With ZLC green turquoise vest you are sure to keep cool and look handsome. Great for exercising and doing work around the house.","og_url":"https:\/\/zlcopenhagen.com\/es\/producto\/green-turquoise-vest\/","og_site_name":"zlcopenhagen.com","article_modified_time":"2025-06-21T03:39:44+00:00","og_image":[{"width":2000,"height":2000,"url":"https:\/\/zlcopenhagen.com\/wp-content\/uploads\/2016\/07\/green-turquoise-vest-1.jpg","type":"image\/jpeg"}],"twitter_card":"summary_large_image","twitter_misc":{"Disponibilidad":"Disponible"},"schema":{"@context":"https:\/\/schema.org","@graph":[{"@type":"WebPage","@id":"https:\/\/zlcopenhagen.com\/es\/producto\/green-turquoise-vest\/","url":"https:\/\/zlcopenhagen.com\/es\/producto\/green-turquoise-vest\/","name":"Green turquoise vest by ZLCOPENHAGEN","isPartOf":{"@id":"https:\/\/zlcopenhagen.com\/#website"},"primaryImageOfPage":{"@id":"https:\/\/zlcopenhagen.com\/es\/producto\/green-turquoise-vest\/#primaryimage"},"image":{"@id":"https:\/\/zlcopenhagen.com\/es\/producto\/green-turquoise-vest\/#primaryimage"},"thumbnailUrl":"https:\/\/zlcopenhagen.com\/wp-content\/uploads\/2016\/07\/green-turquoise-vest-1.jpg","datePublished":"2016-07-14T13:38:36+00:00","dateModified":"2025-06-21T03:39:44+00:00","description":"With ZLC green turquoise vest you are sure to keep cool and look handsome. Great for exercising and doing work around the house.","breadcrumb":{"@id":"https:\/\/zlcopenhagen.com\/es\/producto\/green-turquoise-vest\/#breadcrumb"},"inLanguage":"es","potentialAction":[{"@type":"ReadAction","target":["https:\/\/zlcopenhagen.com\/es\/producto\/green-turquoise-vest\/"]}]},{"@type":"ImageObject","inLanguage":"es","@id":"https:\/\/zlcopenhagen.com\/es\/producto\/green-turquoise-vest\/#primaryimage","url":"https:\/\/zlcopenhagen.com\/wp-content\/uploads\/2016\/07\/green-turquoise-vest-1.jpg","contentUrl":"https:\/\/zlcopenhagen.com\/wp-content\/uploads\/2016\/07\/green-turquoise-vest-1.jpg","width":2000,"height":2000,"caption":"Tank top m\u00e6nd i gr\u00f8n-bl\u00e5 farve \u2013 ZLCOPENHAGEN tr\u00e6ningst\u00f8j"},{"@type":"BreadcrumbList","@id":"https:\/\/zlcopenhagen.com\/es\/producto\/green-turquoise-vest\/#breadcrumb","itemListElement":[{"@type":"ListItem","position":1,"name":"Home","item":"https:\/\/zlcopenhagen.com\/es\/"},{"@type":"ListItem","position":2,"name":"Shop","item":"https:\/\/zlcopenhagen.com\/es\/shop\/"},{"@type":"ListItem","position":3,"name":"GREEN TURQUOISE VEST"}]},{"@type":"WebSite","@id":"https:\/\/zlcopenhagen.com\/#website","url":"https:\/\/zlcopenhagen.com\/","name":"zlcopenhagen.com","description":"","publisher":{"@id":"https:\/\/zlcopenhagen.com\/#organization"},"potentialAction":[{"@type":"SearchAction","target":{"@type":"EntryPoint","urlTemplate":"https:\/\/zlcopenhagen.com\/?s={search_term_string}"},"query-input":{"@type":"PropertyValueSpecification","valueRequired":true,"valueName":"search_term_string"}}],"inLanguage":"es"},{"@type":["Organization","Place"],"@id":"https:\/\/zlcopenhagen.com\/#organization","name":"ZLCOPENHAGEN","alternateName":"ZLCOPENHAGEN","url":"https:\/\/zlcopenhagen.com\/","logo":{"@id":"https:\/\/zlcopenhagen.com\/es\/producto\/green-turquoise-vest\/#local-main-organization-logo"},"image":{"@id":"https:\/\/zlcopenhagen.com\/es\/producto\/green-turquoise-vest\/#local-main-organization-logo"},"sameAs":["https:\/\/www.youtube.com\/channel\/UCy7JINwB6DMr2fA9yHpDQJg"],"telephone":[],"openingHoursSpecification":[{"@type":"OpeningHoursSpecification","dayOfWeek":["Monday","Tuesday","Wednesday","Thursday","Friday","Saturday","Sunday"],"opens":"09:00","closes":"17:00"}]},{"@type":"ImageObject","inLanguage":"es","@id":"https:\/\/zlcopenhagen.com\/es\/producto\/green-turquoise-vest\/#local-main-organization-logo","url":"https:\/\/zlcopenhagen.com\/wp-content\/uploads\/2016\/05\/blog-logo.jpg","contentUrl":"https:\/\/zlcopenhagen.com\/wp-content\/uploads\/2016\/05\/blog-logo.jpg","width":68,"height":68,"caption":"ZLCOPENHAGEN"}]},"og_availability":"instock","product_availability":"instock","product_retailer_item_id":"OFVEVI03","product_condition":"new"},"_links":{"self":[{"href":"https:\/\/zlcopenhagen.com\/es\/wp-json\/wp\/v2\/product\/24910","targetHints":{"allow":["GET"]}}],"collection":[{"href":"https:\/\/zlcopenhagen.com\/es\/wp-json\/wp\/v2\/product"}],"about":[{"href":"https:\/\/zlcopenhagen.com\/es\/wp-json\/wp\/v2\/types\/product"}],"replies":[{"embeddable":true,"href":"https:\/\/zlcopenhagen.com\/es\/wp-json\/wp\/v2\/comments?post=24910"}],"wp:featuredmedia":[{"embeddable":true,"href":"https:\/\/zlcopenhagen.com\/es\/wp-json\/wp\/v2\/media\/24911"}],"wp:attachment":[{"href":"https:\/\/zlcopenhagen.com\/es\/wp-json\/wp\/v2\/media?parent=24910"}],"wp:term":[{"taxonomy":"product_brand","embeddable":true,"href":"https:\/\/zlcopenhagen.com\/es\/wp-json\/wp\/v2\/product_brand?post=24910"},{"taxonomy":"product_cat","embeddable":true,"href":"https:\/\/zlcopenhagen.com\/es\/wp-json\/wp\/v2\/product_cat?post=24910"},{"taxonomy":"product_tag","embeddable":true,"href":"https:\/\/zlcopenhagen.com\/es\/wp-json\/wp\/v2\/product_tag?post=24910"}],"curies":[{"name":"wp","href":"https:\/\/api.w.org\/{rel}","templated":true}]}}