{"id":23763,"date":"2016-08-22T04:42:18","date_gmt":"2016-08-22T04:42:18","guid":{"rendered":"https:\/\/zlcopenhagen.com\/product\/zlc-beanie-black\/"},"modified":"2019-07-22T23:04:19","modified_gmt":"2019-07-22T22:04:19","slug":"zlc-beanie-black","status":"publish","type":"product","link":"https:\/\/zlcopenhagen.com\/es\/producto\/zlc-beanie-black\/","title":{"rendered":"ZLC PASAMONTA\u00d1AS NEGRO"},"content":{"rendered":"<p>[spb_tabs tabs_type=&#8221;standard&#8221; center_tabs=&#8221;no&#8221; width=&#8221;1\/1&#8243; el_position=&#8221;first last&#8221;] [spb_tab title=&#8221;Product&#8221; icon=&#8221;&#8221; id=&#8221;Product&#8221;] [spb_text_block animation=&#8221;none&#8221; animation_delay=&#8221;0&#8243; simplified_controls=&#8221;yes&#8221; custom_css_percentage=&#8221;no&#8221; padding_vertical=&#8221;0&#8243; padding_horizontal=&#8221;0&#8243; margin_vertical=&#8221;0&#8243; custom_css=&#8221;margin-top: 0px;margin-bottom: 0px;&#8221; border_size=&#8221;0&#8243; border_styling_global=&#8221;default&#8221; width=&#8221;1\/1&#8243; el_position=&#8221;first last&#8221;]<\/p>\n<p>Pasamonta\u00f1as negro Ideal para los d\u00edas fr\u00edos: caminatas, bicicleta o salidas con amigos.\u00a0\u00a0Dise\u00f1o elegante, cubre la cabeza en fr\u00edo e incluso cuando hay calor ya que es fresco y transpirable.<\/p>\n<p>[\/spb_text_block] [\/spb_tab] [spb_tab title=&#8221;Material&#8221; icon=&#8221;&#8221; id=&#8221;Material&#8221;] [spb_text_block animation=&#8221;none&#8221; animation_delay=&#8221;0&#8243; simplified_controls=&#8221;yes&#8221; custom_css_percentage=&#8221;no&#8221; padding_vertical=&#8221;0&#8243; padding_horizontal=&#8221;0&#8243; margin_vertical=&#8221;0&#8243; custom_css=&#8221;margin-top: 0px;margin-bottom: 0px;&#8221; border_size=&#8221;0&#8243; border_styling_global=&#8221;default&#8221; width=&#8221;1\/1&#8243; el_position=&#8221;first last&#8221;]<\/p>\n<ul>\n<li>100% Acryl wool<\/li>\n<li>Danish design, made in China<\/li>\n<\/ul>\n<p>[\/spb_text_block] [\/spb_tab] [spb_tab title=&#8221;Fit&#8221; icon=&#8221;&#8221; id=&#8221;Fit&#8221;] [spb_text_block animation=&#8221;none&#8221; animation_delay=&#8221;0&#8243; simplified_controls=&#8221;yes&#8221; custom_css_percentage=&#8221;no&#8221; padding_vertical=&#8221;0&#8243; padding_horizontal=&#8221;0&#8243; margin_vertical=&#8221;0&#8243; custom_css=&#8221;margin-top: 0px;margin-bottom: 0px;&#8221; border_size=&#8221;0&#8243; border_styling_global=&#8221;default&#8221; width=&#8221;1\/1&#8243; el_position=&#8221;first last&#8221;]<\/p>\n<p>Onesize<\/p>\n<p>[\/spb_text_block] [\/spb_tab] [spb_tab title=&#8221;Care&#8221; icon=&#8221;&#8221; id=&#8221;Care&#8221;] [spb_text_block animation=&#8221;none&#8221; animation_delay=&#8221;0&#8243; simplified_controls=&#8221;yes&#8221; custom_css_percentage=&#8221;no&#8221; padding_vertical=&#8221;0&#8243; padding_horizontal=&#8221;0&#8243; margin_vertical=&#8221;0&#8243; custom_css=&#8221;margin-top: 0px;margin-bottom: 0px;&#8221; border_size=&#8221;0&#8243; border_styling_global=&#8221;default&#8221; width=&#8221;1\/1&#8243; el_position=&#8221;first last&#8221;]<\/p>\n<ul>\n<li>\u00a0Lavar a mano o a m\u00e1quina con agua fr\u00eda<\/li>\n<li>No utilizar cloro, ni planchar<\/li>\n<li>Secar al aire libre o en secadora.<\/li>\n<\/ul>\n<p>[\/spb_text_block] [\/spb_tab] [\/spb_tabs] [spb_image image=&#8221;18663&#8243; image_size=&#8221;full&#8221; frame=&#8221;noframe&#8221; caption_pos=&#8221;below&#8221; remove_rounded=&#8221;yes&#8221; fullwidth=&#8221;no&#8221; overflow_mode=&#8221;none&#8221; link_target=&#8221;_self&#8221; lightbox=&#8221;no&#8221; intro_animation=&#8221;none&#8221; animation_delay=&#8221;200&#8243; width=&#8221;1\/1&#8243; el_position=&#8221;first last&#8221;][\/spb_image]<\/p>\n","protected":false},"excerpt":{"rendered":"<p>[spb_tabs tabs_type=&#8221;standard&#8221; center_tabs=&#8221;no&#8221; width=&#8221;1\/1&#8243; el_position=&#8221;first last&#8221;] [spb_tab title=&#8221;Product&#8221; icon=&#8221;&#8221; id=&#8221;Product&#8221;] [spb_text_block animation=&#8221;none&#8221; animation_delay=&#8221;0&#8243; simplified_controls=&#8221;yes&#8221; custom_css_percentage=&#8221;no&#8221; padding_vertical=&#8221;0&#8243; padding_horizontal=&#8221;0&#8243; margin_vertical=&#8221;0&#8243; custom_css=&#8221;margin-top: 0px;margin-bottom: 0px;&#8221; border_size=&#8221;0&#8243; border_styling_global=&#8221;default&#8221; width=&#8221;1\/1&#8243; el_position=&#8221;first last&#8221;] Pasamonta\u00f1as negro Ideal para los d\u00edas fr\u00edos: caminatas, bicicleta o salidas con amigos.\u00a0\u00a0Dise\u00f1o elegante, cubre la cabeza en fr\u00edo e incluso cuando hay calor ya que es fresco y transpirable. [\/spb_text_block] [\/spb_tab] [spb_tab title=&#8221;Material&#8221; [&hellip;]<\/p>\n","protected":false},"featured_media":23769,"comment_status":"closed","ping_status":"closed","template":"","meta":[],"product_brand":[],"product_cat":[661],"product_tag":[710,711],"class_list":{"0":"post-23763","1":"product","2":"type-product","3":"status-publish","4":"has-post-thumbnail","6":"product_cat-gorras-y-pasamontanas","7":"product_tag-beanies-es","8":"product_tag-cap-es","10":"first","11":"instock","12":"taxable","13":"shipping-taxable","14":"purchasable","15":"product-type-simple"},"yoast_head":"<!-- This site is optimized with the Yoast SEO Premium plugin v26.6 (Yoast SEO v27.5) - https:\/\/yoast.com\/product\/yoast-seo-premium-wordpress\/ -->\n<title>ZLC Beanie Black<\/title>\n<meta name=\"description\" content=\"ZLC beanie black cap is made recycled acrylic wool. This close-fitting comfortable beanie is suited to a multitude of outdoor uses. Worldwide delivery..\" \/>\n<meta name=\"robots\" content=\"index, follow, max-snippet:-1, max-image-preview:large, max-video-preview:-1\" \/>\n<link rel=\"canonical\" href=\"https:\/\/zlcopenhagen.com\/es\/producto\/zlc-beanie-black\/\" \/>\n<meta property=\"og:locale\" content=\"es_ES\" \/>\n<meta property=\"og:type\" content=\"article\" \/>\n<meta property=\"og:title\" content=\"ZLC PASAMONTA\u00d1AS NEGRO\" \/>\n<meta property=\"og:description\" content=\"ZLC beanie black cap is made recycled acrylic wool. This close-fitting comfortable beanie is suited to a multitude of outdoor uses. Worldwide delivery..\" \/>\n<meta property=\"og:url\" content=\"https:\/\/zlcopenhagen.com\/es\/producto\/zlc-beanie-black\/\" \/>\n<meta property=\"og:site_name\" content=\"zlcopenhagen.com\" \/>\n<meta property=\"article:modified_time\" content=\"2019-07-22T22:04:19+00:00\" \/>\n<meta property=\"og:image\" content=\"https:\/\/i0.wp.com\/zlcopenhagen.com\/wp-content\/uploads\/2016\/08\/JRBY9335-full.jpg?fit=3546%2C5319&ssl=1\" \/>\n\t<meta property=\"og:image:width\" content=\"3546\" \/>\n\t<meta property=\"og:image:height\" content=\"5319\" \/>\n\t<meta property=\"og:image:type\" content=\"image\/jpeg\" \/>\n<meta name=\"twitter:card\" content=\"summary_large_image\" \/>\n<meta name=\"twitter:label1\" content=\"Precio\" \/>\n\t<meta name=\"twitter:data1\" content=\"&#036;&nbsp;35\" \/>\n\t<meta name=\"twitter:label2\" content=\"Disponibilidad\" \/>\n\t<meta name=\"twitter:data2\" content=\"Disponible\" \/>\n<meta property=\"product:price:amount\" content=\"35\" \/>\n<meta property=\"product:price:currency\" content=\"USD\" \/>\n<meta property=\"og:availability\" content=\"instock\" \/>\n<meta property=\"product:availability\" content=\"instock\" \/>\n<meta property=\"product:retailer_item_id\" content=\"603109\" \/>\n<meta property=\"product:condition\" content=\"new\" \/>\n<!-- \/ Yoast SEO Premium plugin. -->","yoast_head_json":{"title":"ZLC Beanie Black","description":"ZLC beanie black cap is made recycled acrylic wool. This close-fitting comfortable beanie is suited to a multitude of outdoor uses. Worldwide delivery..","robots":{"index":"index","follow":"follow","max-snippet":"max-snippet:-1","max-image-preview":"max-image-preview:large","max-video-preview":"max-video-preview:-1"},"canonical":"https:\/\/zlcopenhagen.com\/es\/producto\/zlc-beanie-black\/","og_locale":"es_ES","og_type":"article","og_title":"ZLC PASAMONTA\u00d1AS NEGRO","og_description":"ZLC beanie black cap is made recycled acrylic wool. This close-fitting comfortable beanie is suited to a multitude of outdoor uses. Worldwide delivery..","og_url":"https:\/\/zlcopenhagen.com\/es\/producto\/zlc-beanie-black\/","og_site_name":"zlcopenhagen.com","article_modified_time":"2019-07-22T22:04:19+00:00","og_image":[{"width":3546,"height":5319,"url":"https:\/\/i0.wp.com\/zlcopenhagen.com\/wp-content\/uploads\/2016\/08\/JRBY9335-full.jpg?fit=3546%2C5319&ssl=1","type":"image\/jpeg"}],"twitter_card":"summary_large_image","twitter_misc":{"Precio":"&#36;&nbsp;35","Disponibilidad":"Disponible"},"schema":{"@context":"https:\/\/schema.org","@graph":[{"@type":"WebPage","@id":"https:\/\/zlcopenhagen.com\/es\/producto\/zlc-beanie-black\/","url":"https:\/\/zlcopenhagen.com\/es\/producto\/zlc-beanie-black\/","name":"ZLC Beanie Black","isPartOf":{"@id":"https:\/\/zlcopenhagen.com\/#website"},"primaryImageOfPage":{"@id":"https:\/\/zlcopenhagen.com\/es\/producto\/zlc-beanie-black\/#primaryimage"},"image":{"@id":"https:\/\/zlcopenhagen.com\/es\/producto\/zlc-beanie-black\/#primaryimage"},"thumbnailUrl":"https:\/\/zlcopenhagen.com\/wp-content\/uploads\/2016\/08\/JRBY9335-full.jpg","datePublished":"2016-08-22T04:42:18+00:00","dateModified":"2019-07-22T22:04:19+00:00","description":"ZLC beanie black cap is made recycled acrylic wool. This close-fitting comfortable beanie is suited to a multitude of outdoor uses. Worldwide delivery..","breadcrumb":{"@id":"https:\/\/zlcopenhagen.com\/es\/producto\/zlc-beanie-black\/#breadcrumb"},"inLanguage":"es","potentialAction":[{"@type":"ReadAction","target":["https:\/\/zlcopenhagen.com\/es\/producto\/zlc-beanie-black\/"]}]},{"@type":"ImageObject","inLanguage":"es","@id":"https:\/\/zlcopenhagen.com\/es\/producto\/zlc-beanie-black\/#primaryimage","url":"https:\/\/zlcopenhagen.com\/wp-content\/uploads\/2016\/08\/JRBY9335-full.jpg","contentUrl":"https:\/\/zlcopenhagen.com\/wp-content\/uploads\/2016\/08\/JRBY9335-full.jpg","width":3546,"height":5319,"caption":"Black Beanie"},{"@type":"BreadcrumbList","@id":"https:\/\/zlcopenhagen.com\/es\/producto\/zlc-beanie-black\/#breadcrumb","itemListElement":[{"@type":"ListItem","position":1,"name":"Home","item":"https:\/\/zlcopenhagen.com\/es\/"},{"@type":"ListItem","position":2,"name":"Shop","item":"https:\/\/zlcopenhagen.com\/es\/shop\/"},{"@type":"ListItem","position":3,"name":"ZLC PASAMONTA\u00d1AS NEGRO"}]},{"@type":"WebSite","@id":"https:\/\/zlcopenhagen.com\/#website","url":"https:\/\/zlcopenhagen.com\/","name":"zlcopenhagen.com","description":"","publisher":{"@id":"https:\/\/zlcopenhagen.com\/#organization"},"potentialAction":[{"@type":"SearchAction","target":{"@type":"EntryPoint","urlTemplate":"https:\/\/zlcopenhagen.com\/?s={search_term_string}"},"query-input":{"@type":"PropertyValueSpecification","valueRequired":true,"valueName":"search_term_string"}}],"inLanguage":"es"},{"@type":["Organization","Place"],"@id":"https:\/\/zlcopenhagen.com\/#organization","name":"ZLCOPENHAGEN","alternateName":"ZLCOPENHAGEN","url":"https:\/\/zlcopenhagen.com\/","logo":{"@id":"https:\/\/zlcopenhagen.com\/es\/producto\/zlc-beanie-black\/#local-main-organization-logo"},"image":{"@id":"https:\/\/zlcopenhagen.com\/es\/producto\/zlc-beanie-black\/#local-main-organization-logo"},"sameAs":["https:\/\/www.youtube.com\/channel\/UCy7JINwB6DMr2fA9yHpDQJg"],"telephone":[],"openingHoursSpecification":[{"@type":"OpeningHoursSpecification","dayOfWeek":["Monday","Tuesday","Wednesday","Thursday","Friday","Saturday","Sunday"],"opens":"09:00","closes":"17:00"}]},{"@type":"ImageObject","inLanguage":"es","@id":"https:\/\/zlcopenhagen.com\/es\/producto\/zlc-beanie-black\/#local-main-organization-logo","url":"https:\/\/zlcopenhagen.com\/wp-content\/uploads\/2016\/05\/blog-logo.jpg","contentUrl":"https:\/\/zlcopenhagen.com\/wp-content\/uploads\/2016\/05\/blog-logo.jpg","width":68,"height":68,"caption":"ZLCOPENHAGEN"}]},"product_price_amount":"35","product_price_currency":"USD","og_availability":"instock","product_availability":"instock","product_retailer_item_id":"603109","product_condition":"new"},"_links":{"self":[{"href":"https:\/\/zlcopenhagen.com\/es\/wp-json\/wp\/v2\/product\/23763","targetHints":{"allow":["GET"]}}],"collection":[{"href":"https:\/\/zlcopenhagen.com\/es\/wp-json\/wp\/v2\/product"}],"about":[{"href":"https:\/\/zlcopenhagen.com\/es\/wp-json\/wp\/v2\/types\/product"}],"replies":[{"embeddable":true,"href":"https:\/\/zlcopenhagen.com\/es\/wp-json\/wp\/v2\/comments?post=23763"}],"wp:featuredmedia":[{"embeddable":true,"href":"https:\/\/zlcopenhagen.com\/es\/wp-json\/wp\/v2\/media\/23769"}],"wp:attachment":[{"href":"https:\/\/zlcopenhagen.com\/es\/wp-json\/wp\/v2\/media?parent=23763"}],"wp:term":[{"taxonomy":"product_brand","embeddable":true,"href":"https:\/\/zlcopenhagen.com\/es\/wp-json\/wp\/v2\/product_brand?post=23763"},{"taxonomy":"product_cat","embeddable":true,"href":"https:\/\/zlcopenhagen.com\/es\/wp-json\/wp\/v2\/product_cat?post=23763"},{"taxonomy":"product_tag","embeddable":true,"href":"https:\/\/zlcopenhagen.com\/es\/wp-json\/wp\/v2\/product_tag?post=23763"}],"curies":[{"name":"wp","href":"https:\/\/api.w.org\/{rel}","templated":true}]}}