{"id":23233,"date":"2025-11-07T11:49:12","date_gmt":"2025-11-07T10:49:12","guid":{"rendered":"https:\/\/zlcopenhagen.com\/product\/zlc-black-classic-swimwear\/"},"modified":"2025-11-08T07:26:42","modified_gmt":"2025-11-08T06:26:42","slug":"banador-hombre-negro-clasico-reciclado","status":"publish","type":"product","link":"https:\/\/zlcopenhagen.com\/es\/producto\/banador-hombre-negro-clasico-reciclado\/","title":{"rendered":"TRAJE DE BA\u00f1O NEGRO CL\u00e1SICO"},"content":{"rendered":"<p>[spb_image image=&#8221;18008&#8243; image_size=&#8221;full&#8221; frame=&#8221;noframe&#8221; caption_pos=&#8221;hover&#8221; remove_rounded=&#8221;yes&#8221; fullwidth=&#8221;yes&#8221; overflow_mode=&#8221;none&#8221; link_target=&#8221;_self&#8221; lightbox=&#8221;yes&#8221; intro_animation=&#8221;none&#8221; animation_delay=&#8221;200&#8243; width=&#8221;1\/2&#8243; el_position=&#8221;first&#8221;][\/spb_image] [spb_image image=&#8221;17981&#8243; image_size=&#8221;full&#8221; frame=&#8221;noframe&#8221; caption_pos=&#8221;hover&#8221; remove_rounded=&#8221;yes&#8221; fullwidth=&#8221;yes&#8221; overflow_mode=&#8221;none&#8221; link_target=&#8221;_self&#8221; lightbox=&#8221;yes&#8221; intro_animation=&#8221;none&#8221; animation_delay=&#8221;200&#8243; width=&#8221;1\/2&#8243; el_position=&#8221;last&#8221;][\/spb_image] [spb_image image=&#8221;17046&#8243; image_size=&#8221;full&#8221; frame=&#8221;noframe&#8221; caption_pos=&#8221;hover&#8221; remove_rounded=&#8221;yes&#8221; fullwidth=&#8221;yes&#8221; overflow_mode=&#8221;none&#8221; link_target=&#8221;_self&#8221; lightbox=&#8221;yes&#8221; intro_animation=&#8221;none&#8221; animation_delay=&#8221;200&#8243; width=&#8221;1\/2&#8243; el_position=&#8221;first&#8221;][\/spb_image] [spb_image image=&#8221;17042&#8243; image_size=&#8221;full&#8221; frame=&#8221;noframe&#8221; caption_pos=&#8221;hover&#8221; remove_rounded=&#8221;yes&#8221; fullwidth=&#8221;yes&#8221; overflow_mode=&#8221;none&#8221; link_target=&#8221;_self&#8221; lightbox=&#8221;yes&#8221; intro_animation=&#8221;none&#8221; animation_delay=&#8221;200&#8243; width=&#8221;1\/2&#8243; el_position=&#8221;last&#8221;][\/spb_image] [spb_image image=&#8221;17933&#8243; image_size=&#8221;full&#8221; frame=&#8221;noframe&#8221; caption_pos=&#8221;hover&#8221; remove_rounded=&#8221;yes&#8221; fullwidth=&#8221;no&#8221; overflow_mode=&#8221;none&#8221; link_target=&#8221;_self&#8221; lightbox=&#8221;no&#8221; intro_animation=&#8221;none&#8221; animation_delay=&#8221;200&#8243; width=&#8221;1\/1&#8243; el_position=&#8221;first last&#8221;][\/spb_image] [spb_image image=&#8221;18886&#8243; image_size=&#8221;full&#8221; frame=&#8221;noframe&#8221; caption_pos=&#8221;hover&#8221; remove_rounded=&#8221;yes&#8221; fullwidth=&#8221;no&#8221; overflow_mode=&#8221;none&#8221; link_target=&#8221;_self&#8221; lightbox=&#8221;yes&#8221; intro_animation=&#8221;none&#8221; animation_delay=&#8221;200&#8243; width=&#8221;1\/1&#8243; el_position=&#8221;first last&#8221;][\/spb_image]<\/p>\n","protected":false},"excerpt":{"rendered":"<div class=\"short-description\">\n<p data-start=\"146\" data-end=\"579\">Atr\u00e9vete con el ba\u00f1ador negro ajustado que realza tu paquete y resalta tu figura con un toque dan\u00e9s irresistible. Dise\u00f1ado para marcar m\u00e1s, este ba\u00f1ador reciclado de ZLCOPENHAGEN combina sostenibilidad y deseo. Su tejido ECONYL\u00ae se adapta a tu cuerpo, haciendo que se te vea m\u00e1s grande, firme y con estilo. Perfecto para el hombre que quiere llamar la atenci\u00f3n en la playa sin dejar de ser elegante.<\/p>\n<p data-start=\"581\" data-end=\"737\">Explora m\u00e1s estilos en nuestra <strong><a class=\"decorated-link\" href=\"https:\/\/zlcopenhagen.com\/es\/categoria-producto\/speedos-banadores-hombres\/\" target=\"_new\" rel=\"noopener\" data-start=\"612\" data-end=\"734\">categor\u00eda de speedos y ba\u00f1adores para hombres<\/a><\/strong>.<\/p>\n<\/div>\n<div class=\"row-product\"><\/div>\n","protected":false},"featured_media":23240,"comment_status":"closed","ping_status":"closed","template":"","meta":[],"product_brand":[],"product_cat":[650],"product_tag":[1418,667,668],"class_list":{"0":"post-23233","1":"product","2":"type-product","3":"status-publish","4":"has-post-thumbnail","6":"product_cat-speedos-banadores-hombres","7":"product_tag-black-es","8":"product_tag-menswear-es","9":"product_tag-swimwear-es","11":"first","12":"onbackorder","13":"taxable","14":"shipping-taxable","15":"purchasable","16":"product-type-variable"},"yoast_head":"<!-- This site is optimized with the Yoast SEO Premium plugin v26.6 (Yoast SEO v27.4) - https:\/\/yoast.com\/product\/yoast-seo-premium-wordpress\/ -->\n<title>Ba\u00f1ador negro ajustado para hombre \u2013 muestra tu bulge con estilo<\/title>\n<meta name=\"description\" content=\"Ba\u00f1ador negro ajustado para hombre que realza tu paquete y resalta tus formas. Dise\u00f1o reciclado, c\u00f3modo y pensado para que se te vea m\u00e1s grande con estilo.\" \/>\n<meta name=\"robots\" content=\"index, follow, max-snippet:-1, max-image-preview:large, max-video-preview:-1\" \/>\n<link rel=\"canonical\" href=\"https:\/\/zlcopenhagen.com\/es\/producto\/banador-hombre-negro-clasico-reciclado\/\" \/>\n<meta property=\"og:locale\" content=\"es_ES\" \/>\n<meta property=\"og:type\" content=\"article\" \/>\n<meta property=\"og:title\" content=\"TRAJE DE BA\u00f1O NEGRO CL\u00e1SICO\" \/>\n<meta property=\"og:description\" content=\"Ba\u00f1ador negro ajustado para hombre que realza tu paquete y resalta tus formas. Dise\u00f1o reciclado, c\u00f3modo y pensado para que se te vea m\u00e1s grande con estilo.\" \/>\n<meta property=\"og:url\" content=\"https:\/\/zlcopenhagen.com\/es\/producto\/banador-hombre-negro-clasico-reciclado\/\" \/>\n<meta property=\"og:site_name\" content=\"zlcopenhagen.com\" \/>\n<meta property=\"article:modified_time\" content=\"2025-11-08T06:26:42+00:00\" \/>\n<meta property=\"og:image\" content=\"https:\/\/zlcopenhagen.com\/wp-content\/uploads\/2016\/07\/ZLC-BLACK-CLASSIC-SWIMWEAR-SIDE.jpg\" \/>\n\t<meta property=\"og:image:width\" content=\"1000\" \/>\n\t<meta property=\"og:image:height\" content=\"1000\" \/>\n\t<meta property=\"og:image:type\" content=\"image\/jpeg\" \/>\n<meta name=\"twitter:card\" content=\"summary_large_image\" \/>\n<meta name=\"twitter:label1\" content=\"Disponibilidad\" \/>\n\t<meta name=\"twitter:data1\" content=\"Disponible para reservar\" \/>\n<meta property=\"og:availability\" content=\"backorder\" \/>\n<meta property=\"product:availability\" content=\"available for order\" \/>\n<meta property=\"product:retailer_item_id\" content=\"ofsw03\" \/>\n<meta property=\"product:condition\" content=\"new\" \/>\n<!-- \/ Yoast SEO Premium plugin. -->","yoast_head_json":{"title":"Ba\u00f1ador negro ajustado para hombre \u2013 muestra tu bulge con estilo","description":"Ba\u00f1ador negro ajustado para hombre que realza tu paquete y resalta tus formas. Dise\u00f1o reciclado, c\u00f3modo y pensado para que se te vea m\u00e1s grande con estilo.","robots":{"index":"index","follow":"follow","max-snippet":"max-snippet:-1","max-image-preview":"max-image-preview:large","max-video-preview":"max-video-preview:-1"},"canonical":"https:\/\/zlcopenhagen.com\/es\/producto\/banador-hombre-negro-clasico-reciclado\/","og_locale":"es_ES","og_type":"article","og_title":"TRAJE DE BA\u00f1O NEGRO CL\u00e1SICO","og_description":"Ba\u00f1ador negro ajustado para hombre que realza tu paquete y resalta tus formas. Dise\u00f1o reciclado, c\u00f3modo y pensado para que se te vea m\u00e1s grande con estilo.","og_url":"https:\/\/zlcopenhagen.com\/es\/producto\/banador-hombre-negro-clasico-reciclado\/","og_site_name":"zlcopenhagen.com","article_modified_time":"2025-11-08T06:26:42+00:00","og_image":[{"width":1000,"height":1000,"url":"https:\/\/zlcopenhagen.com\/wp-content\/uploads\/2016\/07\/ZLC-BLACK-CLASSIC-SWIMWEAR-SIDE.jpg","type":"image\/jpeg"}],"twitter_card":"summary_large_image","twitter_misc":{"Disponibilidad":"Disponible para reservar"},"schema":{"@context":"https:\/\/schema.org","@graph":[{"@type":"WebPage","@id":"https:\/\/zlcopenhagen.com\/es\/producto\/banador-hombre-negro-clasico-reciclado\/","url":"https:\/\/zlcopenhagen.com\/es\/producto\/banador-hombre-negro-clasico-reciclado\/","name":"Ba\u00f1ador negro ajustado para hombre \u2013 muestra tu bulge con estilo","isPartOf":{"@id":"https:\/\/zlcopenhagen.com\/#website"},"primaryImageOfPage":{"@id":"https:\/\/zlcopenhagen.com\/es\/producto\/banador-hombre-negro-clasico-reciclado\/#primaryimage"},"image":{"@id":"https:\/\/zlcopenhagen.com\/es\/producto\/banador-hombre-negro-clasico-reciclado\/#primaryimage"},"thumbnailUrl":"https:\/\/zlcopenhagen.com\/wp-content\/uploads\/2016\/07\/ZLC-BLACK-CLASSIC-SWIMWEAR-SIDE.jpg","datePublished":"2025-11-07T10:49:12+00:00","dateModified":"2025-11-08T06:26:42+00:00","description":"Ba\u00f1ador negro ajustado para hombre que realza tu paquete y resalta tus formas. Dise\u00f1o reciclado, c\u00f3modo y pensado para que se te vea m\u00e1s grande con estilo.","breadcrumb":{"@id":"https:\/\/zlcopenhagen.com\/es\/producto\/banador-hombre-negro-clasico-reciclado\/#breadcrumb"},"inLanguage":"es","potentialAction":[{"@type":"ReadAction","target":["https:\/\/zlcopenhagen.com\/es\/producto\/banador-hombre-negro-clasico-reciclado\/"]}]},{"@type":"ImageObject","inLanguage":"es","@id":"https:\/\/zlcopenhagen.com\/es\/producto\/banador-hombre-negro-clasico-reciclado\/#primaryimage","url":"https:\/\/zlcopenhagen.com\/wp-content\/uploads\/2016\/07\/ZLC-BLACK-CLASSIC-SWIMWEAR-SIDE.jpg","contentUrl":"https:\/\/zlcopenhagen.com\/wp-content\/uploads\/2016\/07\/ZLC-BLACK-CLASSIC-SWIMWEAR-SIDE.jpg","width":1000,"height":1000,"caption":"Schwarze klassische Badebekleidung"},{"@type":"BreadcrumbList","@id":"https:\/\/zlcopenhagen.com\/es\/producto\/banador-hombre-negro-clasico-reciclado\/#breadcrumb","itemListElement":[{"@type":"ListItem","position":1,"name":"Home","item":"https:\/\/zlcopenhagen.com\/es\/"},{"@type":"ListItem","position":2,"name":"Shop","item":"https:\/\/zlcopenhagen.com\/es\/shop\/"},{"@type":"ListItem","position":3,"name":"TRAJE DE BA\u00f1O NEGRO CL\u00e1SICO"}]},{"@type":"WebSite","@id":"https:\/\/zlcopenhagen.com\/#website","url":"https:\/\/zlcopenhagen.com\/","name":"zlcopenhagen.com","description":"","publisher":{"@id":"https:\/\/zlcopenhagen.com\/#organization"},"potentialAction":[{"@type":"SearchAction","target":{"@type":"EntryPoint","urlTemplate":"https:\/\/zlcopenhagen.com\/?s={search_term_string}"},"query-input":{"@type":"PropertyValueSpecification","valueRequired":true,"valueName":"search_term_string"}}],"inLanguage":"es"},{"@type":["Organization","Place"],"@id":"https:\/\/zlcopenhagen.com\/#organization","name":"ZLCOPENHAGEN","alternateName":"ZLCOPENHAGEN","url":"https:\/\/zlcopenhagen.com\/","logo":{"@id":"https:\/\/zlcopenhagen.com\/es\/producto\/banador-hombre-negro-clasico-reciclado\/#local-main-organization-logo"},"image":{"@id":"https:\/\/zlcopenhagen.com\/es\/producto\/banador-hombre-negro-clasico-reciclado\/#local-main-organization-logo"},"sameAs":["https:\/\/www.youtube.com\/channel\/UCy7JINwB6DMr2fA9yHpDQJg"],"telephone":[],"openingHoursSpecification":[{"@type":"OpeningHoursSpecification","dayOfWeek":["Monday","Tuesday","Wednesday","Thursday","Friday","Saturday","Sunday"],"opens":"09:00","closes":"17:00"}]},{"@type":"ImageObject","inLanguage":"es","@id":"https:\/\/zlcopenhagen.com\/es\/producto\/banador-hombre-negro-clasico-reciclado\/#local-main-organization-logo","url":"https:\/\/zlcopenhagen.com\/wp-content\/uploads\/2016\/05\/blog-logo.jpg","contentUrl":"https:\/\/zlcopenhagen.com\/wp-content\/uploads\/2016\/05\/blog-logo.jpg","width":68,"height":68,"caption":"ZLCOPENHAGEN"}]},"og_availability":"backorder","product_availability":"available for order","product_retailer_item_id":"ofsw03","product_condition":"new"},"_links":{"self":[{"href":"https:\/\/zlcopenhagen.com\/es\/wp-json\/wp\/v2\/product\/23233","targetHints":{"allow":["GET"]}}],"collection":[{"href":"https:\/\/zlcopenhagen.com\/es\/wp-json\/wp\/v2\/product"}],"about":[{"href":"https:\/\/zlcopenhagen.com\/es\/wp-json\/wp\/v2\/types\/product"}],"replies":[{"embeddable":true,"href":"https:\/\/zlcopenhagen.com\/es\/wp-json\/wp\/v2\/comments?post=23233"}],"wp:featuredmedia":[{"embeddable":true,"href":"https:\/\/zlcopenhagen.com\/es\/wp-json\/wp\/v2\/media\/23240"}],"wp:attachment":[{"href":"https:\/\/zlcopenhagen.com\/es\/wp-json\/wp\/v2\/media?parent=23233"}],"wp:term":[{"taxonomy":"product_brand","embeddable":true,"href":"https:\/\/zlcopenhagen.com\/es\/wp-json\/wp\/v2\/product_brand?post=23233"},{"taxonomy":"product_cat","embeddable":true,"href":"https:\/\/zlcopenhagen.com\/es\/wp-json\/wp\/v2\/product_cat?post=23233"},{"taxonomy":"product_tag","embeddable":true,"href":"https:\/\/zlcopenhagen.com\/es\/wp-json\/wp\/v2\/product_tag?post=23233"}],"curies":[{"name":"wp","href":"https:\/\/api.w.org\/{rel}","templated":true}]}}