{"id":23163,"date":"2017-07-07T21:09:56","date_gmt":"2017-07-07T20:09:56","guid":{"rendered":"https:\/\/zlcopenhagen.com\/product\/zlc-white-swimwear\/"},"modified":"2025-11-30T06:37:18","modified_gmt":"2025-11-30T05:37:18","slug":"banador-blanco-cordon-ajustado-hombre","status":"publish","type":"product","link":"https:\/\/zlcopenhagen.com\/es\/producto\/banador-blanco-cordon-ajustado-hombre\/","title":{"rendered":"TRAJE DE BA\u00f1O BLANCO ZLC"},"content":{"rendered":"<p>[spb_image image=&#8221;21215&#8243; image_size=&#8221;full&#8221; frame=&#8221;noframe&#8221; caption_pos=&#8221;hover&#8221; remove_rounded=&#8221;yes&#8221; fullwidth=&#8221;no&#8221; overflow_mode=&#8221;none&#8221; link_target=&#8221;_self&#8221; lightbox=&#8221;no&#8221; intro_animation=&#8221;none&#8221; animation_delay=&#8221;200&#8243; width=&#8221;1\/2&#8243; el_position=&#8221;first&#8221;][\/spb_image] [spb_image image=&#8221;16970&#8243; image_size=&#8221;full&#8221; frame=&#8221;noframe&#8221; caption_pos=&#8221;hover&#8221; remove_rounded=&#8221;yes&#8221; fullwidth=&#8221;no&#8221; overflow_mode=&#8221;none&#8221; link_target=&#8221;_self&#8221; lightbox=&#8221;no&#8221; intro_animation=&#8221;none&#8221; animation_delay=&#8221;200&#8243; width=&#8221;1\/2&#8243; el_position=&#8221;last&#8221;][\/spb_image] [spb_image image=&#8221;21218&#8243; image_size=&#8221;full&#8221; frame=&#8221;noframe&#8221; caption_pos=&#8221;hover&#8221; remove_rounded=&#8221;yes&#8221; fullwidth=&#8221;no&#8221; overflow_mode=&#8221;none&#8221; link_target=&#8221;_self&#8221; lightbox=&#8221;no&#8221; intro_animation=&#8221;none&#8221; animation_delay=&#8221;200&#8243; width=&#8221;1\/2&#8243; el_position=&#8221;first&#8221;][\/spb_image] [spb_image image=&#8221;21222&#8243; image_size=&#8221;full&#8221; frame=&#8221;noframe&#8221; caption_pos=&#8221;hover&#8221; remove_rounded=&#8221;yes&#8221; fullwidth=&#8221;no&#8221; overflow_mode=&#8221;none&#8221; link_target=&#8221;_self&#8221; lightbox=&#8221;no&#8221; intro_animation=&#8221;none&#8221; animation_delay=&#8221;200&#8243; width=&#8221;1\/2&#8243; el_position=&#8221;last&#8221;][\/spb_image]<\/p>\n","protected":false},"excerpt":{"rendered":"<p>El ba\u00f1ador blanco ajustado con cord\u00f3n de <strong>ZLCOPENHAGEN<\/strong> redefine la sensualidad masculina. Dise\u00f1ado para <strong>realzar tu paquete<\/strong> y destacar tu cuerpo, su tejido <strong>reciclado y el\u00e1stico<\/strong> abraza cada forma con elegancia n\u00f3rdica. Perfecto para el hombre que busca un estilo limpio, provocador y sostenible. Ideal para la playa o la piscina, te har\u00e1 lucir m\u00e1s grande, m\u00e1s firme y lleno de confianza.<\/p>\n<p>Explora m\u00e1s en nuestra\u00a0<a class=\"decorated-link\" href=\"https:\/\/zlcopenhagen.com\/es\/categoria-producto\/speedos-banadores-hombres\/\" target=\"_new\" rel=\"noopener\">categor\u00eda de ba\u00f1adores para hombres\u00a0<\/a>o descubre toda la colecci\u00f3n\u00a0<a class=\"decorated-link cursor-pointer\" href=\"\/?product_cat=banadores-hombre\" target=\"_new\" rel=\"noopener\">de swimwear sostenible<\/a>.<\/p>\n<p><a href=\"https:\/\/zlcopenhagen.com\/es\/cuerpo-musculoso-sin-bullshit\/\" target=\"_blank\" rel=\"noopener\">Read more\u00a0<\/a><\/p>\n","protected":false},"featured_media":27231,"comment_status":"closed","ping_status":"closed","template":"","meta":[],"product_brand":[],"product_cat":[650],"product_tag":[668,1205],"class_list":{"0":"post-23163","1":"product","2":"type-product","3":"status-publish","4":"has-post-thumbnail","6":"product_cat-speedos-banadores-hombres","7":"product_tag-swimwear-es","8":"product_tag-white-es","10":"first","11":"instock","12":"taxable","13":"shipping-taxable","14":"purchasable","15":"product-type-variable","16":"has-default-attributes"},"yoast_head":"<!-- This site is optimized with the Yoast SEO Premium plugin v26.6 (Yoast SEO v27.4) - https:\/\/yoast.com\/product\/yoast-seo-premium-wordpress\/ -->\n<title>Ba\u00f1ador blanco ajustado con cord\u00f3n \u2013 realza tu paquete con estilo<\/title>\n<meta name=\"description\" content=\"Ba\u00f1ador blanco con cord\u00f3n que marca tu paquete y realza tu figura. Su tejido reciclado y el\u00e1stico se adapta al cuerpo, d\u00e1ndote una apariencia m\u00e1s firme y provocadora. Perfecto para destacar en la playa con estilo limpio y sexy\" \/>\n<meta name=\"robots\" content=\"index, follow, max-snippet:-1, max-image-preview:large, max-video-preview:-1\" \/>\n<link rel=\"canonical\" href=\"https:\/\/zlcopenhagen.com\/es\/producto\/banador-blanco-cordon-ajustado-hombre\/\" \/>\n<meta property=\"og:locale\" content=\"es_ES\" \/>\n<meta property=\"og:type\" content=\"article\" \/>\n<meta property=\"og:title\" content=\"TRAJE DE BA\u00f1O BLANCO ZLC\" \/>\n<meta property=\"og:description\" content=\"Ba\u00f1ador blanco con cord\u00f3n que marca tu paquete y realza tu figura. Su tejido reciclado y el\u00e1stico se adapta al cuerpo, d\u00e1ndote una apariencia m\u00e1s firme y provocadora. Perfecto para destacar en la playa con estilo limpio y sexy\" \/>\n<meta property=\"og:url\" content=\"https:\/\/zlcopenhagen.com\/es\/producto\/banador-blanco-cordon-ajustado-hombre\/\" \/>\n<meta property=\"og:site_name\" content=\"zlcopenhagen.com\" \/>\n<meta property=\"article:modified_time\" content=\"2025-11-30T05:37:18+00:00\" \/>\n<meta property=\"og:image\" content=\"https:\/\/zlcopenhagen.com\/wp-content\/uploads\/2017\/07\/MG_5632-scaled.jpg\" \/>\n\t<meta property=\"og:image:width\" content=\"1707\" \/>\n\t<meta property=\"og:image:height\" content=\"2560\" \/>\n\t<meta property=\"og:image:type\" content=\"image\/jpeg\" \/>\n<meta name=\"twitter:card\" content=\"summary_large_image\" \/>\n<meta name=\"twitter:label1\" content=\"Disponibilidad\" \/>\n\t<meta name=\"twitter:data1\" content=\"Disponible\" \/>\n<meta property=\"og:availability\" content=\"instock\" \/>\n<meta property=\"product:availability\" content=\"instock\" \/>\n<meta property=\"product:condition\" content=\"new\" \/>\n<!-- \/ Yoast SEO Premium plugin. -->","yoast_head_json":{"title":"Ba\u00f1ador blanco ajustado con cord\u00f3n \u2013 realza tu paquete con estilo","description":"Ba\u00f1ador blanco con cord\u00f3n que marca tu paquete y realza tu figura. Su tejido reciclado y el\u00e1stico se adapta al cuerpo, d\u00e1ndote una apariencia m\u00e1s firme y provocadora. Perfecto para destacar en la playa con estilo limpio y sexy","robots":{"index":"index","follow":"follow","max-snippet":"max-snippet:-1","max-image-preview":"max-image-preview:large","max-video-preview":"max-video-preview:-1"},"canonical":"https:\/\/zlcopenhagen.com\/es\/producto\/banador-blanco-cordon-ajustado-hombre\/","og_locale":"es_ES","og_type":"article","og_title":"TRAJE DE BA\u00f1O BLANCO ZLC","og_description":"Ba\u00f1ador blanco con cord\u00f3n que marca tu paquete y realza tu figura. Su tejido reciclado y el\u00e1stico se adapta al cuerpo, d\u00e1ndote una apariencia m\u00e1s firme y provocadora. Perfecto para destacar en la playa con estilo limpio y sexy","og_url":"https:\/\/zlcopenhagen.com\/es\/producto\/banador-blanco-cordon-ajustado-hombre\/","og_site_name":"zlcopenhagen.com","article_modified_time":"2025-11-30T05:37:18+00:00","og_image":[{"width":1707,"height":2560,"url":"https:\/\/zlcopenhagen.com\/wp-content\/uploads\/2017\/07\/MG_5632-scaled.jpg","type":"image\/jpeg"}],"twitter_card":"summary_large_image","twitter_misc":{"Disponibilidad":"Disponible"},"schema":{"@context":"https:\/\/schema.org","@graph":[{"@type":"WebPage","@id":"https:\/\/zlcopenhagen.com\/es\/producto\/banador-blanco-cordon-ajustado-hombre\/","url":"https:\/\/zlcopenhagen.com\/es\/producto\/banador-blanco-cordon-ajustado-hombre\/","name":"Ba\u00f1ador blanco ajustado con cord\u00f3n \u2013 realza tu paquete con estilo","isPartOf":{"@id":"https:\/\/zlcopenhagen.com\/#website"},"primaryImageOfPage":{"@id":"https:\/\/zlcopenhagen.com\/es\/producto\/banador-blanco-cordon-ajustado-hombre\/#primaryimage"},"image":{"@id":"https:\/\/zlcopenhagen.com\/es\/producto\/banador-blanco-cordon-ajustado-hombre\/#primaryimage"},"thumbnailUrl":"https:\/\/zlcopenhagen.com\/wp-content\/uploads\/2017\/07\/MG_5632-scaled.jpg","datePublished":"2017-07-07T20:09:56+00:00","dateModified":"2025-11-30T05:37:18+00:00","description":"Ba\u00f1ador blanco con cord\u00f3n que marca tu paquete y realza tu figura. Su tejido reciclado y el\u00e1stico se adapta al cuerpo, d\u00e1ndote una apariencia m\u00e1s firme y provocadora. Perfecto para destacar en la playa con estilo limpio y sexy","breadcrumb":{"@id":"https:\/\/zlcopenhagen.com\/es\/producto\/banador-blanco-cordon-ajustado-hombre\/#breadcrumb"},"inLanguage":"es","potentialAction":[{"@type":"ReadAction","target":["https:\/\/zlcopenhagen.com\/es\/producto\/banador-blanco-cordon-ajustado-hombre\/"]}]},{"@type":"ImageObject","inLanguage":"es","@id":"https:\/\/zlcopenhagen.com\/es\/producto\/banador-blanco-cordon-ajustado-hombre\/#primaryimage","url":"https:\/\/zlcopenhagen.com\/wp-content\/uploads\/2017\/07\/MG_5632-scaled.jpg","contentUrl":"https:\/\/zlcopenhagen.com\/wp-content\/uploads\/2017\/07\/MG_5632-scaled.jpg","width":1707,"height":2560,"caption":"Diese eng anliegende Badehose in Reinwei\u00df bringt deine Beule perfekt zur Geltung. Weich, sexy und selbstbewusst \u2013 f\u00fcr echte M\u00e4nner."},{"@type":"BreadcrumbList","@id":"https:\/\/zlcopenhagen.com\/es\/producto\/banador-blanco-cordon-ajustado-hombre\/#breadcrumb","itemListElement":[{"@type":"ListItem","position":1,"name":"Home","item":"https:\/\/zlcopenhagen.com\/es\/"},{"@type":"ListItem","position":2,"name":"Shop","item":"https:\/\/zlcopenhagen.com\/es\/shop\/"},{"@type":"ListItem","position":3,"name":"TRAJE DE BA\u00f1O BLANCO ZLC"}]},{"@type":"WebSite","@id":"https:\/\/zlcopenhagen.com\/#website","url":"https:\/\/zlcopenhagen.com\/","name":"zlcopenhagen.com","description":"","publisher":{"@id":"https:\/\/zlcopenhagen.com\/#organization"},"potentialAction":[{"@type":"SearchAction","target":{"@type":"EntryPoint","urlTemplate":"https:\/\/zlcopenhagen.com\/?s={search_term_string}"},"query-input":{"@type":"PropertyValueSpecification","valueRequired":true,"valueName":"search_term_string"}}],"inLanguage":"es"},{"@type":["Organization","Place"],"@id":"https:\/\/zlcopenhagen.com\/#organization","name":"ZLCOPENHAGEN","alternateName":"ZLCOPENHAGEN","url":"https:\/\/zlcopenhagen.com\/","logo":{"@id":"https:\/\/zlcopenhagen.com\/es\/producto\/banador-blanco-cordon-ajustado-hombre\/#local-main-organization-logo"},"image":{"@id":"https:\/\/zlcopenhagen.com\/es\/producto\/banador-blanco-cordon-ajustado-hombre\/#local-main-organization-logo"},"sameAs":["https:\/\/www.youtube.com\/channel\/UCy7JINwB6DMr2fA9yHpDQJg"],"telephone":[],"openingHoursSpecification":[{"@type":"OpeningHoursSpecification","dayOfWeek":["Monday","Tuesday","Wednesday","Thursday","Friday","Saturday","Sunday"],"opens":"09:00","closes":"17:00"}]},{"@type":"ImageObject","inLanguage":"es","@id":"https:\/\/zlcopenhagen.com\/es\/producto\/banador-blanco-cordon-ajustado-hombre\/#local-main-organization-logo","url":"https:\/\/zlcopenhagen.com\/wp-content\/uploads\/2016\/05\/blog-logo.jpg","contentUrl":"https:\/\/zlcopenhagen.com\/wp-content\/uploads\/2016\/05\/blog-logo.jpg","width":68,"height":68,"caption":"ZLCOPENHAGEN"}]},"og_availability":"instock","product_availability":"instock","product_condition":"new"},"_links":{"self":[{"href":"https:\/\/zlcopenhagen.com\/es\/wp-json\/wp\/v2\/product\/23163","targetHints":{"allow":["GET"]}}],"collection":[{"href":"https:\/\/zlcopenhagen.com\/es\/wp-json\/wp\/v2\/product"}],"about":[{"href":"https:\/\/zlcopenhagen.com\/es\/wp-json\/wp\/v2\/types\/product"}],"replies":[{"embeddable":true,"href":"https:\/\/zlcopenhagen.com\/es\/wp-json\/wp\/v2\/comments?post=23163"}],"wp:featuredmedia":[{"embeddable":true,"href":"https:\/\/zlcopenhagen.com\/es\/wp-json\/wp\/v2\/media\/27231"}],"wp:attachment":[{"href":"https:\/\/zlcopenhagen.com\/es\/wp-json\/wp\/v2\/media?parent=23163"}],"wp:term":[{"taxonomy":"product_brand","embeddable":true,"href":"https:\/\/zlcopenhagen.com\/es\/wp-json\/wp\/v2\/product_brand?post=23163"},{"taxonomy":"product_cat","embeddable":true,"href":"https:\/\/zlcopenhagen.com\/es\/wp-json\/wp\/v2\/product_cat?post=23163"},{"taxonomy":"product_tag","embeddable":true,"href":"https:\/\/zlcopenhagen.com\/es\/wp-json\/wp\/v2\/product_tag?post=23163"}],"curies":[{"name":"wp","href":"https:\/\/api.w.org\/{rel}","templated":true}]}}