{"id":23147,"date":"2026-01-10T06:29:11","date_gmt":"2026-01-10T05:29:11","guid":{"rendered":"https:\/\/zlcopenhagen.com\/product\/zlc-turquoise-swimwear\/"},"modified":"2026-01-11T19:41:28","modified_gmt":"2026-01-11T18:41:28","slug":"banador-azul-ajustado-hombre","status":"publish","type":"product","link":"https:\/\/zlcopenhagen.com\/es\/producto\/banador-azul-ajustado-hombre\/","title":{"rendered":"BA\u00d1ADOR AJUSTADO HOMBRE TURQUESA"},"content":{"rendered":"<p>[spb_text_block animation=&#8221;none&#8221; animation_delay=&#8221;0&#8243; simplified_controls=&#8221;yes&#8221; custom_css_percentage=&#8221;no&#8221; padding_vertical=&#8221;0&#8243; padding_horizontal=&#8221;0&#8243; margin_vertical=&#8221;0&#8243; custom_css=&#8221;margin-top: 0px;margin-bottom: 0px;&#8221; border_size=&#8221;0&#8243; border_styling_global=&#8221;default&#8221; width=&#8221;1\/1&#8243; el_position=&#8221;first last&#8221;]<\/p>\n<h2>BA\u00d1ADOR AJUSTADO HOMBRE TURQUESA \u2013 MARCA TU PAQUETE CON ESTILO<\/h2>\n<p>Ba\u00f1ador ajustado para hombre en azul turquesa intenso, dise\u00f1ado para realzar tu cuerpo y<br \/>\n<strong>marcar el paquete de forma natural y elegante<\/strong>. El corte ce\u00f1ido y el tejido el\u00e1stico<br \/>\nsiguen cada movimiento, creando una silueta limpia, masculina y provocadora sin exagerar.<\/p>\n<p>Si te interesa entender <a title=\"C\u00f3mo hacer que tu bulto se vea m\u00e1s grande\" href=\"https:\/\/zlcopenhagen.com\/es\/como-hacer-que-tu-bulto-se-vea-mas-grande\/\">c\u00f3mo hacer que el paquete se vea m\u00e1s grande<\/a><br \/>\ncon el ajuste correcto, este ba\u00f1ador es un ejemplo claro de c\u00f3mo el dise\u00f1o y el tejido marcan la diferencia.<\/p>\n<p>\u00bfRed de pesca o tu pr\u00f3ximo ba\u00f1ador favorito? Este modelo est\u00e1 confeccionado con<br \/>\n<strong>ECONYL\u00ae<\/strong>, un hilo de nailon 100 % reciclado y regenerado, que combina sostenibilidad,<br \/>\ncomodidad y un ajuste que trabaja a favor de tu forma.<\/p>\n<p>Fabricado con 100 % nailon ECONYL\u00ae reciclado y regenerado.<br \/>\nDescubre m\u00e1s sobre el material<br \/>\n<a href=\"https:\/\/www.econyl.com\" target=\"_blank\" rel=\"noopener\">aqu\u00ed<\/a>.<\/p>\n<p>[\/spb_text_block] [spb_video link=&#8221;https:\/\/www.youtube.com\/watch?v=kGGnTN3AyS8&#8243; remove_related=&#8221;yes&#8221; autoplay=&#8221;no&#8221; full_width=&#8221;no&#8221; width=&#8221;1\/1&#8243; el_position=&#8221;first last&#8221;] [spb_blank_spacer height=&#8221;30px&#8221; width=&#8221;1\/1&#8243; el_position=&#8221;first last&#8221;] [spb_image image=&#8221;17947&#8243; image_size=&#8221;full&#8221; frame=&#8221;noframe&#8221; caption_pos=&#8221;hover&#8221; remove_rounded=&#8221;yes&#8221; fullwidth=&#8221;no&#8221; overflow_mode=&#8221;none&#8221; link_target=&#8221;_self&#8221; lightbox=&#8221;no&#8221; intro_animation=&#8221;none&#8221; animation_delay=&#8221;200&#8243; width=&#8221;1\/2&#8243; el_position=&#8221;first&#8221;][\/spb_image] [spb_image image=&#8221;19751&#8243; image_size=&#8221;full&#8221; frame=&#8221;noframe&#8221; caption_pos=&#8221;hover&#8221; remove_rounded=&#8221;yes&#8221; fullwidth=&#8221;no&#8221; overflow_mode=&#8221;none&#8221; link_target=&#8221;_self&#8221; lightbox=&#8221;no&#8221; intro_animation=&#8221;none&#8221; animation_delay=&#8221;200&#8243; width=&#8221;1\/2&#8243; el_position=&#8221;last&#8221;][\/spb_image] [spb_image image=&#8221;19811&#8243; image_size=&#8221;full&#8221; frame=&#8221;noframe&#8221; caption_pos=&#8221;hover&#8221; remove_rounded=&#8221;yes&#8221; fullwidth=&#8221;no&#8221; overflow_mode=&#8221;none&#8221; link_target=&#8221;_self&#8221; lightbox=&#8221;no&#8221; intro_animation=&#8221;none&#8221; animation_delay=&#8221;200&#8243; width=&#8221;1\/2&#8243; el_position=&#8221;first&#8221;][\/spb_image] [spb_image image=&#8221;19814&#8243; image_size=&#8221;full&#8221; frame=&#8221;noframe&#8221; caption_pos=&#8221;hover&#8221; remove_rounded=&#8221;yes&#8221; fullwidth=&#8221;no&#8221; overflow_mode=&#8221;none&#8221; link_target=&#8221;_self&#8221; lightbox=&#8221;no&#8221; intro_animation=&#8221;none&#8221; animation_delay=&#8221;200&#8243; width=&#8221;1\/2&#8243; el_position=&#8221;last&#8221;][\/spb_image] [spb_image image=&#8221;19817&#8243; image_size=&#8221;full&#8221; frame=&#8221;noframe&#8221; caption_pos=&#8221;hover&#8221; remove_rounded=&#8221;yes&#8221; fullwidth=&#8221;no&#8221; overflow_mode=&#8221;none&#8221; link_target=&#8221;_self&#8221; lightbox=&#8221;no&#8221; intro_animation=&#8221;none&#8221; animation_delay=&#8221;200&#8243; width=&#8221;1\/2&#8243; el_position=&#8221;first&#8221;][\/spb_image] [spb_image image=&#8221;18002&#8243; image_size=&#8221;full&#8221; frame=&#8221;noframe&#8221; caption_pos=&#8221;hover&#8221; remove_rounded=&#8221;yes&#8221; fullwidth=&#8221;no&#8221; overflow_mode=&#8221;none&#8221; link_target=&#8221;_self&#8221; lightbox=&#8221;no&#8221; intro_animation=&#8221;none&#8221; animation_delay=&#8221;200&#8243; width=&#8221;1\/2&#8243; el_position=&#8221;last&#8221;][\/spb_image] [spb_image image=&#8221;19820&#8243; image_size=&#8221;full&#8221; frame=&#8221;noframe&#8221; caption_pos=&#8221;hover&#8221; remove_rounded=&#8221;yes&#8221; fullwidth=&#8221;no&#8221; overflow_mode=&#8221;none&#8221; link_target=&#8221;_self&#8221; lightbox=&#8221;no&#8221; intro_animation=&#8221;none&#8221; animation_delay=&#8221;200&#8243; width=&#8221;1\/1&#8243; el_position=&#8221;first last&#8221;][\/spb_image] [spb_blank_spacer height=&#8221;30px&#8221; width=&#8221;1\/1&#8243; el_position=&#8221;first last&#8221;]<\/p>\n","protected":false},"excerpt":{"rendered":"<p>Ba\u00f1ador ajustado hombre en azul intenso. Su tejido el\u00e1stico abraza tu cuerpo, marcando tu paquete con estilo y provocaci\u00f3n. Ideal para playa o piscina, donde cada mirada cuenta y el deseo se enciende.<\/p>\n","protected":false},"featured_media":31948,"comment_status":"closed","ping_status":"closed","template":"","meta":[],"product_brand":[],"product_cat":[650],"product_tag":[668],"class_list":{"0":"post-23147","1":"product","2":"type-product","3":"status-publish","4":"has-post-thumbnail","6":"product_cat-speedos-banadores-hombres","7":"product_tag-swimwear-es","9":"first","10":"instock","11":"taxable","12":"shipping-taxable","13":"purchasable","14":"product-type-variable","15":"has-default-attributes"},"yoast_head":"<!-- This site is optimized with the Yoast SEO Premium plugin v26.6 (Yoast SEO v27.4) - https:\/\/yoast.com\/product\/yoast-seo-premium-wordpress\/ -->\n<title>Ba\u00f1ador ajustado hombre \u2013 marca tu paquete con estilo y deseo<\/title>\n<meta name=\"description\" content=\"Siente c\u00f3mo este ba\u00f1ador ajustado para hombre abraza cada forma. Azul intenso, tejido el\u00e1stico y mirada asegurada. Marca tu paquete y deja que el deseo hable\" \/>\n<meta name=\"robots\" content=\"index, follow, max-snippet:-1, max-image-preview:large, max-video-preview:-1\" \/>\n<link rel=\"canonical\" href=\"https:\/\/zlcopenhagen.com\/es\/producto\/banador-azul-ajustado-hombre\/\" \/>\n<meta property=\"og:locale\" content=\"es_ES\" \/>\n<meta property=\"og:type\" content=\"article\" \/>\n<meta property=\"og:title\" content=\"BA\u00d1ADOR AJUSTADO HOMBRE TURQUESA\" \/>\n<meta property=\"og:description\" content=\"Siente c\u00f3mo este ba\u00f1ador ajustado para hombre abraza cada forma. Azul intenso, tejido el\u00e1stico y mirada asegurada. Marca tu paquete y deja que el deseo hable\" \/>\n<meta property=\"og:url\" content=\"https:\/\/zlcopenhagen.com\/es\/producto\/banador-azul-ajustado-hombre\/\" \/>\n<meta property=\"og:site_name\" content=\"zlcopenhagen.com\" \/>\n<meta property=\"article:modified_time\" content=\"2026-01-11T18:41:28+00:00\" \/>\n<meta property=\"og:image\" content=\"https:\/\/zlcopenhagen.com\/wp-content\/uploads\/2016\/06\/ZLC-TURQUOISE-SWIMWEAR-FRONT-Copenhagen.jpg\" \/>\n\t<meta property=\"og:image:width\" content=\"1000\" \/>\n\t<meta property=\"og:image:height\" content=\"1498\" \/>\n\t<meta property=\"og:image:type\" content=\"image\/jpeg\" \/>\n<meta name=\"twitter:card\" content=\"summary_large_image\" \/>\n<meta name=\"twitter:label1\" content=\"Disponibilidad\" \/>\n\t<meta name=\"twitter:data1\" content=\"Disponible\" \/>\n<meta property=\"og:availability\" content=\"instock\" \/>\n<meta property=\"product:availability\" content=\"instock\" \/>\n<meta property=\"product:retailer_item_id\" content=\"ZLC-RSW-PBT-REC\" \/>\n<meta property=\"product:condition\" content=\"new\" \/>\n<!-- \/ Yoast SEO Premium plugin. -->","yoast_head_json":{"title":"Ba\u00f1ador ajustado hombre \u2013 marca tu paquete con estilo y deseo","description":"Siente c\u00f3mo este ba\u00f1ador ajustado para hombre abraza cada forma. Azul intenso, tejido el\u00e1stico y mirada asegurada. Marca tu paquete y deja que el deseo hable","robots":{"index":"index","follow":"follow","max-snippet":"max-snippet:-1","max-image-preview":"max-image-preview:large","max-video-preview":"max-video-preview:-1"},"canonical":"https:\/\/zlcopenhagen.com\/es\/producto\/banador-azul-ajustado-hombre\/","og_locale":"es_ES","og_type":"article","og_title":"BA\u00d1ADOR AJUSTADO HOMBRE TURQUESA","og_description":"Siente c\u00f3mo este ba\u00f1ador ajustado para hombre abraza cada forma. Azul intenso, tejido el\u00e1stico y mirada asegurada. Marca tu paquete y deja que el deseo hable","og_url":"https:\/\/zlcopenhagen.com\/es\/producto\/banador-azul-ajustado-hombre\/","og_site_name":"zlcopenhagen.com","article_modified_time":"2026-01-11T18:41:28+00:00","og_image":[{"width":1000,"height":1498,"url":"https:\/\/zlcopenhagen.com\/wp-content\/uploads\/2016\/06\/ZLC-TURQUOISE-SWIMWEAR-FRONT-Copenhagen.jpg","type":"image\/jpeg"}],"twitter_card":"summary_large_image","twitter_misc":{"Disponibilidad":"Disponible"},"schema":{"@context":"https:\/\/schema.org","@graph":[{"@type":"WebPage","@id":"https:\/\/zlcopenhagen.com\/es\/producto\/banador-azul-ajustado-hombre\/","url":"https:\/\/zlcopenhagen.com\/es\/producto\/banador-azul-ajustado-hombre\/","name":"Ba\u00f1ador ajustado hombre \u2013 marca tu paquete con estilo y deseo","isPartOf":{"@id":"https:\/\/zlcopenhagen.com\/#website"},"primaryImageOfPage":{"@id":"https:\/\/zlcopenhagen.com\/es\/producto\/banador-azul-ajustado-hombre\/#primaryimage"},"image":{"@id":"https:\/\/zlcopenhagen.com\/es\/producto\/banador-azul-ajustado-hombre\/#primaryimage"},"thumbnailUrl":"https:\/\/zlcopenhagen.com\/wp-content\/uploads\/2016\/06\/ZLC-TURQUOISE-SWIMWEAR-FRONT-Copenhagen.jpg","datePublished":"2026-01-10T05:29:11+00:00","dateModified":"2026-01-11T18:41:28+00:00","description":"Siente c\u00f3mo este ba\u00f1ador ajustado para hombre abraza cada forma. Azul intenso, tejido el\u00e1stico y mirada asegurada. Marca tu paquete y deja que el deseo hable","breadcrumb":{"@id":"https:\/\/zlcopenhagen.com\/es\/producto\/banador-azul-ajustado-hombre\/#breadcrumb"},"inLanguage":"es","potentialAction":[{"@type":"ReadAction","target":["https:\/\/zlcopenhagen.com\/es\/producto\/banador-azul-ajustado-hombre\/"]}]},{"@type":"ImageObject","inLanguage":"es","@id":"https:\/\/zlcopenhagen.com\/es\/producto\/banador-azul-ajustado-hombre\/#primaryimage","url":"https:\/\/zlcopenhagen.com\/wp-content\/uploads\/2016\/06\/ZLC-TURQUOISE-SWIMWEAR-FRONT-Copenhagen.jpg","contentUrl":"https:\/\/zlcopenhagen.com\/wp-content\/uploads\/2016\/06\/ZLC-TURQUOISE-SWIMWEAR-FRONT-Copenhagen.jpg","width":1000,"height":1498,"caption":"Hombre con ba\u00f1ador ajustado turquesa posando en el centro de Copenhague"},{"@type":"BreadcrumbList","@id":"https:\/\/zlcopenhagen.com\/es\/producto\/banador-azul-ajustado-hombre\/#breadcrumb","itemListElement":[{"@type":"ListItem","position":1,"name":"Home","item":"https:\/\/zlcopenhagen.com\/es\/"},{"@type":"ListItem","position":2,"name":"Shop","item":"https:\/\/zlcopenhagen.com\/es\/shop\/"},{"@type":"ListItem","position":3,"name":"BA\u00d1ADOR AJUSTADO HOMBRE TURQUESA"}]},{"@type":"WebSite","@id":"https:\/\/zlcopenhagen.com\/#website","url":"https:\/\/zlcopenhagen.com\/","name":"zlcopenhagen.com","description":"","publisher":{"@id":"https:\/\/zlcopenhagen.com\/#organization"},"potentialAction":[{"@type":"SearchAction","target":{"@type":"EntryPoint","urlTemplate":"https:\/\/zlcopenhagen.com\/?s={search_term_string}"},"query-input":{"@type":"PropertyValueSpecification","valueRequired":true,"valueName":"search_term_string"}}],"inLanguage":"es"},{"@type":["Organization","Place"],"@id":"https:\/\/zlcopenhagen.com\/#organization","name":"ZLCOPENHAGEN","alternateName":"ZLCOPENHAGEN","url":"https:\/\/zlcopenhagen.com\/","logo":{"@id":"https:\/\/zlcopenhagen.com\/es\/producto\/banador-azul-ajustado-hombre\/#local-main-organization-logo"},"image":{"@id":"https:\/\/zlcopenhagen.com\/es\/producto\/banador-azul-ajustado-hombre\/#local-main-organization-logo"},"sameAs":["https:\/\/www.youtube.com\/channel\/UCy7JINwB6DMr2fA9yHpDQJg"],"telephone":[],"openingHoursSpecification":[{"@type":"OpeningHoursSpecification","dayOfWeek":["Monday","Tuesday","Wednesday","Thursday","Friday","Saturday","Sunday"],"opens":"09:00","closes":"17:00"}]},{"@type":"ImageObject","inLanguage":"es","@id":"https:\/\/zlcopenhagen.com\/es\/producto\/banador-azul-ajustado-hombre\/#local-main-organization-logo","url":"https:\/\/zlcopenhagen.com\/wp-content\/uploads\/2016\/05\/blog-logo.jpg","contentUrl":"https:\/\/zlcopenhagen.com\/wp-content\/uploads\/2016\/05\/blog-logo.jpg","width":68,"height":68,"caption":"ZLCOPENHAGEN"}]},"og_availability":"instock","product_availability":"instock","product_retailer_item_id":"ZLC-RSW-PBT-REC","product_condition":"new"},"_links":{"self":[{"href":"https:\/\/zlcopenhagen.com\/es\/wp-json\/wp\/v2\/product\/23147","targetHints":{"allow":["GET"]}}],"collection":[{"href":"https:\/\/zlcopenhagen.com\/es\/wp-json\/wp\/v2\/product"}],"about":[{"href":"https:\/\/zlcopenhagen.com\/es\/wp-json\/wp\/v2\/types\/product"}],"replies":[{"embeddable":true,"href":"https:\/\/zlcopenhagen.com\/es\/wp-json\/wp\/v2\/comments?post=23147"}],"wp:featuredmedia":[{"embeddable":true,"href":"https:\/\/zlcopenhagen.com\/es\/wp-json\/wp\/v2\/media\/31948"}],"wp:attachment":[{"href":"https:\/\/zlcopenhagen.com\/es\/wp-json\/wp\/v2\/media?parent=23147"}],"wp:term":[{"taxonomy":"product_brand","embeddable":true,"href":"https:\/\/zlcopenhagen.com\/es\/wp-json\/wp\/v2\/product_brand?post=23147"},{"taxonomy":"product_cat","embeddable":true,"href":"https:\/\/zlcopenhagen.com\/es\/wp-json\/wp\/v2\/product_cat?post=23147"},{"taxonomy":"product_tag","embeddable":true,"href":"https:\/\/zlcopenhagen.com\/es\/wp-json\/wp\/v2\/product_tag?post=23147"}],"curies":[{"name":"wp","href":"https:\/\/api.w.org\/{rel}","templated":true}]}}