{"id":23094,"date":"2016-07-19T07:28:20","date_gmt":"2016-07-19T06:28:20","guid":{"rendered":"https:\/\/zlcopenhagen.com\/product\/zlc-blue-swimwear\/"},"modified":"2025-10-27T04:23:56","modified_gmt":"2025-10-27T03:23:56","slug":"banador-azul-hombre-bulto","status":"publish","type":"product","link":"https:\/\/zlcopenhagen.com\/es\/producto\/banador-azul-hombre-bulto\/","title":{"rendered":"TRAJE DE BA\u00f1O AZUL ZLC"},"content":{"rendered":"<p>[spb_text_block animation=&#8221;none&#8221; animation_delay=&#8221;0&#8243; simplified_controls=&#8221;yes&#8221; custom_css_percentage=&#8221;no&#8221; padding_vertical=&#8221;0&#8243; padding_horizontal=&#8221;0&#8243; margin_vertical=&#8221;0&#8243; custom_css=&#8221;margin-top: 0px;margin-bottom: 0px;&#8221; border_size=&#8221;0&#8243; border_styling_global=&#8221;default&#8221; width=&#8221;1\/1&#8243; el_position=&#8221;first last&#8221;]<\/p>\n<h1 data-start=\"366\" data-end=\"588\">BA\u00d1ADOR PARA HOMBRE QUE REALZA TU BULTO MASCULINO<\/h1>\n<h2 data-start=\"366\" data-end=\"588\">DESCUBRE LOS SPEEDOS PARA HOMBRES QUE DEFINEN TU FIGURA<\/h2>\n<p data-start=\"366\" data-end=\"588\">Descubre el <strong data-start=\"378\" data-end=\"401\">ba\u00f1ador para hombre<\/strong> m\u00e1s deseado de ZLCOPENHAGEN. Inspirado en el cuerpo masculino y dise\u00f1ado para realzar tu <strong data-start=\"491\" data-end=\"510\">bulto masculino<\/strong> con elegancia, este modelo combina comodidad, sensualidad y sostenibilidad.<\/p>\n<p data-start=\"590\" data-end=\"812\">Fabricado con tejido <strong data-start=\"611\" data-end=\"632\">Econyl\u00ae reciclado<\/strong>, se adapta perfectamente a tu silueta, marcando tus m\u00fasculos y d\u00e1ndole protagonismo a cada movimiento. No son simples <strong data-start=\"751\" data-end=\"775\">speedos para hombres<\/strong>, son una declaraci\u00f3n de confianza.<\/p>\n<p data-start=\"814\" data-end=\"979\">El corte ajustado resalta tus formas, el color azul refleja fuerza y serenidad, y su dise\u00f1o ecol\u00f3gico demuestra que el estilo y la conciencia pueden ir de la mano.<\/p>\n<p data-start=\"981\" data-end=\"1114\">Luce tu cuerpo, muestra tu poder y conquista cada mirada con el <strong data-start=\"1045\" data-end=\"1065\">ba\u00f1ador azul ZLC<\/strong>, creado para hombres que saben lo que quieren.<\/p>\n<h2 data-start=\"981\" data-end=\"1114\">FABRICADO CON ECONYL\u00ae RECICLADO \u2014 ESTILO, COMODIDAD Y CONCIENCIA<\/h2>\n<p>&nbsp;<\/p>\n<p>[\/spb_text_block] [spb_blank_spacer height=&#8221;30px&#8221; width=&#8221;1\/1&#8243; el_position=&#8221;first last&#8221;] [spb_image image=&#8221;18121&#8243; image_size=&#8221;full&#8221; frame=&#8221;noframe&#8221; caption_pos=&#8221;hover&#8221; remove_rounded=&#8221;yes&#8221; fullwidth=&#8221;yes&#8221; overflow_mode=&#8221;none&#8221; link_target=&#8221;_self&#8221; lightbox=&#8221;no&#8221; intro_animation=&#8221;none&#8221; animation_delay=&#8221;200&#8243; width=&#8221;1\/2&#8243; el_position=&#8221;first&#8221;][\/spb_image] [spb_image image=&#8221;18118&#8243; image_size=&#8221;full&#8221; frame=&#8221;noframe&#8221; caption_pos=&#8221;hover&#8221; remove_rounded=&#8221;yes&#8221; fullwidth=&#8221;yes&#8221; overflow_mode=&#8221;none&#8221; link_target=&#8221;_self&#8221; lightbox=&#8221;no&#8221; intro_animation=&#8221;none&#8221; animation_delay=&#8221;200&#8243; width=&#8221;1\/2&#8243; el_position=&#8221;last&#8221;][\/spb_image] [spb_image image=&#8221;19477&#8243; image_size=&#8221;full&#8221; frame=&#8221;noframe&#8221; caption_pos=&#8221;hover&#8221; remove_rounded=&#8221;yes&#8221; fullwidth=&#8221;no&#8221; overflow_mode=&#8221;none&#8221; link_target=&#8221;_self&#8221; lightbox=&#8221;no&#8221; intro_animation=&#8221;none&#8221; animation_delay=&#8221;200&#8243; width=&#8221;1\/1&#8243; el_position=&#8221;first last&#8221;][\/spb_image]<\/p>\n","protected":false},"excerpt":{"rendered":"<div class=\"short-description\"><\/div>\n<div class=\"row-product\">Destaca en la playa con el <strong data-start=\"653\" data-end=\"673\">ba\u00f1ador azul ZLC<\/strong>, hecho con tejido <strong data-start=\"692\" data-end=\"713\">Econyl\u00ae reciclado<\/strong>.<br data-start=\"714\" data-end=\"717\" \/>Ajuste perfecto que resalta tus m\u00fasculos y marca tu bulto con clase.<br data-start=\"785\" data-end=\"788\" \/>Comodidad, estilo y actitud para el hombre que no teme mostrar su poder.<\/div>\n","protected":false},"featured_media":23098,"comment_status":"closed","ping_status":"closed","template":"","meta":[],"product_brand":[],"product_cat":[650],"product_tag":[668],"class_list":{"0":"post-23094","1":"product","2":"type-product","3":"status-publish","4":"has-post-thumbnail","6":"product_cat-speedos-banadores-hombres","7":"product_tag-swimwear-es","9":"first","10":"instock","11":"taxable","12":"shipping-taxable","13":"purchasable","14":"product-type-variable","15":"has-default-attributes"},"yoast_head":"<!-- This site is optimized with the Yoast SEO Premium plugin v26.6 (Yoast SEO v27.4) - https:\/\/yoast.com\/product\/yoast-seo-premium-wordpress\/ -->\n<title>Ba\u00f1ador azul para hombre | Marca tu bulto con estilo ZLC<\/title>\n<meta name=\"description\" content=\"Luce tu cuerpo con el ba\u00f1ador azul ZLC. Ajustado, ecol\u00f3gico y dise\u00f1ado para realzar tu bulto masculino con elegancia y confianza.\" \/>\n<meta name=\"robots\" content=\"index, follow, max-snippet:-1, max-image-preview:large, max-video-preview:-1\" \/>\n<link rel=\"canonical\" href=\"https:\/\/zlcopenhagen.com\/es\/producto\/banador-azul-hombre-bulto\/\" \/>\n<meta property=\"og:locale\" content=\"es_ES\" \/>\n<meta property=\"og:type\" content=\"article\" \/>\n<meta property=\"og:title\" content=\"TRAJE DE BA\u00f1O AZUL ZLC\" \/>\n<meta property=\"og:description\" content=\"Luce tu cuerpo con el ba\u00f1ador azul ZLC. Ajustado, ecol\u00f3gico y dise\u00f1ado para realzar tu bulto masculino con elegancia y confianza.\" \/>\n<meta property=\"og:url\" content=\"https:\/\/zlcopenhagen.com\/es\/producto\/banador-azul-hombre-bulto\/\" \/>\n<meta property=\"og:site_name\" content=\"zlcopenhagen.com\" \/>\n<meta property=\"article:modified_time\" content=\"2025-10-27T03:23:56+00:00\" \/>\n<meta property=\"og:image\" content=\"https:\/\/zlcopenhagen.com\/wp-content\/uploads\/2016\/07\/ZLC-GRENOBLE-FULL-FRONT-CLOSEUP-AURELIEN-1.jpg\" \/>\n\t<meta property=\"og:image:width\" content=\"1000\" \/>\n\t<meta property=\"og:image:height\" content=\"1000\" \/>\n\t<meta property=\"og:image:type\" content=\"image\/jpeg\" \/>\n<meta name=\"twitter:card\" content=\"summary_large_image\" \/>\n<meta name=\"twitter:label1\" content=\"Disponibilidad\" \/>\n\t<meta name=\"twitter:data1\" content=\"Disponible\" \/>\n<meta property=\"og:availability\" content=\"instock\" \/>\n<meta property=\"product:availability\" content=\"instock\" \/>\n<meta property=\"product:retailer_item_id\" content=\"OFSW08\" \/>\n<meta property=\"product:condition\" content=\"new\" \/>\n<!-- \/ Yoast SEO Premium plugin. -->","yoast_head_json":{"title":"Ba\u00f1ador azul para hombre | Marca tu bulto con estilo ZLC","description":"Luce tu cuerpo con el ba\u00f1ador azul ZLC. Ajustado, ecol\u00f3gico y dise\u00f1ado para realzar tu bulto masculino con elegancia y confianza.","robots":{"index":"index","follow":"follow","max-snippet":"max-snippet:-1","max-image-preview":"max-image-preview:large","max-video-preview":"max-video-preview:-1"},"canonical":"https:\/\/zlcopenhagen.com\/es\/producto\/banador-azul-hombre-bulto\/","og_locale":"es_ES","og_type":"article","og_title":"TRAJE DE BA\u00f1O AZUL ZLC","og_description":"Luce tu cuerpo con el ba\u00f1ador azul ZLC. Ajustado, ecol\u00f3gico y dise\u00f1ado para realzar tu bulto masculino con elegancia y confianza.","og_url":"https:\/\/zlcopenhagen.com\/es\/producto\/banador-azul-hombre-bulto\/","og_site_name":"zlcopenhagen.com","article_modified_time":"2025-10-27T03:23:56+00:00","og_image":[{"width":1000,"height":1000,"url":"https:\/\/zlcopenhagen.com\/wp-content\/uploads\/2016\/07\/ZLC-GRENOBLE-FULL-FRONT-CLOSEUP-AURELIEN-1.jpg","type":"image\/jpeg"}],"twitter_card":"summary_large_image","twitter_misc":{"Disponibilidad":"Disponible"},"schema":{"@context":"https:\/\/schema.org","@graph":[{"@type":"WebPage","@id":"https:\/\/zlcopenhagen.com\/es\/producto\/banador-azul-hombre-bulto\/","url":"https:\/\/zlcopenhagen.com\/es\/producto\/banador-azul-hombre-bulto\/","name":"Ba\u00f1ador azul para hombre | Marca tu bulto con estilo ZLC","isPartOf":{"@id":"https:\/\/zlcopenhagen.com\/#website"},"primaryImageOfPage":{"@id":"https:\/\/zlcopenhagen.com\/es\/producto\/banador-azul-hombre-bulto\/#primaryimage"},"image":{"@id":"https:\/\/zlcopenhagen.com\/es\/producto\/banador-azul-hombre-bulto\/#primaryimage"},"thumbnailUrl":"https:\/\/zlcopenhagen.com\/wp-content\/uploads\/2016\/07\/ZLC-GRENOBLE-FULL-FRONT-CLOSEUP-AURELIEN-1.jpg","datePublished":"2016-07-19T06:28:20+00:00","dateModified":"2025-10-27T03:23:56+00:00","description":"Luce tu cuerpo con el ba\u00f1ador azul ZLC. Ajustado, ecol\u00f3gico y dise\u00f1ado para realzar tu bulto masculino con elegancia y confianza.","breadcrumb":{"@id":"https:\/\/zlcopenhagen.com\/es\/producto\/banador-azul-hombre-bulto\/#breadcrumb"},"inLanguage":"es","potentialAction":[{"@type":"ReadAction","target":["https:\/\/zlcopenhagen.com\/es\/producto\/banador-azul-hombre-bulto\/"]}]},{"@type":"ImageObject","inLanguage":"es","@id":"https:\/\/zlcopenhagen.com\/es\/producto\/banador-azul-hombre-bulto\/#primaryimage","url":"https:\/\/zlcopenhagen.com\/wp-content\/uploads\/2016\/07\/ZLC-GRENOBLE-FULL-FRONT-CLOSEUP-AURELIEN-1.jpg","contentUrl":"https:\/\/zlcopenhagen.com\/wp-content\/uploads\/2016\/07\/ZLC-GRENOBLE-FULL-FRONT-CLOSEUP-AURELIEN-1.jpg","width":1000,"height":1000,"caption":"ZLC Violet Blue swimwear by ZLCOPENHAGEN."},{"@type":"BreadcrumbList","@id":"https:\/\/zlcopenhagen.com\/es\/producto\/banador-azul-hombre-bulto\/#breadcrumb","itemListElement":[{"@type":"ListItem","position":1,"name":"Home","item":"https:\/\/zlcopenhagen.com\/es\/"},{"@type":"ListItem","position":2,"name":"Shop","item":"https:\/\/zlcopenhagen.com\/es\/shop\/"},{"@type":"ListItem","position":3,"name":"TRAJE DE BA\u00f1O AZUL ZLC"}]},{"@type":"WebSite","@id":"https:\/\/zlcopenhagen.com\/#website","url":"https:\/\/zlcopenhagen.com\/","name":"zlcopenhagen.com","description":"","publisher":{"@id":"https:\/\/zlcopenhagen.com\/#organization"},"potentialAction":[{"@type":"SearchAction","target":{"@type":"EntryPoint","urlTemplate":"https:\/\/zlcopenhagen.com\/?s={search_term_string}"},"query-input":{"@type":"PropertyValueSpecification","valueRequired":true,"valueName":"search_term_string"}}],"inLanguage":"es"},{"@type":["Organization","Place"],"@id":"https:\/\/zlcopenhagen.com\/#organization","name":"ZLCOPENHAGEN","alternateName":"ZLCOPENHAGEN","url":"https:\/\/zlcopenhagen.com\/","logo":{"@id":"https:\/\/zlcopenhagen.com\/es\/producto\/banador-azul-hombre-bulto\/#local-main-organization-logo"},"image":{"@id":"https:\/\/zlcopenhagen.com\/es\/producto\/banador-azul-hombre-bulto\/#local-main-organization-logo"},"sameAs":["https:\/\/www.youtube.com\/channel\/UCy7JINwB6DMr2fA9yHpDQJg"],"telephone":[],"openingHoursSpecification":[{"@type":"OpeningHoursSpecification","dayOfWeek":["Monday","Tuesday","Wednesday","Thursday","Friday","Saturday","Sunday"],"opens":"09:00","closes":"17:00"}]},{"@type":"ImageObject","inLanguage":"es","@id":"https:\/\/zlcopenhagen.com\/es\/producto\/banador-azul-hombre-bulto\/#local-main-organization-logo","url":"https:\/\/zlcopenhagen.com\/wp-content\/uploads\/2016\/05\/blog-logo.jpg","contentUrl":"https:\/\/zlcopenhagen.com\/wp-content\/uploads\/2016\/05\/blog-logo.jpg","width":68,"height":68,"caption":"ZLCOPENHAGEN"}]},"og_availability":"instock","product_availability":"instock","product_retailer_item_id":"OFSW08","product_condition":"new"},"_links":{"self":[{"href":"https:\/\/zlcopenhagen.com\/es\/wp-json\/wp\/v2\/product\/23094","targetHints":{"allow":["GET"]}}],"collection":[{"href":"https:\/\/zlcopenhagen.com\/es\/wp-json\/wp\/v2\/product"}],"about":[{"href":"https:\/\/zlcopenhagen.com\/es\/wp-json\/wp\/v2\/types\/product"}],"replies":[{"embeddable":true,"href":"https:\/\/zlcopenhagen.com\/es\/wp-json\/wp\/v2\/comments?post=23094"}],"wp:featuredmedia":[{"embeddable":true,"href":"https:\/\/zlcopenhagen.com\/es\/wp-json\/wp\/v2\/media\/23098"}],"wp:attachment":[{"href":"https:\/\/zlcopenhagen.com\/es\/wp-json\/wp\/v2\/media?parent=23094"}],"wp:term":[{"taxonomy":"product_brand","embeddable":true,"href":"https:\/\/zlcopenhagen.com\/es\/wp-json\/wp\/v2\/product_brand?post=23094"},{"taxonomy":"product_cat","embeddable":true,"href":"https:\/\/zlcopenhagen.com\/es\/wp-json\/wp\/v2\/product_cat?post=23094"},{"taxonomy":"product_tag","embeddable":true,"href":"https:\/\/zlcopenhagen.com\/es\/wp-json\/wp\/v2\/product_tag?post=23094"}],"curies":[{"name":"wp","href":"https:\/\/api.w.org\/{rel}","templated":true}]}}