{"id":23086,"date":"2025-11-07T13:59:23","date_gmt":"2025-11-07T12:59:23","guid":{"rendered":"https:\/\/zlcopenhagen.com\/product\/zlc-black-swimwear\/"},"modified":"2021-03-05T20:48:41","modified_gmt":"2021-03-05T19:48:41","slug":"zlc-black-swimwear","status":"publish","type":"product","link":"https:\/\/zlcopenhagen.com\/es\/producto\/zlc-black-swimwear\/","title":{"rendered":"TRAJE DE BA\u00f1O NEGRO ZLC"},"content":{"rendered":"<p>[spb_image image=&#8221;17993&#8243; image_size=&#8221;full&#8221; frame=&#8221;noframe&#8221; caption_pos=&#8221;hover&#8221; remove_rounded=&#8221;yes&#8221; fullwidth=&#8221;no&#8221; overflow_mode=&#8221;none&#8221; link_target=&#8221;_self&#8221; lightbox=&#8221;no&#8221; intro_animation=&#8221;none&#8221; animation_delay=&#8221;200&#8243; width=&#8221;1\/2&#8243; el_position=&#8221;first&#8221;][\/spb_image] [spb_image image=&#8221;19455&#8243; image_size=&#8221;full&#8221; frame=&#8221;noframe&#8221; caption_pos=&#8221;hover&#8221; remove_rounded=&#8221;yes&#8221; fullwidth=&#8221;no&#8221; overflow_mode=&#8221;none&#8221; link_target=&#8221;_self&#8221; lightbox=&#8221;no&#8221; intro_animation=&#8221;none&#8221; animation_delay=&#8221;200&#8243; width=&#8221;1\/2&#8243; el_position=&#8221;last&#8221;][\/spb_image] [spb_image image=&#8221;16243&#8243; image_size=&#8221;full&#8221; frame=&#8221;noframe&#8221; caption_pos=&#8221;hover&#8221; remove_rounded=&#8221;yes&#8221; fullwidth=&#8221;no&#8221; overflow_mode=&#8221;none&#8221; link_target=&#8221;_self&#8221; lightbox=&#8221;no&#8221; intro_animation=&#8221;none&#8221; animation_delay=&#8221;200&#8243; width=&#8221;1\/1&#8243; el_position=&#8221;first last&#8221;][\/spb_image]<\/p>\n","protected":false},"excerpt":{"rendered":"<p style=\"font-weight: 400;\">&#8220;El arte del cuerpo&#8221; es el adorno de un \u201cHunk\u201d. Nunca es demasiado tarde para aumentar tu sexualidad y ser un poco seductor. Con el sol en su cenit y tu cuerpo brillando debajo de \u00e9l, es hora de lucir tus fuertes m\u00fasculos y subir la temperatura del d\u00eda que ya es bastante caluroso. Tu arma no tan secreta merece algo delicado y tu cuerpo la m\u00e1xima comodidad.<\/p>\n<p style=\"font-weight: 400;\">Viste nuestro ba\u00f1ador ZLC Black Classic, color elegante, prestigioso y con un gran poder de seducci\u00f3n.<\/p>\n<p style=\"font-weight: 400;\">As\u00ed que este verano, MAN UP, y deja que tu cuerpo hable a su manera con un estilo seductor, que atraer\u00e1 a las chicas y chicos de la playa.<\/p>\n","protected":false},"featured_media":23089,"comment_status":"closed","ping_status":"closed","template":"","meta":[],"product_brand":[],"product_cat":[650],"product_tag":[1418,667,668],"class_list":{"0":"post-23086","1":"product","2":"type-product","3":"status-publish","4":"has-post-thumbnail","6":"product_cat-speedos-banadores-hombres","7":"product_tag-black-es","8":"product_tag-menswear-es","9":"product_tag-swimwear-es","11":"first","12":"instock","13":"taxable","14":"shipping-taxable","15":"purchasable","16":"product-type-variable"},"yoast_head":"<!-- This site is optimized with the Yoast SEO Premium plugin v26.6 (Yoast SEO v27.5) - https:\/\/yoast.com\/product\/yoast-seo-premium-wordpress\/ -->\n<title>ZLC Black swimwear, made of eco-friendly material. Online available<\/title>\n<meta name=\"description\" content=\"Viste nuestro ba\u00f1ador ZLC Black Classic, color elegante, prestigioso y con un gran poder de seducci\u00f3n.\" \/>\n<meta name=\"robots\" content=\"index, follow, max-snippet:-1, max-image-preview:large, max-video-preview:-1\" \/>\n<link rel=\"canonical\" href=\"https:\/\/zlcopenhagen.com\/es\/producto\/zlc-black-swimwear\/\" \/>\n<meta property=\"og:locale\" content=\"es_ES\" \/>\n<meta property=\"og:type\" content=\"article\" \/>\n<meta property=\"og:title\" content=\"TRAJE DE BA\u00f1O NEGRO ZLC\" \/>\n<meta property=\"og:description\" content=\"Viste nuestro ba\u00f1ador ZLC Black Classic, color elegante, prestigioso y con un gran poder de seducci\u00f3n.\" \/>\n<meta property=\"og:url\" content=\"https:\/\/zlcopenhagen.com\/es\/producto\/zlc-black-swimwear\/\" \/>\n<meta property=\"og:site_name\" content=\"zlcopenhagen.com\" \/>\n<meta property=\"og:image\" content=\"https:\/\/zlcopenhagen.com\/wp-content\/uploads\/2016\/07\/ZLC-SWIMWEAR-BLACK-Front-close-up-1.jpg\" \/>\n\t<meta property=\"og:image:width\" content=\"1632\" \/>\n\t<meta property=\"og:image:height\" content=\"1632\" \/>\n\t<meta property=\"og:image:type\" content=\"image\/jpeg\" \/>\n<meta name=\"twitter:card\" content=\"summary_large_image\" \/>\n<meta name=\"twitter:label1\" content=\"Disponibilidad\" \/>\n\t<meta name=\"twitter:data1\" content=\"Disponible\" \/>\n<meta property=\"og:availability\" content=\"instock\" \/>\n<meta property=\"product:availability\" content=\"instock\" \/>\n<meta property=\"product:retailer_item_id\" content=\"OFSW06\" \/>\n<meta property=\"product:condition\" content=\"new\" \/>\n<!-- \/ Yoast SEO Premium plugin. -->","yoast_head_json":{"title":"ZLC Black swimwear, made of eco-friendly material. Online available","description":"Viste nuestro ba\u00f1ador ZLC Black Classic, color elegante, prestigioso y con un gran poder de seducci\u00f3n.","robots":{"index":"index","follow":"follow","max-snippet":"max-snippet:-1","max-image-preview":"max-image-preview:large","max-video-preview":"max-video-preview:-1"},"canonical":"https:\/\/zlcopenhagen.com\/es\/producto\/zlc-black-swimwear\/","og_locale":"es_ES","og_type":"article","og_title":"TRAJE DE BA\u00f1O NEGRO ZLC","og_description":"Viste nuestro ba\u00f1ador ZLC Black Classic, color elegante, prestigioso y con un gran poder de seducci\u00f3n.","og_url":"https:\/\/zlcopenhagen.com\/es\/producto\/zlc-black-swimwear\/","og_site_name":"zlcopenhagen.com","og_image":[{"width":1632,"height":1632,"url":"https:\/\/zlcopenhagen.com\/wp-content\/uploads\/2016\/07\/ZLC-SWIMWEAR-BLACK-Front-close-up-1.jpg","type":"image\/jpeg"}],"twitter_card":"summary_large_image","twitter_misc":{"Disponibilidad":"Disponible"},"schema":{"@context":"https:\/\/schema.org","@graph":[{"@type":"WebPage","@id":"https:\/\/zlcopenhagen.com\/es\/producto\/zlc-black-swimwear\/","url":"https:\/\/zlcopenhagen.com\/es\/producto\/zlc-black-swimwear\/","name":"ZLC Black swimwear, made of eco-friendly material. Online available","isPartOf":{"@id":"https:\/\/zlcopenhagen.com\/#website"},"primaryImageOfPage":{"@id":"https:\/\/zlcopenhagen.com\/es\/producto\/zlc-black-swimwear\/#primaryimage"},"image":{"@id":"https:\/\/zlcopenhagen.com\/es\/producto\/zlc-black-swimwear\/#primaryimage"},"thumbnailUrl":"https:\/\/zlcopenhagen.com\/wp-content\/uploads\/2016\/07\/ZLC-SWIMWEAR-BLACK-Front-close-up-1.jpg","datePublished":"2025-11-07T12:59:23+00:00","description":"Viste nuestro ba\u00f1ador ZLC Black Classic, color elegante, prestigioso y con un gran poder de seducci\u00f3n.","breadcrumb":{"@id":"https:\/\/zlcopenhagen.com\/es\/producto\/zlc-black-swimwear\/#breadcrumb"},"inLanguage":"es","potentialAction":[{"@type":"ReadAction","target":["https:\/\/zlcopenhagen.com\/es\/producto\/zlc-black-swimwear\/"]}]},{"@type":"ImageObject","inLanguage":"es","@id":"https:\/\/zlcopenhagen.com\/es\/producto\/zlc-black-swimwear\/#primaryimage","url":"https:\/\/zlcopenhagen.com\/wp-content\/uploads\/2016\/07\/ZLC-SWIMWEAR-BLACK-Front-close-up-1.jpg","contentUrl":"https:\/\/zlcopenhagen.com\/wp-content\/uploads\/2016\/07\/ZLC-SWIMWEAR-BLACK-Front-close-up-1.jpg","width":1632,"height":1632,"caption":"Black swimwear"},{"@type":"BreadcrumbList","@id":"https:\/\/zlcopenhagen.com\/es\/producto\/zlc-black-swimwear\/#breadcrumb","itemListElement":[{"@type":"ListItem","position":1,"name":"Home","item":"https:\/\/zlcopenhagen.com\/es\/"},{"@type":"ListItem","position":2,"name":"Shop","item":"https:\/\/zlcopenhagen.com\/es\/shop\/"},{"@type":"ListItem","position":3,"name":"TRAJE DE BA\u00f1O NEGRO ZLC"}]},{"@type":"WebSite","@id":"https:\/\/zlcopenhagen.com\/#website","url":"https:\/\/zlcopenhagen.com\/","name":"zlcopenhagen.com","description":"","publisher":{"@id":"https:\/\/zlcopenhagen.com\/#organization"},"potentialAction":[{"@type":"SearchAction","target":{"@type":"EntryPoint","urlTemplate":"https:\/\/zlcopenhagen.com\/?s={search_term_string}"},"query-input":{"@type":"PropertyValueSpecification","valueRequired":true,"valueName":"search_term_string"}}],"inLanguage":"es"},{"@type":["Organization","Place"],"@id":"https:\/\/zlcopenhagen.com\/#organization","name":"ZLCOPENHAGEN","alternateName":"ZLCOPENHAGEN","url":"https:\/\/zlcopenhagen.com\/","logo":{"@id":"https:\/\/zlcopenhagen.com\/es\/producto\/zlc-black-swimwear\/#local-main-organization-logo"},"image":{"@id":"https:\/\/zlcopenhagen.com\/es\/producto\/zlc-black-swimwear\/#local-main-organization-logo"},"sameAs":["https:\/\/www.youtube.com\/channel\/UCy7JINwB6DMr2fA9yHpDQJg"],"telephone":[],"openingHoursSpecification":[{"@type":"OpeningHoursSpecification","dayOfWeek":["Monday","Tuesday","Wednesday","Thursday","Friday","Saturday","Sunday"],"opens":"09:00","closes":"17:00"}]},{"@type":"ImageObject","inLanguage":"es","@id":"https:\/\/zlcopenhagen.com\/es\/producto\/zlc-black-swimwear\/#local-main-organization-logo","url":"https:\/\/zlcopenhagen.com\/wp-content\/uploads\/2016\/05\/blog-logo.jpg","contentUrl":"https:\/\/zlcopenhagen.com\/wp-content\/uploads\/2016\/05\/blog-logo.jpg","width":68,"height":68,"caption":"ZLCOPENHAGEN"}]},"og_availability":"instock","product_availability":"instock","product_retailer_item_id":"OFSW06","product_condition":"new"},"_links":{"self":[{"href":"https:\/\/zlcopenhagen.com\/es\/wp-json\/wp\/v2\/product\/23086","targetHints":{"allow":["GET"]}}],"collection":[{"href":"https:\/\/zlcopenhagen.com\/es\/wp-json\/wp\/v2\/product"}],"about":[{"href":"https:\/\/zlcopenhagen.com\/es\/wp-json\/wp\/v2\/types\/product"}],"replies":[{"embeddable":true,"href":"https:\/\/zlcopenhagen.com\/es\/wp-json\/wp\/v2\/comments?post=23086"}],"wp:featuredmedia":[{"embeddable":true,"href":"https:\/\/zlcopenhagen.com\/es\/wp-json\/wp\/v2\/media\/23089"}],"wp:attachment":[{"href":"https:\/\/zlcopenhagen.com\/es\/wp-json\/wp\/v2\/media?parent=23086"}],"wp:term":[{"taxonomy":"product_brand","embeddable":true,"href":"https:\/\/zlcopenhagen.com\/es\/wp-json\/wp\/v2\/product_brand?post=23086"},{"taxonomy":"product_cat","embeddable":true,"href":"https:\/\/zlcopenhagen.com\/es\/wp-json\/wp\/v2\/product_cat?post=23086"},{"taxonomy":"product_tag","embeddable":true,"href":"https:\/\/zlcopenhagen.com\/es\/wp-json\/wp\/v2\/product_tag?post=23086"}],"curies":[{"name":"wp","href":"https:\/\/api.w.org\/{rel}","templated":true}]}}