{"id":23072,"date":"2014-11-10T12:49:57","date_gmt":"2014-11-10T11:49:57","guid":{"rendered":"https:\/\/zlcopenhagen.com\/product\/zlc-pink-swimwear\/"},"modified":"2025-11-17T11:32:44","modified_gmt":"2025-11-17T10:32:44","slug":"banador-hombre-rosa-marcar","status":"publish","type":"product","link":"https:\/\/zlcopenhagen.com\/es\/producto\/banador-hombre-rosa-marcar\/","title":{"rendered":"BA\u00d1ADOR HOMBRE ROSA QUE SE NOTA"},"content":{"rendered":"<p>[spb_text_block animation=&#8221;none&#8221; animation_delay=&#8221;0&#8243; simplified_controls=&#8221;yes&#8221; custom_css_percentage=&#8221;no&#8221; padding_vertical=&#8221;0&#8243; padding_horizontal=&#8221;0&#8243; margin_vertical=&#8221;0&#8243; custom_css=&#8221;margin-top: 0px;margin-bottom: 0px;&#8221; border_size=&#8221;0&#8243; border_styling_global=&#8221;default&#8221; width=&#8221;1\/1&#8243; el_position=&#8221;first last&#8221;]<\/p>\n<div class=\"product-description\">\n<p>Ba\u00f1ador rosa para hombres que quieren llamar la atenci\u00f3n con estilo<br \/>\n(Rosa badebukser til m\u00e6nd, der vil tiltr\u00e6kke opm\u00e6rksomhed med stil).<br \/>\nSu ajuste firme se adapta al contorno del cuerpo sin apretar, marcando de forma natural<\/p>\n<p>Detalles que marcan la diferencia<\/p>\n<ul>\n<li>Tallas S\u2013L, se ajusta como una segunda piel<\/li>\n<li>Forro amarillo y cintura con cord\u00f3n para un ajuste perfecto<\/li>\n<li>Dise\u00f1o reversible rosa y amarillo: dos colores en una sola prenda<\/li>\n<li>Tejido suave, ligero y de secado r\u00e1pido, ideal para d\u00edas de sol<\/li>\n<li>Corte que marca de forma natural sin exagerar<\/li>\n<li>Fabricado con materiales reciclados para una opci\u00f3n m\u00e1s responsable<\/li>\n<\/ul>\n<\/div>\n<p>[\/spb_text_block] [spb_image image=&#8221;28697&#8243; image_size=&#8221;full&#8221; frame=&#8221;noframe&#8221; caption_pos=&#8221;hover&#8221; remove_rounded=&#8221;yes&#8221; fullwidth=&#8221;no&#8221; overflow_mode=&#8221;none&#8221; link_target=&#8221;_self&#8221; lightbox=&#8221;no&#8221; intro_animation=&#8221;none&#8221; animation_delay=&#8221;200&#8243; width=&#8221;1\/1&#8243; el_position=&#8221;first last&#8221;][\/spb_image] [spb_blank_spacer height=&#8221;30px&#8221; width=&#8221;1\/1&#8243; el_position=&#8221;first last&#8221;] [spb_video link=&#8221;https:\/\/www.youtube.com\/watch?v=kGGnTN3AyS8&amp;t=11s&#8221; remove_related=&#8221;yes&#8221; autoplay=&#8221;no&#8221; full_width=&#8221;no&#8221; width=&#8221;1\/1&#8243; el_position=&#8221;first last&#8221;] [spb_image image=&#8221;19705&#8243; image_size=&#8221;full&#8221; frame=&#8221;noframe&#8221; caption_pos=&#8221;below&#8221; remove_rounded=&#8221;yes&#8221; fullwidth=&#8221;yes&#8221; overflow_mode=&#8221;none&#8221; link_target=&#8221;_self&#8221; lightbox=&#8221;no&#8221; intro_animation=&#8221;none&#8221; animation_delay=&#8221;200&#8243; width=&#8221;1\/2&#8243; el_position=&#8221;first&#8221;][\/spb_image] [spb_image image=&#8221;19093&#8243; image_size=&#8221;full&#8221; frame=&#8221;noframe&#8221; caption_pos=&#8221;below&#8221; remove_rounded=&#8221;yes&#8221; fullwidth=&#8221;yes&#8221; overflow_mode=&#8221;none&#8221; link_target=&#8221;_self&#8221; lightbox=&#8221;no&#8221; intro_animation=&#8221;none&#8221; animation_delay=&#8221;200&#8243; width=&#8221;1\/2&#8243; el_position=&#8221;last&#8221;][\/spb_image] [spb_image image=&#8221;17700&#8243; image_size=&#8221;full&#8221; frame=&#8221;noframe&#8221; caption_pos=&#8221;below&#8221; remove_rounded=&#8221;yes&#8221; fullwidth=&#8221;yes&#8221; overflow_mode=&#8221;none&#8221; link_target=&#8221;_self&#8221; lightbox=&#8221;no&#8221; intro_animation=&#8221;none&#8221; animation_delay=&#8221;200&#8243; width=&#8221;1\/2&#8243; el_position=&#8221;first&#8221;][\/spb_image] [spb_image image=&#8221;19708&#8243; image_size=&#8221;full&#8221; frame=&#8221;noframe&#8221; caption_pos=&#8221;below&#8221; remove_rounded=&#8221;yes&#8221; fullwidth=&#8221;yes&#8221; overflow_mode=&#8221;none&#8221; link_target=&#8221;_self&#8221; lightbox=&#8221;no&#8221; intro_animation=&#8221;none&#8221; animation_delay=&#8221;200&#8243; width=&#8221;1\/2&#8243; el_position=&#8221;last&#8221;][\/spb_image] [spb_image image=&#8221;17905&#8243; image_size=&#8221;full&#8221; frame=&#8221;noframe&#8221; caption_pos=&#8221;below&#8221; remove_rounded=&#8221;yes&#8221; fullwidth=&#8221;yes&#8221; overflow_mode=&#8221;none&#8221; link_target=&#8221;_self&#8221; lightbox=&#8221;no&#8221; intro_animation=&#8221;none&#8221; animation_delay=&#8221;200&#8243; width=&#8221;1\/2&#8243; el_position=&#8221;first&#8221;][\/spb_image] [spb_image image=&#8221;19157&#8243; image_size=&#8221;full&#8221; frame=&#8221;noframe&#8221; caption_pos=&#8221;below&#8221; remove_rounded=&#8221;yes&#8221; fullwidth=&#8221;yes&#8221; overflow_mode=&#8221;none&#8221; link_target=&#8221;_self&#8221; lightbox=&#8221;no&#8221; intro_animation=&#8221;none&#8221; animation_delay=&#8221;200&#8243; width=&#8221;1\/2&#8243; el_position=&#8221;last&#8221;][\/spb_image] [spb_image image=&#8221;19711&#8243; image_size=&#8221;full&#8221; frame=&#8221;noframe&#8221; caption_pos=&#8221;below&#8221; remove_rounded=&#8221;yes&#8221; fullwidth=&#8221;no&#8221; overflow_mode=&#8221;none&#8221; link_target=&#8221;_self&#8221; lightbox=&#8221;no&#8221; intro_animation=&#8221;none&#8221; animation_delay=&#8221;200&#8243; width=&#8221;1\/1&#8243; el_position=&#8221;first last&#8221;][\/spb_image] [spb_image image=&#8221;25650&#8243; image_size=&#8221;full&#8221; frame=&#8221;noframe&#8221; caption_pos=&#8221;below&#8221; remove_rounded=&#8221;yes&#8221; fullwidth=&#8221;no&#8221; overflow_mode=&#8221;none&#8221; link_target=&#8221;_self&#8221; lightbox=&#8221;no&#8221; intro_animation=&#8221;none&#8221; animation_delay=&#8221;200&#8243; width=&#8221;1\/1&#8243; el_position=&#8221;first last&#8221;][\/spb_image] [spb_text_block animation=&#8221;none&#8221; animation_delay=&#8221;0&#8243; simplified_controls=&#8221;yes&#8221; custom_css_percentage=&#8221;no&#8221; padding_vertical=&#8221;0&#8243; padding_horizontal=&#8221;0&#8243; margin_vertical=&#8221;0&#8243; custom_css=&#8221;margin-top: 0px;margin-bottom: 0px;&#8221; border_size=&#8221;0&#8243; border_styling_global=&#8221;default&#8221; width=&#8221;1\/1&#8243; el_position=&#8221;first last&#8221;]<\/p>\n<h2><span style=\"color: #333333;\">BA\u00d1ADOR ROSA DE ZLCOPENHAGEN<\/span><\/h2>\n<p>&nbsp;<\/p>\n<p>Ba\u00f1ador rosa para hombres que quieren destacar. Su ajuste firme se adapta al cuerpo sin apretar, marcando de forma natural y dando un look seguro y moderno. Perfecto para d\u00edas de sol, playa y piscina.Ba\u00f1ador en color rosa con forro amarillo y cintura con cord\u00f3n. Nuestro traje de ba\u00f1o rosa est\u00e1 hecho de hilo Econyl\u00ae, un hilo de nylon totalmente fabricado a partir de residuos post-consumo regenerados, como ropa, alfombras y redes de pesca.<br \/>\nTranspirable, fuerte, ligero y ecol\u00f3gico.<br \/>\nDisponible en 3 tama\u00f1os.<\/p>\n<ul>\n<li>Oeko-Tex\u00ae Standard 100<\/li>\n<li>Ba\u00f1ador reversible en colores rosa y amarillo<\/li>\n<li>Dos fant\u00e1sticos colores en un solo par<\/li>\n<li>Fabricado con materiales reciclados y con un dise\u00f1o dan\u00e9s minimalista<\/li>\n<li>Perfecto para la playa y los deportes acu\u00e1ticos<\/li>\n<\/ul>\n<p>[\/spb_text_block]<\/p>\n","protected":false},"excerpt":{"rendered":"<p><span style=\"font-family: UICTFontTextStyleBody;\">Fabricado con nylon regenerado ECONYL\u00ae a partir de residuos como las redes de pesca.Ba\u00f1ador rosa con forro amarillo y cintura con cord\u00f3n. Nuestro ba\u00f1ador rosa est\u00e1 hecho de hilo ECONYL\u00ae, un hilo de nylon fabricado en su totalidad a partirde desechos regenerados, como restos de tela, alfombras y redes de pesca. <\/span><span style=\"font-family: UICTFontTextStyleBody;\">Transpirable, fuerte, ligero y ecol\u00f3gico.\u00a0<\/span><span style=\"font-family: UICTFontTextStyleBody;\">Viene en 3 tama\u00f1os.<\/span><\/p>\n","protected":false},"featured_media":23076,"comment_status":"closed","ping_status":"closed","template":"","meta":[],"product_brand":[],"product_cat":[650],"product_tag":[686,1163,668],"class_list":{"0":"post-23072","1":"product","2":"type-product","3":"status-publish","4":"has-post-thumbnail","6":"product_cat-speedos-banadores-hombres","7":"product_tag-brief-es","8":"product_tag-pink-es","9":"product_tag-swimwear-es","11":"first","12":"instock","13":"taxable","14":"shipping-taxable","15":"purchasable","16":"product-type-variable","17":"has-default-attributes"},"yoast_head":"<!-- This site is optimized with the Yoast SEO Premium plugin v26.6 (Yoast SEO v27.4) - https:\/\/yoast.com\/product\/yoast-seo-premium-wordpress\/ -->\n<title>Ba\u00f1ador Hombre Rosa \u2013 Corte que Marca Natural | ZLC<\/title>\n<meta name=\"description\" content=\"Ba\u00f1ador rosa para hombre con un ajuste c\u00f3modo y moderno. Su corte realza la forma de manera natural y ofrece un look llamativo para playa y piscina.\" \/>\n<meta name=\"robots\" content=\"index, follow, max-snippet:-1, max-image-preview:large, max-video-preview:-1\" \/>\n<link rel=\"canonical\" href=\"https:\/\/zlcopenhagen.com\/es\/producto\/banador-hombre-rosa-marcar\/\" \/>\n<meta property=\"og:locale\" content=\"es_ES\" \/>\n<meta property=\"og:type\" content=\"article\" \/>\n<meta property=\"og:title\" content=\"BA\u00d1ADOR HOMBRE ROSA QUE SE NOTA\" \/>\n<meta property=\"og:description\" content=\"Ba\u00f1ador rosa para hombre con un ajuste c\u00f3modo y moderno. Su corte realza la forma de manera natural y ofrece un look llamativo para playa y piscina.\" \/>\n<meta property=\"og:url\" content=\"https:\/\/zlcopenhagen.com\/es\/producto\/banador-hombre-rosa-marcar\/\" \/>\n<meta property=\"og:site_name\" content=\"zlcopenhagen.com\" \/>\n<meta property=\"article:modified_time\" content=\"2025-11-17T10:32:44+00:00\" \/>\n<meta property=\"og:image\" content=\"https:\/\/zlcopenhagen.com\/wp-content\/uploads\/2014\/11\/ZLC-PINK-FULL-BACK-AURELIEN.jpg\" \/>\n\t<meta property=\"og:image:width\" content=\"1000\" \/>\n\t<meta property=\"og:image:height\" content=\"1000\" \/>\n\t<meta property=\"og:image:type\" content=\"image\/jpeg\" \/>\n<meta name=\"twitter:card\" content=\"summary_large_image\" \/>\n<meta name=\"twitter:label1\" content=\"Disponibilidad\" \/>\n\t<meta name=\"twitter:data1\" content=\"Disponible\" \/>\n<meta property=\"og:availability\" content=\"instock\" \/>\n<meta property=\"product:availability\" content=\"instock\" \/>\n<meta property=\"product:retailer_item_id\" content=\"6778923\" \/>\n<meta property=\"product:condition\" content=\"new\" \/>\n<!-- \/ Yoast SEO Premium plugin. -->","yoast_head_json":{"title":"Ba\u00f1ador Hombre Rosa \u2013 Corte que Marca Natural | ZLC","description":"Ba\u00f1ador rosa para hombre con un ajuste c\u00f3modo y moderno. Su corte realza la forma de manera natural y ofrece un look llamativo para playa y piscina.","robots":{"index":"index","follow":"follow","max-snippet":"max-snippet:-1","max-image-preview":"max-image-preview:large","max-video-preview":"max-video-preview:-1"},"canonical":"https:\/\/zlcopenhagen.com\/es\/producto\/banador-hombre-rosa-marcar\/","og_locale":"es_ES","og_type":"article","og_title":"BA\u00d1ADOR HOMBRE ROSA QUE SE NOTA","og_description":"Ba\u00f1ador rosa para hombre con un ajuste c\u00f3modo y moderno. Su corte realza la forma de manera natural y ofrece un look llamativo para playa y piscina.","og_url":"https:\/\/zlcopenhagen.com\/es\/producto\/banador-hombre-rosa-marcar\/","og_site_name":"zlcopenhagen.com","article_modified_time":"2025-11-17T10:32:44+00:00","og_image":[{"width":1000,"height":1000,"url":"https:\/\/zlcopenhagen.com\/wp-content\/uploads\/2014\/11\/ZLC-PINK-FULL-BACK-AURELIEN.jpg","type":"image\/jpeg"}],"twitter_card":"summary_large_image","twitter_misc":{"Disponibilidad":"Disponible"},"schema":{"@context":"https:\/\/schema.org","@graph":[{"@type":"WebPage","@id":"https:\/\/zlcopenhagen.com\/es\/producto\/banador-hombre-rosa-marcar\/","url":"https:\/\/zlcopenhagen.com\/es\/producto\/banador-hombre-rosa-marcar\/","name":"Ba\u00f1ador Hombre Rosa \u2013 Corte que Marca Natural | ZLC","isPartOf":{"@id":"https:\/\/zlcopenhagen.com\/#website"},"primaryImageOfPage":{"@id":"https:\/\/zlcopenhagen.com\/es\/producto\/banador-hombre-rosa-marcar\/#primaryimage"},"image":{"@id":"https:\/\/zlcopenhagen.com\/es\/producto\/banador-hombre-rosa-marcar\/#primaryimage"},"thumbnailUrl":"https:\/\/zlcopenhagen.com\/wp-content\/uploads\/2014\/11\/ZLC-PINK-FULL-BACK-AURELIEN.jpg","datePublished":"2014-11-10T11:49:57+00:00","dateModified":"2025-11-17T10:32:44+00:00","description":"Ba\u00f1ador rosa para hombre con un ajuste c\u00f3modo y moderno. Su corte realza la forma de manera natural y ofrece un look llamativo para playa y piscina.","breadcrumb":{"@id":"https:\/\/zlcopenhagen.com\/es\/producto\/banador-hombre-rosa-marcar\/#breadcrumb"},"inLanguage":"es","potentialAction":[{"@type":"ReadAction","target":["https:\/\/zlcopenhagen.com\/es\/producto\/banador-hombre-rosa-marcar\/"]}]},{"@type":"ImageObject","inLanguage":"es","@id":"https:\/\/zlcopenhagen.com\/es\/producto\/banador-hombre-rosa-marcar\/#primaryimage","url":"https:\/\/zlcopenhagen.com\/wp-content\/uploads\/2014\/11\/ZLC-PINK-FULL-BACK-AURELIEN.jpg","contentUrl":"https:\/\/zlcopenhagen.com\/wp-content\/uploads\/2014\/11\/ZLC-PINK-FULL-BACK-AURELIEN.jpg","width":1000,"height":1000,"caption":"Pink badebukser"},{"@type":"BreadcrumbList","@id":"https:\/\/zlcopenhagen.com\/es\/producto\/banador-hombre-rosa-marcar\/#breadcrumb","itemListElement":[{"@type":"ListItem","position":1,"name":"Home","item":"https:\/\/zlcopenhagen.com\/es\/"},{"@type":"ListItem","position":2,"name":"Shop","item":"https:\/\/zlcopenhagen.com\/es\/shop\/"},{"@type":"ListItem","position":3,"name":"BA\u00d1ADOR HOMBRE ROSA QUE SE NOTA"}]},{"@type":"WebSite","@id":"https:\/\/zlcopenhagen.com\/#website","url":"https:\/\/zlcopenhagen.com\/","name":"zlcopenhagen.com","description":"","publisher":{"@id":"https:\/\/zlcopenhagen.com\/#organization"},"potentialAction":[{"@type":"SearchAction","target":{"@type":"EntryPoint","urlTemplate":"https:\/\/zlcopenhagen.com\/?s={search_term_string}"},"query-input":{"@type":"PropertyValueSpecification","valueRequired":true,"valueName":"search_term_string"}}],"inLanguage":"es"},{"@type":["Organization","Place"],"@id":"https:\/\/zlcopenhagen.com\/#organization","name":"ZLCOPENHAGEN","alternateName":"ZLCOPENHAGEN","url":"https:\/\/zlcopenhagen.com\/","logo":{"@id":"https:\/\/zlcopenhagen.com\/es\/producto\/banador-hombre-rosa-marcar\/#local-main-organization-logo"},"image":{"@id":"https:\/\/zlcopenhagen.com\/es\/producto\/banador-hombre-rosa-marcar\/#local-main-organization-logo"},"sameAs":["https:\/\/www.youtube.com\/channel\/UCy7JINwB6DMr2fA9yHpDQJg"],"telephone":[],"openingHoursSpecification":[{"@type":"OpeningHoursSpecification","dayOfWeek":["Monday","Tuesday","Wednesday","Thursday","Friday","Saturday","Sunday"],"opens":"09:00","closes":"17:00"}]},{"@type":"ImageObject","inLanguage":"es","@id":"https:\/\/zlcopenhagen.com\/es\/producto\/banador-hombre-rosa-marcar\/#local-main-organization-logo","url":"https:\/\/zlcopenhagen.com\/wp-content\/uploads\/2016\/05\/blog-logo.jpg","contentUrl":"https:\/\/zlcopenhagen.com\/wp-content\/uploads\/2016\/05\/blog-logo.jpg","width":68,"height":68,"caption":"ZLCOPENHAGEN"}]},"og_availability":"instock","product_availability":"instock","product_retailer_item_id":"6778923","product_condition":"new"},"_links":{"self":[{"href":"https:\/\/zlcopenhagen.com\/es\/wp-json\/wp\/v2\/product\/23072","targetHints":{"allow":["GET"]}}],"collection":[{"href":"https:\/\/zlcopenhagen.com\/es\/wp-json\/wp\/v2\/product"}],"about":[{"href":"https:\/\/zlcopenhagen.com\/es\/wp-json\/wp\/v2\/types\/product"}],"replies":[{"embeddable":true,"href":"https:\/\/zlcopenhagen.com\/es\/wp-json\/wp\/v2\/comments?post=23072"}],"wp:featuredmedia":[{"embeddable":true,"href":"https:\/\/zlcopenhagen.com\/es\/wp-json\/wp\/v2\/media\/23076"}],"wp:attachment":[{"href":"https:\/\/zlcopenhagen.com\/es\/wp-json\/wp\/v2\/media?parent=23072"}],"wp:term":[{"taxonomy":"product_brand","embeddable":true,"href":"https:\/\/zlcopenhagen.com\/es\/wp-json\/wp\/v2\/product_brand?post=23072"},{"taxonomy":"product_cat","embeddable":true,"href":"https:\/\/zlcopenhagen.com\/es\/wp-json\/wp\/v2\/product_cat?post=23072"},{"taxonomy":"product_tag","embeddable":true,"href":"https:\/\/zlcopenhagen.com\/es\/wp-json\/wp\/v2\/product_tag?post=23072"}],"curies":[{"name":"wp","href":"https:\/\/api.w.org\/{rel}","templated":true}]}}