{"id":57262,"date":"2026-01-31T07:19:39","date_gmt":"2026-01-31T06:19:39","guid":{"rendered":"https:\/\/zlcopenhagen.com\/?page_id=57262"},"modified":"2026-01-31T07:19:39","modified_gmt":"2026-01-31T06:19:39","slug":"diseno-danes-punjabi","status":"publish","type":"page","link":"https:\/\/zlcopenhagen.com\/es\/diseno-danes-punjabi\/","title":{"rendered":"DISE\u00d1O DAN\u00c9S\u2013PUNJABI"},"content":{"rendered":"<p>[spb_video link=&#8221;https:\/\/www.youtube.com\/watch?v=IdShCKR-tsQ&#8221; remove_related=&#8221;yes&#8221; autoplay=&#8221;no&#8221; full_width=&#8221;no&#8221; width=&#8221;1\/1&#8243; el_position=&#8221;first last&#8221;] [spb_text_block animation=&#8221;none&#8221; animation_delay=&#8221;0&#8243; simplified_controls=&#8221;yes&#8221; custom_css_percentage=&#8221;no&#8221; padding_vertical=&#8221;0&#8243; padding_horizontal=&#8221;0&#8243; margin_vertical=&#8221;0&#8243; custom_css=&#8221;margin-top: 0px;margin-bottom: 0px;&#8221; border_size=&#8221;0&#8243; border_styling_global=&#8221;default&#8221; width=&#8221;1\/1&#8243; el_position=&#8221;first last&#8221;]<\/p>\n<h2>LA CREACI\u00d3N DE MI MARCA<\/h2>\n<h3>El lanzamiento de mi primera colecci\u00f3n<\/h3>\n<p>En mi primera colecci\u00f3n de ropa interior, presentada en este video, cuento la historia de dos personajes cautivadores:<br \/>\nPatrick, un limpiacristales, y Rannva, una mujer carism\u00e1tica.<br \/>\nLa narrativa se desarrolla en las calles hist\u00f3ricas de Magstr\u00e6de, en Copenhague,<br \/>\ndonde un encuentro fortuito enciende un romance intenso entre adoquines y edificios centenarios.<\/p>\n<p>Mientras Patrick se concentra en su trabajo, la sonrisa luminosa de Rannva capta su mirada.<br \/>\nSurge un momento de atracci\u00f3n mutua\u2014silencioso, pero inevitable.<br \/>\nEn un gesto audaz e \u00edntimo, Rannva revela el cuerpo esculpido de Patrick bajo su ropa de trabajo,<br \/>\ndespertando una pasi\u00f3n que refleja la atm\u00f3sfera atemporal del entorno.<\/p>\n<p>Su conexi\u00f3n, tejida en el tejido de la ropa interior de Patrick,<br \/>\nse convierte en un s\u00edmbolo de la magia de su encuentro\u2014un instante detenido en el tiempo<br \/>\nen el coraz\u00f3n de Copenhague.<\/p>\n<p>Con esta colecci\u00f3n y este video, te invito a acompa\u00f1ar a Patrick y Rannva en su viaje:<br \/>\nuna historia de conexi\u00f3n, deseo y presencia, donde cada puntada lleva consigo su propia historia.<\/p>\n<p>[\/spb_text_block] [spb_image image=&#8221;31380&#8243; image_size=&#8221;full&#8221; frame=&#8221;noframe&#8221; caption_pos=&#8221;hover&#8221; remove_rounded=&#8221;yes&#8221; fullwidth=&#8221;no&#8221; overflow_mode=&#8221;none&#8221; link_target=&#8221;_self&#8221; lightbox=&#8221;no&#8221; intro_animation=&#8221;none&#8221; animation_delay=&#8221;200&#8243; width=&#8221;1\/1&#8243; el_position=&#8221;first last&#8221;][\/spb_image] [spb_text_block animation=&#8221;none&#8221; animation_delay=&#8221;0&#8243; simplified_controls=&#8221;yes&#8221; custom_css_percentage=&#8221;no&#8221; padding_vertical=&#8221;0&#8243; padding_horizontal=&#8221;0&#8243; margin_vertical=&#8221;0&#8243; custom_css=&#8221;margin-top: 0px;margin-bottom: 0px;&#8221; border_size=&#8221;0&#8243; border_styling_global=&#8221;default&#8221; width=&#8221;1\/1&#8243; el_position=&#8221;first last&#8221;]<\/p>\n<h2>UNA CREACI\u00d3N INNOVADORA DE LA ESCUELA DANESA DE DISE\u00d1O<\/h2>\n<p>Aqu\u00ed presento uno de mis proyectos m\u00e1s formativos de la Escuela Danesa de Dise\u00f1o:<br \/>\nla <strong>Reversible Innovation Jacket<\/strong>.<br \/>\nUna prenda que desafi\u00f3 la moda masculina cl\u00e1sica al unir l\u00edneas atemporales<br \/>\ncon funcionalidad contempor\u00e1nea.<\/p>\n<p>Combin\u00e9 tejidos tradicionales de sastrer\u00eda con materiales deportivos de alto rendimiento.<br \/>\nEl resultado no fue solo mayor comodidad, sino una nueva forma de elegancia funcional.<\/p>\n<p>Lo que hizo verdaderamente \u00fanica a la chaqueta fue su <strong>construcci\u00f3n reversible<\/strong>.<br \/>\nCon un solo gesto, pod\u00eda transformarse de cl\u00e1sica a deportiva\u2014<br \/>\ndise\u00f1ada para funcionar en m\u00faltiples contextos sin perder expresi\u00f3n.<\/p>\n<p>La artesan\u00eda fue fundamental.<br \/>\nCada puntada reflej\u00f3 mi ambici\u00f3n de ampliar l\u00edmites y replantear las normas de la moda masculina.<\/p>\n<p>La colecci\u00f3n fue dise\u00f1ada en Copenhague y realizada en 2008<br \/>\nen colaboraci\u00f3n con sastres expertos de <strong>Dandy Design en Lahore, Pakist\u00e1n<\/strong>.<br \/>\nVer c\u00f3mo la idea pasaba del concepto a la forma f\u00edsica fue un momento decisivo.<\/p>\n<p>La <strong>Reversible Innovation Jacket<\/strong> es m\u00e1s que una prenda.<br \/>\nRepresenta el encuentro entre visi\u00f3n creativa y precisi\u00f3n artesanal\u2014<br \/>\nentre la herencia del dise\u00f1o de Copenhague y las tradiciones de sastrer\u00eda de Lahore.<\/p>\n<p>Cada puntada cuenta una historia.<br \/>\nUna historia de dos mundos, fusionados en una expresi\u00f3n vestible de<br \/>\nindividualidad, curiosidad e innovaci\u00f3n.<\/p>\n<p>[\/spb_text_block] [spb_image image_size=&#8221;full&#8221; frame=&#8221;noframe&#8221; caption_pos=&#8221;hover&#8221; remove_rounded=&#8221;yes&#8221; fullwidth=&#8221;no&#8221; overflow_mode=&#8221;none&#8221; link_target=&#8221;_self&#8221; lightbox=&#8221;no&#8221; intro_animation=&#8221;none&#8221; animation_delay=&#8221;200&#8243; width=&#8221;1\/1&#8243; el_position=&#8221;first last&#8221;][\/spb_image]<\/p>\n","protected":false},"excerpt":{"rendered":"<p>[spb_video link=&#8221;https:\/\/www.youtube.com\/watch?v=IdShCKR-tsQ&#8221; remove_related=&#8221;yes&#8221; autoplay=&#8221;no&#8221; full_width=&#8221;no&#8221; width=&#8221;1\/1&#8243; el_position=&#8221;first last&#8221;] [spb_text_block animation=&#8221;none&#8221; animation_delay=&#8221;0&#8243; simplified_controls=&#8221;yes&#8221; custom_css_percentage=&#8221;no&#8221; padding_vertical=&#8221;0&#8243; padding_horizontal=&#8221;0&#8243; margin_vertical=&#8221;0&#8243; custom_css=&#8221;margin-top: 0px;margin-bottom: 0px;&#8221; border_size=&#8221;0&#8243; border_styling_global=&#8221;default&#8221; width=&#8221;1\/1&#8243; el_position=&#8221;first last&#8221;] LA CREACI\u00d3N DE MI MARCA El lanzamiento de mi primera colecci\u00f3n En mi primera colecci\u00f3n de ropa interior, presentada en este video, cuento la historia de dos personajes cautivadores: Patrick, un limpiacristales, y Rannva, una mujer [&hellip;]<\/p>\n","protected":false},"author":2,"featured_media":0,"parent":0,"menu_order":0,"comment_status":"closed","ping_status":"closed","template":"","meta":{"footnotes":""},"class_list":["post-57262","page","type-page","status-publish","hentry"],"yoast_head":"<!-- This site is optimized with the Yoast SEO Premium plugin v26.6 (Yoast SEO v27.4) - https:\/\/yoast.com\/product\/yoast-seo-premium-wordpress\/ -->\n<title>Dise\u00f1o Dan\u00e9s\u2013Punjabi | Moda Masculina y Pr\u00e1ctica de Dise\u00f1o<\/title>\n<meta name=\"description\" content=\"El dise\u00f1o dan\u00e9s\u2013punjabi explora una pr\u00e1ctica de dise\u00f1o intercultural nacida en Copenhague, donde el minimalismo dan\u00e9s se encuentra con la tradici\u00f3n punjabi a trav\u00e9s de la moda masculina, la artesan\u00eda y la identidad.\" \/>\n<meta name=\"robots\" content=\"index, follow, max-snippet:-1, max-image-preview:large, max-video-preview:-1\" \/>\n<link rel=\"canonical\" href=\"https:\/\/zlcopenhagen.com\/es\/diseno-danes-punjabi\/\" \/>\n<meta property=\"og:locale\" content=\"es_ES\" \/>\n<meta property=\"og:type\" content=\"article\" \/>\n<meta property=\"og:title\" content=\"ZLCOPENHAGEN | Cross-Cultural Menswear &amp; Ethical Style\" \/>\n<meta property=\"og:description\" content=\"Discover ZLCOPENHAGEN: Danish-Punjabi fusion in ethical menswear. Born from activism. Built on bold design. Worn with purpose.\" \/>\n<meta property=\"og:url\" content=\"https:\/\/zlcopenhagen.com\/es\/diseno-danes-punjabi\/\" \/>\n<meta property=\"og:site_name\" content=\"zlcopenhagen.com\" \/>\n<meta property=\"og:image\" content=\"https:\/\/zlcopenhagen.com\/wp-content\/uploads\/2014\/11\/zlc-.jpg\" \/>\n\t<meta property=\"og:image:width\" content=\"1908\" \/>\n\t<meta property=\"og:image:height\" content=\"1062\" \/>\n\t<meta property=\"og:image:type\" content=\"image\/jpeg\" \/>\n<meta name=\"twitter:card\" content=\"summary_large_image\" \/>\n<meta name=\"twitter:label1\" content=\"Tiempo de lectura\" \/>\n\t<meta name=\"twitter:data1\" content=\"3 minutos\" \/>\n<!-- \/ Yoast SEO Premium plugin. -->","yoast_head_json":{"title":"Dise\u00f1o Dan\u00e9s\u2013Punjabi | Moda Masculina y Pr\u00e1ctica de Dise\u00f1o","description":"El dise\u00f1o dan\u00e9s\u2013punjabi explora una pr\u00e1ctica de dise\u00f1o intercultural nacida en Copenhague, donde el minimalismo dan\u00e9s se encuentra con la tradici\u00f3n punjabi a trav\u00e9s de la moda masculina, la artesan\u00eda y la identidad.","robots":{"index":"index","follow":"follow","max-snippet":"max-snippet:-1","max-image-preview":"max-image-preview:large","max-video-preview":"max-video-preview:-1"},"canonical":"https:\/\/zlcopenhagen.com\/es\/diseno-danes-punjabi\/","og_locale":"es_ES","og_type":"article","og_title":"ZLCOPENHAGEN | Cross-Cultural Menswear & Ethical Style","og_description":"Discover ZLCOPENHAGEN: Danish-Punjabi fusion in ethical menswear. Born from activism. Built on bold design. Worn with purpose.","og_url":"https:\/\/zlcopenhagen.com\/es\/diseno-danes-punjabi\/","og_site_name":"zlcopenhagen.com","og_image":[{"width":1908,"height":1062,"url":"https:\/\/zlcopenhagen.com\/wp-content\/uploads\/2014\/11\/zlc-.jpg","type":"image\/jpeg"}],"twitter_card":"summary_large_image","twitter_misc":{"Tiempo de lectura":"3 minutos"},"schema":{"@context":"https:\/\/schema.org","@graph":[{"@type":"WebPage","@id":"https:\/\/zlcopenhagen.com\/es\/diseno-danes-punjabi\/","url":"https:\/\/zlcopenhagen.com\/es\/diseno-danes-punjabi\/","name":"Dise\u00f1o Dan\u00e9s\u2013Punjabi | Moda Masculina y Pr\u00e1ctica de Dise\u00f1o","isPartOf":{"@id":"https:\/\/zlcopenhagen.com\/#website"},"datePublished":"2026-01-31T06:19:39+00:00","description":"El dise\u00f1o dan\u00e9s\u2013punjabi explora una pr\u00e1ctica de dise\u00f1o intercultural nacida en Copenhague, donde el minimalismo dan\u00e9s se encuentra con la tradici\u00f3n punjabi a trav\u00e9s de la moda masculina, la artesan\u00eda y la identidad.","breadcrumb":{"@id":"https:\/\/zlcopenhagen.com\/es\/diseno-danes-punjabi\/#breadcrumb"},"inLanguage":"es","potentialAction":[{"@type":"ReadAction","target":["https:\/\/zlcopenhagen.com\/es\/diseno-danes-punjabi\/"]}]},{"@type":"BreadcrumbList","@id":"https:\/\/zlcopenhagen.com\/es\/diseno-danes-punjabi\/#breadcrumb","itemListElement":[{"@type":"ListItem","position":1,"name":"Home","item":"https:\/\/zlcopenhagen.com\/es\/"},{"@type":"ListItem","position":2,"name":"DISE\u00d1O DAN\u00c9S\u2013PUNJABI"}]},{"@type":"WebSite","@id":"https:\/\/zlcopenhagen.com\/#website","url":"https:\/\/zlcopenhagen.com\/","name":"zlcopenhagen.com","description":"","publisher":{"@id":"https:\/\/zlcopenhagen.com\/#organization"},"potentialAction":[{"@type":"SearchAction","target":{"@type":"EntryPoint","urlTemplate":"https:\/\/zlcopenhagen.com\/?s={search_term_string}"},"query-input":{"@type":"PropertyValueSpecification","valueRequired":true,"valueName":"search_term_string"}}],"inLanguage":"es"},{"@type":["Organization","Place"],"@id":"https:\/\/zlcopenhagen.com\/#organization","name":"ZLCOPENHAGEN","alternateName":"ZLCOPENHAGEN","url":"https:\/\/zlcopenhagen.com\/","logo":{"@id":"https:\/\/zlcopenhagen.com\/es\/diseno-danes-punjabi\/#local-main-organization-logo"},"image":{"@id":"https:\/\/zlcopenhagen.com\/es\/diseno-danes-punjabi\/#local-main-organization-logo"},"sameAs":["https:\/\/www.youtube.com\/channel\/UCy7JINwB6DMr2fA9yHpDQJg"],"telephone":[],"openingHoursSpecification":[{"@type":"OpeningHoursSpecification","dayOfWeek":["Monday","Tuesday","Wednesday","Thursday","Friday","Saturday","Sunday"],"opens":"09:00","closes":"17:00"}]},{"@type":"ImageObject","inLanguage":"es","@id":"https:\/\/zlcopenhagen.com\/es\/diseno-danes-punjabi\/#local-main-organization-logo","url":"https:\/\/zlcopenhagen.com\/wp-content\/uploads\/2016\/05\/blog-logo.jpg","contentUrl":"https:\/\/zlcopenhagen.com\/wp-content\/uploads\/2016\/05\/blog-logo.jpg","width":68,"height":68,"caption":"ZLCOPENHAGEN"}]}},"_links":{"self":[{"href":"https:\/\/zlcopenhagen.com\/es\/wp-json\/wp\/v2\/pages\/57262","targetHints":{"allow":["GET"]}}],"collection":[{"href":"https:\/\/zlcopenhagen.com\/es\/wp-json\/wp\/v2\/pages"}],"about":[{"href":"https:\/\/zlcopenhagen.com\/es\/wp-json\/wp\/v2\/types\/page"}],"author":[{"embeddable":true,"href":"https:\/\/zlcopenhagen.com\/es\/wp-json\/wp\/v2\/users\/2"}],"replies":[{"embeddable":true,"href":"https:\/\/zlcopenhagen.com\/es\/wp-json\/wp\/v2\/comments?post=57262"}],"version-history":[{"count":1,"href":"https:\/\/zlcopenhagen.com\/es\/wp-json\/wp\/v2\/pages\/57262\/revisions"}],"predecessor-version":[{"id":57263,"href":"https:\/\/zlcopenhagen.com\/es\/wp-json\/wp\/v2\/pages\/57262\/revisions\/57263"}],"wp:attachment":[{"href":"https:\/\/zlcopenhagen.com\/es\/wp-json\/wp\/v2\/media?parent=57262"}],"curies":[{"name":"wp","href":"https:\/\/api.w.org\/{rel}","templated":true}]}}