{"id":54702,"date":"2026-01-07T15:33:23","date_gmt":"2026-01-07T14:33:23","guid":{"rendered":"https:\/\/zlcopenhagen.com\/?page_id=54702"},"modified":"2026-01-11T18:33:38","modified_gmt":"2026-01-11T17:33:38","slug":"que-es-un-shemagh","status":"publish","type":"page","link":"https:\/\/zlcopenhagen.com\/es\/que-es-un-shemagh\/","title":{"rendered":"\u00bfQU\u00c9 ES UN SHEMAGH? SIGNIFICADO, ORIGEN Y C\u00d3MO SE USA"},"content":{"rendered":"<p>[spb_raw_html width=&#8221;1\/1&#8243; el_position=&#8221;first last&#8221;]JTNDYmxvY2txdW90ZSUyMGNsYXNzJTNEJTIydGlrdG9rLWVtYmVkJTIyJTIwY2l0ZSUzRCUyMmh0dHBzJTNBJTJGJTJGd3d3LnRpa3Rvay5jb20lMkYlNDBtYXRoZXVzY2xsYXVzJTJGdmlkZW8lMkY3NTg5Mzk1OTM3MDUxNjU5NTI3JTIyJTIwZGF0YS12aWRlby1pZCUzRCUyMjc1ODkzOTU5MzcwNTE2NTk1MjclMjIlMjBzdHlsZSUzRCUyMm1heC13aWR0aCUzQSUyMDYwNXB4JTNCbWluLXdpZHRoJTNBJTIwMzI1cHglM0IlMjIlMjAlM0UlMjAlM0NzZWN0aW9uJTNFJTIwJTNDYSUyMHRhcmdldCUzRCUyMl9ibGFuayUyMiUyMHRpdGxlJTNEJTIyJTQwbWF0aGV1c2NsbGF1cyUyMiUyMGhyZWYlM0QlMjJodHRwcyUzQSUyRiUyRnd3dy50aWt0b2suY29tJTJGJTQwbWF0aGV1c2NsbGF1cyUzRnJlZmVyJTNEZW1iZWQlMjIlM0UlNDBtYXRoZXVzY2xsYXVzJTNDJTJGYSUzRSUyMCUzQ3AlM0UlM0MlMkZwJTNFJTIwJTNDYSUyMHRhcmdldCUzRCUyMl9ibGFuayUyMiUyMHRpdGxlJTNEJTIyJUUyJTk5JUFDJTIwWUFNQSUyMC0lMjBEWVNUSU5DVCUyMiUyMGhyZWYlM0QlMjJodHRwcyUzQSUyRiUyRnd3dy50aWt0b2suY29tJTJGbXVzaWMlMkZZQU1BLTc1NjEwNTI5NTMxMjI4ODM1ODUlM0ZyZWZlciUzRGVtYmVkJTIyJTNFJUUyJTk5JUFDJTIwWUFNQSUyMC0lMjBEWVNUSU5DVCUzQyUyRmElM0UlMjAlM0MlMkZzZWN0aW9uJTNFJTIwJTNDJTJGYmxvY2txdW90ZSUzRSUyMCUzQ3NjcmlwdCUyMGFzeW5jJTIwc3JjJTNEJTIyaHR0cHMlM0ElMkYlMkZ3d3cudGlrdG9rLmNvbSUyRmVtYmVkLmpzJTIyJTNFJTNDJTJGc2NyaXB0JTNF[\/spb_raw_html] [spb_text_block animation=&#8221;none&#8221; animation_delay=&#8221;0&#8243; simplified_controls=&#8221;yes&#8221; custom_css_percentage=&#8221;no&#8221; padding_vertical=&#8221;0&#8243; padding_horizontal=&#8221;0&#8243; margin_vertical=&#8221;0&#8243; custom_css=&#8221;margin-top: 0px;margin-bottom: 0px;&#8221; border_size=&#8221;0&#8243; border_styling_global=&#8221;default&#8221; width=&#8221;1\/1&#8243; el_position=&#8221;first last&#8221;]<\/p>\n<section>\n<h1>QU\u00c9 ES UN SHEMAGH<\/h1>\n<p>Un shemagh es un pa\u00f1uelo tradicional originario de Oriente Medio, especialmente asociado con Palestina. Tambi\u00e9n conocido como keffiyeh, se ha utilizado durante generaciones como protecci\u00f3n contra el sol, el polvo y el fr\u00edo, y como s\u00edmbolo cultural e identidad.<\/p>\n<h2>SIGNIFICADO Y ORIGEN DEL SHEMAGH<\/h2>\n<p>El significado del shemagh va m\u00e1s all\u00e1 de la moda. Representa historia, resistencia y pertenencia. Tradicionalmente se elabora en algod\u00f3n y se lleva alrededor del cuello o la cabeza, tanto por razones pr\u00e1cticas como culturales.<\/p>\n<h2>C\u00d3MO SE USA UN SHEMAGH HOY<\/h2>\n<p>Hoy en d\u00eda, el shemagh sigue siendo relevante. Se usa en contextos cotidianos, culturales y funcionales, manteniendo su forma cl\u00e1sica mientras se adapta a la vida moderna.<\/p>\n<h3>SHEMAGH MILITAR Y USO CONTEMPOR\u00c1NEO<\/h3>\n<p>Adem\u00e1s de su uso tradicional, el shemagh tambi\u00e9n es popular en contextos t\u00e1cticos y militares por su funcionalidad y resistencia.<\/p>\n<p>Para quienes buscan un shemagh aut\u00e9ntico, el material, el dise\u00f1o tradicional y el respeto por su origen marcan la diferencia.<\/p>\n<\/section>\n<p>[\/spb_text_block] [spb_image image=&#8221;30961&#8243; image_size=&#8221;full&#8221; frame=&#8221;noframe&#8221; caption_pos=&#8221;hover&#8221; remove_rounded=&#8221;yes&#8221; fullwidth=&#8221;no&#8221; overflow_mode=&#8221;none&#8221; link_target=&#8221;_self&#8221; lightbox=&#8221;no&#8221; intro_animation=&#8221;none&#8221; animation_delay=&#8221;200&#8243; width=&#8221;1\/1&#8243; el_position=&#8221;first last&#8221;][\/spb_image]<\/p>\n","protected":false},"excerpt":{"rendered":"<p>[spb_raw_html width=&#8221;1\/1&#8243; el_position=&#8221;first last&#8221;]JTNDYmxvY2txdW90ZSUyMGNsYXNzJTNEJTIydGlrdG9rLWVtYmVkJTIyJTIwY2l0ZSUzRCUyMmh0dHBzJTNBJTJGJTJGd3d3LnRpa3Rvay5jb20lMkYlNDBtYXRoZXVzY2xsYXVzJTJGdmlkZW8lMkY3NTg5Mzk1OTM3MDUxNjU5NTI3JTIyJTIwZGF0YS12aWRlby1pZCUzRCUyMjc1ODkzOTU5MzcwNTE2NTk1MjclMjIlMjBzdHlsZSUzRCUyMm1heC13aWR0aCUzQSUyMDYwNXB4JTNCbWluLXdpZHRoJTNBJTIwMzI1cHglM0IlMjIlMjAlM0UlMjAlM0NzZWN0aW9uJTNFJTIwJTNDYSUyMHRhcmdldCUzRCUyMl9ibGFuayUyMiUyMHRpdGxlJTNEJTIyJTQwbWF0aGV1c2NsbGF1cyUyMiUyMGhyZWYlM0QlMjJodHRwcyUzQSUyRiUyRnd3dy50aWt0b2suY29tJTJGJTQwbWF0aGV1c2NsbGF1cyUzRnJlZmVyJTNEZW1iZWQlMjIlM0UlNDBtYXRoZXVzY2xsYXVzJTNDJTJGYSUzRSUyMCUzQ3AlM0UlM0MlMkZwJTNFJTIwJTNDYSUyMHRhcmdldCUzRCUyMl9ibGFuayUyMiUyMHRpdGxlJTNEJTIyJUUyJTk5JUFDJTIwWUFNQSUyMC0lMjBEWVNUSU5DVCUyMiUyMGhyZWYlM0QlMjJodHRwcyUzQSUyRiUyRnd3dy50aWt0b2suY29tJTJGbXVzaWMlMkZZQU1BLTc1NjEwNTI5NTMxMjI4ODM1ODUlM0ZyZWZlciUzRGVtYmVkJTIyJTNFJUUyJTk5JUFDJTIwWUFNQSUyMC0lMjBEWVNUSU5DVCUzQyUyRmElM0UlMjAlM0MlMkZzZWN0aW9uJTNFJTIwJTNDJTJGYmxvY2txdW90ZSUzRSUyMCUzQ3NjcmlwdCUyMGFzeW5jJTIwc3JjJTNEJTIyaHR0cHMlM0ElMkYlMkZ3d3cudGlrdG9rLmNvbSUyRmVtYmVkLmpzJTIyJTNFJTNDJTJGc2NyaXB0JTNF[\/spb_raw_html] [spb_text_block animation=&#8221;none&#8221; animation_delay=&#8221;0&#8243; simplified_controls=&#8221;yes&#8221; custom_css_percentage=&#8221;no&#8221; padding_vertical=&#8221;0&#8243; padding_horizontal=&#8221;0&#8243; margin_vertical=&#8221;0&#8243; custom_css=&#8221;margin-top: 0px;margin-bottom: 0px;&#8221; border_size=&#8221;0&#8243; border_styling_global=&#8221;default&#8221; width=&#8221;1\/1&#8243; el_position=&#8221;first last&#8221;] QU\u00c9 ES UN SHEMAGH Un shemagh es un pa\u00f1uelo tradicional originario de Oriente Medio, especialmente asociado con Palestina. Tambi\u00e9n conocido como keffiyeh, se ha utilizado durante generaciones como protecci\u00f3n contra el sol, el polvo y el fr\u00edo, y como s\u00edmbolo [&hellip;]<\/p>\n","protected":false},"author":2,"featured_media":0,"parent":0,"menu_order":0,"comment_status":"closed","ping_status":"closed","template":"","meta":{"footnotes":""},"class_list":["post-54702","page","type-page","status-publish","hentry"],"yoast_head":"<!-- This site is optimized with the Yoast SEO Premium plugin v26.6 (Yoast SEO v27.6) - https:\/\/yoast.com\/product\/yoast-seo-premium-wordpress\/ -->\n<title>Qu\u00e9 es un Shemagh | Significado, Origen y Uso<\/title>\n<meta name=\"description\" content=\"Descubre qu\u00e9 es un shemagh, su significado cultural, origen palestino y c\u00f3mo se usa hoy. Gu\u00eda clara y honesta.\" \/>\n<meta name=\"robots\" content=\"index, follow, max-snippet:-1, max-image-preview:large, max-video-preview:-1\" \/>\n<link rel=\"canonical\" href=\"https:\/\/zlcopenhagen.com\/es\/que-es-un-shemagh\/\" \/>\n<meta property=\"og:locale\" content=\"es_ES\" \/>\n<meta property=\"og:type\" content=\"article\" \/>\n<meta property=\"og:title\" content=\"ZLCOPENHAGEN | Cross-Cultural Menswear &amp; Ethical Style\" \/>\n<meta property=\"og:description\" content=\"Discover ZLCOPENHAGEN: Danish-Punjabi fusion in ethical menswear. Born from activism. Built on bold design. Worn with purpose.\" \/>\n<meta property=\"og:url\" content=\"https:\/\/zlcopenhagen.com\/es\/que-es-un-shemagh\/\" \/>\n<meta property=\"og:site_name\" content=\"zlcopenhagen.com\" \/>\n<meta property=\"article:modified_time\" content=\"2026-01-11T17:33:38+00:00\" \/>\n<meta property=\"og:image\" content=\"https:\/\/zlcopenhagen.com\/wp-content\/uploads\/2014\/11\/zlc-.jpg\" \/>\n\t<meta property=\"og:image:width\" content=\"1908\" \/>\n\t<meta property=\"og:image:height\" content=\"1062\" \/>\n\t<meta property=\"og:image:type\" content=\"image\/jpeg\" \/>\n<meta name=\"twitter:card\" content=\"summary_large_image\" \/>\n<meta name=\"twitter:label1\" content=\"Tiempo de lectura\" \/>\n\t<meta name=\"twitter:data1\" content=\"1 minuto\" \/>\n<!-- \/ Yoast SEO Premium plugin. -->","yoast_head_json":{"title":"Qu\u00e9 es un Shemagh | Significado, Origen y Uso","description":"Descubre qu\u00e9 es un shemagh, su significado cultural, origen palestino y c\u00f3mo se usa hoy. Gu\u00eda clara y honesta.","robots":{"index":"index","follow":"follow","max-snippet":"max-snippet:-1","max-image-preview":"max-image-preview:large","max-video-preview":"max-video-preview:-1"},"canonical":"https:\/\/zlcopenhagen.com\/es\/que-es-un-shemagh\/","og_locale":"es_ES","og_type":"article","og_title":"ZLCOPENHAGEN | Cross-Cultural Menswear & Ethical Style","og_description":"Discover ZLCOPENHAGEN: Danish-Punjabi fusion in ethical menswear. Born from activism. Built on bold design. Worn with purpose.","og_url":"https:\/\/zlcopenhagen.com\/es\/que-es-un-shemagh\/","og_site_name":"zlcopenhagen.com","article_modified_time":"2026-01-11T17:33:38+00:00","og_image":[{"width":1908,"height":1062,"url":"https:\/\/zlcopenhagen.com\/wp-content\/uploads\/2014\/11\/zlc-.jpg","type":"image\/jpeg"}],"twitter_card":"summary_large_image","twitter_misc":{"Tiempo de lectura":"1 minuto"},"schema":{"@context":"https:\/\/schema.org","@graph":[{"@type":"WebPage","@id":"https:\/\/zlcopenhagen.com\/es\/que-es-un-shemagh\/","url":"https:\/\/zlcopenhagen.com\/es\/que-es-un-shemagh\/","name":"Qu\u00e9 es un Shemagh | Significado, Origen y Uso","isPartOf":{"@id":"https:\/\/zlcopenhagen.com\/#website"},"datePublished":"2026-01-07T14:33:23+00:00","dateModified":"2026-01-11T17:33:38+00:00","description":"Descubre qu\u00e9 es un shemagh, su significado cultural, origen palestino y c\u00f3mo se usa hoy. Gu\u00eda clara y honesta.","breadcrumb":{"@id":"https:\/\/zlcopenhagen.com\/es\/que-es-un-shemagh\/#breadcrumb"},"inLanguage":"es","potentialAction":[{"@type":"ReadAction","target":["https:\/\/zlcopenhagen.com\/es\/que-es-un-shemagh\/"]}]},{"@type":"BreadcrumbList","@id":"https:\/\/zlcopenhagen.com\/es\/que-es-un-shemagh\/#breadcrumb","itemListElement":[{"@type":"ListItem","position":1,"name":"Home","item":"https:\/\/zlcopenhagen.com\/es\/"},{"@type":"ListItem","position":2,"name":"\u00bfQU\u00c9 ES UN SHEMAGH? SIGNIFICADO, ORIGEN Y C\u00d3MO SE USA"}]},{"@type":"WebSite","@id":"https:\/\/zlcopenhagen.com\/#website","url":"https:\/\/zlcopenhagen.com\/","name":"zlcopenhagen.com","description":"","publisher":{"@id":"https:\/\/zlcopenhagen.com\/#organization"},"potentialAction":[{"@type":"SearchAction","target":{"@type":"EntryPoint","urlTemplate":"https:\/\/zlcopenhagen.com\/?s={search_term_string}"},"query-input":{"@type":"PropertyValueSpecification","valueRequired":true,"valueName":"search_term_string"}}],"inLanguage":"es"},{"@type":["Organization","Place"],"@id":"https:\/\/zlcopenhagen.com\/#organization","name":"ZLCOPENHAGEN","alternateName":"ZLCOPENHAGEN","url":"https:\/\/zlcopenhagen.com\/","logo":{"@id":"https:\/\/zlcopenhagen.com\/es\/que-es-un-shemagh\/#local-main-organization-logo"},"image":{"@id":"https:\/\/zlcopenhagen.com\/es\/que-es-un-shemagh\/#local-main-organization-logo"},"sameAs":["https:\/\/www.youtube.com\/channel\/UCy7JINwB6DMr2fA9yHpDQJg"],"telephone":[],"openingHoursSpecification":[{"@type":"OpeningHoursSpecification","dayOfWeek":["Monday","Tuesday","Wednesday","Thursday","Friday","Saturday","Sunday"],"opens":"09:00","closes":"17:00"}]},{"@type":"ImageObject","inLanguage":"es","@id":"https:\/\/zlcopenhagen.com\/es\/que-es-un-shemagh\/#local-main-organization-logo","url":"https:\/\/zlcopenhagen.com\/wp-content\/uploads\/2016\/05\/blog-logo.jpg","contentUrl":"https:\/\/zlcopenhagen.com\/wp-content\/uploads\/2016\/05\/blog-logo.jpg","width":68,"height":68,"caption":"ZLCOPENHAGEN"}]}},"_links":{"self":[{"href":"https:\/\/zlcopenhagen.com\/es\/wp-json\/wp\/v2\/pages\/54702","targetHints":{"allow":["GET"]}}],"collection":[{"href":"https:\/\/zlcopenhagen.com\/es\/wp-json\/wp\/v2\/pages"}],"about":[{"href":"https:\/\/zlcopenhagen.com\/es\/wp-json\/wp\/v2\/types\/page"}],"author":[{"embeddable":true,"href":"https:\/\/zlcopenhagen.com\/es\/wp-json\/wp\/v2\/users\/2"}],"replies":[{"embeddable":true,"href":"https:\/\/zlcopenhagen.com\/es\/wp-json\/wp\/v2\/comments?post=54702"}],"version-history":[{"count":5,"href":"https:\/\/zlcopenhagen.com\/es\/wp-json\/wp\/v2\/pages\/54702\/revisions"}],"predecessor-version":[{"id":55723,"href":"https:\/\/zlcopenhagen.com\/es\/wp-json\/wp\/v2\/pages\/54702\/revisions\/55723"}],"wp:attachment":[{"href":"https:\/\/zlcopenhagen.com\/es\/wp-json\/wp\/v2\/media?parent=54702"}],"curies":[{"name":"wp","href":"https:\/\/api.w.org\/{rel}","templated":true}]}}