{"id":22841,"date":"2018-03-13T08:50:19","date_gmt":"2018-03-13T07:50:19","guid":{"rendered":"https:\/\/zlcopenhagen.com\/secure-shopping\/"},"modified":"2021-01-08T10:35:05","modified_gmt":"2021-01-08T09:35:05","slug":"secure-shopping","status":"publish","type":"page","link":"https:\/\/zlcopenhagen.com\/es\/secure-shopping\/","title":{"rendered":"COMPRAS SEGURAS"},"content":{"rendered":"<p>[spb_text_block animation=&#8221;none&#8221; animation_delay=&#8221;0&#8243; simplified_controls=&#8221;yes&#8221; custom_css_percentage=&#8221;no&#8221; padding_vertical=&#8221;0&#8243; padding_horizontal=&#8221;0&#8243; margin_vertical=&#8221;0&#8243; custom_css=&#8221;margin-top: 0px;margin-bottom: 0px;&#8221; border_size=&#8221;0&#8243; border_styling_global=&#8221;default&#8221; width=&#8221;3\/4&#8243; el_position=&#8221;first last&#8221;]<\/p>\n<h1>COMPRAS SEGURAS<\/h1>\n<h1><span style=\"color: #999999;\">GRACIAS POR VISITARNOS Y COMPRAR CON NOSOTROS<\/span><\/h1>\n<p>Para completar tu primera orden, necesitamos informaci\u00f3n importante sobre t\u00ed, tales como tu direcci\u00f3n de facturaci\u00f3n y de entrega. Tu informaci\u00f3n personal est\u00e1 protegida a trav\u00e9s de tu nombre de usuario y contrase\u00f1a. ZLCOPENHAGEN est\u00e1 comprometido con la total privacidad y seguridad de tu informaci\u00f3n personal. Utilizaremos un n\u00famero de encriptaci\u00f3n y dispositivos de seguridad para hacer que tu experiencia al comprar sea segura y feliz.<\/p>\n<p>Utilizamos la tecnolog\u00eda SSL (Secure Sockets Layer) para encriptar tu informaci\u00f3n antes de que sea enviada a trav\u00e9s de internet.<\/p>\n<h1><span style=\"color: #999999;\">C\u00d3MO USAR LA TARJETA DE CR\u00c9DITO?<\/span><\/h1>\n<p>Paga con total seguridad con Epay o con Paypal. En la fase de pago, recibir\u00e1s un resumen de los productos que has agregado a la cesta as\u00ed como tambi\u00e9n el precio total. Cuando elijas \u201cTerminar el pedido\u201d, ser\u00e1s redirigido a nuestro servidor seguro donde tendr\u00e1s que ingresar la siguiente informaci\u00f3n:<\/p>\n<ul>\n<li>N\u00famero de tarjeta de cr\u00e9dito<\/li>\n<li>Fecha de vencimiento<\/li>\n<li>D\u00edgitos de seguridad<\/li>\n<\/ul>\n<h1><span style=\"color: #999999;\">COMPRAS 100% SEGURAS<\/span><\/h1>\n<p>Si no llenas correctamente la informaci\u00f3n solicitada ZLCOPENHAGEN no podr\u00e1 procesar tu compra. Despu\u00e9s de esto presiona el bot\u00f3n \u201cAceptar\u201d y el monto ser\u00e1 reservado. El monto es retirado cuando tu orden sale de ZLCOPENHAGEN. Recibir\u00e1s una factura cuando recibas tu orden. Toda la informaci\u00f3n con la que se te pueda identificar es privada y nunca ser\u00e1 compartida o comprada por ninguna organizaci\u00f3n exterior.<\/p>\n<p>[\/spb_text_block] [spb_divider type=&#8221;standard&#8221; text=&#8221;Go to top&#8221; top_margin=&#8221;0px&#8221; bottom_margin=&#8221;30px&#8221; fullwidth=&#8221;no&#8221; width=&#8221;1\/1&#8243; el_position=&#8221;first last&#8221;] [spb_image image=&#8221;15862&#8243; image_size=&#8221;full&#8221; frame=&#8221;noframe&#8221; caption_pos=&#8221;hover&#8221; remove_rounded=&#8221;yes&#8221; fullwidth=&#8221;no&#8221; overflow_mode=&#8221;none&#8221; link_target=&#8221;_self&#8221; lightbox=&#8221;no&#8221; intro_animation=&#8221;none&#8221; animation_delay=&#8221;200&#8243; width=&#8221;1\/1&#8243; el_position=&#8221;first last&#8221;][\/spb_image] [spb_divider type=&#8221;standard&#8221; text=&#8221;Go to top&#8221; top_margin=&#8221;0px&#8221; bottom_margin=&#8221;30px&#8221; fullwidth=&#8221;no&#8221; width=&#8221;1\/1&#8243; el_position=&#8221;first last&#8221;]<\/p>\n","protected":false},"excerpt":{"rendered":"<p>[spb_text_block animation=&#8221;none&#8221; animation_delay=&#8221;0&#8243; simplified_controls=&#8221;yes&#8221; custom_css_percentage=&#8221;no&#8221; padding_vertical=&#8221;0&#8243; padding_horizontal=&#8221;0&#8243; margin_vertical=&#8221;0&#8243; custom_css=&#8221;margin-top: 0px;margin-bottom: 0px;&#8221; border_size=&#8221;0&#8243; border_styling_global=&#8221;default&#8221; width=&#8221;3\/4&#8243; el_position=&#8221;first last&#8221;] COMPRAS SEGURAS GRACIAS POR VISITARNOS Y COMPRAR CON NOSOTROS Para completar tu primera orden, necesitamos informaci\u00f3n importante sobre t\u00ed, tales como tu direcci\u00f3n de facturaci\u00f3n y de entrega. Tu informaci\u00f3n personal est\u00e1 protegida a trav\u00e9s de tu nombre de usuario y contrase\u00f1a. ZLCOPENHAGEN est\u00e1 [&hellip;]<\/p>\n","protected":false},"author":2,"featured_media":28069,"parent":0,"menu_order":0,"comment_status":"closed","ping_status":"closed","template":"","meta":{"footnotes":""},"class_list":["post-22841","page","type-page","status-publish","has-post-thumbnail","hentry"],"yoast_head":"<!-- This site is optimized with the Yoast SEO Premium plugin v26.6 (Yoast SEO v27.4) - https:\/\/yoast.com\/product\/yoast-seo-premium-wordpress\/ -->\n<title>COMPRAS SEGURAS | ZLCOPENHAGEN.COM<\/title>\n<meta name=\"description\" content=\"When you shop with us, your privacy and online security are always guaranteed. Shop with Confidence! | Secure Shopping, and secure payment ...\" \/>\n<meta name=\"robots\" content=\"index, follow, max-snippet:-1, max-image-preview:large, max-video-preview:-1\" \/>\n<link rel=\"canonical\" href=\"https:\/\/zlcopenhagen.com\/es\/secure-shopping\/\" \/>\n<meta property=\"og:locale\" content=\"es_ES\" \/>\n<meta property=\"og:type\" content=\"article\" \/>\n<meta property=\"og:title\" content=\"ZLCOPENHAGEN | Cross-Cultural Menswear &amp; Ethical Style\" \/>\n<meta property=\"og:description\" content=\"Discover ZLCOPENHAGEN: Danish-Punjabi fusion in ethical menswear. Born from activism. Built on bold design. Worn with purpose.\" \/>\n<meta property=\"og:url\" content=\"https:\/\/zlcopenhagen.com\/es\/secure-shopping\/\" \/>\n<meta property=\"og:site_name\" content=\"zlcopenhagen.com\" \/>\n<meta property=\"article:modified_time\" content=\"2021-01-08T09:35:05+00:00\" \/>\n<meta property=\"og:image\" content=\"https:\/\/zlcopenhagen.com\/wp-content\/uploads\/2014\/11\/zlc-.jpg\" \/>\n\t<meta property=\"og:image:width\" content=\"1908\" \/>\n\t<meta property=\"og:image:height\" content=\"1062\" \/>\n\t<meta property=\"og:image:type\" content=\"image\/jpeg\" \/>\n<meta name=\"twitter:card\" content=\"summary_large_image\" \/>\n<meta name=\"twitter:label1\" content=\"Tiempo de lectura\" \/>\n\t<meta name=\"twitter:data1\" content=\"2 minutos\" \/>\n<!-- \/ Yoast SEO Premium plugin. -->","yoast_head_json":{"title":"COMPRAS SEGURAS | ZLCOPENHAGEN.COM","description":"When you shop with us, your privacy and online security are always guaranteed. Shop with Confidence! | Secure Shopping, and secure payment ...","robots":{"index":"index","follow":"follow","max-snippet":"max-snippet:-1","max-image-preview":"max-image-preview:large","max-video-preview":"max-video-preview:-1"},"canonical":"https:\/\/zlcopenhagen.com\/es\/secure-shopping\/","og_locale":"es_ES","og_type":"article","og_title":"ZLCOPENHAGEN | Cross-Cultural Menswear & Ethical Style","og_description":"Discover ZLCOPENHAGEN: Danish-Punjabi fusion in ethical menswear. Born from activism. Built on bold design. Worn with purpose.","og_url":"https:\/\/zlcopenhagen.com\/es\/secure-shopping\/","og_site_name":"zlcopenhagen.com","article_modified_time":"2021-01-08T09:35:05+00:00","og_image":[{"width":1908,"height":1062,"url":"https:\/\/zlcopenhagen.com\/wp-content\/uploads\/2014\/11\/zlc-.jpg","type":"image\/jpeg"}],"twitter_card":"summary_large_image","twitter_misc":{"Tiempo de lectura":"2 minutos"},"schema":{"@context":"https:\/\/schema.org","@graph":[{"@type":"WebPage","@id":"https:\/\/zlcopenhagen.com\/es\/secure-shopping\/","url":"https:\/\/zlcopenhagen.com\/es\/secure-shopping\/","name":"COMPRAS SEGURAS | ZLCOPENHAGEN.COM","isPartOf":{"@id":"https:\/\/zlcopenhagen.com\/#website"},"primaryImageOfPage":{"@id":"https:\/\/zlcopenhagen.com\/es\/secure-shopping\/#primaryimage"},"image":{"@id":"https:\/\/zlcopenhagen.com\/es\/secure-shopping\/#primaryimage"},"thumbnailUrl":"https:\/\/zlcopenhagen.com\/wp-content\/uploads\/2016\/05\/large-2.jpg","datePublished":"2018-03-13T07:50:19+00:00","dateModified":"2021-01-08T09:35:05+00:00","description":"When you shop with us, your privacy and online security are always guaranteed. Shop with Confidence! | Secure Shopping, and secure payment ...","breadcrumb":{"@id":"https:\/\/zlcopenhagen.com\/es\/secure-shopping\/#breadcrumb"},"inLanguage":"es","potentialAction":[{"@type":"ReadAction","target":["https:\/\/zlcopenhagen.com\/es\/secure-shopping\/"]}]},{"@type":"ImageObject","inLanguage":"es","@id":"https:\/\/zlcopenhagen.com\/es\/secure-shopping\/#primaryimage","url":"https:\/\/zlcopenhagen.com\/wp-content\/uploads\/2016\/05\/large-2.jpg","contentUrl":"https:\/\/zlcopenhagen.com\/wp-content\/uploads\/2016\/05\/large-2.jpg","width":1700,"height":956,"caption":"Betal trygt med Visa, MasterCard og PayPal. Vi bruger SSL og h\u00f8j datasikkerhed \u2013 din tillid betyder alt."},{"@type":"BreadcrumbList","@id":"https:\/\/zlcopenhagen.com\/es\/secure-shopping\/#breadcrumb","itemListElement":[{"@type":"ListItem","position":1,"name":"Home","item":"https:\/\/zlcopenhagen.com\/es\/"},{"@type":"ListItem","position":2,"name":"COMPRAS SEGURAS"}]},{"@type":"WebSite","@id":"https:\/\/zlcopenhagen.com\/#website","url":"https:\/\/zlcopenhagen.com\/","name":"zlcopenhagen.com","description":"","publisher":{"@id":"https:\/\/zlcopenhagen.com\/#organization"},"potentialAction":[{"@type":"SearchAction","target":{"@type":"EntryPoint","urlTemplate":"https:\/\/zlcopenhagen.com\/?s={search_term_string}"},"query-input":{"@type":"PropertyValueSpecification","valueRequired":true,"valueName":"search_term_string"}}],"inLanguage":"es"},{"@type":["Organization","Place"],"@id":"https:\/\/zlcopenhagen.com\/#organization","name":"ZLCOPENHAGEN","alternateName":"ZLCOPENHAGEN","url":"https:\/\/zlcopenhagen.com\/","logo":{"@id":"https:\/\/zlcopenhagen.com\/es\/secure-shopping\/#local-main-organization-logo"},"image":{"@id":"https:\/\/zlcopenhagen.com\/es\/secure-shopping\/#local-main-organization-logo"},"sameAs":["https:\/\/www.youtube.com\/channel\/UCy7JINwB6DMr2fA9yHpDQJg"],"telephone":[],"openingHoursSpecification":[{"@type":"OpeningHoursSpecification","dayOfWeek":["Monday","Tuesday","Wednesday","Thursday","Friday","Saturday","Sunday"],"opens":"09:00","closes":"17:00"}]},{"@type":"ImageObject","inLanguage":"es","@id":"https:\/\/zlcopenhagen.com\/es\/secure-shopping\/#local-main-organization-logo","url":"https:\/\/zlcopenhagen.com\/wp-content\/uploads\/2016\/05\/blog-logo.jpg","contentUrl":"https:\/\/zlcopenhagen.com\/wp-content\/uploads\/2016\/05\/blog-logo.jpg","width":68,"height":68,"caption":"ZLCOPENHAGEN"}]}},"_links":{"self":[{"href":"https:\/\/zlcopenhagen.com\/es\/wp-json\/wp\/v2\/pages\/22841","targetHints":{"allow":["GET"]}}],"collection":[{"href":"https:\/\/zlcopenhagen.com\/es\/wp-json\/wp\/v2\/pages"}],"about":[{"href":"https:\/\/zlcopenhagen.com\/es\/wp-json\/wp\/v2\/types\/page"}],"author":[{"embeddable":true,"href":"https:\/\/zlcopenhagen.com\/es\/wp-json\/wp\/v2\/users\/2"}],"replies":[{"embeddable":true,"href":"https:\/\/zlcopenhagen.com\/es\/wp-json\/wp\/v2\/comments?post=22841"}],"version-history":[{"count":0,"href":"https:\/\/zlcopenhagen.com\/es\/wp-json\/wp\/v2\/pages\/22841\/revisions"}],"wp:featuredmedia":[{"embeddable":true,"href":"https:\/\/zlcopenhagen.com\/es\/wp-json\/wp\/v2\/media\/28069"}],"wp:attachment":[{"href":"https:\/\/zlcopenhagen.com\/es\/wp-json\/wp\/v2\/media?parent=22841"}],"curies":[{"name":"wp","href":"https:\/\/api.w.org\/{rel}","templated":true}]}}