{"id":22840,"date":"2018-03-13T08:49:27","date_gmt":"2018-03-13T07:49:27","guid":{"rendered":"https:\/\/zlcopenhagen.com\/privacy-policy\/"},"modified":"2021-01-08T10:41:29","modified_gmt":"2021-01-08T09:41:29","slug":"politica-de-privacidad","status":"publish","type":"page","link":"https:\/\/zlcopenhagen.com\/es\/politica-de-privacidad\/","title":{"rendered":"Pol\u00edtica de Privacidad"},"content":{"rendered":"<h1><span style=\"color: #333333;\">POL\u00cdTICA DE PRIVACIDAD<\/span><\/h1>\n<h1><span style=\"color: #999999;\">QUE RECOLECTAMOS<\/span><\/h1>\n<p>Estas pol\u00edticas de privacidad disponen como usar y proteger cualquier informaci\u00f3n que des cuando visites esta p\u00e1gina web. Asegurar que tu privacidad est\u00e1 protegida es nuestro compromiso. Debemos pedirle determinada informaci\u00f3n para que pueda ser identificado al utilizar este sitio web, pero puede tener absoluta seguridad de que solo ser\u00e1 utilizada de acuerdo con esta pol\u00edtica de privacidad. Esto podr\u00eda cambiar esta pol\u00edtica de vez en cuando al actualizar esta p\u00e1gina. Usted debe verificar esta p\u00e1gina de vez en cuando para asegurarse de que est\u00e1 de acuerdo con cualquier cambio hecho.<\/p>\n<p>Podr\u00edamos solicitar la siguiente informaci\u00f3n:<\/p>\n<ul class=\"privacypolicy-top-box\">\n<li style=\"list-style-type: none;\">\n<ul class=\"privacypolicy-top-box\">\n<li style=\"list-style-type: none;\">\n<ul>\n<li>Nombre<\/li>\n<li>Informaci\u00f3n de contacto incluyendo direcci\u00f3n de correo electr\u00f3nico<\/li>\n<li>Informaci\u00f3n demogr\u00e1fica tales como c\u00f3digo postal, preferencias e intereses<\/li>\n<li>Otra informaci\u00f3n relevante para encuestas de clientes y\/u ofertas<\/li>\n<\/ul>\n<\/li>\n<\/ul>\n<\/li>\n<\/ul>\n<p>Si necesita una lista detallada de las cookies que recolectamos, vea la &#8220;Lista de cookies&#8221; que agrupamos en esta secci\u00f3n.<\/p>\n<h1><span style=\"color: #999999;\">QUE HACEMOS CON LA INFORMACION QUE REUNIMOS<\/span><\/h1>\n<p>Solicitamos esta informaci\u00f3n para entender sus necesitades y proveerle un mejor servicio, pero en particular por las siguientes razones:<\/p>\n<ul class=\"privacypolicy-top-box\">\n<li style=\"list-style-type: none;\">\n<ul class=\"privacypolicy-top-box\">\n<li style=\"list-style-type: none;\">\n<ul>\n<li>Mantenimiento de un registro interno<\/li>\n<li>Podemos usar esta informaci\u00f3n para mejorar nuestros productos y servicios.<\/li>\n<li>Podemos enviar peri\u00f3dicamente correos electr\u00f3nicos sobre nuevos productos, ofertas especiales u otra informaci\u00f3n que creamos que el cliente pueda encontrar interesante utilizando los correos electr\u00f3nicos que usted nos provea<\/li>\n<li>De vez en cuando, podremos usar su informaci\u00f3n para contactarlo para prop\u00f3sito de investigaciones del mercado. Podremos contactarlo por correo electr\u00f3nico, tel\u00e9fono, fax o correo convencional. Podemos usar la informaci\u00f3n para modificar el sitio web de acuerdo con sus intereses<\/li>\n<\/ul>\n<\/li>\n<\/ul>\n<\/li>\n<\/ul>\n<h1><span style=\"color: #999999;\">SEGURIDAD<\/span><\/h1>\n<p>Estamos comprometidos a asegurarnos que su informaci\u00f3n est\u00e1 segura. Con el fin de prevenir accesos inautorizados o que su informaci\u00f3n sea divulgada, hemos creado procedimientos f\u00edsicos, electr\u00f3nicos y de gerencia para para salvaguardar y asegurar la informaci\u00f3n que recopilemos en linea.<\/p>\n<h1><span style=\"color: #999999;\">COMO USAMOS LAS COOKIES<\/span><\/h1>\n<p>Una cookie es un archivo peque\u00f1o que solicita permisos para ser almacenado en el disco duro de su computadora. Una vez que haya aceptado, el archivo ser\u00e1 agregado y la cookie ayudar\u00e1 a analizar el tr\u00e1fico web o le har\u00e1 saber cuando visite un sitio en particular. Las cookies le permiten que las aplicaciones web le respondan como un individuo. La aplicaci\u00f3n web puede adaptar sus operaciones a sus necesidades y gustos reuniendo y recordando informaci\u00f3n sobre sus preferencias.<\/p>\n<p>Utilizamos las cookies de registro de tr\u00e1fico para identificar cuales p\u00e1ginas est\u00e1n siendo usadas. Esto nos ayuda a analizar los datos sobre el tr\u00e1fico del sitio web y mejorar nuestro sitio web con el fin de adaptarlo a las necesidades del cliente. Solo usamos esta informaci\u00f3n para prop\u00f3sitos de an\u00e1lisis estad\u00edsticos y luego los datos son eliminados del sistema.<\/p>\n<p>En general, las cookies nos ayudan a proveerle un mejor sitio web, permitiendonos monitorear cuales p\u00e1ginas usted encuentra \u00fatiles y cuales no. Una cookie de ninguna manera nos da acceso a su computadora o a cualquier otra informaci\u00f3n sobre usted que no sea la que ha decidido compartir con nosotros. Puede escoger aceptar o rechazar las cookies. La mayor\u00eda de lo navegadores web aceptan las cookies autom\u00e1ticamente, pero normalmente usted puede modificar su navegador para rechazar las cookies si as\u00ed lo prefiere. Esto evitar\u00e1 que usted aproveche todas las ventajas del sitio web.<\/p>\n<h1><span style=\"color: #999999;\">ENLACES A OTROS SITIOS WEB<\/span><\/h1>\n<p>Nuestro sitio web puede contener enlaces a otros sitios web de inter\u00e9s. Sin embargo, una vez que haya usado estos enlaces para dejar nuestro sitio, debe tomar en cuenta que ya no tendr\u00edamos el control sobre ese otro sitio web. Por lo tanto, no nos hacemos responsables por la protecci\u00f3n y privacidad de cualquier informaci\u00f3n que usted provea mientras visite dichos sitios web y por lo tanto esos sitios no estan regidos por esta pol\u00edtica de privacidad. Debe tener cuidado y ver las declaraciones de privacidad aplicables al sitio web en cuesti\u00f3n.<\/p>\n<h1><span style=\"color: #999999;\">CONTROLANDO SU INFORMACION PERSONAL<\/span><\/h1>\n<ul class=\"privacypolicy-top-box\">\n<li style=\"list-style-type: none;\">\n<ul class=\"privacypolicy-top-box\">\n<li style=\"list-style-type: none;\">\n<ul class=\"privacypolicy-top-box\">Usted puede escoger restringuir la recopilaci\u00f3n o el uso de su informaci\u00f3n personal de las siguientes maneras:<\/ul>\n<\/li>\n<\/ul>\n<\/li>\n<li style=\"list-style-type: none;\">\n<ul class=\"privacypolicy-top-box\">\n<li style=\"list-style-type: none;\">\n<ul>\n<li>Cuando se le pida rellenar un formulario en el sitio web, busque la caja en la que puede hacer click para indicar que usted no quiere que la informaci\u00f3n sea usada por nadie para prop\u00f3sitos directamente de marketing<\/li>\n<li>Si anteriormente ha accedido a que nosotros usemos su informaci\u00f3n personal para prop\u00f3sitos directos de marketing, puede cambiar de opini\u00f3n en cualquier momento escribiendonos a nuestro correo electr\u00f3nico info@zlcopenhagen.com<\/li>\n<\/ul>\n<\/li>\n<\/ul>\n<\/li>\n<\/ul>\n<p>No venderemos, distribuiremos o alquilaremos su informaci\u00f3n personal a terceros a menos que tengamos su permiso o sea requerido por la ley. Podr\u00edamos utilizar su informaci\u00f3n personal para enviarle informaci\u00f3n promocional sobre terceros que creamos que usted pueda encontrar interesantes, si usted nos da permiso de hacerlo.<\/p>\n<p>Usted puede solicitar detalles sobre la informaci\u00f3n personal que tenemos sobre usted de acuerdo al Acta de Protecci\u00f3n de Datos de 1998. Una peque\u00f1a comisi\u00f3n ser\u00e1 pagada. Si usted quiere una copia de la informaci\u00f3n que se tiene de usted por favor escr\u00edbanos.<\/p>\n<p>Si cree que cualquier informaci\u00f3n que nosotros pudieramos tener sobre usted es incorrecta o est\u00e1 incompleta, por favor escr\u00edbanos a nuestro correo electr\u00f3nico tan pronto como le sea posible, a la direcci\u00f3n que le dimos anteriormente. Arreglaremos cualquier informaci\u00f3n que encontremos incorrecta.<\/p>\n<div class=\"clear\"><\/div>\n<h1><a name=\"list\"><\/a><span style=\"color: #999999;\">LISTA DE COOKIES QUE RECOLECTAMOS<\/span><\/h1>\n<ul class=\"privacypolicy-top-box\">\n<li style=\"list-style-type: none;\">\n<ul class=\"privacypolicy-top-box\">\n<li style=\"list-style-type: none;\">\n<ul class=\"privacypolicy-top-box\">La siguiente tabla enlista las cookies que recolectamos y la informaci\u00f3n que estas guardan.<\/ul>\n<\/li>\n<\/ul>\n<\/li>\n<\/ul>\n<table class=\"data-table\">\n<thead>\n<tr>\n<th>NOMBRE DE LA COOKIE<\/th>\n<th class=\"style1\">Descripcion de la cookie<\/th>\n<\/tr>\n<\/thead>\n<tbody>\n<tr>\n<th>CART<\/th>\n<td class=\"style1\">La asociacion con su carrito de compras<\/td>\n<\/tr>\n<tr>\n<th>CATEGORY_INFO<\/th>\n<td class=\"style1\">Guarda informaci\u00f3n de categor\u00eda en la p\u00e1gina, que nos permite mostrar las p\u00e1ginas m\u00e1s r\u00e1pido<\/td>\n<\/tr>\n<tr>\n<th>COMPARE<\/th>\n<td class=\"style1\">Los art\u00edculos que tiene en la lista de &#8220;Comparar Productos&#8221;<\/td>\n<\/tr>\n<tr>\n<th>CURRENCY<\/th>\n<td class=\"style1\">Su moneda preferida<\/td>\n<\/tr>\n<tr>\n<th>CUSTOMER<\/th>\n<td class=\"style1\">Una versi\u00f3n encriptada de su identificaci\u00f3n de cliente en la tienda<\/td>\n<\/tr>\n<tr>\n<th><strong>CUSTOMER_AUTH<\/strong><\/th>\n<td class=\"style1\">Un indicador para saber si esta actualmente conectado en la tienda<\/td>\n<\/tr>\n<tr>\n<th><strong>CUSTOMER_INFO<\/strong><\/th>\n<td class=\"style1\">Una versi\u00f3n encriptada sobre el grupo de clientes al que pertenece<\/td>\n<\/tr>\n<tr>\n<th><strong>CUSTOMER_SEGMENT_IDS<\/strong><\/th>\n<td class=\"style1\">Guarda la Identificaci\u00f3n de Segmento de Cliente<\/td>\n<\/tr>\n<tr>\n<th><strong>EXTERNAL_NO_CACHE<\/strong><\/th>\n<td class=\"style1\">Una etiqueta, que indica si el cacheo esta habilitado o no<\/td>\n<\/tr>\n<tr>\n<th><strong>FRONTEND<\/strong><\/th>\n<td class=\"style1\">La identificaci\u00f3n de su sesi\u00f3n en el servidor<\/td>\n<\/tr>\n<tr>\n<th><strong>GUEST-VIEW<\/strong><\/th>\n<td class=\"style1\">Permite que los invitados editen sus \u00f3rdenes<\/td>\n<\/tr>\n<tr>\n<th><strong>LAST_CATEGORY<\/strong><\/th>\n<td class=\"style1\">La \u00faltima categor\u00eda que visit\u00f3<\/td>\n<\/tr>\n<tr>\n<th><strong>LAST_PRODUCT<\/strong><\/th>\n<td class=\"style1\">El producto m\u00e1s reciente que ha visto<\/td>\n<\/tr>\n<tr>\n<th><strong>NEWMESSAGE<\/strong><\/th>\n<td class=\"style1\">Indica si ha recibido un nuevo mensaje<\/td>\n<\/tr>\n<tr>\n<th><strong>NO_CACHE<\/strong><\/th>\n<td class=\"style1\">Indica si est\u00e1 permitido utilizar la cache<\/td>\n<\/tr>\n<tr>\n<th><strong>PERSISTENT_SHOPPING_CART<\/strong><\/th>\n<td class=\"style1\">Un enlace hacia la informaci\u00f3n de cu carro y el historia de vistas si se lo ha permitido al sitio.<\/td>\n<\/tr>\n<tr>\n<th><strong>POLL<\/strong><\/th>\n<td class=\"style1\">La identificaci\u00f3n de cualquier encuesta reciente en la que haya participado<\/td>\n<\/tr>\n<tr>\n<th><strong>POLLN<\/strong><\/th>\n<td class=\"style1\">Informaci\u00f3n sobre en cuantas encuestas ha votado<\/td>\n<\/tr>\n<tr>\n<th><strong>RECENTLYCOMPARED<\/strong><\/th>\n<td class=\"style1\">Los art\u00edculos que ha comparado recientemente<\/td>\n<\/tr>\n<tr>\n<th><strong>STF<\/strong><\/th>\n<td class=\"style1\">Informaci\u00f3n sobre los productos que le ha enviado por correo a sus amigos<\/td>\n<\/tr>\n<tr>\n<th><strong>STORE<\/strong><\/th>\n<td class=\"style1\">La vista de la tienda que ha seleccionado<\/td>\n<\/tr>\n<tr>\n<th><strong>USER_ALLOWED_SAVE_COOKIE<\/strong><\/th>\n<td class=\"style1\">Indica si el cliente ha permitido el uso de las cookies<\/td>\n<\/tr>\n<tr>\n<th><strong>VIEWED_PRODUCT_IDS<\/strong><\/th>\n<td class=\"style1\">Los productos que ha visto recientemente<\/td>\n<\/tr>\n<tr>\n<th><strong>WISHLIST<\/strong><\/th>\n<td class=\"style1\">Una lista encriptada de los productos agregados a su Lista de Deseos<\/td>\n<\/tr>\n<tr>\n<th><strong>WISHLIST_CNT<\/strong><\/th>\n<td class=\"style1\">El n\u00famero de art\u00edculos en su Lista de Deseos<\/td>\n<\/tr>\n<\/tbody>\n<\/table>\n","protected":false},"excerpt":{"rendered":"<p>POL\u00cdTICA DE PRIVACIDAD QUE RECOLECTAMOS Estas pol\u00edticas de privacidad disponen como usar y proteger cualquier informaci\u00f3n que des cuando visites esta p\u00e1gina web. Asegurar que tu privacidad est\u00e1 protegida es nuestro compromiso. Debemos pedirle determinada informaci\u00f3n para que pueda ser identificado al utilizar este sitio web, pero puede tener absoluta seguridad de que solo ser\u00e1 utilizada de acuerdo con esta [&hellip;]<\/p>\n","protected":false},"author":2,"featured_media":27186,"parent":0,"menu_order":0,"comment_status":"closed","ping_status":"closed","template":"","meta":{"footnotes":""},"class_list":["post-22840","page","type-page","status-publish","has-post-thumbnail","hentry"],"yoast_head":"<!-- This site is optimized with the Yoast SEO Premium plugin v26.6 (Yoast SEO v27.4) - https:\/\/yoast.com\/product\/yoast-seo-premium-wordpress\/ -->\n<title>Pol\u00edtica de Privacidad- ZLCOPENHAGEN.COM<\/title>\n<meta name=\"description\" content=\"Pol\u00edtica de Privacidad - Estas pol\u00edticas de privacidad disponen como usar, proteger cualquier informaci\u00f3n que des cuando visites esta ..\" \/>\n<meta name=\"robots\" content=\"index, follow, max-snippet:-1, max-image-preview:large, max-video-preview:-1\" \/>\n<link rel=\"canonical\" href=\"https:\/\/zlcopenhagen.com\/es\/politica-de-privacidad\/\" \/>\n<meta property=\"og:locale\" content=\"es_ES\" \/>\n<meta property=\"og:type\" content=\"article\" \/>\n<meta property=\"og:title\" content=\"ZLCOPENHAGEN | Cross-Cultural Menswear &amp; Ethical Style\" \/>\n<meta property=\"og:description\" content=\"Discover ZLCOPENHAGEN: Danish-Punjabi fusion in ethical menswear. Born from activism. Built on bold design. Worn with purpose.\" \/>\n<meta property=\"og:url\" content=\"https:\/\/zlcopenhagen.com\/es\/politica-de-privacidad\/\" \/>\n<meta property=\"og:site_name\" content=\"zlcopenhagen.com\" \/>\n<meta property=\"article:modified_time\" content=\"2021-01-08T09:41:29+00:00\" \/>\n<meta property=\"og:image\" content=\"https:\/\/i0.wp.com\/zlcopenhagen.com\/wp-content\/uploads\/2018\/09\/closeup-bordeaux-swimwear-scaled.jpg?fit=2560%2C2560&ssl=1\" \/>\n\t<meta property=\"og:image:width\" content=\"2560\" \/>\n\t<meta property=\"og:image:height\" content=\"2560\" \/>\n\t<meta property=\"og:image:type\" content=\"image\/jpeg\" \/>\n<meta name=\"twitter:card\" content=\"summary_large_image\" \/>\n<meta name=\"twitter:label1\" content=\"Tiempo de lectura\" \/>\n\t<meta name=\"twitter:data1\" content=\"6 minutos\" \/>\n<!-- \/ Yoast SEO Premium plugin. -->","yoast_head_json":{"title":"Pol\u00edtica de Privacidad- ZLCOPENHAGEN.COM","description":"Pol\u00edtica de Privacidad - Estas pol\u00edticas de privacidad disponen como usar, proteger cualquier informaci\u00f3n que des cuando visites esta ..","robots":{"index":"index","follow":"follow","max-snippet":"max-snippet:-1","max-image-preview":"max-image-preview:large","max-video-preview":"max-video-preview:-1"},"canonical":"https:\/\/zlcopenhagen.com\/es\/politica-de-privacidad\/","og_locale":"es_ES","og_type":"article","og_title":"ZLCOPENHAGEN | Cross-Cultural Menswear & Ethical Style","og_description":"Discover ZLCOPENHAGEN: Danish-Punjabi fusion in ethical menswear. Born from activism. Built on bold design. Worn with purpose.","og_url":"https:\/\/zlcopenhagen.com\/es\/politica-de-privacidad\/","og_site_name":"zlcopenhagen.com","article_modified_time":"2021-01-08T09:41:29+00:00","og_image":[{"width":2560,"height":2560,"url":"https:\/\/i0.wp.com\/zlcopenhagen.com\/wp-content\/uploads\/2018\/09\/closeup-bordeaux-swimwear-scaled.jpg?fit=2560%2C2560&ssl=1","type":"image\/jpeg"}],"twitter_card":"summary_large_image","twitter_misc":{"Tiempo de lectura":"6 minutos"},"schema":{"@context":"https:\/\/schema.org","@graph":[{"@type":"WebPage","@id":"https:\/\/zlcopenhagen.com\/es\/politica-de-privacidad\/","url":"https:\/\/zlcopenhagen.com\/es\/politica-de-privacidad\/","name":"Pol\u00edtica de Privacidad- ZLCOPENHAGEN.COM","isPartOf":{"@id":"https:\/\/zlcopenhagen.com\/#website"},"primaryImageOfPage":{"@id":"https:\/\/zlcopenhagen.com\/es\/politica-de-privacidad\/#primaryimage"},"image":{"@id":"https:\/\/zlcopenhagen.com\/es\/politica-de-privacidad\/#primaryimage"},"thumbnailUrl":"https:\/\/zlcopenhagen.com\/wp-content\/uploads\/2018\/09\/closeup-bordeaux-swimwear-scaled.jpg","datePublished":"2018-03-13T07:49:27+00:00","dateModified":"2021-01-08T09:41:29+00:00","description":"Pol\u00edtica de Privacidad - Estas pol\u00edticas de privacidad disponen como usar, proteger cualquier informaci\u00f3n que des cuando visites esta ..","breadcrumb":{"@id":"https:\/\/zlcopenhagen.com\/es\/politica-de-privacidad\/#breadcrumb"},"inLanguage":"es","potentialAction":[{"@type":"ReadAction","target":["https:\/\/zlcopenhagen.com\/es\/politica-de-privacidad\/"]}]},{"@type":"ImageObject","inLanguage":"es","@id":"https:\/\/zlcopenhagen.com\/es\/politica-de-privacidad\/#primaryimage","url":"https:\/\/zlcopenhagen.com\/wp-content\/uploads\/2018\/09\/closeup-bordeaux-swimwear-scaled.jpg","contentUrl":"https:\/\/zlcopenhagen.com\/wp-content\/uploads\/2018\/09\/closeup-bordeaux-swimwear-scaled.jpg","width":2560,"height":2560,"caption":"Pol\u00edtica de Privacidad"},{"@type":"BreadcrumbList","@id":"https:\/\/zlcopenhagen.com\/es\/politica-de-privacidad\/#breadcrumb","itemListElement":[{"@type":"ListItem","position":1,"name":"Home","item":"https:\/\/zlcopenhagen.com\/es\/"},{"@type":"ListItem","position":2,"name":"Pol\u00edtica de Privacidad"}]},{"@type":"WebSite","@id":"https:\/\/zlcopenhagen.com\/#website","url":"https:\/\/zlcopenhagen.com\/","name":"zlcopenhagen.com","description":"","publisher":{"@id":"https:\/\/zlcopenhagen.com\/#organization"},"potentialAction":[{"@type":"SearchAction","target":{"@type":"EntryPoint","urlTemplate":"https:\/\/zlcopenhagen.com\/?s={search_term_string}"},"query-input":{"@type":"PropertyValueSpecification","valueRequired":true,"valueName":"search_term_string"}}],"inLanguage":"es"},{"@type":["Organization","Place"],"@id":"https:\/\/zlcopenhagen.com\/#organization","name":"ZLCOPENHAGEN","alternateName":"ZLCOPENHAGEN","url":"https:\/\/zlcopenhagen.com\/","logo":{"@id":"https:\/\/zlcopenhagen.com\/es\/politica-de-privacidad\/#local-main-organization-logo"},"image":{"@id":"https:\/\/zlcopenhagen.com\/es\/politica-de-privacidad\/#local-main-organization-logo"},"sameAs":["https:\/\/www.youtube.com\/channel\/UCy7JINwB6DMr2fA9yHpDQJg"],"telephone":[],"openingHoursSpecification":[{"@type":"OpeningHoursSpecification","dayOfWeek":["Monday","Tuesday","Wednesday","Thursday","Friday","Saturday","Sunday"],"opens":"09:00","closes":"17:00"}]},{"@type":"ImageObject","inLanguage":"es","@id":"https:\/\/zlcopenhagen.com\/es\/politica-de-privacidad\/#local-main-organization-logo","url":"https:\/\/zlcopenhagen.com\/wp-content\/uploads\/2016\/05\/blog-logo.jpg","contentUrl":"https:\/\/zlcopenhagen.com\/wp-content\/uploads\/2016\/05\/blog-logo.jpg","width":68,"height":68,"caption":"ZLCOPENHAGEN"}]}},"_links":{"self":[{"href":"https:\/\/zlcopenhagen.com\/es\/wp-json\/wp\/v2\/pages\/22840","targetHints":{"allow":["GET"]}}],"collection":[{"href":"https:\/\/zlcopenhagen.com\/es\/wp-json\/wp\/v2\/pages"}],"about":[{"href":"https:\/\/zlcopenhagen.com\/es\/wp-json\/wp\/v2\/types\/page"}],"author":[{"embeddable":true,"href":"https:\/\/zlcopenhagen.com\/es\/wp-json\/wp\/v2\/users\/2"}],"replies":[{"embeddable":true,"href":"https:\/\/zlcopenhagen.com\/es\/wp-json\/wp\/v2\/comments?post=22840"}],"version-history":[{"count":0,"href":"https:\/\/zlcopenhagen.com\/es\/wp-json\/wp\/v2\/pages\/22840\/revisions"}],"wp:featuredmedia":[{"embeddable":true,"href":"https:\/\/zlcopenhagen.com\/es\/wp-json\/wp\/v2\/media\/27186"}],"wp:attachment":[{"href":"https:\/\/zlcopenhagen.com\/es\/wp-json\/wp\/v2\/media?parent=22840"}],"curies":[{"name":"wp","href":"https:\/\/api.w.org\/{rel}","templated":true}]}}