{"id":22830,"date":"2018-03-13T08:46:12","date_gmt":"2018-03-13T07:46:12","guid":{"rendered":"https:\/\/zlcopenhagen.com\/gallery\/"},"modified":"2026-02-15T07:14:50","modified_gmt":"2026-02-15T06:14:50","slug":"gallery","status":"publish","type":"page","link":"https:\/\/zlcopenhagen.com\/es\/gallery\/","title":{"rendered":"GALER\u00cdA DE MODA MASCULINA \u2013 COLECCI\u00d3N, DISE\u00d1O Y TRABAJOS CREATIVOS"},"content":{"rendered":"<p>[spb_galleries display_type=&#8221;standard&#8221; link_type=&#8221;lightbox&#8221; fullwidth=&#8221;yes&#8221; gutters=&#8221;yes&#8221; columns=&#8221;2&#8243; show_title=&#8221;no&#8221; show_subtitle=&#8221;no&#8221; show_excerpt=&#8221;no&#8221; excerpt_length=&#8221;20&#8243; item_count=&#8221;12&#8243; category=&#8221;gallery&#8221; gallery_filter=&#8221;no&#8221; pagination=&#8221;no&#8221; width=&#8221;1\/1&#8243; el_position=&#8221;first last&#8221;]<\/p>\n","protected":false},"excerpt":{"rendered":"<p>[spb_galleries display_type=&#8221;standard&#8221; link_type=&#8221;lightbox&#8221; fullwidth=&#8221;yes&#8221; gutters=&#8221;yes&#8221; columns=&#8221;2&#8243; show_title=&#8221;no&#8221; show_subtitle=&#8221;no&#8221; show_excerpt=&#8221;no&#8221; excerpt_length=&#8221;20&#8243; item_count=&#8221;12&#8243; category=&#8221;gallery&#8221; gallery_filter=&#8221;no&#8221; pagination=&#8221;no&#8221; width=&#8221;1\/1&#8243; el_position=&#8221;first last&#8221;]<\/p>\n","protected":false},"author":2,"featured_media":28069,"parent":0,"menu_order":0,"comment_status":"closed","ping_status":"closed","template":"","meta":{"footnotes":""},"class_list":["post-22830","page","type-page","status-publish","has-post-thumbnail","hentry"],"yoast_head":"<!-- This site is optimized with the Yoast SEO Premium plugin v26.6 (Yoast SEO v27.5) - https:\/\/yoast.com\/product\/yoast-seo-premium-wordpress\/ -->\n<title>Moda Masculina | Galer\u00eda, Colecci\u00f3n y Dise\u00f1o Sostenible<\/title>\n<meta name=\"description\" content=\"Explora nuestra galer\u00eda de moda masculina con colecci\u00f3n sostenible, dise\u00f1o dan\u00e9s-punjabi y trabajos creativos que unen moda, cultura y estructura.\" \/>\n<meta name=\"robots\" content=\"index, follow, max-snippet:-1, max-image-preview:large, max-video-preview:-1\" \/>\n<link rel=\"canonical\" href=\"https:\/\/zlcopenhagen.com\/es\/gallery\/\" \/>\n<meta property=\"og:locale\" content=\"es_ES\" \/>\n<meta property=\"og:type\" content=\"article\" \/>\n<meta property=\"og:title\" content=\"ZLCOPENHAGEN | Cross-Cultural Menswear &amp; Ethical Style\" \/>\n<meta property=\"og:description\" content=\"Discover ZLCOPENHAGEN: Danish-Punjabi fusion in ethical menswear. Born from activism. Built on bold design. Worn with purpose.\" \/>\n<meta property=\"og:url\" content=\"https:\/\/zlcopenhagen.com\/es\/gallery\/\" \/>\n<meta property=\"og:site_name\" content=\"zlcopenhagen.com\" \/>\n<meta property=\"article:modified_time\" content=\"2026-02-15T06:14:50+00:00\" \/>\n<meta property=\"og:image\" content=\"https:\/\/zlcopenhagen.com\/wp-content\/uploads\/2016\/05\/large-2.jpg\" \/>\n\t<meta property=\"og:image:width\" content=\"1700\" \/>\n\t<meta property=\"og:image:height\" content=\"956\" \/>\n\t<meta property=\"og:image:type\" content=\"image\/jpeg\" \/>\n<meta name=\"twitter:card\" content=\"summary_large_image\" \/>\n<meta name=\"twitter:label1\" content=\"Tiempo de lectura\" \/>\n\t<meta name=\"twitter:data1\" content=\"1 minuto\" \/>\n<!-- \/ Yoast SEO Premium plugin. -->","yoast_head_json":{"title":"Moda Masculina | Galer\u00eda, Colecci\u00f3n y Dise\u00f1o Sostenible","description":"Explora nuestra galer\u00eda de moda masculina con colecci\u00f3n sostenible, dise\u00f1o dan\u00e9s-punjabi y trabajos creativos que unen moda, cultura y estructura.","robots":{"index":"index","follow":"follow","max-snippet":"max-snippet:-1","max-image-preview":"max-image-preview:large","max-video-preview":"max-video-preview:-1"},"canonical":"https:\/\/zlcopenhagen.com\/es\/gallery\/","og_locale":"es_ES","og_type":"article","og_title":"ZLCOPENHAGEN | Cross-Cultural Menswear & Ethical Style","og_description":"Discover ZLCOPENHAGEN: Danish-Punjabi fusion in ethical menswear. Born from activism. Built on bold design. Worn with purpose.","og_url":"https:\/\/zlcopenhagen.com\/es\/gallery\/","og_site_name":"zlcopenhagen.com","article_modified_time":"2026-02-15T06:14:50+00:00","og_image":[{"width":1700,"height":956,"url":"https:\/\/zlcopenhagen.com\/wp-content\/uploads\/2016\/05\/large-2.jpg","type":"image\/jpeg"}],"twitter_card":"summary_large_image","twitter_misc":{"Tiempo de lectura":"1 minuto"},"schema":{"@context":"https:\/\/schema.org","@graph":[{"@type":"WebPage","@id":"https:\/\/zlcopenhagen.com\/es\/gallery\/","url":"https:\/\/zlcopenhagen.com\/es\/gallery\/","name":"Moda Masculina | Galer\u00eda, Colecci\u00f3n y Dise\u00f1o Sostenible","isPartOf":{"@id":"https:\/\/zlcopenhagen.com\/#website"},"primaryImageOfPage":{"@id":"https:\/\/zlcopenhagen.com\/es\/gallery\/#primaryimage"},"image":{"@id":"https:\/\/zlcopenhagen.com\/es\/gallery\/#primaryimage"},"thumbnailUrl":"https:\/\/zlcopenhagen.com\/wp-content\/uploads\/2016\/05\/large-2.jpg","datePublished":"2018-03-13T07:46:12+00:00","dateModified":"2026-02-15T06:14:50+00:00","description":"Explora nuestra galer\u00eda de moda masculina con colecci\u00f3n sostenible, dise\u00f1o dan\u00e9s-punjabi y trabajos creativos que unen moda, cultura y estructura.","breadcrumb":{"@id":"https:\/\/zlcopenhagen.com\/es\/gallery\/#breadcrumb"},"inLanguage":"es","potentialAction":[{"@type":"ReadAction","target":["https:\/\/zlcopenhagen.com\/es\/gallery\/"]}]},{"@type":"ImageObject","inLanguage":"es","@id":"https:\/\/zlcopenhagen.com\/es\/gallery\/#primaryimage","url":"https:\/\/zlcopenhagen.com\/wp-content\/uploads\/2016\/05\/large-2.jpg","contentUrl":"https:\/\/zlcopenhagen.com\/wp-content\/uploads\/2016\/05\/large-2.jpg","width":1700,"height":956,"caption":"Betal trygt med Visa, MasterCard og PayPal. Vi bruger SSL og h\u00f8j datasikkerhed \u2013 din tillid betyder alt."},{"@type":"BreadcrumbList","@id":"https:\/\/zlcopenhagen.com\/es\/gallery\/#breadcrumb","itemListElement":[{"@type":"ListItem","position":1,"name":"Home","item":"https:\/\/zlcopenhagen.com\/es\/"},{"@type":"ListItem","position":2,"name":"GALER\u00cdA DE MODA MASCULINA \u2013 COLECCI\u00d3N, DISE\u00d1O Y TRABAJOS CREATIVOS"}]},{"@type":"WebSite","@id":"https:\/\/zlcopenhagen.com\/#website","url":"https:\/\/zlcopenhagen.com\/","name":"zlcopenhagen.com","description":"","publisher":{"@id":"https:\/\/zlcopenhagen.com\/#organization"},"potentialAction":[{"@type":"SearchAction","target":{"@type":"EntryPoint","urlTemplate":"https:\/\/zlcopenhagen.com\/?s={search_term_string}"},"query-input":{"@type":"PropertyValueSpecification","valueRequired":true,"valueName":"search_term_string"}}],"inLanguage":"es"},{"@type":["Organization","Place"],"@id":"https:\/\/zlcopenhagen.com\/#organization","name":"ZLCOPENHAGEN","alternateName":"ZLCOPENHAGEN","url":"https:\/\/zlcopenhagen.com\/","logo":{"@id":"https:\/\/zlcopenhagen.com\/es\/gallery\/#local-main-organization-logo"},"image":{"@id":"https:\/\/zlcopenhagen.com\/es\/gallery\/#local-main-organization-logo"},"sameAs":["https:\/\/www.youtube.com\/channel\/UCy7JINwB6DMr2fA9yHpDQJg"],"telephone":[],"openingHoursSpecification":[{"@type":"OpeningHoursSpecification","dayOfWeek":["Monday","Tuesday","Wednesday","Thursday","Friday","Saturday","Sunday"],"opens":"09:00","closes":"17:00"}]},{"@type":"ImageObject","inLanguage":"es","@id":"https:\/\/zlcopenhagen.com\/es\/gallery\/#local-main-organization-logo","url":"https:\/\/zlcopenhagen.com\/wp-content\/uploads\/2016\/05\/blog-logo.jpg","contentUrl":"https:\/\/zlcopenhagen.com\/wp-content\/uploads\/2016\/05\/blog-logo.jpg","width":68,"height":68,"caption":"ZLCOPENHAGEN"}]}},"_links":{"self":[{"href":"https:\/\/zlcopenhagen.com\/es\/wp-json\/wp\/v2\/pages\/22830","targetHints":{"allow":["GET"]}}],"collection":[{"href":"https:\/\/zlcopenhagen.com\/es\/wp-json\/wp\/v2\/pages"}],"about":[{"href":"https:\/\/zlcopenhagen.com\/es\/wp-json\/wp\/v2\/types\/page"}],"author":[{"embeddable":true,"href":"https:\/\/zlcopenhagen.com\/es\/wp-json\/wp\/v2\/users\/2"}],"replies":[{"embeddable":true,"href":"https:\/\/zlcopenhagen.com\/es\/wp-json\/wp\/v2\/comments?post=22830"}],"version-history":[{"count":2,"href":"https:\/\/zlcopenhagen.com\/es\/wp-json\/wp\/v2\/pages\/22830\/revisions"}],"predecessor-version":[{"id":59366,"href":"https:\/\/zlcopenhagen.com\/es\/wp-json\/wp\/v2\/pages\/22830\/revisions\/59366"}],"wp:featuredmedia":[{"embeddable":true,"href":"https:\/\/zlcopenhagen.com\/es\/wp-json\/wp\/v2\/media\/28069"}],"wp:attachment":[{"href":"https:\/\/zlcopenhagen.com\/es\/wp-json\/wp\/v2\/media?parent=22830"}],"curies":[{"name":"wp","href":"https:\/\/api.w.org\/{rel}","templated":true}]}}