{"id":22744,"date":"2018-03-13T08:21:25","date_gmt":"2018-03-13T07:21:25","guid":{"rendered":"https:\/\/zlcopenhagen.com\/about-us\/"},"modified":"2024-03-04T15:32:24","modified_gmt":"2024-03-04T14:32:24","slug":"bienvenido-quienes-somos","status":"publish","type":"page","link":"https:\/\/zlcopenhagen.com\/es\/bienvenido-quienes-somos\/","title":{"rendered":"Quienes somos"},"content":{"rendered":"<p>[spb_row element_name=&#8221;Row&#8221; wrap_type=&#8221;content-width&#8221; parallax_image_height=&#8221;content-height&#8221; parallax_image_movement=&#8221;fixed&#8221; parallax_image_speed=&#8221;0.5&#8243; bg_video_loop=&#8221;yes&#8221; parallax_video_height=&#8221;window-height&#8221; parallax_video_overlay=&#8221;none&#8221; row_overlay_opacity=&#8221;0&#8243; row_col_pos=&#8221;default&#8221; width=&#8221;1\/1&#8243; el_position=&#8221;first last&#8221;] [spb_text_block animation=&#8221;none&#8221; animation_delay=&#8221;0&#8243; simplified_controls=&#8221;yes&#8221; custom_css_percentage=&#8221;no&#8221; padding_vertical=&#8221;0&#8243; padding_horizontal=&#8221;0&#8243; margin_vertical=&#8221;0&#8243; custom_css=&#8221;margin-top: 0px;margin-bottom: 0px;&#8221; border_size=&#8221;0&#8243; border_styling_global=&#8221;default&#8221; width=&#8221;1\/2&#8243; el_position=&#8221;first&#8221;]<\/p>\n<h1><span style=\"color: #333333;\">BIENVENIDO A ZLCOPENHAGEN<\/span><\/h1>\n<h2><span style=\"color: #333333;\">\u00a1MODA Y VITALIDAD UNIDOS!<\/span><\/h2>\n<p>ZLCOPENHAGEN es una marca de moda especializada en ropa de hombre sostenible, elegante, sensual\u00a0y sencilla. Todos los art\u00edculos est\u00e1n fabricados pensando en la comodidad, el dise\u00f1o, el car\u00e1cter y la\u00a0conciencia del hombre. Zahid es un apasionado de la creaci\u00f3n de ropa y accesorios para el hombre que\u00a0ama su cuerpo y ama el planeta que todos compartimos. Cada pieza de los art\u00edculos complementa la\u00a0fortaleza y el estilo de vida activo del hombre para que luzca tan bien como \u00e9l se siente. En otras palabras:<br \/>\n\u00a1la moda se encuentra con la vitalidad!<\/p>\n<h3>UN SUE\u00d1O DE ORIENTE QUE SE ENCUENTRA CON OCCIDENTE<\/h3>\n<p>Nacido y criado en Aabenraa, sin olvidar sus ra\u00edces en Lahore, hogar de la mayor\u00eda de la industria y las\u00a0instituciones de la moda de Pakist\u00e1n, Zahid est\u00e1 influenciado por colores vibrantes, diferentes texturas y\u00a0piedras preciosas. Al preguntarle cuando decidi\u00f3 convertirse en dise\u00f1ador de modas, todo lo que Zahid\u00a0puede decir es: &#8220;Siempre estuvo ah\u00ed&#8221;. Desde sus estudios en la Escuela Danesa de Dise\u00f1o, Zahid ha\u00a0estado aprovechando el legado de sus dos pa\u00edses de origen, Dinamarca y Pakist\u00e1n. En otras palabras: el\u00a0minimalismo n\u00f3rdico se encuentra con la extravagancia oriental. Nuestro logotipo est\u00e1 hecho de letras\u00a0\u00e1rabes y dice &#8220;Zahid&#8221; en forma abstracta.<\/p>\n<p>&nbsp;<\/p>\n<p>[\/spb_text_block] [spb_image image=&#8221;22751&#8243; image_size=&#8221;full&#8221; frame=&#8221;noframe&#8221; caption_pos=&#8221;hover&#8221; remove_rounded=&#8221;yes&#8221; fullwidth=&#8221;no&#8221; overflow_mode=&#8221;none&#8221; link_target=&#8221;_self&#8221; lightbox=&#8221;no&#8221; intro_animation=&#8221;none&#8221; animation_delay=&#8221;200&#8243; width=&#8221;1\/2&#8243; el_position=&#8221;last&#8221;][\/spb_image] [spb_text_block animation=&#8221;none&#8221; animation_delay=&#8221;0&#8243; simplified_controls=&#8221;yes&#8221; custom_css_percentage=&#8221;no&#8221; padding_vertical=&#8221;0&#8243; padding_horizontal=&#8221;0&#8243; margin_vertical=&#8221;0&#8243; custom_css=&#8221;margin-top: 0px;margin-bottom: 0px;&#8221; border_size=&#8221;0&#8243; border_styling_global=&#8221;default&#8221; width=&#8221;1\/1&#8243; el_position=&#8221;first last&#8221;]<\/p>\n<h2><span style=\"color: #333333;\">EL PLAN<\/span><br \/>\n<span style=\"color: #333333;\">NUESTRA VISI\u00d3N<\/span><\/h2>\n<p>Es crear una marca global que sea reconocible y conocida en el mundo de la moda masculina. Una marca\u00a0que siga y cumpla todos los est\u00e1ndares de la fabricaci\u00f3n sostenible, reduciendo los desechos mediante el\u00a0reciclaje. Una marca que prestando una gran atenci\u00f3n a las condiciones de trabajo seguras, desarrolle y\u00a0fabrique productos ecol\u00f3gicos y respetuosos con el medio ambiente.<\/p>\n<h3><span style=\"color: #333333;\">NUESTRA MISI\u00d3N<\/span><\/h3>\n<p>Es subrayar la buena apariencia del <a href=\"https:\/\/zlcopenhagen.com\/es\/zlc-man\/\" target=\"_blank\" rel=\"noopener\">hombre<\/a>. Nuestros productos se fabrican de conformidad con el\u00a0derecho de los empleados a un salario digno y en condiciones de trabajo seguras y con preocupaci\u00f3n por\u00a0el planeta.<\/p>\n<h3><span style=\"color: #333333;\">NUESTRA META<\/span><\/h3>\n<p>Es contribuir con nuestros productos a satisfacer las necesidades en moda masculina de aquellos hombres concienciados en el uso de productos ecol\u00f3gicos y sostenibles, ofreci\u00e9ndoles una extensa gama de nuestros exclusivos dise\u00f1os ZLCOPENHAGEN.<\/p>\n<blockquote class=\"wp-embedded-content\" data-secret=\"1rgInx4vcA\"><p><a href=\"https:\/\/zlcopenhagen.com\/es\/co2-waste\/\">CO2 y Residuos<\/a><\/p><\/blockquote>\n<p><iframe class=\"wp-embedded-content lazyload\" sandbox=\"allow-scripts\" security=\"restricted\" style=\"position: absolute; clip: rect(1px, 1px, 1px, 1px);\" title=\"&#8220;CO2 y Residuos&#8221; &#8212; zlcopenhagen.com\" data-src=\"https:\/\/zlcopenhagen.com\/es\/co2-waste\/embed\/#?secret=Bcl3Uzsbtt#?secret=1rgInx4vcA\" data-secret=\"1rgInx4vcA\" width=\"500\" height=\"282\" frameborder=\"0\" marginwidth=\"0\" marginheight=\"0\" scrolling=\"no\" src=\"data:image\/svg+xml;base64,PHN2ZyB3aWR0aD0iMSIgaGVpZ2h0PSIxIiB4bWxucz0iaHR0cDovL3d3dy53My5vcmcvMjAwMC9zdmciPjwvc3ZnPg==\" data-load-mode=\"1\"><\/iframe><\/p>\n<p>&nbsp;<\/p>\n<p>[\/spb_text_block] [\/spb_row] [spb_video link=&#8221;https:\/\/www.youtube.com\/shorts\/RZ4BpQeuVug&#8221; remove_related=&#8221;yes&#8221; autoplay=&#8221;no&#8221; full_width=&#8221;no&#8221; width=&#8221;1\/1&#8243; el_position=&#8221;first last&#8221;]<\/p>\n","protected":false},"excerpt":{"rendered":"<p>[spb_row element_name=&#8221;Row&#8221; wrap_type=&#8221;content-width&#8221; parallax_image_height=&#8221;content-height&#8221; parallax_image_movement=&#8221;fixed&#8221; parallax_image_speed=&#8221;0.5&#8243; bg_video_loop=&#8221;yes&#8221; parallax_video_height=&#8221;window-height&#8221; parallax_video_overlay=&#8221;none&#8221; row_overlay_opacity=&#8221;0&#8243; row_col_pos=&#8221;default&#8221; width=&#8221;1\/1&#8243; el_position=&#8221;first last&#8221;] [spb_text_block animation=&#8221;none&#8221; animation_delay=&#8221;0&#8243; simplified_controls=&#8221;yes&#8221; custom_css_percentage=&#8221;no&#8221; padding_vertical=&#8221;0&#8243; padding_horizontal=&#8221;0&#8243; margin_vertical=&#8221;0&#8243; custom_css=&#8221;margin-top: 0px;margin-bottom: 0px;&#8221; border_size=&#8221;0&#8243; border_styling_global=&#8221;default&#8221; width=&#8221;1\/2&#8243; el_position=&#8221;first&#8221;] BIENVENIDO A ZLCOPENHAGEN \u00a1MODA Y VITALIDAD UNIDOS! ZLCOPENHAGEN es una marca de moda especializada en ropa de hombre sostenible, elegante, sensual\u00a0y sencilla. Todos los art\u00edculos est\u00e1n fabricados pensando en la comodidad, [&hellip;]<\/p>\n","protected":false},"author":2,"featured_media":26063,"parent":0,"menu_order":0,"comment_status":"closed","ping_status":"closed","template":"","meta":{"footnotes":""},"class_list":["post-22744","page","type-page","status-publish","has-post-thumbnail","hentry"],"yoast_head":"<!-- This site is optimized with the Yoast SEO Premium plugin v26.6 (Yoast SEO v27.4) - https:\/\/yoast.com\/product\/yoast-seo-premium-wordpress\/ -->\n<title>Bienvenido a ZLCOPENHAGEN | Quienes somos<\/title>\n<meta name=\"description\" content=\"ZLCOPENHAGEN es una marca de moda especializada en ropa de hombre sostenible, elegante, sensual\u00a0y sencilla.\" \/>\n<meta name=\"robots\" content=\"index, follow, max-snippet:-1, max-video-preview:-1, noimageindex\" \/>\n<link rel=\"canonical\" href=\"https:\/\/zlcopenhagen.com\/es\/bienvenido-quienes-somos\/\" \/>\n<meta property=\"og:locale\" content=\"es_ES\" \/>\n<meta property=\"og:type\" content=\"article\" \/>\n<meta property=\"og:title\" content=\"ZLCOPENHAGEN | Cross-Cultural Menswear &amp; Ethical Style\" \/>\n<meta property=\"og:description\" content=\"Discover ZLCOPENHAGEN: Danish-Punjabi fusion in ethical menswear. Born from activism. Built on bold design. Worn with purpose.\" \/>\n<meta property=\"og:url\" content=\"https:\/\/zlcopenhagen.com\/es\/bienvenido-quienes-somos\/\" \/>\n<meta property=\"og:site_name\" content=\"zlcopenhagen.com\" \/>\n<meta property=\"article:modified_time\" content=\"2024-03-04T14:32:24+00:00\" \/>\n<meta property=\"og:image\" content=\"https:\/\/zlcopenhagen.com\/wp-content\/uploads\/2016\/11\/IMG-20190405-WA0042.jpg\" \/>\n\t<meta property=\"og:image:width\" content=\"851\" \/>\n\t<meta property=\"og:image:height\" content=\"1228\" \/>\n\t<meta property=\"og:image:type\" content=\"image\/jpeg\" \/>\n<meta name=\"twitter:card\" content=\"summary_large_image\" \/>\n<meta name=\"twitter:label1\" content=\"Tiempo de lectura\" \/>\n\t<meta name=\"twitter:data1\" content=\"3 minutos\" \/>\n<!-- \/ Yoast SEO Premium plugin. -->","yoast_head_json":{"title":"Bienvenido a ZLCOPENHAGEN | Quienes somos","description":"ZLCOPENHAGEN es una marca de moda especializada en ropa de hombre sostenible, elegante, sensual\u00a0y sencilla.","robots":{"index":"index","follow":"follow","max-snippet":"max-snippet:-1","max-video-preview":"max-video-preview:-1","imageindex":"noimageindex"},"canonical":"https:\/\/zlcopenhagen.com\/es\/bienvenido-quienes-somos\/","og_locale":"es_ES","og_type":"article","og_title":"ZLCOPENHAGEN | Cross-Cultural Menswear & Ethical Style","og_description":"Discover ZLCOPENHAGEN: Danish-Punjabi fusion in ethical menswear. Born from activism. Built on bold design. Worn with purpose.","og_url":"https:\/\/zlcopenhagen.com\/es\/bienvenido-quienes-somos\/","og_site_name":"zlcopenhagen.com","article_modified_time":"2024-03-04T14:32:24+00:00","og_image":[{"width":851,"height":1228,"url":"https:\/\/zlcopenhagen.com\/wp-content\/uploads\/2016\/11\/IMG-20190405-WA0042.jpg","type":"image\/jpeg"}],"twitter_card":"summary_large_image","twitter_misc":{"Tiempo de lectura":"3 minutos"},"schema":{"@context":"https:\/\/schema.org","@graph":[{"@type":["WebPage","AboutPage"],"@id":"https:\/\/zlcopenhagen.com\/es\/bienvenido-quienes-somos\/","url":"https:\/\/zlcopenhagen.com\/es\/bienvenido-quienes-somos\/","name":"Bienvenido a ZLCOPENHAGEN | Quienes somos","isPartOf":{"@id":"https:\/\/zlcopenhagen.com\/#website"},"primaryImageOfPage":{"@id":"https:\/\/zlcopenhagen.com\/es\/bienvenido-quienes-somos\/#primaryimage"},"image":{"@id":"https:\/\/zlcopenhagen.com\/es\/bienvenido-quienes-somos\/#primaryimage"},"thumbnailUrl":"https:\/\/zlcopenhagen.com\/wp-content\/uploads\/2016\/11\/IMG-20190405-WA0042.jpg","datePublished":"2018-03-13T07:21:25+00:00","dateModified":"2024-03-04T14:32:24+00:00","description":"ZLCOPENHAGEN es una marca de moda especializada en ropa de hombre sostenible, elegante, sensual\u00a0y sencilla.","breadcrumb":{"@id":"https:\/\/zlcopenhagen.com\/es\/bienvenido-quienes-somos\/#breadcrumb"},"inLanguage":"es","potentialAction":[{"@type":"ReadAction","target":["https:\/\/zlcopenhagen.com\/es\/bienvenido-quienes-somos\/"]}]},{"@type":"ImageObject","inLanguage":"es","@id":"https:\/\/zlcopenhagen.com\/es\/bienvenido-quienes-somos\/#primaryimage","url":"https:\/\/zlcopenhagen.com\/wp-content\/uploads\/2016\/11\/IMG-20190405-WA0042.jpg","contentUrl":"https:\/\/zlcopenhagen.com\/wp-content\/uploads\/2016\/11\/IMG-20190405-WA0042.jpg","width":851,"height":1228,"caption":"Bienvenido Quienes somos - Elevate desire and confidence with Shilajit. Your ultimate guide to a natural men's libido boost."},{"@type":"BreadcrumbList","@id":"https:\/\/zlcopenhagen.com\/es\/bienvenido-quienes-somos\/#breadcrumb","itemListElement":[{"@type":"ListItem","position":1,"name":"Home","item":"https:\/\/zlcopenhagen.com\/es\/"},{"@type":"ListItem","position":2,"name":"Quienes somos"}]},{"@type":"WebSite","@id":"https:\/\/zlcopenhagen.com\/#website","url":"https:\/\/zlcopenhagen.com\/","name":"zlcopenhagen.com","description":"","publisher":{"@id":"https:\/\/zlcopenhagen.com\/#organization"},"potentialAction":[{"@type":"SearchAction","target":{"@type":"EntryPoint","urlTemplate":"https:\/\/zlcopenhagen.com\/?s={search_term_string}"},"query-input":{"@type":"PropertyValueSpecification","valueRequired":true,"valueName":"search_term_string"}}],"inLanguage":"es"},{"@type":["Organization","Place"],"@id":"https:\/\/zlcopenhagen.com\/#organization","name":"ZLCOPENHAGEN","alternateName":"ZLCOPENHAGEN","url":"https:\/\/zlcopenhagen.com\/","logo":{"@id":"https:\/\/zlcopenhagen.com\/es\/bienvenido-quienes-somos\/#local-main-organization-logo"},"image":{"@id":"https:\/\/zlcopenhagen.com\/es\/bienvenido-quienes-somos\/#local-main-organization-logo"},"sameAs":["https:\/\/www.youtube.com\/channel\/UCy7JINwB6DMr2fA9yHpDQJg"],"telephone":[],"openingHoursSpecification":[{"@type":"OpeningHoursSpecification","dayOfWeek":["Monday","Tuesday","Wednesday","Thursday","Friday","Saturday","Sunday"],"opens":"09:00","closes":"17:00"}]},{"@type":"ImageObject","inLanguage":"es","@id":"https:\/\/zlcopenhagen.com\/es\/bienvenido-quienes-somos\/#local-main-organization-logo","url":"https:\/\/zlcopenhagen.com\/wp-content\/uploads\/2016\/05\/blog-logo.jpg","contentUrl":"https:\/\/zlcopenhagen.com\/wp-content\/uploads\/2016\/05\/blog-logo.jpg","width":68,"height":68,"caption":"ZLCOPENHAGEN"}]}},"_links":{"self":[{"href":"https:\/\/zlcopenhagen.com\/es\/wp-json\/wp\/v2\/pages\/22744","targetHints":{"allow":["GET"]}}],"collection":[{"href":"https:\/\/zlcopenhagen.com\/es\/wp-json\/wp\/v2\/pages"}],"about":[{"href":"https:\/\/zlcopenhagen.com\/es\/wp-json\/wp\/v2\/types\/page"}],"author":[{"embeddable":true,"href":"https:\/\/zlcopenhagen.com\/es\/wp-json\/wp\/v2\/users\/2"}],"replies":[{"embeddable":true,"href":"https:\/\/zlcopenhagen.com\/es\/wp-json\/wp\/v2\/comments?post=22744"}],"version-history":[{"count":1,"href":"https:\/\/zlcopenhagen.com\/es\/wp-json\/wp\/v2\/pages\/22744\/revisions"}],"predecessor-version":[{"id":31621,"href":"https:\/\/zlcopenhagen.com\/es\/wp-json\/wp\/v2\/pages\/22744\/revisions\/31621"}],"wp:featuredmedia":[{"embeddable":true,"href":"https:\/\/zlcopenhagen.com\/es\/wp-json\/wp\/v2\/media\/26063"}],"wp:attachment":[{"href":"https:\/\/zlcopenhagen.com\/es\/wp-json\/wp\/v2\/media?parent=22744"}],"curies":[{"name":"wp","href":"https:\/\/api.w.org\/{rel}","templated":true}]}}