{"id":30664,"date":"2026-02-01T00:17:57","date_gmt":"2026-01-31T23:17:57","guid":{"rendered":"https:\/\/zlcopenhagen.com\/?post_type=product&#038;p=30664"},"modified":"2026-02-01T18:27:31","modified_gmt":"2026-02-01T17:27:31","slug":"weiss-schwarzer-palaestinensischer-schal","status":"publish","type":"product","link":"https:\/\/zlcopenhagen.com\/de\/produkt\/weiss-schwarzer-palaestinensischer-schal\/","title":{"rendered":"WEI\u00df SCHWARZER PAL\u00c4STINENSISCHER SCHAL SHEMAGH KEFFIYEH"},"content":{"rendered":"<p>[spb_text_block animation=&#8221;none&#8221; animation_delay=&#8221;0&#8243; simplified_controls=&#8221;yes&#8221; custom_css_percentage=&#8221;no&#8221; padding_vertical=&#8221;0&#8243; padding_horizontal=&#8221;0&#8243; margin_vertical=&#8221;0&#8243; custom_css=&#8221;margin-top: 0px;margin-bottom: 0px;&#8221; border_size=&#8221;0&#8243; border_styling_global=&#8221;default&#8221; width=&#8221;1\/1&#8243; el_position=&#8221;first last&#8221;]<\/p>\n<h2 data-start=\"328\" data-end=\"394\"><strong data-start=\"331\" data-end=\"394\">WEI\u1e9e-SCHWARZER PAL\u00c4STINENSISCHER SCHAL \u2013 SHEMAGH \/ KEFFIYEH<\/strong><\/h2>\n<p data-start=\"396\" data-end=\"668\">H\u00fcllen Sie sich in zeitlosen Stil mit unserem <strong data-start=\"442\" data-end=\"505\">wei\u00df-schwarzen pal\u00e4stinensischen Schal (Shemagh \/ Keffiyeh)<\/strong>.<br data-start=\"506\" data-end=\"509\" \/>Gefertigt aus <strong data-start=\"523\" data-end=\"542\">100 % Baumwolle<\/strong>, ist dieser klassische Schal leicht, atmungsaktiv und angenehm zu tragen \u2013 ideal f\u00fcr Alltag, Reisen und kulturellen Gebrauch.<\/p>\n<p data-start=\"670\" data-end=\"797\">Das traditionelle schwarz-wei\u00dfe Muster macht ihn zu einem vielseitigen Accessoire, das sowohl funktional als auch stilvoll ist.<\/p>\n<hr data-start=\"799\" data-end=\"802\" \/>\n<h3 data-start=\"804\" data-end=\"820\"><strong data-start=\"808\" data-end=\"820\">MATERIAL<\/strong><\/h3>\n<p data-start=\"821\" data-end=\"1016\"><strong data-start=\"821\" data-end=\"840\">100 % Baumwolle<\/strong><br data-start=\"840\" data-end=\"843\" \/>Der Schal besteht aus reiner Baumwolle \u2013 dem originalen Material, das traditionell f\u00fcr den pal\u00e4stinensischen Schal verwendet wird.<br data-start=\"973\" data-end=\"976\" \/>Weich, robust und angenehm auf der Haut.<\/p>\n<hr data-start=\"1018\" data-end=\"1021\" \/>\n<h3 data-start=\"1023\" data-end=\"1045\"><strong data-start=\"1027\" data-end=\"1045\">PFLEGEHINWEISE<\/strong><\/h3>\n<p data-start=\"1046\" data-end=\"1122\">Um die Qualit\u00e4t Ihres Baumwollschals langfristig zu erhalten, empfehlen wir:<\/p>\n<ul data-start=\"1124\" data-end=\"1334\">\n<li data-start=\"1124\" data-end=\"1176\">\n<p data-start=\"1126\" data-end=\"1176\">Handw\u00e4sche oder Schonwaschgang bei kaltem Wasser<\/p>\n<\/li>\n<li data-start=\"1177\" data-end=\"1209\">\n<p data-start=\"1179\" data-end=\"1209\">Mildes Waschmittel verwenden<\/p>\n<\/li>\n<li data-start=\"1210\" data-end=\"1259\">\n<p data-start=\"1212\" data-end=\"1259\">Kein Bleichmittel oder aggressive Chemikalien<\/p>\n<\/li>\n<li data-start=\"1260\" data-end=\"1292\">\n<p data-start=\"1262\" data-end=\"1292\">Lufttrocknen, flach auslegen<\/p>\n<\/li>\n<li data-start=\"1293\" data-end=\"1334\">\n<p data-start=\"1295\" data-end=\"1334\">Bei Bedarf auf niedriger Stufe b\u00fcgeln<\/p>\n<\/li>\n<\/ul>\n<p data-start=\"1336\" data-end=\"1381\">So bleiben Form, Farbe und Struktur erhalten.<\/p>\n<hr data-start=\"1383\" data-end=\"1386\" \/>\n<h3 data-start=\"1388\" data-end=\"1413\"><strong data-start=\"1392\" data-end=\"1413\">HERKUNFT UND FORM<\/strong><\/h3>\n<p data-start=\"1414\" data-end=\"1614\">Der Shemagh \u2013 historisch auch als <strong data-start=\"1448\" data-end=\"1482\">pal\u00e4stinensische Kopfbedeckung<\/strong> bekannt \u2013 stammt aus dem arabischen Raum.<br data-start=\"1524\" data-end=\"1527\" \/>Nach dem Zweiten Weltkrieg wurde er durch britische Soldaten auch in Europa verbreitet.<\/p>\n<p data-start=\"1616\" data-end=\"1759\">Mit seinen quadratischen Ma\u00dfen von ca. <strong data-start=\"1655\" data-end=\"1671\">110 \u00d7 110 cm<\/strong> l\u00e4sst sich der Schal vielseitig tragen: als Halstuch, Kopfbedeckung oder Schulterschal.<\/p>\n<hr data-start=\"1761\" data-end=\"1764\" \/>\n<h3 data-start=\"1766\" data-end=\"1816\"><strong data-start=\"1770\" data-end=\"1816\">DIE BEDEUTUNG DES PAL\u00c4STINENSISCHEN SCHALS<\/strong><\/h3>\n<p data-start=\"1817\" data-end=\"1961\">Der pal\u00e4stinensische Schal ist mehr als ein Modeaccessoire.<br data-start=\"1876\" data-end=\"1879\" \/>Er steht f\u00fcr <strong data-start=\"1892\" data-end=\"1945\">kulturelle Identit\u00e4t, Zusammenhalt und Geschichte<\/strong> im Nahen Osten.<\/p>\n<p data-start=\"1963\" data-end=\"2089\">Das schwarz-wei\u00dfe Muster ist eines der bekanntesten und wird h\u00e4ufig mit pal\u00e4stinensischer Tradition und Solidarit\u00e4t verbunden.<\/p>\n<hr data-start=\"2091\" data-end=\"2094\" \/>\n<h3 data-start=\"2096\" data-end=\"2119\"><strong data-start=\"2100\" data-end=\"2119\">STIL UND ALLTAG<\/strong><\/h3>\n<p data-start=\"2120\" data-end=\"2270\">Heute wird der Shemagh weltweit getragen \u2013<br data-start=\"2162\" data-end=\"2165\" \/>als funktionaler Schutz vor Sonne und Wind ebenso wie als <strong data-start=\"2223\" data-end=\"2246\">zeitloses Statement<\/strong> in Mode und Streetwear.<\/p>\n<p data-start=\"2272\" data-end=\"2322\">Er verbindet Herkunft, Funktion und modernen Stil.<\/p>\n<hr data-start=\"2324\" data-end=\"2327\" \/>\n<h3 data-start=\"2329\" data-end=\"2352\"><strong data-start=\"2333\" data-end=\"2352\">JETZT BESTELLEN<\/strong><\/h3>\n<p data-start=\"2353\" data-end=\"2535\">Entdecken Sie die Geschichte und Vielseitigkeit des <strong data-start=\"2405\" data-end=\"2469\">wei\u00df-schwarzen pal\u00e4stinensischen Schals (Shemagh \/ Keffiyeh)<\/strong><br data-start=\"2469\" data-end=\"2472\" \/>und tragen Sie ein St\u00fcck kulturelles Erbe mit Respekt und Stil.<\/p>\n<p>[\/spb_text_block] [spb_image image=&#8221;30438&#8243; image_size=&#8221;full&#8221; frame=&#8221;noframe&#8221; caption_pos=&#8221;hover&#8221; remove_rounded=&#8221;yes&#8221; fullwidth=&#8221;no&#8221; overflow_mode=&#8221;none&#8221; link_target=&#8221;_blank&#8221; lightbox=&#8221;yes&#8221; intro_animation=&#8221;none&#8221; animation_delay=&#8221;200&#8243; width=&#8221;1\/1&#8243; el_position=&#8221;first last&#8221;]<\/p>\n<h2 style=\"text-align: center;\">JOIN THE BDS MOVEMENT<\/h2>\n<p>[\/spb_image] [spb_image image=&#8221;16303&#8243; image_size=&#8221;full&#8221; frame=&#8221;noframe&#8221; caption_pos=&#8221;hover&#8221; remove_rounded=&#8221;yes&#8221; fullwidth=&#8221;no&#8221; overflow_mode=&#8221;none&#8221; image_link=&#8221;https:\/\/www.kristeligt-dagblad.dk\/debat\/75-aar-siden-blev-palaestinas-ulykkelige-skaebne-beseglet&#8221; link_target=&#8221;_blank&#8221; lightbox=&#8221;yes&#8221; intro_animation=&#8221;none&#8221; animation_delay=&#8221;200&#8243; width=&#8221;1\/1&#8243; el_position=&#8221;first last&#8221;]<\/p>\n<h1 style=\"text-align: center;\">FROM THE RIVER TO THE SEA<\/h1>\n<p>[\/spb_image] [spb_text_block animation=&#8221;none&#8221; animation_delay=&#8221;0&#8243; simplified_controls=&#8221;yes&#8221; custom_css_percentage=&#8221;no&#8221; padding_vertical=&#8221;0&#8243; padding_horizontal=&#8221;0&#8243; margin_vertical=&#8221;0&#8243; custom_css=&#8221;margin-top: 0px;margin-bottom: 0px;&#8221; border_size=&#8221;0&#8243; border_styling_global=&#8221;default&#8221; width=&#8221;1\/1&#8243; el_position=&#8221;first last&#8221;]<\/p>\n<h2>DIE GESCHICHTE HINTER DEM PAL\u00c4STINENSISCHEN SCHAL<\/h2>\n<h4><strong>Wei\u00df Schwarzer Pal\u00e4stinensischer Schal<\/strong><\/h4>\n<p>Der Pal\u00e4stinensische Schal, auch bekannt als Shemagh oder Keffiyeh, ist weit mehr als nur ein modisches Accessoire. Seine Geschichte reicht tief in die Kultur und Identit\u00e4t des Nahen Ostens zur\u00fcck. Urspr\u00fcnglich als Schutz vor den Elementen in der W\u00fcste konzipiert, hat sich der Schal im Laufe der Zeit zu einem Symbol des Stolzes, der Solidarit\u00e4t und des Widerstands entwickelt.<\/p>\n<h4><strong>DAS DESIGN DES PAL\u00c4STINENSISCHEN SCHALS<\/strong><\/h4>\n<p>Das charakteristische Design des Pal\u00e4stinensischen Schals besteht aus einem karierten Muster in Schwarz und Wei\u00df, das in der arabischen Welt weit verbreitet ist. Die Wahl dieser Farben ist nicht zuf\u00e4llig. Schwarz symbolisiert oft Trauer und Widerstand, w\u00e4hrend Wei\u00df Frieden und Reinheit repr\u00e4sentiert. Zusammen verk\u00f6rpern sie die Hoffnung auf ein freies und geeintes Pal\u00e4stina.<\/p>\n<h4><strong>DIE BEDEUTUNG DES SCHALS<\/strong><\/h4>\n<p>F\u00fcr viele Menschen ist der Pal\u00e4stinensische Schal ein Ausdruck der Unterst\u00fctzung f\u00fcr die pal\u00e4stinensische Sache und ein Symbol des Widerstands gegen die Besatzung. Er wird oft bei politischen Demonstrationen und Kundgebungen getragen und dient als Erinnerung an die anhaltenden Herausforderungen, mit denen das pal\u00e4stinensische Volk konfrontiert ist.<\/p>\n<h4><strong>EIN MODISCHES STATEMENT<\/strong><\/h4>\n<p>Trotz seiner tiefen historischen und politischen Bedeutung hat der Pal\u00e4stinensische Schal auch eine starke Pr\u00e4senz in der Mode gefunden. Prominente Pers\u00f6nlichkeiten und Modeikonen auf der ganzen Welt tragen ihn als modisches Statement, das Stil und Solidarit\u00e4t vereint.<\/p>\n<h2>EINE VEREINIGENDE KRAFT<\/h2>\n<p>Unabh\u00e4ngig von seiner Verwendung ist der Pal\u00e4stinensische Schal ein Symbol der Einheit und Solidarit\u00e4t. Er bringt Menschen aus verschiedenen Kulturen und Hintergr\u00fcnden zusammen und erinnert uns daran, dass unsere Stimmen gemeinsam st\u00e4rker sind.<\/p>\n<p><strong>KAUFEN SIE IHREN PAL\u00c4STINENSISCHEN SCHAL JETZT<\/strong><\/p>\n<p>Entdecken Sie die zeitlose Sch\u00f6nheit und Bedeutung des Pal\u00e4stinensischen Schals. Bestellen Sie jetzt Ihren eigenen Schal und tragen Sie ein St\u00fcck Geschichte mit Stolz und W\u00fcrde. Wei\u00df Schwarzer Pal\u00e4stinensischer Schal.<\/p>\n<h1><a style=\"font-size: 16px;\" href=\"https:\/\/bdsmovement.net\/get-involved\" target=\"_blank\" rel=\"noopener\">Free Palestine movement<\/a><span style=\"font-size: 16px;\">.<\/span><\/h1>\n<p><a href=\"https:\/\/zlcopenhagen.com\/de\/boycott-israel\/\" target=\"_blank\" rel=\"noopener\">Link: Boycott Israel<\/a><\/p>\n<p>&nbsp;<\/p>\n<p>[\/spb_text_block] [spb_image image=&#8221;30638&#8243; image_size=&#8221;full&#8221; frame=&#8221;borderframe&#8221; caption=&#8221;Free Palestine&#8221; caption_pos=&#8221;hover&#8221; remove_rounded=&#8221;yes&#8221; fullwidth=&#8221;no&#8221; overflow_mode=&#8221;none&#8221; image_link=&#8221;https:\/\/bdsmovement.net\/Act-Now-Against-These-Companies-Profiting-From-Genocide&#8221; link_target=&#8221;_blank&#8221; lightbox=&#8221;no&#8221; intro_animation=&#8221;none&#8221; animation_delay=&#8221;200&#8243; width=&#8221;1\/1&#8243; el_position=&#8221;first last&#8221;]<\/p>\n<h1 style=\"text-align: center;\">FROM THE RIVER TO THE SEA PALESTINE WILL BE FREE<\/h1>\n<p>[\/spb_image]<\/p>\n","protected":false},"excerpt":{"rendered":"<p>[spb_text_block animation=&#8221;none&#8221; animation_delay=&#8221;0&#8243; simplified_controls=&#8221;yes&#8221; custom_css_percentage=&#8221;no&#8221; padding_vertical=&#8221;0&#8243; padding_horizontal=&#8221;0&#8243; margin_vertical=&#8221;0&#8243; custom_css=&#8221;margin-top: 0px;margin-bottom: 0px;&#8221; border_size=&#8221;0&#8243; border_styling_global=&#8221;default&#8221; width=&#8221;1\/1&#8243; el_position=&#8221;first last&#8221;] WEI\u1e9e-SCHWARZER PAL\u00c4STINENSISCHER SCHAL \u2013 SHEMAGH \/ KEFFIYEH H\u00fcllen Sie sich in zeitlosen Stil mit unserem wei\u00df-schwarzen pal\u00e4stinensischen Schal (Shemagh \/ Keffiyeh).Gefertigt aus 100 % Baumwolle, ist dieser klassische Schal leicht, atmungsaktiv und angenehm zu tragen \u2013 ideal f\u00fcr Alltag, Reisen und kulturellen Gebrauch. Das [&hellip;]<\/p>\n","protected":false},"featured_media":32748,"comment_status":"closed","ping_status":"closed","template":"","meta":[],"product_brand":[],"product_cat":[230,247],"product_tag":[257,1120],"class_list":{"0":"post-30664","1":"product","2":"type-product","3":"status-publish","4":"has-post-thumbnail","6":"product_cat-caps-geschenkideen-fuer-maenner-mutzen-huete","7":"product_cat-zubehoer","8":"product_tag-bracelet-de","9":"product_tag-charity-de","11":"first","12":"instock","13":"taxable","14":"shipping-taxable","15":"purchasable","16":"product-type-simple"},"yoast_head":"<!-- This site is optimized with the Yoast SEO Premium plugin v26.6 (Yoast SEO v27.4) - https:\/\/yoast.com\/product\/yoast-seo-premium-wordpress\/ -->\n<title>Wei\u00df Schwarzer Pal\u00e4stinensischer Schal | ZLCOPENHAGEN<\/title>\n<meta name=\"description\" content=\"Entdecken Sie unseren Pal\u00e4stinensischen Schal in Wei\u00df und Schwarz. Perfekt f\u00fcr einen coolen und l\u00e4ssigen Look. Jetzt kaufen!\" \/>\n<meta name=\"robots\" content=\"index, follow, max-snippet:-1, max-image-preview:large, max-video-preview:-1\" \/>\n<link rel=\"canonical\" href=\"https:\/\/zlcopenhagen.com\/de\/produkt\/weiss-schwarzer-palaestinensischer-schal\/\" \/>\n<meta property=\"og:locale\" content=\"de_DE\" \/>\n<meta property=\"og:type\" content=\"article\" \/>\n<meta property=\"og:title\" content=\"WEI\u00df SCHWARZER PAL\u00c4STINENSISCHER SCHAL SHEMAGH KEFFIYEH\" \/>\n<meta property=\"og:description\" content=\"Entdecken Sie unseren Pal\u00e4stinensischen Schal in Wei\u00df und Schwarz. Perfekt f\u00fcr einen coolen und l\u00e4ssigen Look. Jetzt kaufen!\" \/>\n<meta property=\"og:url\" content=\"https:\/\/zlcopenhagen.com\/de\/produkt\/weiss-schwarzer-palaestinensischer-schal\/\" \/>\n<meta property=\"og:site_name\" content=\"zlcopenhagen.com\" \/>\n<meta property=\"article:modified_time\" content=\"2026-02-01T17:27:31+00:00\" \/>\n<meta property=\"og:image\" content=\"https:\/\/zlcopenhagen.com\/wp-content\/uploads\/2024\/01\/affordable-shemagh-keffiyeh-scarf-tactical-outdoor-wear.jpg\" \/>\n\t<meta property=\"og:image:width\" content=\"377\" \/>\n\t<meta property=\"og:image:height\" content=\"385\" \/>\n\t<meta property=\"og:image:type\" content=\"image\/jpeg\" \/>\n<meta name=\"twitter:card\" content=\"summary_large_image\" \/>\n<meta name=\"twitter:label1\" content=\"Preis\" \/>\n\t<meta name=\"twitter:data1\" content=\"&#036;&nbsp;42\" \/>\n\t<meta name=\"twitter:label2\" content=\"Verf\u00fcgbarkeit\" \/>\n\t<meta name=\"twitter:data2\" content=\"Auf Lager\" \/>\n<meta property=\"product:price:amount\" content=\"42\" \/>\n<meta property=\"product:price:currency\" content=\"USD\" \/>\n<meta property=\"og:availability\" content=\"instock\" \/>\n<meta property=\"product:availability\" content=\"instock\" \/>\n<meta property=\"product:retailer_item_id\" content=\"chbl01-1\" \/>\n<meta property=\"product:condition\" content=\"new\" \/>\n<!-- \/ Yoast SEO Premium plugin. -->","yoast_head_json":{"title":"Wei\u00df Schwarzer Pal\u00e4stinensischer Schal | ZLCOPENHAGEN","description":"Entdecken Sie unseren Pal\u00e4stinensischen Schal in Wei\u00df und Schwarz. Perfekt f\u00fcr einen coolen und l\u00e4ssigen Look. Jetzt kaufen!","robots":{"index":"index","follow":"follow","max-snippet":"max-snippet:-1","max-image-preview":"max-image-preview:large","max-video-preview":"max-video-preview:-1"},"canonical":"https:\/\/zlcopenhagen.com\/de\/produkt\/weiss-schwarzer-palaestinensischer-schal\/","og_locale":"de_DE","og_type":"article","og_title":"WEI\u00df SCHWARZER PAL\u00c4STINENSISCHER SCHAL SHEMAGH KEFFIYEH","og_description":"Entdecken Sie unseren Pal\u00e4stinensischen Schal in Wei\u00df und Schwarz. Perfekt f\u00fcr einen coolen und l\u00e4ssigen Look. Jetzt kaufen!","og_url":"https:\/\/zlcopenhagen.com\/de\/produkt\/weiss-schwarzer-palaestinensischer-schal\/","og_site_name":"zlcopenhagen.com","article_modified_time":"2026-02-01T17:27:31+00:00","og_image":[{"width":377,"height":385,"url":"https:\/\/zlcopenhagen.com\/wp-content\/uploads\/2024\/01\/affordable-shemagh-keffiyeh-scarf-tactical-outdoor-wear.jpg","type":"image\/jpeg"}],"twitter_card":"summary_large_image","twitter_misc":{"Preis":"&#36;&nbsp;42","Verf\u00fcgbarkeit":"Auf Lager"},"schema":{"@context":"https:\/\/schema.org","@graph":[{"@type":"WebPage","@id":"https:\/\/zlcopenhagen.com\/de\/produkt\/weiss-schwarzer-palaestinensischer-schal\/","url":"https:\/\/zlcopenhagen.com\/de\/produkt\/weiss-schwarzer-palaestinensischer-schal\/","name":"Wei\u00df Schwarzer Pal\u00e4stinensischer Schal | ZLCOPENHAGEN","isPartOf":{"@id":"https:\/\/zlcopenhagen.com\/#website"},"primaryImageOfPage":{"@id":"https:\/\/zlcopenhagen.com\/de\/produkt\/weiss-schwarzer-palaestinensischer-schal\/#primaryimage"},"image":{"@id":"https:\/\/zlcopenhagen.com\/de\/produkt\/weiss-schwarzer-palaestinensischer-schal\/#primaryimage"},"thumbnailUrl":"https:\/\/zlcopenhagen.com\/wp-content\/uploads\/2024\/01\/affordable-shemagh-keffiyeh-scarf-tactical-outdoor-wear.jpg","datePublished":"2026-01-31T23:17:57+00:00","dateModified":"2026-02-01T17:27:31+00:00","description":"Entdecken Sie unseren Pal\u00e4stinensischen Schal in Wei\u00df und Schwarz. Perfekt f\u00fcr einen coolen und l\u00e4ssigen Look. Jetzt kaufen!","breadcrumb":{"@id":"https:\/\/zlcopenhagen.com\/de\/produkt\/weiss-schwarzer-palaestinensischer-schal\/#breadcrumb"},"inLanguage":"de","potentialAction":[{"@type":"ReadAction","target":["https:\/\/zlcopenhagen.com\/de\/produkt\/weiss-schwarzer-palaestinensischer-schal\/"]}]},{"@type":"ImageObject","inLanguage":"de","@id":"https:\/\/zlcopenhagen.com\/de\/produkt\/weiss-schwarzer-palaestinensischer-schal\/#primaryimage","url":"https:\/\/zlcopenhagen.com\/wp-content\/uploads\/2024\/01\/affordable-shemagh-keffiyeh-scarf-tactical-outdoor-wear.jpg","contentUrl":"https:\/\/zlcopenhagen.com\/wp-content\/uploads\/2024\/01\/affordable-shemagh-keffiyeh-scarf-tactical-outdoor-wear.jpg","width":377,"height":385,"caption":"Black and white cotton shemagh keffiyeh scarf for tactical and outdoor use."},{"@type":"BreadcrumbList","@id":"https:\/\/zlcopenhagen.com\/de\/produkt\/weiss-schwarzer-palaestinensischer-schal\/#breadcrumb","itemListElement":[{"@type":"ListItem","position":1,"name":"Home","item":"https:\/\/zlcopenhagen.com\/de\/"},{"@type":"ListItem","position":2,"name":"Shop","item":"https:\/\/zlcopenhagen.com\/de\/shop-2\/"},{"@type":"ListItem","position":3,"name":"WEI\u00df SCHWARZER PAL\u00c4STINENSISCHER SCHAL SHEMAGH KEFFIYEH"}]},{"@type":"WebSite","@id":"https:\/\/zlcopenhagen.com\/#website","url":"https:\/\/zlcopenhagen.com\/","name":"zlcopenhagen.com","description":"","publisher":{"@id":"https:\/\/zlcopenhagen.com\/#organization"},"potentialAction":[{"@type":"SearchAction","target":{"@type":"EntryPoint","urlTemplate":"https:\/\/zlcopenhagen.com\/?s={search_term_string}"},"query-input":{"@type":"PropertyValueSpecification","valueRequired":true,"valueName":"search_term_string"}}],"inLanguage":"de"},{"@type":["Organization","Place"],"@id":"https:\/\/zlcopenhagen.com\/#organization","name":"ZLCOPENHAGEN","alternateName":"ZLCOPENHAGEN","url":"https:\/\/zlcopenhagen.com\/","logo":{"@id":"https:\/\/zlcopenhagen.com\/de\/produkt\/weiss-schwarzer-palaestinensischer-schal\/#local-main-organization-logo"},"image":{"@id":"https:\/\/zlcopenhagen.com\/de\/produkt\/weiss-schwarzer-palaestinensischer-schal\/#local-main-organization-logo"},"sameAs":["https:\/\/www.youtube.com\/channel\/UCy7JINwB6DMr2fA9yHpDQJg"],"telephone":[],"openingHoursSpecification":[{"@type":"OpeningHoursSpecification","dayOfWeek":["Monday","Tuesday","Wednesday","Thursday","Friday","Saturday","Sunday"],"opens":"09:00","closes":"17:00"}]},{"@type":"ImageObject","inLanguage":"de","@id":"https:\/\/zlcopenhagen.com\/de\/produkt\/weiss-schwarzer-palaestinensischer-schal\/#local-main-organization-logo","url":"https:\/\/zlcopenhagen.com\/wp-content\/uploads\/2016\/05\/blog-logo.jpg","contentUrl":"https:\/\/zlcopenhagen.com\/wp-content\/uploads\/2016\/05\/blog-logo.jpg","width":68,"height":68,"caption":"ZLCOPENHAGEN"}]},"product_price_amount":"42","product_price_currency":"USD","og_availability":"instock","product_availability":"instock","product_retailer_item_id":"chbl01-1","product_condition":"new"},"_links":{"self":[{"href":"https:\/\/zlcopenhagen.com\/de\/wp-json\/wp\/v2\/product\/30664","targetHints":{"allow":["GET"]}}],"collection":[{"href":"https:\/\/zlcopenhagen.com\/de\/wp-json\/wp\/v2\/product"}],"about":[{"href":"https:\/\/zlcopenhagen.com\/de\/wp-json\/wp\/v2\/types\/product"}],"replies":[{"embeddable":true,"href":"https:\/\/zlcopenhagen.com\/de\/wp-json\/wp\/v2\/comments?post=30664"}],"wp:featuredmedia":[{"embeddable":true,"href":"https:\/\/zlcopenhagen.com\/de\/wp-json\/wp\/v2\/media\/32748"}],"wp:attachment":[{"href":"https:\/\/zlcopenhagen.com\/de\/wp-json\/wp\/v2\/media?parent=30664"}],"wp:term":[{"taxonomy":"product_brand","embeddable":true,"href":"https:\/\/zlcopenhagen.com\/de\/wp-json\/wp\/v2\/product_brand?post=30664"},{"taxonomy":"product_cat","embeddable":true,"href":"https:\/\/zlcopenhagen.com\/de\/wp-json\/wp\/v2\/product_cat?post=30664"},{"taxonomy":"product_tag","embeddable":true,"href":"https:\/\/zlcopenhagen.com\/de\/wp-json\/wp\/v2\/product_tag?post=30664"}],"curies":[{"name":"wp","href":"https:\/\/api.w.org\/{rel}","templated":true}]}}