{"id":18762,"date":"2016-10-26T20:39:32","date_gmt":"2016-10-26T20:39:32","guid":{"rendered":"https:\/\/zlcopenhagen.com\/?post_type=product&#038;p=18762&#038;lang=de"},"modified":"2024-03-06T12:16:04","modified_gmt":"2024-03-06T11:16:04","slug":"vladimir-krebs-armband","status":"publish","type":"product","link":"https:\/\/zlcopenhagen.com\/de\/produkt\/vladimir-krebs-armband\/","title":{"rendered":"KREBSBEK\u00c4MPFUNG VLADIMIR ROT SILBER ARMBAND"},"content":{"rendered":"<p>[spb_tabs tabs_type=&#8221;standard&#8221; center_tabs=&#8221;no&#8221; width=&#8221;1\/1&#8243; el_position=&#8221;first last&#8221;] [spb_tab title=&#8221;Produkt&#8221; icon=&#8221;&#8221; id=&#8221;Produkt&#8221;] [spb_text_block animation=&#8221;none&#8221; animation_delay=&#8221;0&#8243; simplified_controls=&#8221;yes&#8221; custom_css_percentage=&#8221;no&#8221; padding_vertical=&#8221;0&#8243; padding_horizontal=&#8221;0&#8243; margin_vertical=&#8221;0&#8243; custom_css=&#8221;margin-top: 0px;margin-bottom: 0px;&#8221; border_size=&#8221;0&#8243; border_styling_global=&#8221;default&#8221; width=&#8221;1\/1&#8243; el_position=&#8221;first last&#8221;]<\/p>\n<div class=\"-s-bullet-point\">\n<h2>ZU EHREN VON VLADIMIR APPOLONOV<\/h2>\n<p>Das rote Armband ist nach <a href=\"https:\/\/www.facebook.com\/VladimirCph\" target=\"_blank\" rel=\"noopener\">Vladimir Appolonov<\/a>,\u00a0benannt, einem ehemaligen Model f\u00fcr ZLCOPENHAGEN. Ein gutaussehender junger Mann, der einer unserer ersten und besten Models war. Er wurde 2016 mit Krebs diagnostiziert und verlor nach kurzer Zeit den Kampf gegen diese ernste Krankheit.<\/p>\n<p>VLADIMIR KREBSBEK\u00c4MPFUNG ARMBAND<\/p>\n<p>Das Vladimir Krebsbek\u00e4mpfung Armband ist aus roter umweltfreundlicher Fallschirmschnur gefertigt, mit einem maskulin robusten Metallverschluss. Es wird verkauft, um die Unterst\u00fctzung f\u00fcr Hodenkrebs zu f\u00f6rdern, und tr\u00e4gt somit zum Kampf gegen den Krebs bei. Die rote Farbe des Armbands signalisiert Unterst\u00fctzung f\u00fcr die Krebsforschung und Wohlt\u00e4tigkeit. J\u00e4hrlich werden etwa 300 M\u00e4nner von Hodenkrebs betroffen,<\/p>\n<p>Die H\u00e4lfte des Gewinns geht direkt an die Krebsbek\u00e4mpfung, mit einem Schwerpunkt auf Hodenkrebs. Lesen Sie auch unseren Artikel im Blog \u00fcber Mikaels Geschichte.<\/p>\n<p><a href=\"https:\/\/zlcopenhagen.com\/de\/blog-cancer-grab-balls\/\" target=\"_blank\" rel=\"noopener\">Mikaels historie<\/a>.<\/p>\n<\/div>\n<p>[\/spb_text_block] [\/spb_tab] [spb_tab title=&#8221;Material&#8221; icon=&#8221;&#8221; id=&#8221;Material&#8221;] [spb_text_block animation=&#8221;none&#8221; animation_delay=&#8221;0&#8243; simplified_controls=&#8221;yes&#8221; custom_css_percentage=&#8221;no&#8221; padding_vertical=&#8221;0&#8243; padding_horizontal=&#8221;0&#8243; margin_vertical=&#8221;0&#8243; custom_css=&#8221;margin-top: 0px;margin-bottom: 0px;&#8221; border_size=&#8221;0&#8243; border_styling_global=&#8221;default&#8221; width=&#8221;1\/1&#8243; el_position=&#8221;first last&#8221;]<\/p>\n<h3><span style=\"color: #333333;\">LIDT FAKTA<\/span><\/h3>\n<p>Armb\u00e5ndet er flettet af nylonsnor, ogs\u00e5 kaldet faldsk\u00e6rmsline, der er utrolig holdbart og slidst\u00e6rkt som materiale. Brudstyrke: Ca. 250 kg<\/p>\n<p>Derfor er det et oplagt overlevelses materiale i naturen, n\u00e5r uheldet er ude, og n\u00e5r man mindst venter der. Det fantastiske ved dette paracord er, at for hvert 1 meter f\u00e5r man 3 meter sammenlagt paracord ud af det, der best\u00e5r af yderligere 7 indvendige tr\u00e5de, der er lavet er fine slidst\u00e6rke 3 nylonfilamenter. Hvis uheldet er ude, s\u00e5 brug som sn\u00f8reb\u00e5nd, lave en skinne, en \u00e5represse, eller reparere \u00f8delagte genstande, som t\u00f8j for eksempel. De fine tr\u00e5de kan ogs\u00e5 bruges som fiskesn\u00f8re.<\/p>\n<p>Metall\u00e5sen er lavet af rustfrit st\u00e5l, med en blank overflade.<\/p>\n<p>[\/spb_text_block] [\/spb_tab] [spb_tab title=&#8221;Waschanleitung&#8221; icon=&#8221;&#8221; id=&#8221;Waschanleitung&#8221;] [spb_text_block animation=&#8221;none&#8221; animation_delay=&#8221;0&#8243; simplified_controls=&#8221;yes&#8221; custom_css_percentage=&#8221;no&#8221; padding_vertical=&#8221;0&#8243; padding_horizontal=&#8221;0&#8243; margin_vertical=&#8221;0&#8243; custom_css=&#8221;margin-top: 0px;margin-bottom: 0px;&#8221; border_size=&#8221;0&#8243; border_styling_global=&#8221;default&#8221; width=&#8221;1\/1&#8243; el_position=&#8221;first last&#8221;]<\/p>\n<p>F\u00f8lg disse simple r\u00e5d, for en lang levetid af\u00a0 dit smykke:<\/p>\n<ul>\n<li>at du tager dem af n\u00e5r du vasker h\u00e6nder\/bader<\/li>\n<li>undg\u00e5 at sove med dem<\/li>\n<li>undg\u00e5 at b\u00e6re dem under en fysisk aktivitet, herunder fitness<\/li>\n<li>undg\u00e5r at komme med parfume, creme, s\u00e6ber eller kemikalier af nogen art<\/li>\n<li>efter endt brug, aft\u00f8rrer dem med en ren fugtig klud<\/li>\n<\/ul>\n<p>[\/spb_text_block] [\/spb_tab] [spb_tab title=&#8221;Gr\u00f6\u00dfe&#8221; icon=&#8221;&#8221; id=&#8221;Gre&#8221;] [spb_text_block animation=&#8221;none&#8221; animation_delay=&#8221;0&#8243; simplified_controls=&#8221;yes&#8221; custom_css_percentage=&#8221;no&#8221; padding_vertical=&#8221;0&#8243; padding_horizontal=&#8221;0&#8243; margin_vertical=&#8221;0&#8243; custom_css=&#8221;margin-top: 0px;margin-bottom: 0px;&#8221; border_size=&#8221;0&#8243; border_styling_global=&#8221;default&#8221; width=&#8221;1\/1&#8243; el_position=&#8221;first last&#8221;]<\/p>\n<p>Verf\u00fcgbar in 3 Gr\u00f6\u00dfen, wobei 19 cm einer Small entspricht, 21 cm einer Medium und 23 cm einer Large Gr\u00f6\u00dfe. F\u00fcr weitere Informationen schauen Sie bitte auf dieser <a href=\"https:\/\/zlcopenhagen.com\/de\/groesse-und-passform\/\" target=\"_blank\" rel=\"noopener\"><strong>Gr\u00f6\u00dfentabelle nach Ihrer Gr\u00f6\u00dfe<\/strong><\/a>.<\/p>\n<p>[\/spb_text_block] [\/spb_tab] [\/spb_tabs] [spb_image image=&#8221;18768&#8243; image_size=&#8221;full&#8221; frame=&#8221;noframe&#8221; caption_pos=&#8221;hover&#8221; remove_rounded=&#8221;yes&#8221; fullwidth=&#8221;no&#8221; overflow_mode=&#8221;none&#8221; link_target=&#8221;_self&#8221; lightbox=&#8221;no&#8221; intro_animation=&#8221;none&#8221; animation_delay=&#8221;200&#8243; width=&#8221;1\/1&#8243; el_position=&#8221;first last&#8221;][\/spb_image] [spb_text_block animation=&#8221;none&#8221; animation_delay=&#8221;0&#8243; simplified_controls=&#8221;yes&#8221; custom_css_percentage=&#8221;no&#8221; padding_vertical=&#8221;0&#8243; padding_horizontal=&#8221;0&#8243; margin_vertical=&#8221;0&#8243; custom_css=&#8221;margin-top: 0px;margin-bottom: 0px;&#8221; border_size=&#8221;0&#8243; border_styling_global=&#8221;default&#8221; width=&#8221;1\/1&#8243; el_position=&#8221;first last&#8221;]<\/p>\n<p>Das Foto wurde Anfang 2012 von Bjarni Lamhauge aufgenommen. 4 Jahre sp\u00e4ter verlor er den Kampf gegen den Krebs.<\/p>\n<p>[\/spb_text_block]<\/p>\n","protected":false},"excerpt":{"rendered":"<p>[spb_tabs tabs_type=&#8221;standard&#8221; center_tabs=&#8221;no&#8221; width=&#8221;1\/1&#8243; el_position=&#8221;first last&#8221;] [spb_tab title=&#8221;Produkt&#8221; icon=&#8221;&#8221; id=&#8221;Produkt&#8221;] [spb_text_block animation=&#8221;none&#8221; animation_delay=&#8221;0&#8243; simplified_controls=&#8221;yes&#8221; custom_css_percentage=&#8221;no&#8221; padding_vertical=&#8221;0&#8243; padding_horizontal=&#8221;0&#8243; margin_vertical=&#8221;0&#8243; custom_css=&#8221;margin-top: 0px;margin-bottom: 0px;&#8221; border_size=&#8221;0&#8243; border_styling_global=&#8221;default&#8221; width=&#8221;1\/1&#8243; el_position=&#8221;first last&#8221;] ZU EHREN VON VLADIMIR APPOLONOV Das rote Armband ist nach Vladimir Appolonov,\u00a0benannt, einem ehemaligen Model f\u00fcr ZLCOPENHAGEN. Ein gutaussehender junger Mann, der einer unserer ersten und besten Models war. Er wurde 2016 mit Krebs [&hellip;]<\/p>\n","protected":false},"featured_media":18773,"comment_status":"closed","ping_status":"closed","template":"","meta":[],"product_brand":[],"product_cat":[256,293],"product_tag":[457,458],"class_list":{"0":"post-18762","1":"product","2":"type-product","3":"status-publish","4":"has-post-thumbnail","6":"product_cat-fallschirmschnur-armbaender","7":"product_cat-herren-schmuck","8":"product_tag-armbaand-de","9":"product_tag-kraeft-de","11":"first","12":"instock","13":"taxable","14":"shipping-taxable","15":"purchasable","16":"product-type-variable","17":"has-default-attributes"},"yoast_head":"<!-- This site is optimized with the Yoast SEO Premium plugin v26.6 (Yoast SEO v27.5) - https:\/\/yoast.com\/product\/yoast-seo-premium-wordpress\/ -->\n<title>Vladimir Krebs-Armband | Helfen &amp; unterst\u00fctzen<\/title>\n<meta name=\"description\" content=\"Kaufen Sie das Vladimir Krebs-Armband zur Unterst\u00fctzung der Krebsforschung. Ihr Beitrag hilft im Kampf gegen Krebs und f\u00f6rdert die Aufkl\u00e4rung.\" \/>\n<meta name=\"robots\" content=\"index, follow, max-snippet:-1, max-image-preview:large, max-video-preview:-1\" \/>\n<link rel=\"canonical\" href=\"https:\/\/zlcopenhagen.com\/de\/produkt\/vladimir-krebs-armband\/\" \/>\n<meta property=\"og:locale\" content=\"de_DE\" \/>\n<meta property=\"og:type\" content=\"article\" \/>\n<meta property=\"og:title\" content=\"KREBSBEK\u00c4MPFUNG VLADIMIR ROT SILBER ARMBAND\" \/>\n<meta property=\"og:description\" content=\"Kaufen Sie das Vladimir Krebs-Armband zur Unterst\u00fctzung der Krebsforschung. Ihr Beitrag hilft im Kampf gegen Krebs und f\u00f6rdert die Aufkl\u00e4rung.\" \/>\n<meta property=\"og:url\" content=\"https:\/\/zlcopenhagen.com\/de\/produkt\/vladimir-krebs-armband\/\" \/>\n<meta property=\"og:site_name\" content=\"zlcopenhagen.com\" \/>\n<meta property=\"article:modified_time\" content=\"2024-03-06T11:16:04+00:00\" \/>\n<meta property=\"og:image\" content=\"https:\/\/zlcopenhagen.com\/wp-content\/uploads\/2016\/10\/A021AM.jpg\" \/>\n\t<meta property=\"og:image:width\" content=\"1200\" \/>\n\t<meta property=\"og:image:height\" content=\"1200\" \/>\n\t<meta property=\"og:image:type\" content=\"image\/jpeg\" \/>\n<meta name=\"twitter:card\" content=\"summary_large_image\" \/>\n<meta name=\"twitter:label1\" content=\"Verf\u00fcgbarkeit\" \/>\n\t<meta name=\"twitter:data1\" content=\"Auf Lager\" \/>\n<meta property=\"og:availability\" content=\"instock\" \/>\n<meta property=\"product:availability\" content=\"instock\" \/>\n<meta property=\"product:condition\" content=\"new\" \/>\n<!-- \/ Yoast SEO Premium plugin. -->","yoast_head_json":{"title":"Vladimir Krebs-Armband | Helfen & unterst\u00fctzen","description":"Kaufen Sie das Vladimir Krebs-Armband zur Unterst\u00fctzung der Krebsforschung. Ihr Beitrag hilft im Kampf gegen Krebs und f\u00f6rdert die Aufkl\u00e4rung.","robots":{"index":"index","follow":"follow","max-snippet":"max-snippet:-1","max-image-preview":"max-image-preview:large","max-video-preview":"max-video-preview:-1"},"canonical":"https:\/\/zlcopenhagen.com\/de\/produkt\/vladimir-krebs-armband\/","og_locale":"de_DE","og_type":"article","og_title":"KREBSBEK\u00c4MPFUNG VLADIMIR ROT SILBER ARMBAND","og_description":"Kaufen Sie das Vladimir Krebs-Armband zur Unterst\u00fctzung der Krebsforschung. Ihr Beitrag hilft im Kampf gegen Krebs und f\u00f6rdert die Aufkl\u00e4rung.","og_url":"https:\/\/zlcopenhagen.com\/de\/produkt\/vladimir-krebs-armband\/","og_site_name":"zlcopenhagen.com","article_modified_time":"2024-03-06T11:16:04+00:00","og_image":[{"width":1200,"height":1200,"url":"https:\/\/zlcopenhagen.com\/wp-content\/uploads\/2016\/10\/A021AM.jpg","type":"image\/jpeg"}],"twitter_card":"summary_large_image","twitter_misc":{"Verf\u00fcgbarkeit":"Auf Lager"},"schema":{"@context":"https:\/\/schema.org","@graph":[{"@type":"WebPage","@id":"https:\/\/zlcopenhagen.com\/de\/produkt\/vladimir-krebs-armband\/","url":"https:\/\/zlcopenhagen.com\/de\/produkt\/vladimir-krebs-armband\/","name":"Vladimir Krebs-Armband | Helfen & unterst\u00fctzen","isPartOf":{"@id":"https:\/\/zlcopenhagen.com\/#website"},"primaryImageOfPage":{"@id":"https:\/\/zlcopenhagen.com\/de\/produkt\/vladimir-krebs-armband\/#primaryimage"},"image":{"@id":"https:\/\/zlcopenhagen.com\/de\/produkt\/vladimir-krebs-armband\/#primaryimage"},"thumbnailUrl":"https:\/\/zlcopenhagen.com\/wp-content\/uploads\/2016\/10\/A021AM.jpg","datePublished":"2016-10-26T20:39:32+00:00","dateModified":"2024-03-06T11:16:04+00:00","description":"Kaufen Sie das Vladimir Krebs-Armband zur Unterst\u00fctzung der Krebsforschung. Ihr Beitrag hilft im Kampf gegen Krebs und f\u00f6rdert die Aufkl\u00e4rung.","breadcrumb":{"@id":"https:\/\/zlcopenhagen.com\/de\/produkt\/vladimir-krebs-armband\/#breadcrumb"},"inLanguage":"de","potentialAction":[{"@type":"ReadAction","target":["https:\/\/zlcopenhagen.com\/de\/produkt\/vladimir-krebs-armband\/"]}]},{"@type":"ImageObject","inLanguage":"de","@id":"https:\/\/zlcopenhagen.com\/de\/produkt\/vladimir-krebs-armband\/#primaryimage","url":"https:\/\/zlcopenhagen.com\/wp-content\/uploads\/2016\/10\/A021AM.jpg","contentUrl":"https:\/\/zlcopenhagen.com\/wp-content\/uploads\/2016\/10\/A021AM.jpg","width":1200,"height":1200},{"@type":"BreadcrumbList","@id":"https:\/\/zlcopenhagen.com\/de\/produkt\/vladimir-krebs-armband\/#breadcrumb","itemListElement":[{"@type":"ListItem","position":1,"name":"Home","item":"https:\/\/zlcopenhagen.com\/de\/"},{"@type":"ListItem","position":2,"name":"Shop","item":"https:\/\/zlcopenhagen.com\/de\/shop-2\/"},{"@type":"ListItem","position":3,"name":"KREBSBEK\u00c4MPFUNG VLADIMIR ROT SILBER ARMBAND"}]},{"@type":"WebSite","@id":"https:\/\/zlcopenhagen.com\/#website","url":"https:\/\/zlcopenhagen.com\/","name":"zlcopenhagen.com","description":"","publisher":{"@id":"https:\/\/zlcopenhagen.com\/#organization"},"potentialAction":[{"@type":"SearchAction","target":{"@type":"EntryPoint","urlTemplate":"https:\/\/zlcopenhagen.com\/?s={search_term_string}"},"query-input":{"@type":"PropertyValueSpecification","valueRequired":true,"valueName":"search_term_string"}}],"inLanguage":"de"},{"@type":["Organization","Place"],"@id":"https:\/\/zlcopenhagen.com\/#organization","name":"ZLCOPENHAGEN","alternateName":"ZLCOPENHAGEN","url":"https:\/\/zlcopenhagen.com\/","logo":{"@id":"https:\/\/zlcopenhagen.com\/de\/produkt\/vladimir-krebs-armband\/#local-main-organization-logo"},"image":{"@id":"https:\/\/zlcopenhagen.com\/de\/produkt\/vladimir-krebs-armband\/#local-main-organization-logo"},"sameAs":["https:\/\/www.youtube.com\/channel\/UCy7JINwB6DMr2fA9yHpDQJg"],"telephone":[],"openingHoursSpecification":[{"@type":"OpeningHoursSpecification","dayOfWeek":["Monday","Tuesday","Wednesday","Thursday","Friday","Saturday","Sunday"],"opens":"09:00","closes":"17:00"}]},{"@type":"ImageObject","inLanguage":"de","@id":"https:\/\/zlcopenhagen.com\/de\/produkt\/vladimir-krebs-armband\/#local-main-organization-logo","url":"https:\/\/zlcopenhagen.com\/wp-content\/uploads\/2016\/05\/blog-logo.jpg","contentUrl":"https:\/\/zlcopenhagen.com\/wp-content\/uploads\/2016\/05\/blog-logo.jpg","width":68,"height":68,"caption":"ZLCOPENHAGEN"}]},"og_availability":"instock","product_availability":"instock","product_condition":"new"},"_links":{"self":[{"href":"https:\/\/zlcopenhagen.com\/de\/wp-json\/wp\/v2\/product\/18762","targetHints":{"allow":["GET"]}}],"collection":[{"href":"https:\/\/zlcopenhagen.com\/de\/wp-json\/wp\/v2\/product"}],"about":[{"href":"https:\/\/zlcopenhagen.com\/de\/wp-json\/wp\/v2\/types\/product"}],"replies":[{"embeddable":true,"href":"https:\/\/zlcopenhagen.com\/de\/wp-json\/wp\/v2\/comments?post=18762"}],"wp:featuredmedia":[{"embeddable":true,"href":"https:\/\/zlcopenhagen.com\/de\/wp-json\/wp\/v2\/media\/18773"}],"wp:attachment":[{"href":"https:\/\/zlcopenhagen.com\/de\/wp-json\/wp\/v2\/media?parent=18762"}],"wp:term":[{"taxonomy":"product_brand","embeddable":true,"href":"https:\/\/zlcopenhagen.com\/de\/wp-json\/wp\/v2\/product_brand?post=18762"},{"taxonomy":"product_cat","embeddable":true,"href":"https:\/\/zlcopenhagen.com\/de\/wp-json\/wp\/v2\/product_cat?post=18762"},{"taxonomy":"product_tag","embeddable":true,"href":"https:\/\/zlcopenhagen.com\/de\/wp-json\/wp\/v2\/product_tag?post=18762"}],"curies":[{"name":"wp","href":"https:\/\/api.w.org\/{rel}","templated":true}]}}