{"id":17517,"date":"2016-07-17T13:40:12","date_gmt":"2016-07-17T12:40:12","guid":{"rendered":"https:\/\/zlcopenhagen.com\/product\/zlc-classic-swimwear-white\/?lang=de"},"modified":"2026-02-06T13:00:37","modified_gmt":"2026-02-06T12:00:37","slug":"weisse-badehose-herren-eng-form","status":"publish","type":"product","link":"https:\/\/zlcopenhagen.com\/de\/produkt\/weisse-badehose-herren-eng-form\/","title":{"rendered":"WEISSE BADEHOSE HERREN \u2013 ENG ANLIEGEND &#038; KLAR FORM"},"content":{"rendered":"<p>[spb_video link=&#8221;https:\/\/www.youtube.com\/watch?v=kGGnTN3AyS8&amp;t=11s&#8221; remove_related=&#8221;yes&#8221; autoplay=&#8221;no&#8221; full_width=&#8221;no&#8221; width=&#8221;1\/1&#8243; el_position=&#8221;first last&#8221;] [spb_text_block animation=&#8221;none&#8221; animation_delay=&#8221;0&#8243; simplified_controls=&#8221;yes&#8221; custom_css_percentage=&#8221;no&#8221; padding_vertical=&#8221;0&#8243; padding_horizontal=&#8221;0&#8243; margin_vertical=&#8221;0&#8243; custom_css=&#8221;margin-top: 0px;margin-bottom: 0px;&#8221; border_size=&#8221;0&#8243; border_styling_global=&#8221;default&#8221; width=&#8221;1\/1&#8243; el_position=&#8221;first last&#8221;]<\/p>\n<h2 data-start=\"175\" data-end=\"182\">WEISSE BADEHOSE HERREN \u2013 KLARE FORM, ENG ANLIEGEND<\/h2>\n<h3 data-start=\"235\" data-end=\"243\">PASSFORM &amp; FORM<\/h3>\n<p data-start=\"244\" data-end=\"514\">Die Badehose liegt eng am K\u00f6rper an und folgt der nat\u00fcrlichen Silhouette. Der Schnitt formt eine klare Frontlinie ohne Polster, bleibt dabei bequem und beweglich. Elastischer Bund mit innenliegender Kordel sorgt f\u00fcr sicheren Halt im Wasser und an Land.<\/p>\n<h3 data-start=\"516\" data-end=\"524\">MATERIAL<\/h3>\n<p data-start=\"525\" data-end=\"719\">Gefertigt aus 78 % recyceltem Nylon (ECONYL\u00ae) und 22 % Elastan (XTRA LIFE LYCRA\u00ae). Der Stoff ist weich, schnelltrocknend, chlorbest\u00e4ndig und beh\u00e4lt die Form auch nach h\u00e4ufigem Tragen.<\/p>\n<h3 data-start=\"721\" data-end=\"729\">GR\u00d6SSEN &amp; FIT<\/h3>\n<p data-start=\"730\" data-end=\"883\">Gr\u00f6\u00dfen: <strong data-start=\"754\" data-end=\"767\">S \u2013 M \u2013 L<\/strong>.<br data-start=\"768\" data-end=\"771\" \/>Normal geschnitten, zweifach dehnbar f\u00fcr k\u00f6rpernahe Passform. Wer zwischen zwei Gr\u00f6\u00dfen liegt, w\u00e4hlt die gr\u00f6\u00dfere.<\/p>\n<h3 data-start=\"885\" data-end=\"893\">PFLEGE<\/h3>\n<p data-start=\"894\" data-end=\"1010\">Waschen bis <strong data-start=\"915\" data-end=\"924\">40 \u00b0C<\/strong>, kein Chlor, nicht schleudern, lufttrocknen. So bleibt Form und Elastizit\u00e4t erhalten. Diese wei\u00dfe Badehose liegt eng am K\u00f6rper an und folgt der nat\u00fcrlichen Form ohne Polster oder Verst\u00e4rkungen. Der elastische Stoff bietet leichten Halt, bleibt weich auf der Haut und trocknet schnell. Die Passform ist k\u00f6rpernah, aber komfortabel, und beh\u00e4lt ihre Form auch nach dem Schwimmen und Waschen. Waschbar bis 40 \u00b0C, lufttrocknen empfohlen.<\/p>\n<p>[\/spb_text_block] [spb_blank_spacer height=&#8221;30px&#8221; width=&#8221;1\/1&#8243; el_position=&#8221;first last&#8221;] [spb_image image=&#8221;18039&#8243; image_size=&#8221;full&#8221; frame=&#8221;noframe&#8221; caption_pos=&#8221;hover&#8221; remove_rounded=&#8221;yes&#8221; fullwidth=&#8221;no&#8221; overflow_mode=&#8221;none&#8221; image_link=&#8221;https:\/\/zlcopenhagen.com\/product-category\/swimwear\/&#8221; link_target=&#8221;_blank&#8221; lightbox=&#8221;no&#8221; intro_animation=&#8221;none&#8221; animation_delay=&#8221;200&#8243; width=&#8221;1\/2&#8243; el_position=&#8221;first&#8221;][\/spb_image] [spb_image image=&#8221;19490&#8243; image_size=&#8221;full&#8221; frame=&#8221;noframe&#8221; caption_pos=&#8221;hover&#8221; remove_rounded=&#8221;yes&#8221; fullwidth=&#8221;no&#8221; overflow_mode=&#8221;none&#8221; link_target=&#8221;_self&#8221; lightbox=&#8221;no&#8221; intro_animation=&#8221;none&#8221; animation_delay=&#8221;200&#8243; width=&#8221;1\/2&#8243; el_position=&#8221;last&#8221;][\/spb_image] [spb_blank_spacer height=&#8221;30px&#8221; width=&#8221;1\/1&#8243; el_position=&#8221;first last&#8221;] [spb_image image=&#8221;21794&#8243; image_size=&#8221;full&#8221; frame=&#8221;noframe&#8221; caption_pos=&#8221;hover&#8221; remove_rounded=&#8221;yes&#8221; fullwidth=&#8221;no&#8221; overflow_mode=&#8221;none&#8221; link_target=&#8221;_self&#8221; lightbox=&#8221;no&#8221; intro_animation=&#8221;none&#8221; animation_delay=&#8221;200&#8243; width=&#8221;1\/1&#8243; el_position=&#8221;first last&#8221;][\/spb_image] [spb_image image=&#8221;16970&#8243; image_size=&#8221;full&#8221; frame=&#8221;noframe&#8221; caption_pos=&#8221;hover&#8221; remove_rounded=&#8221;yes&#8221; fullwidth=&#8221;no&#8221; overflow_mode=&#8221;none&#8221; link_target=&#8221;_self&#8221; lightbox=&#8221;no&#8221; intro_animation=&#8221;none&#8221; animation_delay=&#8221;200&#8243; width=&#8221;1\/2&#8243; el_position=&#8221;first&#8221;][\/spb_image] [spb_image image=&#8221;18026&#8243; image_size=&#8221;full&#8221; frame=&#8221;noframe&#8221; caption_pos=&#8221;hover&#8221; remove_rounded=&#8221;yes&#8221; fullwidth=&#8221;no&#8221; overflow_mode=&#8221;none&#8221; link_target=&#8221;_self&#8221; lightbox=&#8221;no&#8221; intro_animation=&#8221;none&#8221; animation_delay=&#8221;200&#8243; width=&#8221;1\/2&#8243; el_position=&#8221;last&#8221;][\/spb_image] [spb_blank_spacer height=&#8221;30px&#8221; width=&#8221;1\/1&#8243; el_position=&#8221;first last&#8221;] [spb_image image=&#8221;25510&#8243; image_size=&#8221;full&#8221; frame=&#8221;noframe&#8221; caption_pos=&#8221;hover&#8221; remove_rounded=&#8221;yes&#8221; fullwidth=&#8221;no&#8221; overflow_mode=&#8221;none&#8221; link_target=&#8221;_self&#8221; lightbox=&#8221;no&#8221; intro_animation=&#8221;none&#8221; animation_delay=&#8221;200&#8243; width=&#8221;1\/2&#8243; el_position=&#8221;first&#8221;][\/spb_image] [spb_image image=&#8221;18039&#8243; image_size=&#8221;full&#8221; frame=&#8221;noframe&#8221; caption_pos=&#8221;hover&#8221; remove_rounded=&#8221;yes&#8221; fullwidth=&#8221;no&#8221; overflow_mode=&#8221;none&#8221; image_link=&#8221;https:\/\/zlcopenhagen.com\/product-category\/swimwear\/&#8221; link_target=&#8221;_blank&#8221; lightbox=&#8221;yes&#8221; intro_animation=&#8221;none&#8221; animation_delay=&#8221;200&#8243; width=&#8221;1\/2&#8243; el_position=&#8221;last&#8221;]<\/p>\n<h2 style=\"text-align: center;\">SEE OUR ENTIRE COLLECTION<\/h2>\n<p>[\/spb_image] [spb_blank_spacer height=&#8221;30px&#8221; width=&#8221;1\/1&#8243; el_position=&#8221;first last&#8221;]<\/p>\n","protected":false},"excerpt":{"rendered":"<p data-start=\"200\" data-end=\"513\">Die <strong data-start=\"204\" data-end=\"247\">ZLC Snow White Badehose Herren Kurz Eng<\/strong> setzt auf klare Form statt laute Effekte. Der k\u00f6rpernahe Schnitt folgt der nat\u00fcrlichen Silhouette, gibt leichten Halt und bleibt dabei angenehm weich auf der Haut. Ob am Strand, am Pool oder auf Reisen \u2013 diese Badehose wirkt selbstbewusst, ohne sich aufzudr\u00e4ngen.<\/p>\n<p data-start=\"520\" data-end=\"779\">Der elastische Stoff trocknet schnell, bewegt sich mit dir und beh\u00e4lt auch nach vielen Sommern seine Passform. Minimalistisches Design, zeitlose Farbe und ein Look, der zu jeder Gelegenheit funktioniert \u2013 von entspannten Tagen bis zu langen Abenden am Wasser.<\/p>\n","protected":false},"featured_media":18062,"comment_status":"closed","ping_status":"closed","template":"","meta":[],"product_brand":[],"product_cat":[227,1407],"product_tag":[1227,229,1228],"class_list":{"0":"post-17517","1":"product","2":"type-product","3":"status-publish","4":"has-post-thumbnail","6":"product_cat-beule-badehosen-maenner","7":"product_cat-enge-bademode-zeig-deine-beule","8":"product_tag-mens-swimwear-de","9":"product_tag-swimwear-de","10":"product_tag-white-de","12":"first","13":"instock","14":"taxable","15":"shipping-taxable","16":"purchasable","17":"product-type-variable","18":"has-default-attributes"},"yoast_head":"<!-- This site is optimized with the Yoast SEO Premium plugin v26.6 (Yoast SEO v27.4) - https:\/\/yoast.com\/product\/yoast-seo-premium-wordpress\/ -->\n<title>Wei\u00dfe Badehose Herren \u2013 Eng Anliegend &amp; Klare Form | ZLC<\/title>\n<meta name=\"description\" content=\"Wei\u00dfe Badehose f\u00fcr Herren mit engem Schnitt und nat\u00fcrlicher Silhouette. Klare Passform, glatter Look \u2013 perfekt f\u00fcr Strand &amp; Pool.\" \/>\n<meta name=\"robots\" content=\"index, follow, max-snippet:-1, max-image-preview:large, max-video-preview:-1\" \/>\n<link rel=\"canonical\" href=\"https:\/\/zlcopenhagen.com\/de\/produkt\/weisse-badehose-herren-eng-form\/\" \/>\n<meta property=\"og:locale\" content=\"de_DE\" \/>\n<meta property=\"og:type\" content=\"article\" \/>\n<meta property=\"og:title\" content=\"WEISSE BADEHOSE HERREN \u2013 ENG ANLIEGEND &amp; KLAR FORM\" \/>\n<meta property=\"og:description\" content=\"Wei\u00dfe Badehose f\u00fcr Herren mit engem Schnitt und nat\u00fcrlicher Silhouette. Klare Passform, glatter Look \u2013 perfekt f\u00fcr Strand &amp; Pool.\" \/>\n<meta property=\"og:url\" content=\"https:\/\/zlcopenhagen.com\/de\/produkt\/weisse-badehose-herren-eng-form\/\" \/>\n<meta property=\"og:site_name\" content=\"zlcopenhagen.com\" \/>\n<meta property=\"article:modified_time\" content=\"2026-02-06T12:00:37+00:00\" \/>\n<meta property=\"og:image\" content=\"https:\/\/zlcopenhagen.com\/wp-content\/uploads\/2016\/07\/ZLC-WHITE-CLASSIC-FULL-FRONT-B-AURELIEN.jpg\" \/>\n\t<meta property=\"og:image:width\" content=\"1000\" \/>\n\t<meta property=\"og:image:height\" content=\"1000\" \/>\n\t<meta property=\"og:image:type\" content=\"image\/jpeg\" \/>\n<meta name=\"twitter:card\" content=\"summary_large_image\" \/>\n<meta name=\"twitter:label1\" content=\"Verf\u00fcgbarkeit\" \/>\n\t<meta name=\"twitter:data1\" content=\"Auf Lager\" \/>\n<meta property=\"og:availability\" content=\"instock\" \/>\n<meta property=\"product:availability\" content=\"instock\" \/>\n<meta property=\"product:retailer_item_id\" content=\"ZLC-SW-FIT\" \/>\n<meta property=\"product:condition\" content=\"new\" \/>\n<!-- \/ Yoast SEO Premium plugin. -->","yoast_head_json":{"title":"Wei\u00dfe Badehose Herren \u2013 Eng Anliegend & Klare Form | ZLC","description":"Wei\u00dfe Badehose f\u00fcr Herren mit engem Schnitt und nat\u00fcrlicher Silhouette. Klare Passform, glatter Look \u2013 perfekt f\u00fcr Strand & Pool.","robots":{"index":"index","follow":"follow","max-snippet":"max-snippet:-1","max-image-preview":"max-image-preview:large","max-video-preview":"max-video-preview:-1"},"canonical":"https:\/\/zlcopenhagen.com\/de\/produkt\/weisse-badehose-herren-eng-form\/","og_locale":"de_DE","og_type":"article","og_title":"WEISSE BADEHOSE HERREN \u2013 ENG ANLIEGEND & KLAR FORM","og_description":"Wei\u00dfe Badehose f\u00fcr Herren mit engem Schnitt und nat\u00fcrlicher Silhouette. Klare Passform, glatter Look \u2013 perfekt f\u00fcr Strand & Pool.","og_url":"https:\/\/zlcopenhagen.com\/de\/produkt\/weisse-badehose-herren-eng-form\/","og_site_name":"zlcopenhagen.com","article_modified_time":"2026-02-06T12:00:37+00:00","og_image":[{"width":1000,"height":1000,"url":"https:\/\/zlcopenhagen.com\/wp-content\/uploads\/2016\/07\/ZLC-WHITE-CLASSIC-FULL-FRONT-B-AURELIEN.jpg","type":"image\/jpeg"}],"twitter_card":"summary_large_image","twitter_misc":{"Verf\u00fcgbarkeit":"Auf Lager"},"schema":{"@context":"https:\/\/schema.org","@graph":[{"@type":["WebPage","ItemPage"],"@id":"https:\/\/zlcopenhagen.com\/de\/produkt\/weisse-badehose-herren-eng-form\/","url":"https:\/\/zlcopenhagen.com\/de\/produkt\/weisse-badehose-herren-eng-form\/","name":"Wei\u00dfe Badehose Herren \u2013 Eng Anliegend & Klare Form | ZLC","isPartOf":{"@id":"https:\/\/zlcopenhagen.com\/#website"},"primaryImageOfPage":{"@id":"https:\/\/zlcopenhagen.com\/de\/produkt\/weisse-badehose-herren-eng-form\/#primaryimage"},"image":{"@id":"https:\/\/zlcopenhagen.com\/de\/produkt\/weisse-badehose-herren-eng-form\/#primaryimage"},"thumbnailUrl":"https:\/\/zlcopenhagen.com\/wp-content\/uploads\/2016\/07\/ZLC-WHITE-CLASSIC-FULL-FRONT-B-AURELIEN.jpg","datePublished":"2016-07-17T12:40:12+00:00","dateModified":"2026-02-06T12:00:37+00:00","description":"Wei\u00dfe Badehose f\u00fcr Herren mit engem Schnitt und nat\u00fcrlicher Silhouette. Klare Passform, glatter Look \u2013 perfekt f\u00fcr Strand & Pool.","breadcrumb":{"@id":"https:\/\/zlcopenhagen.com\/de\/produkt\/weisse-badehose-herren-eng-form\/#breadcrumb"},"inLanguage":"de","potentialAction":[{"@type":"ReadAction","target":["https:\/\/zlcopenhagen.com\/de\/produkt\/weisse-badehose-herren-eng-form\/"]}]},{"@type":"ImageObject","inLanguage":"de","@id":"https:\/\/zlcopenhagen.com\/de\/produkt\/weisse-badehose-herren-eng-form\/#primaryimage","url":"https:\/\/zlcopenhagen.com\/wp-content\/uploads\/2016\/07\/ZLC-WHITE-CLASSIC-FULL-FRONT-B-AURELIEN.jpg","contentUrl":"https:\/\/zlcopenhagen.com\/wp-content\/uploads\/2016\/07\/ZLC-WHITE-CLASSIC-FULL-FRONT-B-AURELIEN.jpg","width":1000,"height":1000,"caption":"Ein muskul\u00f6ser Mann zeigt sich stolz in seiner schneewei\u00dfen, nachhaltigen Badebekleidung. Perfekt anliegend, betont sie seine athletische Figur \u2013 vorne und hinten \u2013 und hebt seine besten Seiten hervor. Ein wahrer Hingucker f\u00fcr den Strand oder die Poolparty."},{"@type":"BreadcrumbList","@id":"https:\/\/zlcopenhagen.com\/de\/produkt\/weisse-badehose-herren-eng-form\/#breadcrumb","itemListElement":[{"@type":"ListItem","position":1,"name":"Home","item":"https:\/\/zlcopenhagen.com\/de\/"},{"@type":"ListItem","position":2,"name":"Shop","item":"https:\/\/zlcopenhagen.com\/de\/shop-2\/"},{"@type":"ListItem","position":3,"name":"WEISSE BADEHOSE HERREN \u2013 ENG ANLIEGEND &#038; KLAR FORM"}]},{"@type":"WebSite","@id":"https:\/\/zlcopenhagen.com\/#website","url":"https:\/\/zlcopenhagen.com\/","name":"zlcopenhagen.com","description":"","publisher":{"@id":"https:\/\/zlcopenhagen.com\/#organization"},"potentialAction":[{"@type":"SearchAction","target":{"@type":"EntryPoint","urlTemplate":"https:\/\/zlcopenhagen.com\/?s={search_term_string}"},"query-input":{"@type":"PropertyValueSpecification","valueRequired":true,"valueName":"search_term_string"}}],"inLanguage":"de"},{"@type":["Organization","Place"],"@id":"https:\/\/zlcopenhagen.com\/#organization","name":"ZLCOPENHAGEN","alternateName":"ZLCOPENHAGEN","url":"https:\/\/zlcopenhagen.com\/","logo":{"@id":"https:\/\/zlcopenhagen.com\/de\/produkt\/weisse-badehose-herren-eng-form\/#local-main-organization-logo"},"image":{"@id":"https:\/\/zlcopenhagen.com\/de\/produkt\/weisse-badehose-herren-eng-form\/#local-main-organization-logo"},"sameAs":["https:\/\/www.youtube.com\/channel\/UCy7JINwB6DMr2fA9yHpDQJg"],"telephone":[],"openingHoursSpecification":[{"@type":"OpeningHoursSpecification","dayOfWeek":["Monday","Tuesday","Wednesday","Thursday","Friday","Saturday","Sunday"],"opens":"09:00","closes":"17:00"}]},{"@type":"ImageObject","inLanguage":"de","@id":"https:\/\/zlcopenhagen.com\/de\/produkt\/weisse-badehose-herren-eng-form\/#local-main-organization-logo","url":"https:\/\/zlcopenhagen.com\/wp-content\/uploads\/2016\/05\/blog-logo.jpg","contentUrl":"https:\/\/zlcopenhagen.com\/wp-content\/uploads\/2016\/05\/blog-logo.jpg","width":68,"height":68,"caption":"ZLCOPENHAGEN"}]},"og_availability":"instock","product_availability":"instock","product_retailer_item_id":"ZLC-SW-FIT","product_condition":"new"},"_links":{"self":[{"href":"https:\/\/zlcopenhagen.com\/de\/wp-json\/wp\/v2\/product\/17517","targetHints":{"allow":["GET"]}}],"collection":[{"href":"https:\/\/zlcopenhagen.com\/de\/wp-json\/wp\/v2\/product"}],"about":[{"href":"https:\/\/zlcopenhagen.com\/de\/wp-json\/wp\/v2\/types\/product"}],"replies":[{"embeddable":true,"href":"https:\/\/zlcopenhagen.com\/de\/wp-json\/wp\/v2\/comments?post=17517"}],"wp:featuredmedia":[{"embeddable":true,"href":"https:\/\/zlcopenhagen.com\/de\/wp-json\/wp\/v2\/media\/18062"}],"wp:attachment":[{"href":"https:\/\/zlcopenhagen.com\/de\/wp-json\/wp\/v2\/media?parent=17517"}],"wp:term":[{"taxonomy":"product_brand","embeddable":true,"href":"https:\/\/zlcopenhagen.com\/de\/wp-json\/wp\/v2\/product_brand?post=17517"},{"taxonomy":"product_cat","embeddable":true,"href":"https:\/\/zlcopenhagen.com\/de\/wp-json\/wp\/v2\/product_cat?post=17517"},{"taxonomy":"product_tag","embeddable":true,"href":"https:\/\/zlcopenhagen.com\/de\/wp-json\/wp\/v2\/product_tag?post=17517"}],"curies":[{"name":"wp","href":"https:\/\/api.w.org\/{rel}","templated":true}]}}