{"id":57249,"date":"2026-01-31T06:07:57","date_gmt":"2026-01-31T05:07:57","guid":{"rendered":"https:\/\/zlcopenhagen.com\/?page_id=57249"},"modified":"2026-01-31T06:31:30","modified_gmt":"2026-01-31T05:31:30","slug":"danish-punjabi-design","status":"publish","type":"page","link":"https:\/\/zlcopenhagen.com\/de\/danish-punjabi-design\/","title":{"rendered":"DANISH\u2013PUNJABI DESIGN"},"content":{"rendered":"<p>[spb_video link=&#8221;https:\/\/www.youtube.com\/watch?v=IdShCKR-tsQ&#8221; remove_related=&#8221;yes&#8221; autoplay=&#8221;no&#8221; full_width=&#8221;no&#8221; width=&#8221;1\/1&#8243; el_position=&#8221;first last&#8221;] [spb_text_block animation=&#8221;none&#8221; animation_delay=&#8221;0&#8243; simplified_controls=&#8221;yes&#8221; custom_css_percentage=&#8221;no&#8221; padding_vertical=&#8221;0&#8243; padding_horizontal=&#8221;0&#8243; margin_vertical=&#8221;0&#8243; custom_css=&#8221;margin-top: 0px;margin-bottom: 0px;&#8221; border_size=&#8221;0&#8243; border_styling_global=&#8221;default&#8221; width=&#8221;1\/1&#8243; el_position=&#8221;first last&#8221;]<\/p>\n<h2 data-start=\"153\" data-end=\"185\">DIE ENTSTEHUNG MEINER MARKE<\/h2>\n<h3 data-start=\"186\" data-end=\"229\">Die Einf\u00fchrung meiner ersten Kollektion<\/h3>\n<p data-start=\"231\" data-end=\"670\">In meiner ersten <strong data-start=\"248\" data-end=\"273\">Unterw\u00e4schekollektion<\/strong>, die in diesem Video vorgestellt wird, erz\u00e4hle ich die Geschichte zweier faszinierender Charaktere: <strong data-start=\"374\" data-end=\"385\">Patrick<\/strong>, ein Fensterputzer, und <strong data-start=\"410\" data-end=\"420\">Rannva<\/strong>, eine charismatische Frau. Die Handlung spielt in den historischen Stra\u00dfen von <strong data-start=\"500\" data-end=\"527\">Magstr\u00e6de in Kopenhagen<\/strong>, wo eine zuf\u00e4llige Begegnung eine intensive Romanze entfacht \u2013 eingebettet in den Charme des Kopfsteinpflasters und die Pr\u00e4senz alter Geb\u00e4ude.<\/p>\n<p data-start=\"672\" data-end=\"1046\">W\u00e4hrend Patrick konzentriert seiner Arbeit nachgeht, f\u00e4ngt <strong data-start=\"731\" data-end=\"762\">Rannvas strahlendes L\u00e4cheln<\/strong> seinen Blick ein. Ein Moment gegenseitiger Anziehung entsteht \u2013 still, aber unausweichlich. In einer mutigen und intimen Geste offenbart Rannva Patricks geformten K\u00f6rper unter der Arbeitskleidung und entfacht eine Leidenschaft, die die zeitlose Atmosph\u00e4re der Umgebung widerspiegelt.<\/p>\n<p data-start=\"1048\" data-end=\"1390\">Ihre Verbindung, <strong data-start=\"1065\" data-end=\"1120\">eingearbeitet in den Stoff von Patricks Unterw\u00e4sche<\/strong>, wird zum Symbol der Magie ihres Treffens \u2013 ein Augenblick, eingefroren in der Zeit, zwischen den \u00e4ltesten Stra\u00dfen Kopenhagens. Die Geschichte entfaltet sich im Zusammenspiel von Sonnenlicht und Pflastersteinen und f\u00e4ngt die Essenz von Romantik im Herzen der Stadt ein.<\/p>\n<p data-start=\"1392\" data-end=\"1613\">Mit dieser <strong data-start=\"1403\" data-end=\"1417\">Kollektion<\/strong> und dem <strong data-start=\"1426\" data-end=\"1435\">Video<\/strong> lade ich dich ein, Patrick und Rannva auf ihrer Reise zu begleiten \u2013 eine Erz\u00e4hlung \u00fcber <strong data-start=\"1525\" data-end=\"1561\">Verbindung, Begehren und Pr\u00e4senz<\/strong>, in der <strong data-start=\"1570\" data-end=\"1606\">jede Naht ihre eigene Geschichte<\/strong> tr\u00e4gt.<\/p>\n<p>[\/spb_text_block] [spb_image image=&#8221;31380&#8243; image_size=&#8221;full&#8221; frame=&#8221;noframe&#8221; caption_pos=&#8221;hover&#8221; remove_rounded=&#8221;yes&#8221; fullwidth=&#8221;no&#8221; overflow_mode=&#8221;none&#8221; link_target=&#8221;_self&#8221; lightbox=&#8221;no&#8221; intro_animation=&#8221;none&#8221; animation_delay=&#8221;200&#8243; width=&#8221;1\/1&#8243; el_position=&#8221;first last&#8221;][\/spb_image] [spb_text_block animation=&#8221;none&#8221; animation_delay=&#8221;0&#8243; simplified_controls=&#8221;yes&#8221; custom_css_percentage=&#8221;no&#8221; padding_vertical=&#8221;0&#8243; padding_horizontal=&#8221;0&#8243; margin_vertical=&#8221;0&#8243; custom_css=&#8221;margin-top: 0px;margin-bottom: 0px;&#8221; border_size=&#8221;0&#8243; border_styling_global=&#8221;default&#8221; width=&#8221;1\/1&#8243; el_position=&#8221;first last&#8221;]<\/p>\n<h2>EINE WEGWEISENDE KREATION DER D\u00c4NISCHEN DESIGNSCHULE<\/h2>\n<p>Hier pr\u00e4sentiere ich eines meiner pr\u00e4gendsten Projekte aus meiner Zeit an der <strong>D\u00e4nischen Designschule<\/strong>: <strong>Reversible Innovation Jacket<\/strong>.<br \/>\nEine Jacke, die klassische Herrenmode herausforderte, indem sie zeitlose Linien mit moderner Funktionalit\u00e4t verband.<\/p>\n<p>Ich kombinierte traditionelle Anzugstoffe mit leistungsf\u00e4higen Sportmaterialien. Das Ergebnis war nicht nur erh\u00f6hter Tragekomfort, sondern eine neue Form funktionaler Eleganz.<\/p>\n<p>Das Besondere an dieser Jacke war ihre <strong>wendbare Konstruktion<\/strong>.<br \/>\nMit einem einzigen Handgriff konnte sie sich von klassisch zu sportlich verwandeln \u2013 konzipiert f\u00fcr unterschiedliche Kontexte, ohne dabei Ausdruck oder Identit\u00e4t zu verlieren.<\/p>\n<p>Handwerk spielte eine zentrale Rolle. Jede einzelne Naht spiegelte meinen Anspruch wider, Grenzen zu verschieben und die Normen der Herrenmode neu zu denken.<\/p>\n<p>Die Kollektion wurde in <strong>Kopenhagen<\/strong> entworfen und im Jahr 2008<br \/>\nin Zusammenarbeit mit erfahrenen Schneidern bei <strong>Dandy Design in Lahore, Pakistan<\/strong> realisiert. Es war ein besonderer Moment, die Idee vom Konzept bis zum fertigen Design physisch entstehen zu sehen.<\/p>\n<p>Die <strong>Reversible Innovation Jacket<\/strong> ist mehr als ein Kleidungsst\u00fcck.<br \/>\nSie steht f\u00fcr die Verbindung von kreativer Vision und handwerklicher Pr\u00e4zision \u2013 f\u00fcr das Zusammenspiel zwischen Kopenhagens Designtradition und den Schneiderk\u00fcnsten Lahores.<\/p>\n<p>Jede Naht erz\u00e4hlt eine Geschichte. Eine Geschichte zweier Welten, vereint in einem tragbaren Ausdruck von Individualit\u00e4t, Neugier und Innovation.<\/p>\n<p>[\/spb_text_block] [spb_image image_size=&#8221;full&#8221; frame=&#8221;noframe&#8221; caption_pos=&#8221;hover&#8221; remove_rounded=&#8221;yes&#8221; fullwidth=&#8221;no&#8221; overflow_mode=&#8221;none&#8221; link_target=&#8221;_self&#8221; lightbox=&#8221;no&#8221; intro_animation=&#8221;none&#8221; animation_delay=&#8221;200&#8243; width=&#8221;1\/1&#8243; el_position=&#8221;first last&#8221;][\/spb_image] [spb_text_block animation=&#8221;none&#8221; animation_delay=&#8221;0&#8243; simplified_controls=&#8221;yes&#8221; custom_css_percentage=&#8221;no&#8221; padding_vertical=&#8221;0&#8243; padding_horizontal=&#8221;0&#8243; margin_vertical=&#8221;0&#8243; custom_css=&#8221;margin-top: 0px;margin-bottom: 0px;&#8221; border_size=&#8221;0&#8243; border_styling_global=&#8221;default&#8221; width=&#8221;1\/1&#8243; el_position=&#8221;first last&#8221;]<\/p>\n<p>Mehr \u00fcber die gestalterische Gesamtidee von ZLCopenhagen erf\u00e4hrst du auf <a href=\"https:\/\/zlcopenhagen.com\/de\/handgemachte-herrenmode-daenisches-design-punjabi-tradition\/\"><strong>unserer Hauptseite<\/strong><\/a>.<\/p>\n<p>[\/spb_text_block]<\/p>\n","protected":false},"excerpt":{"rendered":"<p>[spb_video link=&#8221;https:\/\/www.youtube.com\/watch?v=IdShCKR-tsQ&#8221; remove_related=&#8221;yes&#8221; autoplay=&#8221;no&#8221; full_width=&#8221;no&#8221; width=&#8221;1\/1&#8243; el_position=&#8221;first last&#8221;] [spb_text_block animation=&#8221;none&#8221; animation_delay=&#8221;0&#8243; simplified_controls=&#8221;yes&#8221; custom_css_percentage=&#8221;no&#8221; padding_vertical=&#8221;0&#8243; padding_horizontal=&#8221;0&#8243; margin_vertical=&#8221;0&#8243; custom_css=&#8221;margin-top: 0px;margin-bottom: 0px;&#8221; border_size=&#8221;0&#8243; border_styling_global=&#8221;default&#8221; width=&#8221;1\/1&#8243; el_position=&#8221;first last&#8221;] DIE ENTSTEHUNG MEINER MARKE Die Einf\u00fchrung meiner ersten Kollektion In meiner ersten Unterw\u00e4schekollektion, die in diesem Video vorgestellt wird, erz\u00e4hle ich die Geschichte zweier faszinierender Charaktere: Patrick, ein Fensterputzer, und Rannva, eine charismatische Frau. Die Handlung [&hellip;]<\/p>\n","protected":false},"author":2,"featured_media":0,"parent":0,"menu_order":0,"comment_status":"closed","ping_status":"closed","template":"","meta":{"footnotes":""},"class_list":["post-57249","page","type-page","status-publish","hentry"],"yoast_head":"<!-- This site is optimized with the Yoast SEO Premium plugin v26.6 (Yoast SEO v27.4) - https:\/\/yoast.com\/product\/yoast-seo-premium-wordpress\/ -->\n<title>Danish\u2013Punjabi Design | Herrenmode, Stil &amp; Identit\u00e4t<\/title>\n<meta name=\"description\" content=\"Danish\u2013Punjabi Design verbindet d\u00e4nischen Minimalismus mit punjabischer Kultur. Eine Geschichte \u00fcber Herrenmode, Stil und Identit\u00e4t mit Wurzeln in Kopenhagen.\" \/>\n<meta name=\"robots\" content=\"index, follow, max-snippet:-1, max-image-preview:large, max-video-preview:-1\" \/>\n<link rel=\"canonical\" href=\"https:\/\/zlcopenhagen.com\/de\/danish-punjabi-design\/\" \/>\n<meta property=\"og:locale\" content=\"de_DE\" \/>\n<meta property=\"og:type\" content=\"article\" \/>\n<meta property=\"og:title\" content=\"ZLCOPENHAGEN | Cross-Cultural Menswear &amp; Ethical Style\" \/>\n<meta property=\"og:description\" content=\"Discover ZLCOPENHAGEN: Danish-Punjabi fusion in ethical menswear. Born from activism. Built on bold design. Worn with purpose.\" \/>\n<meta property=\"og:url\" content=\"https:\/\/zlcopenhagen.com\/de\/danish-punjabi-design\/\" \/>\n<meta property=\"og:site_name\" content=\"zlcopenhagen.com\" \/>\n<meta property=\"article:modified_time\" content=\"2026-01-31T05:31:30+00:00\" \/>\n<meta property=\"og:image\" content=\"https:\/\/zlcopenhagen.com\/wp-content\/uploads\/2014\/11\/zlc-.jpg\" \/>\n\t<meta property=\"og:image:width\" content=\"1908\" \/>\n\t<meta property=\"og:image:height\" content=\"1062\" \/>\n\t<meta property=\"og:image:type\" content=\"image\/jpeg\" \/>\n<meta name=\"twitter:card\" content=\"summary_large_image\" \/>\n<meta name=\"twitter:label1\" content=\"Gesch\u00e4tzte Lesezeit\" \/>\n\t<meta name=\"twitter:data1\" content=\"3\u00a0Minuten\" \/>\n<!-- \/ Yoast SEO Premium plugin. -->","yoast_head_json":{"title":"Danish\u2013Punjabi Design | Herrenmode, Stil & Identit\u00e4t","description":"Danish\u2013Punjabi Design verbindet d\u00e4nischen Minimalismus mit punjabischer Kultur. Eine Geschichte \u00fcber Herrenmode, Stil und Identit\u00e4t mit Wurzeln in Kopenhagen.","robots":{"index":"index","follow":"follow","max-snippet":"max-snippet:-1","max-image-preview":"max-image-preview:large","max-video-preview":"max-video-preview:-1"},"canonical":"https:\/\/zlcopenhagen.com\/de\/danish-punjabi-design\/","og_locale":"de_DE","og_type":"article","og_title":"ZLCOPENHAGEN | Cross-Cultural Menswear & Ethical Style","og_description":"Discover ZLCOPENHAGEN: Danish-Punjabi fusion in ethical menswear. Born from activism. Built on bold design. Worn with purpose.","og_url":"https:\/\/zlcopenhagen.com\/de\/danish-punjabi-design\/","og_site_name":"zlcopenhagen.com","article_modified_time":"2026-01-31T05:31:30+00:00","og_image":[{"width":1908,"height":1062,"url":"https:\/\/zlcopenhagen.com\/wp-content\/uploads\/2014\/11\/zlc-.jpg","type":"image\/jpeg"}],"twitter_card":"summary_large_image","twitter_misc":{"Gesch\u00e4tzte Lesezeit":"3\u00a0Minuten"},"schema":{"@context":"https:\/\/schema.org","@graph":[{"@type":"WebPage","@id":"https:\/\/zlcopenhagen.com\/de\/danish-punjabi-design\/","url":"https:\/\/zlcopenhagen.com\/de\/danish-punjabi-design\/","name":"Danish\u2013Punjabi Design | Herrenmode, Stil & Identit\u00e4t","isPartOf":{"@id":"https:\/\/zlcopenhagen.com\/#website"},"datePublished":"2026-01-31T05:07:57+00:00","dateModified":"2026-01-31T05:31:30+00:00","description":"Danish\u2013Punjabi Design verbindet d\u00e4nischen Minimalismus mit punjabischer Kultur. Eine Geschichte \u00fcber Herrenmode, Stil und Identit\u00e4t mit Wurzeln in Kopenhagen.","breadcrumb":{"@id":"https:\/\/zlcopenhagen.com\/de\/danish-punjabi-design\/#breadcrumb"},"inLanguage":"de","potentialAction":[{"@type":"ReadAction","target":["https:\/\/zlcopenhagen.com\/de\/danish-punjabi-design\/"]}]},{"@type":"BreadcrumbList","@id":"https:\/\/zlcopenhagen.com\/de\/danish-punjabi-design\/#breadcrumb","itemListElement":[{"@type":"ListItem","position":1,"name":"Home","item":"https:\/\/zlcopenhagen.com\/de\/"},{"@type":"ListItem","position":2,"name":"DANISH\u2013PUNJABI DESIGN"}]},{"@type":"WebSite","@id":"https:\/\/zlcopenhagen.com\/#website","url":"https:\/\/zlcopenhagen.com\/","name":"zlcopenhagen.com","description":"","publisher":{"@id":"https:\/\/zlcopenhagen.com\/#organization"},"potentialAction":[{"@type":"SearchAction","target":{"@type":"EntryPoint","urlTemplate":"https:\/\/zlcopenhagen.com\/?s={search_term_string}"},"query-input":{"@type":"PropertyValueSpecification","valueRequired":true,"valueName":"search_term_string"}}],"inLanguage":"de"},{"@type":["Organization","Place"],"@id":"https:\/\/zlcopenhagen.com\/#organization","name":"ZLCOPENHAGEN","alternateName":"ZLCOPENHAGEN","url":"https:\/\/zlcopenhagen.com\/","logo":{"@id":"https:\/\/zlcopenhagen.com\/de\/danish-punjabi-design\/#local-main-organization-logo"},"image":{"@id":"https:\/\/zlcopenhagen.com\/de\/danish-punjabi-design\/#local-main-organization-logo"},"sameAs":["https:\/\/www.youtube.com\/channel\/UCy7JINwB6DMr2fA9yHpDQJg"],"telephone":[],"openingHoursSpecification":[{"@type":"OpeningHoursSpecification","dayOfWeek":["Monday","Tuesday","Wednesday","Thursday","Friday","Saturday","Sunday"],"opens":"09:00","closes":"17:00"}]},{"@type":"ImageObject","inLanguage":"de","@id":"https:\/\/zlcopenhagen.com\/de\/danish-punjabi-design\/#local-main-organization-logo","url":"https:\/\/zlcopenhagen.com\/wp-content\/uploads\/2016\/05\/blog-logo.jpg","contentUrl":"https:\/\/zlcopenhagen.com\/wp-content\/uploads\/2016\/05\/blog-logo.jpg","width":68,"height":68,"caption":"ZLCOPENHAGEN"}]}},"_links":{"self":[{"href":"https:\/\/zlcopenhagen.com\/de\/wp-json\/wp\/v2\/pages\/57249","targetHints":{"allow":["GET"]}}],"collection":[{"href":"https:\/\/zlcopenhagen.com\/de\/wp-json\/wp\/v2\/pages"}],"about":[{"href":"https:\/\/zlcopenhagen.com\/de\/wp-json\/wp\/v2\/types\/page"}],"author":[{"embeddable":true,"href":"https:\/\/zlcopenhagen.com\/de\/wp-json\/wp\/v2\/users\/2"}],"replies":[{"embeddable":true,"href":"https:\/\/zlcopenhagen.com\/de\/wp-json\/wp\/v2\/comments?post=57249"}],"version-history":[{"count":3,"href":"https:\/\/zlcopenhagen.com\/de\/wp-json\/wp\/v2\/pages\/57249\/revisions"}],"predecessor-version":[{"id":57257,"href":"https:\/\/zlcopenhagen.com\/de\/wp-json\/wp\/v2\/pages\/57249\/revisions\/57257"}],"wp:attachment":[{"href":"https:\/\/zlcopenhagen.com\/de\/wp-json\/wp\/v2\/media?parent=57249"}],"curies":[{"name":"wp","href":"https:\/\/api.w.org\/{rel}","templated":true}]}}