{"id":55214,"date":"2016-06-12T18:55:52","date_gmt":"2016-06-12T18:55:52","guid":{"rendered":"https:\/\/zlcopenhagen.com\/art\/"},"modified":"2026-01-08T13:49:20","modified_gmt":"2026-01-08T12:49:20","slug":"art","status":"publish","type":"page","link":"https:\/\/zlcopenhagen.com\/de\/art\/","title":{"rendered":"KUNST"},"content":{"rendered":"<p>[spb_text_block animation=&#8221;none&#8221; animation_delay=&#8221;0&#8243; simplified_controls=&#8221;yes&#8221; custom_css_percentage=&#8221;no&#8221; padding_vertical=&#8221;0&#8243; padding_horizontal=&#8221;0&#8243; margin_vertical=&#8221;0&#8243; custom_css=&#8221;margin-top: 0px;margin-bottom: 0px;&#8221; border_size=&#8221;0&#8243; border_styling_global=&#8221;default&#8221; width=&#8221;1\/1&#8243; el_position=&#8221;first last&#8221;]<\/p>\n<p data-start=\"726\" data-end=\"988\">Diese Seite pr\u00e4sentiert eine Auswahl k\u00fcnstlerischer Arbeiten, darunter Malerei, Zeichnungen und Aquarelle.<br data-start=\"834\" data-end=\"837\" \/>Die Arbeiten erforschen Form, Material und visuelle Ausdrucksformen innerhalb einer Praxis, die von Neugier, Prozess und Experimentieren gepr\u00e4gt ist.<\/p>\n<p data-start=\"990\" data-end=\"1150\">Die Werke entstehen als Teil einer fortlaufenden k\u00fcnstlerischen Praxis und werden sowohl als eigenst\u00e4ndige Arbeiten als auch im Ausstellungskontext gezeigt.<\/p>\n<p>[\/spb_text_block] [spb_image image=&#8221;18785&#8243; image_size=&#8221;full&#8221; frame=&#8221;noframe&#8221; caption=&#8221;Drawing by Frian Baad&#8221; caption_pos=&#8221;hover&#8221; remove_rounded=&#8221;yes&#8221; fullwidth=&#8221;no&#8221; overflow_mode=&#8221;none&#8221; link_target=&#8221;_self&#8221; lightbox=&#8221;no&#8221; intro_animation=&#8221;none&#8221; animation_delay=&#8221;200&#8243; width=&#8221;1\/2&#8243; el_position=&#8221;first last&#8221;][\/spb_image]<\/p>\n","protected":false},"excerpt":{"rendered":"<p>[spb_text_block animation=&#8221;none&#8221; animation_delay=&#8221;0&#8243; simplified_controls=&#8221;yes&#8221; custom_css_percentage=&#8221;no&#8221; padding_vertical=&#8221;0&#8243; padding_horizontal=&#8221;0&#8243; margin_vertical=&#8221;0&#8243; custom_css=&#8221;margin-top: 0px;margin-bottom: 0px;&#8221; border_size=&#8221;0&#8243; border_styling_global=&#8221;default&#8221; width=&#8221;1\/1&#8243; el_position=&#8221;first last&#8221;] Diese Seite pr\u00e4sentiert eine Auswahl k\u00fcnstlerischer Arbeiten, darunter Malerei, Zeichnungen und Aquarelle.Die Arbeiten erforschen Form, Material und visuelle Ausdrucksformen innerhalb einer Praxis, die von Neugier, Prozess und Experimentieren gepr\u00e4gt ist. Die Werke entstehen als Teil einer fortlaufenden k\u00fcnstlerischen Praxis und werden sowohl als eigenst\u00e4ndige [&hellip;]<\/p>\n","protected":false},"author":2,"featured_media":0,"parent":0,"menu_order":0,"comment_status":"closed","ping_status":"closed","template":"","meta":{"footnotes":""},"class_list":["post-55214","page","type-page","status-publish","hentry"],"yoast_head":"<!-- This site is optimized with the Yoast SEO Premium plugin v26.6 (Yoast SEO v27.6) - https:\/\/yoast.com\/product\/yoast-seo-premium-wordpress\/ -->\n<title>Art \u2014 Kunst, Malerei und visuelle Werke<\/title>\n<meta name=\"description\" content=\"K\u00fcnstlerische Arbeiten mit Fokus auf Malerei, Zeichnung und visuelle Ausdrucksformen \u2014 eine Auswahl von Werken, entwickelt durch Neugier, Prozess und Experimentieren.\" \/>\n<meta name=\"robots\" content=\"index, follow, max-snippet:-1, max-image-preview:large, max-video-preview:-1\" \/>\n<link rel=\"canonical\" href=\"https:\/\/zlcopenhagen.com\/de\/art\/\" \/>\n<meta property=\"og:locale\" content=\"de_DE\" \/>\n<meta property=\"og:type\" content=\"article\" \/>\n<meta property=\"og:title\" content=\"ZLCOPENHAGEN | Cross-Cultural Menswear &amp; Ethical Style\" \/>\n<meta property=\"og:description\" content=\"Discover ZLCOPENHAGEN: Danish-Punjabi fusion in ethical menswear. Born from activism. Built on bold design. Worn with purpose.\" \/>\n<meta property=\"og:url\" content=\"https:\/\/zlcopenhagen.com\/de\/art\/\" \/>\n<meta property=\"og:site_name\" content=\"zlcopenhagen.com\" \/>\n<meta property=\"article:modified_time\" content=\"2026-01-08T12:49:20+00:00\" \/>\n<meta property=\"og:image\" content=\"https:\/\/zlcopenhagen.com\/wp-content\/uploads\/2014\/11\/zlc-.jpg\" \/>\n\t<meta property=\"og:image:width\" content=\"1908\" \/>\n\t<meta property=\"og:image:height\" content=\"1062\" \/>\n\t<meta property=\"og:image:type\" content=\"image\/jpeg\" \/>\n<meta name=\"twitter:card\" content=\"summary_large_image\" \/>\n<meta name=\"twitter:label1\" content=\"Gesch\u00e4tzte Lesezeit\" \/>\n\t<meta name=\"twitter:data1\" content=\"1\u00a0Minute\" \/>\n<!-- \/ Yoast SEO Premium plugin. -->","yoast_head_json":{"title":"Art \u2014 Kunst, Malerei und visuelle Werke","description":"K\u00fcnstlerische Arbeiten mit Fokus auf Malerei, Zeichnung und visuelle Ausdrucksformen \u2014 eine Auswahl von Werken, entwickelt durch Neugier, Prozess und Experimentieren.","robots":{"index":"index","follow":"follow","max-snippet":"max-snippet:-1","max-image-preview":"max-image-preview:large","max-video-preview":"max-video-preview:-1"},"canonical":"https:\/\/zlcopenhagen.com\/de\/art\/","og_locale":"de_DE","og_type":"article","og_title":"ZLCOPENHAGEN | Cross-Cultural Menswear & Ethical Style","og_description":"Discover ZLCOPENHAGEN: Danish-Punjabi fusion in ethical menswear. Born from activism. Built on bold design. Worn with purpose.","og_url":"https:\/\/zlcopenhagen.com\/de\/art\/","og_site_name":"zlcopenhagen.com","article_modified_time":"2026-01-08T12:49:20+00:00","og_image":[{"width":1908,"height":1062,"url":"https:\/\/zlcopenhagen.com\/wp-content\/uploads\/2014\/11\/zlc-.jpg","type":"image\/jpeg"}],"twitter_card":"summary_large_image","twitter_misc":{"Gesch\u00e4tzte Lesezeit":"1\u00a0Minute"},"schema":{"@context":"https:\/\/schema.org","@graph":[{"@type":"WebPage","@id":"https:\/\/zlcopenhagen.com\/de\/art\/","url":"https:\/\/zlcopenhagen.com\/de\/art\/","name":"Art \u2014 Kunst, Malerei und visuelle Werke","isPartOf":{"@id":"https:\/\/zlcopenhagen.com\/#website"},"datePublished":"2016-06-12T18:55:52+00:00","dateModified":"2026-01-08T12:49:20+00:00","description":"K\u00fcnstlerische Arbeiten mit Fokus auf Malerei, Zeichnung und visuelle Ausdrucksformen \u2014 eine Auswahl von Werken, entwickelt durch Neugier, Prozess und Experimentieren.","breadcrumb":{"@id":"https:\/\/zlcopenhagen.com\/de\/art\/#breadcrumb"},"inLanguage":"de","potentialAction":[{"@type":"ReadAction","target":["https:\/\/zlcopenhagen.com\/de\/art\/"]}]},{"@type":"BreadcrumbList","@id":"https:\/\/zlcopenhagen.com\/de\/art\/#breadcrumb","itemListElement":[{"@type":"ListItem","position":1,"name":"Home","item":"https:\/\/zlcopenhagen.com\/de\/"},{"@type":"ListItem","position":2,"name":"KUNST"}]},{"@type":"WebSite","@id":"https:\/\/zlcopenhagen.com\/#website","url":"https:\/\/zlcopenhagen.com\/","name":"zlcopenhagen.com","description":"","publisher":{"@id":"https:\/\/zlcopenhagen.com\/#organization"},"potentialAction":[{"@type":"SearchAction","target":{"@type":"EntryPoint","urlTemplate":"https:\/\/zlcopenhagen.com\/?s={search_term_string}"},"query-input":{"@type":"PropertyValueSpecification","valueRequired":true,"valueName":"search_term_string"}}],"inLanguage":"de"},{"@type":["Organization","Place"],"@id":"https:\/\/zlcopenhagen.com\/#organization","name":"ZLCOPENHAGEN","alternateName":"ZLCOPENHAGEN","url":"https:\/\/zlcopenhagen.com\/","logo":{"@id":"https:\/\/zlcopenhagen.com\/de\/art\/#local-main-organization-logo"},"image":{"@id":"https:\/\/zlcopenhagen.com\/de\/art\/#local-main-organization-logo"},"sameAs":["https:\/\/www.youtube.com\/channel\/UCy7JINwB6DMr2fA9yHpDQJg"],"telephone":[],"openingHoursSpecification":[{"@type":"OpeningHoursSpecification","dayOfWeek":["Monday","Tuesday","Wednesday","Thursday","Friday","Saturday","Sunday"],"opens":"09:00","closes":"17:00"}]},{"@type":"ImageObject","inLanguage":"de","@id":"https:\/\/zlcopenhagen.com\/de\/art\/#local-main-organization-logo","url":"https:\/\/zlcopenhagen.com\/wp-content\/uploads\/2016\/05\/blog-logo.jpg","contentUrl":"https:\/\/zlcopenhagen.com\/wp-content\/uploads\/2016\/05\/blog-logo.jpg","width":68,"height":68,"caption":"ZLCOPENHAGEN"}]}},"_links":{"self":[{"href":"https:\/\/zlcopenhagen.com\/de\/wp-json\/wp\/v2\/pages\/55214","targetHints":{"allow":["GET"]}}],"collection":[{"href":"https:\/\/zlcopenhagen.com\/de\/wp-json\/wp\/v2\/pages"}],"about":[{"href":"https:\/\/zlcopenhagen.com\/de\/wp-json\/wp\/v2\/types\/page"}],"author":[{"embeddable":true,"href":"https:\/\/zlcopenhagen.com\/de\/wp-json\/wp\/v2\/users\/2"}],"replies":[{"embeddable":true,"href":"https:\/\/zlcopenhagen.com\/de\/wp-json\/wp\/v2\/comments?post=55214"}],"version-history":[{"count":2,"href":"https:\/\/zlcopenhagen.com\/de\/wp-json\/wp\/v2\/pages\/55214\/revisions"}],"predecessor-version":[{"id":55219,"href":"https:\/\/zlcopenhagen.com\/de\/wp-json\/wp\/v2\/pages\/55214\/revisions\/55219"}],"wp:attachment":[{"href":"https:\/\/zlcopenhagen.com\/de\/wp-json\/wp\/v2\/media?parent=55214"}],"curies":[{"name":"wp","href":"https:\/\/api.w.org\/{rel}","templated":true}]}}