{"id":55190,"date":"2026-01-08T11:34:21","date_gmt":"2026-01-08T10:34:21","guid":{"rendered":"https:\/\/zlcopenhagen.com\/work\/"},"modified":"2026-01-09T06:38:16","modified_gmt":"2026-01-09T05:38:16","slug":"work","status":"publish","type":"page","link":"https:\/\/zlcopenhagen.com\/de\/work\/","title":{"rendered":"KREATIVE PRAXIS IN KUNST, DESIGN UND ENGINEERING"},"content":{"rendered":"<p>[spb_text_block animation=&#8221;none&#8221; animation_delay=&#8221;0&#8243; simplified_controls=&#8221;yes&#8221; custom_css_percentage=&#8221;no&#8221; padding_vertical=&#8221;0&#8243; padding_horizontal=&#8221;0&#8243; margin_vertical=&#8221;0&#8243; custom_css=&#8221;margin-top: 0px;margin-bottom: 0px;&#8221; border_size=&#8221;0&#8243; border_styling_global=&#8221;default&#8221; width=&#8221;1\/1&#8243; el_position=&#8221;first last&#8221;]<\/p>\n<h1>KREATIVE PRAXIS GEPR\u00c4GT DURCH NEUGIER UND ERKUNDUNG<\/h1>\n<p>Dieser Raum pr\u00e4sentiert eine Auswahl an Arbeiten, die aus Neugier, Experimentieren und kontinuierlicher Auseinandersetzung entstanden sind. \u00dcber verschiedene Formate und Kontexte hinweg spiegelt die Arbeit eine zusammenh\u00e4ngende Denkweise wider \u2014 ausgedr\u00fcckt durch Kunst, Design und Engineering.<\/p>\n<h2>ARBEITSBEREICHE<\/h2>\n<h3>KUNST<\/h3>\n<p>Malerei, Aquarelle und visuelle Arbeiten, die Form, Material und Ausdruck untersuchen.<\/p>\n<h3>PROJEKTE<\/h3>\n<p>Interdisziplin\u00e4re und forschungsorientierte Projekte, entwickelt durch Experimentieren und Zusammenarbeit.<\/p>\n<h3>AUSSTELLUNGEN<\/h3>\n<p>Einzel- und Gruppenausstellungen, in denen Arbeiten in physischen und kuratorischen Kontexten pr\u00e4sentiert werden.<\/p>\n<h3>DESIGNSCHULE<\/h3>\n<p>Ausbildung, Prozesse und grundlegende Arbeiten, entwickelt im Rahmen der Designausbildung.<\/p>\n<h3>DTU-PROJEKTE<\/h3>\n<p>Engineering-basierte Projekte mit Fokus auf Technologie, Systeme und angewandtes Experimentieren.<\/p>\n<p>Ein Beispiel f\u00fcr interdisziplin\u00e4re Kreativit\u00e4t finden Sie auch in unserer Modearbeit, etwa auf der Seite zu handgefertigter Herrenmode im d\u00e4nischen Design mit traditionellem Punjabi-Einfluss:<br \/>\n\ud83d\udc49 <a href=\"https:\/\/zlcopenhagen.com\/de\/handgemachte-herrenmode-daenisches-design-punjabi-tradition\/\">Handgefertigte Herrenmode \u2013 d\u00e4nisches Design trifft Punjabi-Tradition<\/a>.<\/p>\n<p>[\/spb_text_block]<\/p>\n","protected":false},"excerpt":{"rendered":"<p>[spb_text_block animation=&#8221;none&#8221; animation_delay=&#8221;0&#8243; simplified_controls=&#8221;yes&#8221; custom_css_percentage=&#8221;no&#8221; padding_vertical=&#8221;0&#8243; padding_horizontal=&#8221;0&#8243; margin_vertical=&#8221;0&#8243; custom_css=&#8221;margin-top: 0px;margin-bottom: 0px;&#8221; border_size=&#8221;0&#8243; border_styling_global=&#8221;default&#8221; width=&#8221;1\/1&#8243; el_position=&#8221;first last&#8221;] KREATIVE PRAXIS GEPR\u00c4GT DURCH NEUGIER UND ERKUNDUNG Dieser Raum pr\u00e4sentiert eine Auswahl an Arbeiten, die aus Neugier, Experimentieren und kontinuierlicher Auseinandersetzung entstanden sind. \u00dcber verschiedene Formate und Kontexte hinweg spiegelt die Arbeit eine zusammenh\u00e4ngende Denkweise wider \u2014 ausgedr\u00fcckt durch Kunst, Design und Engineering. ARBEITSBEREICHE [&hellip;]<\/p>\n","protected":false},"author":2,"featured_media":0,"parent":0,"menu_order":0,"comment_status":"closed","ping_status":"closed","template":"","meta":{"footnotes":""},"class_list":["post-55190","page","type-page","status-publish","hentry"],"yoast_head":"<!-- This site is optimized with the Yoast SEO Premium plugin v26.6 (Yoast SEO v27.6) - https:\/\/yoast.com\/product\/yoast-seo-premium-wordpress\/ -->\n<title>Work \u2014 Kreative Praxis in Kunst, Design und Engineering<\/title>\n<meta name=\"description\" content=\"Eine kreative Praxis gepr\u00e4gt von Neugier und Experimentieren \u2014 Arbeiten aus Kunst, Designausbildung und Engineering in einem interdisziplin\u00e4ren Kontext.\" \/>\n<meta name=\"robots\" content=\"index, follow, max-snippet:-1, max-image-preview:large, max-video-preview:-1\" \/>\n<link rel=\"canonical\" href=\"https:\/\/zlcopenhagen.com\/de\/work\/\" \/>\n<meta property=\"og:locale\" content=\"de_DE\" \/>\n<meta property=\"og:type\" content=\"article\" \/>\n<meta property=\"og:title\" content=\"ZLCOPENHAGEN | Cross-Cultural Menswear &amp; Ethical Style\" \/>\n<meta property=\"og:description\" content=\"Discover ZLCOPENHAGEN: Danish-Punjabi fusion in ethical menswear. Born from activism. Built on bold design. Worn with purpose.\" \/>\n<meta property=\"og:url\" content=\"https:\/\/zlcopenhagen.com\/de\/work\/\" \/>\n<meta property=\"og:site_name\" content=\"zlcopenhagen.com\" \/>\n<meta property=\"article:modified_time\" content=\"2026-01-09T05:38:16+00:00\" \/>\n<meta property=\"og:image\" content=\"https:\/\/zlcopenhagen.com\/wp-content\/uploads\/2014\/11\/zlc-.jpg\" \/>\n\t<meta property=\"og:image:width\" content=\"1908\" \/>\n\t<meta property=\"og:image:height\" content=\"1062\" \/>\n\t<meta property=\"og:image:type\" content=\"image\/jpeg\" \/>\n<meta name=\"twitter:card\" content=\"summary_large_image\" \/>\n<meta name=\"twitter:label1\" content=\"Gesch\u00e4tzte Lesezeit\" \/>\n\t<meta name=\"twitter:data1\" content=\"1\u00a0Minute\" \/>\n<!-- \/ Yoast SEO Premium plugin. -->","yoast_head_json":{"title":"Work \u2014 Kreative Praxis in Kunst, Design und Engineering","description":"Eine kreative Praxis gepr\u00e4gt von Neugier und Experimentieren \u2014 Arbeiten aus Kunst, Designausbildung und Engineering in einem interdisziplin\u00e4ren Kontext.","robots":{"index":"index","follow":"follow","max-snippet":"max-snippet:-1","max-image-preview":"max-image-preview:large","max-video-preview":"max-video-preview:-1"},"canonical":"https:\/\/zlcopenhagen.com\/de\/work\/","og_locale":"de_DE","og_type":"article","og_title":"ZLCOPENHAGEN | Cross-Cultural Menswear & Ethical Style","og_description":"Discover ZLCOPENHAGEN: Danish-Punjabi fusion in ethical menswear. Born from activism. Built on bold design. Worn with purpose.","og_url":"https:\/\/zlcopenhagen.com\/de\/work\/","og_site_name":"zlcopenhagen.com","article_modified_time":"2026-01-09T05:38:16+00:00","og_image":[{"width":1908,"height":1062,"url":"https:\/\/zlcopenhagen.com\/wp-content\/uploads\/2014\/11\/zlc-.jpg","type":"image\/jpeg"}],"twitter_card":"summary_large_image","twitter_misc":{"Gesch\u00e4tzte Lesezeit":"1\u00a0Minute"},"schema":{"@context":"https:\/\/schema.org","@graph":[{"@type":"WebPage","@id":"https:\/\/zlcopenhagen.com\/de\/work\/","url":"https:\/\/zlcopenhagen.com\/de\/work\/","name":"Work \u2014 Kreative Praxis in Kunst, Design und Engineering","isPartOf":{"@id":"https:\/\/zlcopenhagen.com\/#website"},"datePublished":"2026-01-08T10:34:21+00:00","dateModified":"2026-01-09T05:38:16+00:00","description":"Eine kreative Praxis gepr\u00e4gt von Neugier und Experimentieren \u2014 Arbeiten aus Kunst, Designausbildung und Engineering in einem interdisziplin\u00e4ren Kontext.","breadcrumb":{"@id":"https:\/\/zlcopenhagen.com\/de\/work\/#breadcrumb"},"inLanguage":"de","potentialAction":[{"@type":"ReadAction","target":["https:\/\/zlcopenhagen.com\/de\/work\/"]}]},{"@type":"BreadcrumbList","@id":"https:\/\/zlcopenhagen.com\/de\/work\/#breadcrumb","itemListElement":[{"@type":"ListItem","position":1,"name":"Home","item":"https:\/\/zlcopenhagen.com\/de\/"},{"@type":"ListItem","position":2,"name":"KREATIVE PRAXIS IN KUNST, DESIGN UND ENGINEERING"}]},{"@type":"WebSite","@id":"https:\/\/zlcopenhagen.com\/#website","url":"https:\/\/zlcopenhagen.com\/","name":"zlcopenhagen.com","description":"","publisher":{"@id":"https:\/\/zlcopenhagen.com\/#organization"},"potentialAction":[{"@type":"SearchAction","target":{"@type":"EntryPoint","urlTemplate":"https:\/\/zlcopenhagen.com\/?s={search_term_string}"},"query-input":{"@type":"PropertyValueSpecification","valueRequired":true,"valueName":"search_term_string"}}],"inLanguage":"de"},{"@type":["Organization","Place"],"@id":"https:\/\/zlcopenhagen.com\/#organization","name":"ZLCOPENHAGEN","alternateName":"ZLCOPENHAGEN","url":"https:\/\/zlcopenhagen.com\/","logo":{"@id":"https:\/\/zlcopenhagen.com\/de\/work\/#local-main-organization-logo"},"image":{"@id":"https:\/\/zlcopenhagen.com\/de\/work\/#local-main-organization-logo"},"sameAs":["https:\/\/www.youtube.com\/channel\/UCy7JINwB6DMr2fA9yHpDQJg"],"telephone":[],"openingHoursSpecification":[{"@type":"OpeningHoursSpecification","dayOfWeek":["Monday","Tuesday","Wednesday","Thursday","Friday","Saturday","Sunday"],"opens":"09:00","closes":"17:00"}]},{"@type":"ImageObject","inLanguage":"de","@id":"https:\/\/zlcopenhagen.com\/de\/work\/#local-main-organization-logo","url":"https:\/\/zlcopenhagen.com\/wp-content\/uploads\/2016\/05\/blog-logo.jpg","contentUrl":"https:\/\/zlcopenhagen.com\/wp-content\/uploads\/2016\/05\/blog-logo.jpg","width":68,"height":68,"caption":"ZLCOPENHAGEN"}]}},"_links":{"self":[{"href":"https:\/\/zlcopenhagen.com\/de\/wp-json\/wp\/v2\/pages\/55190","targetHints":{"allow":["GET"]}}],"collection":[{"href":"https:\/\/zlcopenhagen.com\/de\/wp-json\/wp\/v2\/pages"}],"about":[{"href":"https:\/\/zlcopenhagen.com\/de\/wp-json\/wp\/v2\/types\/page"}],"author":[{"embeddable":true,"href":"https:\/\/zlcopenhagen.com\/de\/wp-json\/wp\/v2\/users\/2"}],"replies":[{"embeddable":true,"href":"https:\/\/zlcopenhagen.com\/de\/wp-json\/wp\/v2\/comments?post=55190"}],"version-history":[{"count":3,"href":"https:\/\/zlcopenhagen.com\/de\/wp-json\/wp\/v2\/pages\/55190\/revisions"}],"predecessor-version":[{"id":55325,"href":"https:\/\/zlcopenhagen.com\/de\/wp-json\/wp\/v2\/pages\/55190\/revisions\/55325"}],"wp:attachment":[{"href":"https:\/\/zlcopenhagen.com\/de\/wp-json\/wp\/v2\/media?parent=55190"}],"curies":[{"name":"wp","href":"https:\/\/api.w.org\/{rel}","templated":true}]}}