{"id":46496,"date":"2025-05-02T21:28:46","date_gmt":"2025-05-02T20:28:46","guid":{"rendered":"https:\/\/zlcopenhagen.com\/hamas-case\/"},"modified":"2026-03-17T09:37:08","modified_gmt":"2026-03-17T08:37:08","slug":"hamas-case-terrorlisten","status":"publish","type":"page","link":"https:\/\/zlcopenhagen.com\/de\/hamas-case-terrorlisten\/","title":{"rendered":"MODSTANDSKRAFT, TERRORLISTNING OG HAMAS \u2013 EN JURIDISK ANALYSE"},"content":{"rendered":"<p>[spb_text_block animation=&#8221;none&#8221; animation_delay=&#8221;0&#8243; simplified_controls=&#8221;yes&#8221; custom_css_percentage=&#8221;no&#8221; padding_vertical=&#8221;0&#8243; padding_horizontal=&#8221;0&#8243; margin_vertical=&#8221;0&#8243; custom_css=&#8221;margin-top: 0px;margin-bottom: 0px;&#8221; border_size=&#8221;0&#8243; border_styling_global=&#8221;default&#8221; width=&#8221;1\/1&#8243; el_position=&#8221;first last&#8221;]<\/p>\n<p>Denne analyse indg\u00e5r i en bredere <a href=\"https:\/\/zlcopenhagen.com\/da\/begrebsanalyse\/\"><strong>begrebsanalyse<\/strong><\/a> af centrale politiske og juridiske begreber \u2013 herunder <a href=\"https:\/\/zlcopenhagen.com\/da\/kulturel-modstandskraft\/\" target=\"_blank\" rel=\"noopener\"><strong>kulturel modstandskraft<\/strong><\/a> og <a href=\"https:\/\/zlcopenhagen.com\/da\/aandelig-oprustning\/\" target=\"_blank\" rel=\"noopener\"><strong>\u00e5ndelig oprustning<\/strong><\/a> i demokratisk debat.<\/p>\n<p>Hvor kulturel modstandskraft vedr\u00f8rer et samfunds institutionelle og sociale robusthed under pres, ang\u00e5r \u00e5ndelig oprustning den v\u00e6rdim\u00e6ssige mobilisering, der kan opst\u00e5 i perioder pr\u00e6get af konflikt, identitetssp\u00f8rgsm\u00e5l og suver\u00e6nitetsdiskussioner.<\/p>\n<h2>HVEM HAR RETTEN TIL AT DEFINERE TERROR?<\/h2>\n<ul>\n<li>Hvad er en terrorliste i juridisk forstand?<\/li>\n<li>Hvilke kriterier anvendes ved klassifikation?<\/li>\n<li>Hvem har kompetencen til at tr\u00e6ffe beslutningen?<\/li>\n<li>Hvordan p\u00e5virker klassifikationen ytringsfrihed og politisk deltagelse?<\/li>\n<\/ul>\n<p>Begreber i sikkerhedspolitisk lovgivning er ikke blot sproglige mark\u00f8rer; de har retlige og institutionelle konsekvenser. En klassifikation som terrororganisation medf\u00f8rer typisk kriminalisering af visse former for st\u00f8tte, finansielle restriktioner og begr\u00e6nsninger i offentlig og diplomatisk interaktion.\u00a0Sp\u00f8rgsm\u00e5let er derfor ikke alene, om en organisation har beg\u00e5et voldelige handlinger, men efter hvilke retlige kriterier og gennem hvilke beslutningsprocesser betegnelsen anvendes.<\/p>\n<p>Er der tale om en fast juridisk kategori med universelle standarder? Eller er klassifikationen forankret i nationale sikkerhedsdoktriner og udenrigspolitiske vurderinger?\u00a0Som eksempel valgte Storbritannien i 2021 at klassificere hele Hamas \u2013 b\u00e5de den milit\u00e6re og politiske fl\u00f8j \u2013 som terrororganisation. Beslutningen havde karakter af en formel retsakt med vidtr\u00e6kkende juridiske konsekvenser.\u00a0Analysen her fokuserer p\u00e5 definitionsmagt, kriterier og retlige implikationer \u2013 ikke p\u00e5 slogans eller partipolitiske positioner.<\/p>\n<h2>CASE-STUDIER: POLITISKE ETIKETTER OG RETLIG AFGR\u00c6NSNING<\/h2>\n<p>Sp\u00f8rgsm\u00e5let om definitionsmagt aktualiseres ogs\u00e5 i nationale retssager, hvor betegnelser som \u201cnazist\u201d, \u201cislamist\u201d eller \u201cterrorsympatis\u00f8r\u201d indg\u00e5r i offentlig debat.<\/p>\n<p>Her opst\u00e5r et besl\u00e6gtet juridisk sp\u00f8rgsm\u00e5l: Hvorn\u00e5r er der tale om politiske v\u00e6rdidomme, og hvorn\u00e5r overskrides gr\u00e6nsen til \u00e6rekr\u00e6nkende faktiske beskyldninger?<\/p>\n<ul>\n<li><a href=\"https:\/\/zlcopenhagen.com\/da\/retssag-omar-marzouk-jotam-confino\/\">Del 1: Retssagens baggrund og hovedforhandling<\/a><\/li>\n<li><a href=\"https:\/\/zlcopenhagen.com\/da\/krydsforhoer-omar-marzouk-jotam-confino\/\">Del 2: Krydsforh\u00f8ret og sproglig afgr\u00e6nsning<\/a><\/li>\n<\/ul>\n<div class=\"analysis-box\">Serien indeholder juridisk og politisk analyse. Den gengiver ikke rettens afg\u00f8relser og repr\u00e6senterer ikke nogen organisation. Vurderinger er udtryk for redaktionel fortolkning baseret p\u00e5 offentligt tilg\u00e6ngelige kilder.<\/div>\n<p>&nbsp;<\/p>\n<p>[\/spb_text_block] [spb_text_block animation=&#8221;none&#8221; animation_delay=&#8221;0&#8243; simplified_controls=&#8221;yes&#8221; custom_css_percentage=&#8221;no&#8221; padding_vertical=&#8221;0&#8243; padding_horizontal=&#8221;0&#8243; margin_vertical=&#8221;0&#8243; custom_css=&#8221;margin-top: 0px;margin-bottom: 0px;&#8221; border_size=&#8221;0&#8243; border_styling_global=&#8221;default&#8221; width=&#8221;1\/1&#8243; el_position=&#8221;first last&#8221;]<\/p>\n<h3>HVEM HAR RETTEN TIL AT DEFINERE \u201cTERROR\u201d?<\/h3>\n<p>Sp\u00f8rgsm\u00e5let er ikke kun, om Hamas st\u00e5r p\u00e5 en terrorliste. Sp\u00f8rgsm\u00e5let er: Hvem har magten til at placere dem der \u2013 og efter hvilke kriterier?\u00a0En terrorliste er ikke natur. Den er en politisk beslutning.\u00a0Den bliver vedtaget af regeringer, parlamenter og sikkerhedsapparater. Den afspejler staters udenrigspolitiske interesser, sikkerhedsdoktriner og alliancer.\u00a0N\u00e5r en organisation klassificeres som terrororganisation, f\u00f8lger juridiske konsekvenser:<\/p>\n<blockquote><p><strong><em>Kriminalisering af st\u00f8tte<\/em><\/strong><br \/>\n<strong><em>Begr\u00e6nsning af ytringer<\/em><\/strong><br \/>\n<strong><em>Finansielle sanktioner<\/em><\/strong><br \/>\n<strong><em>Diplomatisk isolation<\/em><\/strong><\/p><\/blockquote>\n<p>Men klassifikationen i sig selv er et produkt af magt.\u00a0Det betyder ikke, at vold ikke findes. Det betyder ikke, at handlinger ikke kan kritiseres.\u00a0Det betyder, at etiketten \u201cterror\u201d er en <strong>statslig kategori \u2013 ikke en universel sandhed.\u00a0<\/strong>Derfor m\u00e5 analysen begynde d\u00e9r:<\/p>\n<blockquote><p><strong><em>Hvilke kriterier anvendes?<\/em><\/strong><br \/>\n<strong><em>Er de konsekvent anvendt globalt?<\/em><\/strong><br \/>\n<strong><em>Eller varierer de afh\u00e6ngigt af geopolitiske interesser?<\/em><\/strong><\/p><\/blockquote>\n<p>Hvis vi vil forst\u00e5 begrebet modstandskraft, m\u00e5 vi ogs\u00e5 forst\u00e5 definitionsmagten bag de ord, der former vores politiske virkelighed.<\/p>\n<p>[\/spb_text_block] [spb_raw_html width=&#8221;1\/1&#8243; el_position=&#8221;first last&#8221;]JTNDZGl2JTIwc3R5bGUlM0QlMjJwb3NpdGlvbiUzQSUyMHJlbGF0aXZlJTNCJTIwcGFkZGluZy1ib3R0b20lM0ElMjA1Ni4yNSUyNSUzQiUyMGhlaWdodCUzQSUyMDAlM0IlMjBvdmVyZmxvdyUzQSUyMGhpZGRlbiUzQiUyMG1heC13aWR0aCUzQSUyMDEwMCUyNSUzQiUyMiUzRSUwQSUyMCUyMCUzQ2lmcmFtZSUyMHNyYyUzRCUyMmh0dHBzJTNBJTJGJTJGd3d3LnlvdXR1YmUuY29tJTJGZW1iZWQlMkZpWkZnd0xyQ0hsTSUyMiUyMCUwQSUyMCUyMCUyMCUyMCUyMCUyMCUyMCUyMCUyMCUyMHRpdGxlJTNEJTIyVW5kZXJzdGFuZGluZyUyMEhhbWFzJTIwYW5kJTIwd2h5JTIwdGhhdCUyMG1hdHRlcnMlMjAlN0MlMjBIZWxlbmElMjBDb2JiYW4lMjAlN0MlMjBVTkFQT0xPR0VUSUMlMjIlMEElMjAlMjAlMjAlMjAlMjAlMjAlMjAlMjAlMjAlMjBzdHlsZSUzRCUyMnBvc2l0aW9uJTNBJTIwYWJzb2x1dGUlM0IlMjB0b3AlM0ElMjAwJTNCJTIwbGVmdCUzQSUyMDAlM0IlMjB3aWR0aCUzQSUyMDEwMCUyNSUzQiUyMGhlaWdodCUzQSUyMDEwMCUyNSUzQiUyMiUyMCUwQSUyMCUyMCUyMCUyMCUyMCUyMCUyMCUyMCUyMCUyMGZyYW1lYm9yZGVyJTNEJTIyMCUyMiUyMCUwQSUyMCUyMCUyMCUyMCUyMCUyMCUyMCUyMCUyMCUyMGFsbG93JTNEJTIyYWNjZWxlcm9tZXRlciUzQiUyMGF1dG9wbGF5JTNCJTIwY2xpcGJvYXJkLXdyaXRlJTNCJTIwZW5jcnlwdGVkLW1lZGlhJTNCJTIwZ3lyb3Njb3BlJTNCJTIwcGljdHVyZS1pbi1waWN0dXJlJTNCJTIwd2ViLXNoYXJlJTIyJTIwJTBBJTIwJTIwJTIwJTIwJTIwJTIwJTIwJTIwJTIwJTIwcmVmZXJyZXJwb2xpY3klM0QlMjJzdHJpY3Qtb3JpZ2luLXdoZW4tY3Jvc3Mtb3JpZ2luJTIyJTIwJTBBJTIwJTIwJTIwJTIwJTIwJTIwJTIwJTIwJTIwJTIwYWxsb3dmdWxsc2NyZWVuJTNFJTBBJTIwJTIwJTNDJTJGaWZyYW1lJTNFJTBBJTNDJTJGZGl2JTNFJTBB[\/spb_raw_html] [spb_blank_spacer height=&#8221;30px&#8221; width=&#8221;1\/1&#8243; el_position=&#8221;first last&#8221;] [spb_text_block animation=&#8221;none&#8221; animation_delay=&#8221;0&#8243; simplified_controls=&#8221;yes&#8221; custom_css_percentage=&#8221;no&#8221; padding_vertical=&#8221;0&#8243; padding_horizontal=&#8221;0&#8243; margin_vertical=&#8221;0&#8243; custom_css=&#8221;margin-top: 0px;margin-bottom: 0px;&#8221; border_size=&#8221;0&#8243; border_styling_global=&#8221;default&#8221; width=&#8221;1\/1&#8243; el_position=&#8221;first last&#8221;]<\/p>\n<h2>ANALYTISK RAMME OG FORMIDLING<\/h2>\n<p>Denne side f\u00f8lger og analyserer den juridiske proces, som advokaterne bag <a href=\"https:\/\/hamascase.com\" target=\"_blank\" rel=\"noopener\">HamasCase.com<\/a> f\u00f8rer ved britiske domstole.\u00a0Form\u00e5let er ikke at repr\u00e6sentere nogen part, men at unders\u00f8ge de retlige og demokratiske implikationer af statslig terrorlistning.\u00a0Analysen har tre fokusomr\u00e5der:<\/p>\n<ul>\n<li>Overs\u00e6ttelse og formidling af juridiske dokumenter<\/li>\n<li>Kontekstualisering af retlige argumenter i en offentlig debat<\/li>\n<li>Unders\u00f8gelse af forholdet mellem terrorlovgivning og ytringsfrihed<\/li>\n<\/ul>\n<p>Retssagen f\u00f8res i retten. Denne side behandler de juridiske sp\u00f8rgsm\u00e5l i et analytisk og offentligretligt perspektiv.<\/p>\n<p>[\/spb_text_block] [spb_blank_spacer height=&#8221;30px&#8221; width=&#8221;1\/1&#8243; el_position=&#8221;first last&#8221;] [spb_raw_html width=&#8221;1\/1&#8243; el_position=&#8221;first last&#8221;]JTNDZGl2JTIwc3R5bGUlM0QlMjJwb3NpdGlvbiUzQSUyMHJlbGF0aXZlJTNCJTIwcGFkZGluZy1ib3R0b20lM0ElMjA1Ni4yNSUyNSUzQiUyMGhlaWdodCUzQSUyMDAlM0IlMjBvdmVyZmxvdyUzQSUyMGhpZGRlbiUzQiUyMG1heC13aWR0aCUzQSUyMDEwMCUyNSUzQiUyMGhlaWdodCUzQSUyMGF1dG8lM0IlMjIlM0UlMEElMjAlMjAlM0NpZnJhbWUlMjBzcmMlM0QlMjJodHRwcyUzQSUyRiUyRnd3dy55b3V0dWJlLmNvbSUyRmVtYmVkJTJGUm85SndWcHJzcXMlMjIlMjAlMEElMjAlMjAlMjAlMjAlMjAlMjAlMjAlMjAlMjAlMjB0aXRsZSUzRCUyMkhhbWFzJTIwdnMuJTIwVUslMjBHb3YlMjBjYXNlJTIwZXhwbGFpbmVkJTIwJTI4ZnQuJTIwbGF3eWVyJTIwRGFuaWVsJTIwR3IlQzMlQkN0dGVycyUyOSUyMiUyMCUwQSUyMCUyMCUyMCUyMCUyMCUyMCUyMCUyMCUyMCUyMGZyYW1lYm9yZGVyJTNEJTIyMCUyMiUyMCUwQSUyMCUyMCUyMCUyMCUyMCUyMCUyMCUyMCUyMCUyMGFsbG93JTNEJTIyYWNjZWxlcm9tZXRlciUzQiUyMGF1dG9wbGF5JTNCJTIwY2xpcGJvYXJkLXdyaXRlJTNCJTIwZW5jcnlwdGVkLW1lZGlhJTNCJTIwZ3lyb3Njb3BlJTNCJTIwcGljdHVyZS1pbi1waWN0dXJlJTNCJTIwd2ViLXNoYXJlJTIyJTIwJTBBJTIwJTIwJTIwJTIwJTIwJTIwJTIwJTIwJTIwJTIwcmVmZXJyZXJwb2xpY3klM0QlMjJzdHJpY3Qtb3JpZ2luLXdoZW4tY3Jvc3Mtb3JpZ2luJTIyJTIwJTBBJTIwJTIwJTIwJTIwJTIwJTIwJTIwJTIwJTIwJTIwYWxsb3dmdWxsc2NyZWVuJTIwJTBBJTIwJTIwJTIwJTIwJTIwJTIwJTIwJTIwJTIwJTIwc3R5bGUlM0QlMjJwb3NpdGlvbiUzQSUyMGFic29sdXRlJTNCJTIwdG9wJTNBJTIwMCUzQiUyMGxlZnQlM0ElMjAwJTNCJTIwd2lkdGglM0ElMjAxMDAlMjUlM0IlMjBoZWlnaHQlM0ElMjAxMDAlMjUlM0IlMjIlM0UlMEElMjAlMjAlM0MlMkZpZnJhbWUlM0UlMEElM0MlMkZkaXYlM0UlMEE=[\/spb_raw_html] [spb_blank_spacer height=&#8221;30px&#8221; width=&#8221;1\/1&#8243; el_position=&#8221;first last&#8221;] [spb_text_block animation=&#8221;none&#8221; animation_delay=&#8221;0&#8243; simplified_controls=&#8221;yes&#8221; custom_css_percentage=&#8221;no&#8221; padding_vertical=&#8221;0&#8243; padding_horizontal=&#8221;0&#8243; margin_vertical=&#8221;0&#8243; custom_css=&#8221;margin-top: 0px;margin-bottom: 0px;&#8221; border_size=&#8221;0&#8243; border_styling_global=&#8221;default&#8221; width=&#8221;1\/1&#8243; el_position=&#8221;first last&#8221;]<\/p>\n<h2>RELEVANTE EMNER OG BEGREBER<\/h2>\n<p>Analysen relaterer sig til organisationers retlige status, terrorlistning,<br \/>\nklassifikationskriterier og politisk bev\u00e6gelseshistorie \u2013 herunder Hamas\u2019<br \/>\norganisatoriske struktur, historiske udvikling, chartergrundlag og placering p\u00e5 nationale og internationale terrorlister.<\/p>\n<hr \/>\n<h3>VIDERE L\u00c6SNING<\/h3>\n<p><a href=\"https:\/\/zlcopenhagen.com\/da\/kulturel-modstandskraft\/\" target=\"_blank\" rel=\"noopener\">Kulturel modstandskraft \u2013 begreb og samfundsanalyse<br \/>\n<\/a><\/p>\n<p><a href=\"https:\/\/zlcopenhagen.com\/da\/aandelig-oprustning\/\" target=\"_blank\" rel=\"noopener\">\u00c5ndelig oprustning \u2013 retorik og politisk mobilisering<br \/>\n<\/a><\/p>\n<p><a href=\"https:\/\/zlcopenhagen.com\/de\/the-information-war-hamas-charter\/\" target=\"_blank\" rel=\"noopener\">Hamas\u2019 charter og ideologisk baggrund<br \/>\n<\/a><\/p>\n<p><a href=\"https:\/\/zlcopenhagen.com\/da\/terrorbilligelse-i-danmark\/\" target=\"_blank\" rel=\"noopener\">Terrorbilligelse i Danmark \u2013 juridisk analyse<br \/>\n<\/a><\/p>\n<hr \/>\n<h3>KONKLUSION<\/h3>\n<p>En seri\u00f8s analyse kr\u00e6ver sondring mellem <em>klassifikation<\/em>, <em>retorik<\/em> og <em>retlig realitet<\/em>. Juridisk pr\u00e6cision i begrebsbrug og klarhed om beslutningskompetence er afg\u00f8rende for at forst\u00e5, hvordan betegnelser som \u201cterror\u201d p\u00e5virker ytringsfrihed, international ret og demokratisk debat.<\/p>\n<p>[\/spb_text_block]<\/p>\n","protected":false},"excerpt":{"rendered":"<p>[spb_text_block animation=&#8221;none&#8221; animation_delay=&#8221;0&#8243; simplified_controls=&#8221;yes&#8221; custom_css_percentage=&#8221;no&#8221; padding_vertical=&#8221;0&#8243; padding_horizontal=&#8221;0&#8243; margin_vertical=&#8221;0&#8243; custom_css=&#8221;margin-top: 0px;margin-bottom: 0px;&#8221; border_size=&#8221;0&#8243; border_styling_global=&#8221;default&#8221; width=&#8221;1\/1&#8243; el_position=&#8221;first last&#8221;] Denne analyse indg\u00e5r i en bredere begrebsanalyse af centrale politiske og juridiske begreber \u2013 herunder kulturel modstandskraft og \u00e5ndelig oprustning i demokratisk debat. Hvor kulturel modstandskraft vedr\u00f8rer et samfunds institutionelle og sociale robusthed under pres, ang\u00e5r \u00e5ndelig oprustning den v\u00e6rdim\u00e6ssige mobilisering, der kan opst\u00e5 [&hellip;]<\/p>\n","protected":false},"author":2,"featured_media":0,"parent":0,"menu_order":0,"comment_status":"closed","ping_status":"closed","template":"","meta":{"footnotes":""},"class_list":["post-46496","page","type-page","status-publish","hentry"],"yoast_head":"<!-- This site is optimized with the Yoast SEO Premium plugin v26.6 (Yoast SEO v27.6) - https:\/\/yoast.com\/product\/yoast-seo-premium-wordpress\/ -->\n<title>Modstandskraft og Hamas \u2013 Terrorliste og Juridisk Analyse<\/title>\n<meta name=\"description\" content=\"Hvad betyder det, n\u00e5r en organisation s\u00e6ttes p\u00e5 en terrorliste? Analyse af Hamas, terrorlistning og begrebet modstandskraft i en juridisk kontekst.\" \/>\n<meta name=\"robots\" content=\"index, follow, max-snippet:-1, max-image-preview:large, max-video-preview:-1\" \/>\n<link rel=\"canonical\" href=\"https:\/\/zlcopenhagen.com\/de\/hamas-case-terrorlisten\/\" \/>\n<meta property=\"og:locale\" content=\"de_DE\" \/>\n<meta property=\"og:type\" content=\"article\" \/>\n<meta property=\"og:title\" content=\"ZLCOPENHAGEN | Cross-Cultural Menswear &amp; Ethical Style\" \/>\n<meta property=\"og:description\" content=\"Discover ZLCOPENHAGEN: Danish-Punjabi fusion in ethical menswear. Born from activism. Built on bold design. Worn with purpose.\" \/>\n<meta property=\"og:url\" content=\"https:\/\/zlcopenhagen.com\/de\/hamas-case-terrorlisten\/\" \/>\n<meta property=\"og:site_name\" content=\"zlcopenhagen.com\" \/>\n<meta property=\"article:modified_time\" content=\"2026-03-17T08:37:08+00:00\" \/>\n<meta property=\"og:image\" content=\"https:\/\/zlcopenhagen.com\/wp-content\/uploads\/2014\/11\/zlc-.jpg\" \/>\n\t<meta property=\"og:image:width\" content=\"1908\" \/>\n\t<meta property=\"og:image:height\" content=\"1062\" \/>\n\t<meta property=\"og:image:type\" content=\"image\/jpeg\" \/>\n<meta name=\"twitter:card\" content=\"summary_large_image\" \/>\n<meta name=\"twitter:label1\" content=\"Gesch\u00e4tzte Lesezeit\" \/>\n\t<meta name=\"twitter:data1\" content=\"3\u00a0Minuten\" \/>\n<!-- \/ Yoast SEO Premium plugin. -->","yoast_head_json":{"title":"Modstandskraft og Hamas \u2013 Terrorliste og Juridisk Analyse","description":"Hvad betyder det, n\u00e5r en organisation s\u00e6ttes p\u00e5 en terrorliste? Analyse af Hamas, terrorlistning og begrebet modstandskraft i en juridisk kontekst.","robots":{"index":"index","follow":"follow","max-snippet":"max-snippet:-1","max-image-preview":"max-image-preview:large","max-video-preview":"max-video-preview:-1"},"canonical":"https:\/\/zlcopenhagen.com\/de\/hamas-case-terrorlisten\/","og_locale":"de_DE","og_type":"article","og_title":"ZLCOPENHAGEN | Cross-Cultural Menswear & Ethical Style","og_description":"Discover ZLCOPENHAGEN: Danish-Punjabi fusion in ethical menswear. Born from activism. Built on bold design. Worn with purpose.","og_url":"https:\/\/zlcopenhagen.com\/de\/hamas-case-terrorlisten\/","og_site_name":"zlcopenhagen.com","article_modified_time":"2026-03-17T08:37:08+00:00","og_image":[{"width":1908,"height":1062,"url":"https:\/\/zlcopenhagen.com\/wp-content\/uploads\/2014\/11\/zlc-.jpg","type":"image\/jpeg"}],"twitter_card":"summary_large_image","twitter_misc":{"Gesch\u00e4tzte Lesezeit":"3\u00a0Minuten"},"schema":{"@context":"https:\/\/schema.org","@graph":[{"@type":"WebPage","@id":"https:\/\/zlcopenhagen.com\/de\/hamas-case-terrorlisten\/","url":"https:\/\/zlcopenhagen.com\/de\/hamas-case-terrorlisten\/","name":"Modstandskraft og Hamas \u2013 Terrorliste og Juridisk Analyse","isPartOf":{"@id":"https:\/\/zlcopenhagen.com\/#website"},"datePublished":"2025-05-02T20:28:46+00:00","dateModified":"2026-03-17T08:37:08+00:00","description":"Hvad betyder det, n\u00e5r en organisation s\u00e6ttes p\u00e5 en terrorliste? Analyse af Hamas, terrorlistning og begrebet modstandskraft i en juridisk kontekst.","breadcrumb":{"@id":"https:\/\/zlcopenhagen.com\/de\/hamas-case-terrorlisten\/#breadcrumb"},"inLanguage":"de","potentialAction":[{"@type":"ReadAction","target":["https:\/\/zlcopenhagen.com\/de\/hamas-case-terrorlisten\/"]}]},{"@type":"BreadcrumbList","@id":"https:\/\/zlcopenhagen.com\/de\/hamas-case-terrorlisten\/#breadcrumb","itemListElement":[{"@type":"ListItem","position":1,"name":"Home","item":"https:\/\/zlcopenhagen.com\/de\/"},{"@type":"ListItem","position":2,"name":"MODSTANDSKRAFT, TERRORLISTNING OG HAMAS \u2013 EN JURIDISK ANALYSE"}]},{"@type":"WebSite","@id":"https:\/\/zlcopenhagen.com\/#website","url":"https:\/\/zlcopenhagen.com\/","name":"zlcopenhagen.com","description":"","publisher":{"@id":"https:\/\/zlcopenhagen.com\/#organization"},"potentialAction":[{"@type":"SearchAction","target":{"@type":"EntryPoint","urlTemplate":"https:\/\/zlcopenhagen.com\/?s={search_term_string}"},"query-input":{"@type":"PropertyValueSpecification","valueRequired":true,"valueName":"search_term_string"}}],"inLanguage":"de"},{"@type":["Organization","Place"],"@id":"https:\/\/zlcopenhagen.com\/#organization","name":"ZLCOPENHAGEN","alternateName":"ZLCOPENHAGEN","url":"https:\/\/zlcopenhagen.com\/","logo":{"@id":"https:\/\/zlcopenhagen.com\/de\/hamas-case-terrorlisten\/#local-main-organization-logo"},"image":{"@id":"https:\/\/zlcopenhagen.com\/de\/hamas-case-terrorlisten\/#local-main-organization-logo"},"sameAs":["https:\/\/www.youtube.com\/channel\/UCy7JINwB6DMr2fA9yHpDQJg"],"telephone":[],"openingHoursSpecification":[{"@type":"OpeningHoursSpecification","dayOfWeek":["Monday","Tuesday","Wednesday","Thursday","Friday","Saturday","Sunday"],"opens":"09:00","closes":"17:00"}]},{"@type":"ImageObject","inLanguage":"de","@id":"https:\/\/zlcopenhagen.com\/de\/hamas-case-terrorlisten\/#local-main-organization-logo","url":"https:\/\/zlcopenhagen.com\/wp-content\/uploads\/2016\/05\/blog-logo.jpg","contentUrl":"https:\/\/zlcopenhagen.com\/wp-content\/uploads\/2016\/05\/blog-logo.jpg","width":68,"height":68,"caption":"ZLCOPENHAGEN"}]}},"_links":{"self":[{"href":"https:\/\/zlcopenhagen.com\/de\/wp-json\/wp\/v2\/pages\/46496","targetHints":{"allow":["GET"]}}],"collection":[{"href":"https:\/\/zlcopenhagen.com\/de\/wp-json\/wp\/v2\/pages"}],"about":[{"href":"https:\/\/zlcopenhagen.com\/de\/wp-json\/wp\/v2\/types\/page"}],"author":[{"embeddable":true,"href":"https:\/\/zlcopenhagen.com\/de\/wp-json\/wp\/v2\/users\/2"}],"replies":[{"embeddable":true,"href":"https:\/\/zlcopenhagen.com\/de\/wp-json\/wp\/v2\/comments?post=46496"}],"version-history":[{"count":26,"href":"https:\/\/zlcopenhagen.com\/de\/wp-json\/wp\/v2\/pages\/46496\/revisions"}],"predecessor-version":[{"id":60389,"href":"https:\/\/zlcopenhagen.com\/de\/wp-json\/wp\/v2\/pages\/46496\/revisions\/60389"}],"wp:attachment":[{"href":"https:\/\/zlcopenhagen.com\/de\/wp-json\/wp\/v2\/media?parent=46496"}],"curies":[{"name":"wp","href":"https:\/\/api.w.org\/{rel}","templated":true}]}}