{"id":36742,"date":"2024-10-22T20:07:47","date_gmt":"2024-10-22T19:07:47","guid":{"rendered":"https:\/\/zlcopenhagen.com\/zahids-blog\/"},"modified":"2024-11-09T14:26:05","modified_gmt":"2024-11-09T13:26:05","slug":"zahids-tagebuch-de","status":"publish","type":"page","link":"https:\/\/zlcopenhagen.com\/de\/zahids-tagebuch-de\/","title":{"rendered":"TAGEBUCH VON ZAHID \u2013 PERS\u00d6NLICHE GESCHICHTEN EINES GRENZG\u00c4NGERS"},"content":{"rendered":"<p>[spb_text_block animation=&#8221;none&#8221; animation_delay=&#8221;0&#8243; simplified_controls=&#8221;yes&#8221; custom_css_percentage=&#8221;no&#8221; padding_vertical=&#8221;0&#8243; padding_horizontal=&#8221;0&#8243; margin_vertical=&#8221;0&#8243; custom_css=&#8221;margin-top: 0px;margin-bottom: 0px;&#8221; border_size=&#8221;0&#8243; border_styling_global=&#8221;default&#8221; width=&#8221;1\/1&#8243; el_position=&#8221;first last&#8221;]<\/p>\n<h1>MOJN MOJN<\/h1>\n<h2>HALLO LIEBE LEUTE<\/h2>\n<p>Das ist unser Gru\u00df hier im Grenzland! \u201eMojn\u201c \u2013 oder auch \u201eM\u00f8jn\u201c oder \u201eM\u00f8jn M\u00f8jn\u201c \u2013 ist eine alte Begr\u00fc\u00dfung, die sowohl auf D\u00e4nisch als auch auf Deutsch in Norddeutschland und S\u00f8nderjylland verwendet wird. Es ist ein universeller Gru\u00df, der \u201eHallo\u201c und \u201eTsch\u00fcss\u201c bedeuten kann und aus dem Friesischen und Plattdeutschen stammt. Egal, ob es sonnig oder regnerisch ist, \u201eMojn\u201c bringt immer ein bisschen W\u00e4rme und regionalen Charme mit sich.<\/p>\n<p>Mojn und willkommen in meinem Tagebuch-Blog! Hier teile ich pers\u00f6nliche Geschichten \u00fcber mein Leben als Grenzg\u00e4nger zwischen D\u00e4nemark und Deutschland. Ich bin mit einer guten Mischung aus \u201eBamses Billedbog\u201c und \u201eSesamstra\u00dfe\u201c aufgewachsen, und all diese kleinen Dinge meiner Kindheit haben meine kulturelle Identit\u00e4t gepr\u00e4gt.<\/p>\n<p>Mein Blog-Tagebuch ist voller Dinge, die mir wichtig sind. Manchmal geht es um meine Reisen, manchmal um Erinnerungen, die mich daran erinnern, wer ich bin. Willkommen in meinem Reise-Tagebuch f\u00fcr ein Leben zwischen den Grenzen und Kulturen!<\/p>\n<p>[\/spb_text_block] [spb_text_block animation=&#8221;none&#8221; animation_delay=&#8221;0&#8243; simplified_controls=&#8221;yes&#8221; custom_css_percentage=&#8221;no&#8221; padding_vertical=&#8221;0&#8243; padding_horizontal=&#8221;0&#8243; margin_vertical=&#8221;0&#8243; custom_css=&#8221;margin-top: 0px;margin-bottom: 0px;&#8221; border_size=&#8221;0&#8243; border_styling_global=&#8221;default&#8221; width=&#8221;1\/1&#8243; el_position=&#8221;first last&#8221;]<\/p>\n<h2>HEISS &amp; FRISCH: NEUES AUS DEM ZLCOPENHAGEN-TAGEBUCH<\/h2>\n<p>Tauche ein in die hei\u00dfesten Beitr\u00e4ge meines Blogs \u2013 mit knackigen Updates, aufregenden News und allem, was mein Universum zu bieten hat. Die Texte sind auf Englisch, damit wirklich jeder dabei sein kann. Viel Spa\u00df beim St\u00f6bern!<\/p>\n<h3>LUST, DEINE STIMME HIER ZU H\u00d6REN?<\/h3>\n<p>Mein Blog ist mehr als nur Worte \u2013 er ist ein Ort f\u00fcr <strong>Sammenhalt<\/strong> und hei\u00dfe Inspiration. Bist du ein Influencer, YouTuber oder einfach ein Typ mit Meinung? Dann melde dich bei mir! Ich suche Jungs, die ehrlich Feedback geben und keine Angst davor haben, ihre Meinung zu sagen \u2013 ob es um hei\u00dfe Speedos, knackige Kerle im Fitnessstudio oder coole Unterw\u00e4sche geht. Ich will deine echte, ungefilterte Meinung h\u00f6ren.<\/p>\n<p>Ich arbeite bereits mit M\u00e4nnern zusammen, die den Mut haben, ihre Stimme laut zu erheben. Hier z\u00e4hlt <strong>deine Stimme<\/strong>, und ich glaube daran, dass echter Austausch und ein offener Dialog das Leben noch hei\u00dfer machen. Wenn du also Lust hast, frischen Wind und ein bisschen Spannung reinzubringen, lerne mein Team <a href=\"https:\/\/zlcopenhagen.com\/de\/\" target=\"_new\" rel=\"noopener\">hier<\/a> kennen.<\/p>\n<h3>SEI DABEI UND ERLEBE UNSERE PRODUKTE<\/h3>\n<p>Schreib mir \u2013 ich bin gespannt auf deine Ideen, deinen Style und was du zu bieten hast. Lass uns zusammen dieses Universum noch spannender machen. Kontaktiere mich auf Instagram oder per E-Mail an <a rel=\"noopener\">info@zlcopehagen.com<\/a> und lass uns gemeinsam etwas Gro\u00dfartiges auf die Beine stellen!<\/p>\n<p>[\/spb_text_block] [spb_blog blog_type=&#8221;masonry&#8221; gutters=&#8221;yes&#8221; columns=&#8221;5&#8243; fullwidth=&#8221;yes&#8221; item_count=&#8221;20&#8243; category=&#8221;bollywood-de, cultur-clash-de, my-diary-de, poetry-de, islam-de, art-de&#8221; offset=&#8221;0&#8243; order_by=&#8221;date&#8221; order=&#8221;DESC&#8221; show_title=&#8221;yes&#8221; show_excerpt=&#8221;yes&#8221; show_details=&#8221;yes&#8221; excerpt_length=&#8221;20&#8243; content_output=&#8221;excerpt&#8221; show_read_more=&#8221;yes&#8221; social_integration=&#8221;no&#8221; blog_filter=&#8221;yes&#8221; pagination=&#8221;infinite-scroll&#8221; alt_styling=&#8221;no&#8221; width=&#8221;1\/1&#8243; el_position=&#8221;first last&#8221;] [spb_text_block animation=&#8221;none&#8221; animation_delay=&#8221;0&#8243; simplified_controls=&#8221;yes&#8221; custom_css_percentage=&#8221;no&#8221; padding_vertical=&#8221;0&#8243; padding_horizontal=&#8221;0&#8243; margin_vertical=&#8221;0&#8243; custom_css=&#8221;margin-top: 0px;margin-bottom: 0px;&#8221; border_size=&#8221;0&#8243; border_styling_global=&#8221;default&#8221; width=&#8221;1\/1&#8243; el_position=&#8221;first last&#8221;]<\/p>\n<h2>MEINE GETEILTE KINDHEIT IN EINER GETEILTEN GESELLSCHAFT, MIT EINER GETEILTEN SEELE<\/h2>\n<p>Als Kind in Nordschleswig war ich ein unschuldiges Kind, frei in der Natur und voller Tr\u00e4ume. Ich sammelte Quallen mit Inge am Ufer, w\u00e4hrend die Wellen sanft ans Land schlugen, und ich f\u00fchlte mich zuhause in der Einfachheit und Sch\u00f6nheit, die die Natur mir bot. Doch wenn man mit einer anderen Herkunft aufw\u00e4chst und versucht, sich zu integrieren, trifft man oft auf eine andere Realit\u00e4t \u2013 eine Welt, in der man st\u00e4ndig bewertet und hinterfragt wird, wie Frederik Vad es sagte:<\/p>\n<p>In D\u00e4nemark reichen Beruf, Bildung und ein einwandfreies F\u00fchrungszeugnis nicht aus f\u00fcr Menschen mit einer anderen ethnischen Herkunft. Man wird immer noch misstrauisch be\u00e4ugt, die Loyalit\u00e4t wird hinterfragt, als m\u00fcssten wir beweisen, dass wir das Recht haben, hier dazuzugeh\u00f6ren.<\/p>\n<p>Ich bin es leid, einem System gerecht werden zu m\u00fcssen, das st\u00e4ndig verlangt, meine Existenz zu rechtfertigen. Der 7. Oktober 2023 wurde zu einem Tag der Befreiung f\u00fcr mich. An diesem Tag erkannte ich, dass ich mich nicht l\u00e4nger von den Erwartungen anderer oder von den Vorurteilen der Gesellschaft einschr\u00e4nken lassen wollte. Jetzt k\u00e4mpfe ich f\u00fcr diejenigen, die unterdr\u00fcckt werden, f\u00fcr diejenigen, die gezwungen werden, ihren Wert zu beweisen. Dieser Tag markiert den Anfang meiner Reise \u2013 einen Kampf f\u00fcr Gerechtigkeit, f\u00fcr meine eigene Freiheit und die Freiheit anderer.<\/p>\n<h2>7. OKTOBER 2023 \u2013 TAG DER BEFREIUNG<\/h2>\n<p>Nach dem 7. Oktober 2023 ver\u00e4nderte sich etwas Grundlegendes in mir. Es war wie ein Nadelstich, der eine Blase der Unwissenheit zum Platzen brachte und die Realit\u00e4t offenlegte. Dieses Wort benutzte Nina, und ich habe mich noch nie zuvor so genau verstanden gef\u00fchlt \u2013 es war, als w\u00e4re die Welt auf eine Weise entbl\u00f6\u00dft worden, die ich bisher nicht gesehen hatte. Meine Kindheit in Apenrade war immer von den starken Gegens\u00e4tzen gepr\u00e4gt, die es in einem Land wie D\u00e4nemark gibt, aber jetzt war alles sch\u00e4rfer und klarer als je zuvor.<\/p>\n<h3>ICH LEBE LIEBER MIT W\u00dcRDE, ALS EINE L\u00dcGE ZU LEBEN<\/h3>\n<p>Ich bin in einem D\u00e4nemark aufgewachsen, das einerseits mein Zuhause war und andererseits ein Ort, an dem ich mich stets ein wenig fremd f\u00fchlte. Ein stolzer Muslim in einem Land wie D\u00e4nemark zu sein, bedeutet, dass ich meinen Platz nicht einfach selbstverst\u00e4ndlich einnehmen konnte; ich musste ihn mir selbst schaffen. In Apenrade wuchs ich mit Werten auf, die ich von meiner Familie und meinem Glauben lernte, und diese Werte sind stets das Fundament meines Lebens gewesen. Doch ich bin nicht der Einzige, der von diesen Landschaften gepr\u00e4gt wurde \u2013 ein paar Jahre vor mir wuchs Nina in Sonderburg auf, und ihre Pr\u00e4gung war von anderen Erlebnissen und Erfahrungen bestimmt. Wir sind im selben Land aufgewachsen, mit ein paar Jahren Unterschied, doch unsere Realit\u00e4ten und unser Bild von D\u00e4nemark waren oft grundverschieden.<\/p>\n<p>Nach dem 7.10 konnte ich diese Unterschiede nicht l\u00e4nger ignorieren. Ich sehe nun eine Nation, die auf der einen Seite Rechte und Freiheit preist, aber auf der anderen Seite grundlegende Menschenrechte \u00fcbersieht. Diese Offenbarung war eine enorme Erkenntnis f\u00fcr mich \u2013 pl\u00f6tzlich f\u00fchlte sich mein Engagement als Designer und mein Einsatz f\u00fcr Gerechtigkeit nicht mehr nur wie eine pers\u00f6nliche Entscheidung an, sondern wie eine Notwendigkeit. D\u00e4nemark muss erkennen, dass ein tiefes Bed\u00fcrfnis besteht, alle Menschen zu verstehen und zu respektieren, unabh\u00e4ngig von ihrer Herkunft. Das ist die Reise, auf der ich mich jetzt befinde \u2013 ein Leben, das in Apenrade begann, aber erst jetzt mit offenen Augen und einer klaren Vision neue Formen annimmt.<\/p>\n<p>[\/spb_text_block] [spb_recent_posts display_type=&#8221;standard-row&#8221; carousel=&#8221;yes&#8221; item_columns=&#8221;5&#8243; item_count=&#8221;4&#8243; category=&#8221;art-de, bollywood-de, fashion-de, my-diary-de, poetry-de&#8221; offset=&#8221;0&#8243; posts_order=&#8221;DESC&#8221; excerpt_length=&#8221;20&#8243; fullwidth=&#8221;no&#8221; gutters=&#8221;yes&#8221; button_enabled=&#8221;no&#8221; pagination=&#8221;yes&#8221; width=&#8221;1\/1&#8243; el_position=&#8221;first last&#8221;] [spb_text_block animation=&#8221;none&#8221; animation_delay=&#8221;0&#8243; simplified_controls=&#8221;yes&#8221; custom_css_percentage=&#8221;no&#8221; padding_vertical=&#8221;0&#8243; padding_horizontal=&#8221;0&#8243; margin_vertical=&#8221;0&#8243; custom_css=&#8221;margin-top: 0px;margin-bottom: 0px;&#8221; border_size=&#8221;0&#8243; border_styling_global=&#8221;default&#8221; width=&#8221;1\/1&#8243; el_position=&#8221;first last&#8221;]<\/p>\n<h2>NEUIGKEITEN IM ZLCOPENHAGEN BLOG<\/h2>\n<p>Entdecke die neuesten Blogposts mit spannenden Updates und Artikeln aus meinem Universum. Alle Texte sind auf Englisch geschrieben, um es dir einfacher zu machen. Viel Spa\u00df beim Lesen!<\/p>\n<p><strong>M\u00d6CHTEST DU MEIN NEUER BLOGGER WERDEN?<\/strong><\/p>\n<p>Liebst du das Bloggen, oder bist du Influencer oder <a href=\"https:\/\/www.youtube.com\/@zlcopenhagen\" target=\"_blank\" rel=\"noopener\">YouTuber<\/a>? Dann melde dich bei mir! Ich suche jemanden, der ehrliche Bewertungen zu meinen Produkten schreibt. Meine Auswahl reicht von Sonnenbrillen bis hin zu Unterw\u00e4sche f\u00fcr selbstbewusste M\u00e4nner. Du kannst meine Produkte testen und deine ehrliche Meinung abgeben und mit mir teilen.<\/p>\n<p>Ich arbeite bereits mit verschiedenen Leuten zusammen \u2013 jeder bringt eigene Erfahrungen und Perspektiven ein. Ich glaube an den Austausch von Wissen und die Schaffung starker Partnerschaften f\u00fcr ein gesundes Gesch\u00e4ft. Deswegen suche ich immer nach neuen Partnern, wie Bloggern, Vloggern, Fotografen, Models und mehr. Lerne mein Team <a href=\"https:\/\/zlcopenhagen.com\/de\/\" target=\"_new\" rel=\"noopener\">hier<\/a> kennen.<\/p>\n<p><strong>KOMM VORBEI UND TESTE MEINE PRODUKTE KOSTENLOS<\/strong><\/p>\n<p>Lass von dir h\u00f6ren! Ich freue mich darauf, mehr \u00fcber deine Erfahrungen und F\u00e4higkeiten zu erfahren und zu sehen, wie wir eine inspirierende Zusammenarbeit gestalten k\u00f6nnen. Kontaktiere mich \u00fcber Instagram oder schreibe mir an <a rel=\"noopener\">info@zlcopenhagen.com<\/a> mit deinem Namen und deinen Ideen \u2013 ich melde mich so schnell wie m\u00f6glich bei dir!<\/p>\n<p>[\/spb_text_block] [spb_text_block animation=&#8221;none&#8221; animation_delay=&#8221;0&#8243; simplified_controls=&#8221;yes&#8221; custom_css_percentage=&#8221;no&#8221; padding_vertical=&#8221;0&#8243; padding_horizontal=&#8221;0&#8243; margin_vertical=&#8221;0&#8243; custom_css=&#8221;margin-top: 0px;margin-bottom: 0px;&#8221; border_size=&#8221;0&#8243; border_styling_global=&#8221;default&#8221; width=&#8221;1\/1&#8243; el_position=&#8221;first last&#8221;]<\/p>\n<h2>WELLNESS-TRAINING F\u00dcR M\u00c4NNER<\/h2>\n<p>F\u00fcr mich gibt es nichts Sch\u00f6neres, als einen Adonis zu betrachten \u2013 stark, selbstbewusst, einfach ein Anblick! Und noch besser, wenn ich ihm nahe kommen und diese Kraft sp\u00fcren kann. Unser <a href=\"https:\/\/zlcopenhagen.com\/de\/wellness-spa-beckenbodentraining-mann\/\" target=\"_new\" rel=\"noopener\">Wellness-Training<\/a> bringt M\u00e4nner in Bestform, damit sie sich selbst als wahre Adonis f\u00fchlen. Hast du Fragen? Dann schau bei unserem <a href=\"https:\/\/zlcopenhagen.com\/de\/kunden-service\/\" target=\"_new\" rel=\"noopener\">Kundenservice<\/a> vorbei oder finde die perfekte Passform in unserer <a href=\"https:\/\/zlcopenhagen.com\/de\/masstabelle-perfekte-passform-online-shopping\/\" target=\"_new\" rel=\"noopener\">Ma\u00dftabelle<\/a> \u2013 besonders praktisch, wenn dein Freund <em>so richtig gro\u00df<\/em> ist!<\/p>\n<p>[\/spb_text_block] [spb_raw_html width=&#8221;1\/1&#8243; el_position=&#8221;first last&#8221;]JTNDaWZyYW1lJTIwd2lkdGglM0QlMjIxNzk1JTIyJTIwaGVpZ2h0JTNEJTIyNjg1JTIyJTIwc3JjJTNEJTIyaHR0cHMlM0ElMkYlMkZ3d3cueW91dHViZS5jb20lMkZlbWJlZCUyRlc1X0F2SXJHRFN3JTIyJTIwdGl0bGUlM0QlMjJUaGUlMjBMYWR5JTIwYW5kJTIwVGhlJTIwV2luZG93JTIwQ2xlYW5lciUyMiUyMGZyYW1lYm9yZGVyJTNEJTIyMCUyMiUyMGFsbG93JTNEJTIyYWNjZWxlcm9tZXRlciUzQiUyMGF1dG9wbGF5JTNCJTIwY2xpcGJvYXJkLXdyaXRlJTNCJTIwZW5jcnlwdGVkLW1lZGlhJTNCJTIwZ3lyb3Njb3BlJTNCJTIwcGljdHVyZS1pbi1waWN0dXJlJTNCJTIwd2ViLXNoYXJlJTIyJTIwcmVmZXJyZXJwb2xpY3klM0QlMjJzdHJpY3Qtb3JpZ2luLXdoZW4tY3Jvc3Mtb3JpZ2luJTIyJTIwYWxsb3dmdWxsc2NyZWVuJTNFJTNDJTJGaWZyYW1lJTNF[\/spb_raw_html]<\/p>\n","protected":false},"excerpt":{"rendered":"<p>[spb_text_block animation=&#8221;none&#8221; animation_delay=&#8221;0&#8243; simplified_controls=&#8221;yes&#8221; custom_css_percentage=&#8221;no&#8221; padding_vertical=&#8221;0&#8243; padding_horizontal=&#8221;0&#8243; margin_vertical=&#8221;0&#8243; custom_css=&#8221;margin-top: 0px;margin-bottom: 0px;&#8221; border_size=&#8221;0&#8243; border_styling_global=&#8221;default&#8221; width=&#8221;1\/1&#8243; el_position=&#8221;first last&#8221;] MOJN MOJN HALLO LIEBE LEUTE Das ist unser Gru\u00df hier im Grenzland! \u201eMojn\u201c \u2013 oder auch \u201eM\u00f8jn\u201c oder \u201eM\u00f8jn M\u00f8jn\u201c \u2013 ist eine alte Begr\u00fc\u00dfung, die sowohl auf D\u00e4nisch als auch auf Deutsch in Norddeutschland und S\u00f8nderjylland verwendet wird. Es ist ein universeller Gru\u00df, [&hellip;]<\/p>\n","protected":false},"author":2,"featured_media":34598,"parent":0,"menu_order":0,"comment_status":"closed","ping_status":"closed","template":"","meta":{"footnotes":""},"class_list":["post-36742","page","type-page","status-publish","has-post-thumbnail","hentry"],"yoast_head":"<!-- This site is optimized with the Yoast SEO Premium plugin v26.6 (Yoast SEO v27.6) - https:\/\/yoast.com\/product\/yoast-seo-premium-wordpress\/ -->\n<title>Tagebuch eines Grenzg\u00e4ngers \u2013 Pers\u00f6nliche Geschichten<\/title>\n<meta name=\"description\" content=\"Tagebuch \u00fcber das Leben zwischen Deutschland &amp; D\u00e4nemark. Einblicke in kulturelle Identit\u00e4t &amp; pers\u00f6nliche Erlebnisse eines Grenzg\u00e4ngers.\" \/>\n<meta name=\"robots\" content=\"index, follow, max-snippet:-1, max-image-preview:large, max-video-preview:-1\" \/>\n<link rel=\"canonical\" href=\"https:\/\/zlcopenhagen.com\/de\/zahids-tagebuch-de\/\" \/>\n<meta property=\"og:locale\" content=\"de_DE\" \/>\n<meta property=\"og:type\" content=\"article\" \/>\n<meta property=\"og:title\" content=\"ZLCOPENHAGEN | Cross-Cultural Menswear &amp; Ethical Style\" \/>\n<meta property=\"og:description\" content=\"Discover ZLCOPENHAGEN: Danish-Punjabi fusion in ethical menswear. Born from activism. Built on bold design. Worn with purpose.\" \/>\n<meta property=\"og:url\" content=\"https:\/\/zlcopenhagen.com\/de\/zahids-tagebuch-de\/\" \/>\n<meta property=\"og:site_name\" content=\"zlcopenhagen.com\" \/>\n<meta property=\"article:modified_time\" content=\"2024-11-09T13:26:05+00:00\" \/>\n<meta property=\"og:image\" content=\"https:\/\/zlcopenhagen.com\/wp-content\/uploads\/2024\/06\/Croched-Swimwear-menswear-customised-zlcopenhagen-danish-design-handmade-in-eu.jpg\" \/>\n\t<meta property=\"og:image:width\" content=\"1432\" \/>\n\t<meta property=\"og:image:height\" content=\"1600\" \/>\n\t<meta property=\"og:image:type\" content=\"image\/jpeg\" \/>\n<meta name=\"twitter:card\" content=\"summary_large_image\" \/>\n<meta name=\"twitter:label1\" content=\"Gesch\u00e4tzte Lesezeit\" \/>\n\t<meta name=\"twitter:data1\" content=\"7\u00a0Minuten\" \/>\n<!-- \/ Yoast SEO Premium plugin. -->","yoast_head_json":{"title":"Tagebuch eines Grenzg\u00e4ngers \u2013 Pers\u00f6nliche Geschichten","description":"Tagebuch \u00fcber das Leben zwischen Deutschland & D\u00e4nemark. Einblicke in kulturelle Identit\u00e4t & pers\u00f6nliche Erlebnisse eines Grenzg\u00e4ngers.","robots":{"index":"index","follow":"follow","max-snippet":"max-snippet:-1","max-image-preview":"max-image-preview:large","max-video-preview":"max-video-preview:-1"},"canonical":"https:\/\/zlcopenhagen.com\/de\/zahids-tagebuch-de\/","og_locale":"de_DE","og_type":"article","og_title":"ZLCOPENHAGEN | Cross-Cultural Menswear & Ethical Style","og_description":"Discover ZLCOPENHAGEN: Danish-Punjabi fusion in ethical menswear. Born from activism. Built on bold design. Worn with purpose.","og_url":"https:\/\/zlcopenhagen.com\/de\/zahids-tagebuch-de\/","og_site_name":"zlcopenhagen.com","article_modified_time":"2024-11-09T13:26:05+00:00","og_image":[{"width":1432,"height":1600,"url":"https:\/\/zlcopenhagen.com\/wp-content\/uploads\/2024\/06\/Croched-Swimwear-menswear-customised-zlcopenhagen-danish-design-handmade-in-eu.jpg","type":"image\/jpeg"}],"twitter_card":"summary_large_image","twitter_misc":{"Gesch\u00e4tzte Lesezeit":"7\u00a0Minuten"},"schema":{"@context":"https:\/\/schema.org","@graph":[{"@type":"WebPage","@id":"https:\/\/zlcopenhagen.com\/de\/zahids-tagebuch-de\/","url":"https:\/\/zlcopenhagen.com\/de\/zahids-tagebuch-de\/","name":"Tagebuch eines Grenzg\u00e4ngers \u2013 Pers\u00f6nliche Geschichten","isPartOf":{"@id":"https:\/\/zlcopenhagen.com\/#website"},"primaryImageOfPage":{"@id":"https:\/\/zlcopenhagen.com\/de\/zahids-tagebuch-de\/#primaryimage"},"image":{"@id":"https:\/\/zlcopenhagen.com\/de\/zahids-tagebuch-de\/#primaryimage"},"thumbnailUrl":"https:\/\/zlcopenhagen.com\/wp-content\/uploads\/2024\/06\/Croched-Swimwear-menswear-customised-zlcopenhagen-danish-design-handmade-in-eu.jpg","datePublished":"2024-10-22T19:07:47+00:00","dateModified":"2024-11-09T13:26:05+00:00","description":"Tagebuch \u00fcber das Leben zwischen Deutschland & D\u00e4nemark. Einblicke in kulturelle Identit\u00e4t & pers\u00f6nliche Erlebnisse eines Grenzg\u00e4ngers.","breadcrumb":{"@id":"https:\/\/zlcopenhagen.com\/de\/zahids-tagebuch-de\/#breadcrumb"},"inLanguage":"de","potentialAction":[{"@type":"ReadAction","target":["https:\/\/zlcopenhagen.com\/de\/zahids-tagebuch-de\/"]}]},{"@type":"ImageObject","inLanguage":"de","@id":"https:\/\/zlcopenhagen.com\/de\/zahids-tagebuch-de\/#primaryimage","url":"https:\/\/zlcopenhagen.com\/wp-content\/uploads\/2024\/06\/Croched-Swimwear-menswear-customised-zlcopenhagen-danish-design-handmade-in-eu.jpg","contentUrl":"https:\/\/zlcopenhagen.com\/wp-content\/uploads\/2024\/06\/Croched-Swimwear-menswear-customised-zlcopenhagen-danish-design-handmade-in-eu.jpg","width":1432,"height":1600,"caption":"Durchsichtig Kleid"},{"@type":"BreadcrumbList","@id":"https:\/\/zlcopenhagen.com\/de\/zahids-tagebuch-de\/#breadcrumb","itemListElement":[{"@type":"ListItem","position":1,"name":"Home","item":"https:\/\/zlcopenhagen.com\/de\/"},{"@type":"ListItem","position":2,"name":"TAGEBUCH VON ZAHID \u2013 PERS\u00d6NLICHE GESCHICHTEN EINES GRENZG\u00c4NGERS"}]},{"@type":"WebSite","@id":"https:\/\/zlcopenhagen.com\/#website","url":"https:\/\/zlcopenhagen.com\/","name":"zlcopenhagen.com","description":"","publisher":{"@id":"https:\/\/zlcopenhagen.com\/#organization"},"potentialAction":[{"@type":"SearchAction","target":{"@type":"EntryPoint","urlTemplate":"https:\/\/zlcopenhagen.com\/?s={search_term_string}"},"query-input":{"@type":"PropertyValueSpecification","valueRequired":true,"valueName":"search_term_string"}}],"inLanguage":"de"},{"@type":["Organization","Place"],"@id":"https:\/\/zlcopenhagen.com\/#organization","name":"ZLCOPENHAGEN","alternateName":"ZLCOPENHAGEN","url":"https:\/\/zlcopenhagen.com\/","logo":{"@id":"https:\/\/zlcopenhagen.com\/de\/zahids-tagebuch-de\/#local-main-organization-logo"},"image":{"@id":"https:\/\/zlcopenhagen.com\/de\/zahids-tagebuch-de\/#local-main-organization-logo"},"sameAs":["https:\/\/www.youtube.com\/channel\/UCy7JINwB6DMr2fA9yHpDQJg"],"telephone":[],"openingHoursSpecification":[{"@type":"OpeningHoursSpecification","dayOfWeek":["Monday","Tuesday","Wednesday","Thursday","Friday","Saturday","Sunday"],"opens":"09:00","closes":"17:00"}]},{"@type":"ImageObject","inLanguage":"de","@id":"https:\/\/zlcopenhagen.com\/de\/zahids-tagebuch-de\/#local-main-organization-logo","url":"https:\/\/zlcopenhagen.com\/wp-content\/uploads\/2016\/05\/blog-logo.jpg","contentUrl":"https:\/\/zlcopenhagen.com\/wp-content\/uploads\/2016\/05\/blog-logo.jpg","width":68,"height":68,"caption":"ZLCOPENHAGEN"}]}},"_links":{"self":[{"href":"https:\/\/zlcopenhagen.com\/de\/wp-json\/wp\/v2\/pages\/36742","targetHints":{"allow":["GET"]}}],"collection":[{"href":"https:\/\/zlcopenhagen.com\/de\/wp-json\/wp\/v2\/pages"}],"about":[{"href":"https:\/\/zlcopenhagen.com\/de\/wp-json\/wp\/v2\/types\/page"}],"author":[{"embeddable":true,"href":"https:\/\/zlcopenhagen.com\/de\/wp-json\/wp\/v2\/users\/2"}],"replies":[{"embeddable":true,"href":"https:\/\/zlcopenhagen.com\/de\/wp-json\/wp\/v2\/comments?post=36742"}],"version-history":[{"count":10,"href":"https:\/\/zlcopenhagen.com\/de\/wp-json\/wp\/v2\/pages\/36742\/revisions"}],"predecessor-version":[{"id":37665,"href":"https:\/\/zlcopenhagen.com\/de\/wp-json\/wp\/v2\/pages\/36742\/revisions\/37665"}],"wp:featuredmedia":[{"embeddable":true,"href":"https:\/\/zlcopenhagen.com\/de\/wp-json\/wp\/v2\/media\/34598"}],"wp:attachment":[{"href":"https:\/\/zlcopenhagen.com\/de\/wp-json\/wp\/v2\/media?parent=36742"}],"curies":[{"name":"wp","href":"https:\/\/api.w.org\/{rel}","templated":true}]}}