{"id":22862,"date":"2018-03-13T09:02:53","date_gmt":"2018-03-13T08:02:53","guid":{"rendered":"https:\/\/zlcopenhagen.com\/contact-us\/"},"modified":"2024-03-14T22:09:27","modified_gmt":"2024-03-14T21:09:27","slug":"kontakt-zlcopenhagen","status":"publish","type":"page","link":"https:\/\/zlcopenhagen.com\/de\/kontakt-zlcopenhagen\/","title":{"rendered":"Kontakt"},"content":{"rendered":"<p>[spb_text_block title=&#8221;DROP US A LINE&#8221; animation=&#8221;none&#8221; animation_delay=&#8221;0&#8243; simplified_controls=&#8221;yes&#8221; custom_css_percentage=&#8221;no&#8221; padding_vertical=&#8221;0&#8243; padding_horizontal=&#8221;0&#8243; margin_vertical=&#8221;0&#8243; custom_css=&#8221;margin-top: 0px;margin-bottom: 0px;&#8221; border_size=&#8221;0&#8243; border_styling_global=&#8221;default&#8221; width=&#8221;2\/3&#8243; el_position=&#8221;first last&#8221;]<\/p>\n<p class=\"wpcf7-contact-form-not-found\"><strong>Fehler:<\/strong> Kontaktformular wurde nicht gefunden.<\/p>\n<p>[\/spb_text_block] [spb_text_block title=&#8221;DROP US A LINE&#8221; animation=&#8221;none&#8221; animation_delay=&#8221;0&#8243; simplified_controls=&#8221;yes&#8221; custom_css_percentage=&#8221;no&#8221; padding_vertical=&#8221;0&#8243; padding_horizontal=&#8221;0&#8243; margin_vertical=&#8221;0&#8243; custom_css=&#8221;margin-top: 0px;margin-bottom: 0px;&#8221; border_size=&#8221;0&#8243; border_styling_global=&#8221;default&#8221; width=&#8221;2\/3&#8243; el_position=&#8221;first&#8221;]<\/p>\n<h1>KONTAKT ZLCOPENHAGEN<\/h1>\n<h2>SCHLIESSEN SIE SICH UNSERER MISSION AN<\/h2>\n<p>Bei ZLCOPENHAGEN ist jede Interaktion ein Schritt auf dem Weg, eine positive Wirkung zu erzielen. Ob Sie Informationen suchen, als Model mitwirken m\u00f6chten, Feedback geben oder eine Zusammenarbeit anstreben, Ihr Engagement ist f\u00fcr das Wachstum unserer Gemeinschaft unerl\u00e4sslich. So k\u00f6nnen Sie Teil unserer Mission werden:<\/p>\n<h3>KONTAKT ZLCOPENHAGEN F\u00dcR PRODUKTE &amp; UNTERST\u00dcTZUNG<\/h3>\n<p>Sind Sie neugierig auf unsere umweltbewusste Herrenmode oder ben\u00f6tigen Hilfe bei einer Bestellung? Unser Team ist bereit, Ihnen mit detaillierten Produktinformationen und Unterst\u00fctzung zur Seite zu stehen.<\/p>\n<h3>MODEL WERDEN BEI ZLC<\/h3>\n<p>Wenn nachhaltige Mode Sie begeistert und Sie einen Stil haben, der B\u00e4nde spricht, erw\u00e4gen Sie, Model f\u00fcr ZLCOPENHAGEN zu werden. Wir suchen st\u00e4ndig nach Personen, die den Geist moderner M\u00e4nnlichkeit verk\u00f6rpern. Glauben Sie, dass Sie das Zeug dazu haben?<\/p>\n<h3>FEEDBACK &amp; ANLIEGEN AN ZLCOPENHAGEN<\/h3>\n<p>Wir sch\u00e4tzen Ihr Feedback und widmen uns der kontinuierlichen Verbesserung. Wenn Sie Vorschl\u00e4ge oder Bedenken haben, teilen Sie diese bitte mit uns. Wir sind hier, um zu h\u00f6ren und uns weiterzuentwickeln.<\/p>\n<h3>GASTBLOGGEN BEI ZLCOPENHAGEN<\/h3>\n<p>Sind Sie leidenschaftlich interessiert an Nachhaltigkeit, Mode oder Wellness? Unser Blog bietet eine Plattform f\u00fcr Stimmen wie die Ihre. Teilen Sie Ihre Einsichten, Geschichten oder Ratschl\u00e4ge als Gastblogger und erreichen Sie ein breiteres Publikum. Wir freuen uns darauf, mit Inhaltschaffenden zusammenzuarbeiten, die unsere Werte teilen. [Werden Sie Gastblogger bei ZLCOPENHAGEN]<\/p>\n<h3>DIE ETHISCHE HALTUNG VON ZLCOPENHAGEN<\/h3>\n<p>ZLCOPENHAGEN verpflichtet sich zu ethischen Gesch\u00e4ftspraktiken und unterst\u00fctzt aus diesem Grund den Boykott Israels, um ein Zeichen gegen Menschenrechtsverletzungen zu setzen. Wir stehen fest zu unseren Prinzipien und f\u00f6rdern Frieden und Nachhaltigkeit in all unseren Handlungen.<\/p>\n<p>[\/spb_text_block] [spb_column col_sm=&#8221;4&#8243; padding_horizontal=&#8221;0&#8243; width=&#8221;1\/3&#8243; el_position=&#8221;last&#8221;] [spb_text_block title=&#8221;OUR ADDRESS&#8221; animation=&#8221;none&#8221; animation_delay=&#8221;0&#8243; simplified_controls=&#8221;yes&#8221; custom_css_percentage=&#8221;no&#8221; padding_vertical=&#8221;0&#8243; padding_horizontal=&#8221;0&#8243; margin_vertical=&#8221;0&#8243; custom_css=&#8221;margin-top: 0px;margin-bottom: 0px;&#8221; border_size=&#8221;0&#8243; border_styling_global=&#8221;default&#8221; width=&#8221;1\/2&#8243; el_position=&#8221;first&#8221;]<\/p>\n<p>ZLCOPENHAGEN<br \/>\nGodth\u00e5bsv\u00e6nget 9, 2th<br \/>\n2000 Frederiksberg, Denmark<br \/>\nVAT: 30463463<\/p>\n<p>Phone: +45 70707666<br \/>\nEmail: info (at) zlcopenhagen.com<\/p>\n<p>[\/spb_text_block] [spb_text_block title=&#8221;OPENING HOURS&#8221; animation=&#8221;none&#8221; animation_delay=&#8221;0&#8243; simplified_controls=&#8221;yes&#8221; custom_css_percentage=&#8221;no&#8221; padding_vertical=&#8221;0&#8243; padding_horizontal=&#8221;0&#8243; margin_vertical=&#8221;0&#8243; custom_css=&#8221;margin-top: 0px;margin-bottom: 0px;border-top: 0px default ;border-left: 0px default ;border-right: 0px default ;border-bottom: 0px default ;padding-top: 0px;padding-left: 0px;padding-right: 0px;padding-bottom: 0px;&#8221; border_size=&#8221;0&#8243; border_styling_global=&#8221;default&#8221; width=&#8221;1\/2&#8243; el_position=&#8221;last&#8221;]<\/p>\n<p>Monday to friday 9am \u2013 15pm<\/p>\n<p>[\/spb_text_block] [spb_text_block title=&#8221;STAY SOCIAL&#8221; animation=&#8221;none&#8221; animation_delay=&#8221;0&#8243; simplified_controls=&#8221;yes&#8221; custom_css_percentage=&#8221;no&#8221; padding_vertical=&#8221;0&#8243; padding_horizontal=&#8221;0&#8243; margin_vertical=&#8221;0&#8243; border_size=&#8221;0&#8243; border_styling_global=&#8221;default&#8221; width=&#8221;1\/1&#8243; el_position=&#8221;first last&#8221;]<\/p>\n<ul class=\"social-icons standard \">\n<li class=\"youtube\"><a href=\"https:\/\/www.youtube.com\/@zlcopenhagen\" target=\"_blank\"><i class=\"fab fa-youtube\"><\/i><i class=\"fab fa-youtube\"><\/i><\/a><\/li>\n<li class=\"tumblr\"><a href=\"http:\/\/https:\/\/www.tumblr.com\/zlcopenhagen.tumblr.com\/\" target=\"_blank\"><i class=\"fab fa-tumblr\"><\/i><i class=\"fab fa-tumblr\"><\/i><\/a><\/li>\n<li class=\"pinterest\"><a href=\"http:\/\/www.pinterest.com\/ZLCOPENHAGEN\/\" target=\"_blank\"><i class=\"fab fa-pinterest\"><\/i><i class=\"fab fa-pinterest\"><\/i><\/a><\/li>\n<li class=\"instagram\"><a href=\"http:\/\/instagram.com\/https:\/\/www.instagram.com\/zlcopenhagen.es\/\" target=\"_blank\"><i class=\"fab fa-instagram\"><\/i><i class=\"fab fa-instagram\"><\/i><\/a><\/li>\n<\/ul>\n\n<p>[\/spb_text_block] [spb_blank_spacer height=&#8221;30px&#8221; width=&#8221;1\/1&#8243; el_position=&#8221;first last&#8221;] [\/spb_column] [spb_image image=&#8221;19901&#8243; image_size=&#8221;full&#8221; frame=&#8221;noframe&#8221; caption_pos=&#8221;hover&#8221; remove_rounded=&#8221;yes&#8221; fullwidth=&#8221;yes&#8221; overflow_mode=&#8221;none&#8221; link_target=&#8221;_self&#8221; lightbox=&#8221;no&#8221; intro_animation=&#8221;none&#8221; animation_delay=&#8221;200&#8243; width=&#8221;1\/1&#8243; el_position=&#8221;first last&#8221;][\/spb_image] [spb_text_block animation=&#8221;none&#8221; animation_delay=&#8221;0&#8243; simplified_controls=&#8221;yes&#8221; custom_css_percentage=&#8221;no&#8221; padding_vertical=&#8221;0&#8243; padding_horizontal=&#8221;0&#8243; margin_vertical=&#8221;0&#8243; custom_css=&#8221;margin-top: 0px;margin-bottom: 0px;&#8221; border_size=&#8221;0&#8243; border_styling_global=&#8221;default&#8221; width=&#8221;1\/1&#8243; el_position=&#8221;first last&#8221;]<\/p>\n<h2>IHRE STIMME Z\u00c4HLT<\/h2>\n<h3>Gemeinsam K\u00f6nnen Wir Einen Unterschied Machen<\/h3>\n<p>Ihre Beteiligung ist entscheidend f\u00fcr unsere Mission, M\u00e4nnlichkeit neu zu definieren und f\u00fcr eine nachhaltige Zukunft einzutreten. Nehmen Sie noch heute Kontakt auf, um ein bedeutungsvolles Gespr\u00e4ch zu beginnen. Erfahren Sie hier mehr<a href=\"https:\/\/zlcopenhagen.com\/de\/ethische-herrenmode-maskulin\/\" target=\"_blank\" rel=\"noopener\"><strong> \u00dcber Uns<\/strong><\/a>.<\/p>\n<p>Folgen, Verbinden und Kontaktieren Sie ZLCOPENHAGEN heute<\/p>\n<p>Seien Sie der Erste, der neue Ver\u00f6ffentlichungen, exklusiven Inhalt und inspirierende Geschichten aus unserer Gemeinschaft entdeckt. Folgen Sie uns in den\u00a0<strong><a href=\"https:\/\/www.youtube.com\/watch?v=hzPdRf21W5Y\" target=\"_blank\" rel=\"noopener\">sozialen Medien <\/a><\/strong>und besuchen Sie auch unseren Blog.<\/p>\n<p>Tauchen Sie in unser Universum ein, wo Sie nicht nur unsere Kollektion entdecken, sondern auch eine Vielfalt an Blogbeitr\u00e4gen. Falls Sie unsere Arbeit <a href=\"https:\/\/10er.com\/zlcopenhagen\" target=\"_blank\" rel=\"noopener\">unterst\u00fctzen<\/a> m\u00f6chten, w\u00fcrden wir uns \u00fcber eine Spende von Ihnen sehr freuen.<\/p>\n<p>[\/spb_text_block] [spb_video remove_related=&#8221;yes&#8221; autoplay=&#8221;no&#8221; full_width=&#8221;no&#8221; width=&#8221;1\/1&#8243; el_position=&#8221;first last&#8221;]<\/p>\n","protected":false},"excerpt":{"rendered":"<p>[spb_text_block title=&#8221;DROP US A LINE&#8221; animation=&#8221;none&#8221; animation_delay=&#8221;0&#8243; simplified_controls=&#8221;yes&#8221; custom_css_percentage=&#8221;no&#8221; padding_vertical=&#8221;0&#8243; padding_horizontal=&#8221;0&#8243; margin_vertical=&#8221;0&#8243; custom_css=&#8221;margin-top: 0px;margin-bottom: 0px;&#8221; border_size=&#8221;0&#8243; border_styling_global=&#8221;default&#8221; width=&#8221;2\/3&#8243; el_position=&#8221;first last&#8221;] [\/spb_text_block] [spb_text_block title=&#8221;DROP US A LINE&#8221; animation=&#8221;none&#8221; animation_delay=&#8221;0&#8243; simplified_controls=&#8221;yes&#8221; custom_css_percentage=&#8221;no&#8221; padding_vertical=&#8221;0&#8243; padding_horizontal=&#8221;0&#8243; margin_vertical=&#8221;0&#8243; custom_css=&#8221;margin-top: 0px;margin-bottom: 0px;&#8221; border_size=&#8221;0&#8243; border_styling_global=&#8221;default&#8221; width=&#8221;2\/3&#8243; el_position=&#8221;first&#8221;] KONTAKT ZLCOPENHAGEN SCHLIESSEN SIE SICH UNSERER MISSION AN Bei ZLCOPENHAGEN ist jede Interaktion ein Schritt auf dem Weg, eine positive [&hellip;]<\/p>\n","protected":false},"author":2,"featured_media":31674,"parent":0,"menu_order":0,"comment_status":"closed","ping_status":"closed","template":"","meta":{"footnotes":""},"class_list":["post-22862","page","type-page","status-publish","has-post-thumbnail","hentry"],"yoast_head":"<!-- This site is optimized with the Yoast SEO Premium plugin v26.6 (Yoast SEO v27.4) - https:\/\/yoast.com\/product\/yoast-seo-premium-wordpress\/ -->\n<title>Kontakt ZLCOPENHAGEN f\u00fcr wirkungsvolle Partnerschaften<\/title>\n<meta name=\"description\" content=\"Kontakt ZLCOPENHAGEN. Erreichen Sie uns unter +45 70707666 f\u00fcr eine pers\u00f6nliche Beratung. Kontaktieren Sie ZLCOPENHAGEN noch heute!\" \/>\n<meta name=\"robots\" content=\"index, follow, max-snippet:-1, max-image-preview:large, max-video-preview:-1\" \/>\n<link rel=\"canonical\" href=\"https:\/\/zlcopenhagen.com\/de\/kontakt-zlcopenhagen\/\" \/>\n<meta property=\"og:locale\" content=\"de_DE\" \/>\n<meta property=\"og:type\" content=\"article\" \/>\n<meta property=\"og:title\" content=\"ZLCOPENHAGEN | Cross-Cultural Menswear &amp; Ethical Style\" \/>\n<meta property=\"og:description\" content=\"Discover ZLCOPENHAGEN: Danish-Punjabi fusion in ethical menswear. Born from activism. Built on bold design. Worn with purpose.\" \/>\n<meta property=\"og:url\" content=\"https:\/\/zlcopenhagen.com\/de\/kontakt-zlcopenhagen\/\" \/>\n<meta property=\"og:site_name\" content=\"zlcopenhagen.com\" \/>\n<meta property=\"article:modified_time\" content=\"2024-03-14T21:09:27+00:00\" \/>\n<meta property=\"og:image\" content=\"https:\/\/zlcopenhagen.com\/wp-content\/uploads\/2024\/03\/Kontaktaufnahme-mit-ZLCOPENHAGEN-Der-Weg-zur-Zusammenarbeit-scaled.jpg\" \/>\n\t<meta property=\"og:image:width\" content=\"1707\" \/>\n\t<meta property=\"og:image:height\" content=\"2560\" \/>\n\t<meta property=\"og:image:type\" content=\"image\/jpeg\" \/>\n<meta name=\"twitter:card\" content=\"summary_large_image\" \/>\n<meta name=\"twitter:label1\" content=\"Gesch\u00e4tzte Lesezeit\" \/>\n\t<meta name=\"twitter:data1\" content=\"3\u00a0Minuten\" \/>\n<!-- \/ Yoast SEO Premium plugin. -->","yoast_head_json":{"title":"Kontakt ZLCOPENHAGEN f\u00fcr wirkungsvolle Partnerschaften","description":"Kontakt ZLCOPENHAGEN. Erreichen Sie uns unter +45 70707666 f\u00fcr eine pers\u00f6nliche Beratung. Kontaktieren Sie ZLCOPENHAGEN noch heute!","robots":{"index":"index","follow":"follow","max-snippet":"max-snippet:-1","max-image-preview":"max-image-preview:large","max-video-preview":"max-video-preview:-1"},"canonical":"https:\/\/zlcopenhagen.com\/de\/kontakt-zlcopenhagen\/","og_locale":"de_DE","og_type":"article","og_title":"ZLCOPENHAGEN | Cross-Cultural Menswear & Ethical Style","og_description":"Discover ZLCOPENHAGEN: Danish-Punjabi fusion in ethical menswear. Born from activism. Built on bold design. Worn with purpose.","og_url":"https:\/\/zlcopenhagen.com\/de\/kontakt-zlcopenhagen\/","og_site_name":"zlcopenhagen.com","article_modified_time":"2024-03-14T21:09:27+00:00","og_image":[{"width":1707,"height":2560,"url":"https:\/\/zlcopenhagen.com\/wp-content\/uploads\/2024\/03\/Kontaktaufnahme-mit-ZLCOPENHAGEN-Der-Weg-zur-Zusammenarbeit-scaled.jpg","type":"image\/jpeg"}],"twitter_card":"summary_large_image","twitter_misc":{"Gesch\u00e4tzte Lesezeit":"3\u00a0Minuten"},"schema":{"@context":"https:\/\/schema.org","@graph":[{"@type":"WebPage","@id":"https:\/\/zlcopenhagen.com\/de\/kontakt-zlcopenhagen\/","url":"https:\/\/zlcopenhagen.com\/de\/kontakt-zlcopenhagen\/","name":"Kontakt ZLCOPENHAGEN f\u00fcr wirkungsvolle Partnerschaften","isPartOf":{"@id":"https:\/\/zlcopenhagen.com\/#website"},"primaryImageOfPage":{"@id":"https:\/\/zlcopenhagen.com\/de\/kontakt-zlcopenhagen\/#primaryimage"},"image":{"@id":"https:\/\/zlcopenhagen.com\/de\/kontakt-zlcopenhagen\/#primaryimage"},"thumbnailUrl":"https:\/\/zlcopenhagen.com\/wp-content\/uploads\/2024\/03\/Kontaktaufnahme-mit-ZLCOPENHAGEN-Der-Weg-zur-Zusammenarbeit-scaled.jpg","datePublished":"2018-03-13T08:02:53+00:00","dateModified":"2024-03-14T21:09:27+00:00","description":"Kontakt ZLCOPENHAGEN. Erreichen Sie uns unter +45 70707666 f\u00fcr eine pers\u00f6nliche Beratung. Kontaktieren Sie ZLCOPENHAGEN noch heute!","breadcrumb":{"@id":"https:\/\/zlcopenhagen.com\/de\/kontakt-zlcopenhagen\/#breadcrumb"},"inLanguage":"de","potentialAction":[{"@type":"ReadAction","target":["https:\/\/zlcopenhagen.com\/de\/kontakt-zlcopenhagen\/"]}]},{"@type":"ImageObject","inLanguage":"de","@id":"https:\/\/zlcopenhagen.com\/de\/kontakt-zlcopenhagen\/#primaryimage","url":"https:\/\/zlcopenhagen.com\/wp-content\/uploads\/2024\/03\/Kontaktaufnahme-mit-ZLCOPENHAGEN-Der-Weg-zur-Zusammenarbeit-scaled.jpg","contentUrl":"https:\/\/zlcopenhagen.com\/wp-content\/uploads\/2024\/03\/Kontaktaufnahme-mit-ZLCOPENHAGEN-Der-Weg-zur-Zusammenarbeit-scaled.jpg","width":1707,"height":2560,"caption":"Kontaktaufnahme mit ZLCOPENHAGEN - Der Weg zur Zusammenarbeit."},{"@type":"BreadcrumbList","@id":"https:\/\/zlcopenhagen.com\/de\/kontakt-zlcopenhagen\/#breadcrumb","itemListElement":[{"@type":"ListItem","position":1,"name":"Home","item":"https:\/\/zlcopenhagen.com\/de\/"},{"@type":"ListItem","position":2,"name":"Kontakt"}]},{"@type":"WebSite","@id":"https:\/\/zlcopenhagen.com\/#website","url":"https:\/\/zlcopenhagen.com\/","name":"zlcopenhagen.com","description":"","publisher":{"@id":"https:\/\/zlcopenhagen.com\/#organization"},"potentialAction":[{"@type":"SearchAction","target":{"@type":"EntryPoint","urlTemplate":"https:\/\/zlcopenhagen.com\/?s={search_term_string}"},"query-input":{"@type":"PropertyValueSpecification","valueRequired":true,"valueName":"search_term_string"}}],"inLanguage":"de"},{"@type":["Organization","Place"],"@id":"https:\/\/zlcopenhagen.com\/#organization","name":"ZLCOPENHAGEN","alternateName":"ZLCOPENHAGEN","url":"https:\/\/zlcopenhagen.com\/","logo":{"@id":"https:\/\/zlcopenhagen.com\/de\/kontakt-zlcopenhagen\/#local-main-organization-logo"},"image":{"@id":"https:\/\/zlcopenhagen.com\/de\/kontakt-zlcopenhagen\/#local-main-organization-logo"},"sameAs":["https:\/\/www.youtube.com\/channel\/UCy7JINwB6DMr2fA9yHpDQJg"],"telephone":[],"openingHoursSpecification":[{"@type":"OpeningHoursSpecification","dayOfWeek":["Monday","Tuesday","Wednesday","Thursday","Friday","Saturday","Sunday"],"opens":"09:00","closes":"17:00"}]},{"@type":"ImageObject","inLanguage":"de","@id":"https:\/\/zlcopenhagen.com\/de\/kontakt-zlcopenhagen\/#local-main-organization-logo","url":"https:\/\/zlcopenhagen.com\/wp-content\/uploads\/2016\/05\/blog-logo.jpg","contentUrl":"https:\/\/zlcopenhagen.com\/wp-content\/uploads\/2016\/05\/blog-logo.jpg","width":68,"height":68,"caption":"ZLCOPENHAGEN"}]}},"_links":{"self":[{"href":"https:\/\/zlcopenhagen.com\/de\/wp-json\/wp\/v2\/pages\/22862","targetHints":{"allow":["GET"]}}],"collection":[{"href":"https:\/\/zlcopenhagen.com\/de\/wp-json\/wp\/v2\/pages"}],"about":[{"href":"https:\/\/zlcopenhagen.com\/de\/wp-json\/wp\/v2\/types\/page"}],"author":[{"embeddable":true,"href":"https:\/\/zlcopenhagen.com\/de\/wp-json\/wp\/v2\/users\/2"}],"replies":[{"embeddable":true,"href":"https:\/\/zlcopenhagen.com\/de\/wp-json\/wp\/v2\/comments?post=22862"}],"version-history":[{"count":2,"href":"https:\/\/zlcopenhagen.com\/de\/wp-json\/wp\/v2\/pages\/22862\/revisions"}],"predecessor-version":[{"id":31814,"href":"https:\/\/zlcopenhagen.com\/de\/wp-json\/wp\/v2\/pages\/22862\/revisions\/31814"}],"wp:featuredmedia":[{"embeddable":true,"href":"https:\/\/zlcopenhagen.com\/de\/wp-json\/wp\/v2\/media\/31674"}],"wp:attachment":[{"href":"https:\/\/zlcopenhagen.com\/de\/wp-json\/wp\/v2\/media?parent=22862"}],"curies":[{"name":"wp","href":"https:\/\/api.w.org\/{rel}","templated":true}]}}