{"id":22729,"date":"2018-03-13T07:47:55","date_gmt":"2018-03-13T06:47:55","guid":{"rendered":"https:\/\/zlcopenhagen.com\/size-and-fit\/"},"modified":"2024-09-30T05:48:56","modified_gmt":"2024-09-30T04:48:56","slug":"masstabelle-perfekte-passform-online-shopping","status":"publish","type":"page","link":"https:\/\/zlcopenhagen.com\/de\/masstabelle-perfekte-passform-online-shopping\/","title":{"rendered":"MA\u00dfTABELLE F\u00dcR PERFEKTE PASSFORM BEIM ONLINE SHOPPING"},"content":{"rendered":"<p>[spb_text_block animation=&#8221;none&#8221; animation_delay=&#8221;0&#8243; simplified_controls=&#8221;yes&#8221; custom_css_percentage=&#8221;no&#8221; padding_vertical=&#8221;0&#8243; padding_horizontal=&#8221;0&#8243; margin_vertical=&#8221;0&#8243; custom_css=&#8221;margin-top: 0px;margin-bottom: 0px;&#8221; border_size=&#8221;0&#8243; border_styling_global=&#8221;default&#8221; width=&#8221;1\/1&#8243; el_position=&#8221;first last&#8221;]<\/p>\n<div class=\"flex-shrink-0 flex flex-col relative items-end\">\n<div>\n<div class=\"pt-0\">\n<div class=\"gizmo-bot-avatar flex h-8 w-8 items-center justify-center overflow-hidden rounded-full\">\n<h1 class=\"relative p-1 rounded-sm flex items-center justify-center bg-token-main-surface-primary text-token-text-primary h-8 w-8\">MA\u00dfTABELLE<\/h1>\n<h2 class=\"relative p-1 rounded-sm flex items-center justify-center bg-token-main-surface-primary text-token-text-primary h-8 w-8\">ICH HELFE DIR, DIE PERFEKTE PASSFORM ZU FINDEN<\/h2>\n<\/div>\n<\/div>\n<\/div>\n<\/div>\n<div class=\"group\/conversation-turn relative flex w-full min-w-0 flex-col agent-turn\">\n<div class=\"flex-col gap-1 md:gap-3\">\n<div class=\"flex max-w-full flex-col flex-grow\">\n<div class=\"min-h-8 text-message flex w-full flex-col items-end gap-2 whitespace-normal break-words [.text-message+&amp;]:mt-5\" dir=\"auto\" data-message-author-role=\"assistant\" data-message-id=\"7a74dd40-008e-4575-b2d2-93b5b127441b\">\n<div class=\"flex w-full flex-col gap-1 empty:hidden first:pt-[3px]\">\n<div class=\"markdown prose w-full break-words dark:prose-invert light\">\n<div class=\"flex-shrink-0 flex flex-col relative items-end\">\n<div>\n<div class=\"pt-0\">\n<div class=\"gizmo-bot-avatar flex h-8 w-8 items-center justify-center overflow-hidden rounded-full\">\n<div class=\"relative p-1 rounded-sm flex items-center justify-center bg-token-main-surface-primary text-token-text-primary h-8 w-8\"><strong>Ma\u00dftabelle<\/strong> \u2013 damit du sicherstellst, dass deine Kleidung perfekt sitzt und deine Muskeln so richtig zur Geltung kommen!<\/div>\n<\/div>\n<\/div>\n<\/div>\n<\/div>\n<p>Online Shopping ist genial, oder? Du kannst in Ruhe st\u00f6bern, und ich wei\u00df genau, dass du es genie\u00dft, neue hei\u00dfe Teile f\u00fcr deinen Kleiderschrank zu finden. Aber hey, ich verstehe auch, dass es ein bisschen spannend \u2013 vielleicht sogar riskant \u2013 sein kann, etwas zu kaufen, das du nicht vorher anprobieren kannst. Das Letzte, was du willst, ist etwas, das nicht so sitzt, wie es sollte, oder? Keine Sorge, ich hab dich!<\/p>\n<h3>ONLINE SHOPPING LEICHT GEMACHT MIT UNSERER MA\u00dfTABELLE<\/h3>\n<p>Mit meiner <strong>Ma\u00dftabelle<\/strong> wird dir das nicht passieren. Ich zeige dir genau, wie du Ma\u00df nimmst, damit deine neuen Teile \u2013 ob <strong>Badehose<\/strong> oder <strong>Unterw\u00e4sche<\/strong> \u2013 perfekt an deinem K\u00f6rper sitzen. Vergleich die Ma\u00dfe mit einem Teil, das dir schon richtig gut steht, und dann entscheidest du: Willst du deine Muskeln betonen und es eng tragen? Oder soll es etwas lockerer sitzen, damit du es entspannt tragen kannst?<\/p>\n<p><strong>Und falls du Hilfe brauchst?<\/strong><br \/>\nSchreib mir einfach unter <strong><a rel=\"noopener\">info@zlcopenhagen.com<\/a><\/strong> oder im Notfall \u2013 du wei\u00dft schon, wenn es wirklich dringend wird \ud83d\ude09 \u2013 auf WhatsApp unter <strong>004550156010<\/strong>. Ich k\u00fcmmere mich darum, dass du genau das bekommst, was du willst. \ud83d\ude0f<\/p>\n<\/div>\n<\/div>\n<\/div>\n<\/div>\n<\/div>\n<\/div>\n<p>[\/spb_text_block] [spb_blank_spacer height=&#8221;30px&#8221; width=&#8221;1\/1&#8243; el_position=&#8221;first last&#8221;] [spb_text_block title=&#8221;PARACORD BRACELET SIZE GUIDE CM\/INCH&#8221; animation=&#8221;none&#8221; animation_delay=&#8221;0&#8243; simplified_controls=&#8221;yes&#8221; custom_css_percentage=&#8221;no&#8221; padding_vertical=&#8221;0&#8243; padding_horizontal=&#8221;0&#8243; margin_vertical=&#8221;0&#8243; custom_css=&#8221;margin-top: 0px;margin-bottom: 0px;&#8221; border_size=&#8221;0&#8243; border_styling_global=&#8221;default&#8221; width=&#8221;1\/1&#8243; el_position=&#8221;first last&#8221;]<\/p>\n<table class=\"sf-table standard_bordered\"><tbody><tr>\n<th><\/th>\n<th>\n<p>Small<\/p>\n<\/th>\n<th>\n<p>Medium<\/p>\n<\/th>\n<th>\n<p>Large<\/p>\n<\/th>\n<\/tr>\n<tr>\n<td>\n<p><b>Lenght<\/b><\/p>\n<\/td>\n<td>\n<p>19\/7&#8243;<\/p>\n<\/td>\n<td>\n<p>21\/8&#8243;<\/p>\n<\/td>\n<td>\n<p>23\/9&#8243;<\/p>\n<\/td>\n<\/tr>\n<tr>\n<td>\n<p><b>Weight<\/b><\/p>\n<\/td>\n<td>\n<p>100g<\/p>\n<\/td>\n<td>\n<p>104g<\/p>\n<\/td>\n<td>\n<p>109g<\/p>\n<\/td>\n<\/tr>\n<tr>\n<td>\n<p><b>&#8211;<\/b><\/p>\n<\/td>\n<td>\n<p>&#8211;<\/p>\n<\/td>\n<td>\n<p>&#8211;<\/p>\n<\/td>\n<td>\n<p>&#8211;<\/p>\n<\/td>\n<\/tr>\n<\/tbody><\/table>\n<p>[\/spb_text_block] [spb_blank_spacer height=&#8221;30px&#8221; width=&#8221;1\/1&#8243; el_position=&#8221;first last&#8221;] [spb_text_block title=&#8221;BOTTOMS SIZE GUIDE CM\/INCH&#8221; animation=&#8221;none&#8221; animation_delay=&#8221;0&#8243; simplified_controls=&#8221;yes&#8221; custom_css_percentage=&#8221;no&#8221; padding_vertical=&#8221;0&#8243; padding_horizontal=&#8221;0&#8243; margin_vertical=&#8221;0&#8243; custom_css=&#8221;margin-top: 0px;margin-bottom: 0px;border-top: 0px default ;border-left: 0px default ;border-right: 0px default ;border-bottom: 0px default ;padding-top: 0px;padding-left: 0px;padding-right: 0px;padding-bottom: 0px;&#8221; border_size=&#8221;0&#8243; border_styling_global=&#8221;default&#8221; width=&#8221;1\/1&#8243; el_position=&#8221;first last&#8221;]<\/p>\n<table class=\"sf-table standard_bordered\"><tbody><tr>\n<th><\/th>\n<th>\n<p>Small<\/p>\n<\/th>\n<th>\n<p>Medium<\/p>\n<\/th>\n<th>\n<p>Large<\/p>\n<\/th>\n<\/tr>\n<tr>\n<td>\n<p><b>Lenght<\/b><\/p>\n<\/td>\n<td>\n<p>95\/37&#8243;<\/p>\n<\/td>\n<td>\n<p>97\/38&#8243;<\/p>\n<\/td>\n<td>\n<p>100\/39&#8243;<\/p>\n<\/td>\n<\/tr>\n<tr>\n<td>\n<p><b>Waist<\/b><\/p>\n<\/td>\n<td>\n<p>99\/38&#8243;<\/p>\n<\/td>\n<td>\n<p>104\/40&#8243;<\/p>\n<\/td>\n<td>\n<p>109\/42&#8243;<\/p>\n<\/td>\n<\/tr>\n<tr>\n<td>\n<p><b>&#8211;<\/b><\/p>\n<\/td>\n<td>\n<p>&#8211;<\/p>\n<\/td>\n<td>\n<p>&#8211;<\/p>\n<\/td>\n<td>\n<p>&#8211;<\/p>\n<\/td>\n<\/tr>\n<\/tbody><\/table>\n<p>[\/spb_text_block] [spb_text_block title=&#8221;SINGLETS SIZE GUIDE CM\/INCH&#8221; animation=&#8221;none&#8221; animation_delay=&#8221;0&#8243; simplified_controls=&#8221;yes&#8221; custom_css_percentage=&#8221;no&#8221; padding_vertical=&#8221;0&#8243; padding_horizontal=&#8221;0&#8243; margin_vertical=&#8221;0&#8243; custom_css=&#8221;margin-top: 0px;margin-bottom: 0px;&#8221; border_size=&#8221;0&#8243; border_styling_global=&#8221;default&#8221; width=&#8221;1\/1&#8243; el_position=&#8221;first last&#8221;]<\/p>\n<table class=\"sf-table standard_bordered\"><tbody><tr>\n<th><\/th>\n<th>\n<p>Small<\/p>\n<\/th>\n<th>\n<p>Medium<\/p>\n<\/th>\n<th>\n<p>Large<\/p>\n<\/th>\n<\/tr>\n<tr>\n<td>\n<p><b>Lenght<\/b><\/p>\n<\/td>\n<td>\n<p>00\/00&#8243;<\/p>\n<\/td>\n<td>\n<p>00\/00&#8243;<\/p>\n<\/td>\n<td>\n<p>00\/00&#8243;<\/p>\n<\/td>\n<\/tr>\n<tr>\n<td>\n<p><b>Waist<\/b><\/p>\n<\/td>\n<td>\n<p>00\/00&#8243;<\/p>\n<\/td>\n<td>\n<p>00\/00&#8243;<\/p>\n<\/td>\n<td>\n<p>00\/00&#8243;<\/p>\n<\/td>\n<\/tr>\n<tr>\n<td>\n<p><b>&#8211;<\/b><\/p>\n<\/td>\n<td>\n<p>&#8211;<\/p>\n<\/td>\n<td>\n<p>&#8211;<\/p>\n<\/td>\n<td>\n<p>&#8211;<\/p>\n<\/td>\n<\/tr>\n<\/tbody><\/table>\n<p>[\/spb_text_block] [spb_blank_spacer height=&#8221;30px&#8221; width=&#8221;1\/1&#8243; el_position=&#8221;first last&#8221;] [spb_text_block title=&#8221;UNDERWEAR\/SWIMWEAR SIZE GUIDE CM\/INCH&#8221; animation=&#8221;none&#8221; animation_delay=&#8221;0&#8243; simplified_controls=&#8221;yes&#8221; custom_css_percentage=&#8221;no&#8221; padding_vertical=&#8221;0&#8243; padding_horizontal=&#8221;0&#8243; margin_vertical=&#8221;0&#8243; custom_css=&#8221;margin-top: 0px;margin-bottom: 0px;border-top: 0px default ;border-left: 0px default ;border-right: 0px default ;border-bottom: 0px default ;padding-top: 0px;padding-left: 0px;padding-right: 0px;padding-bottom: 0px;&#8221; border_size=&#8221;0&#8243; border_styling_global=&#8221;default&#8221; width=&#8221;1\/1&#8243; el_position=&#8221;first last&#8221;]<\/p>\n<table class=\"sf-table standard_bordered\"><tbody><tr>\n<th><\/th>\n<th>\n<p>Small<\/p>\n<\/th>\n<th>\n<p>Medium<\/p>\n<\/th>\n<th>\n<p>Large<\/p>\n<\/th>\n<\/tr>\n<tr>\n<td>\n<p><b>Lenght<\/b><\/p>\n<\/td>\n<td>\n<p>&#8211;<\/p>\n<\/td>\n<td>\n<p>&#8211;<\/p>\n<\/td>\n<td>\n<p>&#8211;<\/p>\n<\/td>\n<\/tr>\n<tr>\n<td>\n<p><b>Waist<\/b><\/p>\n<\/td>\n<td>\n<p>76\/30&#8243;<\/p>\n<\/td>\n<td>\n<p>81\/32&#8243;<\/p>\n<\/td>\n<td>\n<p>86\/34&#8243;<\/p>\n<\/td>\n<\/tr>\n<tr>\n<td>\n<p><b>&#8211;<\/b><\/p>\n<\/td>\n<td>\n<p>&#8211;<\/p>\n<\/td>\n<td>\n<p>&#8211;<\/p>\n<\/td>\n<td>\n<p>&#8211;<\/p>\n<\/td>\n<\/tr>\n<\/tbody><\/table>\n<p>[\/spb_text_block] [spb_blank_spacer height=&#8221;30px&#8221; width=&#8221;1\/1&#8243; el_position=&#8221;first last&#8221;] [spb_text_block title=&#8221;SIZE CONVERSION CHART&#8221; animation=&#8221;none&#8221; animation_delay=&#8221;0&#8243; simplified_controls=&#8221;yes&#8221; custom_css_percentage=&#8221;no&#8221; padding_vertical=&#8221;0&#8243; padding_horizontal=&#8221;0&#8243; margin_vertical=&#8221;0&#8243; border_size=&#8221;0&#8243; border_styling_global=&#8221;default&#8221; width=&#8221;1\/1&#8243; el_position=&#8221;first last&#8221;]<\/p>\n<p>Use this to convert between standard size formats.<\/p>\n<table class=\"sf-table standard_bordered\"><tbody><tr>\n<th><\/th>\n<th>\n<p>XS<\/p>\n<\/th>\n<th>\n<p>S<\/p>\n<\/th>\n<th>\n<p>M<\/p>\n<\/th>\n<th>\n<p>L<\/p>\n<\/th>\n<th>\n<p>XL<\/p>\n<\/th>\n<\/tr>\n<tr>\n<td>\n<p><strong>Europe<\/strong><\/p>\n<\/td>\n<td>\n<p>44<\/p>\n<\/td>\n<td>\n<p>46<\/p>\n<\/td>\n<td>\n<p>48<\/p>\n<\/td>\n<td>\n<p>50<\/p>\n<\/td>\n<td>\n<p>52<\/p>\n<\/td>\n<\/tr>\n<tr>\n<td>\n<p><strong>France<\/strong><\/p>\n<\/td>\n<td>\n<p>44<\/p>\n<\/td>\n<td>\n<p>46<\/p>\n<\/td>\n<td>\n<p>48<\/p>\n<\/td>\n<td>\n<p>50<\/p>\n<\/td>\n<td>\n<p>52<\/p>\n<\/td>\n<\/tr>\n<tr>\n<td>\n<p><strong>Italy<\/strong><\/p>\n<\/td>\n<td>\n<p>44<\/p>\n<\/td>\n<td>\n<p>46<\/p>\n<\/td>\n<td>\n<p>48<\/p>\n<\/td>\n<td>\n<p>50<\/p>\n<\/td>\n<td>\n<p>52<\/p>\n<\/td>\n<\/tr>\n<tr>\n<td>\n<p><strong>U.K.<\/strong><\/p>\n<\/td>\n<td>\n<p>34<\/p>\n<\/td>\n<td>\n<p>36<\/p>\n<\/td>\n<td>\n<p>38<\/p>\n<\/td>\n<td>\n<p>40<\/p>\n<\/td>\n<td>\n<p>42<\/p>\n<\/td>\n<\/tr>\n<tr>\n<td>\n<p><strong>U.S.<\/strong><\/p>\n<\/td>\n<td>\n<p>34<\/p>\n<\/td>\n<td>\n<p>36<\/p>\n<\/td>\n<td>\n<p>38<\/p>\n<\/td>\n<td>\n<p>40<\/p>\n<\/td>\n<td>\n<p>42<\/p>\n<\/td>\n<\/tr>\n<\/tbody><\/table>\n<p>[\/spb_text_block] [spb_image image=&#8221;35935&#8243; image_size=&#8221;full&#8221; frame=&#8221;noframe&#8221; caption_pos=&#8221;hover&#8221; remove_rounded=&#8221;yes&#8221; fullwidth=&#8221;no&#8221; overflow_mode=&#8221;none&#8221; link_target=&#8221;_self&#8221; lightbox=&#8221;no&#8221; intro_animation=&#8221;none&#8221; animation_delay=&#8221;200&#8243; width=&#8221;1\/1&#8243; el_position=&#8221;first last&#8221;][\/spb_image] [spb_text_block title=&#8221;SIZE CONVERSION CHART&#8221; animation=&#8221;none&#8221; animation_delay=&#8221;0&#8243; simplified_controls=&#8221;yes&#8221; custom_css_percentage=&#8221;no&#8221; padding_vertical=&#8221;0&#8243; padding_horizontal=&#8221;0&#8243; margin_vertical=&#8221;0&#8243; custom_css=&#8221;margin-top: 0px;margin-bottom: 0px;&#8221; border_size=&#8221;0&#8243; border_styling_global=&#8221;default&#8221; width=&#8221;1\/1&#8243; el_position=&#8221;first last&#8221;]<\/p>\n<p><strong>ONLINE SHOPPING \u2013 EIN GENUSS F\u00dcR DICH SELBST<\/strong><\/p>\n<p>Stell dir vor, du liegst bequem auf deinem Sofa, streichelst mit der einen Hand dein Telefon und mit der anderen dich selbst&#8230; und g\u00f6nnst dir dabei ein bisschen <strong>online shopping<\/strong>. Ganz ohne Stress, ganz ohne Hektik \u2013 nur du, dein Handy und diese kleine Befriedigung, die kommt, wenn du die perfekte Bestellung abschickst.<\/p>\n<p>Du musst nicht raus, du musst dich nicht anstrengen \u2013 lass den Postboten die Arbeit machen. Er bringt dir das, was du dir gerade selbst geg\u00f6nnt hast, direkt an die T\u00fcr. Ganz entspannt, w\u00e4hrend du immer noch in deiner bequemen Position liegst und vielleicht schon dar\u00fcber nachdenkst, was du als N\u00e4chstes shoppen wirst.<\/p>\n<p><strong>Online shopping<\/strong> hat schon etwas Verf\u00fchrerisches, oder? Vor allem, wenn du wei\u00dft, dass du nichts weiter tun musst, als dich zur\u00fcckzulehnen und den Moment zu genie\u00dfen, w\u00e4hrend deine Bestellung auf dem Weg zu dir ist. Also, warum nicht noch ein bisschen l\u00e4nger im Bett bleiben und dich weiter verw\u00f6hnen?<\/p>\n<p>Und wenn du gerade dabei bist, wie w\u00e4re es mit ein paar Tipps, um die <strong><a href=\"https:\/\/zlcopenhagen.com\/de\/beule-in-shorts-und-jeans-vergroessern\/\" target=\"_new\" rel=\"noopener\">Beule in deinen Shorts und Jeans zu vergr\u00f6\u00dfern<\/a><\/strong> oder dich mit einem entspannten <strong><a href=\"https:\/\/zlcopenhagen.com\/de\/wellness-spa-beckenbodentraining-mann\/\" target=\"_new\" rel=\"noopener\">Wellness Spa und Beckenbodentraining f\u00fcr M\u00e4nner<\/a><\/strong> zu belohnen? Lust auf noch mehr? <strong><a href=\"https:\/\/zlcopenhagen.com\/de\/kontakt-zlcopenhagen\/\" target=\"_new\" rel=\"noopener\">Kontaktiere mich<\/a><\/strong>, wenn du Fragen hast \u2013 ich bin f\u00fcr dich da! \ud83d\ude0f<\/p>\n<p>[\/spb_text_block] [spb_image image=&#8221;16354&#8243; image_size=&#8221;full&#8221; frame=&#8221;noframe&#8221; caption_pos=&#8221;hover&#8221; remove_rounded=&#8221;yes&#8221; fullwidth=&#8221;no&#8221; overflow_mode=&#8221;none&#8221; link_target=&#8221;_self&#8221; lightbox=&#8221;no&#8221; intro_animation=&#8221;none&#8221; animation_delay=&#8221;200&#8243; width=&#8221;1\/1&#8243; el_position=&#8221;first last&#8221;][\/spb_image] [spb_text_block title=&#8221;SIZE CONVERSION CHART&#8221; animation=&#8221;none&#8221; animation_delay=&#8221;0&#8243; simplified_controls=&#8221;yes&#8221; custom_css_percentage=&#8221;no&#8221; padding_vertical=&#8221;0&#8243; padding_horizontal=&#8221;0&#8243; margin_vertical=&#8221;0&#8243; custom_css=&#8221;margin-top: 0px;margin-bottom: 0px;&#8221; border_size=&#8221;0&#8243; border_styling_global=&#8221;default&#8221; width=&#8221;1\/1&#8243; el_position=&#8221;first last&#8221;]<\/p>\n<h2>MA\u00dfNEHMEN \u2013 LASS DIR VON DEINEM PARTNER HELFEN<\/h2>\n<p>Wenn du beim <strong>Ma\u00dfnehmen<\/strong> unsicher bist, warum nicht einfach deinen Partner um Hilfe bitten? Gemeinsam macht es nicht nur mehr Spa\u00df, sondern du kannst sicherstellen, dass die Ma\u00dfe auch wirklich perfekt sind. Dein Partner kennt deinen K\u00f6rper am besten und kann dir helfen, das beste Ergebnis f\u00fcr deine neue Lieblingskleidung zu erzielen. Nutze dabei unsere <strong>Ma\u00dftabelle<\/strong>, um sicherzugehen, dass alles richtig sitzt. So wird das <strong>Ma\u00dfnehmen<\/strong> nicht nur effektiv, sondern auch zu einem intimen Moment, den ihr gemeinsam genie\u00dfen k\u00f6nnt!<\/p>\n<p>[\/spb_text_block]<\/p>\n","protected":false},"excerpt":{"rendered":"<p>[spb_text_block animation=&#8221;none&#8221; animation_delay=&#8221;0&#8243; simplified_controls=&#8221;yes&#8221; custom_css_percentage=&#8221;no&#8221; padding_vertical=&#8221;0&#8243; padding_horizontal=&#8221;0&#8243; margin_vertical=&#8221;0&#8243; custom_css=&#8221;margin-top: 0px;margin-bottom: 0px;&#8221; border_size=&#8221;0&#8243; border_styling_global=&#8221;default&#8221; width=&#8221;1\/1&#8243; el_position=&#8221;first last&#8221;] MA\u00dfTABELLE ICH HELFE DIR, DIE PERFEKTE PASSFORM ZU FINDEN Ma\u00dftabelle \u2013 damit du sicherstellst, dass deine Kleidung perfekt sitzt und deine Muskeln so richtig zur Geltung kommen! Online Shopping ist genial, oder? Du kannst in Ruhe st\u00f6bern, und ich wei\u00df genau, dass du es [&hellip;]<\/p>\n","protected":false},"author":2,"featured_media":35935,"parent":0,"menu_order":0,"comment_status":"closed","ping_status":"closed","template":"","meta":{"footnotes":""},"class_list":["post-22729","page","type-page","status-publish","has-post-thumbnail","hentry"],"yoast_head":"<!-- This site is optimized with the Yoast SEO Premium plugin v26.6 (Yoast SEO v27.6) - https:\/\/yoast.com\/product\/yoast-seo-premium-wordpress\/ -->\n<title>Ma\u00dftabelle f\u00fcr M\u00e4nner \u2013 Perfekte Passform, hei\u00dfer Look<\/title>\n<meta name=\"description\" content=\"Ma\u00dftabelle: Finde die perfekte Gr\u00f6\u00dfe und zeig deine Muskeln \u2013 eng oder locker, du entscheidest, wie hei\u00df du aussehen willst!\" \/>\n<meta name=\"robots\" content=\"index, follow, max-snippet:-1, max-image-preview:large, max-video-preview:-1\" \/>\n<link rel=\"canonical\" href=\"https:\/\/zlcopenhagen.com\/de\/masstabelle-perfekte-passform-online-shopping\/\" \/>\n<meta property=\"og:locale\" content=\"de_DE\" \/>\n<meta property=\"og:type\" content=\"article\" \/>\n<meta property=\"og:title\" content=\"ZLCOPENHAGEN | Cross-Cultural Menswear &amp; Ethical Style\" \/>\n<meta property=\"og:description\" content=\"Discover ZLCOPENHAGEN: Danish-Punjabi fusion in ethical menswear. Born from activism. Built on bold design. Worn with purpose.\" \/>\n<meta property=\"og:url\" content=\"https:\/\/zlcopenhagen.com\/de\/masstabelle-perfekte-passform-online-shopping\/\" \/>\n<meta property=\"og:site_name\" content=\"zlcopenhagen.com\" \/>\n<meta property=\"article:modified_time\" content=\"2024-09-30T04:48:56+00:00\" \/>\n<meta property=\"og:image\" content=\"https:\/\/zlcopenhagen.com\/wp-content\/uploads\/2024\/09\/Masstabelle-Finde-die-perfekte-Groesse-und-zeig-deine-Muskeln-\u2013-eng-oder-locker-du-entscheidest-wie-heiss-du-aussehen-willst.jpg\" \/>\n\t<meta property=\"og:image:width\" content=\"1596\" \/>\n\t<meta property=\"og:image:height\" content=\"1812\" \/>\n\t<meta property=\"og:image:type\" content=\"image\/jpeg\" \/>\n<meta name=\"twitter:card\" content=\"summary_large_image\" \/>\n<meta name=\"twitter:label1\" content=\"Gesch\u00e4tzte Lesezeit\" \/>\n\t<meta name=\"twitter:data1\" content=\"4\u00a0Minuten\" \/>\n<!-- \/ Yoast SEO Premium plugin. -->","yoast_head_json":{"title":"Ma\u00dftabelle f\u00fcr M\u00e4nner \u2013 Perfekte Passform, hei\u00dfer Look","description":"Ma\u00dftabelle: Finde die perfekte Gr\u00f6\u00dfe und zeig deine Muskeln \u2013 eng oder locker, du entscheidest, wie hei\u00df du aussehen willst!","robots":{"index":"index","follow":"follow","max-snippet":"max-snippet:-1","max-image-preview":"max-image-preview:large","max-video-preview":"max-video-preview:-1"},"canonical":"https:\/\/zlcopenhagen.com\/de\/masstabelle-perfekte-passform-online-shopping\/","og_locale":"de_DE","og_type":"article","og_title":"ZLCOPENHAGEN | Cross-Cultural Menswear & Ethical Style","og_description":"Discover ZLCOPENHAGEN: Danish-Punjabi fusion in ethical menswear. Born from activism. Built on bold design. Worn with purpose.","og_url":"https:\/\/zlcopenhagen.com\/de\/masstabelle-perfekte-passform-online-shopping\/","og_site_name":"zlcopenhagen.com","article_modified_time":"2024-09-30T04:48:56+00:00","og_image":[{"width":1596,"height":1812,"url":"https:\/\/zlcopenhagen.com\/wp-content\/uploads\/2024\/09\/Masstabelle-Finde-die-perfekte-Groesse-und-zeig-deine-Muskeln-\u2013-eng-oder-locker-du-entscheidest-wie-heiss-du-aussehen-willst.jpg","type":"image\/jpeg"}],"twitter_card":"summary_large_image","twitter_misc":{"Gesch\u00e4tzte Lesezeit":"4\u00a0Minuten"},"schema":{"@context":"https:\/\/schema.org","@graph":[{"@type":"WebPage","@id":"https:\/\/zlcopenhagen.com\/de\/masstabelle-perfekte-passform-online-shopping\/","url":"https:\/\/zlcopenhagen.com\/de\/masstabelle-perfekte-passform-online-shopping\/","name":"Ma\u00dftabelle f\u00fcr M\u00e4nner \u2013 Perfekte Passform, hei\u00dfer Look","isPartOf":{"@id":"https:\/\/zlcopenhagen.com\/#website"},"primaryImageOfPage":{"@id":"https:\/\/zlcopenhagen.com\/de\/masstabelle-perfekte-passform-online-shopping\/#primaryimage"},"image":{"@id":"https:\/\/zlcopenhagen.com\/de\/masstabelle-perfekte-passform-online-shopping\/#primaryimage"},"thumbnailUrl":"https:\/\/zlcopenhagen.com\/wp-content\/uploads\/2024\/09\/Masstabelle-Finde-die-perfekte-Groesse-und-zeig-deine-Muskeln-\u2013-eng-oder-locker-du-entscheidest-wie-heiss-du-aussehen-willst.jpg","datePublished":"2018-03-13T06:47:55+00:00","dateModified":"2024-09-30T04:48:56+00:00","description":"Ma\u00dftabelle: Finde die perfekte Gr\u00f6\u00dfe und zeig deine Muskeln \u2013 eng oder locker, du entscheidest, wie hei\u00df du aussehen willst!","breadcrumb":{"@id":"https:\/\/zlcopenhagen.com\/de\/masstabelle-perfekte-passform-online-shopping\/#breadcrumb"},"inLanguage":"de","potentialAction":[{"@type":"ReadAction","target":["https:\/\/zlcopenhagen.com\/de\/masstabelle-perfekte-passform-online-shopping\/"]}]},{"@type":"ImageObject","inLanguage":"de","@id":"https:\/\/zlcopenhagen.com\/de\/masstabelle-perfekte-passform-online-shopping\/#primaryimage","url":"https:\/\/zlcopenhagen.com\/wp-content\/uploads\/2024\/09\/Masstabelle-Finde-die-perfekte-Groesse-und-zeig-deine-Muskeln-\u2013-eng-oder-locker-du-entscheidest-wie-heiss-du-aussehen-willst.jpg","contentUrl":"https:\/\/zlcopenhagen.com\/wp-content\/uploads\/2024\/09\/Masstabelle-Finde-die-perfekte-Groesse-und-zeig-deine-Muskeln-\u2013-eng-oder-locker-du-entscheidest-wie-heiss-du-aussehen-willst.jpg","width":1596,"height":1812,"caption":"Der freche ZLC-Mann zeigt seine Muskeln \u2013 Ma\u00dftabelle f\u00fcr die perfekte Passform"},{"@type":"BreadcrumbList","@id":"https:\/\/zlcopenhagen.com\/de\/masstabelle-perfekte-passform-online-shopping\/#breadcrumb","itemListElement":[{"@type":"ListItem","position":1,"name":"Home","item":"https:\/\/zlcopenhagen.com\/de\/"},{"@type":"ListItem","position":2,"name":"MA\u00dfTABELLE F\u00dcR PERFEKTE PASSFORM BEIM ONLINE SHOPPING"}]},{"@type":"WebSite","@id":"https:\/\/zlcopenhagen.com\/#website","url":"https:\/\/zlcopenhagen.com\/","name":"zlcopenhagen.com","description":"","publisher":{"@id":"https:\/\/zlcopenhagen.com\/#organization"},"potentialAction":[{"@type":"SearchAction","target":{"@type":"EntryPoint","urlTemplate":"https:\/\/zlcopenhagen.com\/?s={search_term_string}"},"query-input":{"@type":"PropertyValueSpecification","valueRequired":true,"valueName":"search_term_string"}}],"inLanguage":"de"},{"@type":["Organization","Place"],"@id":"https:\/\/zlcopenhagen.com\/#organization","name":"ZLCOPENHAGEN","alternateName":"ZLCOPENHAGEN","url":"https:\/\/zlcopenhagen.com\/","logo":{"@id":"https:\/\/zlcopenhagen.com\/de\/masstabelle-perfekte-passform-online-shopping\/#local-main-organization-logo"},"image":{"@id":"https:\/\/zlcopenhagen.com\/de\/masstabelle-perfekte-passform-online-shopping\/#local-main-organization-logo"},"sameAs":["https:\/\/www.youtube.com\/channel\/UCy7JINwB6DMr2fA9yHpDQJg"],"telephone":[],"openingHoursSpecification":[{"@type":"OpeningHoursSpecification","dayOfWeek":["Monday","Tuesday","Wednesday","Thursday","Friday","Saturday","Sunday"],"opens":"09:00","closes":"17:00"}]},{"@type":"ImageObject","inLanguage":"de","@id":"https:\/\/zlcopenhagen.com\/de\/masstabelle-perfekte-passform-online-shopping\/#local-main-organization-logo","url":"https:\/\/zlcopenhagen.com\/wp-content\/uploads\/2016\/05\/blog-logo.jpg","contentUrl":"https:\/\/zlcopenhagen.com\/wp-content\/uploads\/2016\/05\/blog-logo.jpg","width":68,"height":68,"caption":"ZLCOPENHAGEN"}]}},"_links":{"self":[{"href":"https:\/\/zlcopenhagen.com\/de\/wp-json\/wp\/v2\/pages\/22729","targetHints":{"allow":["GET"]}}],"collection":[{"href":"https:\/\/zlcopenhagen.com\/de\/wp-json\/wp\/v2\/pages"}],"about":[{"href":"https:\/\/zlcopenhagen.com\/de\/wp-json\/wp\/v2\/types\/page"}],"author":[{"embeddable":true,"href":"https:\/\/zlcopenhagen.com\/de\/wp-json\/wp\/v2\/users\/2"}],"replies":[{"embeddable":true,"href":"https:\/\/zlcopenhagen.com\/de\/wp-json\/wp\/v2\/comments?post=22729"}],"version-history":[{"count":5,"href":"https:\/\/zlcopenhagen.com\/de\/wp-json\/wp\/v2\/pages\/22729\/revisions"}],"predecessor-version":[{"id":35941,"href":"https:\/\/zlcopenhagen.com\/de\/wp-json\/wp\/v2\/pages\/22729\/revisions\/35941"}],"wp:featuredmedia":[{"embeddable":true,"href":"https:\/\/zlcopenhagen.com\/de\/wp-json\/wp\/v2\/media\/35935"}],"wp:attachment":[{"href":"https:\/\/zlcopenhagen.com\/de\/wp-json\/wp\/v2\/media?parent=22729"}],"curies":[{"name":"wp","href":"https:\/\/api.w.org\/{rel}","templated":true}]}}