{"id":22727,"date":"2026-01-10T07:45:56","date_gmt":"2026-01-10T06:45:56","guid":{"rendered":"https:\/\/zlcopenhagen.com\/secure-shopping\/"},"modified":"2026-01-14T04:40:13","modified_gmt":"2026-01-14T03:40:13","slug":"sicher-einkaufen","status":"publish","type":"page","link":"https:\/\/zlcopenhagen.com\/de\/sicher-einkaufen\/","title":{"rendered":"SICHER EINKAUFEN BEI ZLCOPENHAGEN"},"content":{"rendered":"<p>[spb_text_block animation=&#8221;none&#8221; animation_delay=&#8221;0&#8243; simplified_controls=&#8221;yes&#8221; custom_css_percentage=&#8221;no&#8221; padding_vertical=&#8221;0&#8243; padding_horizontal=&#8221;0&#8243; margin_vertical=&#8221;0&#8243; custom_css=&#8221;margin-top: 0px;margin-bottom: 0px;&#8221; border_size=&#8221;0&#8243; border_styling_global=&#8221;default&#8221; width=&#8221;1\/1&#8243; el_position=&#8221;first last&#8221;]<\/p>\n<h1>SICHERES EINKAUFEN BEI ZLCOPENHAGEN<\/h1>\n<p>Ihre Sicherheit und der Schutz Ihrer pers\u00f6nlichen Daten haben f\u00fcr uns h\u00f6chste Priorit\u00e4t.<br \/>\nBei ZLCOPENHAGEN einkaufen bedeutet, auf gepr\u00fcfte Sicherheitsstandards und einen vertrauensw\u00fcrdigen Bestellprozess zu setzen.<\/p>\n<h2>DATENSCHUTZ &amp; SICHERHEIT BEI ZLCOPENHAGEN<\/h2>\n<p>F\u00fcr die Abwicklung Ihrer Bestellung ben\u00f6tigen wir lediglich notwendige Informationen wie Rechnungs- und Lieferadresse.<br \/>\nAlle personenbezogenen Daten sind durch Ihr Benutzerkonto gesch\u00fctzt und werden niemals an Dritte weitergegeben oder verkauft.<\/p>\n<h3>SSL-VERSCHL\u00dcSSELUNG<\/h3>\n<p>Unsere Website verwendet SSL-Technologie (Secure Sockets Layer), um alle Daten verschl\u00fcsselt zu \u00fcbertragen.<br \/>\nSo stellen wir sicher, dass Ihre Informationen jederzeit vertraulich und gesch\u00fctzt bleiben.<\/p>\n<h3>SICHERE ZAHLUNGSMETHODEN<\/h3>\n<p>Zahlungen erfolgen ausschlie\u00dflich \u00fcber sichere und etablierte Zahlungsanbieter wie PayPal oder Epay.<br \/>\nIm Bestellprozess erhalten Sie stets eine vollst\u00e4ndige \u00dcbersicht \u00fcber Ihre ausgew\u00e4hlten Produkte und den Gesamtbetrag,<br \/>\nbevor Sie auf unseren gesicherten Zahlungsserver weitergeleitet werden.<\/p>\n<h3>100 % SICHERES EINKAUFEN<\/h3>\n<p>Der Rechnungsbetrag wird erst dann abgebucht, wenn Ihre Bestellung unser Lager verl\u00e4sst.<br \/>\nAlle Zahlungs- und Bestelldaten werden vertraulich behandelt und gem\u00e4\u00df geltender Datenschutzbestimmungen verarbeitet.<\/p>\n<p><strong>Datenschutz:\u00a0<\/strong><a href=\"https:\/\/zlcopenhagen.com\/de\/datenschutzrichtlinie\/\">Datenschutzrichtlinie von ZLCOPENHAGEN<br \/>\n<\/a><\/p>\n<p>[\/spb_text_block] [spb_blank_spacer height=&#8221;30px&#8221; width=&#8221;1\/1&#8243; el_position=&#8221;first last&#8221;] [spb_blank_spacer height=&#8221;30px&#8221; width=&#8221;1\/1&#8243; el_position=&#8221;first last&#8221;] [spb_image image=&#8221;15862&#8243; image_size=&#8221;full&#8221; frame=&#8221;noframe&#8221; caption_pos=&#8221;hover&#8221; remove_rounded=&#8221;yes&#8221; fullwidth=&#8221;no&#8221; overflow_mode=&#8221;none&#8221; link_target=&#8221;_self&#8221; lightbox=&#8221;no&#8221; intro_animation=&#8221;none&#8221; animation_delay=&#8221;200&#8243; width=&#8221;1\/1&#8243; el_position=&#8221;first last&#8221;][\/spb_image] [spb_blank_spacer height=&#8221;30px&#8221; width=&#8221;1\/1&#8243; el_position=&#8221;first last&#8221;] [spb_blank_spacer height=&#8221;30px&#8221; width=&#8221;1\/1&#8243; el_position=&#8221;first last&#8221;] [spb_text_block animation=&#8221;none&#8221; animation_delay=&#8221;0&#8243; simplified_controls=&#8221;yes&#8221; custom_css_percentage=&#8221;no&#8221; padding_vertical=&#8221;0&#8243; padding_horizontal=&#8221;0&#8243; margin_vertical=&#8221;0&#8243; custom_css=&#8221;margin-top: 0px;margin-bottom: 0px;&#8221; border_size=&#8221;0&#8243; border_styling_global=&#8221;default&#8221; width=&#8221;1\/1&#8243; el_position=&#8221;first last&#8221;]<\/p>\n<h2>H\u00c4UFIG GESTELLTE FRAGEN ZUM SICHEREN EINKAUF<\/h2>\n<p>Hier finden Sie Antworten auf h\u00e4ufige Fragen zu Zahlung, Datenschutz,<br \/>\nVersand und sicheren Bestellprozessen bei ZLCOPENHAGEN.<br \/>\nTransparent, klar und ohne \u00dcberraschungen.<\/p>\n<p><a href=\"https:\/\/zlcopenhagen.com\/de\/haeufig-gestellte-fragen-zu-zlcopenhagen\/\"><br \/>\nH\u00e4ufig gestellte Fragen (FAQ) zu Bestellung &amp; Service<br \/>\n<\/a><\/p>\n<p><a href=\"https:\/\/zlcopenhagen.com\/de\/waschen-symbole-wasser-temperature\/\">Waschsymbole &amp; Wassertemperaturen richtig verstehen<br \/>\n<\/a><\/p>\n<h2>BELIEBTE PRODUKTE BEI ZLCOPENHAGEN<\/h2>\n<p>Viele unserer Kunden kombinieren sicheres Einkaufen mit zeitlosem Design \u2013<br \/>\nentdecken Sie eine Auswahl unserer beliebtesten Styles.<\/p>\n<p>[\/spb_text_block] [spb_blank_spacer height=&#8221;30px&#8221; width=&#8221;1\/1&#8243; el_position=&#8221;first last&#8221;] [spb_products element_name=&#8221;BELIEBTE PRODUKTE BEI ZLCOPENHAGEN&#8221; title=&#8221;BELIEBTE PRODUKTE BEI ZLCOPENHAGEN&#8221; asset_type=&#8221;best-sellers&#8221; category=&#8221;armbaender,from-soldier-to-soldier-worldwide&#8221; display_type=&#8221;standard&#8221; display_layout=&#8221;standard&#8221; multi_masonry=&#8221;no&#8221; carousel=&#8221;yes&#8221; fullwidth=&#8221;no&#8221; columns=&#8221;4&#8243; item_count=&#8221;8&#8243; order=&#8221;DESC&#8221; button_enabled=&#8221;no&#8221; width=&#8221;1\/1&#8243; el_position=&#8221;first last&#8221;]<\/p>\n","protected":false},"excerpt":{"rendered":"<p>[spb_text_block animation=&#8221;none&#8221; animation_delay=&#8221;0&#8243; simplified_controls=&#8221;yes&#8221; custom_css_percentage=&#8221;no&#8221; padding_vertical=&#8221;0&#8243; padding_horizontal=&#8221;0&#8243; margin_vertical=&#8221;0&#8243; custom_css=&#8221;margin-top: 0px;margin-bottom: 0px;&#8221; border_size=&#8221;0&#8243; border_styling_global=&#8221;default&#8221; width=&#8221;1\/1&#8243; el_position=&#8221;first last&#8221;] SICHERES EINKAUFEN BEI ZLCOPENHAGEN Ihre Sicherheit und der Schutz Ihrer pers\u00f6nlichen Daten haben f\u00fcr uns h\u00f6chste Priorit\u00e4t. Bei ZLCOPENHAGEN einkaufen bedeutet, auf gepr\u00fcfte Sicherheitsstandards und einen vertrauensw\u00fcrdigen Bestellprozess zu setzen. DATENSCHUTZ &amp; SICHERHEIT BEI ZLCOPENHAGEN F\u00fcr die Abwicklung Ihrer Bestellung ben\u00f6tigen wir lediglich notwendige [&hellip;]<\/p>\n","protected":false},"author":2,"featured_media":15864,"parent":0,"menu_order":0,"comment_status":"closed","ping_status":"closed","template":"","meta":{"footnotes":""},"class_list":["post-22727","page","type-page","status-publish","has-post-thumbnail","hentry"],"yoast_head":"<!-- This site is optimized with the Yoast SEO Premium plugin v26.6 (Yoast SEO v27.6) - https:\/\/yoast.com\/product\/yoast-seo-premium-wordpress\/ -->\n<title>Sicher Einkaufen bei ZLCOPENHAGEN | SSL &amp; sichere Zahlung<\/title>\n<meta name=\"description\" content=\"Sicher einkaufen bei ZLCOPENHAGEN: SSL-Verschl\u00fcsselung, gesch\u00fctzte Zahlungen und Datenschutz nach EU-Standard. Vertrauen Sie auf sicheren Online-Einkauf.\" \/>\n<meta name=\"robots\" content=\"index, follow, max-snippet:-1, max-image-preview:large, max-video-preview:-1\" \/>\n<link rel=\"canonical\" href=\"https:\/\/zlcopenhagen.com\/de\/sicher-einkaufen\/\" \/>\n<meta property=\"og:locale\" content=\"de_DE\" \/>\n<meta property=\"og:type\" content=\"article\" \/>\n<meta property=\"og:title\" content=\"ZLCOPENHAGEN | Cross-Cultural Menswear &amp; Ethical Style\" \/>\n<meta property=\"og:description\" content=\"Discover ZLCOPENHAGEN: Danish-Punjabi fusion in ethical menswear. Born from activism. Built on bold design. Worn with purpose.\" \/>\n<meta property=\"og:url\" content=\"https:\/\/zlcopenhagen.com\/de\/sicher-einkaufen\/\" \/>\n<meta property=\"og:site_name\" content=\"zlcopenhagen.com\" \/>\n<meta property=\"article:modified_time\" content=\"2026-01-14T03:40:13+00:00\" \/>\n<meta property=\"og:image\" content=\"https:\/\/zlcopenhagen.com\/wp-content\/uploads\/2016\/05\/large-2.jpg\" \/>\n\t<meta property=\"og:image:width\" content=\"1700\" \/>\n\t<meta property=\"og:image:height\" content=\"956\" \/>\n\t<meta property=\"og:image:type\" content=\"image\/jpeg\" \/>\n<meta name=\"twitter:card\" content=\"summary_large_image\" \/>\n<meta name=\"twitter:label1\" content=\"Gesch\u00e4tzte Lesezeit\" \/>\n\t<meta name=\"twitter:data1\" content=\"2\u00a0Minuten\" \/>\n<!-- \/ Yoast SEO Premium plugin. -->","yoast_head_json":{"title":"Sicher Einkaufen bei ZLCOPENHAGEN | SSL & sichere Zahlung","description":"Sicher einkaufen bei ZLCOPENHAGEN: SSL-Verschl\u00fcsselung, gesch\u00fctzte Zahlungen und Datenschutz nach EU-Standard. Vertrauen Sie auf sicheren Online-Einkauf.","robots":{"index":"index","follow":"follow","max-snippet":"max-snippet:-1","max-image-preview":"max-image-preview:large","max-video-preview":"max-video-preview:-1"},"canonical":"https:\/\/zlcopenhagen.com\/de\/sicher-einkaufen\/","og_locale":"de_DE","og_type":"article","og_title":"ZLCOPENHAGEN | Cross-Cultural Menswear & Ethical Style","og_description":"Discover ZLCOPENHAGEN: Danish-Punjabi fusion in ethical menswear. Born from activism. Built on bold design. Worn with purpose.","og_url":"https:\/\/zlcopenhagen.com\/de\/sicher-einkaufen\/","og_site_name":"zlcopenhagen.com","article_modified_time":"2026-01-14T03:40:13+00:00","og_image":[{"width":1700,"height":956,"url":"https:\/\/zlcopenhagen.com\/wp-content\/uploads\/2016\/05\/large-2.jpg","type":"image\/jpeg"}],"twitter_card":"summary_large_image","twitter_misc":{"Gesch\u00e4tzte Lesezeit":"2\u00a0Minuten"},"schema":{"@context":"https:\/\/schema.org","@graph":[{"@type":"WebPage","@id":"https:\/\/zlcopenhagen.com\/de\/sicher-einkaufen\/","url":"https:\/\/zlcopenhagen.com\/de\/sicher-einkaufen\/","name":"Sicher Einkaufen bei ZLCOPENHAGEN | SSL & sichere Zahlung","isPartOf":{"@id":"https:\/\/zlcopenhagen.com\/#website"},"primaryImageOfPage":{"@id":"https:\/\/zlcopenhagen.com\/de\/sicher-einkaufen\/#primaryimage"},"image":{"@id":"https:\/\/zlcopenhagen.com\/de\/sicher-einkaufen\/#primaryimage"},"thumbnailUrl":"https:\/\/zlcopenhagen.com\/wp-content\/uploads\/2016\/05\/large-2.jpg","datePublished":"2026-01-10T06:45:56+00:00","dateModified":"2026-01-14T03:40:13+00:00","description":"Sicher einkaufen bei ZLCOPENHAGEN: SSL-Verschl\u00fcsselung, gesch\u00fctzte Zahlungen und Datenschutz nach EU-Standard. Vertrauen Sie auf sicheren Online-Einkauf.","breadcrumb":{"@id":"https:\/\/zlcopenhagen.com\/de\/sicher-einkaufen\/#breadcrumb"},"inLanguage":"de","potentialAction":[{"@type":"ReadAction","target":["https:\/\/zlcopenhagen.com\/de\/sicher-einkaufen\/"]}]},{"@type":"ImageObject","inLanguage":"de","@id":"https:\/\/zlcopenhagen.com\/de\/sicher-einkaufen\/#primaryimage","url":"https:\/\/zlcopenhagen.com\/wp-content\/uploads\/2016\/05\/large-2.jpg","contentUrl":"https:\/\/zlcopenhagen.com\/wp-content\/uploads\/2016\/05\/large-2.jpg","width":1700,"height":956,"caption":"Betal trygt med Visa, MasterCard og PayPal. Vi bruger SSL og h\u00f8j datasikkerhed \u2013 din tillid betyder alt."},{"@type":"BreadcrumbList","@id":"https:\/\/zlcopenhagen.com\/de\/sicher-einkaufen\/#breadcrumb","itemListElement":[{"@type":"ListItem","position":1,"name":"Home","item":"https:\/\/zlcopenhagen.com\/de\/"},{"@type":"ListItem","position":2,"name":"SICHER EINKAUFEN BEI ZLCOPENHAGEN"}]},{"@type":"WebSite","@id":"https:\/\/zlcopenhagen.com\/#website","url":"https:\/\/zlcopenhagen.com\/","name":"zlcopenhagen.com","description":"","publisher":{"@id":"https:\/\/zlcopenhagen.com\/#organization"},"potentialAction":[{"@type":"SearchAction","target":{"@type":"EntryPoint","urlTemplate":"https:\/\/zlcopenhagen.com\/?s={search_term_string}"},"query-input":{"@type":"PropertyValueSpecification","valueRequired":true,"valueName":"search_term_string"}}],"inLanguage":"de"},{"@type":["Organization","Place"],"@id":"https:\/\/zlcopenhagen.com\/#organization","name":"ZLCOPENHAGEN","alternateName":"ZLCOPENHAGEN","url":"https:\/\/zlcopenhagen.com\/","logo":{"@id":"https:\/\/zlcopenhagen.com\/de\/sicher-einkaufen\/#local-main-organization-logo"},"image":{"@id":"https:\/\/zlcopenhagen.com\/de\/sicher-einkaufen\/#local-main-organization-logo"},"sameAs":["https:\/\/www.youtube.com\/channel\/UCy7JINwB6DMr2fA9yHpDQJg"],"telephone":[],"openingHoursSpecification":[{"@type":"OpeningHoursSpecification","dayOfWeek":["Monday","Tuesday","Wednesday","Thursday","Friday","Saturday","Sunday"],"opens":"09:00","closes":"17:00"}]},{"@type":"ImageObject","inLanguage":"de","@id":"https:\/\/zlcopenhagen.com\/de\/sicher-einkaufen\/#local-main-organization-logo","url":"https:\/\/zlcopenhagen.com\/wp-content\/uploads\/2016\/05\/blog-logo.jpg","contentUrl":"https:\/\/zlcopenhagen.com\/wp-content\/uploads\/2016\/05\/blog-logo.jpg","width":68,"height":68,"caption":"ZLCOPENHAGEN"}]}},"_links":{"self":[{"href":"https:\/\/zlcopenhagen.com\/de\/wp-json\/wp\/v2\/pages\/22727","targetHints":{"allow":["GET"]}}],"collection":[{"href":"https:\/\/zlcopenhagen.com\/de\/wp-json\/wp\/v2\/pages"}],"about":[{"href":"https:\/\/zlcopenhagen.com\/de\/wp-json\/wp\/v2\/types\/page"}],"author":[{"embeddable":true,"href":"https:\/\/zlcopenhagen.com\/de\/wp-json\/wp\/v2\/users\/2"}],"replies":[{"embeddable":true,"href":"https:\/\/zlcopenhagen.com\/de\/wp-json\/wp\/v2\/comments?post=22727"}],"version-history":[{"count":8,"href":"https:\/\/zlcopenhagen.com\/de\/wp-json\/wp\/v2\/pages\/22727\/revisions"}],"predecessor-version":[{"id":56424,"href":"https:\/\/zlcopenhagen.com\/de\/wp-json\/wp\/v2\/pages\/22727\/revisions\/56424"}],"wp:featuredmedia":[{"embeddable":true,"href":"https:\/\/zlcopenhagen.com\/de\/wp-json\/wp\/v2\/media\/15864"}],"wp:attachment":[{"href":"https:\/\/zlcopenhagen.com\/de\/wp-json\/wp\/v2\/media?parent=22727"}],"curies":[{"name":"wp","href":"https:\/\/api.w.org\/{rel}","templated":true}]}}