{"id":22726,"date":"2018-03-13T07:44:53","date_gmt":"2018-03-13T06:44:53","guid":{"rendered":"https:\/\/zlcopenhagen.com\/privacy-policy\/"},"modified":"2024-09-30T06:25:18","modified_gmt":"2024-09-30T05:25:18","slug":"datenschutzrichtlinie","status":"publish","type":"page","link":"https:\/\/zlcopenhagen.com\/de\/datenschutzrichtlinie\/","title":{"rendered":"Datenschutz Bestimmungen"},"content":{"rendered":"<div class=\"flex-shrink-0 flex flex-col relative items-end\">\n<div>\n<div class=\"pt-0\">\n<div class=\"gizmo-bot-avatar flex h-8 w-8 items-center justify-center overflow-hidden rounded-full\">\n<h1 class=\"relative p-1 rounded-sm flex items-center justify-center bg-token-main-surface-primary text-token-text-primary h-8 w-8\">DATENSCHUTZRICHTLINIE<\/h1>\n<h2 class=\"relative p-1 rounded-sm flex items-center justify-center bg-token-main-surface-primary text-token-text-primary h-8 w-8\">JA, WIR WISSEN, ES IST LANGWEILIG&#8230;<\/h2>\n<\/div>\n<\/div>\n<\/div>\n<\/div>\n<div class=\"group\/conversation-turn relative flex w-full min-w-0 flex-col agent-turn\">\n<div class=\"flex-col gap-1 md:gap-3\">\n<div class=\"flex max-w-full flex-col flex-grow\">\n<div class=\"min-h-8 text-message flex w-full flex-col items-end gap-2 whitespace-normal break-words [.text-message+&amp;]:mt-5\" dir=\"auto\" data-message-author-role=\"assistant\" data-message-id=\"0982ebf5-eb69-4fd1-9ffc-82409fbf88ea\">\n<div class=\"flex w-full flex-col gap-1 empty:hidden first:pt-[3px]\">\n<div class=\"markdown prose w-full break-words dark:prose-invert light\">\n<p>Ja, wir wissen, es ist nicht das spannendste Thema der Welt \u2013 aber hey, auch die <strong>Datenschutzrichtlinie<\/strong> muss mal erw\u00e4hnt werden! Keine Sorge, wir halten es kurz und knackig. Wenn du lieber etwas unterhaltsameres lesen m\u00f6chtest, wie zum Beispiel, wie wir uns um unsere Kunden k\u00fcmmern, schau doch mal bei unserem <strong><a href=\"https:\/\/zlcopenhagen.com\/de\/kunden-service\/\" target=\"_new\" rel=\"noopener\">Kundenservice<\/a><\/strong> oder den <strong><a href=\"https:\/\/zlcopenhagen.com\/de\/haeufig-gestellte-fragen-zu-zlcopenhagen\/\" target=\"_new\" rel=\"noopener\">h\u00e4ufig gestellten Fragen<\/a><\/strong> vorbei. Oder m\u00f6chtest du mehr \u00fcber unsere Umweltverantwortung erfahren? Dann hier entlang zur <strong><a href=\"https:\/\/zlcopenhagen.com\/de\/umwelt-und-csr\/\" target=\"_new\" rel=\"noopener\">Umwelt- und CSR-Seite<\/a><\/strong>. Aber wenn du wirklich was Hei\u00dfes willst, dann g\u00f6nn dir eine kleine Auszeit beim <strong><a href=\"https:\/\/zlcopenhagen.com\/de\/wellness-spa-beckenbodentraining-mann\/\" target=\"_new\" rel=\"noopener\">Wellness Spa und Beckenbodentraining<\/a><\/strong>. \ud83d\ude09<\/p>\n<\/div>\n<\/div>\n<\/div>\n<\/div>\n<\/div>\n<\/div>\n<h3>DATENSCHUTZRICHTLINIE &#8211;\u00a0WAS WIR SAMMELN<\/h3>\n<p>Diese Datenschutzerkl\u00e4rung legt fest, wie wir Informationen verwenden und sch\u00fctzen, die Sie uns bei der Nutzung dieser Website geben. Wir sind verpflichtet, Ihre Privatsph\u00e4re zu sch\u00fctzen. Wenn wir Sie bitten, bestimmte Informationen bereitzustellen, anhand derer Sie identifiziert werden k\u00f6nnen, k\u00f6nnen Sie sicher sein, dass diese nur in \u00dcbereinstimmung mit dieser Datenschutzerkl\u00e4rung verwendet werden. Wir k\u00f6nnen diese Richtlinie von Zeit zu Zeit durch Aktualisierung dieser Seite \u00e4ndern. Sie sollten diese Seite regelm\u00e4\u00dfig \u00fcberpr\u00fcfen, um sicherzustellen, dass Sie mit den \u00c4nderungen einverstanden sind.<\/p>\n<p><strong>Wir k\u00f6nnen folgende Informationen sammeln:<\/strong><\/p>\n<ul>\n<li>Name<\/li>\n<li>Kontaktinformationen einschlie\u00dflich E-Mail-Adresse<\/li>\n<li>Demografische Informationen wie Postleitzahl, Vorlieben und Interessen<\/li>\n<li>Sonstige Informationen, die f\u00fcr Kundenumfragen und\/oder Angebote relevant sind<\/li>\n<\/ul>\n<p>Die vollst\u00e4ndige Liste der von uns gesammelten Cookies finden Sie im Abschnitt \u201eListe der von uns gesammelten Cookies\u201c.<\/p>\n<h3>WAS WIR MIT DEN ERFASSTEN INFORMATIONEN MACHEN<\/h3>\n<p>Wir ben\u00f6tigen diese Informationen, um Ihre Bed\u00fcrfnisse zu verstehen und Ihnen einen besseren Service zu bieten, insbesondere aus den folgenden Gr\u00fcnden:<\/p>\n<ul>\n<li>Interne Aufzeichnungen.<\/li>\n<li>Wir verwenden die Informationen, um unsere Produkte und Dienstleistungen zu verbessern.<\/li>\n<li>Wir senden Ihnen gelegentlich Werbe-E-Mails \u00fcber neue Produkte, Sonderangebote oder andere Informationen, die f\u00fcr Sie interessant sein k\u00f6nnten.<\/li>\n<li>Von Zeit zu Zeit verwenden wir Ihre Informationen auch, um Sie zu Marktforschungszwecken zu kontaktieren. Wir k\u00f6nnen Sie per E-Mail, Telefon oder Post kontaktieren. Wir verwenden die Informationen, um die Website an Ihre Interessen anzupassen.<\/li>\n<\/ul>\n<h3>SICHERHEIT<\/h3>\n<p>Wir setzen uns daf\u00fcr ein, dass Ihre Informationen sicher sind. Um unbefugten Zugriff oder Offenlegung zu verhindern, haben wir geeignete physische, elektronische und verwaltungstechnische Verfahren eingerichtet, um die von uns online erfassten Informationen zu sch\u00fctzen und zu sichern.<\/p>\n<h3>WIE WIR COOKIES VERWENDEN<\/h3>\n<p>Ein Cookie ist eine kleine Datei, die um Erlaubnis bittet, auf der Festplatte Ihres Computers abgelegt zu werden. Sobald Sie zustimmen, wird die Datei hinzugef\u00fcgt und das Cookie hilft, den Webverkehr zu analysieren oder Sie wissen zu lassen, wenn Sie eine bestimmte Website besuchen. Cookies erm\u00f6glichen es Webanwendungen, auf Sie als Einzelperson zu reagieren. Die Webanwendung kann ihre Abl\u00e4ufe auf Ihre Bed\u00fcrfnisse, Vorlieben und Abneigungen abstimmen, indem sie Informationen \u00fcber Ihre Pr\u00e4ferenzen sammelt und speichert.<\/p>\n<p>Wir verwenden Traffic-Log-Cookies, um zu identifizieren, welche Seiten genutzt werden. Dies hilft uns, Daten \u00fcber den Website-Verkehr zu analysieren und unsere Website zu verbessern, um sie an Kundenbed\u00fcrfnisse anzupassen. Wir verwenden diese Informationen nur zu statistischen Analysezwecken, und danach werden die Daten aus dem System entfernt.<\/p>\n<p>Insgesamt helfen uns Cookies, Ihnen eine bessere Website bereitzustellen, indem sie uns erm\u00f6glichen, zu \u00fcberwachen, welche Seiten Sie n\u00fctzlich finden und welche nicht. Ein Cookie gibt uns in keiner Weise Zugriff auf Ihren Computer oder auf andere Informationen \u00fcber Sie, au\u00dfer den Daten, die Sie mit uns teilen. Sie k\u00f6nnen sich entscheiden, Cookies zu akzeptieren oder abzulehnen. Die meisten Webbrowser akzeptieren Cookies automatisch, aber Sie k\u00f6nnen Ihre Browsereinstellungen in der Regel \u00e4ndern, um Cookies abzulehnen, wenn Sie dies bevorzugen. Dies kann jedoch dazu f\u00fchren, dass Sie die Website nicht vollst\u00e4ndig nutzen k\u00f6nnen.<\/p>\n<h3>LINKS ZU ANDEREN WEBSITES<\/h3>\n<p>Unsere Website kann Links zu anderen Websites enthalten, die von Interesse sein k\u00f6nnten. Sobald Sie diese Links jedoch verwendet haben, um unsere Seite zu verlassen, sollten Sie beachten, dass wir keine Kontrolle \u00fcber diese andere Website haben. Daher k\u00f6nnen wir nicht f\u00fcr den Schutz und die Privatsph\u00e4re von Informationen verantwortlich sein, die Sie beim Besuch solcher Websites bereitstellen, und solche Websites unterliegen nicht dieser Datenschutzerkl\u00e4rung. Sie sollten vorsichtig sein und sich die Datenschutzerkl\u00e4rung der betreffenden Website ansehen.<\/p>\n<h3>STEUERUNG IHRER PERS\u00d6NLICHEN INFORMATIONEN<\/h3>\n<p>Sie k\u00f6nnen sich daf\u00fcr entscheiden, die Erfassung oder Nutzung Ihrer pers\u00f6nlichen Informationen wie folgt einzuschr\u00e4nken:<\/p>\n<ul>\n<li>Wann immer Sie aufgefordert werden, ein Formular auf der Website auszuf\u00fcllen, suchen Sie nach dem K\u00e4stchen, das Sie anklicken k\u00f6nnen, um anzuzeigen, dass Sie nicht m\u00f6chten, dass die Informationen f\u00fcr Direktmarketingzwecke verwendet werden.<\/li>\n<li>Wenn Sie zuvor zugestimmt haben, dass wir Ihre pers\u00f6nlichen Informationen f\u00fcr Direktmarketingzwecke verwenden d\u00fcrfen, k\u00f6nnen Sie Ihre Meinung jederzeit \u00e4ndern, indem Sie uns an <strong><a rel=\"noopener\">info@zlcopenhagen.com<\/a><\/strong> schreiben.<\/li>\n<\/ul>\n<p>Wir werden Ihre pers\u00f6nlichen Informationen nicht an Dritte verkaufen, verteilen oder vermieten, es sei denn, wir haben Ihre Erlaubnis oder sind gesetzlich dazu verpflichtet. Wir k\u00f6nnen Ihre pers\u00f6nlichen Informationen verwenden, um Ihnen Werbeinformationen \u00fcber Dritte zuzusenden, die f\u00fcr Sie von Interesse sein k\u00f6nnten, wenn Sie uns mitteilen, dass Sie dies w\u00fcnschen.<\/p>\n<p>Sie k\u00f6nnen Details zu pers\u00f6nlichen Informationen anfordern, die wir gem\u00e4\u00df dem Datenschutzgesetz von 1998 \u00fcber Sie gespeichert haben. Es wird eine kleine Geb\u00fchr erhoben. Wenn Sie eine Kopie der \u00fcber Sie gespeicherten Informationen w\u00fcnschen, schreiben Sie uns bitte.<\/p>\n<p>Wenn Sie der Meinung sind, dass Informationen, die wir \u00fcber Sie gespeichert haben, falsch oder unvollst\u00e4ndig sind, schreiben Sie uns bitte so bald wie m\u00f6glich per E-Mail an die oben genannte Adresse. Wir werden umgehend alle Informationen korrigieren, die sich als falsch herausstellen.<\/p>\n<p><strong><em>Du hast als Verbraucher gem\u00e4\u00df den EU-Vorschriften Rechte. Erfahre mehr hier: <a href=\"https:\/\/europa.eu\/youreurope\/citizens\/consumers\/shopping\/shopping-consumer-rights\/index_en.htm#:~:text=EU%20consumer%20protection%20rules%20ensure,Transparency%20online.\" target=\"_new\" rel=\"noopener\">EU-Verbraucherrechte<\/a>.<\/em><\/strong><\/p>\n<p>&nbsp;<\/p>\n<h2>LISTE DER VON UNS GESAMMELTEN COOKIES<\/h2>\n<p>Die folgende Tabelle listet die von uns gesammelten Cookies und welche Informationen sie speichern.<\/p>\n<p>Die untenstehende Tabelle listet die von uns gesammelten Cookies und welche Informationen sie speichern.<\/p>\n<table class=\"data-table\">\n<thead>\n<tr>\n<th>COOKIE-Name<\/th>\n<th class=\"style1\">COOKIE-Beschreibung<\/th>\n<\/tr>\n<\/thead>\n<tbody>\n<tr>\n<th>CART<\/th>\n<td class=\"style1\">Die Zuordnung zu deinem Warenkorb.<\/td>\n<\/tr>\n<tr>\n<th>CATEGORY_INFO<\/th>\n<td class=\"style1\">Speichert die Kategoriedaten auf der Seite, sodass Seiten schneller angezeigt werden k\u00f6nnen.<\/td>\n<\/tr>\n<tr>\n<th>COMPARE<\/th>\n<td class=\"style1\">Die Artikel, die du in der Liste &#8220;Produkte vergleichen&#8221; hast.<\/td>\n<\/tr>\n<tr>\n<th>CURRENCY<\/th>\n<td class=\"style1\">Deine bevorzugte W\u00e4hrung.<\/td>\n<\/tr>\n<tr>\n<th>CUSTOMER<\/th>\n<td class=\"style1\">Eine verschl\u00fcsselte Version deiner Kunden-ID im Shop.<\/td>\n<\/tr>\n<tr>\n<th>CUSTOMER_AUTH<\/th>\n<td class=\"style1\">Ein Indikator, ob du gerade im Shop eingeloggt bist.<\/td>\n<\/tr>\n<tr>\n<th>CUSTOMER_INFO<\/th>\n<td class=\"style1\">Eine verschl\u00fcsselte Version der Kundengruppe, der du angeh\u00f6rst.<\/td>\n<\/tr>\n<tr>\n<th>CUSTOMER_SEGMENT_IDS<\/th>\n<td class=\"style1\">Speichert die Kunden-Segment-ID.<\/td>\n<\/tr>\n<tr>\n<th>EXTERNAL_NO_CACHE<\/th>\n<td class=\"style1\">Ein Flag, das anzeigt, ob das Caching deaktiviert ist.<\/td>\n<\/tr>\n<tr>\n<th>FRONTEND<\/th>\n<td class=\"style1\">Deine Sitzungs-ID auf dem Server.<\/td>\n<\/tr>\n<tr>\n<th>GUEST-VIEW<\/th>\n<td class=\"style1\">Erm\u00f6glicht G\u00e4sten, ihre Bestellungen zu bearbeiten.<\/td>\n<\/tr>\n<tr>\n<th>LAST_CATEGORY<\/th>\n<td class=\"style1\">Die letzte Kategorie, die du besucht hast.<\/td>\n<\/tr>\n<tr>\n<th>LAST_PRODUCT<\/th>\n<td class=\"style1\">Das letzte Produkt, das du angesehen hast.<\/td>\n<\/tr>\n<tr>\n<th>NEWMESSAGE<\/th>\n<td class=\"style1\">Zeigt an, ob eine neue Nachricht eingegangen ist.<\/td>\n<\/tr>\n<tr>\n<th>NO_CACHE<\/th>\n<td class=\"style1\">Gibt an, ob die Nutzung des Caches erlaubt ist.<\/td>\n<\/tr>\n<tr>\n<th>PERSISTENT_SHOPPING_CART<\/th>\n<td class=\"style1\">Ein Link zu Informationen \u00fcber deinen Warenkorb und deine Ansichtshistorie, wenn du dies angefordert hast.<\/td>\n<\/tr>\n<tr>\n<th>POLL<\/th>\n<td class=\"style1\">Die ID von Umfragen, an denen du k\u00fcrzlich teilgenommen hast.<\/td>\n<\/tr>\n<tr>\n<th>POLLN<\/th>\n<td class=\"style1\">Informationen dar\u00fcber, an welchen Umfragen du teilgenommen hast.<\/td>\n<\/tr>\n<tr>\n<th>RECENTLYCOMPARED<\/th>\n<td class=\"style1\">Die Artikel, die du k\u00fcrzlich verglichen hast.<\/td>\n<\/tr>\n<tr>\n<th>STF<\/th>\n<td class=\"style1\">Informationen \u00fcber Produkte, die du Freunden per E-Mail gesendet hast.<\/td>\n<\/tr>\n<tr>\n<th>STORE<\/th>\n<td class=\"style1\">Die ausgew\u00e4hlte Shop-Ansicht oder Sprache.<\/td>\n<\/tr>\n<tr>\n<th>USER_ALLOWED_SAVE_COOKIE<\/th>\n<td class=\"style1\">Zeigt an, ob ein Kunde die Verwendung von Cookies erlaubt hat.<\/td>\n<\/tr>\n<tr>\n<th>VIEWED_PRODUCT_IDS<\/th>\n<td class=\"style1\">Die Produkte, die du k\u00fcrzlich angesehen hast.<\/td>\n<\/tr>\n<tr>\n<th>WISHLIST<\/th>\n<td class=\"style1\">Eine verschl\u00fcsselte Liste der Produkte, die du deiner Wunschliste hinzugef\u00fcgt hast.<\/td>\n<\/tr>\n<tr>\n<th>WISHLIST_CNT<\/th>\n<td class=\"style1\">Die Anzahl der Artikel in deiner Wunschliste.<\/td>\n<\/tr>\n<\/tbody>\n<\/table>\n","protected":false},"excerpt":{"rendered":"<p>DATENSCHUTZRICHTLINIE JA, WIR WISSEN, ES IST LANGWEILIG&#8230; Ja, wir wissen, es ist nicht das spannendste Thema der Welt \u2013 aber hey, auch die Datenschutzrichtlinie muss mal erw\u00e4hnt werden! Keine Sorge, wir halten es kurz und knackig. Wenn du lieber etwas unterhaltsameres lesen m\u00f6chtest, wie zum Beispiel, wie wir uns um unsere Kunden k\u00fcmmern, schau doch mal bei unserem Kundenservice oder [&hellip;]<\/p>\n","protected":false},"author":2,"featured_media":27888,"parent":0,"menu_order":0,"comment_status":"closed","ping_status":"closed","template":"","meta":{"footnotes":""},"class_list":["post-22726","page","type-page","status-publish","has-post-thumbnail","hentry"],"yoast_head":"<!-- This site is optimized with the Yoast SEO Premium plugin v26.6 (Yoast SEO v27.6) - https:\/\/yoast.com\/product\/yoast-seo-premium-wordpress\/ -->\n<title>Datenschutzrichtlinie \u2013 Sch\u00fctze Deine Privatsph\u00e4re<\/title>\n<meta name=\"description\" content=\"Datenschutzrichtlinie: Erfahre, welche Daten wir sammeln und wie wir sie verwenden. Deine Privatsph\u00e4re ist uns wichtig, und wir sch\u00fctzen ..\" \/>\n<meta name=\"robots\" content=\"index, follow, max-snippet:-1, max-image-preview:large, max-video-preview:-1\" \/>\n<link rel=\"canonical\" href=\"https:\/\/zlcopenhagen.com\/de\/datenschutzrichtlinie\/\" \/>\n<meta property=\"og:locale\" content=\"de_DE\" \/>\n<meta property=\"og:type\" content=\"article\" \/>\n<meta property=\"og:title\" content=\"ZLCOPENHAGEN | Cross-Cultural Menswear &amp; Ethical Style\" \/>\n<meta property=\"og:description\" content=\"Discover ZLCOPENHAGEN: Danish-Punjabi fusion in ethical menswear. Born from activism. Built on bold design. Worn with purpose.\" \/>\n<meta property=\"og:url\" content=\"https:\/\/zlcopenhagen.com\/de\/datenschutzrichtlinie\/\" \/>\n<meta property=\"og:site_name\" content=\"zlcopenhagen.com\" \/>\n<meta property=\"article:modified_time\" content=\"2024-09-30T05:25:18+00:00\" \/>\n<meta property=\"og:image\" content=\"https:\/\/zlcopenhagen.com\/wp-content\/uploads\/2014\/11\/zlc-.jpg\" \/>\n\t<meta property=\"og:image:width\" content=\"1908\" \/>\n\t<meta property=\"og:image:height\" content=\"1062\" \/>\n\t<meta property=\"og:image:type\" content=\"image\/jpeg\" \/>\n<meta name=\"twitter:card\" content=\"summary_large_image\" \/>\n<meta name=\"twitter:label1\" content=\"Gesch\u00e4tzte Lesezeit\" \/>\n\t<meta name=\"twitter:data1\" content=\"5\u00a0Minuten\" \/>\n<!-- \/ Yoast SEO Premium plugin. -->","yoast_head_json":{"title":"Datenschutzrichtlinie \u2013 Sch\u00fctze Deine Privatsph\u00e4re","description":"Datenschutzrichtlinie: Erfahre, welche Daten wir sammeln und wie wir sie verwenden. Deine Privatsph\u00e4re ist uns wichtig, und wir sch\u00fctzen ..","robots":{"index":"index","follow":"follow","max-snippet":"max-snippet:-1","max-image-preview":"max-image-preview:large","max-video-preview":"max-video-preview:-1"},"canonical":"https:\/\/zlcopenhagen.com\/de\/datenschutzrichtlinie\/","og_locale":"de_DE","og_type":"article","og_title":"ZLCOPENHAGEN | Cross-Cultural Menswear & Ethical Style","og_description":"Discover ZLCOPENHAGEN: Danish-Punjabi fusion in ethical menswear. Born from activism. Built on bold design. Worn with purpose.","og_url":"https:\/\/zlcopenhagen.com\/de\/datenschutzrichtlinie\/","og_site_name":"zlcopenhagen.com","article_modified_time":"2024-09-30T05:25:18+00:00","og_image":[{"width":1908,"height":1062,"url":"https:\/\/zlcopenhagen.com\/wp-content\/uploads\/2014\/11\/zlc-.jpg","type":"image\/jpeg"}],"twitter_card":"summary_large_image","twitter_misc":{"Gesch\u00e4tzte Lesezeit":"5\u00a0Minuten"},"schema":{"@context":"https:\/\/schema.org","@graph":[{"@type":"TechArticle","@id":"https:\/\/zlcopenhagen.com\/de\/datenschutzrichtlinie\/#article","isPartOf":{"@id":"https:\/\/zlcopenhagen.com\/de\/datenschutzrichtlinie\/"},"author":{"name":"ZLC Team","@id":"https:\/\/zlcopenhagen.com\/#\/schema\/person\/c7ce5649957ac4c1258910e89f0f5fb3"},"headline":"Datenschutz Bestimmungen","datePublished":"2018-03-13T06:44:53+00:00","dateModified":"2024-09-30T05:25:18+00:00","mainEntityOfPage":{"@id":"https:\/\/zlcopenhagen.com\/de\/datenschutzrichtlinie\/"},"wordCount":1251,"publisher":{"@id":"https:\/\/zlcopenhagen.com\/#organization"},"image":{"@id":"https:\/\/zlcopenhagen.com\/de\/datenschutzrichtlinie\/#primaryimage"},"thumbnailUrl":"https:\/\/zlcopenhagen.com\/wp-content\/uploads\/2016\/06\/MG_1777-scaled.jpg","inLanguage":"de"},{"@type":["WebPage","FAQPage"],"@id":"https:\/\/zlcopenhagen.com\/de\/datenschutzrichtlinie\/","url":"https:\/\/zlcopenhagen.com\/de\/datenschutzrichtlinie\/","name":"Datenschutzrichtlinie \u2013 Sch\u00fctze Deine Privatsph\u00e4re","isPartOf":{"@id":"https:\/\/zlcopenhagen.com\/#website"},"primaryImageOfPage":{"@id":"https:\/\/zlcopenhagen.com\/de\/datenschutzrichtlinie\/#primaryimage"},"image":{"@id":"https:\/\/zlcopenhagen.com\/de\/datenschutzrichtlinie\/#primaryimage"},"thumbnailUrl":"https:\/\/zlcopenhagen.com\/wp-content\/uploads\/2016\/06\/MG_1777-scaled.jpg","datePublished":"2018-03-13T06:44:53+00:00","dateModified":"2024-09-30T05:25:18+00:00","description":"Datenschutzrichtlinie: Erfahre, welche Daten wir sammeln und wie wir sie verwenden. Deine Privatsph\u00e4re ist uns wichtig, und wir sch\u00fctzen ..","breadcrumb":{"@id":"https:\/\/zlcopenhagen.com\/de\/datenschutzrichtlinie\/#breadcrumb"},"inLanguage":"de","potentialAction":[{"@type":"ReadAction","target":["https:\/\/zlcopenhagen.com\/de\/datenschutzrichtlinie\/"]}]},{"@type":"ImageObject","inLanguage":"de","@id":"https:\/\/zlcopenhagen.com\/de\/datenschutzrichtlinie\/#primaryimage","url":"https:\/\/zlcopenhagen.com\/wp-content\/uploads\/2016\/06\/MG_1777-scaled.jpg","contentUrl":"https:\/\/zlcopenhagen.com\/wp-content\/uploads\/2016\/06\/MG_1777-scaled.jpg","width":2560,"height":2560,"caption":"H\u00e4ufig gestellte Fragen - ZLCOPENHAGEN"},{"@type":"BreadcrumbList","@id":"https:\/\/zlcopenhagen.com\/de\/datenschutzrichtlinie\/#breadcrumb","itemListElement":[{"@type":"ListItem","position":1,"name":"Home","item":"https:\/\/zlcopenhagen.com\/de\/"},{"@type":"ListItem","position":2,"name":"Datenschutz Bestimmungen"}]},{"@type":"WebSite","@id":"https:\/\/zlcopenhagen.com\/#website","url":"https:\/\/zlcopenhagen.com\/","name":"zlcopenhagen.com","description":"","publisher":{"@id":"https:\/\/zlcopenhagen.com\/#organization"},"potentialAction":[{"@type":"SearchAction","target":{"@type":"EntryPoint","urlTemplate":"https:\/\/zlcopenhagen.com\/?s={search_term_string}"},"query-input":{"@type":"PropertyValueSpecification","valueRequired":true,"valueName":"search_term_string"}}],"inLanguage":"de"},{"@type":["Organization","Place"],"@id":"https:\/\/zlcopenhagen.com\/#organization","name":"ZLCOPENHAGEN","alternateName":"ZLCOPENHAGEN","url":"https:\/\/zlcopenhagen.com\/","logo":{"@id":"https:\/\/zlcopenhagen.com\/de\/datenschutzrichtlinie\/#local-main-organization-logo"},"image":{"@id":"https:\/\/zlcopenhagen.com\/de\/datenschutzrichtlinie\/#local-main-organization-logo"},"sameAs":["https:\/\/www.youtube.com\/channel\/UCy7JINwB6DMr2fA9yHpDQJg"],"telephone":[],"openingHoursSpecification":[{"@type":"OpeningHoursSpecification","dayOfWeek":["Monday","Tuesday","Wednesday","Thursday","Friday","Saturday","Sunday"],"opens":"09:00","closes":"17:00"}]},{"@type":"Person","@id":"https:\/\/zlcopenhagen.com\/#\/schema\/person\/c7ce5649957ac4c1258910e89f0f5fb3","name":"ZLC Team","image":{"@type":"ImageObject","inLanguage":"de","@id":"https:\/\/secure.gravatar.com\/avatar\/bb92a8e9bdde1cf2114b74dce44557ee57d3909986eab1422fc34e9cce350044?s=96&d=mm&r=g","url":"https:\/\/secure.gravatar.com\/avatar\/bb92a8e9bdde1cf2114b74dce44557ee57d3909986eab1422fc34e9cce350044?s=96&d=mm&r=g","contentUrl":"https:\/\/secure.gravatar.com\/avatar\/bb92a8e9bdde1cf2114b74dce44557ee57d3909986eab1422fc34e9cce350044?s=96&d=mm&r=g","caption":"ZLC Team"}},{"@type":"ImageObject","inLanguage":"de","@id":"https:\/\/zlcopenhagen.com\/de\/datenschutzrichtlinie\/#local-main-organization-logo","url":"https:\/\/zlcopenhagen.com\/wp-content\/uploads\/2016\/05\/blog-logo.jpg","contentUrl":"https:\/\/zlcopenhagen.com\/wp-content\/uploads\/2016\/05\/blog-logo.jpg","width":68,"height":68,"caption":"ZLCOPENHAGEN"}]}},"_links":{"self":[{"href":"https:\/\/zlcopenhagen.com\/de\/wp-json\/wp\/v2\/pages\/22726","targetHints":{"allow":["GET"]}}],"collection":[{"href":"https:\/\/zlcopenhagen.com\/de\/wp-json\/wp\/v2\/pages"}],"about":[{"href":"https:\/\/zlcopenhagen.com\/de\/wp-json\/wp\/v2\/types\/page"}],"author":[{"embeddable":true,"href":"https:\/\/zlcopenhagen.com\/de\/wp-json\/wp\/v2\/users\/2"}],"replies":[{"embeddable":true,"href":"https:\/\/zlcopenhagen.com\/de\/wp-json\/wp\/v2\/comments?post=22726"}],"version-history":[{"count":6,"href":"https:\/\/zlcopenhagen.com\/de\/wp-json\/wp\/v2\/pages\/22726\/revisions"}],"predecessor-version":[{"id":35947,"href":"https:\/\/zlcopenhagen.com\/de\/wp-json\/wp\/v2\/pages\/22726\/revisions\/35947"}],"wp:featuredmedia":[{"embeddable":true,"href":"https:\/\/zlcopenhagen.com\/de\/wp-json\/wp\/v2\/media\/27888"}],"wp:attachment":[{"href":"https:\/\/zlcopenhagen.com\/de\/wp-json\/wp\/v2\/media?parent=22726"}],"curies":[{"name":"wp","href":"https:\/\/api.w.org\/{rel}","templated":true}]}}