{"id":18198,"date":"2025-11-01T11:39:28","date_gmt":"2025-11-01T10:39:28","guid":{"rendered":"https:\/\/zlcopenhagen.com\/blog-2\/?lang=de"},"modified":"2025-12-24T21:15:33","modified_gmt":"2025-12-24T20:15:33","slug":"de-journal","status":"publish","type":"page","link":"https:\/\/zlcopenhagen.com\/de\/de-journal\/","title":{"rendered":"EDITORIAL JOURNAL \u2014 DESIGN, KULTUR &#038; MENSCHENRECHTE"},"content":{"rendered":"<p>[spb_text_block animation=&#8221;none&#8221; animation_delay=&#8221;0&#8243; simplified_controls=&#8221;yes&#8221; custom_css_percentage=&#8221;no&#8221; padding_vertical=&#8221;0&#8243; padding_horizontal=&#8221;0&#8243; margin_vertical=&#8221;0&#8243; custom_css=&#8221;margin-top: 0px;margin-bottom: 0px;&#8221; border_size=&#8221;0&#8243; border_styling_global=&#8221;default&#8221; width=&#8221;1\/1&#8243; el_position=&#8221;first last&#8221;]<\/p>\n<h2>EDITORIAL JOURNAL \u2014 PERSPEKTIVEN AUF MENSCHENRECHTE<\/h2>\n<p>Willkommen im <strong>ZLCopenhagen Journal<\/strong> \u2014 einem redaktionellen Raum f\u00fcr Design, Kultur und menschenrechtsbezogene Perspektiven.<br \/>\nHier teile ich Texte, Recherchen und pers\u00f6nliche Reflexionen zu globaler Gerechtigkeit und gesellschaftlicher Verantwortung.<\/p>\n<p><strong>WARUM DIESES JOURNAL EXISTIERT<\/strong><\/p>\n<p>Nach dem 7. Oktober 2023 wurde mir klar, dass Schweigen keine Option ist.<br \/>\nAls Designer trage ich Verantwortung f\u00fcr die Plattform, die ich habe \u2014 und nutze sie, um W\u00fcrde, Freiheit und Menschenrechte sichtbar zu machen.<\/p>\n<p>ZLCopenhagen ist mehr als Mode.<br \/>\nEs ist ein kreativer Ausdruck von Haltung, Solidarit\u00e4t und dem Wunsch nach einer gerechteren Welt \u2014 in Pal\u00e4stina, im Jemen und \u00fcberall dort, wo Menschenrechte verletzt werden.<\/p>\n<p><strong>UNABH\u00c4NGIG &amp; REDAKTIONELL<\/strong><\/p>\n<p>Dieses Journal ist unabh\u00e4ngig und nicht an Parteien, Institutionen oder Medienh\u00e4user gebunden.<br \/>\nEs versteht sich als redaktionelle Sammlung von Perspektiven, Kontexten und Stimmen \u2014 ruhig, faktenorientiert und respektvoll.<\/p>\n<p><strong>AKTUELLE BEITR\u00c4GE<\/strong><\/p>\n<p>Hier findest du die neuesten Texte aus dem Journal.<\/p>\n<p><!-- ARTIKEL-GRID (8\u201312 SENESTE POSTS) --><\/p>\n<p><strong>SCHWERPUNKTE<\/strong><\/p>\n<ul>\n<li>Menschenrechte &amp; W\u00fcrde<\/li>\n<li>Kulturelle und politische Kontexte<\/li>\n<li>Stimmen und Perspektiven<\/li>\n<li>Design als Ausdruck von Haltung<\/li>\n<\/ul>\n<p><strong>MITWIRKEN<\/strong><\/p>\n<p>Wenn du schreiben, recherchieren oder Perspektiven teilen m\u00f6chtest, bist du eingeladen, Teil des ZLCopenhagen Journals zu werden.<\/p>\n<p><strong>UNTERST\u00dcTZUNG DES JOURNALS<\/strong><\/p>\n<p>Dieses Journal bleibt unabh\u00e4ngig durch die Unterst\u00fctzung seiner Leser.<br \/>\nWenn du diese Arbeit erm\u00f6glichen m\u00f6chtest, findest du unten Optionen zur freiwilligen Unterst\u00fctzung.<\/p>\n<p>[\/spb_text_block] [spb_blank_spacer height=&#8221;30px&#8221; width=&#8221;1\/1&#8243; el_position=&#8221;first last&#8221;] [spb_blog element_name=&#8221;UNBIASED&#8221; blog_type=&#8221;mini&#8221; gutters=&#8221;yes&#8221; columns=&#8221;5&#8243; fullwidth=&#8221;no&#8221; item_count=&#8221;10&#8243; category=&#8221;All&#8221; offset=&#8221;5&#8243; order_by=&#8221;date&#8221; order=&#8221;DESC&#8221; show_title=&#8221;yes&#8221; show_excerpt=&#8221;no&#8221; show_details=&#8221;no&#8221; excerpt_length=&#8221;50&#8243; content_output=&#8221;excerpt&#8221; show_read_more=&#8221;yes&#8221; social_integration=&#8221;no&#8221; twitter_username=&#8221;https:\/\/twitter.com\/zlcopenhagen&#8221; tweet_item_count=&#8221;1&#8243; blog_filter=&#8221;yes&#8221; pagination=&#8221;standard&#8221; alt_styling=&#8221;yes&#8221; width=&#8221;1\/1&#8243; el_position=&#8221;first last&#8221;] [spb_blank_spacer height=&#8221;30px&#8221; width=&#8221;1\/1&#8243; el_position=&#8221;first last&#8221;] [spb_text_block animation=&#8221;none&#8221; animation_delay=&#8221;0&#8243; simplified_controls=&#8221;yes&#8221; custom_css_percentage=&#8221;no&#8221; padding_vertical=&#8221;0&#8243; padding_horizontal=&#8221;0&#8243; margin_vertical=&#8221;0&#8243; custom_css=&#8221;margin-top: 0px;margin-bottom: 0px;&#8221; border_size=&#8221;0&#8243; border_styling_global=&#8221;default&#8221; width=&#8221;1\/1&#8243; el_position=&#8221;first last&#8221;]<\/p>\n<div class=\"flex-1 overflow-hidden\">\n<div class=\"react-scroll-to-bottom--css-zcndz-79elbk h-full\">\n<div class=\"react-scroll-to-bottom--css-zcndz-1n7m0yu\">\n<div class=\"flex flex-col text-sm pb-9\">\n<div class=\"w-full text-token-text-primary\" dir=\"auto\" data-testid=\"conversation-turn-253\">\n<div class=\"px-4 py-2 justify-center text-base md:gap-6 m-auto\">\n<div class=\"flex flex-1 text-base mx-auto gap-3 juice:gap-4 juice:md:gap-6 md:px-5 lg:px-1 xl:px-5 md:max-w-3xl lg:max-w-[40rem] xl:max-w-[48rem]\">\n<div class=\"relative flex w-full min-w-0 flex-col agent-turn\">\n<div class=\"flex-col gap-1 md:gap-3\">\n<div class=\"flex flex-grow flex-col max-w-full\">\n<div class=\"min-h-[20px] text-message flex flex-col items-start gap-3 whitespace-pre-wrap break-words [.text-message+&amp;]:mt-5 overflow-x-auto\" dir=\"auto\" data-message-author-role=\"assistant\" data-message-id=\"3ff0027a-f9f4-4bed-92b1-60ac588f2bf2\">\n<div class=\"markdown prose w-full break-words dark:prose-invert light\">\n<h2 data-start=\"591\" data-end=\"634\">WIE DU DIESE ARBEIT UNTERST\u00dcTZEN KANNST<\/h2>\n<p data-start=\"636\" data-end=\"749\">Deine Unterst\u00fctzung h\u00e4lt diesen Blog unabh\u00e4ngig und erm\u00f6glicht weitere Berichte zu Pal\u00e4stina und Menschenrechten.<\/p>\n<ul data-start=\"751\" data-end=\"1068\">\n<li data-start=\"751\" data-end=\"826\">\n<p data-start=\"753\" data-end=\"826\"><strong data-start=\"753\" data-end=\"765\">Spenden:<\/strong> Jeder Beitrag hilft, Recherche und Inhalte zu finanzieren.<\/p>\n<\/li>\n<li data-start=\"827\" data-end=\"905\">\n<p data-start=\"829\" data-end=\"905\"><strong data-start=\"829\" data-end=\"848\">Im Shop kaufen:<\/strong> Jedes Design ist ein Statement und st\u00e4rkt die Mission.<\/p>\n<\/li>\n<li data-start=\"906\" data-end=\"990\">\n<p data-start=\"908\" data-end=\"990\"><strong data-start=\"908\" data-end=\"919\">Teilen:<\/strong> Verbreite Artikel in deiner Community \u2013 Sichtbarkeit schafft Wandel.<\/p>\n<\/li>\n<li data-start=\"991\" data-end=\"1068\">\n<p data-start=\"993\" data-end=\"1068\"><strong data-start=\"993\" data-end=\"1015\">Verbunden bleiben:<\/strong> Folge dem Blog und meinen Kan\u00e4len f\u00fcr neue Analysen.<\/p>\n<\/li>\n<\/ul>\n<p data-start=\"1070\" data-end=\"1109\">Danke, dass du Teil dieser Arbeit bist.<\/p>\n<\/div>\n<\/div>\n<\/div>\n<\/div>\n<\/div>\n<\/div>\n<\/div>\n<\/div>\n<\/div>\n<\/div>\n<\/div>\n<\/div>\n<p>[\/spb_text_block] [spb_blank_spacer height=&#8221;30px&#8221; width=&#8221;1\/1&#8243; el_position=&#8221;first last&#8221;] [spb_blank_spacer height=&#8221;30px&#8221; width=&#8221;1\/1&#8243; el_position=&#8221;first last&#8221;] [spb_button button_text=&#8221;DONATE PLS&#8221; button_size=&#8221;large&#8221; button_colour=&#8221;grey&#8221; button_type=&#8221;standard&#8221; rounded=&#8221;no&#8221; button_dropshadow=&#8221;no&#8221; button_icon=&#8221;fas fa-angle-right&#8221; button_link=&#8221;https:\/\/10er.com\/zlcopenhagen&#8221; button_target=&#8221;_blank&#8221; align=&#8221;center&#8221; animation=&#8221;bounce&#8221; animation_delay=&#8221;0&#8243; width=&#8221;1\/1&#8243; el_position=&#8221;first last&#8221;] [spb_blank_spacer height=&#8221;30px&#8221; width=&#8221;1\/1&#8243; el_position=&#8221;first last&#8221;] [spb_blank_spacer height=&#8221;30px&#8221; width=&#8221;1\/1&#8243; el_position=&#8221;first last&#8221;] [spb_image image=&#8221;30438&#8243; image_size=&#8221;full&#8221; frame=&#8221;shadowframe&#8221; caption_pos=&#8221;hover&#8221; remove_rounded=&#8221;yes&#8221; fullwidth=&#8221;no&#8221; overflow_mode=&#8221;none&#8221; image_link=&#8221;https:\/\/mediekritisk.dk\/2024\/08\/mediekritisk-netvaerk-lancerer-whistleblower-ordning\/&#8221; link_target=&#8221;_blank&#8221; lightbox=&#8221;no&#8221; intro_animation=&#8221;none&#8221; animation_delay=&#8221;200&#8243; width=&#8221;1\/1&#8243; el_position=&#8221;first last&#8221;]<\/p>\n<h1 style=\"text-align: center;\"><a href=\"https:\/\/mediekritisk.dk\/2024\/08\/mediekritisk-netvaerk-lancerer-whistleblower-ordning\/\" target=\"_blank\" rel=\"noopener\">TAKE ACTIONS<\/a><\/h1>\n<p>[\/spb_image] [spb_blank_spacer height=&#8221;30px&#8221; width=&#8221;1\/1&#8243; el_position=&#8221;first last&#8221;] [spb_text_block animation=&#8221;none&#8221; animation_delay=&#8221;0&#8243; simplified_controls=&#8221;yes&#8221; custom_css_percentage=&#8221;no&#8221; padding_vertical=&#8221;0&#8243; padding_horizontal=&#8221;0&#8243; margin_vertical=&#8221;0&#8243; custom_css=&#8221;margin-top: 0px;margin-bottom: 0px;&#8221; border_size=&#8221;0&#8243; border_styling_global=&#8221;default&#8221; width=&#8221;1\/1&#8243; el_position=&#8221;first last&#8221;]<\/p>\n<h2>ERLEBE DIE KRAFT KULTURELLER FUSION<\/h2>\n<h3>INSPIRATION DURCH DESIGN &amp; PERSPEKTIVE<\/h3>\n<p>Tauche ein in die Welt eines <strong>unabh\u00e4ngigen redaktionellen Journals<\/strong> und entdecke,<br \/>\nwie kulturelle Vielfalt, Design und pers\u00f6nliche Perspektiven zusammenfinden.<\/p>\n<p>In der Rubrik<br \/>\n<a href=\"https:\/\/zlcopenhagen.com\/de\/category\/activism-de\/\" target=\"_new\" rel=\"noopener\"><br \/>\nCultural Fusion Fashion<br \/>\n<\/a><br \/>\nzeige ich kreative Arbeiten, die Einfl\u00fcsse aus unterschiedlichen Kulturen verbinden \u2014<br \/>\ngetragen von Haltung, Handwerk und Identit\u00e4t.<\/p>\n<p>Wenn du sehen m\u00f6chtest, wie d\u00e4nisches Design auf Punjabi-Tradition trifft, lies auch:<br \/>\n<a href=\"https:\/\/zlcopenhagen.com\/de\/handgemachte-herrenmode-daenisches-design-punjabi-tradition\/\" target=\"_new\" rel=\"noopener\"><br \/>\nHandgemachte Herrenmode \u2014 D\u00e4nisches Design &amp; Punjabi-Tradition<br \/>\n<\/a>.<\/p>\n<p>Mehr \u00fcber meine pers\u00f6nliche Reise, Gedanken und Hintergr\u00fcnde findest du im<br \/>\n<a href=\"https:\/\/zlcopenhagen.com\/de\/zahids-tagebuch-de\/\" target=\"_new\" rel=\"noopener\"><br \/>\nZahids Journal<br \/>\n<\/a>.<\/p>\n<p>Antworten auf h\u00e4ufige Fragen gibt es im<br \/>\n<a href=\"https:\/\/zlcopenhagen.com\/de\/haeufig-gestellte-fragen-zu-zlcopenhagen\/\" target=\"_new\" rel=\"noopener\"><br \/>\nFAQ-Bereich<br \/>\n<\/a>,<br \/>\noder erfahre mehr \u00fcber ZLCopenhagen auf der<br \/>\n<a href=\"https:\/\/zlcopenhagen.com\/de\/\" target=\"_new\" rel=\"noopener\"><br \/>\nStartseite<br \/>\n<\/a>.<\/p>\n<p><!-- SUPPORT --><\/p>\n<div style=\"margin-top: 16px; text-align: right; width: 100%;\">\n<div style=\"font-weight: bold; margin-bottom: 6px;\">UNTERST\u00dcTZE DAS JOURNAL<\/div>\n<p><script type=\"text\/javascript\" src=\"https:\/\/cdnjs.buymeacoffee.com\/1.0.0\/button.prod.min.js\" data-name=\"bmc-button\" data-slug=\"zlcopenhagen\" data-color=\"#FFDD00\" data-emoji=\"\u2615\" data-font=\"Cookie\" data-text=\"Buy me a coffee\" data-outline-color=\"#000000\" data-font-color=\"#000000\" data-coffee-color=\"#ffffff\">\n  <\/script><\/p>\n<\/div>\n<p>[\/spb_text_block]<\/p>\n","protected":false},"excerpt":{"rendered":"<p>[spb_text_block animation=&#8221;none&#8221; animation_delay=&#8221;0&#8243; simplified_controls=&#8221;yes&#8221; custom_css_percentage=&#8221;no&#8221; padding_vertical=&#8221;0&#8243; padding_horizontal=&#8221;0&#8243; margin_vertical=&#8221;0&#8243; custom_css=&#8221;margin-top: 0px;margin-bottom: 0px;&#8221; border_size=&#8221;0&#8243; border_styling_global=&#8221;default&#8221; width=&#8221;1\/1&#8243; el_position=&#8221;first last&#8221;] EDITORIAL JOURNAL \u2014 PERSPEKTIVEN AUF MENSCHENRECHTE Willkommen im ZLCopenhagen Journal \u2014 einem redaktionellen Raum f\u00fcr Design, Kultur und menschenrechtsbezogene Perspektiven. Hier teile ich Texte, Recherchen und pers\u00f6nliche Reflexionen zu globaler Gerechtigkeit und gesellschaftlicher Verantwortung. WARUM DIESES JOURNAL EXISTIERT Nach dem 7. Oktober 2023 wurde [&hellip;]<\/p>\n","protected":false},"author":2,"featured_media":30440,"parent":0,"menu_order":0,"comment_status":"closed","ping_status":"closed","template":"","meta":{"footnotes":""},"class_list":["post-18198","page","type-page","status-publish","has-post-thumbnail","hentry"],"yoast_head":"<!-- This site is optimized with the Yoast SEO Premium plugin v26.6 (Yoast SEO v27.5) - https:\/\/yoast.com\/product\/yoast-seo-premium-wordpress\/ -->\n<title>Editorial Journal \u2014 Design, Kultur &amp; Menschenrechte | ZLCopenhagen<\/title>\n<meta name=\"description\" content=\"Das redaktionelle Journal von ZLCopenhagen \u00fcber Design, Kultur und Menschenrechte aus einer kreativen Perspektive.\" \/>\n<meta name=\"robots\" content=\"index, follow, max-snippet:-1, max-image-preview:large, max-video-preview:-1\" \/>\n<link rel=\"canonical\" href=\"https:\/\/zlcopenhagen.com\/de\/de-journal\/\" \/>\n<meta property=\"og:locale\" content=\"de_DE\" \/>\n<meta property=\"og:type\" content=\"article\" \/>\n<meta property=\"og:title\" content=\"ZLCOPENHAGEN | Cross-Cultural Menswear &amp; Ethical Style\" \/>\n<meta property=\"og:description\" content=\"Discover ZLCOPENHAGEN: Danish-Punjabi fusion in ethical menswear. Born from activism. Built on bold design. Worn with purpose.\" \/>\n<meta property=\"og:url\" content=\"https:\/\/zlcopenhagen.com\/de\/de-journal\/\" \/>\n<meta property=\"og:site_name\" content=\"zlcopenhagen.com\" \/>\n<meta property=\"article:modified_time\" content=\"2025-12-24T20:15:33+00:00\" \/>\n<meta property=\"og:image\" content=\"https:\/\/zlcopenhagen.com\/wp-content\/uploads\/2024\/01\/watermelon-from-the-river-to-the-sea-palestine-will-be-free-zlcopenhagen-human-rights-boykott-israel.jpg\" \/>\n\t<meta property=\"og:image:width\" content=\"1800\" \/>\n\t<meta property=\"og:image:height\" content=\"1200\" \/>\n\t<meta property=\"og:image:type\" content=\"image\/jpeg\" \/>\n<meta name=\"twitter:card\" content=\"summary_large_image\" \/>\n<meta name=\"twitter:label1\" content=\"Gesch\u00e4tzte Lesezeit\" \/>\n\t<meta name=\"twitter:data1\" content=\"3\u00a0Minuten\" \/>\n<!-- \/ Yoast SEO Premium plugin. -->","yoast_head_json":{"title":"Editorial Journal \u2014 Design, Kultur & Menschenrechte | ZLCopenhagen","description":"Das redaktionelle Journal von ZLCopenhagen \u00fcber Design, Kultur und Menschenrechte aus einer kreativen Perspektive.","robots":{"index":"index","follow":"follow","max-snippet":"max-snippet:-1","max-image-preview":"max-image-preview:large","max-video-preview":"max-video-preview:-1"},"canonical":"https:\/\/zlcopenhagen.com\/de\/de-journal\/","og_locale":"de_DE","og_type":"article","og_title":"ZLCOPENHAGEN | Cross-Cultural Menswear & Ethical Style","og_description":"Discover ZLCOPENHAGEN: Danish-Punjabi fusion in ethical menswear. Born from activism. Built on bold design. Worn with purpose.","og_url":"https:\/\/zlcopenhagen.com\/de\/de-journal\/","og_site_name":"zlcopenhagen.com","article_modified_time":"2025-12-24T20:15:33+00:00","og_image":[{"width":1800,"height":1200,"url":"https:\/\/zlcopenhagen.com\/wp-content\/uploads\/2024\/01\/watermelon-from-the-river-to-the-sea-palestine-will-be-free-zlcopenhagen-human-rights-boykott-israel.jpg","type":"image\/jpeg"}],"twitter_card":"summary_large_image","twitter_misc":{"Gesch\u00e4tzte Lesezeit":"3\u00a0Minuten"},"schema":{"@context":"https:\/\/schema.org","@graph":[{"@type":"WebPage","@id":"https:\/\/zlcopenhagen.com\/de\/de-journal\/","url":"https:\/\/zlcopenhagen.com\/de\/de-journal\/","name":"Editorial Journal \u2014 Design, Kultur & Menschenrechte | ZLCopenhagen","isPartOf":{"@id":"https:\/\/zlcopenhagen.com\/#website"},"primaryImageOfPage":{"@id":"https:\/\/zlcopenhagen.com\/de\/de-journal\/#primaryimage"},"image":{"@id":"https:\/\/zlcopenhagen.com\/de\/de-journal\/#primaryimage"},"thumbnailUrl":"https:\/\/zlcopenhagen.com\/wp-content\/uploads\/2024\/01\/watermelon-from-the-river-to-the-sea-palestine-will-be-free-zlcopenhagen-human-rights-boykott-israel.jpg","datePublished":"2025-11-01T10:39:28+00:00","dateModified":"2025-12-24T20:15:33+00:00","description":"Das redaktionelle Journal von ZLCopenhagen \u00fcber Design, Kultur und Menschenrechte aus einer kreativen Perspektive.","breadcrumb":{"@id":"https:\/\/zlcopenhagen.com\/de\/de-journal\/#breadcrumb"},"inLanguage":"de","potentialAction":[{"@type":"ReadAction","target":["https:\/\/zlcopenhagen.com\/de\/de-journal\/"]}]},{"@type":"ImageObject","inLanguage":"de","@id":"https:\/\/zlcopenhagen.com\/de\/de-journal\/#primaryimage","url":"https:\/\/zlcopenhagen.com\/wp-content\/uploads\/2024\/01\/watermelon-from-the-river-to-the-sea-palestine-will-be-free-zlcopenhagen-human-rights-boykott-israel.jpg","contentUrl":"https:\/\/zlcopenhagen.com\/wp-content\/uploads\/2024\/01\/watermelon-from-the-river-to-the-sea-palestine-will-be-free-zlcopenhagen-human-rights-boykott-israel.jpg","width":1800,"height":1200,"caption":"Guide how to boycott Israel"},{"@type":"BreadcrumbList","@id":"https:\/\/zlcopenhagen.com\/de\/de-journal\/#breadcrumb","itemListElement":[{"@type":"ListItem","position":1,"name":"Home","item":"https:\/\/zlcopenhagen.com\/de\/"},{"@type":"ListItem","position":2,"name":"EDITORIAL JOURNAL \u2014 DESIGN, KULTUR &#038; MENSCHENRECHTE"}]},{"@type":"WebSite","@id":"https:\/\/zlcopenhagen.com\/#website","url":"https:\/\/zlcopenhagen.com\/","name":"zlcopenhagen.com","description":"","publisher":{"@id":"https:\/\/zlcopenhagen.com\/#organization"},"potentialAction":[{"@type":"SearchAction","target":{"@type":"EntryPoint","urlTemplate":"https:\/\/zlcopenhagen.com\/?s={search_term_string}"},"query-input":{"@type":"PropertyValueSpecification","valueRequired":true,"valueName":"search_term_string"}}],"inLanguage":"de"},{"@type":["Organization","Place"],"@id":"https:\/\/zlcopenhagen.com\/#organization","name":"ZLCOPENHAGEN","alternateName":"ZLCOPENHAGEN","url":"https:\/\/zlcopenhagen.com\/","logo":{"@id":"https:\/\/zlcopenhagen.com\/de\/de-journal\/#local-main-organization-logo"},"image":{"@id":"https:\/\/zlcopenhagen.com\/de\/de-journal\/#local-main-organization-logo"},"sameAs":["https:\/\/www.youtube.com\/channel\/UCy7JINwB6DMr2fA9yHpDQJg"],"telephone":[],"openingHoursSpecification":[{"@type":"OpeningHoursSpecification","dayOfWeek":["Monday","Tuesday","Wednesday","Thursday","Friday","Saturday","Sunday"],"opens":"09:00","closes":"17:00"}]},{"@type":"ImageObject","inLanguage":"de","@id":"https:\/\/zlcopenhagen.com\/de\/de-journal\/#local-main-organization-logo","url":"https:\/\/zlcopenhagen.com\/wp-content\/uploads\/2016\/05\/blog-logo.jpg","contentUrl":"https:\/\/zlcopenhagen.com\/wp-content\/uploads\/2016\/05\/blog-logo.jpg","width":68,"height":68,"caption":"ZLCOPENHAGEN"}]}},"_links":{"self":[{"href":"https:\/\/zlcopenhagen.com\/de\/wp-json\/wp\/v2\/pages\/18198","targetHints":{"allow":["GET"]}}],"collection":[{"href":"https:\/\/zlcopenhagen.com\/de\/wp-json\/wp\/v2\/pages"}],"about":[{"href":"https:\/\/zlcopenhagen.com\/de\/wp-json\/wp\/v2\/types\/page"}],"author":[{"embeddable":true,"href":"https:\/\/zlcopenhagen.com\/de\/wp-json\/wp\/v2\/users\/2"}],"replies":[{"embeddable":true,"href":"https:\/\/zlcopenhagen.com\/de\/wp-json\/wp\/v2\/comments?post=18198"}],"version-history":[{"count":132,"href":"https:\/\/zlcopenhagen.com\/de\/wp-json\/wp\/v2\/pages\/18198\/revisions"}],"predecessor-version":[{"id":52814,"href":"https:\/\/zlcopenhagen.com\/de\/wp-json\/wp\/v2\/pages\/18198\/revisions\/52814"}],"wp:featuredmedia":[{"embeddable":true,"href":"https:\/\/zlcopenhagen.com\/de\/wp-json\/wp\/v2\/media\/30440"}],"wp:attachment":[{"href":"https:\/\/zlcopenhagen.com\/de\/wp-json\/wp\/v2\/media?parent=18198"}],"curies":[{"name":"wp","href":"https:\/\/api.w.org\/{rel}","templated":true}]}}