{"id":32724,"date":"2024-04-27T23:12:37","date_gmt":"2024-04-27T22:12:37","guid":{"rendered":"https:\/\/zlcopenhagen.com\/?post_type=product&#038;p=32724"},"modified":"2024-10-18T17:15:07","modified_gmt":"2024-10-18T16:15:07","slug":"skraeddersyet-herre-tanktop","status":"publish","type":"product","link":"https:\/\/zlcopenhagen.com\/da\/produkt\/skraeddersyet-herre-tanktop\/","title":{"rendered":"BOOST DIN GYM-LOOK MED SKR\u00c6DDERSYEDE ZYZZ POSE HERRE TANKTOP"},"content":{"rendered":"<p>[spb_tabs tabs_type=&#8221;standard&#8221; center_tabs=&#8221;no&#8221; width=&#8221;1\/1&#8243; el_position=&#8221;first last&#8221;] [spb_tab title=&#8221;Produkt&#8221; icon=&#8221;&#8221; id=&#8221;Produkt&#8221;] [spb_text_block animation=&#8221;none&#8221; animation_delay=&#8221;0&#8243; simplified_controls=&#8221;yes&#8221; custom_css_percentage=&#8221;no&#8221; padding_vertical=&#8221;0&#8243; padding_horizontal=&#8221;0&#8243; margin_vertical=&#8221;0&#8243; custom_css=&#8221;margin-top: 0px;margin-bottom: 0px;&#8221; border_size=&#8221;0&#8243; border_styling_global=&#8221;default&#8221; width=&#8221;1\/1&#8243; el_position=&#8221;first last&#8221;]<\/p>\n<h2>ZYZZ POSE HERRE TANKTOP<\/h2>\n<p>Opdag vores skr\u00e6ddersyede Zyzz Pose Herre Tanktop, en hyldest til fitnesslegenden Zyzz. B\u00e5ret af en fitnessentusiast i fitnesscentret, fejrer denne tanktop Zyzz&#8217; \u00e5nd og tilbyder b\u00e5de \u00e6stetisk tiltr\u00e6kning og motivation. Perfekt designet til at fremh\u00e6ve din fysik, forbedre din tr\u00e6ning og \u00f8ge din selvtillid.<\/p>\n<h2 class=\"fusion-responsive-typography-calculated\" data-fontsize=\"24\" data-lineheight=\"28.8px\">SKR\u00c6DDERSYET T\u00d8J DER BARE SIDDER<\/h2>\n<p>Er du klar til at fuldende dit tr\u00e6ningst\u00f8j? Overvej at kombinere Herre Tanktoppen med vores stilfulde Genbrugte Posing Hot Pants eller de Klassiske Posing Hot Pants for ultimativ komfort og pr\u00e6station. Med skr\u00e6ddersyede muligheder, der passer til din unikke stil og fitnessbehov, er denne tanktop mere end bare et stykke t\u00f8j \u2013 den er en del af en st\u00f8rre arv. Omfavn din fitnessrejse med et stykke t\u00f8j, der er lige s\u00e5 engageret som dig. Bestil nu og tag dit fitnessspil til n\u00e6ste niveau, mens du \u00e6rer en legende.<\/p>\n<p>[\/spb_text_block] [\/spb_tab] [spb_tab title=&#8221;St\u00f8rrelsesguide&#8221; icon=&#8221;&#8221; id=&#8221;Strrelsesguide&#8221;] [spb_text_block animation=&#8221;none&#8221; animation_delay=&#8221;0&#8243; simplified_controls=&#8221;yes&#8221; custom_css_percentage=&#8221;no&#8221; padding_vertical=&#8221;0&#8243; padding_horizontal=&#8221;0&#8243; margin_vertical=&#8221;0&#8243; custom_css=&#8221;margin-top: 0px;margin-bottom: 0px;&#8221; border_size=&#8221;0&#8243; border_styling_global=&#8221;default&#8221; width=&#8221;1\/1&#8243; el_position=&#8221;first last&#8221;]<\/p>\n<p><strong>ST\u00d8RRELSESGUIDE: TILPASSET TIL DINE SVULMENDE FORMER<\/strong><\/p>\n<p>Vores skr\u00e6ddersyede Zyzz Pose Herre Tanktop er designet til at f\u00f8lge hver kurve og hvert muskelbundt p\u00e5 din krop. N\u00e5r du selv v\u00e6lger st\u00f8rrelsen, sikrer du, at tanktoppen sidder pr\u00e6cist, som du \u00f8nsker, og fremh\u00e6ver dine svulmende former p\u00e5 den mest flatterende m\u00e5de.<\/p>\n<p>Hver tanktop er skabt med omtanke for at tilpasse sig netop din fysik. Uanset om du st\u00e5r foran spejlet i fitnesscenteret eller g\u00e5r ned ad gaden, vil vores tanktop tilpasse sig og understrege din styrke og dine resultater. Denne st\u00f8rrelsesguide er din n\u00f8gle til en tanktop, der ikke bare passer, men som komplementerer og fejrer hver bev\u00e6gelse du laver og hver muskel du har bygget.<\/p>\n<p>F\u00f8lg vores detaljerede m\u00e5leinstruktioner for at v\u00e6lge den st\u00f8rrelse, der bedst muligt vil st\u00f8tte og fremh\u00e6ve din tr\u00e6nede krop. Lad tanktoppen v\u00e6re et bevis p\u00e5 dit h\u00e5rde arbejde og din dedikation \u2013 pr\u00e6cis som du vil have det.<\/p>\n<p>[\/spb_text_block] [\/spb_tab] [spb_tab title=&#8221;Fabric&#8221; icon=&#8221;&#8221; id=&#8221;Fabric&#8221;] [spb_text_block animation=&#8221;none&#8221; animation_delay=&#8221;0&#8243; simplified_controls=&#8221;yes&#8221; custom_css_percentage=&#8221;no&#8221; padding_vertical=&#8221;0&#8243; padding_horizontal=&#8221;0&#8243; margin_vertical=&#8221;0&#8243; custom_css=&#8221;margin-top: 0px;margin-bottom: 0px;&#8221; border_size=&#8221;0&#8243; border_styling_global=&#8221;default&#8221; width=&#8221;1\/1&#8243; el_position=&#8221;first last&#8221;]<\/p>\n<ul>\n<li>Soft light-weight fabric<\/li>\n<li>100% Eco-friendly Organic Cotton<\/li>\n<li>Free of harmful nasty chemicals<\/li>\n<\/ul>\n<p>[\/spb_text_block] [\/spb_tab] [spb_tab title=&#8221;Vaskeanvisnng&#8221; icon=&#8221;&#8221; id=&#8221;Vaskeanvisnng&#8221;] [spb_text_block animation=&#8221;none&#8221; animation_delay=&#8221;0&#8243; simplified_controls=&#8221;yes&#8221; custom_css_percentage=&#8221;no&#8221; padding_vertical=&#8221;0&#8243; padding_horizontal=&#8221;0&#8243; margin_vertical=&#8221;0&#8243; custom_css=&#8221;margin-top: 0px;margin-bottom: 0px;&#8221; border_size=&#8221;0&#8243; border_styling_global=&#8221;default&#8221; width=&#8221;1\/1&#8243; el_position=&#8221;first last&#8221;]<\/p>\n<h2>VASKEANVISNING FOR DIN ZYZZ POSE HERRE TANKTOP<\/h2>\n<p>G\u00f8r din tanktop ren med et smil og lidt flirt. Tag den med dig under et koldt brusebad, og lad vandet l\u00f8be let ned over stoffet. Brug dit eget vaskebr\u00e6t \u2013 og vi taler ikke om din sixpack! \u2013 til forsigtigt at gnide tanktoppen ren. Behandl den med k\u00e6rlighed og omsorg: lidt mildt vaskemiddel og blide bev\u00e6gelser er alt, hvad du beh\u00f8ver for at holde den ser ud og f\u00f8les fantastisk. Skyl grundigt efter, og lad den luftt\u00f8rre for at bevare formen og bl\u00f8dheden.<\/p>\n<p>Pas godt p\u00e5 din tanktop, og den vil forts\u00e6tte med at fremh\u00e6ve din stil og muskler p\u00e5 bedste vis.<\/p>\n<p>[\/spb_text_block] [spb_image image=&#8221;33964&#8243; image_size=&#8221;full&#8221; frame=&#8221;noframe&#8221; caption_pos=&#8221;hover&#8221; remove_rounded=&#8221;yes&#8221; fullwidth=&#8221;no&#8221; overflow_mode=&#8221;none&#8221; image_link=&#8221;https:\/\/zlcopenhagen.com\/product-category\/underwear\/&#8221; link_target=&#8221;_blank&#8221; lightbox=&#8221;yes&#8221; intro_animation=&#8221;none&#8221; animation_delay=&#8221;200&#8243; width=&#8221;1\/1&#8243; el_position=&#8221;first last&#8221;]<\/p>\n<h1 style=\"text-align: center;\">ZYZZ POSE<\/h1>\n<p>[\/spb_image] [\/spb_tab] [spb_tab title=&#8221;The legend of Zyzz&#8221; icon=&#8221;&#8221; id=&#8221;ThelegendofZyzz&#8221;] [spb_video element_name=&#8221;zyzz&#8221; link=&#8221;https:\/\/www.youtube.com\/watch?v=yDqk6KJVyP8&#8243; remove_related=&#8221;yes&#8221; autoplay=&#8221;no&#8221; full_width=&#8221;no&#8221; width=&#8221;1\/1&#8243; el_position=&#8221;first last&#8221;] [\/spb_tab] [\/spb_tabs] [spb_image image=&#8221;27722&#8243; image_size=&#8221;full&#8221; frame=&#8221;noframe&#8221; caption_pos=&#8221;hover&#8221; remove_rounded=&#8221;yes&#8221; fullwidth=&#8221;no&#8221; overflow_mode=&#8221;none&#8221; link_target=&#8221;_self&#8221; lightbox=&#8221;no&#8221; intro_animation=&#8221;none&#8221; animation_delay=&#8221;200&#8243; width=&#8221;1\/1&#8243; el_position=&#8221;first last&#8221;][\/spb_image] [spb_text_block animation=&#8221;none&#8221; animation_delay=&#8221;0&#8243; simplified_controls=&#8221;yes&#8221; custom_css_percentage=&#8221;no&#8221; padding_vertical=&#8221;0&#8243; padding_horizontal=&#8221;0&#8243; margin_vertical=&#8221;0&#8243; custom_css=&#8221;margin-top: 0px;margin-bottom: 0px;&#8221; border_size=&#8221;0&#8243; border_styling_global=&#8221;default&#8221; width=&#8221;1\/1&#8243; el_position=&#8221;first last&#8221;]<\/p>\n<p><strong>BOOST DIN GYM-LOOK MED SKR\u00c6DDERSYEDE ZYZZ POSE HERRE TANKTOP<\/strong><\/p>\n<p>Vil du se skarp ud, mens du l\u00f8fter tungt? S\u00e5 er vores <strong>skr\u00e6ddersyede Zyzz Pose herre tanktop<\/strong> lige noget for dig! Denne tanktop er designet specielt til dig og dine kropsm\u00e5l, s\u00e5 den sidder perfekt og fremh\u00e6ver din muskul\u00f8se fysik.<\/p>\n<p>Uanset om du vil vise din ryg eller dine skuldre frem, s\u00e5 er denne tanktop den perfekte kombination af stil og komfort. Skr\u00e6ddersyet til pr\u00e6cis din form, s\u00e5 du kan f\u00f8le dig selvsikker i spejlet \u2013 b\u00e5de i og udenfor fitnesscentret.<\/p>\n<p>Med h\u00f8j-kvalitets stof, der b\u00e5de er \u00e5ndbart og str\u00e6kbart, s\u00f8rger vi for, at du kan yde dit bedste uden at g\u00e5 p\u00e5 kompromis med looket. G\u00f8r dig klar til at tiltr\u00e6kke opm\u00e6rksomhed med en tanktop, der er lige s\u00e5 unik som dig.<\/p>\n<p>Tag dit gym-game til n\u00e6ste niveau og f\u00e5 din <strong>skr\u00e6ddersyede Zyzz Pose tanktop<\/strong> nu \u2013 fordi du fortjener det!<\/p>\n<p>[\/spb_text_block] [spb_image image=&#8221;27726&#8243; image_size=&#8221;full&#8221; frame=&#8221;noframe&#8221; caption_pos=&#8221;hover&#8221; remove_rounded=&#8221;yes&#8221; fullwidth=&#8221;no&#8221; overflow_mode=&#8221;none&#8221; link_target=&#8221;_self&#8221; lightbox=&#8221;no&#8221; intro_animation=&#8221;none&#8221; animation_delay=&#8221;200&#8243; width=&#8221;1\/1&#8243; el_position=&#8221;first last&#8221;][\/spb_image] [spb_video title=&#8221;European vs. American vs. English Drape Suit&#8221; link=&#8221;https:\/\/www.youtube.com\/watch?v=Eo6QZsOvSDQ&#8221; remove_related=&#8221;yes&#8221; autoplay=&#8221;no&#8221; full_width=&#8221;no&#8221; width=&#8221;1\/1&#8243; el_position=&#8221;first last&#8221;]<\/p>\n","protected":false},"excerpt":{"rendered":"<p><strong>TAG RAMPETLYSET MED ZYZZ POSEN<\/strong><\/p>\n<p>Vil du fange blikke? Vores specialdesignede tanktop er ikke bare et stykke t\u00f8j; det er en statement. Perfekt til at fremvise din tr\u00e6nede krop i fitnesscenteret eller p\u00e5 gaden.<\/p>\n<p><strong>Komfort m\u00f8der Stil:<\/strong> Lavet af 100% \u00f8kologisk bomuld, designet til at fremh\u00e6ve dine muskler.<\/p>\n<p><strong>Find Din St\u00f8rrelse:<\/strong> Tilg\u00e6ngelig i Small, Medium, Large og X-Large. Se vores model Ulrik i en Medium \u2013 han stj\u00e6ler opm\u00e6rksomheden.<\/p>\n<p><strong>Bliv en Hit p\u00e5 Sociale Medier:<\/strong> Tag tanktoppen p\u00e5, knips et billede, og se likes rulle ind.<\/p>\n<p><strong>BEM\u00c6RK:<\/strong> Levering inden for 4-6 uger, da hver tanktop er skr\u00e6ddersyet. Tr\u00e6k i tanktoppen og ej scenen \u2013 rampelyset venter p\u00e5 dig.<\/p>\n","protected":false},"featured_media":54325,"comment_status":"closed","ping_status":"closed","template":"","meta":[],"product_brand":[],"product_cat":[431,129],"product_tag":[1558,207,1239,208],"class_list":{"0":"post-32724","1":"product","2":"type-product","3":"status-publish","4":"has-post-thumbnail","6":"product_cat-beklaedning","7":"product_cat-vest-tanktops-da","8":"product_tag-black-tank-da","9":"product_tag-outfit-da","10":"product_tag-tanktop-2-da","11":"product_tag-vest-da","13":"first","14":"instock","15":"taxable","16":"shipping-taxable","17":"purchasable","18":"product-type-variable","19":"has-default-attributes"},"yoast_head":"<!-- This site is optimized with the Yoast SEO Premium plugin v26.6 (Yoast SEO v27.6) - https:\/\/yoast.com\/product\/yoast-seo-premium-wordpress\/ -->\n<title>Zyzz Pose Herre Tanktop:. Skr\u00e6ddersyet efter dine \u00f8nsker og m\u00e5l<\/title>\n<meta name=\"description\" content=\"Skr\u00e6ddersyet designede Zyzz Pose Herre Tanktop \u2013 perfekt til at fremvise din muskul\u00f8se krop. Bestil idag og v\u00e6r den f\u00f8rste til at at stj\u00e6le rampelyset!\" \/>\n<meta name=\"robots\" content=\"index, follow, max-snippet:-1, max-image-preview:large, max-video-preview:-1\" \/>\n<link rel=\"canonical\" href=\"https:\/\/zlcopenhagen.com\/da\/produkt\/skraeddersyet-herre-tanktop\/\" \/>\n<meta property=\"og:locale\" content=\"da_DK\" \/>\n<meta property=\"og:type\" content=\"article\" \/>\n<meta property=\"og:title\" content=\"BOOST DIN GYM-LOOK MED SKR\u00c6DDERSYEDE ZYZZ POSE HERRE TANKTOP\" \/>\n<meta property=\"og:description\" content=\"Skr\u00e6ddersyet designede Zyzz Pose Herre Tanktop \u2013 perfekt til at fremvise din muskul\u00f8se krop. Bestil idag og v\u00e6r den f\u00f8rste til at at stj\u00e6le rampelyset!\" \/>\n<meta property=\"og:url\" content=\"https:\/\/zlcopenhagen.com\/da\/produkt\/skraeddersyet-herre-tanktop\/\" \/>\n<meta property=\"og:site_name\" content=\"zlcopenhagen.com\" \/>\n<meta property=\"article:modified_time\" content=\"2024-10-18T16:15:07+00:00\" \/>\n<meta property=\"og:image\" content=\"https:\/\/zlcopenhagen.com\/wp-content\/uploads\/2021\/01\/143A4186.jpg\" \/>\n\t<meta property=\"og:image:width\" content=\"984\" \/>\n\t<meta property=\"og:image:height\" content=\"1476\" \/>\n\t<meta property=\"og:image:type\" content=\"image\/jpeg\" \/>\n<meta name=\"twitter:card\" content=\"summary_large_image\" \/>\n<meta name=\"twitter:label1\" content=\"Tilg\u00e6ngelighed\" \/>\n\t<meta name=\"twitter:data1\" content=\"P\u00e5 lager\" \/>\n<meta property=\"og:availability\" content=\"instock\" \/>\n<meta property=\"product:availability\" content=\"instock\" \/>\n<meta property=\"product:retailer_item_id\" content=\"OFVEVI02-1-1-1\" \/>\n<meta property=\"product:condition\" content=\"new\" \/>\n<!-- \/ Yoast SEO Premium plugin. -->","yoast_head_json":{"title":"Zyzz Pose Herre Tanktop:. Skr\u00e6ddersyet efter dine \u00f8nsker og m\u00e5l","description":"Skr\u00e6ddersyet designede Zyzz Pose Herre Tanktop \u2013 perfekt til at fremvise din muskul\u00f8se krop. Bestil idag og v\u00e6r den f\u00f8rste til at at stj\u00e6le rampelyset!","robots":{"index":"index","follow":"follow","max-snippet":"max-snippet:-1","max-image-preview":"max-image-preview:large","max-video-preview":"max-video-preview:-1"},"canonical":"https:\/\/zlcopenhagen.com\/da\/produkt\/skraeddersyet-herre-tanktop\/","og_locale":"da_DK","og_type":"article","og_title":"BOOST DIN GYM-LOOK MED SKR\u00c6DDERSYEDE ZYZZ POSE HERRE TANKTOP","og_description":"Skr\u00e6ddersyet designede Zyzz Pose Herre Tanktop \u2013 perfekt til at fremvise din muskul\u00f8se krop. Bestil idag og v\u00e6r den f\u00f8rste til at at stj\u00e6le rampelyset!","og_url":"https:\/\/zlcopenhagen.com\/da\/produkt\/skraeddersyet-herre-tanktop\/","og_site_name":"zlcopenhagen.com","article_modified_time":"2024-10-18T16:15:07+00:00","og_image":[{"width":984,"height":1476,"url":"https:\/\/zlcopenhagen.com\/wp-content\/uploads\/2021\/01\/143A4186.jpg","type":"image\/jpeg"}],"twitter_card":"summary_large_image","twitter_misc":{"Tilg\u00e6ngelighed":"P\u00e5 lager"},"schema":{"@context":"https:\/\/schema.org","@graph":[{"@type":["WebPage","ItemPage"],"@id":"https:\/\/zlcopenhagen.com\/da\/produkt\/skraeddersyet-herre-tanktop\/","url":"https:\/\/zlcopenhagen.com\/da\/produkt\/skraeddersyet-herre-tanktop\/","name":"Zyzz Pose Herre Tanktop:. Skr\u00e6ddersyet efter dine \u00f8nsker og m\u00e5l","isPartOf":{"@id":"https:\/\/zlcopenhagen.com\/#website"},"primaryImageOfPage":{"@id":"https:\/\/zlcopenhagen.com\/da\/produkt\/skraeddersyet-herre-tanktop\/#primaryimage"},"image":{"@id":"https:\/\/zlcopenhagen.com\/da\/produkt\/skraeddersyet-herre-tanktop\/#primaryimage"},"thumbnailUrl":"https:\/\/zlcopenhagen.com\/wp-content\/uploads\/2024\/04\/zyzz-pose-tank-top-custom.webp","datePublished":"2024-04-27T22:12:37+00:00","dateModified":"2024-10-18T16:15:07+00:00","description":"Skr\u00e6ddersyet designede Zyzz Pose Herre Tanktop \u2013 perfekt til at fremvise din muskul\u00f8se krop. Bestil idag og v\u00e6r den f\u00f8rste til at at stj\u00e6le rampelyset!","breadcrumb":{"@id":"https:\/\/zlcopenhagen.com\/da\/produkt\/skraeddersyet-herre-tanktop\/#breadcrumb"},"inLanguage":"da-DK","potentialAction":[{"@type":"ReadAction","target":["https:\/\/zlcopenhagen.com\/da\/produkt\/skraeddersyet-herre-tanktop\/"]}]},{"@type":"ImageObject","inLanguage":"da-DK","@id":"https:\/\/zlcopenhagen.com\/da\/produkt\/skraeddersyet-herre-tanktop\/#primaryimage","url":"https:\/\/zlcopenhagen.com\/wp-content\/uploads\/2024\/04\/zyzz-pose-tank-top-custom.webp","contentUrl":"https:\/\/zlcopenhagen.com\/wp-content\/uploads\/2024\/04\/zyzz-pose-tank-top-custom.webp","width":984,"height":1476,"caption":"Custom Zyzz pose tank top for men in organic cotton \u2013 slow fashion gym wear"},{"@type":"BreadcrumbList","@id":"https:\/\/zlcopenhagen.com\/da\/produkt\/skraeddersyet-herre-tanktop\/#breadcrumb","itemListElement":[{"@type":"ListItem","position":1,"name":"Home","item":"https:\/\/zlcopenhagen.com\/da\/"},{"@type":"ListItem","position":2,"name":"Shop","item":"https:\/\/zlcopenhagen.com\/da\/shop\/"},{"@type":"ListItem","position":3,"name":"BOOST DIN GYM-LOOK MED SKR\u00c6DDERSYEDE ZYZZ POSE HERRE TANKTOP"}]},{"@type":"WebSite","@id":"https:\/\/zlcopenhagen.com\/#website","url":"https:\/\/zlcopenhagen.com\/","name":"zlcopenhagen.com","description":"","publisher":{"@id":"https:\/\/zlcopenhagen.com\/#organization"},"potentialAction":[{"@type":"SearchAction","target":{"@type":"EntryPoint","urlTemplate":"https:\/\/zlcopenhagen.com\/?s={search_term_string}"},"query-input":{"@type":"PropertyValueSpecification","valueRequired":true,"valueName":"search_term_string"}}],"inLanguage":"da-DK"},{"@type":["Organization","Place"],"@id":"https:\/\/zlcopenhagen.com\/#organization","name":"ZLCOPENHAGEN","alternateName":"ZLCOPENHAGEN","url":"https:\/\/zlcopenhagen.com\/","logo":{"@id":"https:\/\/zlcopenhagen.com\/da\/produkt\/skraeddersyet-herre-tanktop\/#local-main-organization-logo"},"image":{"@id":"https:\/\/zlcopenhagen.com\/da\/produkt\/skraeddersyet-herre-tanktop\/#local-main-organization-logo"},"sameAs":["https:\/\/www.youtube.com\/channel\/UCy7JINwB6DMr2fA9yHpDQJg"],"telephone":[],"openingHoursSpecification":[{"@type":"OpeningHoursSpecification","dayOfWeek":["Monday","Tuesday","Wednesday","Thursday","Friday","Saturday","Sunday"],"opens":"09:00","closes":"17:00"}]},{"@type":"ImageObject","inLanguage":"da-DK","@id":"https:\/\/zlcopenhagen.com\/da\/produkt\/skraeddersyet-herre-tanktop\/#local-main-organization-logo","url":"https:\/\/zlcopenhagen.com\/wp-content\/uploads\/2016\/05\/blog-logo.jpg","contentUrl":"https:\/\/zlcopenhagen.com\/wp-content\/uploads\/2016\/05\/blog-logo.jpg","width":68,"height":68,"caption":"ZLCOPENHAGEN"}]},"og_availability":"instock","product_availability":"instock","product_retailer_item_id":"OFVEVI02-1-1-1","product_condition":"new"},"_links":{"self":[{"href":"https:\/\/zlcopenhagen.com\/da\/wp-json\/wp\/v2\/product\/32724","targetHints":{"allow":["GET"]}}],"collection":[{"href":"https:\/\/zlcopenhagen.com\/da\/wp-json\/wp\/v2\/product"}],"about":[{"href":"https:\/\/zlcopenhagen.com\/da\/wp-json\/wp\/v2\/types\/product"}],"replies":[{"embeddable":true,"href":"https:\/\/zlcopenhagen.com\/da\/wp-json\/wp\/v2\/comments?post=32724"}],"wp:featuredmedia":[{"embeddable":true,"href":"https:\/\/zlcopenhagen.com\/da\/wp-json\/wp\/v2\/media\/54325"}],"wp:attachment":[{"href":"https:\/\/zlcopenhagen.com\/da\/wp-json\/wp\/v2\/media?parent=32724"}],"wp:term":[{"taxonomy":"product_brand","embeddable":true,"href":"https:\/\/zlcopenhagen.com\/da\/wp-json\/wp\/v2\/product_brand?post=32724"},{"taxonomy":"product_cat","embeddable":true,"href":"https:\/\/zlcopenhagen.com\/da\/wp-json\/wp\/v2\/product_cat?post=32724"},{"taxonomy":"product_tag","embeddable":true,"href":"https:\/\/zlcopenhagen.com\/da\/wp-json\/wp\/v2\/product_tag?post=32724"}],"curies":[{"name":"wp","href":"https:\/\/api.w.org\/{rel}","templated":true}]}}