{"id":27740,"date":"2021-01-21T11:03:07","date_gmt":"2021-01-21T10:03:08","guid":{"rendered":"https:\/\/zlcopenhagen.com\/?post_type=product&#038;p=27740"},"modified":"2021-01-28T21:36:36","modified_gmt":"2021-01-28T20:36:36","slug":"zlc-gul-okklusion-band-til-arme-med-velcro","status":"publish","type":"product","link":"https:\/\/zlcopenhagen.com\/da\/produkt\/zlc-gul-okklusion-band-til-arme-med-velcro\/","title":{"rendered":"ZLC GUL OKKLUSION B\u00c5ND TIL ARME MED VELCRO"},"content":{"rendered":"<p>[spb_tabs tabs_type=&#8221;standard&#8221; center_tabs=&#8221;no&#8221; width=&#8221;1\/1&#8243; el_position=&#8221;first last&#8221;] [spb_tab title=&#8221;Product&#8221; icon=&#8221;&#8221; id=&#8221;Product&#8221;] [spb_text_block animation=&#8221;none&#8221; animation_delay=&#8221;0&#8243; simplified_controls=&#8221;yes&#8221; custom_css_percentage=&#8221;no&#8221; padding_vertical=&#8221;0&#8243; padding_horizontal=&#8221;0&#8243; margin_vertical=&#8221;0&#8243; custom_css=&#8221;margin-top: 0px;margin-bottom: 0px;&#8221; border_size=&#8221;0&#8243; border_styling_global=&#8221;default&#8221; width=&#8221;1\/1&#8243; el_position=&#8221;first last&#8221;]<\/p>\n<h3>OCCLUSION BANDS WITH VELCRO CLOSURE FROM ZLCOPENHAGEN<\/h3>\n<p class=\"tw-data-text tw-text-large XcVN5d tw-ta\" dir=\"ltr\" data-placeholder=\"Translation\"><span lang=\"en\">Occlusion training bands with velcro closure, a Danish Design brand with durable material from ZLCOPENHAGEN. We do not use the regular wrist wraps material, which typically consists of 80% cotton and 20% rubber for occlusion training. Ours is made of absolutely the most powerful on the market, which provides a more solid firm grip, both for arms and legs. Contains 50% polyester and 50% rubber. <\/span><\/p>\n<h3 class=\"tw-data-text tw-text-large XcVN5d tw-ta\" dir=\"ltr\" data-placeholder=\"Translation\"><span lang=\"en\">WHAT IS THE BENEFIT? <\/span><\/h3>\n<p><span lang=\"en\">The advantage is that you can train with low intensity, compared to heavy intensity, where you load your muscles to the maximum. Since you do not load your muscle groups to the maximum, you can use our well-known ZLC Occlusion Bands, for example during rehabilitation. Here you can simultaneously relieve your tendons and joints, through occlusion of muscle groups, such as arms, or legs, which arise by tightening the area with a band or strap. Since training with low intensity, there is less injury risk, and at the same time a simple for training with multiple repetitions. Read more here at our <a href=\"https:\/\/zlcopenhagen.com\/da\/bfr-traening\/\" target=\"_blank\" rel=\"noopener\">blog<\/a>.<\/span><\/p>\n<ul>\n<li><span lang=\"en\">Sold in pairs, 2 bands, one for each arm <\/span><\/li>\n<li><span lang=\"en\">Velcro closure solid material<\/span><\/li>\n<li>Durable eco-friendly elastic<\/li>\n<li>Premium quality<\/li>\n<li><span lang=\"en\">Easy closing mechanism <\/span><\/li>\n<li><span lang=\"en\">An easy form of training, and low risk of injury <\/span><\/li>\n<li><span lang=\"en\">Danish design <\/span><\/li>\n<li><span lang=\"en\">Produced with proud handicraft traditions from Sialkot<\/span><\/li>\n<li>Made in Pakistan<\/li>\n<\/ul>\n<p>[\/spb_text_block] [\/spb_tab] [spb_tab title=&#8221;Material&#8221; icon=&#8221;&#8221; id=&#8221;Material&#8221;] [spb_text_block animation=&#8221;none&#8221; animation_delay=&#8221;0&#8243; simplified_controls=&#8221;yes&#8221; custom_css_percentage=&#8221;no&#8221; padding_vertical=&#8221;0&#8243; padding_horizontal=&#8221;0&#8243; margin_vertical=&#8221;0&#8243; custom_css=&#8221;margin-top: 0px;margin-bottom: 0px;&#8221; border_size=&#8221;0&#8243; border_styling_global=&#8221;default&#8221; width=&#8221;1\/1&#8243; el_position=&#8221;first last&#8221;]<\/p>\n<ul>\n<li>Elastic strong material Soft &amp; comfortable at the same time Optimal<\/li>\n<li>Width 5 cm and comes in 3 lengths<\/li>\n<li>Closes via velcro closure mechanism<\/li>\n<li>Available in pairs<\/li>\n<li>Made of 50% polyester and 50% rubber<\/li>\n<\/ul>\n<p>[\/spb_text_block] [\/spb_tab] [spb_tab title=&#8221;Wash &amp; Care&#8221; icon=&#8221;&#8221; id=&#8221;WashCare&#8221;] [spb_text_block animation=&#8221;none&#8221; animation_delay=&#8221;0&#8243; simplified_controls=&#8221;yes&#8221; custom_css_percentage=&#8221;no&#8221; padding_vertical=&#8221;0&#8243; padding_horizontal=&#8221;0&#8243; margin_vertical=&#8221;0&#8243; custom_css=&#8221;margin-top: 0px;margin-bottom: 0px;&#8221; border_size=&#8221;0&#8243; border_styling_global=&#8221;default&#8221; width=&#8221;1\/1&#8243; el_position=&#8221;first last&#8221;]<\/p>\n<ul class=\"X5LH0c\">\n<li>Carefully handwash<\/li>\n<li class=\"TrT0Xe\">Wash the occlusion bands in warm water<\/li>\n<li class=\"TrT0Xe\">Use mild detergent<\/li>\n<li>Lay flat to dry<\/li>\n<\/ul>\n<p>[\/spb_text_block] [\/spb_tab] [spb_tab title=&#8221;Size &amp; Fit&#8221; icon=&#8221;&#8221; id=&#8221;SizeFit&#8221;] [spb_text_block animation=&#8221;none&#8221; animation_delay=&#8221;0&#8243; simplified_controls=&#8221;yes&#8221; custom_css_percentage=&#8221;no&#8221; padding_vertical=&#8221;0&#8243; padding_horizontal=&#8221;0&#8243; margin_vertical=&#8221;0&#8243; custom_css=&#8221;margin-top: 0px;margin-bottom: 0px;&#8221; border_size=&#8221;0&#8243; border_styling_global=&#8221;default&#8221; width=&#8221;1\/1&#8243; el_position=&#8221;first last&#8221;]<\/p>\n<p>Comes in 3 sizes:<\/p>\n<p>Small (20-30 cm arm circumference)<br \/>\nMedium (28-42 cm arm circumference)<br \/>\nLarge (40-52 cm arm circumference)<\/p>\n<p>Velcro closure, so even more flexible around upper arm.<\/p>\n<p>[\/spb_text_block] [\/spb_tab] [spb_tab title=&#8221;Video&#8221; icon=&#8221;&#8221; id=&#8221;Video&#8221;] [spb_video link=&#8221;https:\/\/www.youtube.com\/watch?v=rGC4C-ljKVk&#8221; remove_related=&#8221;yes&#8221; autoplay=&#8221;no&#8221; full_width=&#8221;no&#8221; width=&#8221;1\/1&#8243; el_position=&#8221;first last&#8221;] [\/spb_tab] [\/spb_tabs] [spb_blank_spacer height=&#8221;30px&#8221; width=&#8221;1\/1&#8243; el_position=&#8221;first last&#8221;] [spb_blank_spacer height=&#8221;30px&#8221; width=&#8221;1\/1&#8243; el_position=&#8221;first last&#8221;] [spb_image image=&#8221;27561&#8243; image_size=&#8221;full&#8221; frame=&#8221;noframe&#8221; caption_pos=&#8221;hover&#8221; remove_rounded=&#8221;yes&#8221; fullwidth=&#8221;no&#8221; overflow_mode=&#8221;none&#8221; link_target=&#8221;_self&#8221; lightbox=&#8221;no&#8221; intro_animation=&#8221;none&#8221; animation_delay=&#8221;200&#8243; width=&#8221;1\/2&#8243; el_position=&#8221;first&#8221;][\/spb_image] [spb_text_block animation=&#8221;none&#8221; animation_delay=&#8221;0&#8243; simplified_controls=&#8221;yes&#8221; custom_css_percentage=&#8221;no&#8221; padding_vertical=&#8221;0&#8243; padding_horizontal=&#8221;0&#8243; margin_vertical=&#8221;0&#8243; custom_css=&#8221;margin-top: 0px;margin-bottom: 0px;&#8221; border_size=&#8221;0&#8243; border_styling_global=&#8221;default&#8221; width=&#8221;1\/2&#8243; el_position=&#8221;last&#8221;]<\/p>\n<h3 style=\"text-align: left;\"><span style=\"color: #333333;\">100% SATISFACTION<\/span><\/h3>\n<p style=\"text-align: left;\">If you want them custom made with your choice of material, buckle, or any idea, you might have, please share with us at info@zlcopenhagen.com<\/p>\n<p style=\"text-align: left;\">Custom satisfaction\u00a0is our keyword.<\/p>\n<h3 id=\"tw-target-text\" class=\"tw-data-text tw-text-large XcVN5d tw-ta\" dir=\"ltr\" data-placeholder=\"Translation\"><span lang=\"en\">SALES TO COMPANIES, BUSINESSES &amp; PUBLIC INSTITUTIONS<\/span><\/h3>\n<p class=\"tw-data-text tw-text-large XcVN5d tw-ta\" dir=\"ltr\" data-placeholder=\"Translation\"><span lang=\"en\">We also sell to companies where you can buy a larger batch of goods, delivered directly from the supplier. If you have other ideas, feedback, wishes, please\u00a0<a href=\"https:\/\/zlcopenhagen.com\/contact-us\/\" target=\"_blank\" rel=\"noopener\">contact us<\/a>\u00a0here. Customer satisfaction is a virtue for us.<\/span><\/p>\n<p>[\/spb_text_block] [spb_blank_spacer height=&#8221;30px&#8221; width=&#8221;1\/1&#8243; el_position=&#8221;first last&#8221;] [spb_blank_spacer height=&#8221;30px&#8221; width=&#8221;1\/1&#8243; el_position=&#8221;first last&#8221;] [spb_image image=&#8221;27763&#8243; image_size=&#8221;full&#8221; frame=&#8221;noframe&#8221; caption_pos=&#8221;hover&#8221; remove_rounded=&#8221;yes&#8221; fullwidth=&#8221;no&#8221; overflow_mode=&#8221;none&#8221; link_target=&#8221;_self&#8221; lightbox=&#8221;no&#8221; intro_animation=&#8221;none&#8221; animation_delay=&#8221;200&#8243; width=&#8221;1\/2&#8243; el_position=&#8221;first&#8221;][\/spb_image] [spb_image image=&#8221;27767&#8243; image_size=&#8221;full&#8221; frame=&#8221;noframe&#8221; caption_pos=&#8221;hover&#8221; remove_rounded=&#8221;yes&#8221; fullwidth=&#8221;no&#8221; overflow_mode=&#8221;none&#8221; link_target=&#8221;_self&#8221; lightbox=&#8221;no&#8221; intro_animation=&#8221;none&#8221; animation_delay=&#8221;200&#8243; width=&#8221;1\/2&#8243; el_position=&#8221;last&#8221;][\/spb_image] [spb_blank_spacer height=&#8221;30px&#8221; width=&#8221;1\/1&#8243; el_position=&#8221;first last&#8221;] [spb_blank_spacer height=&#8221;30px&#8221; width=&#8221;1\/1&#8243; el_position=&#8221;first last&#8221;] [spb_image image=&#8221;27574&#8243; image_size=&#8221;full&#8221; frame=&#8221;noframe&#8221; caption_pos=&#8221;hover&#8221; remove_rounded=&#8221;yes&#8221; fullwidth=&#8221;no&#8221; overflow_mode=&#8221;none&#8221; link_target=&#8221;_self&#8221; lightbox=&#8221;no&#8221; intro_animation=&#8221;none&#8221; animation_delay=&#8221;200&#8243; width=&#8221;1\/1&#8243; el_position=&#8221;first last&#8221;][\/spb_image] [spb_blank_spacer height=&#8221;30px&#8221; width=&#8221;1\/1&#8243; el_position=&#8221;first last&#8221;] [spb_image image=&#8221;27566&#8243; image_size=&#8221;full&#8221; frame=&#8221;noframe&#8221; caption_pos=&#8221;hover&#8221; remove_rounded=&#8221;yes&#8221; fullwidth=&#8221;no&#8221; overflow_mode=&#8221;none&#8221; link_target=&#8221;_self&#8221; lightbox=&#8221;no&#8221; intro_animation=&#8221;none&#8221; animation_delay=&#8221;200&#8243; width=&#8221;1\/1&#8243; el_position=&#8221;first last&#8221;][\/spb_image] [spb_blank_spacer height=&#8221;30px&#8221; width=&#8221;1\/1&#8243; el_position=&#8221;first last&#8221;]<\/p>\n","protected":false},"excerpt":{"rendered":"<p>[spb_tabs tabs_type=&#8221;standard&#8221; center_tabs=&#8221;no&#8221; width=&#8221;1\/1&#8243; el_position=&#8221;first last&#8221;] [spb_tab title=&#8221;Product&#8221; icon=&#8221;&#8221; id=&#8221;Product&#8221;] [spb_text_block animation=&#8221;none&#8221; animation_delay=&#8221;0&#8243; simplified_controls=&#8221;yes&#8221; custom_css_percentage=&#8221;no&#8221; padding_vertical=&#8221;0&#8243; padding_horizontal=&#8221;0&#8243; margin_vertical=&#8221;0&#8243; custom_css=&#8221;margin-top: 0px;margin-bottom: 0px;&#8221; border_size=&#8221;0&#8243; border_styling_global=&#8221;default&#8221; width=&#8221;1\/1&#8243; el_position=&#8221;first last&#8221;] OCCLUSION BANDS WITH VELCRO CLOSURE FROM ZLCOPENHAGEN Occlusion training bands with velcro closure, a Danish Design brand with durable material from ZLCOPENHAGEN. We do not use the regular wrist wraps material, which typically consists [&hellip;]<\/p>\n","protected":false},"featured_media":27768,"comment_status":"closed","ping_status":"closed","template":"","meta":[],"product_brand":[],"product_cat":[114,120],"product_tag":[],"class_list":{"0":"post-27740","1":"product","2":"type-product","3":"status-publish","4":"has-post-thumbnail","6":"product_cat-accessories","7":"product_cat-fitness-udstyr-da","9":"first","10":"instock","11":"featured","12":"taxable","13":"shipping-taxable","14":"purchasable","15":"product-type-variable","16":"has-default-attributes"},"yoast_head":"<!-- This site is optimized with the Yoast SEO Premium plugin v26.6 (Yoast SEO v27.6) - https:\/\/yoast.com\/product\/yoast-seo-premium-wordpress\/ -->\n<title>Originale okklusion tr\u00e6nings b\u00e5nd med velcro lukning. lige her!<\/title>\n<meta name=\"description\" content=\"Okklusion tr\u00e6nings b\u00e5nd med velcro lukning - ZLCOPENHAGEN - Slidst\u00e6rke for BFR (blood flow restriction) \/ Kaatsu tr\u00e6ning. K\u00f8b dem her\" \/>\n<meta name=\"robots\" content=\"index, follow, max-snippet:-1, max-image-preview:large, max-video-preview:-1\" \/>\n<link rel=\"canonical\" href=\"https:\/\/zlcopenhagen.com\/da\/produkt\/zlc-gul-okklusion-band-til-arme-med-velcro\/\" \/>\n<meta property=\"og:locale\" content=\"da_DK\" \/>\n<meta property=\"og:type\" content=\"article\" \/>\n<meta property=\"og:title\" content=\"ZLC GUL OKKLUSION B\u00c5ND TIL ARME MED VELCRO\" \/>\n<meta property=\"og:description\" content=\"Okklusion tr\u00e6nings b\u00e5nd med velcro lukning - ZLCOPENHAGEN - Slidst\u00e6rke for BFR (blood flow restriction) \/ Kaatsu tr\u00e6ning. K\u00f8b dem her\" \/>\n<meta property=\"og:url\" content=\"https:\/\/zlcopenhagen.com\/da\/produkt\/zlc-gul-okklusion-band-til-arme-med-velcro\/\" \/>\n<meta property=\"og:site_name\" content=\"zlcopenhagen.com\" \/>\n<meta property=\"article:modified_time\" content=\"2021-01-28T20:36:36+00:00\" \/>\n<meta property=\"og:image\" content=\"https:\/\/i0.wp.com\/zlcopenhagen.com\/wp-content\/uploads\/2021\/01\/yellow-occlusionstraning-velcro-closure-kaatsu-bfr-closeup.jpg?fit=500%2C500&ssl=1\" \/>\n\t<meta property=\"og:image:width\" content=\"500\" \/>\n\t<meta property=\"og:image:height\" content=\"500\" \/>\n\t<meta property=\"og:image:type\" content=\"image\/jpeg\" \/>\n<meta name=\"twitter:card\" content=\"summary_large_image\" \/>\n<meta name=\"twitter:label1\" content=\"Tilg\u00e6ngelighed\" \/>\n\t<meta name=\"twitter:data1\" content=\"P\u00e5 lager\" \/>\n<meta property=\"og:availability\" content=\"instock\" \/>\n<meta property=\"product:availability\" content=\"instock\" \/>\n<meta property=\"product:condition\" content=\"new\" \/>\n<!-- \/ Yoast SEO Premium plugin. -->","yoast_head_json":{"title":"Originale okklusion tr\u00e6nings b\u00e5nd med velcro lukning. lige her!","description":"Okklusion tr\u00e6nings b\u00e5nd med velcro lukning - ZLCOPENHAGEN - Slidst\u00e6rke for BFR (blood flow restriction) \/ Kaatsu tr\u00e6ning. K\u00f8b dem her","robots":{"index":"index","follow":"follow","max-snippet":"max-snippet:-1","max-image-preview":"max-image-preview:large","max-video-preview":"max-video-preview:-1"},"canonical":"https:\/\/zlcopenhagen.com\/da\/produkt\/zlc-gul-okklusion-band-til-arme-med-velcro\/","og_locale":"da_DK","og_type":"article","og_title":"ZLC GUL OKKLUSION B\u00c5ND TIL ARME MED VELCRO","og_description":"Okklusion tr\u00e6nings b\u00e5nd med velcro lukning - ZLCOPENHAGEN - Slidst\u00e6rke for BFR (blood flow restriction) \/ Kaatsu tr\u00e6ning. K\u00f8b dem her","og_url":"https:\/\/zlcopenhagen.com\/da\/produkt\/zlc-gul-okklusion-band-til-arme-med-velcro\/","og_site_name":"zlcopenhagen.com","article_modified_time":"2021-01-28T20:36:36+00:00","og_image":[{"width":500,"height":500,"url":"https:\/\/i0.wp.com\/zlcopenhagen.com\/wp-content\/uploads\/2021\/01\/yellow-occlusionstraning-velcro-closure-kaatsu-bfr-closeup.jpg?fit=500%2C500&ssl=1","type":"image\/jpeg"}],"twitter_card":"summary_large_image","twitter_misc":{"Tilg\u00e6ngelighed":"P\u00e5 lager"},"schema":{"@context":"https:\/\/schema.org","@graph":[{"@type":"WebPage","@id":"https:\/\/zlcopenhagen.com\/da\/produkt\/zlc-gul-okklusion-band-til-arme-med-velcro\/","url":"https:\/\/zlcopenhagen.com\/da\/produkt\/zlc-gul-okklusion-band-til-arme-med-velcro\/","name":"Originale okklusion tr\u00e6nings b\u00e5nd med velcro lukning. lige her!","isPartOf":{"@id":"https:\/\/zlcopenhagen.com\/#website"},"primaryImageOfPage":{"@id":"https:\/\/zlcopenhagen.com\/da\/produkt\/zlc-gul-okklusion-band-til-arme-med-velcro\/#primaryimage"},"image":{"@id":"https:\/\/zlcopenhagen.com\/da\/produkt\/zlc-gul-okklusion-band-til-arme-med-velcro\/#primaryimage"},"thumbnailUrl":"https:\/\/zlcopenhagen.com\/wp-content\/uploads\/2021\/01\/yellow-occlusionstraning-velcro-closure-kaatsu-bfr-closeup.jpg","datePublished":"2021-01-21T10:03:08+00:00","dateModified":"2021-01-28T20:36:36+00:00","description":"Okklusion tr\u00e6nings b\u00e5nd med velcro lukning - ZLCOPENHAGEN - Slidst\u00e6rke for BFR (blood flow restriction) \/ Kaatsu tr\u00e6ning. K\u00f8b dem her","breadcrumb":{"@id":"https:\/\/zlcopenhagen.com\/da\/produkt\/zlc-gul-okklusion-band-til-arme-med-velcro\/#breadcrumb"},"inLanguage":"da-DK","potentialAction":[{"@type":"ReadAction","target":["https:\/\/zlcopenhagen.com\/da\/produkt\/zlc-gul-okklusion-band-til-arme-med-velcro\/"]}]},{"@type":"ImageObject","inLanguage":"da-DK","@id":"https:\/\/zlcopenhagen.com\/da\/produkt\/zlc-gul-okklusion-band-til-arme-med-velcro\/#primaryimage","url":"https:\/\/zlcopenhagen.com\/wp-content\/uploads\/2021\/01\/yellow-occlusionstraning-velcro-closure-kaatsu-bfr-closeup.jpg","contentUrl":"https:\/\/zlcopenhagen.com\/wp-content\/uploads\/2021\/01\/yellow-occlusionstraning-velcro-closure-kaatsu-bfr-closeup.jpg","width":500,"height":500,"caption":"Gul-okklusion-tr\u00e6nings-b\u00e5nd"},{"@type":"BreadcrumbList","@id":"https:\/\/zlcopenhagen.com\/da\/produkt\/zlc-gul-okklusion-band-til-arme-med-velcro\/#breadcrumb","itemListElement":[{"@type":"ListItem","position":1,"name":"Home","item":"https:\/\/zlcopenhagen.com\/da\/"},{"@type":"ListItem","position":2,"name":"Shop","item":"https:\/\/zlcopenhagen.com\/da\/shop\/"},{"@type":"ListItem","position":3,"name":"ZLC GUL OKKLUSION B\u00c5ND TIL ARME MED VELCRO"}]},{"@type":"WebSite","@id":"https:\/\/zlcopenhagen.com\/#website","url":"https:\/\/zlcopenhagen.com\/","name":"zlcopenhagen.com","description":"","publisher":{"@id":"https:\/\/zlcopenhagen.com\/#organization"},"potentialAction":[{"@type":"SearchAction","target":{"@type":"EntryPoint","urlTemplate":"https:\/\/zlcopenhagen.com\/?s={search_term_string}"},"query-input":{"@type":"PropertyValueSpecification","valueRequired":true,"valueName":"search_term_string"}}],"inLanguage":"da-DK"},{"@type":["Organization","Place"],"@id":"https:\/\/zlcopenhagen.com\/#organization","name":"ZLCOPENHAGEN","alternateName":"ZLCOPENHAGEN","url":"https:\/\/zlcopenhagen.com\/","logo":{"@id":"https:\/\/zlcopenhagen.com\/da\/produkt\/zlc-gul-okklusion-band-til-arme-med-velcro\/#local-main-organization-logo"},"image":{"@id":"https:\/\/zlcopenhagen.com\/da\/produkt\/zlc-gul-okklusion-band-til-arme-med-velcro\/#local-main-organization-logo"},"sameAs":["https:\/\/www.youtube.com\/channel\/UCy7JINwB6DMr2fA9yHpDQJg"],"telephone":[],"openingHoursSpecification":[{"@type":"OpeningHoursSpecification","dayOfWeek":["Monday","Tuesday","Wednesday","Thursday","Friday","Saturday","Sunday"],"opens":"09:00","closes":"17:00"}]},{"@type":"ImageObject","inLanguage":"da-DK","@id":"https:\/\/zlcopenhagen.com\/da\/produkt\/zlc-gul-okklusion-band-til-arme-med-velcro\/#local-main-organization-logo","url":"https:\/\/zlcopenhagen.com\/wp-content\/uploads\/2016\/05\/blog-logo.jpg","contentUrl":"https:\/\/zlcopenhagen.com\/wp-content\/uploads\/2016\/05\/blog-logo.jpg","width":68,"height":68,"caption":"ZLCOPENHAGEN"}]},"og_availability":"instock","product_availability":"instock","product_condition":"new"},"_links":{"self":[{"href":"https:\/\/zlcopenhagen.com\/da\/wp-json\/wp\/v2\/product\/27740","targetHints":{"allow":["GET"]}}],"collection":[{"href":"https:\/\/zlcopenhagen.com\/da\/wp-json\/wp\/v2\/product"}],"about":[{"href":"https:\/\/zlcopenhagen.com\/da\/wp-json\/wp\/v2\/types\/product"}],"replies":[{"embeddable":true,"href":"https:\/\/zlcopenhagen.com\/da\/wp-json\/wp\/v2\/comments?post=27740"}],"wp:featuredmedia":[{"embeddable":true,"href":"https:\/\/zlcopenhagen.com\/da\/wp-json\/wp\/v2\/media\/27768"}],"wp:attachment":[{"href":"https:\/\/zlcopenhagen.com\/da\/wp-json\/wp\/v2\/media?parent=27740"}],"wp:term":[{"taxonomy":"product_brand","embeddable":true,"href":"https:\/\/zlcopenhagen.com\/da\/wp-json\/wp\/v2\/product_brand?post=27740"},{"taxonomy":"product_cat","embeddable":true,"href":"https:\/\/zlcopenhagen.com\/da\/wp-json\/wp\/v2\/product_cat?post=27740"},{"taxonomy":"product_tag","embeddable":true,"href":"https:\/\/zlcopenhagen.com\/da\/wp-json\/wp\/v2\/product_tag?post=27740"}],"curies":[{"name":"wp","href":"https:\/\/api.w.org\/{rel}","templated":true}]}}