{"id":27131,"date":"2020-12-29T17:30:31","date_gmt":"2020-12-29T16:30:32","guid":{"rendered":"https:\/\/zlcopenhagen.com\/?post_type=product&#038;p=27131"},"modified":"2024-03-28T06:23:04","modified_gmt":"2024-03-28T05:23:04","slug":"sort-haandlavet-cashmere-twill-pashmina-toerklaede-sjal","status":"publish","type":"product","link":"https:\/\/zlcopenhagen.com\/da\/produkt\/sort-haandlavet-cashmere-twill-pashmina-toerklaede-sjal\/","title":{"rendered":"SORT H\u00c5NDLAVET CASHMERE TWILL PASHMINA T\u00d8RKL\u00c6DE-SJAL"},"content":{"rendered":"<p>[spb_tabs tabs_type=&#8221;standard&#8221; center_tabs=&#8221;no&#8221; width=&#8221;1\/1&#8243; el_position=&#8221;first last&#8221;] [spb_tab title=&#8221;Produkt&#8221; icon=&#8221;&#8221; id=&#8221;Produkt&#8221;] [spb_text_block animation=&#8221;none&#8221; animation_delay=&#8221;0&#8243; simplified_controls=&#8221;yes&#8221; custom_css_percentage=&#8221;no&#8221; padding_vertical=&#8221;0&#8243; padding_horizontal=&#8221;0&#8243; margin_vertical=&#8221;0&#8243; custom_css=&#8221;margin-top: 0px;margin-bottom: 0px;&#8221; border_size=&#8221;0&#8243; border_styling_global=&#8221;default&#8221; width=&#8221;1\/1&#8243; el_position=&#8221;first last&#8221;]<\/p>\n<h2>M\u00c6NDS CASHMERE T\u00d8RKL\u00c6DE<\/h2>\n<h3>HOLD DIG VARM OG L\u00c6KKER<\/h3>\n<p>N\u00e5r det kommer til herremode, er et cashmere t\u00f8rkl\u00e6de mere end blot et modeaccessory &#8211; det er en essentiel del af den moderne mands garderobe. Den usammenlignelige bl\u00f8dhed, varme og slidstyrke g\u00f8r det til et uundv\u00e6rligt valg, der tilf\u00f8jer b\u00e5de stil og komfort til enhver lejlighed, fra forretningsm\u00f8der til afslappede weekends.<\/p>\n<p>N\u00e5r du v\u00e6lger det perfekte cashmere t\u00f8rkl\u00e6de, er farve og tekstur afg\u00f8rende for at matche din personlige stil. Neutrale farver som sort og gr\u00e5 giver alsidighed, men et pop af farve eller et unikt m\u00f8nster kan virkelig fremh\u00e6ve din individualitet. Kvalitet afsl\u00f8res i finheden og h\u00e5ndv\u00e6rket, hvilket afspejler din flair for mode og pr\u00e6ference for f\u00f8rsteklasses materialer.<\/p>\n<p>Et cashmere t\u00f8rkl\u00e6de af h\u00f8j kvalitet er ikke kun en modeerkl\u00e6ring, det er ogs\u00e5 en langsigtet investering i b\u00e5de stil og funktion.\u00a0 Den perfekte gave og selvfork\u00e6lelse til den moderne mand, der signalerer raffinement og et bevidst valg af luksus og funktionalitet i et.<\/p>\n<p>[\/spb_text_block] [\/spb_tab] [spb_tab title=&#8221;Materiale&#8221; icon=&#8221;&#8221; id=&#8221;Materiale&#8221;] [spb_text_block animation=&#8221;none&#8221; animation_delay=&#8221;0&#8243; simplified_controls=&#8221;yes&#8221; custom_css_percentage=&#8221;no&#8221; padding_vertical=&#8221;0&#8243; padding_horizontal=&#8221;0&#8243; margin_vertical=&#8221;0&#8243; custom_css=&#8221;margin-top: 0px;margin-bottom: 0px;&#8221; border_size=&#8221;0&#8243; border_styling_global=&#8221;default&#8221; width=&#8221;1\/1&#8243; el_position=&#8221;first last&#8221;]<\/p>\n<h2>CASHMERE: DET ULTIMATIVE &#8220;BL\u00d8DE GULD&#8221;<\/h2>\n<p>Lad os snakke om noget virkelig l\u00e6kkert \u2013 cashmere. T\u00e6nk p\u00e5 det som det &#8220;bl\u00f8de guld&#8221; i din garderobe. Vi taler 100 procent ren cashmere her, ikke noget blandingshall\u00f8j. Det her er materialet, der tager komfort og klasse op p\u00e5 et helt nyt niveau. Forestil dig at pakke dig ind i noget s\u00e5 bl\u00f8dt, at det f\u00f8les som en kram fra en sky \u2013 det er cashmere for dig.<\/p>\n<p>Men vent, det bliver bedre. Cashmere er ikke bare bl\u00f8dt; det er st\u00e6rkt, og det kl\u00e6der dig p\u00e5 til at tackle koldere dage med stil og en varme, der ikke vejer dig ned. Det er som at have dit eget personlige varmeskjold, der ogs\u00e5 ser skarp ud. Og fordi det er 100 procent \u00e6gte vare, holder det \u00e5r efter \u00e5r. Vi snakker langtidsholdbar luksus, som du ikke finder andre steder.<\/p>\n<p>Vi har teamet op med Danmarks st\u00f8rste udvalg af cashmere t\u00f8rkl\u00e6der. S\u00e5 uanset om du er ude efter at imponere p\u00e5 en date eller bare vil f\u00f8le dig ekstra god, har vi det, du skal bruge.<\/p>\n<p>[\/spb_text_block] [\/spb_tab] [spb_tab title=&#8221;Vaskeanvisninger og pleje&#8221; icon=&#8221;&#8221; id=&#8221;Vaskeanvisningerogpleje&#8221;] [spb_text_block animation=&#8221;none&#8221; animation_delay=&#8221;0&#8243; simplified_controls=&#8221;yes&#8221; custom_css_percentage=&#8221;no&#8221; padding_vertical=&#8221;0&#8243; padding_horizontal=&#8221;0&#8243; margin_vertical=&#8221;0&#8243; border_size=&#8221;0&#8243; border_styling_global=&#8221;default&#8221; width=&#8221;1\/1&#8243; el_position=&#8221;first last&#8221;]<\/p>\n<h3>S\u00c5DAN HOLDER DU DIT CASHMERE T\u00d8RKL\u00c6DE I TOPFORM<\/h3>\n<p>Okay, lad os dykke ned i, hvordan du holder dit cashmere t\u00f8rkl\u00e6de \u2013 det &#8220;bl\u00f8de guld&#8221; \u2013 lige s\u00e5 l\u00e6kkert og indbydende, som da du fik fingrene i det. Det her handler om at give lidt k\u00e6rlighed tilbage til noget, der giver dig s\u00e5 meget swagger og varme.<\/p>\n<p><strong>F\u00f8rst og fremmest: Vask med omtanke.<\/strong> Cashmere er lidt som en fin vin; det kr\u00e6ver den rette behandling for at blive ved med at v\u00e6re fantastisk. S\u00e5 drop maskinvasken. Det er tid til en blid h\u00e5ndvask i koldt vand. Brug en mild s\u00e6be \u2013 t\u00e6nk babyshampoo-niveau af mildhed. Det er blidt, det er nemt, og det bevarer den der luksuri\u00f8se f\u00f8lelse.<\/p>\n<p><strong>Nummer to: T\u00f8rring.<\/strong> Efter en blid vask, rul dit t\u00f8rkl\u00e6de op i et h\u00e5ndkl\u00e6de for at presse det overskydende vand ud. Ingen vriden eller h\u00e5rdh\u00e6ndet behandling her; vi er ikke i et wrestling match. Brede det s\u00e5 ud p\u00e5 en flad overflade, v\u00e6k fra direkte sollys eller varme. T\u00e5lmodighed er n\u00f8glen her \u2013 lad luften g\u00f8re sit arbejde.<\/p>\n<p><strong>Tredje trin: Opbevaring.<\/strong> N\u00e5r dit t\u00f8rkl\u00e6de er t\u00f8rt, er det tid til at t\u00e6nke p\u00e5 opbevaring. Cashmere elsker at \u00e5nde, s\u00e5 undg\u00e5 at stampe det ned i en trang skuffe. H\u00e6ng det ikke op \u2013 det kan str\u00e6kke sig. Fold det p\u00e6nt, og gem det et sted, hvor det kan ligge fladt og chill&#8217;e indtil n\u00e6ste brug.<\/p>\n<p><strong>Sidst, men ikke mindst: Fjern pilling med k\u00e6rlighed.<\/strong> Efter noget tid kan dit cashmere begynde at vise sm\u00e5 knuder af fibre, ogs\u00e5 kendt som pilling. Det er normalt, specielt for et high-use item som et t\u00f8rkl\u00e6de. Anskaf dig en cashmere kam, og giv det en blid b\u00f8rstning for at holde det ser skarpt og indbydende ud.<\/p>\n<p>F\u00f8lg disse simple steps, og dit cashmere t\u00f8rkl\u00e6de vil blive ved med at v\u00e6re dit go-to accessory, der f\u00e5r dig til at se b\u00e5de hot og cool ud p\u00e5 samme tid. Det er den lille indsats, der holder luksusen i live. Du kan l\u00e6se mere om hvordan du ordner<strong><a href=\"https:\/\/zlcopenhagen.com\/da\/effektiv-bakteriebekaempelse-ved-toejvask-zlcopenhagen\/\" target=\"_blank\" rel=\"noopener\"> dit vasket\u00f8j bedst muligt<\/a><\/strong>.<\/p>\n<p>[\/spb_text_block] [\/spb_tab] [spb_tab title=&#8221;St\u00f8rrelsesguide&#8221; icon=&#8221;&#8221; id=&#8221;Strrelsesguide&#8221;] [spb_text_block animation=&#8221;none&#8221; animation_delay=&#8221;0&#8243; simplified_controls=&#8221;yes&#8221; custom_css_percentage=&#8221;no&#8221; padding_vertical=&#8221;0&#8243; padding_horizontal=&#8221;0&#8243; margin_vertical=&#8221;0&#8243; border_size=&#8221;0&#8243; border_styling_global=&#8221;default&#8221; width=&#8221;1\/1&#8243; el_position=&#8221;first last&#8221;]<\/p>\n<h2>S\u00c5DAN STYLER DU DIT CASHMERE T\u00d8RKL\u00c6DE<\/h2>\n<p>Forestil dig et t\u00f8rkl\u00e6de, der er som skabt til at give dig den perfekte balance mellem komfort og stil. Vi snakker om et t\u00f8rkl\u00e6de i 100 procent cashmere, der m\u00e5ler lige pr\u00e6cis 200 cm i l\u00e6ngden og 70 cm i bredden. Det er den ideelle st\u00f8rrelse for at pakke dig ind i luksus, uden at det bliver overv\u00e6ldende eller klodset.<\/p>\n<p>Med disse dimensioner kan du style dit cashmere t\u00f8rkl\u00e6de p\u00e5 utallige m\u00e5der. Vikl det l\u00f8st om halsen for et casual, men stilfuldt look, eller bind det stramt for ekstra varme p\u00e5 de rigtig kolde dage. Det er ogs\u00e5 bredt nok til at fungere som et let sjal over skuldrene, hvilket g\u00f8r det til en alsidig tilf\u00f8jelse til din garderobe, der kan tilpasse sig b\u00e5de formelle og afslappede lejligheder.<\/p>\n<p>Dette t\u00f8rkl\u00e6de er designet til at v\u00e6re din go-to accessory, der bringer et touch af raffinement og komfort til ethvert outfit. Med sin gener\u00f8se st\u00f8rrelse er det b\u00e5de praktisk og fashionabelt \u2013 et must-have for enhver, der s\u00e6tter pris p\u00e5 \u00e6gte kvalitet og tidl\u00f8s design.<\/p>\n<p>[\/spb_text_block] [\/spb_tab] [spb_tab title=&#8221;Historie&#8221; icon=&#8221;&#8221; id=&#8221;Historie&#8221;] [spb_text_block animation=&#8221;none&#8221; animation_delay=&#8221;0&#8243; simplified_controls=&#8221;yes&#8221; custom_css_percentage=&#8221;no&#8221; padding_vertical=&#8221;0&#8243; padding_horizontal=&#8221;0&#8243; margin_vertical=&#8221;0&#8243; custom_css=&#8221;margin-top: 0px;margin-bottom: 0px;&#8221; border_size=&#8221;0&#8243; border_styling_global=&#8221;default&#8221; width=&#8221;1\/1&#8243; el_position=&#8221;first last&#8221;]<\/p>\n<p><a href=\"https:\/\/en.wikipedia.org\/wiki\/Cashmere_goat\" target=\"_blank\" rel=\"noopener\">L\u00e6s mere om historien her<\/a><\/p>\n<p>[\/spb_text_block] [\/spb_tab] [\/spb_tabs] [spb_text_block animation=&#8221;none&#8221; animation_delay=&#8221;0&#8243; simplified_controls=&#8221;yes&#8221; custom_css_percentage=&#8221;no&#8221; padding_vertical=&#8221;0&#8243; padding_horizontal=&#8221;0&#8243; margin_vertical=&#8221;0&#8243; custom_css=&#8221;margin-top: 0px;margin-bottom: 0px;&#8221; border_size=&#8221;0&#8243; border_styling_global=&#8221;default&#8221; width=&#8221;1\/1&#8243; el_position=&#8221;first last&#8221;]<\/p>\n<h2>M\u00c6NDS SORT CASHMERE T\u00d8RKL\u00c6DE-SJAL H\u00c5NDLAVET<\/h2>\n<p>Luksus m\u00e6nds pashmina sjal, n\u00e5r det kommer til den ultimative luksus og komfort. N\u00e5r det kommer til herremode, er et sort cashmere t\u00f8rkl\u00e6de-sjal h\u00e5ndlavet mere end blot et modeaccessory &#8211; det er en essentiel del af den moderne mands garderobe. Den usammenlignelige bl\u00f8dhed, varme og slidstyrke g\u00f8r det til et uundv\u00e6rligt valg, der tilf\u00f8jer b\u00e5de stil og komfort til enhver lejlighed, fra forretningsm\u00f8der til afslappede weekends.<\/p>\n<p>Ved valg af det perfekte sort cashmere t\u00f8rkl\u00e6de-sjal h\u00e5ndlavet er farve og tekstur afg\u00f8rende for at matche din personlige stil. Neutrale farver som sort og gr\u00e5 giver alsidighed, men et pop af farve eller et unikt m\u00f8nster kan virkelig fremh\u00e6ve din individualitet. Kvalitet afsl\u00f8res i finheden og h\u00e5ndv\u00e6rket, hvilket afspejler din flair for mode og pr\u00e6ference for f\u00f8rsteklasses materialer.<\/p>\n<p>Et sort cashmere t\u00f8rkl\u00e6de-sjal h\u00e5ndlavet af h\u00f8j kvalitet er ikke kun en modeerkl\u00e6ring, det er ogs\u00e5 en langsigtet investering i b\u00e5de stil og funktion. Modstandsdygtig over for naturlige rynker og slid, er det let at vedligeholde og garanterer en lang levetid. At b\u00e6re et sort cashmere t\u00f8rkl\u00e6de-sjal h\u00e5ndlavet signalerer raffinement og et bevidst valg om at kombinere stil med praktisk anvendelighed.<\/p>\n<p>[\/spb_text_block] [spb_video element_name=&#8221;scarf 11 ways&#8221; title=&#8221;HOW TO WEAR IT&#8221; link=&#8221;https:\/\/www.youtube.com\/watch?v=Jjd4TRSEmUw&#8221; remove_related=&#8221;yes&#8221; autoplay=&#8221;no&#8221; full_width=&#8221;no&#8221; width=&#8221;1\/1&#8243; el_position=&#8221;first last&#8221;] [spb_text_block animation=&#8221;none&#8221; animation_delay=&#8221;0&#8243; simplified_controls=&#8221;yes&#8221; custom_css_percentage=&#8221;no&#8221; padding_vertical=&#8221;0&#8243; padding_horizontal=&#8221;0&#8243; margin_vertical=&#8221;0&#8243; custom_css=&#8221;margin-top: 0px;margin-bottom: 0px;&#8221; border_size=&#8221;0&#8243; border_styling_global=&#8221;default&#8221; width=&#8221;1\/1&#8243; el_position=&#8221;first last&#8221;]<\/p>\n<h2>S\u00c5DAN B\u00c6RER DU ET T\u00d8RKL\u00c6DE<\/h2>\n<h3>UDEN AT ENDE MED AT LAVE EN KNUDE P\u00c5 DIG SELV<\/h3>\n<p>I en verden, hvor YouTube bugner af inspiration, er det ingen skam at indr\u00f8mme, hvis man har stirret sig blind p\u00e5 sit nye cashmere t\u00f8rkl\u00e6de og t\u00e6nkt: &#8220;Hvordan i alverden skal dette b\u00e6res?&#8221; Frygt ej, for du er langt fra alene. Der findes utallige videoer p\u00e5 YouTube, der tilbyder et v\u00e6ld af inspiration og vejledning i, hvordan man kan dekorere sig selv p\u00e5 en kreativ og stilfuld m\u00e5de med et t\u00f8rkl\u00e6de \u2013 en kunst, som modeikonet Beau Brummel mestrede til perfektion.<\/p>\n<h2>V\u00c6RE KREATIV SOM BEAU BRUMMEL<\/h2>\n<h3>T\u00d8RKL\u00c6DETEKNIKKER, DER VENDER HVER DAG TIL MODESHOW<\/h3>\n<p>&nbsp;<\/p>\n<ol>\n<li><strong>DRAPE<\/strong>: Simpelthen lad t\u00f8rkl\u00e6det h\u00e6nge l\u00f8st omkring din hals, et uformelt look der ikke kr\u00e6ver bindearbejde.<\/li>\n<li><strong>EN GANG RUNDT<\/strong>: Sv\u00f8b t\u00f8rkl\u00e6det en gang rundt om halsen for en afslappet, men stadig beskyttende stil.<\/li>\n<li><strong>COWBOYEN<\/strong>: Fold t\u00f8rkl\u00e6det i en trekant og bind det bag p\u00e5 halsen for et dristigt, udend\u00f8rs look.<\/li>\n<li><strong>BRYSTVARMEREN<\/strong>: En variation, hvor t\u00f8rkl\u00e6det er draperet dobbelt om halsen med enderne gemt v\u00e6k, perfekt til kolde dage.<\/li>\n<li><strong>DET OMVENDTE DRAPERI<\/strong>: Start med at drapere t\u00f8rkl\u00e6det om halsen med enderne h\u00e6ngende bagud, og bring dem derefter frem foran.<\/li>\n<li><strong>DEN PARISISKE KNODE<\/strong>: Fold t\u00f8rkl\u00e6det p\u00e5 midten, l\u00e6g det om halsen og tr\u00e6k enderne gennem l\u00f8kken, et klassisk og chic valg.<\/li>\n<li><strong>DEN FALSKE KNODE<\/strong>: Lav en l\u00f8kke i den ene ende af t\u00f8rkl\u00e6det, tr\u00e6k den anden ende igennem, og just\u00e9r for et poleret look.<\/li>\n<li><strong>DET OMVENDTE STOP<\/strong>: Lignende til den falske knude, men med en t\u00e6ttere pasform om halsen for ekstra varme.<\/li>\n<li><strong>DET OMVENDTE KRYS<\/strong>: En stilfuld metode, hvor t\u00f8rkl\u00e6det krydses bag nakken f\u00f8r enderne bringes frem.<\/li>\n<li><strong>FIRE I H\u00c5ND<\/strong>: En sofistikeret teknik, der minder om at binde et slips, giver et slankt og elegant udtryk.<\/li>\n<li><strong>TO GANGE RUNDT<\/strong>: Sv\u00f8b t\u00f8rkl\u00e6det to gange rundt om halsen for maksimal varme og stil.<\/li>\n<\/ol>\n<p>Disse teknikker er n\u00f8je udvalgt for at vise dig, hvordan et enkelt t\u00f8rkl\u00e6de kan transformeres til et alsidigt stykke tilbeh\u00f8r, der kan opgradere enhver mands stil. For dybdeg\u00e5ende instruktioner og tips til at mestre disse metoder, tjek vores video ud \u2013 det er din ultimative guide til at b\u00e6re et t\u00f8rkl\u00e6de med stil.<\/p>\n<p>[\/spb_text_block] [spb_image image=&#8221;32165&#8243; image_size=&#8221;full&#8221; frame=&#8221;noframe&#8221; caption_pos=&#8221;hover&#8221; remove_rounded=&#8221;yes&#8221; fullwidth=&#8221;no&#8221; overflow_mode=&#8221;none&#8221; link_target=&#8221;_self&#8221; lightbox=&#8221;no&#8221; intro_animation=&#8221;none&#8221; animation_delay=&#8221;200&#8243; width=&#8221;1\/1&#8243; el_position=&#8221;first last&#8221;][\/spb_image]<\/p>\n","protected":false},"excerpt":{"rendered":"<h2>SORT PASHMINA T\u00d8RKL\u00c6DE I REN CASHMERE<\/h2>\n<p>Opdag den ultimative tilf\u00f8jelse til enhver mands garderobe med vores sorte pashmina t\u00f8rkl\u00e6de i ren cashmere. Dette t\u00f8rkl\u00e6de er ikke bare et tilbeh\u00f8r; det er en n\u00f8glekomponent, der bringer et touch af raffinement og praktisk anvendelighed til ethvert outfit. Uanset om det er til en afslappet dag med jeans eller som et stilfuldt indslag til aftenens p\u00e5kl\u00e6dning, tilbyder vores t\u00f8rkl\u00e6de en ubesv\u00e6ret elegance og en f\u00f8lelse af luksus.<\/p>\n<p>V\u00e6vet med omhu af Nepals dygtige h\u00e5ndv\u00e6rkere, st\u00e5r dette t\u00f8rkl\u00e6de som et symbol p\u00e5 h\u00e5ndv\u00e6rksm\u00e6ssig ekspertise og kvalitet. Med sin alsidighed og tidl\u00f8se design er det en sand investering i din stil.<\/p>\n","protected":false},"featured_media":27134,"comment_status":"closed","ping_status":"closed","template":"","meta":[],"product_brand":[],"product_cat":[114,116],"product_tag":[282,440],"class_list":{"0":"post-27131","1":"product","2":"type-product","3":"status-publish","4":"has-post-thumbnail","6":"product_cat-accessories","7":"product_cat-toerklaeder-og-sjaler","8":"product_tag-accessories-da","9":"product_tag-shawl-da","11":"first","12":"instock","13":"featured","14":"purchasable","15":"product-type-simple"},"yoast_head":"<!-- This site is optimized with the Yoast SEO Premium plugin v26.6 (Yoast SEO v27.5) - https:\/\/yoast.com\/product\/yoast-seo-premium-wordpress\/ -->\n<title>Sort Cashmere T\u00f8rkl\u00e6de-Sjal H\u00e5ndlavet | K\u00f8b Nu<\/title>\n<meta name=\"description\" content=\"Sort Cashmere T\u00f8rkl\u00e6de-Sjal H\u00e5ndlavet til m\u00e6nd. Eksklusivt, luksuri\u00f8st og perfekt til enhver stil. F\u00e5s i flere farver og st\u00f8rrelser.\" \/>\n<meta name=\"robots\" content=\"index, follow, max-snippet:-1, max-image-preview:large, max-video-preview:-1\" \/>\n<link rel=\"canonical\" href=\"https:\/\/zlcopenhagen.com\/da\/produkt\/sort-haandlavet-cashmere-twill-pashmina-toerklaede-sjal\/\" \/>\n<meta property=\"og:locale\" content=\"da_DK\" \/>\n<meta property=\"og:type\" content=\"article\" \/>\n<meta property=\"og:title\" content=\"SORT H\u00c5NDLAVET CASHMERE TWILL PASHMINA T\u00d8RKL\u00c6DE-SJAL\" \/>\n<meta property=\"og:description\" content=\"Sort Cashmere T\u00f8rkl\u00e6de-Sjal H\u00e5ndlavet til m\u00e6nd. Eksklusivt, luksuri\u00f8st og perfekt til enhver stil. F\u00e5s i flere farver og st\u00f8rrelser.\" \/>\n<meta property=\"og:url\" content=\"https:\/\/zlcopenhagen.com\/da\/produkt\/sort-haandlavet-cashmere-twill-pashmina-toerklaede-sjal\/\" \/>\n<meta property=\"og:site_name\" content=\"zlcopenhagen.com\" \/>\n<meta property=\"article:modified_time\" content=\"2024-03-28T05:23:04+00:00\" \/>\n<meta property=\"og:image\" content=\"https:\/\/zlcopenhagen.com\/wp-content\/uploads\/2020\/12\/black-cashmere-scarf-twill.jpg\" \/>\n\t<meta property=\"og:image:width\" content=\"1000\" \/>\n\t<meta property=\"og:image:height\" content=\"1000\" \/>\n\t<meta property=\"og:image:type\" content=\"image\/jpeg\" \/>\n<meta name=\"twitter:card\" content=\"summary_large_image\" \/>\n<meta name=\"twitter:label1\" content=\"Pris\" \/>\n\t<meta name=\"twitter:data1\" content=\"&#036;&nbsp;168\" \/>\n\t<meta name=\"twitter:label2\" content=\"Tilg\u00e6ngelighed\" \/>\n\t<meta name=\"twitter:data2\" content=\"P\u00e5 lager\" \/>\n<meta property=\"product:price:amount\" content=\"168\" \/>\n<meta property=\"product:price:currency\" content=\"USD\" \/>\n<meta property=\"og:availability\" content=\"instock\" \/>\n<meta property=\"product:availability\" content=\"instock\" \/>\n<meta property=\"product:condition\" content=\"new\" \/>\n<!-- \/ Yoast SEO Premium plugin. -->","yoast_head_json":{"title":"Sort Cashmere T\u00f8rkl\u00e6de-Sjal H\u00e5ndlavet | K\u00f8b Nu","description":"Sort Cashmere T\u00f8rkl\u00e6de-Sjal H\u00e5ndlavet til m\u00e6nd. Eksklusivt, luksuri\u00f8st og perfekt til enhver stil. F\u00e5s i flere farver og st\u00f8rrelser.","robots":{"index":"index","follow":"follow","max-snippet":"max-snippet:-1","max-image-preview":"max-image-preview:large","max-video-preview":"max-video-preview:-1"},"canonical":"https:\/\/zlcopenhagen.com\/da\/produkt\/sort-haandlavet-cashmere-twill-pashmina-toerklaede-sjal\/","og_locale":"da_DK","og_type":"article","og_title":"SORT H\u00c5NDLAVET CASHMERE TWILL PASHMINA T\u00d8RKL\u00c6DE-SJAL","og_description":"Sort Cashmere T\u00f8rkl\u00e6de-Sjal H\u00e5ndlavet til m\u00e6nd. Eksklusivt, luksuri\u00f8st og perfekt til enhver stil. F\u00e5s i flere farver og st\u00f8rrelser.","og_url":"https:\/\/zlcopenhagen.com\/da\/produkt\/sort-haandlavet-cashmere-twill-pashmina-toerklaede-sjal\/","og_site_name":"zlcopenhagen.com","article_modified_time":"2024-03-28T05:23:04+00:00","og_image":[{"width":1000,"height":1000,"url":"https:\/\/zlcopenhagen.com\/wp-content\/uploads\/2020\/12\/black-cashmere-scarf-twill.jpg","type":"image\/jpeg"}],"twitter_card":"summary_large_image","twitter_misc":{"Pris":"&#36;&nbsp;168","Tilg\u00e6ngelighed":"P\u00e5 lager"},"schema":{"@context":"https:\/\/schema.org","@graph":[{"@type":"WebPage","@id":"https:\/\/zlcopenhagen.com\/da\/produkt\/sort-haandlavet-cashmere-twill-pashmina-toerklaede-sjal\/","url":"https:\/\/zlcopenhagen.com\/da\/produkt\/sort-haandlavet-cashmere-twill-pashmina-toerklaede-sjal\/","name":"Sort Cashmere T\u00f8rkl\u00e6de-Sjal H\u00e5ndlavet | K\u00f8b Nu","isPartOf":{"@id":"https:\/\/zlcopenhagen.com\/#website"},"primaryImageOfPage":{"@id":"https:\/\/zlcopenhagen.com\/da\/produkt\/sort-haandlavet-cashmere-twill-pashmina-toerklaede-sjal\/#primaryimage"},"image":{"@id":"https:\/\/zlcopenhagen.com\/da\/produkt\/sort-haandlavet-cashmere-twill-pashmina-toerklaede-sjal\/#primaryimage"},"thumbnailUrl":"https:\/\/zlcopenhagen.com\/wp-content\/uploads\/2020\/12\/black-cashmere-scarf-twill.jpg","datePublished":"2020-12-29T16:30:32+00:00","dateModified":"2024-03-28T05:23:04+00:00","description":"Sort Cashmere T\u00f8rkl\u00e6de-Sjal H\u00e5ndlavet til m\u00e6nd. Eksklusivt, luksuri\u00f8st og perfekt til enhver stil. F\u00e5s i flere farver og st\u00f8rrelser.","breadcrumb":{"@id":"https:\/\/zlcopenhagen.com\/da\/produkt\/sort-haandlavet-cashmere-twill-pashmina-toerklaede-sjal\/#breadcrumb"},"inLanguage":"da-DK","potentialAction":[{"@type":"ReadAction","target":["https:\/\/zlcopenhagen.com\/da\/produkt\/sort-haandlavet-cashmere-twill-pashmina-toerklaede-sjal\/"]}]},{"@type":"ImageObject","inLanguage":"da-DK","@id":"https:\/\/zlcopenhagen.com\/da\/produkt\/sort-haandlavet-cashmere-twill-pashmina-toerklaede-sjal\/#primaryimage","url":"https:\/\/zlcopenhagen.com\/wp-content\/uploads\/2020\/12\/black-cashmere-scarf-twill.jpg","contentUrl":"https:\/\/zlcopenhagen.com\/wp-content\/uploads\/2020\/12\/black-cashmere-scarf-twill.jpg","width":1000,"height":1000,"caption":"pashmina sjal sort"},{"@type":"BreadcrumbList","@id":"https:\/\/zlcopenhagen.com\/da\/produkt\/sort-haandlavet-cashmere-twill-pashmina-toerklaede-sjal\/#breadcrumb","itemListElement":[{"@type":"ListItem","position":1,"name":"Home","item":"https:\/\/zlcopenhagen.com\/da\/"},{"@type":"ListItem","position":2,"name":"Shop","item":"https:\/\/zlcopenhagen.com\/da\/shop\/"},{"@type":"ListItem","position":3,"name":"SORT H\u00c5NDLAVET CASHMERE TWILL PASHMINA T\u00d8RKL\u00c6DE-SJAL"}]},{"@type":"WebSite","@id":"https:\/\/zlcopenhagen.com\/#website","url":"https:\/\/zlcopenhagen.com\/","name":"zlcopenhagen.com","description":"","publisher":{"@id":"https:\/\/zlcopenhagen.com\/#organization"},"potentialAction":[{"@type":"SearchAction","target":{"@type":"EntryPoint","urlTemplate":"https:\/\/zlcopenhagen.com\/?s={search_term_string}"},"query-input":{"@type":"PropertyValueSpecification","valueRequired":true,"valueName":"search_term_string"}}],"inLanguage":"da-DK"},{"@type":["Organization","Place"],"@id":"https:\/\/zlcopenhagen.com\/#organization","name":"ZLCOPENHAGEN","alternateName":"ZLCOPENHAGEN","url":"https:\/\/zlcopenhagen.com\/","logo":{"@id":"https:\/\/zlcopenhagen.com\/da\/produkt\/sort-haandlavet-cashmere-twill-pashmina-toerklaede-sjal\/#local-main-organization-logo"},"image":{"@id":"https:\/\/zlcopenhagen.com\/da\/produkt\/sort-haandlavet-cashmere-twill-pashmina-toerklaede-sjal\/#local-main-organization-logo"},"sameAs":["https:\/\/www.youtube.com\/channel\/UCy7JINwB6DMr2fA9yHpDQJg"],"telephone":[],"openingHoursSpecification":[{"@type":"OpeningHoursSpecification","dayOfWeek":["Monday","Tuesday","Wednesday","Thursday","Friday","Saturday","Sunday"],"opens":"09:00","closes":"17:00"}]},{"@type":"ImageObject","inLanguage":"da-DK","@id":"https:\/\/zlcopenhagen.com\/da\/produkt\/sort-haandlavet-cashmere-twill-pashmina-toerklaede-sjal\/#local-main-organization-logo","url":"https:\/\/zlcopenhagen.com\/wp-content\/uploads\/2016\/05\/blog-logo.jpg","contentUrl":"https:\/\/zlcopenhagen.com\/wp-content\/uploads\/2016\/05\/blog-logo.jpg","width":68,"height":68,"caption":"ZLCOPENHAGEN"}]},"product_price_amount":"168","product_price_currency":"USD","og_availability":"instock","product_availability":"instock","product_condition":"new"},"_links":{"self":[{"href":"https:\/\/zlcopenhagen.com\/da\/wp-json\/wp\/v2\/product\/27131","targetHints":{"allow":["GET"]}}],"collection":[{"href":"https:\/\/zlcopenhagen.com\/da\/wp-json\/wp\/v2\/product"}],"about":[{"href":"https:\/\/zlcopenhagen.com\/da\/wp-json\/wp\/v2\/types\/product"}],"replies":[{"embeddable":true,"href":"https:\/\/zlcopenhagen.com\/da\/wp-json\/wp\/v2\/comments?post=27131"}],"wp:featuredmedia":[{"embeddable":true,"href":"https:\/\/zlcopenhagen.com\/da\/wp-json\/wp\/v2\/media\/27134"}],"wp:attachment":[{"href":"https:\/\/zlcopenhagen.com\/da\/wp-json\/wp\/v2\/media?parent=27131"}],"wp:term":[{"taxonomy":"product_brand","embeddable":true,"href":"https:\/\/zlcopenhagen.com\/da\/wp-json\/wp\/v2\/product_brand?post=27131"},{"taxonomy":"product_cat","embeddable":true,"href":"https:\/\/zlcopenhagen.com\/da\/wp-json\/wp\/v2\/product_cat?post=27131"},{"taxonomy":"product_tag","embeddable":true,"href":"https:\/\/zlcopenhagen.com\/da\/wp-json\/wp\/v2\/product_tag?post=27131"}],"curies":[{"name":"wp","href":"https:\/\/api.w.org\/{rel}","templated":true}]}}