{"id":27023,"date":"2020-12-26T10:07:13","date_gmt":"2020-12-26T09:07:13","guid":{"rendered":"https:\/\/zlcopenhagen.com\/?post_type=product&#038;p=27023"},"modified":"2021-09-07T06:33:10","modified_gmt":"2021-09-07T05:33:10","slug":"2-pack-zlc-underbukser-genanvendt-nylon","status":"publish","type":"product","link":"https:\/\/zlcopenhagen.com\/da\/produkt\/2-pack-zlc-underbukser-genanvendt-nylon\/","title":{"rendered":"2-PACK ZLC UNDERBUKSER GENANVENDT NYLON"},"content":{"rendered":"<p>[spb_tabs tabs_type=&#8221;standard&#8221; center_tabs=&#8221;no&#8221; width=&#8221;1\/1&#8243; el_position=&#8221;first last&#8221;] [spb_tab title=&#8221;Produkt&#8221; icon=&#8221;&#8221; id=&#8221;Produkt&#8221;] [spb_text_block animation=&#8221;none&#8221; animation_delay=&#8221;0&#8243; simplified_controls=&#8221;yes&#8221; custom_css_percentage=&#8221;no&#8221; padding_vertical=&#8221;0&#8243; padding_horizontal=&#8221;0&#8243; margin_vertical=&#8221;0&#8243; custom_css=&#8221;margin-top: 0px;margin-bottom: 0px;&#8221; border_size=&#8221;0&#8243; border_styling_global=&#8221;default&#8221; width=&#8221;1\/1&#8243; el_position=&#8221;first last&#8221;]<\/p>\n<h1>2-PACK ZLC UNDERBUKSER GENANVENDT NYLON<\/h1>\n<p>2-Pack ZLC Underbukser med den klassiske gylp lukning foran. Klassisk design, simplet snit, og som samtidig fremh\u00e6ver mandens former, forfra som bagfra. Optimal komfort, fremstillet i super bl\u00f8d jersey kvalitet. Oeko-Tex certificeret, og f\u00f8les behageligt at have p\u00e5. Perfekt pasform samt \u00e5ndbart materiale.<\/p>\n<p>&nbsp;<\/p>\n<ul>\n<li>ZLC Trunks with open fly closure<\/li>\n<li>The elastic waistband is made of up to 30% post-consumer recycled nylon<\/li>\n<li>Pleasant to the skin, more durable than polyester<\/li>\n<li>Tag-less with heat pressed labels<\/li>\n<li>Danish design \u2013 Proudly made in Pakistan<\/li>\n<\/ul>\n<p>[\/spb_text_block] [\/spb_tab] [spb_tab title=&#8221;Materiale&#8221; icon=&#8221;&#8221; id=&#8221;Materiale&#8221;] [spb_text_block animation=&#8221;none&#8221; animation_delay=&#8221;0&#8243; simplified_controls=&#8221;yes&#8221; custom_css_percentage=&#8221;no&#8221; padding_vertical=&#8221;0&#8243; padding_horizontal=&#8221;0&#8243; margin_vertical=&#8221;0&#8243; custom_css=&#8221;margin-top: 0px;margin-bottom: 0px;&#8221; border_size=&#8221;0&#8243; border_styling_global=&#8221;default&#8221; width=&#8221;1\/1&#8243; el_position=&#8221;first last&#8221;]<\/p>\n<ul>\n<li>GOTS certified (<a href=\"https:\/\/www.global-standard.org\/\" target=\"_blank\" rel=\"noopener\">Global Organic Textile Standard<\/a>)<\/li>\n<li>94% Organic Cotton, 6 % Elastane<\/li>\n<li>Free of harmful nasty chemicals<\/li>\n<li>Sanitized\u00ae Bacteria and Odour Control<\/li>\n<\/ul>\n<h3>BOMULD<\/h3>\n<p>Bomuld kommer fra den velkendte bomuldsbuske og st\u00e5r idag for ca. 45% af tekstilproduktion i verden, hvor mest er placeret i asien.<\/p>\n<p>Vi fokuserer p\u00e5 bomuld, da det giver en optimal f\u00f8lelse af komfort og en behagelig pasform, der giver sig med hudens bev\u00e6gelses retning og tilpasser sig naturligt kroppens overflade.<\/p>\n<h3>ELASTAN ELLER ELASTANE<\/h3>\n<p>Udover bomuld, s\u00e5 er der ogs\u00e5 tilf\u00f8jet en smule str\u00e6k materiale, hvilket kan str\u00e6kke til den dobbelte l\u00e6ngde og tilbage igen til den oprindelige form. Som navnet antyder er det et str\u00e6k-materiale. Elastan en en kunstig fibre, udvundet af polyethylen (plastikmateriale).<\/p>\n<p>[\/spb_text_block] [\/spb_tab] [spb_tab title=&#8221;Vaskeanvisning&#8221; icon=&#8221;&#8221; id=&#8221;Vaskeanvisning&#8221;] [spb_text_block animation=&#8221;none&#8221; animation_delay=&#8221;0&#8243; simplified_controls=&#8221;yes&#8221; custom_css_percentage=&#8221;no&#8221; padding_vertical=&#8221;0&#8243; padding_horizontal=&#8221;0&#8243; margin_vertical=&#8221;0&#8243; border_size=&#8221;0&#8243; border_styling_global=&#8221;default&#8221; width=&#8221;1\/1&#8243; el_position=&#8221;first last&#8221;]<\/p>\n<ul>\n<li>Separate light from darks<\/li>\n<li>Machine wash with similar colors<\/li>\n<li>Tumble dry. Low heat is recommended<\/li>\n<li>Do not dry clean or bleach<\/li>\n<\/ul>\n<p>[\/spb_text_block] [\/spb_tab] [spb_tab title=&#8221;St\u00f8rrelse&#8221; icon=&#8221;&#8221; id=&#8221;Strrelse&#8221;] [spb_text_block animation=&#8221;none&#8221; animation_delay=&#8221;0&#8243; simplified_controls=&#8221;yes&#8221; custom_css_percentage=&#8221;no&#8221; padding_vertical=&#8221;0&#8243; padding_horizontal=&#8221;0&#8243; margin_vertical=&#8221;0&#8243; border_size=&#8221;0&#8243; border_styling_global=&#8221;default&#8221; width=&#8221;1\/1&#8243; el_position=&#8221;first last&#8221;]<\/p>\n<ul>\n<li>Fit and true to size, visit our\u00a0<a href=\"https:\/\/zlcopenhagen.com\/stoerrelsesguide\/?lang=da\" target=\"_blank\" rel=\"noopener noreferrer\">size guide<\/a><\/li>\n<li>The ZLC Trunk is snug and close-fitting<\/li>\n<li>Designed to highlight your manly anatomy<\/li>\n<li>Flat-lock stitching for better fitting<\/li>\n<\/ul>\n<p>[\/spb_text_block] [\/spb_tab] [\/spb_tabs] [spb_image image=&#8221;17074&#8243; image_size=&#8221;full&#8221; frame=&#8221;noframe&#8221; caption_pos=&#8221;hover&#8221; remove_rounded=&#8221;yes&#8221; fullwidth=&#8221;no&#8221; overflow_mode=&#8221;none&#8221; link_target=&#8221;_self&#8221; lightbox=&#8221;no&#8221; intro_animation=&#8221;none&#8221; animation_delay=&#8221;200&#8243; width=&#8221;1\/1&#8243; el_position=&#8221;first last&#8221;][\/spb_image] [spb_image image=&#8221;17115&#8243; image_size=&#8221;full&#8221; frame=&#8221;noframe&#8221; caption_pos=&#8221;hover&#8221; remove_rounded=&#8221;yes&#8221; fullwidth=&#8221;no&#8221; overflow_mode=&#8221;none&#8221; link_target=&#8221;_self&#8221; lightbox=&#8221;no&#8221; intro_animation=&#8221;none&#8221; animation_delay=&#8221;200&#8243; width=&#8221;1\/1&#8243; el_position=&#8221;first last&#8221;][\/spb_image]<\/p>\n","protected":false},"excerpt":{"rendered":"<p>[spb_tabs tabs_type=&#8221;standard&#8221; center_tabs=&#8221;no&#8221; width=&#8221;1\/1&#8243; el_position=&#8221;first last&#8221;] [spb_tab title=&#8221;Produkt&#8221; icon=&#8221;&#8221; id=&#8221;Produkt&#8221;] [spb_text_block animation=&#8221;none&#8221; animation_delay=&#8221;0&#8243; simplified_controls=&#8221;yes&#8221; custom_css_percentage=&#8221;no&#8221; padding_vertical=&#8221;0&#8243; padding_horizontal=&#8221;0&#8243; margin_vertical=&#8221;0&#8243; custom_css=&#8221;margin-top: 0px;margin-bottom: 0px;&#8221; border_size=&#8221;0&#8243; border_styling_global=&#8221;default&#8221; width=&#8221;1\/1&#8243; el_position=&#8221;first last&#8221;] 2-PACK ZLC UNDERBUKSER GENANVENDT NYLON 2-Pack ZLC Underbukser med den klassiske gylp lukning foran. Klassisk design, simplet snit, og som samtidig fremh\u00e6ver mandens former, forfra som bagfra. Optimal komfort, fremstillet i super bl\u00f8d jersey [&hellip;]<\/p>\n","protected":false},"featured_media":19450,"comment_status":"closed","ping_status":"closed","template":"","meta":[],"product_brand":[],"product_cat":[130,428,128],"product_tag":[1079,264],"class_list":{"0":"post-27023","1":"product","2":"type-product","3":"status-publish","4":"has-post-thumbnail","6":"product_cat-deals-og-tilbud","7":"product_cat-underbukser","8":"product_cat-herre-undertoj-speedos-bulge","9":"product_tag-2-pack-da","10":"product_tag-trunk-da","12":"first","13":"instock","14":"taxable","15":"shipping-taxable","16":"product-type-variable","17":"has-default-attributes"},"yoast_head":"<!-- This site is optimized with the Yoast SEO Premium plugin v26.6 (Yoast SEO v27.6) - https:\/\/yoast.com\/product\/yoast-seo-premium-wordpress\/ -->\n<title>2-Pack ZLC Underbukser genanvendt nylon | Dansk Design fra ZLC<\/title>\n<meta name=\"description\" content=\"2-Pack ZLC Underbukser med genanvendt nylon | Simple snit, fremh\u00e6ver mandens former, forfra &amp; bagfra | Klassiske gylp lukning\" \/>\n<meta name=\"robots\" content=\"index, follow, max-snippet:-1, max-image-preview:large, max-video-preview:-1\" \/>\n<link rel=\"canonical\" href=\"https:\/\/zlcopenhagen.com\/da\/produkt\/2-pack-zlc-underbukser-genanvendt-nylon\/\" \/>\n<meta property=\"og:locale\" content=\"da_DK\" \/>\n<meta property=\"og:type\" content=\"article\" \/>\n<meta property=\"og:title\" content=\"2-PACK ZLC UNDERBUKSER GENANVENDT NYLON\" \/>\n<meta property=\"og:description\" content=\"2-Pack ZLC Underbukser med genanvendt nylon | Simple snit, fremh\u00e6ver mandens former, forfra &amp; bagfra | Klassiske gylp lukning\" \/>\n<meta property=\"og:url\" content=\"https:\/\/zlcopenhagen.com\/da\/produkt\/2-pack-zlc-underbukser-genanvendt-nylon\/\" \/>\n<meta property=\"og:site_name\" content=\"zlcopenhagen.com\" \/>\n<meta property=\"article:modified_time\" content=\"2021-09-07T05:33:10+00:00\" \/>\n<meta property=\"og:image\" content=\"https:\/\/i0.wp.com\/zlcopenhagen.com\/wp-content\/uploads\/2016\/06\/ZLC-OFFWHITE-TRUNKS-FRONT-1.jpg?fit=4928%2C4928&ssl=1\" \/>\n\t<meta property=\"og:image:width\" content=\"4928\" \/>\n\t<meta property=\"og:image:height\" content=\"4928\" \/>\n\t<meta property=\"og:image:type\" content=\"image\/jpeg\" \/>\n<meta name=\"twitter:card\" content=\"summary_large_image\" \/>\n<meta name=\"twitter:label1\" content=\"Tilg\u00e6ngelighed\" \/>\n\t<meta name=\"twitter:data1\" content=\"P\u00e5 lager\" \/>\n<meta property=\"og:availability\" content=\"instock\" \/>\n<meta property=\"product:availability\" content=\"instock\" \/>\n<meta property=\"product:retailer_item_id\" content=\"603109-3\" \/>\n<meta property=\"product:condition\" content=\"new\" \/>\n<!-- \/ Yoast SEO Premium plugin. -->","yoast_head_json":{"title":"2-Pack ZLC Underbukser genanvendt nylon | Dansk Design fra ZLC","description":"2-Pack ZLC Underbukser med genanvendt nylon | Simple snit, fremh\u00e6ver mandens former, forfra & bagfra | Klassiske gylp lukning","robots":{"index":"index","follow":"follow","max-snippet":"max-snippet:-1","max-image-preview":"max-image-preview:large","max-video-preview":"max-video-preview:-1"},"canonical":"https:\/\/zlcopenhagen.com\/da\/produkt\/2-pack-zlc-underbukser-genanvendt-nylon\/","og_locale":"da_DK","og_type":"article","og_title":"2-PACK ZLC UNDERBUKSER GENANVENDT NYLON","og_description":"2-Pack ZLC Underbukser med genanvendt nylon | Simple snit, fremh\u00e6ver mandens former, forfra & bagfra | Klassiske gylp lukning","og_url":"https:\/\/zlcopenhagen.com\/da\/produkt\/2-pack-zlc-underbukser-genanvendt-nylon\/","og_site_name":"zlcopenhagen.com","article_modified_time":"2021-09-07T05:33:10+00:00","og_image":[{"width":4928,"height":4928,"url":"https:\/\/i0.wp.com\/zlcopenhagen.com\/wp-content\/uploads\/2016\/06\/ZLC-OFFWHITE-TRUNKS-FRONT-1.jpg?fit=4928%2C4928&ssl=1","type":"image\/jpeg"}],"twitter_card":"summary_large_image","twitter_misc":{"Tilg\u00e6ngelighed":"P\u00e5 lager"},"schema":{"@context":"https:\/\/schema.org","@graph":[{"@type":"WebPage","@id":"https:\/\/zlcopenhagen.com\/da\/produkt\/2-pack-zlc-underbukser-genanvendt-nylon\/","url":"https:\/\/zlcopenhagen.com\/da\/produkt\/2-pack-zlc-underbukser-genanvendt-nylon\/","name":"2-Pack ZLC Underbukser genanvendt nylon | Dansk Design fra ZLC","isPartOf":{"@id":"https:\/\/zlcopenhagen.com\/#website"},"primaryImageOfPage":{"@id":"https:\/\/zlcopenhagen.com\/da\/produkt\/2-pack-zlc-underbukser-genanvendt-nylon\/#primaryimage"},"image":{"@id":"https:\/\/zlcopenhagen.com\/da\/produkt\/2-pack-zlc-underbukser-genanvendt-nylon\/#primaryimage"},"thumbnailUrl":"https:\/\/zlcopenhagen.com\/wp-content\/uploads\/2016\/06\/ZLC-OFFWHITE-TRUNKS-FRONT-1.jpg","datePublished":"2020-12-26T09:07:13+00:00","dateModified":"2021-09-07T05:33:10+00:00","description":"2-Pack ZLC Underbukser med genanvendt nylon | Simple snit, fremh\u00e6ver mandens former, forfra & bagfra | Klassiske gylp lukning","breadcrumb":{"@id":"https:\/\/zlcopenhagen.com\/da\/produkt\/2-pack-zlc-underbukser-genanvendt-nylon\/#breadcrumb"},"inLanguage":"da-DK","potentialAction":[{"@type":"ReadAction","target":["https:\/\/zlcopenhagen.com\/da\/produkt\/2-pack-zlc-underbukser-genanvendt-nylon\/"]}]},{"@type":"ImageObject","inLanguage":"da-DK","@id":"https:\/\/zlcopenhagen.com\/da\/produkt\/2-pack-zlc-underbukser-genanvendt-nylon\/#primaryimage","url":"https:\/\/zlcopenhagen.com\/wp-content\/uploads\/2016\/06\/ZLC-OFFWHITE-TRUNKS-FRONT-1.jpg","contentUrl":"https:\/\/zlcopenhagen.com\/wp-content\/uploads\/2016\/06\/ZLC-OFFWHITE-TRUNKS-FRONT-1.jpg","width":4928,"height":4928,"caption":"2-Pack ZLC Underbukser med genanvendt nylon | Klassisk design, simple snit, fremh\u00e6ver mandens former, forfra & bagfra | Klassiske gylp lukning"},{"@type":"BreadcrumbList","@id":"https:\/\/zlcopenhagen.com\/da\/produkt\/2-pack-zlc-underbukser-genanvendt-nylon\/#breadcrumb","itemListElement":[{"@type":"ListItem","position":1,"name":"Home","item":"https:\/\/zlcopenhagen.com\/da\/"},{"@type":"ListItem","position":2,"name":"Shop","item":"https:\/\/zlcopenhagen.com\/da\/shop\/"},{"@type":"ListItem","position":3,"name":"2-PACK ZLC UNDERBUKSER GENANVENDT NYLON"}]},{"@type":"WebSite","@id":"https:\/\/zlcopenhagen.com\/#website","url":"https:\/\/zlcopenhagen.com\/","name":"zlcopenhagen.com","description":"","publisher":{"@id":"https:\/\/zlcopenhagen.com\/#organization"},"potentialAction":[{"@type":"SearchAction","target":{"@type":"EntryPoint","urlTemplate":"https:\/\/zlcopenhagen.com\/?s={search_term_string}"},"query-input":{"@type":"PropertyValueSpecification","valueRequired":true,"valueName":"search_term_string"}}],"inLanguage":"da-DK"},{"@type":["Organization","Place"],"@id":"https:\/\/zlcopenhagen.com\/#organization","name":"ZLCOPENHAGEN","alternateName":"ZLCOPENHAGEN","url":"https:\/\/zlcopenhagen.com\/","logo":{"@id":"https:\/\/zlcopenhagen.com\/da\/produkt\/2-pack-zlc-underbukser-genanvendt-nylon\/#local-main-organization-logo"},"image":{"@id":"https:\/\/zlcopenhagen.com\/da\/produkt\/2-pack-zlc-underbukser-genanvendt-nylon\/#local-main-organization-logo"},"sameAs":["https:\/\/www.youtube.com\/channel\/UCy7JINwB6DMr2fA9yHpDQJg"],"telephone":[],"openingHoursSpecification":[{"@type":"OpeningHoursSpecification","dayOfWeek":["Monday","Tuesday","Wednesday","Thursday","Friday","Saturday","Sunday"],"opens":"09:00","closes":"17:00"}]},{"@type":"ImageObject","inLanguage":"da-DK","@id":"https:\/\/zlcopenhagen.com\/da\/produkt\/2-pack-zlc-underbukser-genanvendt-nylon\/#local-main-organization-logo","url":"https:\/\/zlcopenhagen.com\/wp-content\/uploads\/2016\/05\/blog-logo.jpg","contentUrl":"https:\/\/zlcopenhagen.com\/wp-content\/uploads\/2016\/05\/blog-logo.jpg","width":68,"height":68,"caption":"ZLCOPENHAGEN"}]},"og_availability":"instock","product_availability":"instock","product_retailer_item_id":"603109-3","product_condition":"new"},"_links":{"self":[{"href":"https:\/\/zlcopenhagen.com\/da\/wp-json\/wp\/v2\/product\/27023","targetHints":{"allow":["GET"]}}],"collection":[{"href":"https:\/\/zlcopenhagen.com\/da\/wp-json\/wp\/v2\/product"}],"about":[{"href":"https:\/\/zlcopenhagen.com\/da\/wp-json\/wp\/v2\/types\/product"}],"replies":[{"embeddable":true,"href":"https:\/\/zlcopenhagen.com\/da\/wp-json\/wp\/v2\/comments?post=27023"}],"wp:featuredmedia":[{"embeddable":true,"href":"https:\/\/zlcopenhagen.com\/da\/wp-json\/wp\/v2\/media\/19450"}],"wp:attachment":[{"href":"https:\/\/zlcopenhagen.com\/da\/wp-json\/wp\/v2\/media?parent=27023"}],"wp:term":[{"taxonomy":"product_brand","embeddable":true,"href":"https:\/\/zlcopenhagen.com\/da\/wp-json\/wp\/v2\/product_brand?post=27023"},{"taxonomy":"product_cat","embeddable":true,"href":"https:\/\/zlcopenhagen.com\/da\/wp-json\/wp\/v2\/product_cat?post=27023"},{"taxonomy":"product_tag","embeddable":true,"href":"https:\/\/zlcopenhagen.com\/da\/wp-json\/wp\/v2\/product_tag?post=27023"}],"curies":[{"name":"wp","href":"https:\/\/api.w.org\/{rel}","templated":true}]}}