{"id":26961,"date":"2025-11-17T11:53:39","date_gmt":"2025-11-17T10:53:39","guid":{"rendered":"https:\/\/zlcopenhagen.com\/?post_type=product&#038;p=26961"},"modified":"2021-09-07T11:18:25","modified_gmt":"2021-09-07T10:18:25","slug":"lava-saet-halskaede-armbaand","status":"publish","type":"product","link":"https:\/\/zlcopenhagen.com\/da\/produkt\/lava-saet-halskaede-armbaand\/","title":{"rendered":"LAVA S\u00c6T STEN HALSK\u00c6DE &#038; ARMB\u00c5ND"},"content":{"rendered":"<p>[spb_tabs tabs_type=&#8221;standard&#8221; center_tabs=&#8221;no&#8221; width=&#8221;1\/1&#8243; el_position=&#8221;first last&#8221;] [spb_tab title=&#8221;Produkt&#8221; icon=&#8221;&#8221; id=&#8221;Produkt&#8221;] [spb_text_block animation=&#8221;none&#8221; animation_delay=&#8221;0&#8243; simplified_controls=&#8221;yes&#8221; custom_css_percentage=&#8221;no&#8221; padding_vertical=&#8221;0&#8243; padding_horizontal=&#8221;0&#8243; margin_vertical=&#8221;0&#8243; custom_css=&#8221;margin-top: 0px;margin-bottom: 0px;&#8221; border_size=&#8221;0&#8243; border_styling_global=&#8221;default&#8221; width=&#8221;1\/1&#8243; el_position=&#8221;first last&#8221;]<\/p>\n<h3>LAVA S\u00c6T HALSK\u00c6DE &amp; ARMB\u00c5ND<\/h3>\n<p>Lava s\u00e6t halsk\u00e6de og armb\u00e5nd. Et must have sk\u00f8nhed, med et meget enkelt udtryk, og enklere bliver det ikke. S\u00e6ttet best\u00e5r af et armb\u00e5nd og halsk\u00e6de, der er lavet af genanvendt nylon og lava sten som pynt. Fuldendt med h\u00e6matit blodsten, hvor vores logo er engraveret elegant p\u00e5 overfladen. Smykket f\u00e5s med en l\u00e6kker gave\u00e6ske.<\/p>\n<h3>DESIGN DIT EGET ANKER ARMB\u00c5ND<\/h3>\n<p>Har du specifikke \u00f8nsker om et bestemt design, er du velkommen til at kontakte os, og vi hj\u00e6lper dig gerne med at designe det rigtige smykke lige netop til dig. Fork\u00e6l dig selv, og s\u00e6t pr\u00e6g p\u00e5 din kreative side. Vores smykker er b\u00e5de til m\u00e6nd og til kvinder og one size i st\u00f8rrelse.<\/p>\n<p>Hos ZLCOPENHAGEN g\u00e5r du ikke p\u00e5 kompromis med kvaliteten, og mest v\u00e6rdi for pengene.<\/p>\n<p>Lav dit eget armb\u00e5nd <a href=\"https:\/\/www.youtube.com\/watch?v=ZOaBu-H7hUg\" target=\"_blank\" rel=\"noopener\">her<\/a><\/p>\n<p>[\/spb_text_block] [\/spb_tab] [spb_tab title=&#8221;Materiale&#8221; icon=&#8221;&#8221; id=&#8221;Materiale&#8221;] [spb_text_block animation=&#8221;none&#8221; animation_delay=&#8221;0&#8243; simplified_controls=&#8221;yes&#8221; custom_css_percentage=&#8221;no&#8221; padding_vertical=&#8221;0&#8243; padding_horizontal=&#8221;0&#8243; margin_vertical=&#8221;0&#8243; custom_css=&#8221;margin-top: 0px;margin-bottom: 0px;&#8221; border_size=&#8221;0&#8243; border_styling_global=&#8221;default&#8221; width=&#8221;1\/1&#8243; el_position=&#8221;first last&#8221;]<\/p>\n<ul>\n<li>Stor lava sten perle<\/li>\n<li>H\u00e6matit blodsten, l\u00e6s mere om det <a href=\"https:\/\/en.wikipedia.org\/wiki\/Hematite\" target=\"_blank\" rel=\"noopener\">her<\/a><\/li>\n<li>Lavet af genanvendt nylon<\/li>\n<li>H\u00e5ndlavet med macrame knytning<\/li>\n<li>Og krydret med lidt k\u00e6rlighed<\/li>\n<\/ul>\n<p>[\/spb_text_block] [\/spb_tab] [spb_tab title=&#8221;Pleje&#8221; icon=&#8221;&#8221; id=&#8221;Pleje&#8221;] [spb_text_block animation=&#8221;none&#8221; animation_delay=&#8221;0&#8243; simplified_controls=&#8221;yes&#8221; custom_css_percentage=&#8221;no&#8221; padding_vertical=&#8221;0&#8243; padding_horizontal=&#8221;0&#8243; margin_vertical=&#8221;0&#8243; custom_css=&#8221;margin-top: 0px;margin-bottom: 0px;&#8221; border_size=&#8221;0&#8243; border_styling_global=&#8221;default&#8221; width=&#8221;1\/1&#8243; el_position=&#8221;first last&#8221;]<\/p>\n<ul>\n<li>Vaskes med fugtig klud forsigtigt efter behov<\/li>\n<li>Undg\u00e5 at sove med dine smykker p\u00e5<\/li>\n<li>Undg\u00e5 at dyrke sport med dine smykker p\u00e5<\/li>\n<li>Undg\u00e5 at g\u00e5 i bad med dem p\u00e5 \u2013 Is\u00e6r l\u00e6der<\/li>\n<li>Undg\u00e5 ber\u00f8ring med saltvand, for eksempel i forbindelse med udend\u00f8rs badning<\/li>\n<li>Undg\u00e5 i kontakt med parfume, cremer, h\u00e5rlak osv.<\/li>\n<li>Opbevar dem sikkert, gerne i en stof pose<\/li>\n<\/ul>\n<p>[\/spb_text_block] [\/spb_tab] [spb_tab title=&#8221;St\u00f8rrelse&#8221; icon=&#8221;&#8221; id=&#8221;Strrelse&#8221;] [spb_text_block animation=&#8221;none&#8221; animation_delay=&#8221;0&#8243; simplified_controls=&#8221;yes&#8221; custom_css_percentage=&#8221;no&#8221; padding_vertical=&#8221;0&#8243; padding_horizontal=&#8221;0&#8243; margin_vertical=&#8221;0&#8243; custom_css=&#8221;margin-top: 0px;margin-bottom: 0px;&#8221; border_size=&#8221;0&#8243; border_styling_global=&#8221;default&#8221; width=&#8221;1\/1&#8243; el_position=&#8221;first last&#8221;]<\/p>\n<p>Onesize<\/p>\n<p>Den gennemsnitlige mands h\u00e5nd er 18 cm. F\u00e5 yderligere oplysninger om st\u00f8rrelsesforhold\u00a0<a href=\"https:\/\/zlcopenhagen.com\/stoerrelsesguide\/?lang=da\" target=\"_blank\" rel=\"noopener\">her<\/a><\/p>\n<p>[\/spb_text_block] [\/spb_tab] [\/spb_tabs] [spb_image image=&#8221;16175&#8243; image_size=&#8221;full&#8221; frame=&#8221;noframe&#8221; caption_pos=&#8221;hover&#8221; remove_rounded=&#8221;yes&#8221; fullwidth=&#8221;no&#8221; overflow_mode=&#8221;none&#8221; link_target=&#8221;_self&#8221; lightbox=&#8221;no&#8221; intro_animation=&#8221;none&#8221; animation_delay=&#8221;200&#8243; width=&#8221;1\/1&#8243; el_position=&#8221;first last&#8221;][\/spb_image]<\/p>\n","protected":false},"excerpt":{"rendered":"<p>[spb_tabs tabs_type=&#8221;standard&#8221; center_tabs=&#8221;no&#8221; width=&#8221;1\/1&#8243; el_position=&#8221;first last&#8221;] [spb_tab title=&#8221;Produkt&#8221; icon=&#8221;&#8221; id=&#8221;Produkt&#8221;] [spb_text_block animation=&#8221;none&#8221; animation_delay=&#8221;0&#8243; simplified_controls=&#8221;yes&#8221; custom_css_percentage=&#8221;no&#8221; padding_vertical=&#8221;0&#8243; padding_horizontal=&#8221;0&#8243; margin_vertical=&#8221;0&#8243; custom_css=&#8221;margin-top: 0px;margin-bottom: 0px;&#8221; border_size=&#8221;0&#8243; border_styling_global=&#8221;default&#8221; width=&#8221;1\/1&#8243; el_position=&#8221;first last&#8221;] LAVA S\u00c6T HALSK\u00c6DE &amp; ARMB\u00c5ND Lava s\u00e6t halsk\u00e6de og armb\u00e5nd. Et must have sk\u00f8nhed, med et meget enkelt udtryk, og enklere bliver det ikke. S\u00e6ttet best\u00e5r af et armb\u00e5nd og halsk\u00e6de, der er lavet [&hellip;]<\/p>\n","protected":false},"featured_media":27333,"comment_status":"closed","ping_status":"closed","template":"","meta":[],"product_brand":[],"product_cat":[121,123],"product_tag":[297],"class_list":{"0":"post-26961","1":"product","2":"type-product","3":"status-publish","4":"has-post-thumbnail","6":"product_cat-baeredygtige-smykker","7":"product_cat-perlearmband-til-maend","8":"product_tag-jewellery-da","10":"first","11":"instock","12":"taxable","13":"shipping-taxable","14":"purchasable","15":"product-type-variable"},"yoast_head":"<!-- This site is optimized with the Yoast SEO Premium plugin v26.6 (Yoast SEO v27.6) - https:\/\/yoast.com\/product\/yoast-seo-premium-wordpress\/ -->\n<title>Lava s\u00e6t halsk\u00e6de &amp; armb\u00e5nd | Dansk Design | H\u00e5ndlavet med de bedste<\/title>\n<meta name=\"description\" content=\"Lava s\u00e6t halsk\u00e6de &amp; armb\u00e5nd | L\u00e6kkert herre smykke s\u00e6t fra ZLCOPENHAGEN | Bes\u00f8g shoppen og bli inspireret til noget l\u00e6kkert for ham og hende\" \/>\n<meta name=\"robots\" content=\"index, follow, max-snippet:-1, max-image-preview:large, max-video-preview:-1\" \/>\n<link rel=\"canonical\" href=\"https:\/\/zlcopenhagen.com\/da\/produkt\/lava-saet-halskaede-armbaand\/\" \/>\n<meta property=\"og:locale\" content=\"da_DK\" \/>\n<meta property=\"og:type\" content=\"article\" \/>\n<meta property=\"og:title\" content=\"LAVA S\u00c6T STEN HALSK\u00c6DE &amp; ARMB\u00c5ND\" \/>\n<meta property=\"og:description\" content=\"Lava s\u00e6t halsk\u00e6de &amp; armb\u00e5nd | L\u00e6kkert herre smykke s\u00e6t fra ZLCOPENHAGEN | Bes\u00f8g shoppen og bli inspireret til noget l\u00e6kkert for ham og hende\" \/>\n<meta property=\"og:url\" content=\"https:\/\/zlcopenhagen.com\/da\/produkt\/lava-saet-halskaede-armbaand\/\" \/>\n<meta property=\"og:site_name\" content=\"zlcopenhagen.com\" \/>\n<meta property=\"og:image\" content=\"https:\/\/zlcopenhagen.com\/wp-content\/uploads\/2016\/06\/HA_lava-1_0610-1024x1024.jpg\" \/>\n\t<meta property=\"og:image:width\" content=\"1024\" \/>\n\t<meta property=\"og:image:height\" content=\"1024\" \/>\n\t<meta property=\"og:image:type\" content=\"image\/jpeg\" \/>\n<meta name=\"twitter:card\" content=\"summary_large_image\" \/>\n<meta name=\"twitter:label1\" content=\"Tilg\u00e6ngelighed\" \/>\n\t<meta name=\"twitter:data1\" content=\"P\u00e5 lager\" \/>\n<meta property=\"og:availability\" content=\"instock\" \/>\n<meta property=\"product:availability\" content=\"instock\" \/>\n<meta property=\"product:retailer_item_id\" content=\"JETU02\" \/>\n<meta property=\"product:condition\" content=\"new\" \/>\n<!-- \/ Yoast SEO Premium plugin. -->","yoast_head_json":{"title":"Lava s\u00e6t halsk\u00e6de & armb\u00e5nd | Dansk Design | H\u00e5ndlavet med de bedste","description":"Lava s\u00e6t halsk\u00e6de & armb\u00e5nd | L\u00e6kkert herre smykke s\u00e6t fra ZLCOPENHAGEN | Bes\u00f8g shoppen og bli inspireret til noget l\u00e6kkert for ham og hende","robots":{"index":"index","follow":"follow","max-snippet":"max-snippet:-1","max-image-preview":"max-image-preview:large","max-video-preview":"max-video-preview:-1"},"canonical":"https:\/\/zlcopenhagen.com\/da\/produkt\/lava-saet-halskaede-armbaand\/","og_locale":"da_DK","og_type":"article","og_title":"LAVA S\u00c6T STEN HALSK\u00c6DE & ARMB\u00c5ND","og_description":"Lava s\u00e6t halsk\u00e6de & armb\u00e5nd | L\u00e6kkert herre smykke s\u00e6t fra ZLCOPENHAGEN | Bes\u00f8g shoppen og bli inspireret til noget l\u00e6kkert for ham og hende","og_url":"https:\/\/zlcopenhagen.com\/da\/produkt\/lava-saet-halskaede-armbaand\/","og_site_name":"zlcopenhagen.com","og_image":[{"width":1024,"height":1024,"url":"https:\/\/zlcopenhagen.com\/wp-content\/uploads\/2016\/06\/HA_lava-1_0610-1024x1024.jpg","type":"image\/jpeg"}],"twitter_card":"summary_large_image","twitter_misc":{"Tilg\u00e6ngelighed":"P\u00e5 lager"},"schema":{"@context":"https:\/\/schema.org","@graph":[{"@type":"WebPage","@id":"https:\/\/zlcopenhagen.com\/da\/produkt\/lava-saet-halskaede-armbaand\/","url":"https:\/\/zlcopenhagen.com\/da\/produkt\/lava-saet-halskaede-armbaand\/","name":"Lava s\u00e6t halsk\u00e6de & armb\u00e5nd | Dansk Design | H\u00e5ndlavet med de bedste","isPartOf":{"@id":"https:\/\/zlcopenhagen.com\/#website"},"primaryImageOfPage":{"@id":"https:\/\/zlcopenhagen.com\/da\/produkt\/lava-saet-halskaede-armbaand\/#primaryimage"},"image":{"@id":"https:\/\/zlcopenhagen.com\/da\/produkt\/lava-saet-halskaede-armbaand\/#primaryimage"},"thumbnailUrl":"https:\/\/zlcopenhagen.com\/wp-content\/uploads\/2016\/06\/HA_lava-1_0610.jpg","datePublished":"2025-11-17T10:53:39+00:00","description":"Lava s\u00e6t halsk\u00e6de & armb\u00e5nd | L\u00e6kkert herre smykke s\u00e6t fra ZLCOPENHAGEN | Bes\u00f8g shoppen og bli inspireret til noget l\u00e6kkert for ham og hende","breadcrumb":{"@id":"https:\/\/zlcopenhagen.com\/da\/produkt\/lava-saet-halskaede-armbaand\/#breadcrumb"},"inLanguage":"da-DK","potentialAction":[{"@type":"ReadAction","target":["https:\/\/zlcopenhagen.com\/da\/produkt\/lava-saet-halskaede-armbaand\/"]}]},{"@type":"ImageObject","inLanguage":"da-DK","@id":"https:\/\/zlcopenhagen.com\/da\/produkt\/lava-saet-halskaede-armbaand\/#primaryimage","url":"https:\/\/zlcopenhagen.com\/wp-content\/uploads\/2016\/06\/HA_lava-1_0610.jpg","contentUrl":"https:\/\/zlcopenhagen.com\/wp-content\/uploads\/2016\/06\/HA_lava-1_0610.jpg","width":2500,"height":2500,"caption":"Lava s\u00e6t halsk\u00e6de armb\u00e5nd | L\u00e6kkert herre smykke s\u00e6t fra ZLCOPENHAGEN | Bes\u00f8g shoppen og bli inspireret til noget l\u00e6kkert for ham og hende"},{"@type":"BreadcrumbList","@id":"https:\/\/zlcopenhagen.com\/da\/produkt\/lava-saet-halskaede-armbaand\/#breadcrumb","itemListElement":[{"@type":"ListItem","position":1,"name":"Home","item":"https:\/\/zlcopenhagen.com\/da\/"},{"@type":"ListItem","position":2,"name":"Shop","item":"https:\/\/zlcopenhagen.com\/da\/shop\/"},{"@type":"ListItem","position":3,"name":"LAVA S\u00c6T STEN HALSK\u00c6DE &#038; ARMB\u00c5ND"}]},{"@type":"WebSite","@id":"https:\/\/zlcopenhagen.com\/#website","url":"https:\/\/zlcopenhagen.com\/","name":"zlcopenhagen.com","description":"","publisher":{"@id":"https:\/\/zlcopenhagen.com\/#organization"},"potentialAction":[{"@type":"SearchAction","target":{"@type":"EntryPoint","urlTemplate":"https:\/\/zlcopenhagen.com\/?s={search_term_string}"},"query-input":{"@type":"PropertyValueSpecification","valueRequired":true,"valueName":"search_term_string"}}],"inLanguage":"da-DK"},{"@type":["Organization","Place"],"@id":"https:\/\/zlcopenhagen.com\/#organization","name":"ZLCOPENHAGEN","alternateName":"ZLCOPENHAGEN","url":"https:\/\/zlcopenhagen.com\/","logo":{"@id":"https:\/\/zlcopenhagen.com\/da\/produkt\/lava-saet-halskaede-armbaand\/#local-main-organization-logo"},"image":{"@id":"https:\/\/zlcopenhagen.com\/da\/produkt\/lava-saet-halskaede-armbaand\/#local-main-organization-logo"},"sameAs":["https:\/\/www.youtube.com\/channel\/UCy7JINwB6DMr2fA9yHpDQJg"],"telephone":[],"openingHoursSpecification":[{"@type":"OpeningHoursSpecification","dayOfWeek":["Monday","Tuesday","Wednesday","Thursday","Friday","Saturday","Sunday"],"opens":"09:00","closes":"17:00"}]},{"@type":"ImageObject","inLanguage":"da-DK","@id":"https:\/\/zlcopenhagen.com\/da\/produkt\/lava-saet-halskaede-armbaand\/#local-main-organization-logo","url":"https:\/\/zlcopenhagen.com\/wp-content\/uploads\/2016\/05\/blog-logo.jpg","contentUrl":"https:\/\/zlcopenhagen.com\/wp-content\/uploads\/2016\/05\/blog-logo.jpg","width":68,"height":68,"caption":"ZLCOPENHAGEN"}]},"og_availability":"instock","product_availability":"instock","product_retailer_item_id":"JETU02","product_condition":"new"},"_links":{"self":[{"href":"https:\/\/zlcopenhagen.com\/da\/wp-json\/wp\/v2\/product\/26961","targetHints":{"allow":["GET"]}}],"collection":[{"href":"https:\/\/zlcopenhagen.com\/da\/wp-json\/wp\/v2\/product"}],"about":[{"href":"https:\/\/zlcopenhagen.com\/da\/wp-json\/wp\/v2\/types\/product"}],"replies":[{"embeddable":true,"href":"https:\/\/zlcopenhagen.com\/da\/wp-json\/wp\/v2\/comments?post=26961"}],"wp:featuredmedia":[{"embeddable":true,"href":"https:\/\/zlcopenhagen.com\/da\/wp-json\/wp\/v2\/media\/27333"}],"wp:attachment":[{"href":"https:\/\/zlcopenhagen.com\/da\/wp-json\/wp\/v2\/media?parent=26961"}],"wp:term":[{"taxonomy":"product_brand","embeddable":true,"href":"https:\/\/zlcopenhagen.com\/da\/wp-json\/wp\/v2\/product_brand?post=26961"},{"taxonomy":"product_cat","embeddable":true,"href":"https:\/\/zlcopenhagen.com\/da\/wp-json\/wp\/v2\/product_cat?post=26961"},{"taxonomy":"product_tag","embeddable":true,"href":"https:\/\/zlcopenhagen.com\/da\/wp-json\/wp\/v2\/product_tag?post=26961"}],"curies":[{"name":"wp","href":"https:\/\/api.w.org\/{rel}","templated":true}]}}