{"id":26731,"date":"2020-12-17T08:39:43","date_gmt":"2020-12-17T08:31:29","guid":{"rendered":"https:\/\/zlcopenhagen.com\/?post_type=product&#038;p=26731"},"modified":"2021-04-20T13:28:17","modified_gmt":"2021-04-20T12:28:17","slug":"10-pak-zlc-ansigtsmasker-mundbind","status":"publish","type":"product","link":"https:\/\/zlcopenhagen.com\/da\/produkt\/10-pak-zlc-ansigtsmasker-mundbind\/","title":{"rendered":"10-PAK ZLC ANSIGTSMASKER MUNDBIND GENBRUGELIGT VASKBARE"},"content":{"rendered":"<p>[spb_tabs tabs_type=&#8221;standard&#8221; center_tabs=&#8221;no&#8221; width=&#8221;1\/1&#8243; el_position=&#8221;first last&#8221;] [spb_tab title=&#8221;Produkt&#8221; icon=&#8221;&#8221; id=&#8221;Produkt&#8221;] [spb_text_block animation=&#8221;none&#8221; animation_delay=&#8221;0&#8243; simplified_controls=&#8221;yes&#8221; custom_css_percentage=&#8221;no&#8221; padding_vertical=&#8221;0&#8243; padding_horizontal=&#8221;0&#8243; margin_vertical=&#8221;0&#8243; custom_css=&#8221;margin-top: 0px;margin-bottom: 0px;&#8221; border_size=&#8221;0&#8243; border_styling_global=&#8221;default&#8221; width=&#8221;1\/1&#8243; el_position=&#8221;first last&#8221;]<\/p>\n<h2><span style=\"color: #333333;\">ANSIGTSMASKER MUNDBIND<\/span><\/h2>\n<h3>GENANVENDELIGE MUNDBIND MED PLADS TIL FILTER INDL\u00c6G<\/h3>\n<p>Ansigtsmasker mundbind Covid-19 fra ZLCOPENHAGEN. Vores mundbind er ikke <strong><a href=\"https:\/\/www.sik.dk\/erhverv\/produkter\/generel-produktsikkerhed\/vejledninger\/hvad-betyder-ce-maerke\" target=\"_blank\" rel=\"noopener\">CE-m\u00e6rkede<\/a><\/strong>, men skal h\u00e5ndteres p\u00e5 samme m\u00e5de som en godkendt medicinsk maske.<\/p>\n<p>Ved at bruge dem korrekt, kan det hj\u00e6lpe med at bremse spredningen af \u200b\u200bCOVID-19. ZLC Ansigtsmasker mundbind kan genbruges ved at holde dem rene ved at vaske den regelm\u00e6ssigt. Det er altid et godt valg at have flere ansigtsmasker til r\u00e5dighed, s\u00e5 du hurtigt og nemt kan udskifte en brugt maske med en frisk og ren. Det er vigtigt at b\u00e6re dem korrekt og s\u00f8rge for at vaske dine h\u00e6nder, n\u00e5r du har r\u00f8rt ved en brugt maske.<\/p>\n<h3>GODE R\u00c5D OG VEJLEDNING<\/h3>\n<p>S\u00e5dan bruges en mundbind maske korrekt. Se vejlednings video <strong><a href=\"https:\/\/www.sst.dk\/da\/Udgivelser\/2020\/Saadan-bruger-du-mundbind\" target=\"_blank\" rel=\"noopener\">her<\/a><\/strong>. Bes\u00f8g ogs\u00e5 vores 1 styk\u00a0<strong><a href=\"https:\/\/zlcopenhagen.com\/da\/produkt\/10-pak-zlc-ansigtsmasker-mundbind\/\" target=\"_blank\" rel=\"noopener\">Ansigtsmaske<\/a>.\u00a0<\/strong>Bes\u00f8g WHO med den seneste opdatering <strong><a href=\"https:\/\/www.who.int\/emergencies\/diseases\/novel-coronavirus-2019?adgroupsurvey={adgroupsurvey}&amp;gclid=CjwKCAiAyc2BBhAaEiwA44-wW-CUuHguTVqExdWCZA-80Cx_dyCke1Whm0SICT7MKn5rX-nD5Mhi2BoCI_gQAvD_BwE\" target=\"_blank\" rel=\"noopener\">her<\/a><\/strong>.<\/p>\n<p>Vi s\u00e6lger disse 10-Pak stof mundbind, der kan bestilles i mange farver. Genanvendelige mundbind kan bruges igen, og kan bruges udover den traditionelle &#8220;bl\u00e5 maske&#8221; af typen <strong><a href=\"https:\/\/laegemiddelstyrelsen.dk\/da\/udstyr\/medicinske-mundbind-og-ansigtsmasker\/kirurgiske-mundbind-type-i,-ii-og-iir\/\" target=\"_blank\" rel=\"noopener\">Kirurgiske mundbind type IIR \/ EN14683<\/a><\/strong>, som et ekstra beskyttende lag.<\/p>\n<p>Vores genanvendelige stof mundbind er designet s\u00e5ledes at man kan inds\u00e6tte et filter, der \u00f8ger bakteriefiltreringseffekt, og formindsker at mikroorganismer ikke vil tr\u00e6nge igennem. Beskyt dig selv og hinanden.<\/p>\n<p>[\/spb_text_block] [spb_image image=&#8221;28645&#8243; image_size=&#8221;full&#8221; frame=&#8221;noframe&#8221; caption_pos=&#8221;hover&#8221; remove_rounded=&#8221;yes&#8221; fullwidth=&#8221;no&#8221; overflow_mode=&#8221;none&#8221; link_target=&#8221;_self&#8221; lightbox=&#8221;no&#8221; intro_animation=&#8221;none&#8221; animation_delay=&#8221;200&#8243; width=&#8221;1\/1&#8243; el_position=&#8221;first last&#8221;][\/spb_image] [\/spb_tab] [spb_tab title=&#8221;Materiale&#8221; icon=&#8221;&#8221; id=&#8221;Materiale&#8221;] [spb_text_block animation=&#8221;none&#8221; animation_delay=&#8221;0&#8243; simplified_controls=&#8221;yes&#8221; custom_css_percentage=&#8221;no&#8221; padding_vertical=&#8221;0&#8243; padding_horizontal=&#8221;0&#8243; margin_vertical=&#8221;0&#8243; custom_css=&#8221;margin-top: 0px;margin-bottom: 0px;&#8221; border_size=&#8221;0&#8243; border_styling_global=&#8221;default&#8221; width=&#8221;1\/1&#8243; el_position=&#8221;first last&#8221;]<\/p>\n<p>Lavet af bl\u00f8dt, \u00e5ndbart og behageligt materiale, der indeholder 50% bomuld og 50% polyester.<\/p>\n<p>[\/spb_text_block] [\/spb_tab] [spb_tab title=&#8221;Vaskeanvisninger&#8221; icon=&#8221;&#8221; id=&#8221;Vaskeanvisninger&#8221;] [spb_text_block animation=&#8221;none&#8221; animation_delay=&#8221;0&#8243; simplified_controls=&#8221;yes&#8221; custom_css_percentage=&#8221;no&#8221; padding_vertical=&#8221;0&#8243; padding_horizontal=&#8221;0&#8243; margin_vertical=&#8221;0&#8243; custom_css=&#8221;margin-top: 0px;margin-bottom: 0px;&#8221; border_size=&#8221;0&#8243; border_styling_global=&#8221;default&#8221; width=&#8221;1\/1&#8243; el_position=&#8221;first last&#8221;]<\/p>\n<p>Vaskbar og genanvendelig ansigtsmaske, sk\u00e5nsom h\u00e5ndvask.<\/p>\n<p>[\/spb_text_block] [\/spb_tab] [spb_tab title=&#8221;St\u00f8rrelsesguide&#8221; icon=&#8221;&#8221; id=&#8221;Strrelsesguide&#8221;] [spb_text_block animation=&#8221;none&#8221; animation_delay=&#8221;0&#8243; simplified_controls=&#8221;yes&#8221; custom_css_percentage=&#8221;no&#8221; padding_vertical=&#8221;0&#8243; padding_horizontal=&#8221;0&#8243; margin_vertical=&#8221;0&#8243; custom_css=&#8221;margin-top: 0px;margin-bottom: 0px;&#8221; border_size=&#8221;0&#8243; border_styling_global=&#8221;default&#8221; width=&#8221;1\/1&#8243; el_position=&#8221;first last&#8221;]<\/p>\n<p>Onesize i <strong><a href=\"https:\/\/zlcopenhagen.com\/da\/stoerrelsesguide\/\" target=\"_blank\" rel=\"noopener noreferrer\" data-saferedirecturl=\"https:\/\/www.google.com\/url?q=https:\/\/zlcopenhagen.com\/size-and-fit\/?lang%3Des&amp;source=gmail&amp;ust=1557777986601000&amp;usg=AFQjCNG5BkC-1CcJPwjitl8z5kmY1ImPNg\">St\u00f8rrelsesguide<\/a><\/strong><\/p>\n<ul>\n<li>F\u00f8lger konturerne i dit ansigt<\/li>\n<li>Behageligt mod \u200b\u200bdin hud<\/li>\n<li>Lag af vaskbart, \u00e5ndbart stof<\/li>\n<li>D\u00e6kker din n\u00e6se og mund 100% uden at gabe<\/li>\n<\/ul>\n<p>[\/spb_text_block] [\/spb_tab] [\/spb_tabs]<\/p>\n","protected":false},"excerpt":{"rendered":"<p>Ansigtsmaske fra ZLC. Et mode produkt, og m\u00f8der derfor ikke medicinske standarder, men kan hj\u00e6lpe med at forhindre spredning af virus og bakterier. Lavet af bomuld\/polyester mix materiale, bl\u00f8d og \u00e5ndbart materiale, og kan genanvendes efter sk\u00e5nsom vask.<\/p>\n","protected":false},"featured_media":29353,"comment_status":"closed","ping_status":"closed","template":"","meta":[],"product_brand":[],"product_cat":[120],"product_tag":[],"class_list":{"0":"post-26731","1":"product","2":"type-product","3":"status-publish","4":"has-post-thumbnail","6":"product_cat-fitness-udstyr-da","8":"first","9":"instock","10":"featured","11":"taxable","12":"shipping-taxable","13":"purchasable","14":"product-type-simple"},"yoast_head":"<!-- This site is optimized with the Yoast SEO Premium plugin v26.6 (Yoast SEO v27.5) - https:\/\/yoast.com\/product\/yoast-seo-premium-wordpress\/ -->\n<title>10-Pak Ansigtsmasker Mundbind fra ZLC | Sundhedsstyrelsen<\/title>\n<meta name=\"description\" content=\"10-Pak Ansigtsmasker Mundbind fra ZLC. Et mode produkt, m\u00f8der derfor ikke medicinske standarder, men kan hj\u00e6lpe med at forhindre spredning..\" \/>\n<meta name=\"robots\" content=\"index, follow, max-snippet:-1, max-image-preview:large, max-video-preview:-1\" \/>\n<link rel=\"canonical\" href=\"https:\/\/zlcopenhagen.com\/da\/produkt\/10-pak-zlc-ansigtsmasker-mundbind\/\" \/>\n<meta property=\"og:locale\" content=\"da_DK\" \/>\n<meta property=\"og:type\" content=\"article\" \/>\n<meta property=\"og:title\" content=\"10-PAK ZLC ANSIGTSMASKER MUNDBIND GENBRUGELIGT VASKBARE\" \/>\n<meta property=\"og:description\" content=\"10-Pak Ansigtsmasker Mundbind fra ZLC. Et mode produkt, m\u00f8der derfor ikke medicinske standarder, men kan hj\u00e6lpe med at forhindre spredning..\" \/>\n<meta property=\"og:url\" content=\"https:\/\/zlcopenhagen.com\/da\/produkt\/10-pak-zlc-ansigtsmasker-mundbind\/\" \/>\n<meta property=\"og:site_name\" content=\"zlcopenhagen.com\" \/>\n<meta property=\"article:modified_time\" content=\"2021-04-20T12:28:17+00:00\" \/>\n<meta property=\"og:image\" content=\"https:\/\/zlcopenhagen.com\/wp-content\/uploads\/2020\/12\/20210420_134006-1.jpg\" \/>\n\t<meta property=\"og:image:width\" content=\"1916\" \/>\n\t<meta property=\"og:image:height\" content=\"2087\" \/>\n\t<meta property=\"og:image:type\" content=\"image\/jpeg\" \/>\n<meta name=\"twitter:card\" content=\"summary_large_image\" \/>\n<meta name=\"twitter:label1\" content=\"Pris\" \/>\n\t<meta name=\"twitter:data1\" content=\"&#036;&nbsp;21\" \/>\n\t<meta name=\"twitter:label2\" content=\"Tilg\u00e6ngelighed\" \/>\n\t<meta name=\"twitter:data2\" content=\"P\u00e5 lager\" \/>\n<meta property=\"product:price:amount\" content=\"21\" \/>\n<meta property=\"product:price:currency\" content=\"USD\" \/>\n<meta property=\"og:availability\" content=\"instock\" \/>\n<meta property=\"product:availability\" content=\"instock\" \/>\n<meta property=\"product:condition\" content=\"new\" \/>\n<!-- \/ Yoast SEO Premium plugin. -->","yoast_head_json":{"title":"10-Pak Ansigtsmasker Mundbind fra ZLC | Sundhedsstyrelsen","description":"10-Pak Ansigtsmasker Mundbind fra ZLC. Et mode produkt, m\u00f8der derfor ikke medicinske standarder, men kan hj\u00e6lpe med at forhindre spredning..","robots":{"index":"index","follow":"follow","max-snippet":"max-snippet:-1","max-image-preview":"max-image-preview:large","max-video-preview":"max-video-preview:-1"},"canonical":"https:\/\/zlcopenhagen.com\/da\/produkt\/10-pak-zlc-ansigtsmasker-mundbind\/","og_locale":"da_DK","og_type":"article","og_title":"10-PAK ZLC ANSIGTSMASKER MUNDBIND GENBRUGELIGT VASKBARE","og_description":"10-Pak Ansigtsmasker Mundbind fra ZLC. Et mode produkt, m\u00f8der derfor ikke medicinske standarder, men kan hj\u00e6lpe med at forhindre spredning..","og_url":"https:\/\/zlcopenhagen.com\/da\/produkt\/10-pak-zlc-ansigtsmasker-mundbind\/","og_site_name":"zlcopenhagen.com","article_modified_time":"2021-04-20T12:28:17+00:00","og_image":[{"width":1916,"height":2087,"url":"https:\/\/zlcopenhagen.com\/wp-content\/uploads\/2020\/12\/20210420_134006-1.jpg","type":"image\/jpeg"}],"twitter_card":"summary_large_image","twitter_misc":{"Pris":"&#36;&nbsp;21","Tilg\u00e6ngelighed":"P\u00e5 lager"},"schema":{"@context":"https:\/\/schema.org","@graph":[{"@type":"WebPage","@id":"https:\/\/zlcopenhagen.com\/da\/produkt\/10-pak-zlc-ansigtsmasker-mundbind\/","url":"https:\/\/zlcopenhagen.com\/da\/produkt\/10-pak-zlc-ansigtsmasker-mundbind\/","name":"10-Pak Ansigtsmasker Mundbind fra ZLC | Sundhedsstyrelsen","isPartOf":{"@id":"https:\/\/zlcopenhagen.com\/#website"},"primaryImageOfPage":{"@id":"https:\/\/zlcopenhagen.com\/da\/produkt\/10-pak-zlc-ansigtsmasker-mundbind\/#primaryimage"},"image":{"@id":"https:\/\/zlcopenhagen.com\/da\/produkt\/10-pak-zlc-ansigtsmasker-mundbind\/#primaryimage"},"thumbnailUrl":"https:\/\/zlcopenhagen.com\/wp-content\/uploads\/2020\/12\/20210420_134006-1.jpg","datePublished":"2020-12-17T08:31:29+00:00","dateModified":"2021-04-20T12:28:17+00:00","description":"10-Pak Ansigtsmasker Mundbind fra ZLC. Et mode produkt, m\u00f8der derfor ikke medicinske standarder, men kan hj\u00e6lpe med at forhindre spredning..","breadcrumb":{"@id":"https:\/\/zlcopenhagen.com\/da\/produkt\/10-pak-zlc-ansigtsmasker-mundbind\/#breadcrumb"},"inLanguage":"da-DK","potentialAction":[{"@type":"ReadAction","target":["https:\/\/zlcopenhagen.com\/da\/produkt\/10-pak-zlc-ansigtsmasker-mundbind\/"]}]},{"@type":"ImageObject","inLanguage":"da-DK","@id":"https:\/\/zlcopenhagen.com\/da\/produkt\/10-pak-zlc-ansigtsmasker-mundbind\/#primaryimage","url":"https:\/\/zlcopenhagen.com\/wp-content\/uploads\/2020\/12\/20210420_134006-1.jpg","contentUrl":"https:\/\/zlcopenhagen.com\/wp-content\/uploads\/2020\/12\/20210420_134006-1.jpg","width":1916,"height":2087,"caption":"ice silk face mask ZLCOPENHAGEN"},{"@type":"BreadcrumbList","@id":"https:\/\/zlcopenhagen.com\/da\/produkt\/10-pak-zlc-ansigtsmasker-mundbind\/#breadcrumb","itemListElement":[{"@type":"ListItem","position":1,"name":"Home","item":"https:\/\/zlcopenhagen.com\/da\/"},{"@type":"ListItem","position":2,"name":"Shop","item":"https:\/\/zlcopenhagen.com\/da\/shop\/"},{"@type":"ListItem","position":3,"name":"10-PAK ZLC ANSIGTSMASKER MUNDBIND GENBRUGELIGT VASKBARE"}]},{"@type":"WebSite","@id":"https:\/\/zlcopenhagen.com\/#website","url":"https:\/\/zlcopenhagen.com\/","name":"zlcopenhagen.com","description":"","publisher":{"@id":"https:\/\/zlcopenhagen.com\/#organization"},"potentialAction":[{"@type":"SearchAction","target":{"@type":"EntryPoint","urlTemplate":"https:\/\/zlcopenhagen.com\/?s={search_term_string}"},"query-input":{"@type":"PropertyValueSpecification","valueRequired":true,"valueName":"search_term_string"}}],"inLanguage":"da-DK"},{"@type":["Organization","Place"],"@id":"https:\/\/zlcopenhagen.com\/#organization","name":"ZLCOPENHAGEN","alternateName":"ZLCOPENHAGEN","url":"https:\/\/zlcopenhagen.com\/","logo":{"@id":"https:\/\/zlcopenhagen.com\/da\/produkt\/10-pak-zlc-ansigtsmasker-mundbind\/#local-main-organization-logo"},"image":{"@id":"https:\/\/zlcopenhagen.com\/da\/produkt\/10-pak-zlc-ansigtsmasker-mundbind\/#local-main-organization-logo"},"sameAs":["https:\/\/www.youtube.com\/channel\/UCy7JINwB6DMr2fA9yHpDQJg"],"telephone":[],"openingHoursSpecification":[{"@type":"OpeningHoursSpecification","dayOfWeek":["Monday","Tuesday","Wednesday","Thursday","Friday","Saturday","Sunday"],"opens":"09:00","closes":"17:00"}]},{"@type":"ImageObject","inLanguage":"da-DK","@id":"https:\/\/zlcopenhagen.com\/da\/produkt\/10-pak-zlc-ansigtsmasker-mundbind\/#local-main-organization-logo","url":"https:\/\/zlcopenhagen.com\/wp-content\/uploads\/2016\/05\/blog-logo.jpg","contentUrl":"https:\/\/zlcopenhagen.com\/wp-content\/uploads\/2016\/05\/blog-logo.jpg","width":68,"height":68,"caption":"ZLCOPENHAGEN"}]},"product_price_amount":"21","product_price_currency":"USD","og_availability":"instock","product_availability":"instock","product_condition":"new"},"_links":{"self":[{"href":"https:\/\/zlcopenhagen.com\/da\/wp-json\/wp\/v2\/product\/26731","targetHints":{"allow":["GET"]}}],"collection":[{"href":"https:\/\/zlcopenhagen.com\/da\/wp-json\/wp\/v2\/product"}],"about":[{"href":"https:\/\/zlcopenhagen.com\/da\/wp-json\/wp\/v2\/types\/product"}],"replies":[{"embeddable":true,"href":"https:\/\/zlcopenhagen.com\/da\/wp-json\/wp\/v2\/comments?post=26731"}],"wp:featuredmedia":[{"embeddable":true,"href":"https:\/\/zlcopenhagen.com\/da\/wp-json\/wp\/v2\/media\/29353"}],"wp:attachment":[{"href":"https:\/\/zlcopenhagen.com\/da\/wp-json\/wp\/v2\/media?parent=26731"}],"wp:term":[{"taxonomy":"product_brand","embeddable":true,"href":"https:\/\/zlcopenhagen.com\/da\/wp-json\/wp\/v2\/product_brand?post=26731"},{"taxonomy":"product_cat","embeddable":true,"href":"https:\/\/zlcopenhagen.com\/da\/wp-json\/wp\/v2\/product_cat?post=26731"},{"taxonomy":"product_tag","embeddable":true,"href":"https:\/\/zlcopenhagen.com\/da\/wp-json\/wp\/v2\/product_tag?post=26731"}],"curies":[{"name":"wp","href":"https:\/\/api.w.org\/{rel}","templated":true}]}}