{"id":21587,"date":"2017-07-26T16:24:25","date_gmt":"2017-07-26T15:24:27","guid":{"rendered":"https:\/\/zlcopenhagen.com\/?post_type=product&#038;p=21587"},"modified":"2025-04-10T23:32:52","modified_gmt":"2025-04-10T22:32:52","slug":"rod-laeder-soelv-anker-armbaand","status":"publish","type":"product","link":"https:\/\/zlcopenhagen.com\/da\/produkt\/rod-laeder-soelv-anker-armbaand\/","title":{"rendered":"R\u00d8D L\u00c6DER S\u00d8LV ANKER ARMB\u00c5ND"},"content":{"rendered":"<p>[spb_tabs tabs_type=&#8221;standard&#8221; center_tabs=&#8221;no&#8221; width=&#8221;1\/1&#8243; el_position=&#8221;first last&#8221;] [spb_tab title=&#8221;Produkt&#8221; icon=&#8221;&#8221; id=&#8221;Produkt&#8221;] [spb_text_block animation=&#8221;none&#8221; animation_delay=&#8221;0&#8243; simplified_controls=&#8221;yes&#8221; custom_css_percentage=&#8221;no&#8221; padding_vertical=&#8221;0&#8243; padding_horizontal=&#8221;0&#8243; margin_vertical=&#8221;0&#8243; custom_css=&#8221;margin-top: 0px;margin-bottom: 0px;&#8221; border_size=&#8221;0&#8243; border_styling_global=&#8221;default&#8221; width=&#8221;1\/1&#8243; el_position=&#8221;first last&#8221;]<\/p>\n<h1>R\u00d8D L\u00c6DER S\u00d8LV ANKER ARMB\u00c5ND<\/h1>\n<p>Design med fokus p\u00e5 rene bl\u00f8de linjer, der efterlader et skinnende sk\u00e6r. Fuldender looket med en fr\u00e6k r\u00f8d l\u00e6der stroppe. Et must accessory, der kan b\u00e6res alene eller med en sort herreud.<\/p>\n<p>Et frisk pust til din smykke kollektion, der nok skal f\u00e5 folk til at vende efter dig. Leveres med en gave\u00e6ske.<\/p>\n<p>[\/spb_text_block] [\/spb_tab] [spb_tab title=&#8221;Materiale&#8221; icon=&#8221;&#8221; id=&#8221;Materiale&#8221;] [spb_text_block animation=&#8221;none&#8221; animation_delay=&#8221;0&#8243; simplified_controls=&#8221;yes&#8221; custom_css_percentage=&#8221;no&#8221; padding_vertical=&#8221;0&#8243; padding_horizontal=&#8221;0&#8243; margin_vertical=&#8221;0&#8243; custom_css=&#8221;margin-top: 0px;margin-bottom: 0px;&#8221; border_size=&#8221;0&#8243; border_styling_global=&#8221;default&#8221; width=&#8221;1\/1&#8243; el_position=&#8221;first last&#8221;]<\/p>\n<ul>\n<li>Anker lavet af rustfrit st\u00e5l<\/li>\n<li>St\u00f8rrelse: ..30 x 40 mm<\/li>\n<li>L\u00e6ngde ca. 25 cm<\/li>\n<li>Leveres med flot gave\u00e6ske<\/li>\n<\/ul>\n<p>[\/spb_text_block] [\/spb_tab] [spb_tab title=&#8221;St\u00f8rrelse&#8221; icon=&#8221;&#8221; id=&#8221;Strrelse&#8221;] [spb_text_block animation=&#8221;none&#8221; animation_delay=&#8221;0&#8243; simplified_controls=&#8221;yes&#8221; custom_css_percentage=&#8221;no&#8221; padding_vertical=&#8221;0&#8243; padding_horizontal=&#8221;0&#8243; margin_vertical=&#8221;0&#8243; border_size=&#8221;0&#8243; border_styling_global=&#8221;default&#8221; width=&#8221;1\/1&#8243; el_position=&#8221;first last&#8221;]<\/p>\n<p>Onesize<\/p>\n<p>[\/spb_text_block] [\/spb_tab] [\/spb_tabs]<\/p>\n","protected":false},"excerpt":{"rendered":"<p>[spb_tabs tabs_type=&#8221;standard&#8221; center_tabs=&#8221;no&#8221; width=&#8221;1\/1&#8243; el_position=&#8221;first last&#8221;] [spb_tab title=&#8221;Produkt&#8221; icon=&#8221;&#8221; id=&#8221;Produkt&#8221;] [spb_text_block animation=&#8221;none&#8221; animation_delay=&#8221;0&#8243; simplified_controls=&#8221;yes&#8221; custom_css_percentage=&#8221;no&#8221; padding_vertical=&#8221;0&#8243; padding_horizontal=&#8221;0&#8243; margin_vertical=&#8221;0&#8243; custom_css=&#8221;margin-top: 0px;margin-bottom: 0px;&#8221; border_size=&#8221;0&#8243; border_styling_global=&#8221;default&#8221; width=&#8221;1\/1&#8243; el_position=&#8221;first last&#8221;] R\u00d8D L\u00c6DER S\u00d8LV ANKER ARMB\u00c5ND Design med fokus p\u00e5 rene bl\u00f8de linjer, der efterlader et skinnende sk\u00e6r. Fuldender looket med en fr\u00e6k r\u00f8d l\u00e6der stroppe. Et must accessory, der kan b\u00e6res alene eller med [&hellip;]<\/p>\n","protected":false},"featured_media":21590,"comment_status":"closed","ping_status":"closed","template":"","meta":[],"product_brand":[],"product_cat":[121,122],"product_tag":[240,241],"class_list":{"0":"post-21587","1":"product","2":"type-product","3":"status-publish","4":"has-post-thumbnail","6":"product_cat-baeredygtige-smykker","7":"product_cat-anne-sofie-allarp-homas","8":"product_tag-anchor-da","9":"product_tag-jewelry-da","11":"first","12":"instock","13":"purchasable","14":"product-type-simple"},"yoast_head":"<!-- This site is optimized with the Yoast SEO Premium plugin v26.6 (Yoast SEO v27.4) - https:\/\/yoast.com\/product\/yoast-seo-premium-wordpress\/ -->\n<title>R\u00f8d l\u00e6der s\u00f8lv anker armb\u00e5nd | Fr\u00e6k smykke fra ZLCOPENHAGEN<\/title>\n<meta name=\"description\" content=\"Smykke med l\u00e6der og s\u00f8lv anker. Ankerarmb\u00e5nd fra ZLCOPENHAGEN | K\u00f8b dem her, og flere kombinations muligheder | Leveres med en gave\u00e6ske\" \/>\n<meta name=\"robots\" content=\"index, follow, max-snippet:-1, max-image-preview:large, max-video-preview:-1\" \/>\n<link rel=\"canonical\" href=\"https:\/\/zlcopenhagen.com\/da\/produkt\/rod-laeder-soelv-anker-armbaand\/\" \/>\n<meta property=\"og:locale\" content=\"da_DK\" \/>\n<meta property=\"og:type\" content=\"article\" \/>\n<meta property=\"og:title\" content=\"R\u00d8D L\u00c6DER S\u00d8LV ANKER ARMB\u00c5ND\" \/>\n<meta property=\"og:description\" content=\"Smykke med l\u00e6der og s\u00f8lv anker. Ankerarmb\u00e5nd fra ZLCOPENHAGEN | K\u00f8b dem her, og flere kombinations muligheder | Leveres med en gave\u00e6ske\" \/>\n<meta property=\"og:url\" content=\"https:\/\/zlcopenhagen.com\/da\/produkt\/rod-laeder-soelv-anker-armbaand\/\" \/>\n<meta property=\"og:site_name\" content=\"zlcopenhagen.com\" \/>\n<meta property=\"article:modified_time\" content=\"2025-04-10T22:32:52+00:00\" \/>\n<meta property=\"og:image\" content=\"https:\/\/zlcopenhagen.com\/wp-content\/uploads\/2017\/07\/zlc-red-leather-silver-anchor.jpg\" \/>\n\t<meta property=\"og:image:width\" content=\"1000\" \/>\n\t<meta property=\"og:image:height\" content=\"1000\" \/>\n\t<meta property=\"og:image:type\" content=\"image\/jpeg\" \/>\n<meta name=\"twitter:card\" content=\"summary_large_image\" \/>\n<meta name=\"twitter:label1\" content=\"Pris\" \/>\n\t<meta name=\"twitter:data1\" content=\"&#036;&nbsp;42\" \/>\n\t<meta name=\"twitter:label2\" content=\"Tilg\u00e6ngelighed\" \/>\n\t<meta name=\"twitter:data2\" content=\"P\u00e5 lager\" \/>\n<meta property=\"product:price:amount\" content=\"42\" \/>\n<meta property=\"product:price:currency\" content=\"USD\" \/>\n<meta property=\"og:availability\" content=\"instock\" \/>\n<meta property=\"product:availability\" content=\"instock\" \/>\n<meta property=\"product:retailer_item_id\" content=\"JELARD04-1\" \/>\n<meta property=\"product:condition\" content=\"new\" \/>\n<!-- \/ Yoast SEO Premium plugin. -->","yoast_head_json":{"title":"R\u00f8d l\u00e6der s\u00f8lv anker armb\u00e5nd | Fr\u00e6k smykke fra ZLCOPENHAGEN","description":"Smykke med l\u00e6der og s\u00f8lv anker. Ankerarmb\u00e5nd fra ZLCOPENHAGEN | K\u00f8b dem her, og flere kombinations muligheder | Leveres med en gave\u00e6ske","robots":{"index":"index","follow":"follow","max-snippet":"max-snippet:-1","max-image-preview":"max-image-preview:large","max-video-preview":"max-video-preview:-1"},"canonical":"https:\/\/zlcopenhagen.com\/da\/produkt\/rod-laeder-soelv-anker-armbaand\/","og_locale":"da_DK","og_type":"article","og_title":"R\u00d8D L\u00c6DER S\u00d8LV ANKER ARMB\u00c5ND","og_description":"Smykke med l\u00e6der og s\u00f8lv anker. Ankerarmb\u00e5nd fra ZLCOPENHAGEN | K\u00f8b dem her, og flere kombinations muligheder | Leveres med en gave\u00e6ske","og_url":"https:\/\/zlcopenhagen.com\/da\/produkt\/rod-laeder-soelv-anker-armbaand\/","og_site_name":"zlcopenhagen.com","article_modified_time":"2025-04-10T22:32:52+00:00","og_image":[{"width":1000,"height":1000,"url":"https:\/\/zlcopenhagen.com\/wp-content\/uploads\/2017\/07\/zlc-red-leather-silver-anchor.jpg","type":"image\/jpeg"}],"twitter_card":"summary_large_image","twitter_misc":{"Pris":"&#36;&nbsp;42","Tilg\u00e6ngelighed":"P\u00e5 lager"},"schema":{"@context":"https:\/\/schema.org","@graph":[{"@type":"WebPage","@id":"https:\/\/zlcopenhagen.com\/da\/produkt\/rod-laeder-soelv-anker-armbaand\/","url":"https:\/\/zlcopenhagen.com\/da\/produkt\/rod-laeder-soelv-anker-armbaand\/","name":"R\u00f8d l\u00e6der s\u00f8lv anker armb\u00e5nd | Fr\u00e6k smykke fra ZLCOPENHAGEN","isPartOf":{"@id":"https:\/\/zlcopenhagen.com\/#website"},"primaryImageOfPage":{"@id":"https:\/\/zlcopenhagen.com\/da\/produkt\/rod-laeder-soelv-anker-armbaand\/#primaryimage"},"image":{"@id":"https:\/\/zlcopenhagen.com\/da\/produkt\/rod-laeder-soelv-anker-armbaand\/#primaryimage"},"thumbnailUrl":"https:\/\/zlcopenhagen.com\/wp-content\/uploads\/2017\/07\/zlc-red-leather-silver-anchor.jpg","datePublished":"2017-07-26T15:24:27+00:00","dateModified":"2025-04-10T22:32:52+00:00","description":"Smykke med l\u00e6der og s\u00f8lv anker. Ankerarmb\u00e5nd fra ZLCOPENHAGEN | K\u00f8b dem her, og flere kombinations muligheder | Leveres med en gave\u00e6ske","breadcrumb":{"@id":"https:\/\/zlcopenhagen.com\/da\/produkt\/rod-laeder-soelv-anker-armbaand\/#breadcrumb"},"inLanguage":"da-DK","potentialAction":[{"@type":"ReadAction","target":["https:\/\/zlcopenhagen.com\/da\/produkt\/rod-laeder-soelv-anker-armbaand\/"]}]},{"@type":"ImageObject","inLanguage":"da-DK","@id":"https:\/\/zlcopenhagen.com\/da\/produkt\/rod-laeder-soelv-anker-armbaand\/#primaryimage","url":"https:\/\/zlcopenhagen.com\/wp-content\/uploads\/2017\/07\/zlc-red-leather-silver-anchor.jpg","contentUrl":"https:\/\/zlcopenhagen.com\/wp-content\/uploads\/2017\/07\/zlc-red-leather-silver-anchor.jpg","width":1000,"height":1000,"caption":"Cancer Research Bracelet - Red Leather with Silver Anchor"},{"@type":"BreadcrumbList","@id":"https:\/\/zlcopenhagen.com\/da\/produkt\/rod-laeder-soelv-anker-armbaand\/#breadcrumb","itemListElement":[{"@type":"ListItem","position":1,"name":"Home","item":"https:\/\/zlcopenhagen.com\/da\/"},{"@type":"ListItem","position":2,"name":"Shop","item":"https:\/\/zlcopenhagen.com\/da\/shop\/"},{"@type":"ListItem","position":3,"name":"R\u00d8D L\u00c6DER S\u00d8LV ANKER ARMB\u00c5ND"}]},{"@type":"WebSite","@id":"https:\/\/zlcopenhagen.com\/#website","url":"https:\/\/zlcopenhagen.com\/","name":"zlcopenhagen.com","description":"","publisher":{"@id":"https:\/\/zlcopenhagen.com\/#organization"},"potentialAction":[{"@type":"SearchAction","target":{"@type":"EntryPoint","urlTemplate":"https:\/\/zlcopenhagen.com\/?s={search_term_string}"},"query-input":{"@type":"PropertyValueSpecification","valueRequired":true,"valueName":"search_term_string"}}],"inLanguage":"da-DK"},{"@type":["Organization","Place"],"@id":"https:\/\/zlcopenhagen.com\/#organization","name":"ZLCOPENHAGEN","alternateName":"ZLCOPENHAGEN","url":"https:\/\/zlcopenhagen.com\/","logo":{"@id":"https:\/\/zlcopenhagen.com\/da\/produkt\/rod-laeder-soelv-anker-armbaand\/#local-main-organization-logo"},"image":{"@id":"https:\/\/zlcopenhagen.com\/da\/produkt\/rod-laeder-soelv-anker-armbaand\/#local-main-organization-logo"},"sameAs":["https:\/\/www.youtube.com\/channel\/UCy7JINwB6DMr2fA9yHpDQJg"],"telephone":[],"openingHoursSpecification":[{"@type":"OpeningHoursSpecification","dayOfWeek":["Monday","Tuesday","Wednesday","Thursday","Friday","Saturday","Sunday"],"opens":"09:00","closes":"17:00"}]},{"@type":"ImageObject","inLanguage":"da-DK","@id":"https:\/\/zlcopenhagen.com\/da\/produkt\/rod-laeder-soelv-anker-armbaand\/#local-main-organization-logo","url":"https:\/\/zlcopenhagen.com\/wp-content\/uploads\/2016\/05\/blog-logo.jpg","contentUrl":"https:\/\/zlcopenhagen.com\/wp-content\/uploads\/2016\/05\/blog-logo.jpg","width":68,"height":68,"caption":"ZLCOPENHAGEN"}]},"product_price_amount":"42","product_price_currency":"USD","og_availability":"instock","product_availability":"instock","product_retailer_item_id":"JELARD04-1","product_condition":"new"},"_links":{"self":[{"href":"https:\/\/zlcopenhagen.com\/da\/wp-json\/wp\/v2\/product\/21587","targetHints":{"allow":["GET"]}}],"collection":[{"href":"https:\/\/zlcopenhagen.com\/da\/wp-json\/wp\/v2\/product"}],"about":[{"href":"https:\/\/zlcopenhagen.com\/da\/wp-json\/wp\/v2\/types\/product"}],"replies":[{"embeddable":true,"href":"https:\/\/zlcopenhagen.com\/da\/wp-json\/wp\/v2\/comments?post=21587"}],"wp:featuredmedia":[{"embeddable":true,"href":"https:\/\/zlcopenhagen.com\/da\/wp-json\/wp\/v2\/media\/21590"}],"wp:attachment":[{"href":"https:\/\/zlcopenhagen.com\/da\/wp-json\/wp\/v2\/media?parent=21587"}],"wp:term":[{"taxonomy":"product_brand","embeddable":true,"href":"https:\/\/zlcopenhagen.com\/da\/wp-json\/wp\/v2\/product_brand?post=21587"},{"taxonomy":"product_cat","embeddable":true,"href":"https:\/\/zlcopenhagen.com\/da\/wp-json\/wp\/v2\/product_cat?post=21587"},{"taxonomy":"product_tag","embeddable":true,"href":"https:\/\/zlcopenhagen.com\/da\/wp-json\/wp\/v2\/product_tag?post=21587"}],"curies":[{"name":"wp","href":"https:\/\/api.w.org\/{rel}","templated":true}]}}