{"id":21474,"date":"2017-07-21T18:19:36","date_gmt":"2017-07-21T17:19:38","guid":{"rendered":"https:\/\/zlcopenhagen.com\/?post_type=product&#038;p=21474"},"modified":"2025-10-24T21:27:24","modified_gmt":"2025-10-24T20:27:24","slug":"sorte-bambus-sokker-til-maend-30-pak","status":"publish","type":"product","link":"https:\/\/zlcopenhagen.com\/da\/produkt\/sorte-bambus-sokker-til-maend-30-pak\/","title":{"rendered":"EKSKLUSIVE SORTE BAMBUS SOKKER TIL M\u00c6ND \u2013 B\u00c6REDYGTIG KOMFORT I 30-PAK"},"content":{"rendered":"<p>[spb_text_block animation=&#8221;none&#8221; animation_delay=&#8221;0&#8243; simplified_controls=&#8221;yes&#8221; custom_css_percentage=&#8221;no&#8221; padding_vertical=&#8221;0&#8243; padding_horizontal=&#8221;0&#8243; margin_vertical=&#8221;0&#8243; custom_css=&#8221;margin-top: 0px;margin-bottom: 0px;&#8221; border_size=&#8221;0&#8243; border_styling_global=&#8221;default&#8221; width=&#8221;1\/1&#8243; el_position=&#8221;first last&#8221;]<\/p>\n<h2>SORTE BAMBUS SOKKER TIL M\u00c6ND \u2013 BL\u00d8DE, \u00c5NDBARE &amp; B\u00c6REDYGTIGE (30-PAK)<\/h2>\n<p>Tr\u00e6tte f\u00f8dder efter en lang dag? Vores <strong>bambus sokker til m\u00e6nd<\/strong> giver luksus og friskhed hele dagen. De <strong>sorte bambus sokker<\/strong> er skabt til dig, der vil have <strong>bl\u00f8de, svedabsorberende sokker<\/strong> med stilren pasform \u2013 her i praktisk <strong>30-pak<\/strong>.<\/p>\n<hr \/>\n<h3>DERFOR V\u00c6LGER M\u00c6ND BAMBUS<\/h3>\n<ul class=\"tight-list\">\n<li><strong>Naturligt antibakterielle<\/strong> fibre holder lugt nede \u2013 selv efter mange vaske.<\/li>\n<li><strong>Svedabsorberende bambus<\/strong> leder fugt v\u00e6k og holder f\u00f8dderne t\u00f8rre.<\/li>\n<li><strong>\u00c5ndbare &amp; temperaturregulerende<\/strong> \u2013 varme om vinteren, k\u00f8lige om sommeren.<\/li>\n<li><strong>Ekstra bl\u00f8de<\/strong> mod huden \u2013 gode til sart hud og daglig komfort.<\/li>\n<li><strong>EU-produceret &amp; Oeko-Tex<\/strong> \u2013 fri for skadelige kemikalier.<\/li>\n<\/ul>\n<hr \/>\n<h3>MILJ\u00d8VENLIG KOMFORT<\/h3>\n<p>Bambus vokser hurtigt uden pesticider og kunstvanding og nedbrydes naturligt. N\u00e5r du v\u00e6lger vores <strong>bambus herresokker<\/strong>, f\u00e5r du et gr\u00f8nnere valg uden at g\u00e5 p\u00e5 kompromis med komfort eller holdbarhed.<\/p>\n<hr \/>\n<h4><strong>DETALJER<\/strong><\/h4>\n<ul class=\"tight-list\">\n<li>Pakning: <strong>30-pak<\/strong> (ogs\u00e5 tilg\u00e6ngelig som 10-pak)<\/li>\n<li>Materiale: 80 % bambus, 17 % polyamid, 3 % elastan<\/li>\n<li>Farve: <strong>Sort<\/strong><\/li>\n<li>Vask: 30 \u00b0C<\/li>\n<li>Pasform: Unisex, designet som <strong>bambus sokker m\u00e6nd<\/strong> (normal l\u00e6ngde)<\/li>\n<\/ul>\n<hr \/>\n<h2>KOMFORT HELE DAGEN<\/h2>\n<p>Uanset om du arbejder, tr\u00e6ner eller slapper af, giver vores <strong>bambus sokker tilbud<\/strong> dig stabil komfort og frihed til at bev\u00e6ge dig. Fork\u00e6l dine f\u00f8dder med ZLCOPENHAGEN \u2013 <strong>sort, bl\u00f8d og \u00e5ndbar<\/strong> kvalitet i hver eneste sok.<\/p>\n<p>[\/spb_text_block] [spb_blank_spacer height=&#8221;30px&#8221; width=&#8221;1\/1&#8243; el_position=&#8221;first last&#8221;] [spb_image image=&#8221;28802&#8243; image_size=&#8221;full&#8221; frame=&#8221;noframe&#8221; caption_pos=&#8221;hover&#8221; remove_rounded=&#8221;yes&#8221; fullwidth=&#8221;no&#8221; overflow_mode=&#8221;none&#8221; image_link=&#8221;https:\/\/zlcopenhagen.com\/da\/produkt-kategori\/tilbehoer\/baeredygtige-stroemper-og-sokker\/&#8221; link_target=&#8221;_blank&#8221; lightbox=&#8221;yes&#8221; intro_animation=&#8221;none&#8221; animation_delay=&#8221;200&#8243; width=&#8221;1\/1&#8243; el_position=&#8221;first last&#8221;]<\/p>\n<h2 style=\"text-align: center;\">TIL DEN KR\u00c6SNE MAND<\/h2>\n<p>[\/spb_image] [spb_text_block animation=&#8221;none&#8221; animation_delay=&#8221;0&#8243; simplified_controls=&#8221;yes&#8221; custom_css_percentage=&#8221;no&#8221; padding_vertical=&#8221;0&#8243; padding_horizontal=&#8221;0&#8243; margin_vertical=&#8221;0&#8243; custom_css=&#8221;margin-top: 0px;margin-bottom: 0px;&#8221; border_size=&#8221;0&#8243; border_styling_global=&#8221;default&#8221; width=&#8221;1\/1&#8243; el_position=&#8221;first last&#8221;]<\/p>\n<hr \/>\n<h3>UDFORSK FLERE FAVORITTER<\/h3>\n<p>Er du vild med de sorte bambus herresokker? S\u00e5 tjek ogs\u00e5 disse andre b\u00e6redygtige varianter:<\/p>\n<ul>\n<li><a title=\"B\u00e6redygtige str\u00f8mper og sokker\" href=\"https:\/\/zlcopenhagen.com\/da\/produkt-kategori\/accessories\/baeredygtige-stroemper-og-sokker\/\">B\u00e6redygtige str\u00f8mper og sokker \u2013 vores udvalg<\/a><\/li>\n<li><a title=\"Bambus sokker til m\u00e6nd\" href=\"https:\/\/zlcopenhagen.com\/da\/produkt\/bambus-sokker\/\">Bambus sokker til m\u00e6nd \u2013 klassiker i sort<\/a><\/li>\n<li><a title=\"50-pak sorte bambus sokker\" href=\"https:\/\/zlcopenhagen.com\/da\/produkt\/50-pak-sorte-bambus-sokker\/\">50-pak sorte bambus sokker \u2013 bulk-tilbud<\/a><\/li>\n<\/ul>\n<p>[\/spb_text_block] [spb_text_block animation=&#8221;none&#8221; animation_delay=&#8221;0&#8243; simplified_controls=&#8221;yes&#8221; custom_css_percentage=&#8221;no&#8221; padding_vertical=&#8221;0&#8243; padding_horizontal=&#8221;0&#8243; margin_vertical=&#8221;0&#8243; custom_css=&#8221;margin-top: 0px;margin-bottom: 0px;&#8221; border_size=&#8221;0&#8243; border_styling_global=&#8221;default&#8221; width=&#8221;1\/1&#8243; el_position=&#8221;first last&#8221;]<\/p>\n<h2>OFTEST STILLEDE SP\u00d8RGSM\u00c5L (FAQ)<\/h2>\n<p>&nbsp;<\/p>\n<p>[\/spb_text_block] [spb_text_block animation=&#8221;none&#8221; animation_delay=&#8221;0&#8243; simplified_controls=&#8221;yes&#8221; custom_css_percentage=&#8221;no&#8221; padding_vertical=&#8221;0&#8243; padding_horizontal=&#8221;0&#8243; margin_vertical=&#8221;0&#8243; custom_css=&#8221;margin-top: 0px;margin-bottom: 0px;&#8221; border_size=&#8221;0&#8243; border_styling_global=&#8221;default&#8221; width=&#8221;1\/1&#8243; el_position=&#8221;first last&#8221;]<\/p>\n<h2>HVORFOR B\u00c6REDYGTIGE BAMBUS SOKKER?<\/h2>\n<p>Vi s\u00e6lger b\u00e6redygtige bambus sokker, fordi vi tror p\u00e5 at tilbyde vores kunder. Produkter, der kombinerer komfort, stil og b\u00e6redygtighed. Bambus sokker er en milj\u00f8venlig l\u00f8sning, der ikke kun er behagelige at have p\u00e5, men ogs\u00e5 sk\u00e5nsomme mod naturen. Ved at v\u00e6lge bambusfiber som vores prim\u00e6re materiale, bidrager vi til at reducere vores milj\u00f8p\u00e5virkning og fremme en mere b\u00e6redygtig livsstil. Hos os handler det ikke kun om at s\u00e6lge sokker &#8211; det handler om at inspirere til positive forandringer og g\u00f8re vores del for at bevare vores planet for kommende generationer.<\/p>\n<h2>MILJ\u00d8VENLIG PRODUKTION<\/h2>\n<p>Tr\u00e6d ind i en verden af b\u00e6redygtige bambus sokker og str\u00f8mper, der ikke kun er stilfulde, men ogs\u00e5 b\u00e6redygtige. Vi som et brand g\u00e5r ind for b\u00e6redygtighed og skaber sokker af naturlige, giftfri materialer, der er bl\u00f8de og behagelige for din hud. Hver sok er et skridt mod en gr\u00f8nnere fremtid.<\/p>\n<h2>BAMBUSENS B\u00c6REDYGTIGHED<\/h2>\n<p>Bambus er mere end bare en plante &#8211; det er en b\u00e6redygtig revolution. Den vokser hurtigt, kr\u00e6ver minimal vedligeholdelse og spreder sig selv, hvilket g\u00f8r den til et milj\u00f8venligt valg. Ved at v\u00e6lge vores bambus sokker, st\u00f8tter du en sundere planet for fremtidige generationer.<\/p>\n<h2>OVERLEGEN KVALITET OG KOMFORT<\/h2>\n<p>N\u00e5r du glider dine f\u00f8dder ind i vores sokker, oplever du \u00f8jeblikkeligt den uovertrufne kvalitet og komfort. Fremstillet i EU og Oeko-Tex-certificeret, er vores sokker fri for skadelige kemikalier og af h\u00f8jeste kvalitet, s\u00e5 du kan nyde hvert skridt med tillid og lethed.<\/p>\n<h2>OPTIMAL FUGTIGHEDSSTYRING<\/h2>\n<p>Dine f\u00f8dder fortjener det bedste, og vores sokker leverer det. Ved at absorbere op til 50% mere fugt end traditionelle bomuldssokker, holder de dine f\u00f8dder t\u00f8rre og friske hele dagen, uanset hvad livet kaster efter dig.<\/p>\n<h2>NATURLIGT ANTIBAKTERIELLE<\/h2>\n<p>Bambusfibrene er mere end bare bl\u00f8de &#8211; de er naturligt antibakterielle og forbliver friske, selv efter gentagne vaske. Perfekte til sart hud og allergikere, s\u00e5 du kan b\u00e6re dem med tillid og komfort hver dag. <a href=\"https:\/\/www.sciencedirect.com\/science\/article\/pii\/S095965261832599X?casa_token=mjOEgfnHKqcAAAAA:v7Oy9_t4dWduk7Sno2DImRdwpv6bikE6cyXmqoDQ17sssufgiFFxHQby_0P47qCndrxwub2UmQ\" target=\"_blank\" rel=\"noopener\">L\u00e6s mere her Link: Bambus<\/a><\/p>\n<h2>TEMPERATURREGULERENDE<\/h2>\n<p>Fra k\u00f8lige efter\u00e5rsdage til varme sommerm\u00e5neder holder vores sokker dine f\u00f8dder behagelige og tempererede. Takket v\u00e6re bambusens naturlige evne til at regulere temperaturen, er du altid godt kl\u00e6dt p\u00e5 uanset vejrforholdene.<\/p>\n<h2>ANBEFALET VASK<\/h2>\n<p>For at bevare den enest\u00e5ende kvalitet og komfort anbefaler vi at vaske vores sokker ved 30 grader. Med en blanding af 80% bambus, 17% polyamid og 3% elastan, er de skabt til at vare og f\u00f8lge dig p\u00e5 alle dine eventyr.<\/p>\n<h2>BEVAR DIN B\u00c6REDYGTIGHED<\/h2>\n<p>For at bevare den milj\u00f8venlige kvalitet af vores produkter, anbefaler vi at vaske vores bambus sokker ved 30 grader. Denne sk\u00e5nsomme temperatur sikrer ikke kun, at dine sokker forbliver bl\u00f8de og behagelige, men bidrager ogs\u00e5 til at mindske energiforbruget og sk\u00e5ne milj\u00f8et. Ved at v\u00e6lge en lavere vasketemperatur reduceres energiforbruget markant sammenlignet med h\u00f8jere temperaturer, hvilket g\u00f8r det til et mere b\u00e6redygtigt valg. S\u00e5 n\u00e6ste gang du smider dine sokker i vaskemaskinen, husk at v\u00e6lge den sk\u00e5nsomme 30-graders indstilling og bidrag til en mere milj\u00f8venlig livsstil. Med dette simple trin kan du forts\u00e6tte med at nyde dine sokkers kvalitet og samtidig tage et skridt i retning af at bevare vores planet for fremtidige generationer.<\/p>\n<p>L\u00e6s mere om milj\u00f8venlig vask og energibesparelse i vores <strong><a class=\"decorated-link cursor-pointer\" href=\"https:\/\/zlcopenhagen.com\/da\/effektiv-bakteriebekaempelse-ved-toejvask-zlcopenhagen\/\" target=\"_blank\" rel=\"noopener\" data-start=\"529\" data-end=\"567\">FAQ om milj\u00f8rigtig vask<\/a><\/strong>.<\/p>\n<p>[\/spb_text_block] [spb_image image=&#8221;19225&#8243; image_size=&#8221;full&#8221; frame=&#8221;noframe&#8221; caption_pos=&#8221;hover&#8221; remove_rounded=&#8221;yes&#8221; fullwidth=&#8221;no&#8221; overflow_mode=&#8221;none&#8221; image_link=&#8221;https:\/\/zlcopenhagen.com\/da\/produkt-kategori\/tilbehoer\/baeredygtige-stroemper-og-sokker\/&#8221; link_target=&#8221;_blank&#8221; lightbox=&#8221;yes&#8221; intro_animation=&#8221;none&#8221; animation_delay=&#8221;200&#8243; width=&#8221;1\/1&#8243; el_position=&#8221;first last&#8221;]<\/p>\n<h2 style=\"text-align: center;\"><a href=\"https:\/\/zlcopenhagen.com\/da\/\" target=\"_blank\" rel=\"noopener\">DET SIKRE VALG<\/a><\/h2>\n<p>[\/spb_image] [spb_text_block animation=&#8221;none&#8221; animation_delay=&#8221;0&#8243; simplified_controls=&#8221;yes&#8221; custom_css_percentage=&#8221;no&#8221; padding_vertical=&#8221;0&#8243; padding_horizontal=&#8221;0&#8243; margin_vertical=&#8221;0&#8243; custom_css=&#8221;margin-top: 0px;margin-bottom: 0px;&#8221; border_size=&#8221;0&#8243; border_styling_global=&#8221;default&#8221; width=&#8221;1\/1&#8243; el_position=&#8221;first last&#8221;]<\/p>\n<h2>B\u00c6REDYGTIGE BAMBUS SOKKER<\/h2>\n<h3>EN GR\u00d8N OG BEHAGELIG L\u00d8SNING<\/h3>\n<p>Med vores udvalg af b\u00e6redygtige bambus sokker, bringer vi b\u00e5de komfort og omtanke for milj\u00f8et ind i din hverdag. Disse sokker er ikke bare en modeerkl\u00e6ring; de repr\u00e6senterer en bevidst beslutning om at v\u00e6lge produkter, der tager hensyn til vores planet. Vores b\u00e6redygtige bambus sokker er fremstillet af naturlige materialer, der ikke kun er bl\u00f8de og behagelige, men ogs\u00e5 sk\u00e5nsomme mod milj\u00f8et. Med deres naturlige antibakterielle egenskaber sikrer disse sokker, at dine f\u00f8dder forbliver friske og sunde hele dagen. S\u00e5 hvis du \u00f8nsker at tr\u00e6de ind i en gr\u00f8nnere fremtid, mens du stadig bevarer din komfort og stil, er vores b\u00e6redygtige bambus sokker det perfekte valg. G\u00e5 gr\u00f8nt med hvert skridt, og lad vores sokker v\u00e6re din partner p\u00e5 vejen mod en mere b\u00e6redygtig livsstil.<\/p>\n<h2>FLERE TILBUD<\/h2>\n<p><a href=\"https:\/\/zlcopenhagen.com\/da\/produkt\/herresokker-hoej-kvalitet-stilfuld-luksurioes-komfort\/\" target=\"_blank\" rel=\"noopener\">Vil du hellere k\u00f8be 10 par, s\u00e5 se her<\/a><\/p>\n<p><a href=\"https:\/\/zlcopenhagen.com\/da\/produkt\/30-pak-bambus-sokker\/\" target=\"_blank\" rel=\"noopener\">Evt kan du k\u00f8be 30 par, samlet i et<\/a><\/p>\n<p>[\/spb_text_block]<\/p>\n","protected":false},"excerpt":{"rendered":"<p><strong data-start=\"191\" data-end=\"279\">Fork\u00e6l dine f\u00f8dder med sorte bambus sokker til m\u00e6nd \u2013 bl\u00f8de, \u00e5ndbare og b\u00e6redygtige.<\/strong><br data-start=\"279\" data-end=\"282\" \/>N\u00e5r du tr\u00e6der ud i verden, fortjener du sokker, der f\u00f8les som luksus mod huden. Vores sorte bambus sokker kombinerer elegance og funktionalitet: de absorberer fugt, holder f\u00f8dderne friske og regulerer temperaturen \u00e5ret rundt. Bambusfibrene er naturligt antibakterielle og sk\u00e5nsomme mod sart hud \u2013 perfekt til dig, der n\u00e6gter at g\u00e5 p\u00e5 kompromis med komfort.<br data-start=\"638\" data-end=\"641\" \/>Produceret i EU og certificeret fri for skadelige kemikalier.<br data-start=\"702\" data-end=\"705\" \/>V\u00e6lg ZLCOPENHAGEN\u2019s bambus sokker i 30-pak \u2013 til arbejde, fritid og alt imellem.<br data-start=\"785\" data-end=\"788\" \/>Lette, luksuri\u00f8se og milj\u00f8venlige \u2013 et par, og du m\u00e6rker forskellen.<\/p>\n","protected":false},"featured_media":25979,"comment_status":"closed","ping_status":"closed","template":"","meta":[],"product_brand":[],"product_cat":[130,117],"product_tag":[341,487],"class_list":{"0":"post-21474","1":"product","2":"type-product","3":"status-publish","4":"has-post-thumbnail","6":"product_cat-deals-og-tilbud","7":"product_cat-baeredygtige-stroemper-og-sokker","8":"product_tag-bamboo-da","9":"product_tag-socks-da","11":"first","12":"instock","13":"taxable","14":"shipping-taxable","15":"purchasable","16":"product-type-simple"},"yoast_head":"<!-- This site is optimized with the Yoast SEO Premium plugin v26.6 (Yoast SEO v27.4) - https:\/\/yoast.com\/product\/yoast-seo-premium-wordpress\/ -->\n<title>Sorte bambus sokker til m\u00e6nd \u2013 bl\u00f8de, svedabsorberende &amp; b\u00e6redygtige<\/title>\n<meta name=\"description\" content=\"Fork\u00e6l dine f\u00f8dder med sorte bambus sokker til m\u00e6nd fra ZLCOPENHAGEN. Bl\u00f8de, \u00e5ndbare &amp; svedabsorberende str\u00f8mper i b\u00e6redygtig kvalitet \u2013 komfort hele dagen.\" \/>\n<meta name=\"robots\" content=\"index, follow, max-snippet:-1, max-image-preview:large, max-video-preview:-1\" \/>\n<link rel=\"canonical\" href=\"https:\/\/zlcopenhagen.com\/da\/produkt\/sorte-bambus-sokker-til-maend-30-pak\/\" \/>\n<meta property=\"og:locale\" content=\"da_DK\" \/>\n<meta property=\"og:type\" content=\"article\" \/>\n<meta property=\"og:title\" content=\"EKSKLUSIVE SORTE BAMBUS SOKKER TIL M\u00c6ND \u2013 B\u00c6REDYGTIG KOMFORT I 30-PAK\" \/>\n<meta property=\"og:description\" content=\"Fork\u00e6l dine f\u00f8dder med sorte bambus sokker til m\u00e6nd fra ZLCOPENHAGEN. Bl\u00f8de, \u00e5ndbare &amp; svedabsorberende str\u00f8mper i b\u00e6redygtig kvalitet \u2013 komfort hele dagen.\" \/>\n<meta property=\"og:url\" content=\"https:\/\/zlcopenhagen.com\/da\/produkt\/sorte-bambus-sokker-til-maend-30-pak\/\" \/>\n<meta property=\"og:site_name\" content=\"zlcopenhagen.com\" \/>\n<meta property=\"article:modified_time\" content=\"2025-10-24T20:27:24+00:00\" \/>\n<meta property=\"og:image\" content=\"https:\/\/zlcopenhagen.com\/wp-content\/uploads\/2016\/12\/Socks-1.jpg\" \/>\n\t<meta property=\"og:image:width\" content=\"1000\" \/>\n\t<meta property=\"og:image:height\" content=\"1474\" \/>\n\t<meta property=\"og:image:type\" content=\"image\/jpeg\" \/>\n<meta name=\"twitter:card\" content=\"summary_large_image\" \/>\n<meta name=\"twitter:label1\" content=\"Pris\" \/>\n\t<meta name=\"twitter:data1\" content=\"&#036;&nbsp;56\" \/>\n\t<meta name=\"twitter:label2\" content=\"Tilg\u00e6ngelighed\" \/>\n\t<meta name=\"twitter:data2\" content=\"P\u00e5 lager\" \/>\n<meta property=\"product:price:amount\" content=\"56\" \/>\n<meta property=\"product:price:currency\" content=\"USD\" \/>\n<meta property=\"og:availability\" content=\"instock\" \/>\n<meta property=\"product:availability\" content=\"instock\" \/>\n<meta property=\"product:condition\" content=\"new\" \/>\n<!-- \/ Yoast SEO Premium plugin. -->","yoast_head_json":{"title":"Sorte bambus sokker til m\u00e6nd \u2013 bl\u00f8de, svedabsorberende & b\u00e6redygtige","description":"Fork\u00e6l dine f\u00f8dder med sorte bambus sokker til m\u00e6nd fra ZLCOPENHAGEN. Bl\u00f8de, \u00e5ndbare & svedabsorberende str\u00f8mper i b\u00e6redygtig kvalitet \u2013 komfort hele dagen.","robots":{"index":"index","follow":"follow","max-snippet":"max-snippet:-1","max-image-preview":"max-image-preview:large","max-video-preview":"max-video-preview:-1"},"canonical":"https:\/\/zlcopenhagen.com\/da\/produkt\/sorte-bambus-sokker-til-maend-30-pak\/","og_locale":"da_DK","og_type":"article","og_title":"EKSKLUSIVE SORTE BAMBUS SOKKER TIL M\u00c6ND \u2013 B\u00c6REDYGTIG KOMFORT I 30-PAK","og_description":"Fork\u00e6l dine f\u00f8dder med sorte bambus sokker til m\u00e6nd fra ZLCOPENHAGEN. Bl\u00f8de, \u00e5ndbare & svedabsorberende str\u00f8mper i b\u00e6redygtig kvalitet \u2013 komfort hele dagen.","og_url":"https:\/\/zlcopenhagen.com\/da\/produkt\/sorte-bambus-sokker-til-maend-30-pak\/","og_site_name":"zlcopenhagen.com","article_modified_time":"2025-10-24T20:27:24+00:00","og_image":[{"width":1000,"height":1474,"url":"https:\/\/zlcopenhagen.com\/wp-content\/uploads\/2016\/12\/Socks-1.jpg","type":"image\/jpeg"}],"twitter_card":"summary_large_image","twitter_misc":{"Pris":"&#36;&nbsp;56","Tilg\u00e6ngelighed":"P\u00e5 lager"},"schema":{"@context":"https:\/\/schema.org","@graph":[{"@type":["WebPage","ItemPage"],"@id":"https:\/\/zlcopenhagen.com\/da\/produkt\/sorte-bambus-sokker-til-maend-30-pak\/","url":"https:\/\/zlcopenhagen.com\/da\/produkt\/sorte-bambus-sokker-til-maend-30-pak\/","name":"Sorte bambus sokker til m\u00e6nd \u2013 bl\u00f8de, svedabsorberende & b\u00e6redygtige","isPartOf":{"@id":"https:\/\/zlcopenhagen.com\/#website"},"primaryImageOfPage":{"@id":"https:\/\/zlcopenhagen.com\/da\/produkt\/sorte-bambus-sokker-til-maend-30-pak\/#primaryimage"},"image":{"@id":"https:\/\/zlcopenhagen.com\/da\/produkt\/sorte-bambus-sokker-til-maend-30-pak\/#primaryimage"},"thumbnailUrl":"https:\/\/zlcopenhagen.com\/wp-content\/uploads\/2016\/12\/Socks-1.jpg","datePublished":"2017-07-21T17:19:38+00:00","dateModified":"2025-10-24T20:27:24+00:00","description":"Fork\u00e6l dine f\u00f8dder med sorte bambus sokker til m\u00e6nd fra ZLCOPENHAGEN. Bl\u00f8de, \u00e5ndbare & svedabsorberende str\u00f8mper i b\u00e6redygtig kvalitet \u2013 komfort hele dagen.","breadcrumb":{"@id":"https:\/\/zlcopenhagen.com\/da\/produkt\/sorte-bambus-sokker-til-maend-30-pak\/#breadcrumb"},"inLanguage":"da-DK","potentialAction":[{"@type":"ReadAction","target":["https:\/\/zlcopenhagen.com\/da\/produkt\/sorte-bambus-sokker-til-maend-30-pak\/"]}]},{"@type":"ImageObject","inLanguage":"da-DK","@id":"https:\/\/zlcopenhagen.com\/da\/produkt\/sorte-bambus-sokker-til-maend-30-pak\/#primaryimage","url":"https:\/\/zlcopenhagen.com\/wp-content\/uploads\/2016\/12\/Socks-1.jpg","contentUrl":"https:\/\/zlcopenhagen.com\/wp-content\/uploads\/2016\/12\/Socks-1.jpg","width":1000,"height":1474,"caption":"Socks Bamboo - Bambus sokker"},{"@type":"BreadcrumbList","@id":"https:\/\/zlcopenhagen.com\/da\/produkt\/sorte-bambus-sokker-til-maend-30-pak\/#breadcrumb","itemListElement":[{"@type":"ListItem","position":1,"name":"Home","item":"https:\/\/zlcopenhagen.com\/da\/"},{"@type":"ListItem","position":2,"name":"Shop","item":"https:\/\/zlcopenhagen.com\/da\/shop\/"},{"@type":"ListItem","position":3,"name":"EKSKLUSIVE SORTE BAMBUS SOKKER TIL M\u00c6ND \u2013 B\u00c6REDYGTIG KOMFORT I 30-PAK"}]},{"@type":"WebSite","@id":"https:\/\/zlcopenhagen.com\/#website","url":"https:\/\/zlcopenhagen.com\/","name":"zlcopenhagen.com","description":"","publisher":{"@id":"https:\/\/zlcopenhagen.com\/#organization"},"potentialAction":[{"@type":"SearchAction","target":{"@type":"EntryPoint","urlTemplate":"https:\/\/zlcopenhagen.com\/?s={search_term_string}"},"query-input":{"@type":"PropertyValueSpecification","valueRequired":true,"valueName":"search_term_string"}}],"inLanguage":"da-DK"},{"@type":["Organization","Place"],"@id":"https:\/\/zlcopenhagen.com\/#organization","name":"ZLCOPENHAGEN","alternateName":"ZLCOPENHAGEN","url":"https:\/\/zlcopenhagen.com\/","logo":{"@id":"https:\/\/zlcopenhagen.com\/da\/produkt\/sorte-bambus-sokker-til-maend-30-pak\/#local-main-organization-logo"},"image":{"@id":"https:\/\/zlcopenhagen.com\/da\/produkt\/sorte-bambus-sokker-til-maend-30-pak\/#local-main-organization-logo"},"sameAs":["https:\/\/www.youtube.com\/channel\/UCy7JINwB6DMr2fA9yHpDQJg"],"telephone":[],"openingHoursSpecification":[{"@type":"OpeningHoursSpecification","dayOfWeek":["Monday","Tuesday","Wednesday","Thursday","Friday","Saturday","Sunday"],"opens":"09:00","closes":"17:00"}]},{"@type":"ImageObject","inLanguage":"da-DK","@id":"https:\/\/zlcopenhagen.com\/da\/produkt\/sorte-bambus-sokker-til-maend-30-pak\/#local-main-organization-logo","url":"https:\/\/zlcopenhagen.com\/wp-content\/uploads\/2016\/05\/blog-logo.jpg","contentUrl":"https:\/\/zlcopenhagen.com\/wp-content\/uploads\/2016\/05\/blog-logo.jpg","width":68,"height":68,"caption":"ZLCOPENHAGEN"}]},"product_price_amount":"56","product_price_currency":"USD","og_availability":"instock","product_availability":"instock","product_condition":"new"},"_links":{"self":[{"href":"https:\/\/zlcopenhagen.com\/da\/wp-json\/wp\/v2\/product\/21474","targetHints":{"allow":["GET"]}}],"collection":[{"href":"https:\/\/zlcopenhagen.com\/da\/wp-json\/wp\/v2\/product"}],"about":[{"href":"https:\/\/zlcopenhagen.com\/da\/wp-json\/wp\/v2\/types\/product"}],"replies":[{"embeddable":true,"href":"https:\/\/zlcopenhagen.com\/da\/wp-json\/wp\/v2\/comments?post=21474"}],"wp:featuredmedia":[{"embeddable":true,"href":"https:\/\/zlcopenhagen.com\/da\/wp-json\/wp\/v2\/media\/25979"}],"wp:attachment":[{"href":"https:\/\/zlcopenhagen.com\/da\/wp-json\/wp\/v2\/media?parent=21474"}],"wp:term":[{"taxonomy":"product_brand","embeddable":true,"href":"https:\/\/zlcopenhagen.com\/da\/wp-json\/wp\/v2\/product_brand?post=21474"},{"taxonomy":"product_cat","embeddable":true,"href":"https:\/\/zlcopenhagen.com\/da\/wp-json\/wp\/v2\/product_cat?post=21474"},{"taxonomy":"product_tag","embeddable":true,"href":"https:\/\/zlcopenhagen.com\/da\/wp-json\/wp\/v2\/product_tag?post=21474"}],"curies":[{"name":"wp","href":"https:\/\/api.w.org\/{rel}","templated":true}]}}