{"id":20942,"date":"2016-07-19T07:18:04","date_gmt":"2016-07-19T06:18:04","guid":{"rendered":"https:\/\/zlcopenhagen.com\/product\/zlc-grey-swimwear\/"},"modified":"2021-08-25T12:39:50","modified_gmt":"2021-08-25T11:39:50","slug":"zlc-badebukser-graa-vendbar-recycled","status":"publish","type":"product","link":"https:\/\/zlcopenhagen.com\/da\/produkt\/zlc-badebukser-graa-vendbar-recycled\/","title":{"rendered":"ZLC BADEBUKSER GR\u00c5 VENDBAR RECYCLED"},"content":{"rendered":"<p>[spb_tabs tabs_type=&#8221;standard&#8221; center_tabs=&#8221;no&#8221; width=&#8221;1\/1&#8243; el_position=&#8221;first last&#8221;] [spb_tab title=&#8221;Produkt&#8221; icon=&#8221;&#8221; id=&#8221;Produkt&#8221;] [spb_text_block animation=&#8221;none&#8221; animation_delay=&#8221;0&#8243; simplified_controls=&#8221;yes&#8221; custom_css_percentage=&#8221;no&#8221; padding_vertical=&#8221;0&#8243; padding_horizontal=&#8221;0&#8243; margin_vertical=&#8221;0&#8243; custom_css=&#8221;margin-top: 0px;margin-bottom: 0px;&#8221; border_size=&#8221;0&#8243; border_styling_global=&#8221;default&#8221; width=&#8221;1\/1&#8243; el_position=&#8221;first last&#8221;]<\/p>\n<h2>BADEBUKSER GR\u00c5 VENDBAR RECYCLED<\/h2>\n<p>ZLC Badebukser gr\u00e5 Vendbar Recycled, se vores kollektion lige <strong><a href=\"\/?product_cat=econyl-badebukser\" target=\"_blank\" rel=\"noopener\">her<\/a><\/strong>.<\/p>\n<p>Vi elsker at forvandle plast affald til badebukser. Disse l\u00e6kre gr\u00e5 farvede badebukser fra vores kollektion er lavet af Econyl\u00ae \u2013 nylonfiber, der er 100% genanvendt fra rester fra industrielle processer og kasserede brugsgenstande som fiskenet, gulvt\u00e6pper og tekstiler.<\/p>\n<p>Genbrugspladserne er fyldt op med plast affald, som fiskenet, plast, gulv t\u00e6pper og gamle tekstilrester. Men nu bliver plast affald til eftertragtede r\u00e5varer. Med nye metoder, kan man i dag genbruge i stedet for at producere nyt igen. Derfor er dit affald guld v\u00e6rd, fordi man er klar til at producere nye tekstiler af gammelt plast affald. Vis dit badet\u00f8j stolt frem med god samvittighed.<\/p>\n<p>L\u00e6s mere om ECONYL <a href=\"http:\/\/www.econyl.com\/\" target=\"_blank\" rel=\"noopener\">her<\/a>.<\/p>\n<p>[\/spb_text_block] [\/spb_tab] [spb_tab title=&#8221;Materiale&#8221; icon=&#8221;&#8221; id=&#8221;Materiale&#8221;] [spb_text_block animation=&#8221;none&#8221; animation_delay=&#8221;0&#8243; simplified_controls=&#8221;yes&#8221; custom_css_percentage=&#8221;no&#8221; padding_vertical=&#8221;0&#8243; padding_horizontal=&#8221;0&#8243; margin_vertical=&#8221;0&#8243; custom_css=&#8221;margin-top: 0px;margin-bottom: 0px;&#8221; border_size=&#8221;0&#8243; border_styling_global=&#8221;default&#8221; width=&#8221;1\/1&#8243; el_position=&#8221;first last&#8221;]<\/p>\n<ul>\n<li>78% Recycled Nylon ECONYL\u00ae &amp; 22% Elastane XTRA LIFE LYCRA\u00ae<\/li>\n<li>Oeko-Tex\u00ae Standard 100<\/li>\n<li>Pilling resistant &amp; resistant to suntan creams &amp; oils<\/li>\n<li>2-way stretch for perfect fit &amp; extreme soft feeling<\/li>\n<li>Polyamide contrast colouring lining<\/li>\n<li>UPF 50+ UV protection &amp; Ultra chlorine resistant<\/li>\n<\/ul>\n<p>[\/spb_text_block] [\/spb_tab] [spb_tab title=&#8221;Vaskeanvisning&#8221; icon=&#8221;&#8221; id=&#8221;Vaskeanvisning&#8221;] [spb_text_block animation=&#8221;none&#8221; animation_delay=&#8221;0&#8243; padding_vertical=&#8221;0&#8243; padding_horizontal=&#8221;0&#8243; width=&#8221;1\/1&#8243; el_position=&#8221;first last&#8221;]<\/p>\n<h3>V\u00c6R LIDT BLID MOD NATUREN<\/h3>\n<p>Vask dine l\u00e6kre badebukser sk\u00e5nsomt, gerne i h\u00e5nden. Det vil betyde, at du vil nyde dem langt mere, og de vil holde l\u00e6ngere. Du vil ogs\u00e5 g\u00f8re en bj\u00f8rnetjeneste for milj\u00f8et.<\/p>\n<p>Vaske dem evt ved at l\u00e6gge dem i bl\u00f8d de n\u00e6ste 20 minutter, og derefter tils\u00e6t lidt vaskemiddle, og arbejde dem igennem s\u00e6bevandet langtsomt et par minutter. Skyl dem derefter, og evt l\u00e6g dem flat, p\u00e5 et h\u00e5ndkl\u00e6de, s\u00e5ledes de bevarer formen.<\/p>\n<p>Du kan sagtesn vaske dem i maskinen, men det vil vi frar\u00e5de. Hellere fork\u00e6l dem med lidt k\u00e6rlighed. For at undg\u00e5 at mikroplast ikke ender ud i havet, s\u00e5 brug evt vaskepose fra <a title=\"GuppyFriend Vaskepose mod mikroplast\" href=\"https:\/\/en.guppyfriend.com\/\" target=\"_blank\" rel=\"noopener noreferrer\">GuppyFriend Vaskepose<\/a><\/p>\n<p>En simpel og billig l\u00f8sning, praktisk, der g\u00f8r, at den frigivne mikroplast under vask, ikke bliver skyllet ud i grundvandet, eller floder.<\/p>\n<p>[\/spb_text_block] [\/spb_tab] [spb_tab title=&#8221;St\u00f8rrelse&#8221; icon=&#8221;&#8221; id=&#8221;Strrelse&#8221;] [spb_text_block animation=&#8221;none&#8221; animation_delay=&#8221;0&#8243; padding_vertical=&#8221;0&#8243; padding_horizontal=&#8221;0&#8243; width=&#8221;1\/1&#8243; el_position=&#8221;first last&#8221;]<\/p>\n<h3>FOR ALLE<\/h3>\n<ul>\n<li>F\u00e5s fra st\u00f8rrelse S til L. Bes\u00f8g ogs\u00e5 vores\u00a0<a href=\"https:\/\/zlcopenhagen.com\/da\/stoerrelsesguide\/\" target=\"_blank\" rel=\"noopener\">St\u00f8rrelses Guide<\/a><\/li>\n<li>F\u00f8lger fr\u00e6kt kroppens konturlinjer, og sidder t\u00e6t til kroppen<\/li>\n<li>F\u00f8les behageligt mod huden<\/li>\n<li>Standard l\u00e6ngde<\/li>\n<\/ul>\n<p>[\/spb_text_block] [\/spb_tab] [spb_tab title=&#8221;Recycled nylon&#8221; icon=&#8221;&#8221; id=&#8221;Recyclednylon&#8221;] [spb_video link=&#8221;https:\/\/www.youtube.com\/watch?v=IcAsyIu9o38&#8243; remove_related=&#8221;yes&#8221; autoplay=&#8221;no&#8221; full_width=&#8221;no&#8221; width=&#8221;1\/1&#8243; el_position=&#8221;first last&#8221;] [\/spb_tab] [\/spb_tabs]<\/p>\n","protected":false},"excerpt":{"rendered":"<div class=\"short-description\">\n<div class=\"std\">\n<div class=\"short-description\">\n<div class=\"std\"><\/div>\n<\/div>\n<div class=\"row-product\"><\/div>\n<\/div>\n<\/div>\n<div class=\"row-product\"><\/div>\n","protected":false},"featured_media":18033,"comment_status":"closed","ping_status":"closed","template":"","meta":[],"product_brand":[],"product_cat":[127],"product_tag":[200],"class_list":{"0":"post-20942","1":"product","2":"type-product","3":"status-publish","4":"has-post-thumbnail","6":"product_cat-baeredygtige-badebukser-maend","7":"product_tag-swimwear-da","9":"first","10":"instock","11":"taxable","12":"shipping-taxable","13":"purchasable","14":"product-type-variable","15":"has-default-attributes"},"yoast_head":"<!-- This site is optimized with the Yoast SEO Premium plugin v26.6 (Yoast SEO v27.4) - https:\/\/yoast.com\/product\/yoast-seo-premium-wordpress\/ -->\n<title>ZLC Badebukser gr\u00e5 vendbar recycled | Dansk Design | Milj\u00f8venlige<\/title>\n<meta name=\"description\" content=\"ZLC Badebukser gr\u00e5 | Regenereret ECONYL\u00ae nylon garn til fremstilling af stof, der indg\u00e5r i vores kollektion. Oeko-Tex certificeret\" \/>\n<meta name=\"robots\" content=\"index, follow, max-snippet:-1, max-image-preview:large, max-video-preview:-1\" \/>\n<link rel=\"canonical\" href=\"https:\/\/zlcopenhagen.com\/da\/produkt\/zlc-badebukser-graa-vendbar-recycled\/\" \/>\n<meta property=\"og:locale\" content=\"da_DK\" \/>\n<meta property=\"og:type\" content=\"article\" \/>\n<meta property=\"og:title\" content=\"ZLC BADEBUKSER GR\u00c5 VENDBAR RECYCLED\" \/>\n<meta property=\"og:description\" content=\"ZLC Badebukser gr\u00e5 | Regenereret ECONYL\u00ae nylon garn til fremstilling af stof, der indg\u00e5r i vores kollektion. Oeko-Tex certificeret\" \/>\n<meta property=\"og:url\" content=\"https:\/\/zlcopenhagen.com\/da\/produkt\/zlc-badebukser-graa-vendbar-recycled\/\" \/>\n<meta property=\"og:site_name\" content=\"zlcopenhagen.com\" \/>\n<meta property=\"article:modified_time\" content=\"2021-08-25T11:39:50+00:00\" \/>\n<meta property=\"og:image\" content=\"https:\/\/zlcopenhagen.com\/wp-content\/uploads\/2016\/07\/ZLC-SWIMWEAR-GREY-Front-3.jpg\" \/>\n\t<meta property=\"og:image:width\" content=\"2328\" \/>\n\t<meta property=\"og:image:height\" content=\"2328\" \/>\n\t<meta property=\"og:image:type\" content=\"image\/jpeg\" \/>\n<meta name=\"twitter:card\" content=\"summary_large_image\" \/>\n<meta name=\"twitter:label1\" content=\"Tilg\u00e6ngelighed\" \/>\n\t<meta name=\"twitter:data1\" content=\"P\u00e5 lager\" \/>\n<meta property=\"og:availability\" content=\"instock\" \/>\n<meta property=\"product:availability\" content=\"instock\" \/>\n<meta property=\"product:retailer_item_id\" content=\"OFSW07\" \/>\n<meta property=\"product:condition\" content=\"new\" \/>\n<!-- \/ Yoast SEO Premium plugin. -->","yoast_head_json":{"title":"ZLC Badebukser gr\u00e5 vendbar recycled | Dansk Design | Milj\u00f8venlige","description":"ZLC Badebukser gr\u00e5 | Regenereret ECONYL\u00ae nylon garn til fremstilling af stof, der indg\u00e5r i vores kollektion. Oeko-Tex certificeret","robots":{"index":"index","follow":"follow","max-snippet":"max-snippet:-1","max-image-preview":"max-image-preview:large","max-video-preview":"max-video-preview:-1"},"canonical":"https:\/\/zlcopenhagen.com\/da\/produkt\/zlc-badebukser-graa-vendbar-recycled\/","og_locale":"da_DK","og_type":"article","og_title":"ZLC BADEBUKSER GR\u00c5 VENDBAR RECYCLED","og_description":"ZLC Badebukser gr\u00e5 | Regenereret ECONYL\u00ae nylon garn til fremstilling af stof, der indg\u00e5r i vores kollektion. Oeko-Tex certificeret","og_url":"https:\/\/zlcopenhagen.com\/da\/produkt\/zlc-badebukser-graa-vendbar-recycled\/","og_site_name":"zlcopenhagen.com","article_modified_time":"2021-08-25T11:39:50+00:00","og_image":[{"width":2328,"height":2328,"url":"https:\/\/zlcopenhagen.com\/wp-content\/uploads\/2016\/07\/ZLC-SWIMWEAR-GREY-Front-3.jpg","type":"image\/jpeg"}],"twitter_card":"summary_large_image","twitter_misc":{"Tilg\u00e6ngelighed":"P\u00e5 lager"},"schema":{"@context":"https:\/\/schema.org","@graph":[{"@type":"WebPage","@id":"https:\/\/zlcopenhagen.com\/da\/produkt\/zlc-badebukser-graa-vendbar-recycled\/","url":"https:\/\/zlcopenhagen.com\/da\/produkt\/zlc-badebukser-graa-vendbar-recycled\/","name":"ZLC Badebukser gr\u00e5 vendbar recycled | Dansk Design | Milj\u00f8venlige","isPartOf":{"@id":"https:\/\/zlcopenhagen.com\/#website"},"primaryImageOfPage":{"@id":"https:\/\/zlcopenhagen.com\/da\/produkt\/zlc-badebukser-graa-vendbar-recycled\/#primaryimage"},"image":{"@id":"https:\/\/zlcopenhagen.com\/da\/produkt\/zlc-badebukser-graa-vendbar-recycled\/#primaryimage"},"thumbnailUrl":"https:\/\/zlcopenhagen.com\/wp-content\/uploads\/2016\/07\/ZLC-SWIMWEAR-GREY-Front-3.jpg","datePublished":"2016-07-19T06:18:04+00:00","dateModified":"2021-08-25T11:39:50+00:00","description":"ZLC Badebukser gr\u00e5 | Regenereret ECONYL\u00ae nylon garn til fremstilling af stof, der indg\u00e5r i vores kollektion. Oeko-Tex certificeret","breadcrumb":{"@id":"https:\/\/zlcopenhagen.com\/da\/produkt\/zlc-badebukser-graa-vendbar-recycled\/#breadcrumb"},"inLanguage":"da-DK","potentialAction":[{"@type":"ReadAction","target":["https:\/\/zlcopenhagen.com\/da\/produkt\/zlc-badebukser-graa-vendbar-recycled\/"]}]},{"@type":"ImageObject","inLanguage":"da-DK","@id":"https:\/\/zlcopenhagen.com\/da\/produkt\/zlc-badebukser-graa-vendbar-recycled\/#primaryimage","url":"https:\/\/zlcopenhagen.com\/wp-content\/uploads\/2016\/07\/ZLC-SWIMWEAR-GREY-Front-3.jpg","contentUrl":"https:\/\/zlcopenhagen.com\/wp-content\/uploads\/2016\/07\/ZLC-SWIMWEAR-GREY-Front-3.jpg","width":2328,"height":2328,"caption":"ZLC Badebukser gr\u00e5 | Regenereret ECONYL\u00ae nylon garn til fremstilling af stof, der indg\u00e5r i vores kollektion. Oeko-Tex certificeret"},{"@type":"BreadcrumbList","@id":"https:\/\/zlcopenhagen.com\/da\/produkt\/zlc-badebukser-graa-vendbar-recycled\/#breadcrumb","itemListElement":[{"@type":"ListItem","position":1,"name":"Home","item":"https:\/\/zlcopenhagen.com\/da\/"},{"@type":"ListItem","position":2,"name":"Shop","item":"https:\/\/zlcopenhagen.com\/da\/shop\/"},{"@type":"ListItem","position":3,"name":"ZLC BADEBUKSER GR\u00c5 VENDBAR RECYCLED"}]},{"@type":"WebSite","@id":"https:\/\/zlcopenhagen.com\/#website","url":"https:\/\/zlcopenhagen.com\/","name":"zlcopenhagen.com","description":"","publisher":{"@id":"https:\/\/zlcopenhagen.com\/#organization"},"potentialAction":[{"@type":"SearchAction","target":{"@type":"EntryPoint","urlTemplate":"https:\/\/zlcopenhagen.com\/?s={search_term_string}"},"query-input":{"@type":"PropertyValueSpecification","valueRequired":true,"valueName":"search_term_string"}}],"inLanguage":"da-DK"},{"@type":["Organization","Place"],"@id":"https:\/\/zlcopenhagen.com\/#organization","name":"ZLCOPENHAGEN","alternateName":"ZLCOPENHAGEN","url":"https:\/\/zlcopenhagen.com\/","logo":{"@id":"https:\/\/zlcopenhagen.com\/da\/produkt\/zlc-badebukser-graa-vendbar-recycled\/#local-main-organization-logo"},"image":{"@id":"https:\/\/zlcopenhagen.com\/da\/produkt\/zlc-badebukser-graa-vendbar-recycled\/#local-main-organization-logo"},"sameAs":["https:\/\/www.youtube.com\/channel\/UCy7JINwB6DMr2fA9yHpDQJg"],"telephone":[],"openingHoursSpecification":[{"@type":"OpeningHoursSpecification","dayOfWeek":["Monday","Tuesday","Wednesday","Thursday","Friday","Saturday","Sunday"],"opens":"09:00","closes":"17:00"}]},{"@type":"ImageObject","inLanguage":"da-DK","@id":"https:\/\/zlcopenhagen.com\/da\/produkt\/zlc-badebukser-graa-vendbar-recycled\/#local-main-organization-logo","url":"https:\/\/zlcopenhagen.com\/wp-content\/uploads\/2016\/05\/blog-logo.jpg","contentUrl":"https:\/\/zlcopenhagen.com\/wp-content\/uploads\/2016\/05\/blog-logo.jpg","width":68,"height":68,"caption":"ZLCOPENHAGEN"}]},"og_availability":"instock","product_availability":"instock","product_retailer_item_id":"OFSW07","product_condition":"new"},"_links":{"self":[{"href":"https:\/\/zlcopenhagen.com\/da\/wp-json\/wp\/v2\/product\/20942","targetHints":{"allow":["GET"]}}],"collection":[{"href":"https:\/\/zlcopenhagen.com\/da\/wp-json\/wp\/v2\/product"}],"about":[{"href":"https:\/\/zlcopenhagen.com\/da\/wp-json\/wp\/v2\/types\/product"}],"replies":[{"embeddable":true,"href":"https:\/\/zlcopenhagen.com\/da\/wp-json\/wp\/v2\/comments?post=20942"}],"wp:featuredmedia":[{"embeddable":true,"href":"https:\/\/zlcopenhagen.com\/da\/wp-json\/wp\/v2\/media\/18033"}],"wp:attachment":[{"href":"https:\/\/zlcopenhagen.com\/da\/wp-json\/wp\/v2\/media?parent=20942"}],"wp:term":[{"taxonomy":"product_brand","embeddable":true,"href":"https:\/\/zlcopenhagen.com\/da\/wp-json\/wp\/v2\/product_brand?post=20942"},{"taxonomy":"product_cat","embeddable":true,"href":"https:\/\/zlcopenhagen.com\/da\/wp-json\/wp\/v2\/product_cat?post=20942"},{"taxonomy":"product_tag","embeddable":true,"href":"https:\/\/zlcopenhagen.com\/da\/wp-json\/wp\/v2\/product_tag?post=20942"}],"curies":[{"name":"wp","href":"https:\/\/api.w.org\/{rel}","templated":true}]}}