{"id":20163,"date":"2017-01-24T05:36:28","date_gmt":"2017-01-24T04:36:28","guid":{"rendered":"https:\/\/zlcopenhagen.com\/produkt\/zlc-okklusions-baand\/?lang=da"},"modified":"2026-01-16T23:02:12","modified_gmt":"2026-01-16T22:02:12","slug":"okklusion-traenings-baand-til-arme-med-plast-spaende","status":"publish","type":"product","link":"https:\/\/zlcopenhagen.com\/da\/produkt\/okklusion-traenings-baand-til-arme-med-plast-spaende\/","title":{"rendered":"ZLC OKKLUSION TR\u00c6NINGS B\u00c5ND TIL ARME MED PLAST SP\u00c6NDE"},"content":{"rendered":"<p>[spb_tabs tabs_type=&#8221;standard&#8221; center_tabs=&#8221;no&#8221; width=&#8221;1\/1&#8243; el_position=&#8221;first last&#8221;] [spb_tab title=&#8221;Produkt&#8221; icon=&#8221;&#8221; id=&#8221;Produkt&#8221;] [spb_text_block animation=&#8221;none&#8221; animation_delay=&#8221;0&#8243; simplified_controls=&#8221;yes&#8221; custom_css_percentage=&#8221;no&#8221; padding_vertical=&#8221;0&#8243; padding_horizontal=&#8221;0&#8243; margin_vertical=&#8221;0&#8243; custom_css=&#8221;margin-top: 0px;margin-bottom: 0px;&#8221; border_size=&#8221;0&#8243; border_styling_global=&#8221;default&#8221; width=&#8221;1\/1&#8243; el_position=&#8221;first last&#8221;]<\/p>\n<h3>OKKLUSION TR\u00c6NINGS B\u00c5ND FRA ZLCOPENHAGEN<\/h3>\n<p>Okklusionstr\u00e6nings b\u00e5nd, Dansk Design og slidst\u00e6rke b\u00e5nd fra ZLCOPENHAGEN. Vi bruger ikke det almindelige wrist wraps materiale, der typisk best\u00e5r af 80% bomuld og 20% gummi til okklusion tr\u00e6ning. Vores er lavet af absolut det kraftigste p\u00e5 markedet, der giver et mere solidt fast greb, b\u00e5de til arme og ben. Indeholder 50% polyester og 50% gummi.<\/p>\n<h3>HVAD ER FORDELEN?<\/h3>\n<p>Fordelen er, at du kan tr\u00e6ne med lav intensitet, i forhold til tung intensitet, hvor du belaster dine muskler maksimalt. Da du ikke belaster dine muskelgrupper maksimalt, kan du med fordel bruge vores kendte ZLC Okklusionsb\u00e5nd, for eksempel under genoptr\u00e6ning. Her kan man samtidig aflaste sine sener og led, igennem okklusion af muskelgrupper, som arme, eller ben, der opst\u00e5r ved at stramme omr\u00e5det med et b\u00e5nd eller strop.\u00a0 Da man tr\u00e6ner med lav intensitet, er dr mindre skade risiko, og samtidig en simpel for tr\u00e6ning med flere gentagelser.<\/p>\n<ul>\n<li>S\u00e6lges i par, 2 b\u00e5nd, et til hver arm<\/li>\n<li>Sort plastiksp\u00e6nde i solid kraftig plast<\/li>\n<li>Nem lukkemekanisme<\/li>\n<li>Nem tr\u00e6ningsform, og lav skaderisiko<\/li>\n<li>Dansk Design<\/li>\n<li>Produceret med stolte h\u00e5ndv\u00e6rks traditioner fra Sialkot, Pakistan<\/li>\n<\/ul>\n<h3>OKKLUSION TR\u00c6NINGS B\u00c5ND &#8211; HVORDAN VIRKER DE?<\/h3>\n<p>Fordelen er at man tr\u00e6ner med lav tr\u00e6ningsbelastning, og samtidig forhindre i tilbage str\u00f8mning af blodet, s\u00e5ledes at blodet bliver l\u00e6ngere tid i de omr\u00e5der, hvor tr\u00e6ning fokuseres p\u00e5. L\u00e6s mere om det p\u00e5 engelsk i <a href=\"https:\/\/zlcopenhagen.com\/occlusion-training\/\" target=\"_blank\" rel=\"noopener\">bloggen<\/a>.<\/p>\n<p>Kaatsu-tr\u00e6ning er den perfekte form for tr\u00e6ning, hvis man vil g\u00e5 langsomt til v\u00e6rks hvor du stadig kan p\u00e5virke muskelv\u00e6ksten med lav tr\u00e6nings intensitet. En fordel hvis du vil sk\u00e5ne sener og led efter en skade. Vi opfordrer gerne at man s\u00e6tter sig ind i denne form for tr\u00e6ning, inden man starter p\u00e5 det.<\/p>\n<p>Vi s\u00e6lger ogs\u00e5 individuelle s\u00e6t til arme og ben, og i s\u00e6t. Bes\u00f8g vores shop her:<\/p>\n<h3>SALG TIL VIKSOMHEDER, ERHVERV &amp; OFFENTLIGE INSTITUTIONER<\/h3>\n<p>Vi s\u00e6lger ogs\u00e5 til virksomheder, hvor man kan k\u00f8be et st\u00f8rre vareparti, leveret direkte fra leverand\u00f8ren. Hvis du har andre ideer, feedback, \u00f8nsker, s\u00e5\u00a0<a href=\"https:\/\/zlcopenhagen.com\/da\/kontakt-os\/\" target=\"_blank\" rel=\"noopener\">kontak os<\/a>\u00a0endelig her. Kundetilfredshed er en dyd for os.<\/p>\n<h3>ST\u00d8T DIG SELV OG EN ANDEN SAMTIDIG<\/h3>\n<p>Vores ZLC Okklusionsb\u00e5nd adskiller sig ud fra de andre, fordi, hver gang du k\u00f8ber et s\u00e6t, s\u00e5 er du ogs\u00e5 med til at st\u00f8tte dig selv i din tr\u00e6ning, men ogs\u00e5 gerne de medarbejder, der laver dem i Pakistan. For eksempel med 6 kroner ( \u20ac 1), s\u00e5 svarer det til ca. 100 Pakistanske Rupees, hvilket er en k\u00e6mpe h\u00e5ndsr\u00e6kning til en fattig s\u00e5rbare kvinde.<\/p>\n<p>[\/spb_text_block] [\/spb_tab] [spb_tab title=&#8221;Materiale&#8221; icon=&#8221;&#8221; id=&#8221;Materiale&#8221;] [spb_text_block animation=&#8221;none&#8221; animation_delay=&#8221;0&#8243; simplified_controls=&#8221;yes&#8221; custom_css_percentage=&#8221;no&#8221; padding_vertical=&#8221;0&#8243; padding_horizontal=&#8221;0&#8243; margin_vertical=&#8221;0&#8243; custom_css=&#8221;margin-top: 0px;margin-bottom: 0px;&#8221; border_size=&#8221;0&#8243; border_styling_global=&#8221;default&#8221; width=&#8221;1\/1&#8243; el_position=&#8221;first last&#8221;]<\/p>\n<ul>\n<li>Elastisk kraftig materiale<\/li>\n<li>Bl\u00f8d og behagelig samtidigt<\/li>\n<li>Optimal bredte 5 cm og l\u00e6ngde, der kan b\u00e6res af alle<\/li>\n<li>Lukkes via et sort plastsp\u00e6nde. F\u00e5s i par<\/li>\n<li>Fremstillet i 50 % polyester og 50 % gummi<\/li>\n<\/ul>\n<p>[\/spb_text_block] [\/spb_tab] [spb_tab title=&#8221;Vask &amp; Pleje&#8221; icon=&#8221;&#8221; id=&#8221;VaskPleje&#8221;] [spb_text_block animation=&#8221;none&#8221; animation_delay=&#8221;0&#8243; simplified_controls=&#8221;yes&#8221; custom_css_percentage=&#8221;no&#8221; padding_vertical=&#8221;0&#8243; padding_horizontal=&#8221;0&#8243; margin_vertical=&#8221;0&#8243; custom_css=&#8221;margin-top: 0px;margin-bottom: 0px;&#8221; border_size=&#8221;0&#8243; border_styling_global=&#8221;default&#8221; width=&#8221;1\/1&#8243; el_position=&#8221;first last&#8221;]<\/p>\n<p>Vaskes med h\u00e5ndvask, lunken vand og s\u00e6be.<\/p>\n<p>[\/spb_text_block] [\/spb_tab] [spb_tab title=&#8221;St\u00f8rrelsesguide&#8221; icon=&#8221;&#8221; id=&#8221;Strrelsesguide&#8221;] [spb_text_block animation=&#8221;none&#8221; animation_delay=&#8221;0&#8243; simplified_controls=&#8221;yes&#8221; custom_css_percentage=&#8221;no&#8221; padding_vertical=&#8221;0&#8243; padding_horizontal=&#8221;0&#8243; margin_vertical=&#8221;0&#8243; custom_css=&#8221;margin-top: 0px;margin-bottom: 0px;&#8221; border_size=&#8221;0&#8243; border_styling_global=&#8221;default&#8221; width=&#8221;1\/1&#8243; el_position=&#8221;first last&#8221;]<\/p>\n<p>Onesize (15cm \u2013 50cm), og f\u00e5s i par, et b\u00e5nd til hver arm.<\/p>\n<p>[\/spb_text_block] [\/spb_tab] [spb_tab title=&#8221;Video&#8221; icon=&#8221;&#8221; id=&#8221;Video&#8221;] [spb_video element_name=&#8221;Okklusionstr\u00e6nings b\u00e5nd fra ZLCOPENHAGEN&#8221; link=&#8221;https:\/\/www.youtube.com\/watch?v=JpkFLkZmMLY&#8221; remove_related=&#8221;yes&#8221; autoplay=&#8221;no&#8221; full_width=&#8221;yes&#8221; width=&#8221;1\/1&#8243; el_position=&#8221;first last&#8221;] [\/spb_tab] [\/spb_tabs] [spb_blank_spacer height=&#8221;30px&#8221; width=&#8221;1\/1&#8243; el_position=&#8221;first last&#8221;] [spb_image image=&#8221;20369&#8243; image_size=&#8221;full&#8221; frame=&#8221;noframe&#8221; caption_pos=&#8221;hover&#8221; remove_rounded=&#8221;yes&#8221; fullwidth=&#8221;no&#8221; overflow_mode=&#8221;none&#8221; link_target=&#8221;_self&#8221; lightbox=&#8221;no&#8221; intro_animation=&#8221;none&#8221; animation_delay=&#8221;200&#8243; width=&#8221;1\/1&#8243; el_position=&#8221;first last&#8221;][\/spb_image] [spb_blank_spacer height=&#8221;30px&#8221; width=&#8221;1\/1&#8243; el_position=&#8221;first last&#8221;] [spb_blank_spacer height=&#8221;30px&#8221; width=&#8221;1\/1&#8243; el_position=&#8221;first last&#8221;] [spb_image image=&#8221;20346&#8243; image_size=&#8221;full&#8221; frame=&#8221;noframe&#8221; caption_pos=&#8221;hover&#8221; remove_rounded=&#8221;yes&#8221; fullwidth=&#8221;no&#8221; overflow_mode=&#8221;none&#8221; link_target=&#8221;_self&#8221; lightbox=&#8221;no&#8221; intro_animation=&#8221;none&#8221; animation_delay=&#8221;200&#8243; width=&#8221;1\/1&#8243; el_position=&#8221;first last&#8221;][\/spb_image] [spb_blank_spacer height=&#8221;30px&#8221; width=&#8221;1\/1&#8243; el_position=&#8221;first last&#8221;] [spb_text_block animation=&#8221;none&#8221; animation_delay=&#8221;0&#8243; simplified_controls=&#8221;yes&#8221; custom_css_percentage=&#8221;no&#8221; padding_vertical=&#8221;0&#8243; padding_horizontal=&#8221;0&#8243; margin_vertical=&#8221;0&#8243; custom_css=&#8221;margin-top: 0px;margin-bottom: 0px;&#8221; border_size=&#8221;0&#8243; border_styling_global=&#8221;default&#8221; width=&#8221;1\/1&#8243; el_position=&#8221;first last&#8221;]<\/p>\n<h3><span style=\"color: #333333;\">L\u00c6S MERE OM OKKLUSIONSTR\u00c6NINGS FORM SKREVET AF <\/span><span style=\"color: #333333;\"><a style=\"color: #333333;\" href=\"https:\/\/thomasmoberg.dk\/da\/okklusions-kaatsu-traening\/\" target=\"_blank\" rel=\"noopener noreferrer\">THOMAS MOBERG<\/a><\/span><\/h3>\n<p>[\/spb_text_block] [spb_image image=&#8221;27666&#8243; image_size=&#8221;full&#8221; frame=&#8221;noframe&#8221; caption_pos=&#8221;hover&#8221; remove_rounded=&#8221;yes&#8221; fullwidth=&#8221;no&#8221; overflow_mode=&#8221;none&#8221; link_target=&#8221;_self&#8221; lightbox=&#8221;no&#8221; intro_animation=&#8221;none&#8221; animation_delay=&#8221;200&#8243; width=&#8221;1\/1&#8243; el_position=&#8221;first last&#8221;][\/spb_image]<\/p>\n","protected":false},"excerpt":{"rendered":"<p>[spb_tabs tabs_type=&#8221;standard&#8221; center_tabs=&#8221;no&#8221; width=&#8221;1\/1&#8243; el_position=&#8221;first last&#8221;] [spb_tab title=&#8221;Produkt&#8221; icon=&#8221;&#8221; id=&#8221;Produkt&#8221;] [spb_text_block animation=&#8221;none&#8221; animation_delay=&#8221;0&#8243; simplified_controls=&#8221;yes&#8221; custom_css_percentage=&#8221;no&#8221; padding_vertical=&#8221;0&#8243; padding_horizontal=&#8221;0&#8243; margin_vertical=&#8221;0&#8243; custom_css=&#8221;margin-top: 0px;margin-bottom: 0px;&#8221; border_size=&#8221;0&#8243; border_styling_global=&#8221;default&#8221; width=&#8221;1\/1&#8243; el_position=&#8221;first last&#8221;] OKKLUSION TR\u00c6NINGS B\u00c5ND FRA ZLCOPENHAGEN Okklusionstr\u00e6nings b\u00e5nd, Dansk Design og slidst\u00e6rke b\u00e5nd fra ZLCOPENHAGEN. Vi bruger ikke det almindelige wrist wraps materiale, der typisk best\u00e5r af 80% bomuld og 20% gummi til okklusion tr\u00e6ning. [&hellip;]<\/p>\n","protected":false},"featured_media":20366,"comment_status":"closed","ping_status":"closed","template":"","meta":[],"product_brand":[],"product_cat":[114,120],"product_tag":[],"class_list":{"0":"post-20163","1":"product","2":"type-product","3":"status-publish","4":"has-post-thumbnail","6":"product_cat-accessories","7":"product_cat-fitness-udstyr-da","9":"first","10":"instock","11":"featured","12":"taxable","13":"shipping-taxable","14":"purchasable","15":"product-type-simple"},"yoast_head":"<!-- This site is optimized with the Yoast SEO Premium plugin v26.6 (Yoast SEO v27.6) - https:\/\/yoast.com\/product\/yoast-seo-premium-wordpress\/ -->\n<title>Originale ZLC Okklusion tr\u00e6nings b\u00e5nd, ogs\u00e5 kaldet KAATSU b\u00e5nd<\/title>\n<meta name=\"description\" content=\"Okklusion tr\u00e6nings b\u00e5nd, BFR (blood flow restriction), opn\u00e5r du bedre tr\u00e6nings resultater. Fremstillet i kraftigt elastisk materiale med\" \/>\n<meta name=\"robots\" content=\"index, follow, max-snippet:-1, max-image-preview:large, max-video-preview:-1\" \/>\n<link rel=\"canonical\" href=\"https:\/\/zlcopenhagen.com\/da\/produkt\/okklusion-traenings-baand-til-arme-med-plast-spaende\/\" \/>\n<meta property=\"og:locale\" content=\"da_DK\" \/>\n<meta property=\"og:type\" content=\"article\" \/>\n<meta property=\"og:title\" content=\"ZLC OKKLUSION TR\u00c6NINGS B\u00c5ND TIL ARME MED PLAST SP\u00c6NDE\" \/>\n<meta property=\"og:description\" content=\"Okklusion tr\u00e6nings b\u00e5nd, BFR (blood flow restriction), opn\u00e5r du bedre tr\u00e6nings resultater. Fremstillet i kraftigt elastisk materiale med\" \/>\n<meta property=\"og:url\" content=\"https:\/\/zlcopenhagen.com\/da\/produkt\/okklusion-traenings-baand-til-arme-med-plast-spaende\/\" \/>\n<meta property=\"og:site_name\" content=\"zlcopenhagen.com\" \/>\n<meta property=\"article:modified_time\" content=\"2026-01-16T22:02:12+00:00\" \/>\n<meta property=\"og:image\" content=\"https:\/\/zlcopenhagen.com\/wp-content\/uploads\/2017\/01\/ZLC-occlusions-band-1024x1024.jpg\" \/>\n\t<meta property=\"og:image:width\" content=\"1024\" \/>\n\t<meta property=\"og:image:height\" content=\"1024\" \/>\n\t<meta property=\"og:image:type\" content=\"image\/jpeg\" \/>\n<meta name=\"twitter:card\" content=\"summary_large_image\" \/>\n<meta name=\"twitter:label1\" content=\"Pris\" \/>\n\t<meta name=\"twitter:data1\" content=\"&#036;&nbsp;28\" \/>\n\t<meta name=\"twitter:label2\" content=\"Tilg\u00e6ngelighed\" \/>\n\t<meta name=\"twitter:data2\" content=\"P\u00e5 lager\" \/>\n<meta property=\"product:price:amount\" content=\"28\" \/>\n<meta property=\"product:price:currency\" content=\"USD\" \/>\n<meta property=\"og:availability\" content=\"instock\" \/>\n<meta property=\"product:availability\" content=\"instock\" \/>\n<meta property=\"product:retailer_item_id\" content=\"obbZLC\" \/>\n<meta property=\"product:condition\" content=\"new\" \/>\n<!-- \/ Yoast SEO Premium plugin. -->","yoast_head_json":{"title":"Originale ZLC Okklusion tr\u00e6nings b\u00e5nd, ogs\u00e5 kaldet KAATSU b\u00e5nd","description":"Okklusion tr\u00e6nings b\u00e5nd, BFR (blood flow restriction), opn\u00e5r du bedre tr\u00e6nings resultater. Fremstillet i kraftigt elastisk materiale med","robots":{"index":"index","follow":"follow","max-snippet":"max-snippet:-1","max-image-preview":"max-image-preview:large","max-video-preview":"max-video-preview:-1"},"canonical":"https:\/\/zlcopenhagen.com\/da\/produkt\/okklusion-traenings-baand-til-arme-med-plast-spaende\/","og_locale":"da_DK","og_type":"article","og_title":"ZLC OKKLUSION TR\u00c6NINGS B\u00c5ND TIL ARME MED PLAST SP\u00c6NDE","og_description":"Okklusion tr\u00e6nings b\u00e5nd, BFR (blood flow restriction), opn\u00e5r du bedre tr\u00e6nings resultater. Fremstillet i kraftigt elastisk materiale med","og_url":"https:\/\/zlcopenhagen.com\/da\/produkt\/okklusion-traenings-baand-til-arme-med-plast-spaende\/","og_site_name":"zlcopenhagen.com","article_modified_time":"2026-01-16T22:02:12+00:00","og_image":[{"width":1024,"height":1024,"url":"https:\/\/zlcopenhagen.com\/wp-content\/uploads\/2017\/01\/ZLC-occlusions-band-1024x1024.jpg","type":"image\/jpeg"}],"twitter_card":"summary_large_image","twitter_misc":{"Pris":"&#36;&nbsp;28","Tilg\u00e6ngelighed":"P\u00e5 lager"},"schema":{"@context":"https:\/\/schema.org","@graph":[{"@type":["WebPage","ItemPage"],"@id":"https:\/\/zlcopenhagen.com\/da\/produkt\/okklusion-traenings-baand-til-arme-med-plast-spaende\/","url":"https:\/\/zlcopenhagen.com\/da\/produkt\/okklusion-traenings-baand-til-arme-med-plast-spaende\/","name":"Originale ZLC Okklusion tr\u00e6nings b\u00e5nd, ogs\u00e5 kaldet KAATSU b\u00e5nd","isPartOf":{"@id":"https:\/\/zlcopenhagen.com\/#website"},"primaryImageOfPage":{"@id":"https:\/\/zlcopenhagen.com\/da\/produkt\/okklusion-traenings-baand-til-arme-med-plast-spaende\/#primaryimage"},"image":{"@id":"https:\/\/zlcopenhagen.com\/da\/produkt\/okklusion-traenings-baand-til-arme-med-plast-spaende\/#primaryimage"},"thumbnailUrl":"https:\/\/zlcopenhagen.com\/wp-content\/uploads\/2017\/01\/ZLC-occlusions-band.jpg","datePublished":"2017-01-24T04:36:28+00:00","dateModified":"2026-01-16T22:02:12+00:00","description":"Okklusion tr\u00e6nings b\u00e5nd, BFR (blood flow restriction), opn\u00e5r du bedre tr\u00e6nings resultater. Fremstillet i kraftigt elastisk materiale med","breadcrumb":{"@id":"https:\/\/zlcopenhagen.com\/da\/produkt\/okklusion-traenings-baand-til-arme-med-plast-spaende\/#breadcrumb"},"inLanguage":"da-DK","potentialAction":[{"@type":"ReadAction","target":["https:\/\/zlcopenhagen.com\/da\/produkt\/okklusion-traenings-baand-til-arme-med-plast-spaende\/"]}]},{"@type":"ImageObject","inLanguage":"da-DK","@id":"https:\/\/zlcopenhagen.com\/da\/produkt\/okklusion-traenings-baand-til-arme-med-plast-spaende\/#primaryimage","url":"https:\/\/zlcopenhagen.com\/wp-content\/uploads\/2017\/01\/ZLC-occlusions-band.jpg","contentUrl":"https:\/\/zlcopenhagen.com\/wp-content\/uploads\/2017\/01\/ZLC-occlusions-band.jpg","width":4912,"height":4912,"caption":"okklusion tr\u00e6nings b\u00e5nd ftige okklusionsb\u00e5nd fra ZLCOPENHAGEN."},{"@type":"BreadcrumbList","@id":"https:\/\/zlcopenhagen.com\/da\/produkt\/okklusion-traenings-baand-til-arme-med-plast-spaende\/#breadcrumb","itemListElement":[{"@type":"ListItem","position":1,"name":"Home","item":"https:\/\/zlcopenhagen.com\/da\/"},{"@type":"ListItem","position":2,"name":"Shop","item":"https:\/\/zlcopenhagen.com\/da\/shop\/"},{"@type":"ListItem","position":3,"name":"ZLC OKKLUSION TR\u00c6NINGS B\u00c5ND TIL ARME MED PLAST SP\u00c6NDE"}]},{"@type":"WebSite","@id":"https:\/\/zlcopenhagen.com\/#website","url":"https:\/\/zlcopenhagen.com\/","name":"zlcopenhagen.com","description":"","publisher":{"@id":"https:\/\/zlcopenhagen.com\/#organization"},"potentialAction":[{"@type":"SearchAction","target":{"@type":"EntryPoint","urlTemplate":"https:\/\/zlcopenhagen.com\/?s={search_term_string}"},"query-input":{"@type":"PropertyValueSpecification","valueRequired":true,"valueName":"search_term_string"}}],"inLanguage":"da-DK"},{"@type":["Organization","Place"],"@id":"https:\/\/zlcopenhagen.com\/#organization","name":"ZLCOPENHAGEN","alternateName":"ZLCOPENHAGEN","url":"https:\/\/zlcopenhagen.com\/","logo":{"@id":"https:\/\/zlcopenhagen.com\/da\/produkt\/okklusion-traenings-baand-til-arme-med-plast-spaende\/#local-main-organization-logo"},"image":{"@id":"https:\/\/zlcopenhagen.com\/da\/produkt\/okklusion-traenings-baand-til-arme-med-plast-spaende\/#local-main-organization-logo"},"sameAs":["https:\/\/www.youtube.com\/channel\/UCy7JINwB6DMr2fA9yHpDQJg"],"telephone":[],"openingHoursSpecification":[{"@type":"OpeningHoursSpecification","dayOfWeek":["Monday","Tuesday","Wednesday","Thursday","Friday","Saturday","Sunday"],"opens":"09:00","closes":"17:00"}]},{"@type":"ImageObject","inLanguage":"da-DK","@id":"https:\/\/zlcopenhagen.com\/da\/produkt\/okklusion-traenings-baand-til-arme-med-plast-spaende\/#local-main-organization-logo","url":"https:\/\/zlcopenhagen.com\/wp-content\/uploads\/2016\/05\/blog-logo.jpg","contentUrl":"https:\/\/zlcopenhagen.com\/wp-content\/uploads\/2016\/05\/blog-logo.jpg","width":68,"height":68,"caption":"ZLCOPENHAGEN"}]},"product_price_amount":"28","product_price_currency":"USD","og_availability":"instock","product_availability":"instock","product_retailer_item_id":"obbZLC","product_condition":"new"},"_links":{"self":[{"href":"https:\/\/zlcopenhagen.com\/da\/wp-json\/wp\/v2\/product\/20163","targetHints":{"allow":["GET"]}}],"collection":[{"href":"https:\/\/zlcopenhagen.com\/da\/wp-json\/wp\/v2\/product"}],"about":[{"href":"https:\/\/zlcopenhagen.com\/da\/wp-json\/wp\/v2\/types\/product"}],"replies":[{"embeddable":true,"href":"https:\/\/zlcopenhagen.com\/da\/wp-json\/wp\/v2\/comments?post=20163"}],"wp:featuredmedia":[{"embeddable":true,"href":"https:\/\/zlcopenhagen.com\/da\/wp-json\/wp\/v2\/media\/20366"}],"wp:attachment":[{"href":"https:\/\/zlcopenhagen.com\/da\/wp-json\/wp\/v2\/media?parent=20163"}],"wp:term":[{"taxonomy":"product_brand","embeddable":true,"href":"https:\/\/zlcopenhagen.com\/da\/wp-json\/wp\/v2\/product_brand?post=20163"},{"taxonomy":"product_cat","embeddable":true,"href":"https:\/\/zlcopenhagen.com\/da\/wp-json\/wp\/v2\/product_cat?post=20163"},{"taxonomy":"product_tag","embeddable":true,"href":"https:\/\/zlcopenhagen.com\/da\/wp-json\/wp\/v2\/product_tag?post=20163"}],"curies":[{"name":"wp","href":"https:\/\/api.w.org\/{rel}","templated":true}]}}