{"id":19014,"date":"2016-11-23T21:12:50","date_gmt":"2016-11-23T21:12:50","guid":{"rendered":"https:\/\/zlcopenhagen.com\/product\/zlc-sort-manchet-armbaand-copy-copy\/?lang=da"},"modified":"2024-07-19T19:05:12","modified_gmt":"2024-07-19T18:05:12","slug":"rosa-guld-bangle-cuff-armbaand","status":"publish","type":"product","link":"https:\/\/zlcopenhagen.com\/da\/produkt\/rosa-guld-bangle-cuff-armbaand\/","title":{"rendered":"ROSA GULD BANGLE CUFF ARMB\u00c5ND"},"content":{"rendered":"<p>[spb_tabs tabs_type=&#8221;standard&#8221; center_tabs=&#8221;no&#8221; width=&#8221;1\/1&#8243; el_position=&#8221;first last&#8221;] [spb_tab title=&#8221;Produkt&#8221; icon=&#8221;&#8221; id=&#8221;Produkt&#8221;] [spb_text_block animation=&#8221;none&#8221; animation_delay=&#8221;0&#8243; simplified_controls=&#8221;yes&#8221; custom_css_percentage=&#8221;no&#8221; padding_vertical=&#8221;0&#8243; padding_horizontal=&#8221;0&#8243; margin_vertical=&#8221;0&#8243; custom_css=&#8221;margin-top: 0px;margin-bottom: 0px;&#8221; border_size=&#8221;0&#8243; border_styling_global=&#8221;default&#8221; width=&#8221;1\/1&#8243; el_position=&#8221;first last&#8221;]<\/p>\n<h2>ZLC ROSA GULD BANGLE CUFF ARMB\u00c5ND I RUSTFRIT ST\u00c5L<\/h2>\n<p>Rosa Guld Bangle Cuff Armb\u00e5nd fra ZLC. Find en fantastisk kollektion her.<\/p>\n<p>Et Rosa Guld Cuff armb\u00e5nd lavet af enkle designelementer, smeltet sammen til perfektion, for ham og hende.<\/p>\n<p>Dette armb\u00e5nd er fremstillet af solidt rustfrit st\u00e5l (Grade 316L) med sort ZLC signatur.<\/p>\n<p>[\/spb_text_block] [spb_text_block animation=&#8221;none&#8221; animation_delay=&#8221;0&#8243; simplified_controls=&#8221;yes&#8221; custom_css_percentage=&#8221;no&#8221; padding_vertical=&#8221;0&#8243; padding_horizontal=&#8221;0&#8243; margin_vertical=&#8221;0&#8243; custom_css=&#8221;margin-top: 0px;margin-bottom: 0px;&#8221; border_size=&#8221;0&#8243; border_styling_global=&#8221;default&#8221; width=&#8221;1\/1&#8243; el_position=&#8221;first last&#8221;]<\/p>\n<h2>ZLC ROSA GULD CUFF ARMB\u00c5ND I RUSTFRIT ST\u00c5L<\/h2>\n<p>Rosa Guld Cuff Armb\u00e5nd fra ZLC. Find en fantastisk kollektion her.<\/p>\n<p>Et Rosa Guld Cuff armb\u00e5nd lavet af enkle designelementer, smeltet sammen til perfektion, for ham og hende.<\/p>\n<p>Dette armb\u00e5nd er fremstillet af solidt rustfrit st\u00e5l (Grade 316L) med sort ZLC signatur. Armb\u00e5ndet har en smuk rosa guld finish, der ligner \u00e6gte guld, men er mere overkommeligt og holdbart. Selvom det ikke er \u00e6gte guld, bevarer det en luksuri\u00f8s og elegant udstr\u00e5ling, s\u00e5 du kan vise dig frem med stil og selvtillid.<\/p>\n<p>[\/spb_text_block] [\/spb_tab] [spb_tab title=&#8221;Materiale&#8221; icon=&#8221;&#8221; id=&#8221;Materiale&#8221;] [spb_text_block animation=&#8221;none&#8221; animation_delay=&#8221;0&#8243; simplified_controls=&#8221;yes&#8221; custom_css_percentage=&#8221;no&#8221; padding_vertical=&#8221;0&#8243; padding_horizontal=&#8221;0&#8243; margin_vertical=&#8221;0&#8243; custom_css=&#8221;margin-top: 0px;margin-bottom: 0px;&#8221; border_size=&#8221;0&#8243; border_styling_global=&#8221;default&#8221; width=&#8221;1\/1&#8243; el_position=&#8221;first last&#8221;]<\/p>\n<p>L\u00e6r mere om dette materiale<\/p>\n<p><a href=\"https:\/\/en.wikipedia.org\/wiki\/Stainless_steel\" target=\"_blank\" rel=\"noopener\">Rust frit St\u00e5l<\/a><\/p>\n<p>[\/spb_text_block] [\/spb_tab] [spb_tab title=&#8221;Vaske og Pleje Anvisninger&#8221; icon=&#8221;&#8221; id=&#8221;Pleje Anvisninger&#8221;] [spb_text_block animation=&#8221;none&#8221; animation_delay=&#8221;0&#8243; simplified_controls=&#8221;yes&#8221; custom_css_percentage=&#8221;no&#8221; padding_vertical=&#8221;0&#8243; padding_horizontal=&#8221;0&#8243; margin_vertical=&#8221;0&#8243; custom_css=&#8221;margin-top: 0px;margin-bottom: 0px;&#8221; border_size=&#8221;0&#8243; border_styling_global=&#8221;default&#8221; width=&#8221;1\/1&#8243; el_position=&#8221;first last&#8221;]<\/p>\n<ul>\n<li>T\u00f8r af med en ren, t\u00f8r klud efter behov.<\/li>\n<li>Fjern altid smykker, f\u00f8r du sv\u00f8mmer, bader, laver husarbejde eller bruger slibende reng\u00f8ringsmidler.<\/li>\n<li>P\u00e5f\u00f8r sk\u00f8nhedsprodukter som parfume, h\u00e5rlak eller deodorant f\u00f8r du tager smykker p\u00e5.<\/li>\n<li>Visse kemikalier i disse produkter kan beskadige overfladen.<\/li>\n<li>N\u00e5r du ikke b\u00e6rer smykket, opbevar det helst i smykkeskrinet, isoleret (for at undg\u00e5 gnidning og fysisk skade).<\/li>\n<li>Leveres med et smykkeskrin med vores s\u00f8lvfarvede signaturmonogram.<\/li>\n<\/ul>\n<p>[\/spb_text_block] [\/spb_tab] [spb_tab title=&#8221;St\u00f8rrelsesguide&#8221; icon=&#8221;&#8221; id=&#8221;SizeFit&#8221;] [spb_text_block animation=&#8221;none&#8221; animation_delay=&#8221;0&#8243; simplified_controls=&#8221;yes&#8221; custom_css_percentage=&#8221;no&#8221; padding_vertical=&#8221;0&#8243; padding_horizontal=&#8221;0&#8243; margin_vertical=&#8221;0&#8243; custom_css=&#8221;margin-top: 0px;margin-bottom: 0px;&#8221; border_size=&#8221;0&#8243; border_styling_global=&#8221;default&#8221; width=&#8221;1\/1&#8243; el_position=&#8221;first last&#8221;]<\/p>\n<p>Available in 3 sizes: small, medium and large<\/p>\n<p>Please also visit <a href=\"https:\/\/zlcopenhagen.com\/da\/stoerrelsesguide\/\" target=\"_blank\" rel=\"noopener noreferrer\">Size guide.\u00a0<\/a>To get the perfect fit, measure your wrist at the wrist bone utilizing a standard (soft) measuring tape. If you do not have a soft measuring tape, wrap a ribbon around the wrist at the wrist bone, mark the spot where the ends meet, then lay the ribbon against a yardstick or ruler to determine approximate wrist size.<\/p>\n<p>[\/spb_text_block] [\/spb_tab] [\/spb_tabs]<\/p>\n","protected":false},"excerpt":{"rendered":"<h2>VIS DIN VILDE SIDE<\/h2>\n<p>Dyk ned i en verden af maskulin raffinement med vores forf\u00f8rende guld farvede bangle cuff armb\u00e5nd. Dette bangle armb\u00e5nd er mere end blot et smykke; det er et statement. H\u00e5ndlavet af f\u00f8rsteklasses metal med en imponerende guld finish, udstr\u00e5ler den b\u00e5de styrke og elegance. B\u00e6r den alene for et kraftfuldt look, eller kombiner med andre accessories for ekstra intensitet. Giv dig selv eller en s\u00e6rlig mand i dit liv denne tidl\u00f8se gave. Lad den forf\u00f8rende guld farve understrege din personlighed og tilf\u00f8je et strejf af luksus til enhver garderobe. Dette bangle up armb\u00e5nd er den perfekte tilf\u00f8jelse til enhver smykkesamling.<\/p>\n","protected":false},"featured_media":21519,"comment_status":"closed","ping_status":"closed","template":"","meta":[],"product_brand":[],"product_cat":[126],"product_tag":[259,260],"class_list":{"0":"post-19014","1":"product","2":"type-product","3":"status-publish","4":"has-post-thumbnail","6":"product_cat-rustfrit-staal-smykker","7":"product_tag-cuff-da","8":"product_tag-stainlesssteel-da","10":"first","11":"instock","12":"taxable","13":"shipping-taxable","14":"purchasable","15":"product-type-variable"},"yoast_head":"<!-- This site is optimized with the Yoast SEO Premium plugin v26.6 (Yoast SEO v27.5) - https:\/\/yoast.com\/product\/yoast-seo-premium-wordpress\/ -->\n<title>Guld Bangle Cuff Armb\u00e5nd \u2013 Maskulin Styrke<\/title>\n<meta name=\"description\" content=\"Oplev vores forf\u00f8rende guld farvede bangle cuff armb\u00e5nd. Perfekt til at udstr\u00e5le maskulin styrke &amp; r\u00e5 power. Perfekt til din maskuline carishma\" \/>\n<meta name=\"robots\" content=\"index, follow, max-snippet:-1, max-image-preview:large, max-video-preview:-1\" \/>\n<link rel=\"canonical\" href=\"https:\/\/zlcopenhagen.com\/da\/produkt\/rosa-guld-bangle-cuff-armbaand\/\" \/>\n<meta property=\"og:locale\" content=\"da_DK\" \/>\n<meta property=\"og:type\" content=\"article\" \/>\n<meta property=\"og:title\" content=\"ROSA GULD BANGLE CUFF ARMB\u00c5ND\" \/>\n<meta property=\"og:description\" content=\"Oplev vores forf\u00f8rende guld farvede bangle cuff armb\u00e5nd. Perfekt til at udstr\u00e5le maskulin styrke &amp; r\u00e5 power. Perfekt til din maskuline carishma\" \/>\n<meta property=\"og:url\" content=\"https:\/\/zlcopenhagen.com\/da\/produkt\/rosa-guld-bangle-cuff-armbaand\/\" \/>\n<meta property=\"og:site_name\" content=\"zlcopenhagen.com\" \/>\n<meta property=\"article:modified_time\" content=\"2024-07-19T18:05:12+00:00\" \/>\n<meta property=\"og:image\" content=\"https:\/\/zlcopenhagen.com\/wp-content\/uploads\/2016\/11\/AMO-2_0578.jpg\" \/>\n\t<meta property=\"og:image:width\" content=\"1000\" \/>\n\t<meta property=\"og:image:height\" content=\"1000\" \/>\n\t<meta property=\"og:image:type\" content=\"image\/jpeg\" \/>\n<meta name=\"twitter:card\" content=\"summary_large_image\" \/>\n<meta name=\"twitter:label1\" content=\"Tilg\u00e6ngelighed\" \/>\n\t<meta name=\"twitter:data1\" content=\"P\u00e5 lager\" \/>\n<meta property=\"og:availability\" content=\"instock\" \/>\n<meta property=\"product:availability\" content=\"instock\" \/>\n<meta property=\"product:condition\" content=\"new\" \/>\n<!-- \/ Yoast SEO Premium plugin. -->","yoast_head_json":{"title":"Guld Bangle Cuff Armb\u00e5nd \u2013 Maskulin Styrke","description":"Oplev vores forf\u00f8rende guld farvede bangle cuff armb\u00e5nd. Perfekt til at udstr\u00e5le maskulin styrke & r\u00e5 power. Perfekt til din maskuline carishma","robots":{"index":"index","follow":"follow","max-snippet":"max-snippet:-1","max-image-preview":"max-image-preview:large","max-video-preview":"max-video-preview:-1"},"canonical":"https:\/\/zlcopenhagen.com\/da\/produkt\/rosa-guld-bangle-cuff-armbaand\/","og_locale":"da_DK","og_type":"article","og_title":"ROSA GULD BANGLE CUFF ARMB\u00c5ND","og_description":"Oplev vores forf\u00f8rende guld farvede bangle cuff armb\u00e5nd. Perfekt til at udstr\u00e5le maskulin styrke & r\u00e5 power. Perfekt til din maskuline carishma","og_url":"https:\/\/zlcopenhagen.com\/da\/produkt\/rosa-guld-bangle-cuff-armbaand\/","og_site_name":"zlcopenhagen.com","article_modified_time":"2024-07-19T18:05:12+00:00","og_image":[{"width":1000,"height":1000,"url":"https:\/\/zlcopenhagen.com\/wp-content\/uploads\/2016\/11\/AMO-2_0578.jpg","type":"image\/jpeg"}],"twitter_card":"summary_large_image","twitter_misc":{"Tilg\u00e6ngelighed":"P\u00e5 lager"},"schema":{"@context":"https:\/\/schema.org","@graph":[{"@type":"WebPage","@id":"https:\/\/zlcopenhagen.com\/da\/produkt\/rosa-guld-bangle-cuff-armbaand\/","url":"https:\/\/zlcopenhagen.com\/da\/produkt\/rosa-guld-bangle-cuff-armbaand\/","name":"Guld Bangle Cuff Armb\u00e5nd \u2013 Maskulin Styrke","isPartOf":{"@id":"https:\/\/zlcopenhagen.com\/#website"},"primaryImageOfPage":{"@id":"https:\/\/zlcopenhagen.com\/da\/produkt\/rosa-guld-bangle-cuff-armbaand\/#primaryimage"},"image":{"@id":"https:\/\/zlcopenhagen.com\/da\/produkt\/rosa-guld-bangle-cuff-armbaand\/#primaryimage"},"thumbnailUrl":"https:\/\/zlcopenhagen.com\/wp-content\/uploads\/2016\/11\/AMO-2_0578.jpg","datePublished":"2016-11-23T21:12:50+00:00","dateModified":"2024-07-19T18:05:12+00:00","description":"Oplev vores forf\u00f8rende guld farvede bangle cuff armb\u00e5nd. Perfekt til at udstr\u00e5le maskulin styrke & r\u00e5 power. Perfekt til din maskuline carishma","breadcrumb":{"@id":"https:\/\/zlcopenhagen.com\/da\/produkt\/rosa-guld-bangle-cuff-armbaand\/#breadcrumb"},"inLanguage":"da-DK","potentialAction":[{"@type":"ReadAction","target":["https:\/\/zlcopenhagen.com\/da\/produkt\/rosa-guld-bangle-cuff-armbaand\/"]}]},{"@type":"ImageObject","inLanguage":"da-DK","@id":"https:\/\/zlcopenhagen.com\/da\/produkt\/rosa-guld-bangle-cuff-armbaand\/#primaryimage","url":"https:\/\/zlcopenhagen.com\/wp-content\/uploads\/2016\/11\/AMO-2_0578.jpg","contentUrl":"https:\/\/zlcopenhagen.com\/wp-content\/uploads\/2016\/11\/AMO-2_0578.jpg","width":1000,"height":1000,"caption":"Rosa guld bangle cuff armb\u00e5nd i rustfrit st\u00e5l fra ZLCOPENHAGEN - Dansk Design"},{"@type":"BreadcrumbList","@id":"https:\/\/zlcopenhagen.com\/da\/produkt\/rosa-guld-bangle-cuff-armbaand\/#breadcrumb","itemListElement":[{"@type":"ListItem","position":1,"name":"Home","item":"https:\/\/zlcopenhagen.com\/da\/"},{"@type":"ListItem","position":2,"name":"Shop","item":"https:\/\/zlcopenhagen.com\/da\/shop\/"},{"@type":"ListItem","position":3,"name":"ROSA GULD BANGLE CUFF ARMB\u00c5ND"}]},{"@type":"WebSite","@id":"https:\/\/zlcopenhagen.com\/#website","url":"https:\/\/zlcopenhagen.com\/","name":"zlcopenhagen.com","description":"","publisher":{"@id":"https:\/\/zlcopenhagen.com\/#organization"},"potentialAction":[{"@type":"SearchAction","target":{"@type":"EntryPoint","urlTemplate":"https:\/\/zlcopenhagen.com\/?s={search_term_string}"},"query-input":{"@type":"PropertyValueSpecification","valueRequired":true,"valueName":"search_term_string"}}],"inLanguage":"da-DK"},{"@type":["Organization","Place"],"@id":"https:\/\/zlcopenhagen.com\/#organization","name":"ZLCOPENHAGEN","alternateName":"ZLCOPENHAGEN","url":"https:\/\/zlcopenhagen.com\/","logo":{"@id":"https:\/\/zlcopenhagen.com\/da\/produkt\/rosa-guld-bangle-cuff-armbaand\/#local-main-organization-logo"},"image":{"@id":"https:\/\/zlcopenhagen.com\/da\/produkt\/rosa-guld-bangle-cuff-armbaand\/#local-main-organization-logo"},"sameAs":["https:\/\/www.youtube.com\/channel\/UCy7JINwB6DMr2fA9yHpDQJg"],"telephone":[],"openingHoursSpecification":[{"@type":"OpeningHoursSpecification","dayOfWeek":["Monday","Tuesday","Wednesday","Thursday","Friday","Saturday","Sunday"],"opens":"09:00","closes":"17:00"}]},{"@type":"ImageObject","inLanguage":"da-DK","@id":"https:\/\/zlcopenhagen.com\/da\/produkt\/rosa-guld-bangle-cuff-armbaand\/#local-main-organization-logo","url":"https:\/\/zlcopenhagen.com\/wp-content\/uploads\/2016\/05\/blog-logo.jpg","contentUrl":"https:\/\/zlcopenhagen.com\/wp-content\/uploads\/2016\/05\/blog-logo.jpg","width":68,"height":68,"caption":"ZLCOPENHAGEN"}]},"og_availability":"instock","product_availability":"instock","product_condition":"new"},"_links":{"self":[{"href":"https:\/\/zlcopenhagen.com\/da\/wp-json\/wp\/v2\/product\/19014","targetHints":{"allow":["GET"]}}],"collection":[{"href":"https:\/\/zlcopenhagen.com\/da\/wp-json\/wp\/v2\/product"}],"about":[{"href":"https:\/\/zlcopenhagen.com\/da\/wp-json\/wp\/v2\/types\/product"}],"replies":[{"embeddable":true,"href":"https:\/\/zlcopenhagen.com\/da\/wp-json\/wp\/v2\/comments?post=19014"}],"wp:featuredmedia":[{"embeddable":true,"href":"https:\/\/zlcopenhagen.com\/da\/wp-json\/wp\/v2\/media\/21519"}],"wp:attachment":[{"href":"https:\/\/zlcopenhagen.com\/da\/wp-json\/wp\/v2\/media?parent=19014"}],"wp:term":[{"taxonomy":"product_brand","embeddable":true,"href":"https:\/\/zlcopenhagen.com\/da\/wp-json\/wp\/v2\/product_brand?post=19014"},{"taxonomy":"product_cat","embeddable":true,"href":"https:\/\/zlcopenhagen.com\/da\/wp-json\/wp\/v2\/product_cat?post=19014"},{"taxonomy":"product_tag","embeddable":true,"href":"https:\/\/zlcopenhagen.com\/da\/wp-json\/wp\/v2\/product_tag?post=19014"}],"curies":[{"name":"wp","href":"https:\/\/api.w.org\/{rel}","templated":true}]}}