{"id":19005,"date":"2016-11-23T21:02:28","date_gmt":"2016-11-23T21:02:28","guid":{"rendered":"https:\/\/zlcopenhagen.com\/da\/produkt\/soelv-farvet-blankpoleret-rustfrit-staal-manchet-armbaand\/"},"modified":"2024-03-27T20:24:22","modified_gmt":"2024-03-27T19:24:22","slug":"soelv-farvet-blankpoleret-rustfrit-staal-manchet-armbaand","status":"publish","type":"product","link":"https:\/\/zlcopenhagen.com\/da\/produkt\/soelv-farvet-blankpoleret-rustfrit-staal-manchet-armbaand\/","title":{"rendered":"S\u00d8LV FARVET BLANKPOLERET RUSTFRIT ST\u00c5L MANCHET ARMB\u00c5ND"},"content":{"rendered":"<p>[spb_text_block animation=&#8221;none&#8221; animation_delay=&#8221;0&#8243; simplified_controls=&#8221;yes&#8221; custom_css_percentage=&#8221;no&#8221; padding_vertical=&#8221;0&#8243; padding_horizontal=&#8221;0&#8243; margin_vertical=&#8221;0&#8243; border_size=&#8221;0&#8243; border_styling_global=&#8221;default&#8221; width=&#8221;1\/1&#8243; el_position=&#8221;first last&#8221;]<\/p>\n<p>This is a text block. Click the edit button to change this text.<\/p>\n<p>[\/spb_text_block] [spb_tabs tabs_type=&#8221;standard&#8221; center_tabs=&#8221;no&#8221; width=&#8221;1\/1&#8243; el_position=&#8221;first last&#8221;] [spb_tab title=&#8221;Produkt&#8221; icon=&#8221;&#8221; id=&#8221;Produkt&#8221;] [spb_text_block animation=&#8221;none&#8221; animation_delay=&#8221;0&#8243; simplified_controls=&#8221;yes&#8221; custom_css_percentage=&#8221;no&#8221; padding_vertical=&#8221;0&#8243; padding_horizontal=&#8221;0&#8243; margin_vertical=&#8221;0&#8243; border_size=&#8221;0&#8243; border_styling_global=&#8221;default&#8221; width=&#8221;1\/1&#8243; el_position=&#8221;first last&#8221;]<\/p>\n<p>This is a text block. Click the edit button to change this text.<\/p>\n<p>[\/spb_text_block] [\/spb_tab] [spb_tab title=&#8221;Materiale&#8221; icon=&#8221;&#8221; id=&#8221;Materiale&#8221;] [spb_text_block animation=&#8221;none&#8221; animation_delay=&#8221;0&#8243; simplified_controls=&#8221;yes&#8221; custom_css_percentage=&#8221;no&#8221; padding_vertical=&#8221;0&#8243; padding_horizontal=&#8221;0&#8243; margin_vertical=&#8221;0&#8243; border_size=&#8221;0&#8243; border_styling_global=&#8221;default&#8221; width=&#8221;1\/1&#8243; el_position=&#8221;first last&#8221;]<\/p>\n<p>This is a text block. Click the edit button to change this text.<\/p>\n<p>[\/spb_text_block] [\/spb_tab] [spb_tab title=&#8221;Pleje&#8221; icon=&#8221;&#8221; id=&#8221;Pleje&#8221;] [spb_text_block animation=&#8221;none&#8221; animation_delay=&#8221;0&#8243; padding_vertical=&#8221;0&#8243; padding_horizontal=&#8221;0&#8243; width=&#8221;1\/1&#8243; el_position=&#8221;first last&#8221;]<\/p>\n<h2>HAR DU NOGENSINDE \u00d8DELAGT ET SMYKKE?<\/h2>\n<p>Fortvivl ej, vi er her. N\u00e5r det kommer til metal smykker i rustfrit st\u00e5l, er der et par grundl\u00e6ggende retningslinjer, du b\u00f8r f\u00f8lge for at bevare deres sk\u00f8nhed og holdbarhed. Undg\u00e5 overraskelser ved at:<\/p>\n<ul>\n<li>T\u00f8rre dem med en bl\u00f8d, t\u00f8r klud, n\u00e5r de har brug for det.<\/li>\n<li>Fjerne smykker, f\u00f8r du g\u00e5r i vandet, bader eller udf\u00f8rer huslige pligter.<\/li>\n<li>P\u00e5f\u00f8re sk\u00f8nhedsprodukter som parfume, h\u00e5rspray eller deodorant, inden du tager smykkerne p\u00e5.<\/li>\n<li>Opbevare dem sikkert i smykkeskrinet med vores signatur monogram, n\u00e5r de ikke er i brug.<\/li>\n<\/ul>\n<p>Med disse enkle trin kan du nyde dine smykker i lang tid uden bekymringer.<\/p>\n<p>[\/spb_text_block] [\/spb_tab] [spb_tab title=&#8221;St\u00f8rrelsesguide&#8221; icon=&#8221;&#8221; id=&#8221;Strrelsesguide&#8221;] [spb_text_block animation=&#8221;none&#8221; animation_delay=&#8221;0&#8243; padding_vertical=&#8221;0&#8243; padding_horizontal=&#8221;0&#8243; width=&#8221;1\/1&#8243; el_position=&#8221;first last&#8221;]<\/p>\n<p>This is a text block. Click the edit button to change this text.<\/p>\n<p>[\/spb_text_block] [\/spb_tab] [\/spb_tabs]<\/p>\n","protected":false},"excerpt":{"rendered":"<h2>INSPIRERET AF LIVLIGE BAZARER<\/h2>\n<p>Dette armb\u00e5nd er et smukt samspil mellem dansk design og minder fra de livlige bazarer i Pakistan, der pr\u00e6gede min barndom. H\u00e5ndlavet af massivt rustfrit st\u00e5l (Grade 316L) og signeret med ZLC, er det en hyldest til kulturel mangfoldighed og personlig stil.<\/p>\n","protected":false},"featured_media":21525,"comment_status":"closed","ping_status":"closed","template":"","meta":[],"product_brand":[],"product_cat":[126],"product_tag":[259,260],"class_list":{"0":"post-19005","1":"product","2":"type-product","3":"status-publish","4":"has-post-thumbnail","6":"product_cat-rustfrit-staal-smykker","7":"product_tag-cuff-da","8":"product_tag-stainlesssteel-da","10":"first","11":"instock","12":"taxable","13":"shipping-taxable","14":"purchasable","15":"product-type-variable","16":"has-default-attributes"},"yoast_head":"<!-- This site is optimized with the Yoast SEO Premium plugin v26.6 (Yoast SEO v27.6) - https:\/\/yoast.com\/product\/yoast-seo-premium-wordpress\/ -->\n<title>Manchet armb\u00e5nd i rustfrit st\u00e5l | Unikt Dansk Punjabi Design Unisex<\/title>\n<meta name=\"description\" content=\"Manchet armb\u00e5nd i rustfrit st\u00e5l, h\u00e5ndlavede. Maskulint armb\u00e5nd inspireret af danske og punjabi designelementer fra de pulserende bazaarer i Pakistan\" \/>\n<meta name=\"robots\" content=\"index, follow, max-snippet:-1, max-image-preview:large, max-video-preview:-1\" \/>\n<link rel=\"canonical\" href=\"https:\/\/zlcopenhagen.com\/da\/produkt\/soelv-farvet-blankpoleret-rustfrit-staal-manchet-armbaand\/\" \/>\n<meta property=\"og:locale\" content=\"da_DK\" \/>\n<meta property=\"og:type\" content=\"article\" \/>\n<meta property=\"og:title\" content=\"S\u00d8LV FARVET BLANKPOLERET RUSTFRIT ST\u00c5L MANCHET ARMB\u00c5ND\" \/>\n<meta property=\"og:description\" content=\"Manchet armb\u00e5nd i rustfrit st\u00e5l, h\u00e5ndlavede. Maskulint armb\u00e5nd inspireret af danske og punjabi designelementer fra de pulserende bazaarer i Pakistan\" \/>\n<meta property=\"og:url\" content=\"https:\/\/zlcopenhagen.com\/da\/produkt\/soelv-farvet-blankpoleret-rustfrit-staal-manchet-armbaand\/\" \/>\n<meta property=\"og:site_name\" content=\"zlcopenhagen.com\" \/>\n<meta property=\"article:modified_time\" content=\"2024-03-27T19:24:22+00:00\" \/>\n<meta property=\"og:image\" content=\"https:\/\/zlcopenhagen.com\/wp-content\/uploads\/2016\/11\/AMO-1_0553.jpg\" \/>\n\t<meta property=\"og:image:width\" content=\"1000\" \/>\n\t<meta property=\"og:image:height\" content=\"1000\" \/>\n\t<meta property=\"og:image:type\" content=\"image\/jpeg\" \/>\n<meta name=\"twitter:card\" content=\"summary_large_image\" \/>\n<meta name=\"twitter:label1\" content=\"Tilg\u00e6ngelighed\" \/>\n\t<meta name=\"twitter:data1\" content=\"P\u00e5 lager\" \/>\n<meta property=\"og:availability\" content=\"instock\" \/>\n<meta property=\"product:availability\" content=\"instock\" \/>\n<meta property=\"product:condition\" content=\"new\" \/>\n<!-- \/ Yoast SEO Premium plugin. -->","yoast_head_json":{"title":"Manchet armb\u00e5nd i rustfrit st\u00e5l | Unikt Dansk Punjabi Design Unisex","description":"Manchet armb\u00e5nd i rustfrit st\u00e5l, h\u00e5ndlavede. Maskulint armb\u00e5nd inspireret af danske og punjabi designelementer fra de pulserende bazaarer i Pakistan","robots":{"index":"index","follow":"follow","max-snippet":"max-snippet:-1","max-image-preview":"max-image-preview:large","max-video-preview":"max-video-preview:-1"},"canonical":"https:\/\/zlcopenhagen.com\/da\/produkt\/soelv-farvet-blankpoleret-rustfrit-staal-manchet-armbaand\/","og_locale":"da_DK","og_type":"article","og_title":"S\u00d8LV FARVET BLANKPOLERET RUSTFRIT ST\u00c5L MANCHET ARMB\u00c5ND","og_description":"Manchet armb\u00e5nd i rustfrit st\u00e5l, h\u00e5ndlavede. Maskulint armb\u00e5nd inspireret af danske og punjabi designelementer fra de pulserende bazaarer i Pakistan","og_url":"https:\/\/zlcopenhagen.com\/da\/produkt\/soelv-farvet-blankpoleret-rustfrit-staal-manchet-armbaand\/","og_site_name":"zlcopenhagen.com","article_modified_time":"2024-03-27T19:24:22+00:00","og_image":[{"width":1000,"height":1000,"url":"https:\/\/zlcopenhagen.com\/wp-content\/uploads\/2016\/11\/AMO-1_0553.jpg","type":"image\/jpeg"}],"twitter_card":"summary_large_image","twitter_misc":{"Tilg\u00e6ngelighed":"P\u00e5 lager"},"schema":{"@context":"https:\/\/schema.org","@graph":[{"@type":["WebPage","ItemPage"],"@id":"https:\/\/zlcopenhagen.com\/da\/produkt\/soelv-farvet-blankpoleret-rustfrit-staal-manchet-armbaand\/","url":"https:\/\/zlcopenhagen.com\/da\/produkt\/soelv-farvet-blankpoleret-rustfrit-staal-manchet-armbaand\/","name":"Manchet armb\u00e5nd i rustfrit st\u00e5l | Unikt Dansk Punjabi Design Unisex","isPartOf":{"@id":"https:\/\/zlcopenhagen.com\/#website"},"primaryImageOfPage":{"@id":"https:\/\/zlcopenhagen.com\/da\/produkt\/soelv-farvet-blankpoleret-rustfrit-staal-manchet-armbaand\/#primaryimage"},"image":{"@id":"https:\/\/zlcopenhagen.com\/da\/produkt\/soelv-farvet-blankpoleret-rustfrit-staal-manchet-armbaand\/#primaryimage"},"thumbnailUrl":"https:\/\/zlcopenhagen.com\/wp-content\/uploads\/2016\/11\/AMO-1_0553.jpg","datePublished":"2016-11-23T21:02:28+00:00","dateModified":"2024-03-27T19:24:22+00:00","description":"Manchet armb\u00e5nd i rustfrit st\u00e5l, h\u00e5ndlavede. Maskulint armb\u00e5nd inspireret af danske og punjabi designelementer fra de pulserende bazaarer i Pakistan","breadcrumb":{"@id":"https:\/\/zlcopenhagen.com\/da\/produkt\/soelv-farvet-blankpoleret-rustfrit-staal-manchet-armbaand\/#breadcrumb"},"inLanguage":"da-DK","potentialAction":[{"@type":"ReadAction","target":["https:\/\/zlcopenhagen.com\/da\/produkt\/soelv-farvet-blankpoleret-rustfrit-staal-manchet-armbaand\/"]}]},{"@type":"ImageObject","inLanguage":"da-DK","@id":"https:\/\/zlcopenhagen.com\/da\/produkt\/soelv-farvet-blankpoleret-rustfrit-staal-manchet-armbaand\/#primaryimage","url":"https:\/\/zlcopenhagen.com\/wp-content\/uploads\/2016\/11\/AMO-1_0553.jpg","contentUrl":"https:\/\/zlcopenhagen.com\/wp-content\/uploads\/2016\/11\/AMO-1_0553.jpg","width":1000,"height":1000,"caption":"ZLC SILVER CUFF"},{"@type":"BreadcrumbList","@id":"https:\/\/zlcopenhagen.com\/da\/produkt\/soelv-farvet-blankpoleret-rustfrit-staal-manchet-armbaand\/#breadcrumb","itemListElement":[{"@type":"ListItem","position":1,"name":"Home","item":"https:\/\/zlcopenhagen.com\/da\/"},{"@type":"ListItem","position":2,"name":"Shop","item":"https:\/\/zlcopenhagen.com\/da\/shop\/"},{"@type":"ListItem","position":3,"name":"S\u00d8LV FARVET BLANKPOLERET RUSTFRIT ST\u00c5L MANCHET ARMB\u00c5ND"}]},{"@type":"WebSite","@id":"https:\/\/zlcopenhagen.com\/#website","url":"https:\/\/zlcopenhagen.com\/","name":"zlcopenhagen.com","description":"","publisher":{"@id":"https:\/\/zlcopenhagen.com\/#organization"},"potentialAction":[{"@type":"SearchAction","target":{"@type":"EntryPoint","urlTemplate":"https:\/\/zlcopenhagen.com\/?s={search_term_string}"},"query-input":{"@type":"PropertyValueSpecification","valueRequired":true,"valueName":"search_term_string"}}],"inLanguage":"da-DK"},{"@type":["Organization","Place"],"@id":"https:\/\/zlcopenhagen.com\/#organization","name":"ZLCOPENHAGEN","alternateName":"ZLCOPENHAGEN","url":"https:\/\/zlcopenhagen.com\/","logo":{"@id":"https:\/\/zlcopenhagen.com\/da\/produkt\/soelv-farvet-blankpoleret-rustfrit-staal-manchet-armbaand\/#local-main-organization-logo"},"image":{"@id":"https:\/\/zlcopenhagen.com\/da\/produkt\/soelv-farvet-blankpoleret-rustfrit-staal-manchet-armbaand\/#local-main-organization-logo"},"sameAs":["https:\/\/www.youtube.com\/channel\/UCy7JINwB6DMr2fA9yHpDQJg"],"telephone":[],"openingHoursSpecification":[{"@type":"OpeningHoursSpecification","dayOfWeek":["Monday","Tuesday","Wednesday","Thursday","Friday","Saturday","Sunday"],"opens":"09:00","closes":"17:00"}]},{"@type":"ImageObject","inLanguage":"da-DK","@id":"https:\/\/zlcopenhagen.com\/da\/produkt\/soelv-farvet-blankpoleret-rustfrit-staal-manchet-armbaand\/#local-main-organization-logo","url":"https:\/\/zlcopenhagen.com\/wp-content\/uploads\/2016\/05\/blog-logo.jpg","contentUrl":"https:\/\/zlcopenhagen.com\/wp-content\/uploads\/2016\/05\/blog-logo.jpg","width":68,"height":68,"caption":"ZLCOPENHAGEN"}]},"og_availability":"instock","product_availability":"instock","product_condition":"new"},"_links":{"self":[{"href":"https:\/\/zlcopenhagen.com\/da\/wp-json\/wp\/v2\/product\/19005","targetHints":{"allow":["GET"]}}],"collection":[{"href":"https:\/\/zlcopenhagen.com\/da\/wp-json\/wp\/v2\/product"}],"about":[{"href":"https:\/\/zlcopenhagen.com\/da\/wp-json\/wp\/v2\/types\/product"}],"replies":[{"embeddable":true,"href":"https:\/\/zlcopenhagen.com\/da\/wp-json\/wp\/v2\/comments?post=19005"}],"wp:featuredmedia":[{"embeddable":true,"href":"https:\/\/zlcopenhagen.com\/da\/wp-json\/wp\/v2\/media\/21525"}],"wp:attachment":[{"href":"https:\/\/zlcopenhagen.com\/da\/wp-json\/wp\/v2\/media?parent=19005"}],"wp:term":[{"taxonomy":"product_brand","embeddable":true,"href":"https:\/\/zlcopenhagen.com\/da\/wp-json\/wp\/v2\/product_brand?post=19005"},{"taxonomy":"product_cat","embeddable":true,"href":"https:\/\/zlcopenhagen.com\/da\/wp-json\/wp\/v2\/product_cat?post=19005"},{"taxonomy":"product_tag","embeddable":true,"href":"https:\/\/zlcopenhagen.com\/da\/wp-json\/wp\/v2\/product_tag?post=19005"}],"curies":[{"name":"wp","href":"https:\/\/api.w.org\/{rel}","templated":true}]}}