{"id":18925,"date":"2016-11-21T21:05:25","date_gmt":"2016-11-21T20:05:26","guid":{"rendered":"https:\/\/zlcopenhagen.com\/product\/reflex-paracord-armbaand-copy\/?lang=da"},"modified":"2021-02-01T12:19:29","modified_gmt":"2021-02-01T11:19:29","slug":"sort-i-sort-armbaand","status":"publish","type":"product","link":"https:\/\/zlcopenhagen.com\/da\/produkt\/sort-i-sort-armbaand\/","title":{"rendered":"SORT I SORT ARMB\u00c5ND"},"content":{"rendered":"<p>[spb_tabs tabs_type=&#8221;standard&#8221; center_tabs=&#8221;no&#8221; width=&#8221;1\/1&#8243; el_position=&#8221;first last&#8221;] [spb_tab title=&#8221;Produkt&#8221; icon=&#8221;&#8221; id=&#8221;Produkt&#8221;] [spb_text_block animation=&#8221;none&#8221; animation_delay=&#8221;0&#8243; simplified_controls=&#8221;yes&#8221; custom_css_percentage=&#8221;no&#8221; padding_vertical=&#8221;0&#8243; padding_horizontal=&#8221;0&#8243; margin_vertical=&#8221;0&#8243; custom_css=&#8221;margin-top: 0px;margin-bottom: 0px;&#8221; border_size=&#8221;0&#8243; border_styling_global=&#8221;default&#8221; width=&#8221;1\/1&#8243; el_position=&#8221;first last&#8221;]<\/p>\n<h3>SORT I SORT PARACORD ARMB\u00c5ND<\/h3>\n<h3>NEDTONET LOOK<\/h3>\n<p>Denne fr\u00e6kke armb\u00e5nd, er fremstillet af farverne sort i sort med sort metal l\u00e5s. Leveres med gave\u00e6ske.<br \/>\nParacord blev oprindeligt brugt til faldsk\u00e6rme under 2. verdens krig, og har en ansl\u00e5et b\u00e6reevne p\u00e5 250 KG. Den tynde nylonsnor er blevet synonym med styrke, mod og overlevelse. Med et paracord armb\u00e5nd om h\u00e5ndleddet har du altid en st\u00e6rk og brugbar snor ved h\u00e5nden.\u00a0Til vores smykke kollektion, bruger vi\u00a0<a href=\"https:\/\/www.econyl.com\/\" target=\"_blank\" rel=\"noopener\">genanvendt nylon<\/a>. Paracord f\u00e5s i mange farver, m\u00f8nstre.<\/p>\n<h3>LAV DIT EGET PARACORD ARMB\u00c5ND<\/h3>\n<p>Det er simpelt nemt at lave dit eget armb\u00e5nd, hvor du skal bruge mindst 3 meter nylon snor, og en l\u00e5s, der kan v\u00e6re lavet i metal, eller en plastik sp\u00e6nde. Se den engelske guide\u00a0<a href=\"https:\/\/www.youtube.com\/watch?v=LtlLPxSMfds&amp;t=321s\" target=\"_blank\" rel=\"noopener\">her\u00a0<\/a><br \/>\nEventuelt se den danske version\u00a0<a href=\"https:\/\/www.youtube.com\/watch?v=ZOaBu-H7hUg\" target=\"_blank\" rel=\"noopener\">her<\/a><\/p>\n<p>Hvis det bliver for b\u00f8vlet, kan du ogs\u00e5 bare k\u00f8be den nemt online her.<\/p>\n<p><strong>Et godt r\u00e5d! Hvis du er kreativt, og vant til at lave smykker, kan du nemt tilf\u00f8je et lille kompas p\u00e5 midten, eller en stor perle.<\/strong><\/p>\n<p>[\/spb_text_block] [spb_video remove_related=&#8221;yes&#8221; autoplay=&#8221;no&#8221; full_width=&#8221;no&#8221; width=&#8221;1\/1&#8243; el_position=&#8221;last&#8221;] [\/spb_tab] [spb_tab title=&#8221;Materiale&#8221; icon=&#8221;&#8221; id=&#8221;Materiale&#8221;] [spb_text_block animation=&#8221;none&#8221; animation_delay=&#8221;0&#8243; simplified_controls=&#8221;yes&#8221; custom_css_percentage=&#8221;no&#8221; padding_vertical=&#8221;0&#8243; padding_horizontal=&#8221;0&#8243; margin_vertical=&#8221;0&#8243; border_size=&#8221;0&#8243; border_styling_global=&#8221;default&#8221; width=&#8221;1\/1&#8243; el_position=&#8221;first last&#8221;]<\/p>\n<p>Materialet best\u00e5r af helt almindelig nylon, genanvendt fra plast affald.<\/p>\n<p>[\/spb_text_block] [\/spb_tab] [spb_tab title=&#8221;Pleje&#8221; icon=&#8221;&#8221; id=&#8221;Pleje&#8221;] [spb_text_block animation=&#8221;none&#8221; animation_delay=&#8221;0&#8243; simplified_controls=&#8221;yes&#8221; custom_css_percentage=&#8221;no&#8221; padding_vertical=&#8221;0&#8243; padding_horizontal=&#8221;0&#8243; margin_vertical=&#8221;0&#8243; custom_css=&#8221;margin-top: 0px;margin-bottom: 0px;&#8221; border_size=&#8221;0&#8243; border_styling_global=&#8221;default&#8221; width=&#8221;1\/1&#8243; el_position=&#8221;first last&#8221;]<\/p>\n<ul>\n<li>Vaskes med fugtig klud forsigtigt efter behov<\/li>\n<li>Undg\u00e5 at sove med dine smykker p\u00e5<\/li>\n<li>Undg\u00e5 at dyrke sport med dine smykker p\u00e5<\/li>\n<li>Undg\u00e5 at g\u00e5 i bad med dem p\u00e5 \u2013 Is\u00e6r l\u00e6der<\/li>\n<li>Undg\u00e5 ber\u00f8ring med saltvand, for eksempel i forbindelse med udend\u00f8rs badning<\/li>\n<li>Undg\u00e5 i kontakt med parfume, cremer, h\u00e5rlak osv.<\/li>\n<li>Opbevar dem sikkert, gerne i en stof pose<\/li>\n<\/ul>\n<p>[\/spb_text_block] [\/spb_tab] [spb_tab title=&#8221;S\u00e5dan laver du dit helt eget armb\u00e5nd&#8221; icon=&#8221;&#8221; id=&#8221;Sdanlaverduditheltegetarmbnd&#8221;] [spb_video link=&#8221;https:\/\/www.youtube.com\/watch?v=ZOaBu-H7hUg&#8221; remove_related=&#8221;yes&#8221; autoplay=&#8221;no&#8221; full_width=&#8221;no&#8221; width=&#8221;1\/1&#8243; el_position=&#8221;first last&#8221;] [\/spb_tab] [spb_tab title=&#8221;St\u00f8rrelse&#8221; icon=&#8221;&#8221; id=&#8221;Strrelse&#8221;] [spb_text_block animation=&#8221;none&#8221; animation_delay=&#8221;0&#8243; simplified_controls=&#8221;yes&#8221; custom_css_percentage=&#8221;no&#8221; padding_vertical=&#8221;0&#8243; padding_horizontal=&#8221;0&#8243; margin_vertical=&#8221;0&#8243; border_size=&#8221;0&#8243; border_styling_global=&#8221;default&#8221; width=&#8221;1\/1&#8243; el_position=&#8221;first last&#8221;]<\/p>\n<p>F\u00e5s i 3 st\u00f8rrelser, svarende til small, medium og large.<\/p>\n<p>Den gennemsnitlige mands h\u00e5nd er 18 cm. F\u00e5 yderligere oplysninger om st\u00f8rrelsesforhold <a href=\"https:\/\/zlcopenhagen.com\/stoerrelsesguide\/?lang=da\" target=\"_blank\" rel=\"noopener\">St\u00f8rrelsesguide link<\/a><\/p>\n<ul>\n<li>19 cm (small) svarer til h\u00e5ndledstykkelse \u00a0max. 17 cm (7\u2033) og l\u00e6ngden p\u00e5 line er ca 2 meter.<\/li>\n<li>21 cm (medium) svarer til h\u00e5ndledstykkelse max. 20 cm (8\u2033), l\u00e6ngde p\u00e5 line \u00a02,25 m<\/li>\n<li>23 cm (large) svarer til h\u00e5ndledstykkelse max. 22 cm (9\u2033), l\u00e6ngden p\u00e5 line 2,5 m<\/li>\n<li>Evt. ring til os p\u00e5 +45 7070 7666 eller skriv p\u00e5\u00a0info@zlcopenhagen.com<\/li>\n<\/ul>\n<p>&nbsp;<\/p>\n<p>[\/spb_text_block] [\/spb_tab] [\/spb_tabs] [spb_image image=&#8221;20445&#8243; image_size=&#8221;full&#8221; frame=&#8221;noframe&#8221; caption_pos=&#8221;hover&#8221; remove_rounded=&#8221;yes&#8221; fullwidth=&#8221;no&#8221; overflow_mode=&#8221;none&#8221; link_target=&#8221;_self&#8221; lightbox=&#8221;no&#8221; intro_animation=&#8221;none&#8221; animation_delay=&#8221;200&#8243; width=&#8221;1\/2&#8243; el_position=&#8221;first&#8221;][\/spb_image] [spb_image image=&#8221;18928&#8243; image_size=&#8221;full&#8221; frame=&#8221;noframe&#8221; caption_pos=&#8221;hover&#8221; remove_rounded=&#8221;yes&#8221; fullwidth=&#8221;no&#8221; overflow_mode=&#8221;none&#8221; link_target=&#8221;_self&#8221; lightbox=&#8221;no&#8221; intro_animation=&#8221;none&#8221; animation_delay=&#8221;200&#8243; width=&#8221;1\/2&#8243; el_position=&#8221;last&#8221;][\/spb_image]<\/p>\n","protected":false},"excerpt":{"rendered":"<p>[spb_tabs tabs_type=&#8221;standard&#8221; center_tabs=&#8221;no&#8221; width=&#8221;1\/1&#8243; el_position=&#8221;first last&#8221;] [spb_tab title=&#8221;Produkt&#8221; icon=&#8221;&#8221; id=&#8221;Produkt&#8221;] [spb_text_block animation=&#8221;none&#8221; animation_delay=&#8221;0&#8243; simplified_controls=&#8221;yes&#8221; custom_css_percentage=&#8221;no&#8221; padding_vertical=&#8221;0&#8243; padding_horizontal=&#8221;0&#8243; margin_vertical=&#8221;0&#8243; custom_css=&#8221;margin-top: 0px;margin-bottom: 0px;&#8221; border_size=&#8221;0&#8243; border_styling_global=&#8221;default&#8221; width=&#8221;1\/1&#8243; el_position=&#8221;first last&#8221;] SORT I SORT PARACORD ARMB\u00c5ND NEDTONET LOOK Denne fr\u00e6kke armb\u00e5nd, er fremstillet af farverne sort i sort med sort metal l\u00e5s. Leveres med gave\u00e6ske. Paracord blev oprindeligt brugt til faldsk\u00e6rme under 2. verdens krig, [&hellip;]<\/p>\n","protected":false},"featured_media":18928,"comment_status":"closed","ping_status":"closed","template":"","meta":[],"product_brand":[],"product_cat":[121,125],"product_tag":[205,255],"class_list":{"0":"post-18925","1":"product","2":"type-product","3":"status-publish","4":"has-post-thumbnail","6":"product_cat-baeredygtige-smykker","7":"product_cat-makrame-armband-smykke","8":"product_tag-bracelet-da","9":"product_tag-paracord-da","11":"first","12":"instock","13":"taxable","14":"shipping-taxable","15":"purchasable","16":"product-type-variable","17":"has-default-attributes"},"yoast_head":"<!-- This site is optimized with the Yoast SEO Premium plugin v26.6 (Yoast SEO v27.5) - https:\/\/yoast.com\/product\/yoast-seo-premium-wordpress\/ -->\n<title>Sort i sort armb\u00e5nd | Den tidsl\u00f8se designet herresmykke i dansk kvalitet<\/title>\n<meta name=\"description\" content=\"Sort i sort armb\u00e5nd | Den tidsl\u00f8se dansk design der styrker din maskuline look. F\u00f8r i tiden, var det kvinderne, der bar smykker. Den moderne\" \/>\n<meta name=\"robots\" content=\"index, follow, max-snippet:-1, max-image-preview:large, max-video-preview:-1\" \/>\n<link rel=\"canonical\" href=\"https:\/\/zlcopenhagen.com\/da\/produkt\/sort-i-sort-armbaand\/\" \/>\n<meta property=\"og:locale\" content=\"da_DK\" \/>\n<meta property=\"og:type\" content=\"article\" \/>\n<meta property=\"og:title\" content=\"SORT I SORT ARMB\u00c5ND\" \/>\n<meta property=\"og:description\" content=\"Sort i sort armb\u00e5nd | Den tidsl\u00f8se dansk design der styrker din maskuline look. F\u00f8r i tiden, var det kvinderne, der bar smykker. Den moderne\" \/>\n<meta property=\"og:url\" content=\"https:\/\/zlcopenhagen.com\/da\/produkt\/sort-i-sort-armbaand\/\" \/>\n<meta property=\"og:site_name\" content=\"zlcopenhagen.com\" \/>\n<meta property=\"article:modified_time\" content=\"2021-02-01T11:19:29+00:00\" \/>\n<meta property=\"og:image\" content=\"https:\/\/i0.wp.com\/zlcopenhagen.com\/wp-content\/uploads\/2016\/11\/A016AS.jpg?fit=1200%2C1200&ssl=1\" \/>\n\t<meta property=\"og:image:width\" content=\"1200\" \/>\n\t<meta property=\"og:image:height\" content=\"1200\" \/>\n\t<meta property=\"og:image:type\" content=\"image\/jpeg\" \/>\n<meta name=\"twitter:card\" content=\"summary_large_image\" \/>\n<meta name=\"twitter:label1\" content=\"Tilg\u00e6ngelighed\" \/>\n\t<meta name=\"twitter:data1\" content=\"P\u00e5 lager\" \/>\n<meta property=\"og:availability\" content=\"instock\" \/>\n<meta property=\"product:availability\" content=\"instock\" \/>\n<meta property=\"product:condition\" content=\"new\" \/>\n<!-- \/ Yoast SEO Premium plugin. -->","yoast_head_json":{"title":"Sort i sort armb\u00e5nd | Den tidsl\u00f8se designet herresmykke i dansk kvalitet","description":"Sort i sort armb\u00e5nd | Den tidsl\u00f8se dansk design der styrker din maskuline look. F\u00f8r i tiden, var det kvinderne, der bar smykker. Den moderne","robots":{"index":"index","follow":"follow","max-snippet":"max-snippet:-1","max-image-preview":"max-image-preview:large","max-video-preview":"max-video-preview:-1"},"canonical":"https:\/\/zlcopenhagen.com\/da\/produkt\/sort-i-sort-armbaand\/","og_locale":"da_DK","og_type":"article","og_title":"SORT I SORT ARMB\u00c5ND","og_description":"Sort i sort armb\u00e5nd | Den tidsl\u00f8se dansk design der styrker din maskuline look. F\u00f8r i tiden, var det kvinderne, der bar smykker. Den moderne","og_url":"https:\/\/zlcopenhagen.com\/da\/produkt\/sort-i-sort-armbaand\/","og_site_name":"zlcopenhagen.com","article_modified_time":"2021-02-01T11:19:29+00:00","og_image":[{"width":1200,"height":1200,"url":"https:\/\/i0.wp.com\/zlcopenhagen.com\/wp-content\/uploads\/2016\/11\/A016AS.jpg?fit=1200%2C1200&ssl=1","type":"image\/jpeg"}],"twitter_card":"summary_large_image","twitter_misc":{"Tilg\u00e6ngelighed":"P\u00e5 lager"},"schema":{"@context":"https:\/\/schema.org","@graph":[{"@type":"WebPage","@id":"https:\/\/zlcopenhagen.com\/da\/produkt\/sort-i-sort-armbaand\/","url":"https:\/\/zlcopenhagen.com\/da\/produkt\/sort-i-sort-armbaand\/","name":"Sort i sort armb\u00e5nd | Den tidsl\u00f8se designet herresmykke i dansk kvalitet","isPartOf":{"@id":"https:\/\/zlcopenhagen.com\/#website"},"primaryImageOfPage":{"@id":"https:\/\/zlcopenhagen.com\/da\/produkt\/sort-i-sort-armbaand\/#primaryimage"},"image":{"@id":"https:\/\/zlcopenhagen.com\/da\/produkt\/sort-i-sort-armbaand\/#primaryimage"},"thumbnailUrl":"https:\/\/zlcopenhagen.com\/wp-content\/uploads\/2016\/11\/A016AS.jpg","datePublished":"2016-11-21T20:05:26+00:00","dateModified":"2021-02-01T11:19:29+00:00","description":"Sort i sort armb\u00e5nd | Den tidsl\u00f8se dansk design der styrker din maskuline look. F\u00f8r i tiden, var det kvinderne, der bar smykker. Den moderne","breadcrumb":{"@id":"https:\/\/zlcopenhagen.com\/da\/produkt\/sort-i-sort-armbaand\/#breadcrumb"},"inLanguage":"da-DK","potentialAction":[{"@type":"ReadAction","target":["https:\/\/zlcopenhagen.com\/da\/produkt\/sort-i-sort-armbaand\/"]}]},{"@type":"ImageObject","inLanguage":"da-DK","@id":"https:\/\/zlcopenhagen.com\/da\/produkt\/sort-i-sort-armbaand\/#primaryimage","url":"https:\/\/zlcopenhagen.com\/wp-content\/uploads\/2016\/11\/A016AS.jpg","contentUrl":"https:\/\/zlcopenhagen.com\/wp-content\/uploads\/2016\/11\/A016AS.jpg","width":1200,"height":1200,"caption":"sort i sort arb\u00e5nd til den fr\u00e6kke mand."},{"@type":"BreadcrumbList","@id":"https:\/\/zlcopenhagen.com\/da\/produkt\/sort-i-sort-armbaand\/#breadcrumb","itemListElement":[{"@type":"ListItem","position":1,"name":"Home","item":"https:\/\/zlcopenhagen.com\/da\/"},{"@type":"ListItem","position":2,"name":"Shop","item":"https:\/\/zlcopenhagen.com\/da\/shop\/"},{"@type":"ListItem","position":3,"name":"SORT I SORT ARMB\u00c5ND"}]},{"@type":"WebSite","@id":"https:\/\/zlcopenhagen.com\/#website","url":"https:\/\/zlcopenhagen.com\/","name":"zlcopenhagen.com","description":"","publisher":{"@id":"https:\/\/zlcopenhagen.com\/#organization"},"potentialAction":[{"@type":"SearchAction","target":{"@type":"EntryPoint","urlTemplate":"https:\/\/zlcopenhagen.com\/?s={search_term_string}"},"query-input":{"@type":"PropertyValueSpecification","valueRequired":true,"valueName":"search_term_string"}}],"inLanguage":"da-DK"},{"@type":["Organization","Place"],"@id":"https:\/\/zlcopenhagen.com\/#organization","name":"ZLCOPENHAGEN","alternateName":"ZLCOPENHAGEN","url":"https:\/\/zlcopenhagen.com\/","logo":{"@id":"https:\/\/zlcopenhagen.com\/da\/produkt\/sort-i-sort-armbaand\/#local-main-organization-logo"},"image":{"@id":"https:\/\/zlcopenhagen.com\/da\/produkt\/sort-i-sort-armbaand\/#local-main-organization-logo"},"sameAs":["https:\/\/www.youtube.com\/channel\/UCy7JINwB6DMr2fA9yHpDQJg"],"telephone":[],"openingHoursSpecification":[{"@type":"OpeningHoursSpecification","dayOfWeek":["Monday","Tuesday","Wednesday","Thursday","Friday","Saturday","Sunday"],"opens":"09:00","closes":"17:00"}]},{"@type":"ImageObject","inLanguage":"da-DK","@id":"https:\/\/zlcopenhagen.com\/da\/produkt\/sort-i-sort-armbaand\/#local-main-organization-logo","url":"https:\/\/zlcopenhagen.com\/wp-content\/uploads\/2016\/05\/blog-logo.jpg","contentUrl":"https:\/\/zlcopenhagen.com\/wp-content\/uploads\/2016\/05\/blog-logo.jpg","width":68,"height":68,"caption":"ZLCOPENHAGEN"}]},"og_availability":"instock","product_availability":"instock","product_condition":"new"},"_links":{"self":[{"href":"https:\/\/zlcopenhagen.com\/da\/wp-json\/wp\/v2\/product\/18925","targetHints":{"allow":["GET"]}}],"collection":[{"href":"https:\/\/zlcopenhagen.com\/da\/wp-json\/wp\/v2\/product"}],"about":[{"href":"https:\/\/zlcopenhagen.com\/da\/wp-json\/wp\/v2\/types\/product"}],"replies":[{"embeddable":true,"href":"https:\/\/zlcopenhagen.com\/da\/wp-json\/wp\/v2\/comments?post=18925"}],"wp:featuredmedia":[{"embeddable":true,"href":"https:\/\/zlcopenhagen.com\/da\/wp-json\/wp\/v2\/media\/18928"}],"wp:attachment":[{"href":"https:\/\/zlcopenhagen.com\/da\/wp-json\/wp\/v2\/media?parent=18925"}],"wp:term":[{"taxonomy":"product_brand","embeddable":true,"href":"https:\/\/zlcopenhagen.com\/da\/wp-json\/wp\/v2\/product_brand?post=18925"},{"taxonomy":"product_cat","embeddable":true,"href":"https:\/\/zlcopenhagen.com\/da\/wp-json\/wp\/v2\/product_cat?post=18925"},{"taxonomy":"product_tag","embeddable":true,"href":"https:\/\/zlcopenhagen.com\/da\/wp-json\/wp\/v2\/product_tag?post=18925"}],"curies":[{"name":"wp","href":"https:\/\/api.w.org\/{rel}","templated":true}]}}