{"id":18759,"date":"2016-10-26T20:39:32","date_gmt":"2016-10-26T20:39:32","guid":{"rendered":"https:\/\/zlcopenhagen.com\/product\/vladimir-cancer-bracelet\/?lang=da"},"modified":"2021-08-19T21:52:26","modified_gmt":"2021-08-19T20:52:26","slug":"vladimir-kraeftens-bekaempelse-roed-soels-armbaand","status":"publish","type":"product","link":"https:\/\/zlcopenhagen.com\/da\/produkt\/vladimir-kraeftens-bekaempelse-roed-soels-armbaand\/","title":{"rendered":"KR\u00c6FTENS BEK\u00c6MPELSE VLADIMIR R\u00d8D S\u00d8LV ARMB\u00c5ND"},"content":{"rendered":"<p>[spb_tabs tabs_type=&#8221;standard&#8221; center_tabs=&#8221;no&#8221; width=&#8221;1\/1&#8243; el_position=&#8221;first last&#8221;] [spb_tab title=&#8221;Produkt&#8221; icon=&#8221;&#8221; id=&#8221;Produkt&#8221;] [spb_text_block animation=&#8221;none&#8221; animation_delay=&#8221;0&#8243; simplified_controls=&#8221;yes&#8221; custom_css_percentage=&#8221;no&#8221; padding_vertical=&#8221;0&#8243; padding_horizontal=&#8221;0&#8243; margin_vertical=&#8221;0&#8243; custom_css=&#8221;margin-top: 0px;margin-bottom: 0px;&#8221; border_size=&#8221;0&#8243; border_styling_global=&#8221;default&#8221; width=&#8221;1\/1&#8243; el_position=&#8221;first last&#8221;]<\/p>\n<div class=\"-s-bullet-point\">\n<h3>TIL \u00c6RE FOR VLADIMIR APPOLONOV<\/h3>\n<p>Det r\u00f8de armb\u00e5nd er opkaldt efter <a href=\"https:\/\/www.facebook.com\/VladimirCph\" target=\"_blank\" rel=\"noopener\">Vladimir Appolonov<\/a>, en tidligere model for ZLCOPENHAGEN. En flot ung fyr, som var en af vores f\u00f8rste og bedste modeller. Han blev diagnosticeret i 2016 med kr\u00e6ft og mistede efter en kort periode kampen mod denne alvorlige sygdom.<\/p>\n<h3>VLADIMIR KR\u00c6FTENS BEK\u00c6MPELSE ARMB\u00c5ND<\/h3>\n<p>Vladimir Kr\u00e6ftens Bek\u00e6mpelse Armb\u00e5nd er lavet af r\u00f8d milj\u00f8venlig faldsk\u00e6rmsline, og med en maskulint solid metall\u00e5s.\u00a0 Det s\u00e6lges til fordel for St\u00f8t Testikel kr\u00e6ft, og man giver dermed sit bidrag til kampen mod cancer. Den r\u00f8de farve armb\u00e5nd signalerer st\u00f8tte til kr\u00e6ftforskning og velg\u00f8renhed. Ca. 300 m\u00e6nd rammes af testikelkr\u00e6ft hvert \u00e5r,<\/p>\n<\/div>\n<div>\n<p>Halvdelen af overskud g\u00e5r direkte til <a href=\"https:\/\/www.cancer.dk\/\" target=\"_blank\" rel=\"noopener\">Kr\u00e6ftens Bek\u00e6mpelse<\/a>, med fokus p\u00e5 Testikel Kr\u00e6ft. L\u00e6s ogs\u00e5 vores artikel i bloggen om <a href=\"https:\/\/zlcopenhagen.com\/blog-cancer-grab-balls\/\" target=\"_blank\" rel=\"noopener\">Mikaels historie<\/a>.<\/p>\n<\/div>\n<p>[\/spb_text_block] [\/spb_tab] [spb_tab title=&#8221;Materiale&#8221; icon=&#8221;&#8221; id=&#8221;Materiale&#8221;] [spb_text_block animation=&#8221;none&#8221; animation_delay=&#8221;0&#8243; simplified_controls=&#8221;yes&#8221; custom_css_percentage=&#8221;no&#8221; padding_vertical=&#8221;0&#8243; padding_horizontal=&#8221;0&#8243; margin_vertical=&#8221;0&#8243; custom_css=&#8221;margin-top: 0px;margin-bottom: 0px;&#8221; border_size=&#8221;0&#8243; border_styling_global=&#8221;default&#8221; width=&#8221;1\/1&#8243; el_position=&#8221;first last&#8221;]<\/p>\n<h3><span style=\"color: #333333;\">LIDT FAKTA<\/span><\/h3>\n<p>Armb\u00e5ndet er flettet af nylonsnor, ogs\u00e5 kaldet faldsk\u00e6rmsline, der er utrolig holdbart og slidst\u00e6rkt som materiale. Brudstyrke: Ca. 250 kg<\/p>\n<p>Derfor er det et oplagt overlevelses materiale i naturen, n\u00e5r uheldet er ude, og n\u00e5r man mindst venter der. Det fantastiske ved dette paracord er, at for hvert 1 meter f\u00e5r man 3 meter sammenlagt paracord ud af det, der best\u00e5r af yderligere 7 indvendige tr\u00e5de, der er lavet er fine slidst\u00e6rke 3 nylonfilamenter. Hvis uheldet er ude, s\u00e5 brug som sn\u00f8reb\u00e5nd, lave en skinne, en \u00e5represse, eller reparere \u00f8delagte genstande, som t\u00f8j for eksempel. De fine tr\u00e5de kan ogs\u00e5 bruges som fiskesn\u00f8re.<\/p>\n<p>Metall\u00e5sen er lavet af rustfrit st\u00e5l, med en blank overflade.<\/p>\n<p>[\/spb_text_block] [\/spb_tab] [spb_tab title=&#8221;Vaskeanvisninger&#8221; icon=&#8221;&#8221; id=&#8221;Vaskeanvisninger&#8221;] [spb_text_block animation=&#8221;none&#8221; animation_delay=&#8221;0&#8243; simplified_controls=&#8221;yes&#8221; custom_css_percentage=&#8221;no&#8221; padding_vertical=&#8221;0&#8243; padding_horizontal=&#8221;0&#8243; margin_vertical=&#8221;0&#8243; custom_css=&#8221;margin-top: 0px;margin-bottom: 0px;&#8221; border_size=&#8221;0&#8243; border_styling_global=&#8221;default&#8221; width=&#8221;1\/1&#8243; el_position=&#8221;first last&#8221;]<\/p>\n<p>F\u00f8lg disse simple r\u00e5d, for en lang levetid af\u00a0 dit smykke:<\/p>\n<ul>\n<li>at du tager dem af n\u00e5r du vasker h\u00e6nder\/bader<\/li>\n<li>undg\u00e5 at sove med dem<\/li>\n<li>undg\u00e5 at b\u00e6re dem under en fysisk aktivitet, herunder fitness<\/li>\n<li>undg\u00e5r at komme med parfume, creme, s\u00e6ber eller kemikalier af nogen art<\/li>\n<li>efter endt brug, aft\u00f8rrer dem med en ren fugtig klud<\/li>\n<\/ul>\n<p>[\/spb_text_block] [\/spb_tab] [spb_tab title=&#8221;St\u00f8rrelse&#8221; icon=&#8221;&#8221; id=&#8221;Strrelse&#8221;] [spb_text_block animation=&#8221;none&#8221; animation_delay=&#8221;0&#8243; simplified_controls=&#8221;yes&#8221; custom_css_percentage=&#8221;no&#8221; padding_vertical=&#8221;0&#8243; padding_horizontal=&#8221;0&#8243; margin_vertical=&#8221;0&#8243; custom_css=&#8221;margin-top: 0px;margin-bottom: 0px;&#8221; border_size=&#8221;0&#8243; border_styling_global=&#8221;default&#8221; width=&#8221;1\/1&#8243; el_position=&#8221;first last&#8221;]<\/p>\n<p>F\u00e5s i 3 st\u00f8rrelse, hvor den p\u00e5 19 cm svarer til en small, 21 cm til en medium og 23 cm\u00a0 til en large st\u00f8rrelse.<br \/>\nFor yderligere info, se din st\u00f8rrelse p\u00e5 denne <a href=\"https:\/\/zlcopenhagen.com\/stoerrelsesguide\/?lang=da\" target=\"_blank\" rel=\"noopener\">st\u00f8rrelsesguide side.<\/a><\/p>\n<p>[\/spb_text_block] [\/spb_tab] [\/spb_tabs] [spb_image image=&#8221;18768&#8243; image_size=&#8221;full&#8221; frame=&#8221;noframe&#8221; caption_pos=&#8221;hover&#8221; remove_rounded=&#8221;yes&#8221; fullwidth=&#8221;no&#8221; overflow_mode=&#8221;none&#8221; link_target=&#8221;_self&#8221; lightbox=&#8221;no&#8221; intro_animation=&#8221;none&#8221; animation_delay=&#8221;200&#8243; width=&#8221;1\/1&#8243; el_position=&#8221;first last&#8221;][\/spb_image] [spb_text_block animation=&#8221;none&#8221; animation_delay=&#8221;0&#8243; simplified_controls=&#8221;yes&#8221; custom_css_percentage=&#8221;no&#8221; padding_vertical=&#8221;0&#8243; padding_horizontal=&#8221;0&#8243; margin_vertical=&#8221;0&#8243; custom_css=&#8221;margin-top: 0px;margin-bottom: 0px;&#8221; border_size=&#8221;0&#8243; border_styling_global=&#8221;default&#8221; width=&#8221;1\/1&#8243; el_position=&#8221;first last&#8221;]<\/p>\n<p><em>Blevet blev taget i starten af 2012 af Bjarni Lamhauge. 4 \u00e5r efter tabte han kampen mod kr\u00e6ft<\/em><\/p>\n<p>[\/spb_text_block]<\/p>\n","protected":false},"excerpt":{"rendered":"<p>[spb_tabs tabs_type=&#8221;standard&#8221; center_tabs=&#8221;no&#8221; width=&#8221;1\/1&#8243; el_position=&#8221;first last&#8221;] [spb_tab title=&#8221;Produkt&#8221; icon=&#8221;&#8221; id=&#8221;Produkt&#8221;] [spb_text_block animation=&#8221;none&#8221; animation_delay=&#8221;0&#8243; simplified_controls=&#8221;yes&#8221; custom_css_percentage=&#8221;no&#8221; padding_vertical=&#8221;0&#8243; padding_horizontal=&#8221;0&#8243; margin_vertical=&#8221;0&#8243; custom_css=&#8221;margin-top: 0px;margin-bottom: 0px;&#8221; border_size=&#8221;0&#8243; border_styling_global=&#8221;default&#8221; width=&#8221;1\/1&#8243; el_position=&#8221;first last&#8221;] TIL \u00c6RE FOR VLADIMIR APPOLONOV Det r\u00f8de armb\u00e5nd er opkaldt efter Vladimir Appolonov, en tidligere model for ZLCOPENHAGEN. En flot ung fyr, som var en af vores f\u00f8rste og bedste modeller. Han blev diagnosticeret [&hellip;]<\/p>\n","protected":false},"featured_media":18771,"comment_status":"closed","ping_status":"closed","template":"","meta":[],"product_brand":[],"product_cat":[121,125],"product_tag":[376,456],"class_list":{"0":"post-18759","1":"product","2":"type-product","3":"status-publish","4":"has-post-thumbnail","6":"product_cat-baeredygtige-smykker","7":"product_cat-makrame-armband-smykke","8":"product_tag-armbaand","9":"product_tag-kraeft","11":"first","12":"instock","13":"taxable","14":"shipping-taxable","15":"purchasable","16":"product-type-variable","17":"has-default-attributes"},"yoast_head":"<!-- This site is optimized with the Yoast SEO Premium plugin v26.6 (Yoast SEO v27.5) - https:\/\/yoast.com\/product\/yoast-seo-premium-wordpress\/ -->\n<title>Vladimir Kr\u00e6ftens Bek\u00e6mpelse armb\u00e5nd | G\u00f8r en forskel, st\u00f8t en god sag<\/title>\n<meta name=\"description\" content=\"Vladimir Kr\u00e6ftens Bek\u00e6mpelse armb\u00e5nd, til fordel for Kr\u00e6ftens Bek\u00e6mpelse, og for &quot;St\u00f8t Testikel kr\u00e6ft&quot;, som den r\u00f8de farve symboliserer, da..\" \/>\n<meta name=\"robots\" content=\"index, follow, max-snippet:-1, max-image-preview:large, max-video-preview:-1\" \/>\n<link rel=\"canonical\" href=\"https:\/\/zlcopenhagen.com\/da\/produkt\/vladimir-kraeftens-bekaempelse-roed-soels-armbaand\/\" \/>\n<meta property=\"og:locale\" content=\"da_DK\" \/>\n<meta property=\"og:type\" content=\"article\" \/>\n<meta property=\"og:title\" content=\"KR\u00c6FTENS BEK\u00c6MPELSE VLADIMIR R\u00d8D S\u00d8LV ARMB\u00c5ND\" \/>\n<meta property=\"og:description\" content=\"Vladimir Kr\u00e6ftens Bek\u00e6mpelse armb\u00e5nd, til fordel for Kr\u00e6ftens Bek\u00e6mpelse, og for &quot;St\u00f8t Testikel kr\u00e6ft&quot;, som den r\u00f8de farve symboliserer, da..\" \/>\n<meta property=\"og:url\" content=\"https:\/\/zlcopenhagen.com\/da\/produkt\/vladimir-kraeftens-bekaempelse-roed-soels-armbaand\/\" \/>\n<meta property=\"og:site_name\" content=\"zlcopenhagen.com\" \/>\n<meta property=\"article:modified_time\" content=\"2021-08-19T20:52:26+00:00\" \/>\n<meta property=\"og:image\" content=\"https:\/\/i0.wp.com\/zlcopenhagen.com\/wp-content\/uploads\/2016\/10\/A021AM.jpg?fit=1200%2C1200&ssl=1\" \/>\n\t<meta property=\"og:image:width\" content=\"1200\" \/>\n\t<meta property=\"og:image:height\" content=\"1200\" \/>\n\t<meta property=\"og:image:type\" content=\"image\/jpeg\" \/>\n<meta name=\"twitter:card\" content=\"summary_large_image\" \/>\n<meta name=\"twitter:label1\" content=\"Tilg\u00e6ngelighed\" \/>\n\t<meta name=\"twitter:data1\" content=\"P\u00e5 lager\" \/>\n<meta property=\"og:availability\" content=\"instock\" \/>\n<meta property=\"product:availability\" content=\"instock\" \/>\n<meta property=\"product:condition\" content=\"new\" \/>\n<!-- \/ Yoast SEO Premium plugin. -->","yoast_head_json":{"title":"Vladimir Kr\u00e6ftens Bek\u00e6mpelse armb\u00e5nd | G\u00f8r en forskel, st\u00f8t en god sag","description":"Vladimir Kr\u00e6ftens Bek\u00e6mpelse armb\u00e5nd, til fordel for Kr\u00e6ftens Bek\u00e6mpelse, og for \"St\u00f8t Testikel kr\u00e6ft\", som den r\u00f8de farve symboliserer, da..","robots":{"index":"index","follow":"follow","max-snippet":"max-snippet:-1","max-image-preview":"max-image-preview:large","max-video-preview":"max-video-preview:-1"},"canonical":"https:\/\/zlcopenhagen.com\/da\/produkt\/vladimir-kraeftens-bekaempelse-roed-soels-armbaand\/","og_locale":"da_DK","og_type":"article","og_title":"KR\u00c6FTENS BEK\u00c6MPELSE VLADIMIR R\u00d8D S\u00d8LV ARMB\u00c5ND","og_description":"Vladimir Kr\u00e6ftens Bek\u00e6mpelse armb\u00e5nd, til fordel for Kr\u00e6ftens Bek\u00e6mpelse, og for \"St\u00f8t Testikel kr\u00e6ft\", som den r\u00f8de farve symboliserer, da..","og_url":"https:\/\/zlcopenhagen.com\/da\/produkt\/vladimir-kraeftens-bekaempelse-roed-soels-armbaand\/","og_site_name":"zlcopenhagen.com","article_modified_time":"2021-08-19T20:52:26+00:00","og_image":[{"width":1200,"height":1200,"url":"https:\/\/i0.wp.com\/zlcopenhagen.com\/wp-content\/uploads\/2016\/10\/A021AM.jpg?fit=1200%2C1200&ssl=1","type":"image\/jpeg"}],"twitter_card":"summary_large_image","twitter_misc":{"Tilg\u00e6ngelighed":"P\u00e5 lager"},"schema":{"@context":"https:\/\/schema.org","@graph":[{"@type":"WebPage","@id":"https:\/\/zlcopenhagen.com\/da\/produkt\/vladimir-kraeftens-bekaempelse-roed-soels-armbaand\/","url":"https:\/\/zlcopenhagen.com\/da\/produkt\/vladimir-kraeftens-bekaempelse-roed-soels-armbaand\/","name":"Vladimir Kr\u00e6ftens Bek\u00e6mpelse armb\u00e5nd | G\u00f8r en forskel, st\u00f8t en god sag","isPartOf":{"@id":"https:\/\/zlcopenhagen.com\/#website"},"primaryImageOfPage":{"@id":"https:\/\/zlcopenhagen.com\/da\/produkt\/vladimir-kraeftens-bekaempelse-roed-soels-armbaand\/#primaryimage"},"image":{"@id":"https:\/\/zlcopenhagen.com\/da\/produkt\/vladimir-kraeftens-bekaempelse-roed-soels-armbaand\/#primaryimage"},"thumbnailUrl":"https:\/\/zlcopenhagen.com\/wp-content\/uploads\/2016\/10\/A021AM.jpg","datePublished":"2016-10-26T20:39:32+00:00","dateModified":"2021-08-19T20:52:26+00:00","description":"Vladimir Kr\u00e6ftens Bek\u00e6mpelse armb\u00e5nd, til fordel for Kr\u00e6ftens Bek\u00e6mpelse, og for \"St\u00f8t Testikel kr\u00e6ft\", som den r\u00f8de farve symboliserer, da..","breadcrumb":{"@id":"https:\/\/zlcopenhagen.com\/da\/produkt\/vladimir-kraeftens-bekaempelse-roed-soels-armbaand\/#breadcrumb"},"inLanguage":"da-DK","potentialAction":[{"@type":"ReadAction","target":["https:\/\/zlcopenhagen.com\/da\/produkt\/vladimir-kraeftens-bekaempelse-roed-soels-armbaand\/"]}]},{"@type":"ImageObject","inLanguage":"da-DK","@id":"https:\/\/zlcopenhagen.com\/da\/produkt\/vladimir-kraeftens-bekaempelse-roed-soels-armbaand\/#primaryimage","url":"https:\/\/zlcopenhagen.com\/wp-content\/uploads\/2016\/10\/A021AM.jpg","contentUrl":"https:\/\/zlcopenhagen.com\/wp-content\/uploads\/2016\/10\/A021AM.jpg","width":1200,"height":1200,"caption":"kr\u00e6ftens Bek\u00e6mpelse med ZLC."},{"@type":"BreadcrumbList","@id":"https:\/\/zlcopenhagen.com\/da\/produkt\/vladimir-kraeftens-bekaempelse-roed-soels-armbaand\/#breadcrumb","itemListElement":[{"@type":"ListItem","position":1,"name":"Home","item":"https:\/\/zlcopenhagen.com\/da\/"},{"@type":"ListItem","position":2,"name":"Shop","item":"https:\/\/zlcopenhagen.com\/da\/shop\/"},{"@type":"ListItem","position":3,"name":"KR\u00c6FTENS BEK\u00c6MPELSE VLADIMIR R\u00d8D S\u00d8LV ARMB\u00c5ND"}]},{"@type":"WebSite","@id":"https:\/\/zlcopenhagen.com\/#website","url":"https:\/\/zlcopenhagen.com\/","name":"zlcopenhagen.com","description":"","publisher":{"@id":"https:\/\/zlcopenhagen.com\/#organization"},"potentialAction":[{"@type":"SearchAction","target":{"@type":"EntryPoint","urlTemplate":"https:\/\/zlcopenhagen.com\/?s={search_term_string}"},"query-input":{"@type":"PropertyValueSpecification","valueRequired":true,"valueName":"search_term_string"}}],"inLanguage":"da-DK"},{"@type":["Organization","Place"],"@id":"https:\/\/zlcopenhagen.com\/#organization","name":"ZLCOPENHAGEN","alternateName":"ZLCOPENHAGEN","url":"https:\/\/zlcopenhagen.com\/","logo":{"@id":"https:\/\/zlcopenhagen.com\/da\/produkt\/vladimir-kraeftens-bekaempelse-roed-soels-armbaand\/#local-main-organization-logo"},"image":{"@id":"https:\/\/zlcopenhagen.com\/da\/produkt\/vladimir-kraeftens-bekaempelse-roed-soels-armbaand\/#local-main-organization-logo"},"sameAs":["https:\/\/www.youtube.com\/channel\/UCy7JINwB6DMr2fA9yHpDQJg"],"telephone":[],"openingHoursSpecification":[{"@type":"OpeningHoursSpecification","dayOfWeek":["Monday","Tuesday","Wednesday","Thursday","Friday","Saturday","Sunday"],"opens":"09:00","closes":"17:00"}]},{"@type":"ImageObject","inLanguage":"da-DK","@id":"https:\/\/zlcopenhagen.com\/da\/produkt\/vladimir-kraeftens-bekaempelse-roed-soels-armbaand\/#local-main-organization-logo","url":"https:\/\/zlcopenhagen.com\/wp-content\/uploads\/2016\/05\/blog-logo.jpg","contentUrl":"https:\/\/zlcopenhagen.com\/wp-content\/uploads\/2016\/05\/blog-logo.jpg","width":68,"height":68,"caption":"ZLCOPENHAGEN"}]},"og_availability":"instock","product_availability":"instock","product_condition":"new"},"_links":{"self":[{"href":"https:\/\/zlcopenhagen.com\/da\/wp-json\/wp\/v2\/product\/18759","targetHints":{"allow":["GET"]}}],"collection":[{"href":"https:\/\/zlcopenhagen.com\/da\/wp-json\/wp\/v2\/product"}],"about":[{"href":"https:\/\/zlcopenhagen.com\/da\/wp-json\/wp\/v2\/types\/product"}],"replies":[{"embeddable":true,"href":"https:\/\/zlcopenhagen.com\/da\/wp-json\/wp\/v2\/comments?post=18759"}],"wp:featuredmedia":[{"embeddable":true,"href":"https:\/\/zlcopenhagen.com\/da\/wp-json\/wp\/v2\/media\/18771"}],"wp:attachment":[{"href":"https:\/\/zlcopenhagen.com\/da\/wp-json\/wp\/v2\/media?parent=18759"}],"wp:term":[{"taxonomy":"product_brand","embeddable":true,"href":"https:\/\/zlcopenhagen.com\/da\/wp-json\/wp\/v2\/product_brand?post=18759"},{"taxonomy":"product_cat","embeddable":true,"href":"https:\/\/zlcopenhagen.com\/da\/wp-json\/wp\/v2\/product_cat?post=18759"},{"taxonomy":"product_tag","embeddable":true,"href":"https:\/\/zlcopenhagen.com\/da\/wp-json\/wp\/v2\/product_tag?post=18759"}],"curies":[{"name":"wp","href":"https:\/\/api.w.org\/{rel}","templated":true}]}}