{"id":17775,"date":"2016-08-30T08:53:26","date_gmt":"2016-08-30T08:53:26","guid":{"rendered":"https:\/\/zlcopenhagen.com\/product\/reflex-paracord\/?lang=da"},"modified":"2024-02-11T18:03:14","modified_gmt":"2024-02-11T17:03:14","slug":"reflex-army-paracord-armbaand","status":"publish","type":"product","link":"https:\/\/zlcopenhagen.com\/da\/produkt\/reflex-army-paracord-armbaand\/","title":{"rendered":"REFLEX ARMY PARACORD ARMB\u00c5ND"},"content":{"rendered":"<p>[spb_tabs tabs_type=&#8221;standard&#8221; center_tabs=&#8221;no&#8221; width=&#8221;1\/1&#8243; el_position=&#8221;first last&#8221;] [spb_tab title=&#8221;Materiale&#8221; icon=&#8221;&#8221; id=&#8221;Materiale&#8221;] [spb_text_block animation=&#8221;none&#8221; animation_delay=&#8221;0&#8243; simplified_controls=&#8221;yes&#8221; custom_css_percentage=&#8221;no&#8221; padding_vertical=&#8221;0&#8243; padding_horizontal=&#8221;0&#8243; margin_vertical=&#8221;0&#8243; custom_css=&#8221;margin-top: 0px;margin-bottom: 0px;&#8221; border_size=&#8221;0&#8243; border_styling_global=&#8221;default&#8221; width=&#8221;1\/1&#8243; el_position=&#8221;first last&#8221;]<\/p>\n<p>Denne flotte armb\u00e5nd, er fremstillet af farven army gr\u00f8n og med sm\u00e5 reflekser i gr\u00e5lige nuancer. Perfekt til udend\u00f8rs brug, is\u00e6r aftenl\u00f8b eller frisk g\u00e5 tur, s\u00e5 bliver du i hvertfald set af modg\u00e5ende trafik. Fr\u00e6kt l\u00e6kkert smykke for den aktive mand.<\/p>\n<p>Paracord blev oprindeligt brugt til faldsk\u00e6rme under 2. verdens krig, og har en ansl\u00e5et b\u00e6reevne p\u00e5 250 KG. Den tynde nylonsnor er blevet synonym med styrke, mod og overlevelse. Med et paracord armb\u00e5nd om h\u00e5ndleddet har du altid en st\u00e6rk og brugbar snor ved h\u00e5nden.<\/p>\n<p>Til vores smykke kollektion, bruger vi genanvendt nylon, som f\u00e5s i mange farver og m\u00f8nstre, hvilket kan ses <a href=\"https:\/\/zlcopenhagen.com\/produkt-kategori\/smykker\/faldskaerms-snor\/?lang=da\" target=\"_blank\" rel=\"noopener\">her<\/a><\/p>\n<p>[\/spb_text_block] [\/spb_tab] [spb_tab title=&#8221;St\u00f8rrelse&#8221; icon=&#8221;&#8221; id=&#8221;Strrelse&#8221;] [spb_text_block animation=&#8221;none&#8221; animation_delay=&#8221;0&#8243; simplified_controls=&#8221;yes&#8221; custom_css_percentage=&#8221;no&#8221; padding_vertical=&#8221;0&#8243; padding_horizontal=&#8221;0&#8243; margin_vertical=&#8221;0&#8243; border_size=&#8221;0&#8243; border_styling_global=&#8221;default&#8221; width=&#8221;1\/1&#8243; el_position=&#8221;first last&#8221;]<\/p>\n<p>F\u00e5s i 3 st\u00f8rrelser, svarende til small, medium og large.<\/p>\n<p>Den gennemsnitlige mands h\u00e5nd er 18 cm. F\u00e5 yderligere oplysninger om st\u00f8rrelsesforhold <a href=\"https:\/\/zlcopenhagen.com\/stoerrelsesguide\/?lang=da\" target=\"_blank\" rel=\"noopener\">her<\/a><\/p>\n<ul>\n<li>19 cm (small) svarer til h\u00e5ndledstykkelse \u00a0max. 17 cm (7&#8243;) og l\u00e6ngden p\u00e5 line er ca 2 meter.<\/li>\n<li>21 cm (medium) svarer til h\u00e5ndledstykkelse max. 20 cm (8&#8243;), l\u00e6ngde p\u00e5 line \u00a02,25 m<\/li>\n<li>23 cm (large) svarer til h\u00e5ndledstykkelse max. 22 cm (9&#8243;), l\u00e6ngden p\u00e5 line 2,5 m<\/li>\n<li>Evt. ring til os p\u00e5 +45 7070 7666 eller skriv p\u00e5 info@zlcopenhagen.com<\/li>\n<\/ul>\n<p>&nbsp;<\/p>\n<p>[\/spb_text_block] [\/spb_tab] [spb_tab title=&#8221;Pleje&#8221; icon=&#8221;&#8221; id=&#8221;Pleje&#8221;] [spb_text_block animation=&#8221;none&#8221; animation_delay=&#8221;0&#8243; simplified_controls=&#8221;yes&#8221; custom_css_percentage=&#8221;no&#8221; padding_vertical=&#8221;0&#8243; padding_horizontal=&#8221;0&#8243; margin_vertical=&#8221;0&#8243; custom_css=&#8221;margin-top: 0px;margin-bottom: 0px;&#8221; border_size=&#8221;0&#8243; border_styling_global=&#8221;default&#8221; width=&#8221;1\/1&#8243; el_position=&#8221;first last&#8221;]<\/p>\n<div class=\"flex-1 overflow-hidden\">\n<div class=\"react-scroll-to-bottom--css-ivkax-79elbk h-full\">\n<div class=\"react-scroll-to-bottom--css-ivkax-1n7m0yu\">\n<div class=\"flex flex-col pb-9 text-sm\">\n<div class=\"w-full text-token-text-primary\" data-testid=\"conversation-turn-1175\">\n<div class=\"px-4 py-2 justify-center text-base md:gap-6 m-auto\">\n<div class=\"flex flex-1 text-base mx-auto gap-3 md:px-5 lg:px-1 xl:px-5 md:max-w-3xl lg:max-w-[40rem] xl:max-w-[48rem] group final-completion\">\n<div class=\"relative flex w-full flex-col lg:w-[calc(100%-115px)] agent-turn\">\n<div class=\"flex-col gap-1 md:gap-3\">\n<div class=\"flex flex-grow flex-col max-w-full\">\n<div class=\"min-h-[20px] text-message flex flex-col items-start gap-3 whitespace-pre-wrap break-words [.text-message+&amp;]:mt-5 overflow-x-auto\" data-message-author-role=\"assistant\" data-message-id=\"ca049d6f-41b1-4dbf-b07f-03f8badefdfe\">\n<div class=\"markdown prose w-full break-words dark:prose-invert light\">\n<h2>SMYKKEPLEJE MED ET TVIST<\/h2>\n<h4><strong>S\u00c5DAN HOLDER DU DINE JUVELER GLITRENDE OG FR\u00c6KKE?<\/strong><\/h4>\n<\/div>\n<\/div>\n<\/div>\n<div class=\"mt-1 flex justify-start gap-3 empty:hidden\"><\/div>\n<\/div>\n<\/div>\n<\/div>\n<\/div>\n<\/div>\n<\/div>\n<\/div>\n<\/div>\n<\/div>\n<ul>\n<li>Vaskes med fugtig klud forsigtigt efter behov<\/li>\n<li>Undg\u00e5 at sove med dine smykker p\u00e5<\/li>\n<li>Undg\u00e5 at dyrke sport med dine smykker p\u00e5<\/li>\n<li>Undg\u00e5 at g\u00e5 i bad med dem p\u00e5 &#8211; Is\u00e6r l\u00e6der<\/li>\n<li>Undg\u00e5 ber\u00f8ring med saltvand, for eksempel i forbindelse med udend\u00f8rs badning<\/li>\n<li>Undg\u00e5 i kontakt med parfume, cremer, h\u00e5rlak osv.<\/li>\n<li>Opbevar dem sikkert, gerne i en stof pose<\/li>\n<\/ul>\n<p>Reng\u00f8r dine prangende smykker med en v\u00e5d klud, n\u00e5r de er blevet lidt for svedige af al den sjov og ballade. Men pas p\u00e5, de kan blive lidt sarte og kr\u00e6ver blid h\u00e5ndtering.<\/p>\n<p>N\u00e5r det er sengetid, s\u00e5 husk at tage dine smykker af, medmindre du er klar til lidt ekstra krydderi i dine dr\u00f8mme.<\/p>\n<p>Lad v\u00e6re med at pr\u00f8ve at imponere nogen med dine fantastiske smykker, mens du svinger kettlebells eller laver yoga. Det kan ende med at blive en smertefuld oplevelse \u2013 for dine smykker.<\/p>\n<p>Brusebadstid er privat tid, s\u00e5 lad dine smykker blive ude af det. De vil takke dig for ikke at blive druknet i s\u00e6bevand og shampoo.<\/p>\n<p>Hvis du planl\u00e6gger en tur til stranden, skal du s\u00f8rge for at dine smykker bliver hjemme. De er ikke fans af saltvand og solbadning.<\/p>\n<p>Og for Guds skyld, lad v\u00e6re med at over\u00f8se dine smykker med parfume eller h\u00e5rspray. De vil hellere dufte af din naturlige charme.<\/p>\n<p>N\u00e5r dagen er omme, skal dine kostbare smykker have et sikkert og bl\u00f8dt sted at hvile. S\u00e5 pop dem i en stofpose og lad dem dr\u00f8mme s\u00f8de dr\u00f8mme om at pynte dig igen i morgen.<\/p>\n<p>[\/spb_text_block] [\/spb_tab] [spb_tab title=&#8221;Lav dit helt eget armb\u00e5nd&#8221; icon=&#8221;&#8221; id=&#8221;Lavditheltegetarmbnd&#8221;] [spb_video link=&#8221;https:\/\/www.youtube.com\/watch?v=ZOaBu-H7hUg&#8221; remove_related=&#8221;yes&#8221; autoplay=&#8221;no&#8221; full_width=&#8221;no&#8221; width=&#8221;1\/1&#8243; el_position=&#8221;first last&#8221;] [\/spb_tab] [spb_tab title=&#8221;Produkt&#8221; icon=&#8221;&#8221; id=&#8221;Produkt&#8221;] [spb_text_block animation=&#8221;none&#8221; animation_delay=&#8221;0&#8243; simplified_controls=&#8221;yes&#8221; custom_css_percentage=&#8221;no&#8221; padding_vertical=&#8221;0&#8243; padding_horizontal=&#8221;0&#8243; margin_vertical=&#8221;0&#8243; custom_css=&#8221;margin-top: 0px;margin-bottom: 0px;&#8221; border_size=&#8221;0&#8243; border_styling_global=&#8221;default&#8221; width=&#8221;1\/1&#8243; el_position=&#8221;first last&#8221;]<\/p>\n<h3>REFLEX PARACORD ARMB\u00c5ND MED SOLID RUSTFRIT ST\u00c5L<\/h3>\n<p>L\u00e6kker armb\u00e5nd med refleks-detaljer for den aktive mand. Brug den evt om natten, s\u00e5 du kan ses p\u00e5 afstand. F\u00e5s med gave\u00e6ske.<br \/>\nParacord blev oprindeligt brugt til faldsk\u00e6rme under 2. verdens krig, og har en ansl\u00e5et b\u00e6reevne p\u00e5 250 KG. Den tynde nylonsnor er blevet synonym med styrke, mod og overlevelse. Med et paracord armb\u00e5nd om h\u00e5ndleddet har du altid en st\u00e6rk og brugbar snor ved h\u00e5nden.\u00a0Til vores smykke kollektion, bruger vi <a href=\"https:\/\/www.econyl.com\/\" target=\"_blank\" rel=\"noopener\">genanvendt nylon<\/a>. Paracord f\u00e5s i mange farver, m\u00f8nstre.<\/p>\n<h3>LAV DIT EGET PARACORD ARMB\u00c5ND<\/h3>\n<p>Det er simpelt nemt at lave dit eget armb\u00e5nd, hvor du skal bruge mindst 3 meter nylon snor, og en l\u00e5s, der kan v\u00e6re lavet i metal, eller en plastik sp\u00e6nde. Se den engelske guide <a href=\"https:\/\/www.youtube.com\/watch?v=LtlLPxSMfds&amp;t=321s\" target=\"_blank\" rel=\"noopener\">her\u00a0<\/a><br \/>\nEventuelt se den danske version <a href=\"https:\/\/www.youtube.com\/watch?v=ZOaBu-H7hUg\" target=\"_blank\" rel=\"noopener\">her<\/a><\/p>\n<p>Hvis det bliver for b\u00f8vlet, kan du ogs\u00e5 bare k\u00f8be den nemt online her.<\/p>\n<p><strong>Et godt r\u00e5d! Hvis du er kreativt, og vant til at lave smykker, kan du nemt tilf\u00f8je et lille kompas p\u00e5 midten.<\/strong><\/p>\n<p>[\/spb_text_block] [\/spb_tab] [\/spb_tabs] [spb_image image=&#8221;27220&#8243; image_size=&#8221;full&#8221; frame=&#8221;noframe&#8221; caption_pos=&#8221;hover&#8221; remove_rounded=&#8221;yes&#8221; fullwidth=&#8221;no&#8221; overflow_mode=&#8221;none&#8221; image_link=&#8221;https:\/\/zlcopenhagen.com\/da\/produkt-kategori\/smykker\/rustfri-staal-smykker\/&#8221; link_target=&#8221;_blank&#8221; lightbox=&#8221;yes&#8221; intro_animation=&#8221;none&#8221; animation_delay=&#8221;200&#8243; width=&#8221;1\/2&#8243; el_position=&#8221;first&#8221;]<\/p>\n<h2 style=\"text-align: center;\">DYK NED I VERDENEN AF ST\u00c5L OG MANDEH\u00d8RM<\/h2>\n<p>[\/spb_image] [spb_image image=&#8221;31067&#8243; image_size=&#8221;full&#8221; frame=&#8221;noframe&#8221; caption_pos=&#8221;hover&#8221; remove_rounded=&#8221;yes&#8221; fullwidth=&#8221;no&#8221; overflow_mode=&#8221;none&#8221; image_link=&#8221;https:\/\/zlcopenhagen.com\/da\/produkt-kategori\/smykker\/rustfri-staal-smykker\/&#8221; link_target=&#8221;_blank&#8221; lightbox=&#8221;yes&#8221; intro_animation=&#8221;none&#8221; animation_delay=&#8221;200&#8243; width=&#8221;1\/2&#8243; el_position=&#8221;last&#8221;]<\/p>\n<h2 style=\"text-align: center;\"><a href=\"https:\/\/zlcopenhagen.com\/da\/produkt-kategori\/econyl-badebukser-plastaffald-havene\/\" target=\"_blank\" rel=\"noopener\">DR\u00d8MMEAGTIGE STRAND-\u00d8JEBLIKKE<\/a><\/h2>\n<p>[\/spb_image] [spb_blog blog_type=&#8221;masonry&#8221; gutters=&#8221;yes&#8221; columns=&#8221;4&#8243; fullwidth=&#8221;no&#8221; item_count=&#8221;5&#8243; category=&#8221;All&#8221; offset=&#8221;0&#8243; order_by=&#8221;date&#8221; order=&#8221;DESC&#8221; show_title=&#8221;yes&#8221; show_excerpt=&#8221;yes&#8221; show_details=&#8221;yes&#8221; excerpt_length=&#8221;20&#8243; content_output=&#8221;excerpt&#8221; show_read_more=&#8221;yes&#8221; social_integration=&#8221;no&#8221; blog_filter=&#8221;yes&#8221; pagination=&#8221;infinite-scroll&#8221; alt_styling=&#8221;no&#8221; width=&#8221;1\/1&#8243; el_position=&#8221;first last&#8221;]<\/p>\n","protected":false},"excerpt":{"rendered":"<p>[spb_tabs tabs_type=&#8221;standard&#8221; center_tabs=&#8221;no&#8221; width=&#8221;1\/1&#8243; el_position=&#8221;first last&#8221;] [spb_tab title=&#8221;Materiale&#8221; icon=&#8221;&#8221; id=&#8221;Materiale&#8221;] [spb_text_block animation=&#8221;none&#8221; animation_delay=&#8221;0&#8243; simplified_controls=&#8221;yes&#8221; custom_css_percentage=&#8221;no&#8221; padding_vertical=&#8221;0&#8243; padding_horizontal=&#8221;0&#8243; margin_vertical=&#8221;0&#8243; custom_css=&#8221;margin-top: 0px;margin-bottom: 0px;&#8221; border_size=&#8221;0&#8243; border_styling_global=&#8221;default&#8221; width=&#8221;1\/1&#8243; el_position=&#8221;first last&#8221;] Denne flotte armb\u00e5nd, er fremstillet af farven army gr\u00f8n og med sm\u00e5 reflekser i gr\u00e5lige nuancer. Perfekt til udend\u00f8rs brug, is\u00e6r aftenl\u00f8b eller frisk g\u00e5 tur, s\u00e5 bliver du i hvertfald set af modg\u00e5ende [&hellip;]<\/p>\n","protected":false},"featured_media":17781,"comment_status":"closed","ping_status":"closed","template":"","meta":[],"product_brand":[],"product_cat":[121,1487,125],"product_tag":[205,255],"class_list":{"0":"post-17775","1":"product","2":"type-product","3":"status-publish","4":"has-post-thumbnail","6":"product_cat-baeredygtige-smykker","7":"product_cat-fra-soldat-til-soldat-verdenspaln","8":"product_cat-makrame-armband-smykke","9":"product_tag-bracelet-da","10":"product_tag-paracord-da","12":"first","13":"instock","14":"taxable","15":"shipping-taxable","16":"purchasable","17":"product-type-variable","18":"has-default-attributes"},"yoast_head":"<!-- This site is optimized with the Yoast SEO Premium plugin v26.6 (Yoast SEO v27.5) - https:\/\/yoast.com\/product\/yoast-seo-premium-wordpress\/ -->\n<title>Reflex army Paracord Armb\u00e5nd | Fremstillet af genanvendte nylon<\/title>\n<meta name=\"description\" content=\"Reflex sarmy paracord armb\u00e5nd flettet med st\u00e5l l\u00e5s. F\u00e5s med flot gave \u00e6ske. Bes\u00f8g vores online butik - V\u00e6lg mellem flere farver, og m\u00f8nstre og design\" \/>\n<meta name=\"robots\" content=\"index, follow, max-snippet:-1, max-image-preview:large, max-video-preview:-1\" \/>\n<link rel=\"canonical\" href=\"https:\/\/zlcopenhagen.com\/da\/produkt\/reflex-army-paracord-armbaand\/\" \/>\n<meta property=\"og:locale\" content=\"da_DK\" \/>\n<meta property=\"og:type\" content=\"article\" \/>\n<meta property=\"og:title\" content=\"REFLEX ARMY PARACORD ARMB\u00c5ND\" \/>\n<meta property=\"og:description\" content=\"Reflex sarmy paracord armb\u00e5nd flettet med st\u00e5l l\u00e5s. F\u00e5s med flot gave \u00e6ske. Bes\u00f8g vores online butik - V\u00e6lg mellem flere farver, og m\u00f8nstre og design\" \/>\n<meta property=\"og:url\" content=\"https:\/\/zlcopenhagen.com\/da\/produkt\/reflex-army-paracord-armbaand\/\" \/>\n<meta property=\"og:site_name\" content=\"zlcopenhagen.com\" \/>\n<meta property=\"article:modified_time\" content=\"2024-02-11T17:03:14+00:00\" \/>\n<meta property=\"og:image\" content=\"https:\/\/zlcopenhagen.com\/wp-content\/uploads\/2016\/08\/A003AS-1.jpg\" \/>\n\t<meta property=\"og:image:width\" content=\"1039\" \/>\n\t<meta property=\"og:image:height\" content=\"1039\" \/>\n\t<meta property=\"og:image:type\" content=\"image\/jpeg\" \/>\n<meta name=\"twitter:card\" content=\"summary_large_image\" \/>\n<meta name=\"twitter:label1\" content=\"Tilg\u00e6ngelighed\" \/>\n\t<meta name=\"twitter:data1\" content=\"P\u00e5 lager\" \/>\n<meta property=\"og:availability\" content=\"instock\" \/>\n<meta property=\"product:availability\" content=\"instock\" \/>\n<meta property=\"product:retailer_item_id\" content=\"A003AS\" \/>\n<meta property=\"product:condition\" content=\"new\" \/>\n<!-- \/ Yoast SEO Premium plugin. -->","yoast_head_json":{"title":"Reflex army Paracord Armb\u00e5nd | Fremstillet af genanvendte nylon","description":"Reflex sarmy paracord armb\u00e5nd flettet med st\u00e5l l\u00e5s. F\u00e5s med flot gave \u00e6ske. Bes\u00f8g vores online butik - V\u00e6lg mellem flere farver, og m\u00f8nstre og design","robots":{"index":"index","follow":"follow","max-snippet":"max-snippet:-1","max-image-preview":"max-image-preview:large","max-video-preview":"max-video-preview:-1"},"canonical":"https:\/\/zlcopenhagen.com\/da\/produkt\/reflex-army-paracord-armbaand\/","og_locale":"da_DK","og_type":"article","og_title":"REFLEX ARMY PARACORD ARMB\u00c5ND","og_description":"Reflex sarmy paracord armb\u00e5nd flettet med st\u00e5l l\u00e5s. F\u00e5s med flot gave \u00e6ske. Bes\u00f8g vores online butik - V\u00e6lg mellem flere farver, og m\u00f8nstre og design","og_url":"https:\/\/zlcopenhagen.com\/da\/produkt\/reflex-army-paracord-armbaand\/","og_site_name":"zlcopenhagen.com","article_modified_time":"2024-02-11T17:03:14+00:00","og_image":[{"width":1039,"height":1039,"url":"https:\/\/zlcopenhagen.com\/wp-content\/uploads\/2016\/08\/A003AS-1.jpg","type":"image\/jpeg"}],"twitter_card":"summary_large_image","twitter_misc":{"Tilg\u00e6ngelighed":"P\u00e5 lager"},"schema":{"@context":"https:\/\/schema.org","@graph":[{"@type":"WebPage","@id":"https:\/\/zlcopenhagen.com\/da\/produkt\/reflex-army-paracord-armbaand\/","url":"https:\/\/zlcopenhagen.com\/da\/produkt\/reflex-army-paracord-armbaand\/","name":"Reflex army Paracord Armb\u00e5nd | Fremstillet af genanvendte nylon","isPartOf":{"@id":"https:\/\/zlcopenhagen.com\/#website"},"primaryImageOfPage":{"@id":"https:\/\/zlcopenhagen.com\/da\/produkt\/reflex-army-paracord-armbaand\/#primaryimage"},"image":{"@id":"https:\/\/zlcopenhagen.com\/da\/produkt\/reflex-army-paracord-armbaand\/#primaryimage"},"thumbnailUrl":"https:\/\/zlcopenhagen.com\/wp-content\/uploads\/2016\/08\/A003AS-1.jpg","datePublished":"2016-08-30T08:53:26+00:00","dateModified":"2024-02-11T17:03:14+00:00","description":"Reflex sarmy paracord armb\u00e5nd flettet med st\u00e5l l\u00e5s. F\u00e5s med flot gave \u00e6ske. Bes\u00f8g vores online butik - V\u00e6lg mellem flere farver, og m\u00f8nstre og design","breadcrumb":{"@id":"https:\/\/zlcopenhagen.com\/da\/produkt\/reflex-army-paracord-armbaand\/#breadcrumb"},"inLanguage":"da-DK","potentialAction":[{"@type":"ReadAction","target":["https:\/\/zlcopenhagen.com\/da\/produkt\/reflex-army-paracord-armbaand\/"]}]},{"@type":"ImageObject","inLanguage":"da-DK","@id":"https:\/\/zlcopenhagen.com\/da\/produkt\/reflex-army-paracord-armbaand\/#primaryimage","url":"https:\/\/zlcopenhagen.com\/wp-content\/uploads\/2016\/08\/A003AS-1.jpg","contentUrl":"https:\/\/zlcopenhagen.com\/wp-content\/uploads\/2016\/08\/A003AS-1.jpg","width":1039,"height":1039,"caption":"Reflex Black Paracord"},{"@type":"BreadcrumbList","@id":"https:\/\/zlcopenhagen.com\/da\/produkt\/reflex-army-paracord-armbaand\/#breadcrumb","itemListElement":[{"@type":"ListItem","position":1,"name":"Home","item":"https:\/\/zlcopenhagen.com\/da\/"},{"@type":"ListItem","position":2,"name":"Shop","item":"https:\/\/zlcopenhagen.com\/da\/shop\/"},{"@type":"ListItem","position":3,"name":"REFLEX ARMY PARACORD ARMB\u00c5ND"}]},{"@type":"WebSite","@id":"https:\/\/zlcopenhagen.com\/#website","url":"https:\/\/zlcopenhagen.com\/","name":"zlcopenhagen.com","description":"","publisher":{"@id":"https:\/\/zlcopenhagen.com\/#organization"},"potentialAction":[{"@type":"SearchAction","target":{"@type":"EntryPoint","urlTemplate":"https:\/\/zlcopenhagen.com\/?s={search_term_string}"},"query-input":{"@type":"PropertyValueSpecification","valueRequired":true,"valueName":"search_term_string"}}],"inLanguage":"da-DK"},{"@type":["Organization","Place"],"@id":"https:\/\/zlcopenhagen.com\/#organization","name":"ZLCOPENHAGEN","alternateName":"ZLCOPENHAGEN","url":"https:\/\/zlcopenhagen.com\/","logo":{"@id":"https:\/\/zlcopenhagen.com\/da\/produkt\/reflex-army-paracord-armbaand\/#local-main-organization-logo"},"image":{"@id":"https:\/\/zlcopenhagen.com\/da\/produkt\/reflex-army-paracord-armbaand\/#local-main-organization-logo"},"sameAs":["https:\/\/www.youtube.com\/channel\/UCy7JINwB6DMr2fA9yHpDQJg"],"telephone":[],"openingHoursSpecification":[{"@type":"OpeningHoursSpecification","dayOfWeek":["Monday","Tuesday","Wednesday","Thursday","Friday","Saturday","Sunday"],"opens":"09:00","closes":"17:00"}]},{"@type":"ImageObject","inLanguage":"da-DK","@id":"https:\/\/zlcopenhagen.com\/da\/produkt\/reflex-army-paracord-armbaand\/#local-main-organization-logo","url":"https:\/\/zlcopenhagen.com\/wp-content\/uploads\/2016\/05\/blog-logo.jpg","contentUrl":"https:\/\/zlcopenhagen.com\/wp-content\/uploads\/2016\/05\/blog-logo.jpg","width":68,"height":68,"caption":"ZLCOPENHAGEN"}]},"og_availability":"instock","product_availability":"instock","product_retailer_item_id":"A003AS","product_condition":"new"},"_links":{"self":[{"href":"https:\/\/zlcopenhagen.com\/da\/wp-json\/wp\/v2\/product\/17775","targetHints":{"allow":["GET"]}}],"collection":[{"href":"https:\/\/zlcopenhagen.com\/da\/wp-json\/wp\/v2\/product"}],"about":[{"href":"https:\/\/zlcopenhagen.com\/da\/wp-json\/wp\/v2\/types\/product"}],"replies":[{"embeddable":true,"href":"https:\/\/zlcopenhagen.com\/da\/wp-json\/wp\/v2\/comments?post=17775"}],"wp:featuredmedia":[{"embeddable":true,"href":"https:\/\/zlcopenhagen.com\/da\/wp-json\/wp\/v2\/media\/17781"}],"wp:attachment":[{"href":"https:\/\/zlcopenhagen.com\/da\/wp-json\/wp\/v2\/media?parent=17775"}],"wp:term":[{"taxonomy":"product_brand","embeddable":true,"href":"https:\/\/zlcopenhagen.com\/da\/wp-json\/wp\/v2\/product_brand?post=17775"},{"taxonomy":"product_cat","embeddable":true,"href":"https:\/\/zlcopenhagen.com\/da\/wp-json\/wp\/v2\/product_cat?post=17775"},{"taxonomy":"product_tag","embeddable":true,"href":"https:\/\/zlcopenhagen.com\/da\/wp-json\/wp\/v2\/product_tag?post=17775"}],"curies":[{"name":"wp","href":"https:\/\/api.w.org\/{rel}","templated":true}]}}