{"id":17652,"date":"2014-11-10T12:49:57","date_gmt":"2014-11-10T11:49:57","guid":{"rendered":"https:\/\/zlcopenhagen.com\/product\/zlc-turquoise-swimwear\/?lang=da"},"modified":"2021-03-06T09:51:28","modified_gmt":"2021-03-06T08:51:28","slug":"zlc-badebukser-pink-vendbar-recycled","status":"publish","type":"product","link":"https:\/\/zlcopenhagen.com\/da\/produkt\/zlc-badebukser-pink-vendbar-recycled\/","title":{"rendered":"ZLC BADEBUKSER PINK VENDBAR RECYCLED"},"content":{"rendered":"<p>[spb_tabs tabs_type=&#8221;standard&#8221; center_tabs=&#8221;no&#8221; width=&#8221;1\/1&#8243; el_position=&#8221;first last&#8221;] [spb_tab title=&#8221;Produkt&#8221; icon=&#8221;&#8221; id=&#8221;Produkt&#8221;] [spb_text_block animation=&#8221;none&#8221; animation_delay=&#8221;0&#8243; simplified_controls=&#8221;yes&#8221; custom_css_percentage=&#8221;no&#8221; padding_vertical=&#8221;0&#8243; padding_horizontal=&#8221;0&#8243; margin_vertical=&#8221;0&#8243; custom_css=&#8221;margin-top: 0px;margin-bottom: 0px;&#8221; border_size=&#8221;0&#8243; border_styling_global=&#8221;default&#8221; width=&#8221;1\/2&#8243; el_position=&#8221;first&#8221;]<\/p>\n<h2><span style=\"color: #333333;\">PINK BADEBUKSER TIL M\u00c6ND, GUL INDVENDIGT<\/span><\/h2>\n<h3>PINK BADEBUKSER &#8211; ECONYL GENANVENDT NYLON<\/h3>\n<p>F\u00e5s i flere <a href=\"https:\/\/zlcopenhagen.com\/da\/produkt-kategori\/badetoej\/\" target=\"_blank\" rel=\"noopener\">farver og designs<\/a>.<\/p>\n<p>Pink badebukser fra ZLCOPENHAGEN kollektion forvandler plast affald til t\u00f8j. Lavet af Econyl\u00ae \u2013 nylonfiber 100% genanvendt fra rester fra industrielle processer og kasserede brugsgenstande som fiskenet, gulvt\u00e6pper og tekstiler.<\/p>\n<h3>DIT AFFALD ER GULDV\u00c6RD<\/h3>\n<p>Genbrugspladserne er fyldt op med plast affald, som fiskenet, plast, gulv t\u00e6pper og gamle tekstilrester. Men nu bliver plast affald til eftertragtede r\u00e5varer. Med nye metoder, kan man idag genbruge i stedet for at producere nyt igen. Derfor er dit affald guldv\u00e6rd, fordi man er klar til at producere nye tekstiler af gammelt plast affald.<\/p>\n<p>L\u00e6s mere om ECONYL <a href=\"http:\/\/www.econyl.com\/\" target=\"_blank\" rel=\"noopener\">her<\/a>.<\/p>\n<p>[\/spb_text_block] [spb_image image=&#8221;19709&#8243; image_size=&#8221;full&#8221; frame=&#8221;noframe&#8221; caption_pos=&#8221;hover&#8221; remove_rounded=&#8221;yes&#8221; fullwidth=&#8221;no&#8221; overflow_mode=&#8221;none&#8221; link_target=&#8221;_self&#8221; lightbox=&#8221;no&#8221; intro_animation=&#8221;none&#8221; animation_delay=&#8221;200&#8243; width=&#8221;1\/2&#8243; el_position=&#8221;last&#8221;][\/spb_image] [\/spb_tab] [spb_tab title=&#8221;Materialer&#8221; icon=&#8221;&#8221; id=&#8221;Materialer&#8221;] [spb_text_block animation=&#8221;none&#8221; animation_delay=&#8221;0&#8243; simplified_controls=&#8221;yes&#8221; custom_css_percentage=&#8221;no&#8221; padding_vertical=&#8221;0&#8243; padding_horizontal=&#8221;0&#8243; margin_vertical=&#8221;0&#8243; custom_css=&#8221;margin-top: 0px;margin-bottom: 0px;&#8221; border_size=&#8221;0&#8243; border_styling_global=&#8221;default&#8221; width=&#8221;1\/2&#8243; el_position=&#8221;first&#8221;]<\/p>\n<ul>\n<li>78% Recycled Nylon(ECONYL\u00ae) &amp; 22% Elastane (XTRA LIFE LYCRA\u00ae)<\/li>\n<li>Oeko-Tex\u00ae Standard 100<\/li>\n<li>Pilling resistant &amp; resistant to suntan creams &amp; oils<\/li>\n<li>2-way stretch for perfect fit &amp; extreme soft feeling<\/li>\n<li>Polyamide contrast colouring lining<\/li>\n<li>UPF 50+ UV protection &amp; Ultra chlorine resistant<\/li>\n<\/ul>\n<p>[\/spb_text_block] [spb_image image=&#8221;17701&#8243; image_size=&#8221;full&#8221; frame=&#8221;noframe&#8221; caption_pos=&#8221;hover&#8221; remove_rounded=&#8221;yes&#8221; fullwidth=&#8221;no&#8221; overflow_mode=&#8221;none&#8221; link_target=&#8221;_self&#8221; lightbox=&#8221;no&#8221; intro_animation=&#8221;none&#8221; animation_delay=&#8221;200&#8243; width=&#8221;1\/2&#8243; el_position=&#8221;last&#8221;][\/spb_image] [\/spb_tab] [spb_tab title=&#8221;Vaskeanvisninger&#8221; icon=&#8221;&#8221; id=&#8221;Vaskeanvisninger&#8221;] [spb_text_block animation=&#8221;none&#8221; animation_delay=&#8221;0&#8243; simplified_controls=&#8221;yes&#8221; custom_css_percentage=&#8221;no&#8221; padding_vertical=&#8221;0&#8243; padding_horizontal=&#8221;0&#8243; margin_vertical=&#8221;0&#8243; custom_css=&#8221;margin-top: 0px;margin-bottom: 0px;&#8221; border_size=&#8221;0&#8243; border_styling_global=&#8221;default&#8221; width=&#8221;1\/1&#8243; el_position=&#8221;first last&#8221;]<\/p>\n<ul>\n<li>Maximum wash at 40\u00b0 Celsius<\/li>\n<li>Do not use Chlorine based bleach<\/li>\n<li>Avoid spin dry. Squeeze off excess water<\/li>\n<li>Do not dry clean<\/li>\n<\/ul>\n<p>[\/spb_text_block] [\/spb_tab] [spb_tab title=&#8221;St\u00f8rrelsesguide&#8221; icon=&#8221;&#8221; id=&#8221;Strrelsesguide&#8221;] [spb_text_block animation=&#8221;none&#8221; animation_delay=&#8221;0&#8243; simplified_controls=&#8221;yes&#8221; custom_css_percentage=&#8221;no&#8221; padding_vertical=&#8221;0&#8243; padding_horizontal=&#8221;0&#8243; margin_vertical=&#8221;0&#8243; custom_css=&#8221;margin-top: 0px;margin-bottom: 0px;&#8221; border_size=&#8221;0&#8243; border_styling_global=&#8221;default&#8221; width=&#8221;1\/1&#8243; el_position=&#8221;first last&#8221;]<\/p>\n<ul>\n<li>Sizes: S \u2013 L\u00a0<a href=\"https:\/\/zlcopenhagen.com\/da\/stoerrelsesguide\/\" target=\"_blank\" rel=\"noopener noreferrer\">Size guide<\/a><\/li>\n<li>Follows the contours of your body<\/li>\n<li>Comfortable next to your skin<\/li>\n<li>Two way stretch for perfect fit<\/li>\n<\/ul>\n<p>[\/spb_text_block] [\/spb_tab] [spb_tab title=&#8221;Recycled Nylon&#8221; icon=&#8221;&#8221; id=&#8221;RecycledNylon&#8221;] [spb_video link=&#8221;https:\/\/www.youtube.com\/watch?v=kGGnTN3AyS8&amp;t=11s&#8221; remove_related=&#8221;yes&#8221; autoplay=&#8221;no&#8221; full_width=&#8221;no&#8221; width=&#8221;1\/1&#8243; el_position=&#8221;first last&#8221;] [\/spb_tab] [\/spb_tabs] [spb_blank_spacer height=&#8221;30px&#8221; width=&#8221;1\/1&#8243; el_position=&#8221;first last&#8221;] [spb_image image=&#8221;28695&#8243; image_size=&#8221;full&#8221; frame=&#8221;noframe&#8221; caption_pos=&#8221;below&#8221; remove_rounded=&#8221;yes&#8221; fullwidth=&#8221;yes&#8221; overflow_mode=&#8221;none&#8221; link_target=&#8221;_self&#8221; lightbox=&#8221;no&#8221; intro_animation=&#8221;none&#8221; animation_delay=&#8221;200&#8243; width=&#8221;1\/2&#8243; el_position=&#8221;first&#8221;][\/spb_image] [spb_text_block animation=&#8221;none&#8221; animation_delay=&#8221;0&#8243; simplified_controls=&#8221;yes&#8221; custom_css_percentage=&#8221;no&#8221; padding_vertical=&#8221;0&#8243; padding_horizontal=&#8221;0&#8243; margin_vertical=&#8221;0&#8243; custom_css=&#8221;margin-top: 0px;margin-bottom: 0px;&#8221; border_size=&#8221;0&#8243; border_styling_global=&#8221;default&#8221; width=&#8221;1\/2&#8243; el_position=&#8221;last&#8221;]<\/p>\n<h2><span style=\"color: #333333;\">INSPIRATION<\/span><\/h2>\n<h3>PINK OG GUL KOMBINATION<\/h3>\n<p>[\/spb_text_block] [spb_image image=&#8221;19093&#8243; image_size=&#8221;full&#8221; frame=&#8221;noframe&#8221; caption_pos=&#8221;below&#8221; remove_rounded=&#8221;yes&#8221; fullwidth=&#8221;yes&#8221; overflow_mode=&#8221;none&#8221; link_target=&#8221;_self&#8221; lightbox=&#8221;no&#8221; intro_animation=&#8221;none&#8221; animation_delay=&#8221;200&#8243; width=&#8221;1\/2&#8243; el_position=&#8221;first&#8221;][\/spb_image] [spb_image image=&#8221;19706&#8243; image_size=&#8221;full&#8221; frame=&#8221;noframe&#8221; caption_pos=&#8221;below&#8221; remove_rounded=&#8221;yes&#8221; fullwidth=&#8221;yes&#8221; overflow_mode=&#8221;none&#8221; link_target=&#8221;_self&#8221; lightbox=&#8221;no&#8221; intro_animation=&#8221;none&#8221; animation_delay=&#8221;200&#8243; width=&#8221;1\/2&#8243; el_position=&#8221;last&#8221;][\/spb_image] [spb_image image=&#8221;17905&#8243; image_size=&#8221;full&#8221; frame=&#8221;noframe&#8221; caption_pos=&#8221;below&#8221; remove_rounded=&#8221;yes&#8221; fullwidth=&#8221;yes&#8221; overflow_mode=&#8221;none&#8221; link_target=&#8221;_self&#8221; lightbox=&#8221;no&#8221; intro_animation=&#8221;none&#8221; animation_delay=&#8221;200&#8243; width=&#8221;1\/2&#8243; el_position=&#8221;first&#8221;][\/spb_image] [spb_image image=&#8221;19157&#8243; image_size=&#8221;full&#8221; frame=&#8221;noframe&#8221; caption_pos=&#8221;below&#8221; remove_rounded=&#8221;yes&#8221; fullwidth=&#8221;no&#8221; overflow_mode=&#8221;none&#8221; link_target=&#8221;_self&#8221; lightbox=&#8221;no&#8221; intro_animation=&#8221;none&#8221; animation_delay=&#8221;200&#8243; width=&#8221;1\/2&#8243; el_position=&#8221;last&#8221;][\/spb_image]<\/p>\n","protected":false},"excerpt":{"rendered":"<p>[spb_tabs tabs_type=&#8221;standard&#8221; center_tabs=&#8221;no&#8221; width=&#8221;1\/1&#8243; el_position=&#8221;first last&#8221;] [spb_tab title=&#8221;Produkt&#8221; icon=&#8221;&#8221; id=&#8221;Produkt&#8221;] [spb_text_block animation=&#8221;none&#8221; animation_delay=&#8221;0&#8243; simplified_controls=&#8221;yes&#8221; custom_css_percentage=&#8221;no&#8221; padding_vertical=&#8221;0&#8243; padding_horizontal=&#8221;0&#8243; margin_vertical=&#8221;0&#8243; custom_css=&#8221;margin-top: 0px;margin-bottom: 0px;&#8221; border_size=&#8221;0&#8243; border_styling_global=&#8221;default&#8221; width=&#8221;1\/2&#8243; el_position=&#8221;first&#8221;] PINK BADEBUKSER TIL M\u00c6ND, GUL INDVENDIGT PINK BADEBUKSER &#8211; ECONYL GENANVENDT NYLON F\u00e5s i flere farver og designs. Pink badebukser fra ZLCOPENHAGEN kollektion forvandler plast affald til t\u00f8j. Lavet af Econyl\u00ae \u2013 nylonfiber 100% genanvendt [&hellip;]<\/p>\n","protected":false},"featured_media":17757,"comment_status":"closed","ping_status":"closed","template":"","meta":[],"product_brand":[],"product_cat":[1589,127],"product_tag":[211,200],"class_list":{"0":"post-17652","1":"product","2":"type-product","3":"status-publish","4":"has-post-thumbnail","6":"product_cat-eco-swim-briefss-da","7":"product_cat-baeredygtige-badebukser-maend","8":"product_tag-brief-da","9":"product_tag-swimwear-da","11":"first","12":"instock","13":"taxable","14":"shipping-taxable","15":"purchasable","16":"product-type-variable","17":"has-default-attributes"},"yoast_head":"<!-- This site is optimized with the Yoast SEO Premium plugin v26.6 (Yoast SEO v27.5) - https:\/\/yoast.com\/product\/yoast-seo-premium-wordpress\/ -->\n<title>Badebukser Pink Vendbar Recycled | 2 farver i 1 | Dansk Design<\/title>\n<meta name=\"description\" content=\"Pink badebukser med gul farvet stof indvendigt | Fremstillet af genindvundet nylon for at spare p\u00e5 naturens ressourcer | Plast I havet\" \/>\n<meta name=\"robots\" content=\"index, follow, max-snippet:-1, max-image-preview:large, max-video-preview:-1\" \/>\n<link rel=\"canonical\" href=\"https:\/\/zlcopenhagen.com\/da\/produkt\/zlc-badebukser-pink-vendbar-recycled\/\" \/>\n<meta property=\"og:locale\" content=\"da_DK\" \/>\n<meta property=\"og:type\" content=\"article\" \/>\n<meta property=\"og:title\" content=\"ZLC BADEBUKSER PINK VENDBAR RECYCLED\" \/>\n<meta property=\"og:description\" content=\"Pink badebukser med gul farvet stof indvendigt | Fremstillet af genindvundet nylon for at spare p\u00e5 naturens ressourcer | Plast I havet\" \/>\n<meta property=\"og:url\" content=\"https:\/\/zlcopenhagen.com\/da\/produkt\/zlc-badebukser-pink-vendbar-recycled\/\" \/>\n<meta property=\"og:site_name\" content=\"zlcopenhagen.com\" \/>\n<meta property=\"article:modified_time\" content=\"2021-03-06T08:51:28+00:00\" \/>\n<meta property=\"og:image\" content=\"https:\/\/zlcopenhagen.com\/wp-content\/uploads\/2014\/11\/ZLC-PINK-FULL-BACK-AURELIEN.jpg\" \/>\n\t<meta property=\"og:image:width\" content=\"1000\" \/>\n\t<meta property=\"og:image:height\" content=\"1000\" \/>\n\t<meta property=\"og:image:type\" content=\"image\/jpeg\" \/>\n<meta name=\"twitter:card\" content=\"summary_large_image\" \/>\n<meta name=\"twitter:label1\" content=\"Tilg\u00e6ngelighed\" \/>\n\t<meta name=\"twitter:data1\" content=\"P\u00e5 lager\" \/>\n<meta property=\"og:availability\" content=\"instock\" \/>\n<meta property=\"product:availability\" content=\"instock\" \/>\n<meta property=\"product:retailer_item_id\" content=\"6778923\" \/>\n<meta property=\"product:condition\" content=\"new\" \/>\n<!-- \/ Yoast SEO Premium plugin. -->","yoast_head_json":{"title":"Badebukser Pink Vendbar Recycled | 2 farver i 1 | Dansk Design","description":"Pink badebukser med gul farvet stof indvendigt | Fremstillet af genindvundet nylon for at spare p\u00e5 naturens ressourcer | Plast I havet","robots":{"index":"index","follow":"follow","max-snippet":"max-snippet:-1","max-image-preview":"max-image-preview:large","max-video-preview":"max-video-preview:-1"},"canonical":"https:\/\/zlcopenhagen.com\/da\/produkt\/zlc-badebukser-pink-vendbar-recycled\/","og_locale":"da_DK","og_type":"article","og_title":"ZLC BADEBUKSER PINK VENDBAR RECYCLED","og_description":"Pink badebukser med gul farvet stof indvendigt | Fremstillet af genindvundet nylon for at spare p\u00e5 naturens ressourcer | Plast I havet","og_url":"https:\/\/zlcopenhagen.com\/da\/produkt\/zlc-badebukser-pink-vendbar-recycled\/","og_site_name":"zlcopenhagen.com","article_modified_time":"2021-03-06T08:51:28+00:00","og_image":[{"width":1000,"height":1000,"url":"https:\/\/zlcopenhagen.com\/wp-content\/uploads\/2014\/11\/ZLC-PINK-FULL-BACK-AURELIEN.jpg","type":"image\/jpeg"}],"twitter_card":"summary_large_image","twitter_misc":{"Tilg\u00e6ngelighed":"P\u00e5 lager"},"schema":{"@context":"https:\/\/schema.org","@graph":[{"@type":"WebPage","@id":"https:\/\/zlcopenhagen.com\/da\/produkt\/zlc-badebukser-pink-vendbar-recycled\/","url":"https:\/\/zlcopenhagen.com\/da\/produkt\/zlc-badebukser-pink-vendbar-recycled\/","name":"Badebukser Pink Vendbar Recycled | 2 farver i 1 | Dansk Design","isPartOf":{"@id":"https:\/\/zlcopenhagen.com\/#website"},"primaryImageOfPage":{"@id":"https:\/\/zlcopenhagen.com\/da\/produkt\/zlc-badebukser-pink-vendbar-recycled\/#primaryimage"},"image":{"@id":"https:\/\/zlcopenhagen.com\/da\/produkt\/zlc-badebukser-pink-vendbar-recycled\/#primaryimage"},"thumbnailUrl":"https:\/\/zlcopenhagen.com\/wp-content\/uploads\/2014\/11\/ZLC-PINK-FULL-BACK-AURELIEN.jpg","datePublished":"2014-11-10T11:49:57+00:00","dateModified":"2021-03-06T08:51:28+00:00","description":"Pink badebukser med gul farvet stof indvendigt | Fremstillet af genindvundet nylon for at spare p\u00e5 naturens ressourcer | Plast I havet","breadcrumb":{"@id":"https:\/\/zlcopenhagen.com\/da\/produkt\/zlc-badebukser-pink-vendbar-recycled\/#breadcrumb"},"inLanguage":"da-DK","potentialAction":[{"@type":"ReadAction","target":["https:\/\/zlcopenhagen.com\/da\/produkt\/zlc-badebukser-pink-vendbar-recycled\/"]}]},{"@type":"ImageObject","inLanguage":"da-DK","@id":"https:\/\/zlcopenhagen.com\/da\/produkt\/zlc-badebukser-pink-vendbar-recycled\/#primaryimage","url":"https:\/\/zlcopenhagen.com\/wp-content\/uploads\/2014\/11\/ZLC-PINK-FULL-BACK-AURELIEN.jpg","contentUrl":"https:\/\/zlcopenhagen.com\/wp-content\/uploads\/2014\/11\/ZLC-PINK-FULL-BACK-AURELIEN.jpg","width":1000,"height":1000,"caption":"badebukser pink fra ZLCOPENHAGEN"},{"@type":"BreadcrumbList","@id":"https:\/\/zlcopenhagen.com\/da\/produkt\/zlc-badebukser-pink-vendbar-recycled\/#breadcrumb","itemListElement":[{"@type":"ListItem","position":1,"name":"Home","item":"https:\/\/zlcopenhagen.com\/da\/"},{"@type":"ListItem","position":2,"name":"Shop","item":"https:\/\/zlcopenhagen.com\/da\/shop\/"},{"@type":"ListItem","position":3,"name":"ZLC BADEBUKSER PINK VENDBAR RECYCLED"}]},{"@type":"WebSite","@id":"https:\/\/zlcopenhagen.com\/#website","url":"https:\/\/zlcopenhagen.com\/","name":"zlcopenhagen.com","description":"","publisher":{"@id":"https:\/\/zlcopenhagen.com\/#organization"},"potentialAction":[{"@type":"SearchAction","target":{"@type":"EntryPoint","urlTemplate":"https:\/\/zlcopenhagen.com\/?s={search_term_string}"},"query-input":{"@type":"PropertyValueSpecification","valueRequired":true,"valueName":"search_term_string"}}],"inLanguage":"da-DK"},{"@type":["Organization","Place"],"@id":"https:\/\/zlcopenhagen.com\/#organization","name":"ZLCOPENHAGEN","alternateName":"ZLCOPENHAGEN","url":"https:\/\/zlcopenhagen.com\/","logo":{"@id":"https:\/\/zlcopenhagen.com\/da\/produkt\/zlc-badebukser-pink-vendbar-recycled\/#local-main-organization-logo"},"image":{"@id":"https:\/\/zlcopenhagen.com\/da\/produkt\/zlc-badebukser-pink-vendbar-recycled\/#local-main-organization-logo"},"sameAs":["https:\/\/www.youtube.com\/channel\/UCy7JINwB6DMr2fA9yHpDQJg"],"telephone":[],"openingHoursSpecification":[{"@type":"OpeningHoursSpecification","dayOfWeek":["Monday","Tuesday","Wednesday","Thursday","Friday","Saturday","Sunday"],"opens":"09:00","closes":"17:00"}]},{"@type":"ImageObject","inLanguage":"da-DK","@id":"https:\/\/zlcopenhagen.com\/da\/produkt\/zlc-badebukser-pink-vendbar-recycled\/#local-main-organization-logo","url":"https:\/\/zlcopenhagen.com\/wp-content\/uploads\/2016\/05\/blog-logo.jpg","contentUrl":"https:\/\/zlcopenhagen.com\/wp-content\/uploads\/2016\/05\/blog-logo.jpg","width":68,"height":68,"caption":"ZLCOPENHAGEN"}]},"og_availability":"instock","product_availability":"instock","product_retailer_item_id":"6778923","product_condition":"new"},"_links":{"self":[{"href":"https:\/\/zlcopenhagen.com\/da\/wp-json\/wp\/v2\/product\/17652","targetHints":{"allow":["GET"]}}],"collection":[{"href":"https:\/\/zlcopenhagen.com\/da\/wp-json\/wp\/v2\/product"}],"about":[{"href":"https:\/\/zlcopenhagen.com\/da\/wp-json\/wp\/v2\/types\/product"}],"replies":[{"embeddable":true,"href":"https:\/\/zlcopenhagen.com\/da\/wp-json\/wp\/v2\/comments?post=17652"}],"wp:featuredmedia":[{"embeddable":true,"href":"https:\/\/zlcopenhagen.com\/da\/wp-json\/wp\/v2\/media\/17757"}],"wp:attachment":[{"href":"https:\/\/zlcopenhagen.com\/da\/wp-json\/wp\/v2\/media?parent=17652"}],"wp:term":[{"taxonomy":"product_brand","embeddable":true,"href":"https:\/\/zlcopenhagen.com\/da\/wp-json\/wp\/v2\/product_brand?post=17652"},{"taxonomy":"product_cat","embeddable":true,"href":"https:\/\/zlcopenhagen.com\/da\/wp-json\/wp\/v2\/product_cat?post=17652"},{"taxonomy":"product_tag","embeddable":true,"href":"https:\/\/zlcopenhagen.com\/da\/wp-json\/wp\/v2\/product_tag?post=17652"}],"curies":[{"name":"wp","href":"https:\/\/api.w.org\/{rel}","templated":true}]}}