{"id":17634,"date":"2014-11-10T16:27:49","date_gmt":"2014-11-10T15:27:49","guid":{"rendered":"https:\/\/zlcopenhagen.com\/product\/zlc-brief-navy\/?lang=da"},"modified":"2025-02-23T22:01:46","modified_gmt":"2025-02-23T21:01:46","slug":"navy-trusser-genanvendt-nylon-elastik","status":"publish","type":"product","link":"https:\/\/zlcopenhagen.com\/da\/produkt\/navy-trusser-genanvendt-nylon-elastik\/","title":{"rendered":"ZLC NAVY TRUSSER GENANVENDT NYLON ELASTIK"},"content":{"rendered":"<p>[spb_tabs tabs_type=&#8221;standard&#8221; center_tabs=&#8221;no&#8221; width=&#8221;1\/1&#8243; el_position=&#8221;first last&#8221;] [spb_tab title=&#8221;Produkt&#8221; icon=&#8221;&#8221; id=&#8221;Produkt&#8221;] [spb_text_block animation=&#8221;none&#8221; animation_delay=&#8221;0&#8243; simplified_controls=&#8221;yes&#8221; custom_css_percentage=&#8221;no&#8221; padding_vertical=&#8221;0&#8243; padding_horizontal=&#8221;0&#8243; margin_vertical=&#8221;0&#8243; custom_css=&#8221;margin-top: 0px;margin-bottom: 0px;&#8221; border_size=&#8221;0&#8243; border_styling_global=&#8221;default&#8221; width=&#8221;1\/2&#8243; el_position=&#8221;first&#8221;]<\/p>\n<h2>SEXY MEETS SUSTAINABLE<\/h2>\n<p>Check out our ZLC Brief: Sexy meets sustainable.<\/p>\n<p>It features a slick open-fly closure for a touch of allure and easy access. The waistband is made from up to 30% post-consumer recycled nylon, offering a snug fit that\u2019s both durable and gentle on your skin.<\/p>\n<p>Forget the itch of tags\u2014this brief comes with smooth, heat-pressed labels for ultimate comfort.<\/p>\n<p>Crafted with Danish design sensibilities and proudly made in Faisalabad, Pakistan, this underwear combines Scandinavian minimalism with expert local craftsmanship.<\/p>\n<p>Step into style and sustainability with the ZLC Brief\u2014where every detail is designed with you in mind.<\/p>\n<p>[\/spb_text_block] [spb_image image=&#8221;18386&#8243; image_size=&#8221;full&#8221; frame=&#8221;noframe&#8221; caption_pos=&#8221;hover&#8221; remove_rounded=&#8221;yes&#8221; fullwidth=&#8221;no&#8221; overflow_mode=&#8221;none&#8221; link_target=&#8221;_self&#8221; lightbox=&#8221;no&#8221; intro_animation=&#8221;none&#8221; animation_delay=&#8221;200&#8243; width=&#8221;1\/2&#8243; el_position=&#8221;last&#8221;][\/spb_image] [\/spb_tab] [spb_tab title=&#8221;Materiale&#8221; icon=&#8221;&#8221; id=&#8221;Materiale&#8221;] [spb_text_block animation=&#8221;none&#8221; animation_delay=&#8221;0&#8243; simplified_controls=&#8221;yes&#8221; custom_css_percentage=&#8221;no&#8221; padding_vertical=&#8221;0&#8243; padding_horizontal=&#8221;0&#8243; margin_vertical=&#8221;0&#8243; custom_css=&#8221;margin-top: 0px;margin-bottom: 0px;&#8221; border_size=&#8221;0&#8243; border_styling_global=&#8221;default&#8221; width=&#8221;1\/2&#8243; el_position=&#8221;first&#8221;]<\/p>\n<ul>\n<li>GOTS certified (Global Organic Textile Standard)<\/li>\n<li>94% Organic Cotton, 6 % Elastane<\/li>\n<li>Free of harmful nasty chemicals<\/li>\n<li>Sanitized\u00ae Bacteria and Odour Control<\/li>\n<\/ul>\n<p>[\/spb_text_block] [spb_image image=&#8221;26323&#8243; image_size=&#8221;full&#8221; frame=&#8221;noframe&#8221; caption_pos=&#8221;hover&#8221; remove_rounded=&#8221;yes&#8221; fullwidth=&#8221;no&#8221; overflow_mode=&#8221;none&#8221; link_target=&#8221;_self&#8221; lightbox=&#8221;no&#8221; intro_animation=&#8221;none&#8221; animation_delay=&#8221;200&#8243; width=&#8221;1\/2&#8243; el_position=&#8221;last&#8221;][\/spb_image] [\/spb_tab] [spb_tab title=&#8221;Vaskeanvisninger &#8221; icon=&#8221;&#8221; id=&#8221;Vaskeanvisninger&#8221;] [spb_text_block animation=&#8221;none&#8221; animation_delay=&#8221;0&#8243; simplified_controls=&#8221;yes&#8221; custom_css_percentage=&#8221;no&#8221; padding_vertical=&#8221;0&#8243; padding_horizontal=&#8221;0&#8243; margin_vertical=&#8221;0&#8243; custom_css=&#8221;margin-top: 0px;margin-bottom: 0px;&#8221; border_size=&#8221;0&#8243; border_styling_global=&#8221;default&#8221; width=&#8221;1\/1&#8243; el_position=&#8221;first last&#8221;]<\/p>\n<div class=\"flex-1 overflow-hidden\">\n<div class=\"react-scroll-to-bottom--css-kynkd-79elbk h-full\">\n<div class=\"react-scroll-to-bottom--css-kynkd-1n7m0yu\">\n<div>\n<div class=\"flex flex-col text-sm pb-9\">\n<div class=\"w-full text-token-text-primary\" dir=\"auto\" data-testid=\"conversation-turn-41\">\n<div class=\"px-4 py-2 justify-center text-base md:gap-6 m-auto\">\n<div class=\"flex flex-1 text-base mx-auto gap-3 juice:gap-4 juice:md:gap-6 md:px-5 lg:px-1 xl:px-5 md:max-w-3xl lg:max-w-[40rem] xl:max-w-[48rem]\">\n<div class=\"relative flex w-full flex-col agent-turn\">\n<div class=\"flex-col gap-1 md:gap-3\">\n<div class=\"flex flex-grow flex-col max-w-full\">\n<div class=\"min-h-[20px] text-message flex flex-col items-start gap-3 whitespace-pre-wrap break-words [.text-message+&amp;]:mt-5 overflow-x-auto\" dir=\"auto\" data-message-author-role=\"assistant\" data-message-id=\"b8e8ce2d-c38d-4187-b372-17d3cab1f6ee\">\n<div class=\"markdown prose w-full break-words dark:prose-invert light\">\n<p>Here&#8217;s how to keep your ZLC Brief looking and feeling great:<\/p>\n<ul>\n<li>Always separate lights from darks to keep colours vibrant.<\/li>\n<li>Toss it in the machine with similar shades.<\/li>\n<li>After washing, go easy on the tumble dry\u2014low heat is all you need.<\/li>\n<li>Skip the dry cleaning and bleaching to preserve the fabric and colours.<\/li>\n<li>Wear them more and wash less to extend their life and reduce your eco-footprint. Keep your briefs in peak condition with these simple steps!<\/li>\n<\/ul>\n<\/div>\n<\/div>\n<\/div>\n<\/div>\n<\/div>\n<\/div>\n<\/div>\n<\/div>\n<\/div>\n<\/div>\n<\/div>\n<\/div>\n<\/div>\n<p>[\/spb_text_block] [\/spb_tab] [spb_tab title=&#8221;St\u00f8rrelsesguide&#8221; icon=&#8221;&#8221; id=&#8221;Strrelsesguide&#8221;] [spb_text_block animation=&#8221;none&#8221; animation_delay=&#8221;0&#8243; simplified_controls=&#8221;yes&#8221; custom_css_percentage=&#8221;no&#8221; padding_vertical=&#8221;0&#8243; padding_horizontal=&#8221;0&#8243; margin_vertical=&#8221;0&#8243; custom_css=&#8221;margin-top: 0px;margin-bottom: 0px;&#8221; border_size=&#8221;0&#8243; border_styling_global=&#8221;default&#8221; width=&#8221;1\/1&#8243; el_position=&#8221;first last&#8221;]<\/p>\n<p>Ready to overcome your fears and step into confidence with our ZLC briefs? Here\u2019s the lowdown:<\/p>\n<ul>\n<li>Stop being jealous and start embracing your potential! If they can do it, so can you.<\/li>\n<li>Look at those sexy boys and imagine yourself with a bubble butt that fits perfectly into our briefs. It&#8217;s all achievable with a healthy diet and <a href=\"https:\/\/zlcopenhagen.com\/v-sex-lines-how-to-look-good\/\" target=\"_blank\" rel=\"noopener\"><strong>a regular gym routine<\/strong><strong> for those V-lines<\/strong><\/a>.<\/li>\n<li>It&#8217;s true to size and has a snug fit that\u2019s just right. Check o<a href=\"https:\/\/zlcopenhagen.com\/da\/stoerrelsesguide-maend\/\" target=\"_blank\" rel=\"noopener\"><strong>ur size guide<\/strong><\/a> to find your perfect match.<\/li>\n<li>Expertly designed to accentuate your physique, these briefs are made to make you look and feel irresistibly sexy.<\/li>\n<li>Crafted with flat-lock stitching for a sleek fit that enhances your contours.<\/li>\n<li>Wear them confidently, knowing they highlight your best features with every curve.<\/li>\n<\/ul>\n<p>Find Your Perfect Fit: Unlock Confidence with ZLC&#8217;s open fly cotton brief.<\/p>\n<p>[\/spb_text_block] [\/spb_tab] [\/spb_tabs] [spb_text_block animation=&#8221;none&#8221; animation_delay=&#8221;0&#8243; simplified_controls=&#8221;yes&#8221; custom_css_percentage=&#8221;no&#8221; padding_vertical=&#8221;0&#8243; padding_horizontal=&#8221;0&#8243; margin_vertical=&#8221;0&#8243; custom_css=&#8221;margin-top: 0px;margin-bottom: 0px;&#8221; border_size=&#8221;0&#8243; border_styling_global=&#8221;default&#8221; width=&#8221;1\/2&#8243; el_position=&#8221;first&#8221;]<\/p>\n<p>Check out our Navy Brief Underwear with an open fly cotton brief closure\u2014the perfect blend of comfort and convenience. Designed with a smooth, supportive fit, this brief is crafted from soft, breathable fabric that keeps you comfortable all day. The sleek navy colour adds a touch of classic style to your underwear collection. It features a practical fly closure for easy access and is engineered for functionality and comfort. Whether you&#8217;re hitting the gym, heading to work, or lounging at home, these briefs are your go-to for everyday wear. Upgrade your basics with our Navy Brief Underwear and experience comfort and style.<\/p>\n<p>Unlock confidence and style with our premium men&#8217;s underwear collection from ZLCOPENHAGEN. Crafted with care and precision, our cotton briefs with easy access are designed to redefine comfort and convenience. Whether you&#8217;re hitting the gym, lounging at home, or stepping out for a night on the town, our briefs offer the perfect blend of style and functionality. With easy access, you can say goodbye to fumbling with traditional closures and hello to effortless convenience. Plus, with our thoughtful design, you can drip off before putting your friend back in, ensuring comfort and ease.<\/p>\n<p>[\/spb_text_block] [spb_image image=&#8221;25626&#8243; image_size=&#8221;full&#8221; frame=&#8221;noframe&#8221; caption_pos=&#8221;hover&#8221; remove_rounded=&#8221;yes&#8221; fullwidth=&#8221;no&#8221; overflow_mode=&#8221;none&#8221; link_target=&#8221;_self&#8221; lightbox=&#8221;no&#8221; intro_animation=&#8221;none&#8221; animation_delay=&#8221;200&#8243; width=&#8221;1\/2&#8243; el_position=&#8221;last&#8221;][\/spb_image] [spb_image image=&#8221;18392&#8243; image_size=&#8221;full&#8221; frame=&#8221;noframe&#8221; caption_pos=&#8221;hover&#8221; remove_rounded=&#8221;yes&#8221; fullwidth=&#8221;no&#8221; overflow_mode=&#8221;none&#8221; link_target=&#8221;_self&#8221; lightbox=&#8221;no&#8221; intro_animation=&#8221;none&#8221; animation_delay=&#8221;200&#8243; width=&#8221;1\/2&#8243; el_position=&#8221;first&#8221;][\/spb_image] [spb_text_block animation=&#8221;none&#8221; animation_delay=&#8221;0&#8243; simplified_controls=&#8221;yes&#8221; custom_css_percentage=&#8221;no&#8221; padding_vertical=&#8221;0&#8243; padding_horizontal=&#8221;0&#8243; margin_vertical=&#8221;0&#8243; custom_css=&#8221;margin-top: 0px;margin-bottom: 0px;&#8221; border_size=&#8221;0&#8243; border_styling_global=&#8221;default&#8221; width=&#8221;1\/2&#8243; el_position=&#8221;last&#8221;]<\/p>\n<h2>HOW TO GET STARTED<\/h2>\n<p><strong>4-week plan<\/strong><\/p>\n<p><a href=\"https:\/\/www.menshealth.com\/fitness\/\" target=\"_blank\" rel=\"noopener\">Fitness routine<\/a><\/p>\n<p>[\/spb_text_block] [spb_image image=&#8221;17099&#8243; image_size=&#8221;full&#8221; frame=&#8221;noframe&#8221; caption_pos=&#8221;hover&#8221; remove_rounded=&#8221;yes&#8221; fullwidth=&#8221;no&#8221; overflow_mode=&#8221;none&#8221; link_target=&#8221;_self&#8221; lightbox=&#8221;no&#8221; intro_animation=&#8221;none&#8221; animation_delay=&#8221;200&#8243; width=&#8221;1\/1&#8243; el_position=&#8221;first last&#8221;][\/spb_image] [spb_image image=&#8221;18389&#8243; image_size=&#8221;full&#8221; frame=&#8221;noframe&#8221; caption_pos=&#8221;hover&#8221; remove_rounded=&#8221;yes&#8221; fullwidth=&#8221;no&#8221; overflow_mode=&#8221;none&#8221; link_target=&#8221;_self&#8221; lightbox=&#8221;no&#8221; intro_animation=&#8221;none&#8221; animation_delay=&#8221;200&#8243; width=&#8221;1\/2&#8243; el_position=&#8221;first last&#8221;][\/spb_image] [spb_raw_html width=&#8221;1\/1&#8243; el_position=&#8221;first last&#8221;]JTNDc3R5bGUlM0UlMEElMjAlMjAudmlkZW8tY29udGFpbmVyJTIwJTdCJTBBJTIwJTIwJTIwJTIwcG9zaXRpb24lM0ElMjByZWxhdGl2ZSUzQiUwQSUyMCUyMCUyMCUyMHdpZHRoJTNBJTIwMTAwJTI1JTNCJTBBJTIwJTIwJTIwJTIwbWF4LXdpZHRoJTNBJTIwNDAwcHglM0IlMjAlMkYlMkElMjBBZGp1c3QlMjB3aWR0aCUyMGlmJTIwbmVjZXNzYXJ5JTIwJTJBJTJGJTBBJTIwJTIwJTIwJTIwbWFyZ2luJTNBJTIwMCUyMGF1dG8lM0IlMEElMjAlMjAlMjAlMjBwYWRkaW5nLWJvdHRvbSUzQSUyMDE3Ny43OCUyNSUzQiUyMCUyRiUyQSUyMEFzcGVjdCUyMHJhdGlvJTIwZm9yJTIwdmVydGljYWwlMjB2aWRlbyUyMCUyODklM0ExNiUyOSUyMCUyQSUyRiUwQSUyMCUyMCUyMCUyMGhlaWdodCUzQSUyMDAlM0IlMEElMjAlMjAlMjAlMjBvdmVyZmxvdyUzQSUyMGhpZGRlbiUzQiUwQSUyMCUyMCU3RCUwQSUwQSUyMCUyMC52aWRlby1jb250YWluZXIlMjBpZnJhbWUlMjAlN0IlMEElMjAlMjAlMjAlMjBwb3NpdGlvbiUzQSUyMGFic29sdXRlJTNCJTBBJTIwJTIwJTIwJTIwdG9wJTNBJTIwMCUzQiUwQSUyMCUyMCUyMCUyMGxlZnQlM0ElMjAwJTNCJTBBJTIwJTIwJTIwJTIwd2lkdGglM0ElMjAxMDAlMjUlM0IlMEElMjAlMjAlMjAlMjBoZWlnaHQlM0ElMjAxMDAlMjUlM0IlMEElMjAlMjAlMjAlMjBib3JkZXIlM0ElMjBub25lJTNCJTBBJTIwJTIwJTdEJTBBJTNDJTJGc3R5bGUlM0UlMEElMEElM0NkaXYlMjBjbGFzcyUzRCUyMnZpZGVvLWNvbnRhaW5lciUyMiUzRSUwQSUyMCUyMCUzQ2lmcmFtZSUyMHNyYyUzRCUyMmh0dHBzJTNBJTJGJTJGd3d3LnlvdXR1YmUuY29tJTJGZW1iZWQlMkZVY0t3amR3eFhwMCUzRnBsYXlzaW5saW5lJTNEMSUyMiUyMCUwQSUyMCUyMCUyMCUyMHRpdGxlJTNEJTIyQUklMjBNRU4lMjBXT1JMRCUyMFJ1bndheSUzQSUyME90dG9tYW4lMjBQYWxhY2UlMjBHbGFtb3VyJTIxJTIyJTIwJTBBJTIwJTIwJTIwJTIwZnJhbWVib3JkZXIlM0QlMjIwJTIyJTIwJTBBJTIwJTIwJTIwJTIwYWxsb3clM0QlMjJhY2NlbGVyb21ldGVyJTNCJTIwYXV0b3BsYXklM0IlMjBjbGlwYm9hcmQtd3JpdGUlM0IlMjBlbmNyeXB0ZWQtbWVkaWElM0IlMjBneXJvc2NvcGUlM0IlMjBwaWN0dXJlLWluLXBpY3R1cmUlM0IlMjB3ZWItc2hhcmUlMjIlMjAlMEElMjAlMjAlMjAlMjByZWZlcnJlcnBvbGljeSUzRCUyMnN0cmljdC1vcmlnaW4td2hlbi1jcm9zcy1vcmlnaW4lMjIlMjAlMEElMjAlMjAlMjAlMjBhbGxvd2Z1bGxzY3JlZW4lM0UlMEElMjAlMjAlM0MlMkZpZnJhbWUlM0UlMEElM0MlMkZkaXYlM0U=[\/spb_raw_html]<\/p>\n","protected":false},"excerpt":{"rendered":"<h2 data-start=\"0\" data-end=\"72\">MASKULIN PASFORM, PERFEKT BULE<\/h2>\n<p data-start=\"74\" data-end=\"421\">Klassisk, stilfuld og skabt til den aktive mand. Disse navy farvede trusser med gylp er fremstillet i Oeko-Tex certificeret bomuld, der sikrer maksimal komfort og \u00e5ndbarhed. Den stramme pasform fremh\u00e6ver din fysik, sidder perfekt b\u00e5de bagfra og forfra, og den eksklusive s\u00f8lv elastik fuldender looket med et strejf af luksus.<\/p>\n<ul>\n<li data-start=\"423\" data-end=\"694\">Perfekt bule-effekt \u2013 intet skjules, alt fremh\u00e6ves<\/li>\n<li data-start=\"423\" data-end=\"694\">Stram, men behagelig pasform \u2013 f\u00f8lger dine bev\u00e6gelser<\/li>\n<li data-start=\"423\" data-end=\"694\">Luksuri\u00f8s s\u00f8lv elastik \u2013 et stilfuldt touch til din maskulinitet<\/li>\n<li data-start=\"423\" data-end=\"694\">\u00c5ndbart og fleksibelt materiale \u2013 ideelt til hverdagen og aktive m\u00e6nd<\/li>\n<\/ul>\n<p data-start=\"696\" data-end=\"818\" data-is-last-node=\"\" data-is-only-node=\"\">G\u00e5 ikke p\u00e5 kompromis med din stil \u2013 opgrader din undert\u00f8jsskuffe med en underbuks, der l\u00f8fter b\u00e5de look og selvtillid.<\/p>\n","protected":false},"featured_media":18393,"comment_status":"closed","ping_status":"closed","template":"","meta":[],"product_brand":[],"product_cat":[425,128],"product_tag":[211,1840,212],"class_list":{"0":"post-17634","1":"product","2":"type-product","3":"status-publish","4":"has-post-thumbnail","6":"product_cat-trusser","7":"product_cat-herre-undertoj-speedos-bulge","8":"product_tag-brief-da","9":"product_tag-navy-da","10":"product_tag-underwear-da","12":"first","13":"instock","14":"featured","15":"taxable","16":"shipping-taxable","17":"purchasable","18":"product-type-variable","19":"has-default-attributes"},"yoast_head":"<!-- This site is optimized with the Yoast SEO Premium plugin v26.6 (Yoast SEO v27.6) - https:\/\/yoast.com\/product\/yoast-seo-premium-wordpress\/ -->\n<title>NAVY TRUSSER MED GYLP | FREMH\u00c6V DINE FORMER<\/title>\n<meta name=\"description\" content=\"Drop de falske push-ups og billige tricks. Trusser med gylp sidder fr\u00e6kt og fremh\u00e6ver dine baller og bulen som du fortjener. Ren maskulin energi og flirt\" \/>\n<meta name=\"robots\" content=\"index, follow, max-snippet:-1, max-image-preview:large, max-video-preview:-1\" \/>\n<link rel=\"canonical\" href=\"https:\/\/zlcopenhagen.com\/da\/produkt\/navy-trusser-genanvendt-nylon-elastik\/\" \/>\n<meta property=\"og:locale\" content=\"da_DK\" \/>\n<meta property=\"og:type\" content=\"article\" \/>\n<meta property=\"og:title\" content=\"ZLC NAVY TRUSSER GENANVENDT NYLON ELASTIK\" \/>\n<meta property=\"og:description\" content=\"Drop de falske push-ups og billige tricks. Trusser med gylp sidder fr\u00e6kt og fremh\u00e6ver dine baller og bulen som du fortjener. Ren maskulin energi og flirt\" \/>\n<meta property=\"og:url\" content=\"https:\/\/zlcopenhagen.com\/da\/produkt\/navy-trusser-genanvendt-nylon-elastik\/\" \/>\n<meta property=\"og:site_name\" content=\"zlcopenhagen.com\" \/>\n<meta property=\"article:modified_time\" content=\"2025-02-23T21:01:46+00:00\" \/>\n<meta property=\"og:image\" content=\"https:\/\/zlcopenhagen.com\/wp-content\/uploads\/2014\/11\/ZLC-NAVY-BRIEF-BACK-a.jpg\" \/>\n\t<meta property=\"og:image:width\" content=\"1000\" \/>\n\t<meta property=\"og:image:height\" content=\"1000\" \/>\n\t<meta property=\"og:image:type\" content=\"image\/jpeg\" \/>\n<meta name=\"twitter:card\" content=\"summary_large_image\" \/>\n<meta name=\"twitter:label1\" content=\"Tilg\u00e6ngelighed\" \/>\n\t<meta name=\"twitter:data1\" content=\"P\u00e5 lager\" \/>\n<meta property=\"og:availability\" content=\"instock\" \/>\n<meta property=\"product:availability\" content=\"instock\" \/>\n<meta property=\"product:retailer_item_id\" content=\"622299\" \/>\n<meta property=\"product:condition\" content=\"new\" \/>\n<!-- \/ Yoast SEO Premium plugin. -->","yoast_head_json":{"title":"NAVY TRUSSER MED GYLP | FREMH\u00c6V DINE FORMER","description":"Drop de falske push-ups og billige tricks. Trusser med gylp sidder fr\u00e6kt og fremh\u00e6ver dine baller og bulen som du fortjener. Ren maskulin energi og flirt","robots":{"index":"index","follow":"follow","max-snippet":"max-snippet:-1","max-image-preview":"max-image-preview:large","max-video-preview":"max-video-preview:-1"},"canonical":"https:\/\/zlcopenhagen.com\/da\/produkt\/navy-trusser-genanvendt-nylon-elastik\/","og_locale":"da_DK","og_type":"article","og_title":"ZLC NAVY TRUSSER GENANVENDT NYLON ELASTIK","og_description":"Drop de falske push-ups og billige tricks. Trusser med gylp sidder fr\u00e6kt og fremh\u00e6ver dine baller og bulen som du fortjener. Ren maskulin energi og flirt","og_url":"https:\/\/zlcopenhagen.com\/da\/produkt\/navy-trusser-genanvendt-nylon-elastik\/","og_site_name":"zlcopenhagen.com","article_modified_time":"2025-02-23T21:01:46+00:00","og_image":[{"width":1000,"height":1000,"url":"https:\/\/zlcopenhagen.com\/wp-content\/uploads\/2014\/11\/ZLC-NAVY-BRIEF-BACK-a.jpg","type":"image\/jpeg"}],"twitter_card":"summary_large_image","twitter_misc":{"Tilg\u00e6ngelighed":"P\u00e5 lager"},"schema":{"@context":"https:\/\/schema.org","@graph":[{"@type":["WebPage","ItemPage"],"@id":"https:\/\/zlcopenhagen.com\/da\/produkt\/navy-trusser-genanvendt-nylon-elastik\/","url":"https:\/\/zlcopenhagen.com\/da\/produkt\/navy-trusser-genanvendt-nylon-elastik\/","name":"NAVY TRUSSER MED GYLP | FREMH\u00c6V DINE FORMER","isPartOf":{"@id":"https:\/\/zlcopenhagen.com\/#website"},"primaryImageOfPage":{"@id":"https:\/\/zlcopenhagen.com\/da\/produkt\/navy-trusser-genanvendt-nylon-elastik\/#primaryimage"},"image":{"@id":"https:\/\/zlcopenhagen.com\/da\/produkt\/navy-trusser-genanvendt-nylon-elastik\/#primaryimage"},"thumbnailUrl":"https:\/\/zlcopenhagen.com\/wp-content\/uploads\/2014\/11\/ZLC-NAVY-BRIEF-BACK-a.jpg","datePublished":"2014-11-10T15:27:49+00:00","dateModified":"2025-02-23T21:01:46+00:00","description":"Drop de falske push-ups og billige tricks. Trusser med gylp sidder fr\u00e6kt og fremh\u00e6ver dine baller og bulen som du fortjener. Ren maskulin energi og flirt","breadcrumb":{"@id":"https:\/\/zlcopenhagen.com\/da\/produkt\/navy-trusser-genanvendt-nylon-elastik\/#breadcrumb"},"inLanguage":"da-DK","potentialAction":[{"@type":"ReadAction","target":["https:\/\/zlcopenhagen.com\/da\/produkt\/navy-trusser-genanvendt-nylon-elastik\/"]}]},{"@type":"ImageObject","inLanguage":"da-DK","@id":"https:\/\/zlcopenhagen.com\/da\/produkt\/navy-trusser-genanvendt-nylon-elastik\/#primaryimage","url":"https:\/\/zlcopenhagen.com\/wp-content\/uploads\/2014\/11\/ZLC-NAVY-BRIEF-BACK-a.jpg","contentUrl":"https:\/\/zlcopenhagen.com\/wp-content\/uploads\/2014\/11\/ZLC-NAVY-BRIEF-BACK-a.jpg","width":1000,"height":1000,"caption":"open fly cotton brief"},{"@type":"BreadcrumbList","@id":"https:\/\/zlcopenhagen.com\/da\/produkt\/navy-trusser-genanvendt-nylon-elastik\/#breadcrumb","itemListElement":[{"@type":"ListItem","position":1,"name":"Home","item":"https:\/\/zlcopenhagen.com\/da\/"},{"@type":"ListItem","position":2,"name":"Shop","item":"https:\/\/zlcopenhagen.com\/da\/shop\/"},{"@type":"ListItem","position":3,"name":"ZLC NAVY TRUSSER GENANVENDT NYLON ELASTIK"}]},{"@type":"WebSite","@id":"https:\/\/zlcopenhagen.com\/#website","url":"https:\/\/zlcopenhagen.com\/","name":"zlcopenhagen.com","description":"","publisher":{"@id":"https:\/\/zlcopenhagen.com\/#organization"},"potentialAction":[{"@type":"SearchAction","target":{"@type":"EntryPoint","urlTemplate":"https:\/\/zlcopenhagen.com\/?s={search_term_string}"},"query-input":{"@type":"PropertyValueSpecification","valueRequired":true,"valueName":"search_term_string"}}],"inLanguage":"da-DK"},{"@type":["Organization","Place"],"@id":"https:\/\/zlcopenhagen.com\/#organization","name":"ZLCOPENHAGEN","alternateName":"ZLCOPENHAGEN","url":"https:\/\/zlcopenhagen.com\/","logo":{"@id":"https:\/\/zlcopenhagen.com\/da\/produkt\/navy-trusser-genanvendt-nylon-elastik\/#local-main-organization-logo"},"image":{"@id":"https:\/\/zlcopenhagen.com\/da\/produkt\/navy-trusser-genanvendt-nylon-elastik\/#local-main-organization-logo"},"sameAs":["https:\/\/www.youtube.com\/channel\/UCy7JINwB6DMr2fA9yHpDQJg"],"telephone":[],"openingHoursSpecification":[{"@type":"OpeningHoursSpecification","dayOfWeek":["Monday","Tuesday","Wednesday","Thursday","Friday","Saturday","Sunday"],"opens":"09:00","closes":"17:00"}]},{"@type":"ImageObject","inLanguage":"da-DK","@id":"https:\/\/zlcopenhagen.com\/da\/produkt\/navy-trusser-genanvendt-nylon-elastik\/#local-main-organization-logo","url":"https:\/\/zlcopenhagen.com\/wp-content\/uploads\/2016\/05\/blog-logo.jpg","contentUrl":"https:\/\/zlcopenhagen.com\/wp-content\/uploads\/2016\/05\/blog-logo.jpg","width":68,"height":68,"caption":"ZLCOPENHAGEN"}]},"og_availability":"instock","product_availability":"instock","product_retailer_item_id":"622299","product_condition":"new"},"_links":{"self":[{"href":"https:\/\/zlcopenhagen.com\/da\/wp-json\/wp\/v2\/product\/17634","targetHints":{"allow":["GET"]}}],"collection":[{"href":"https:\/\/zlcopenhagen.com\/da\/wp-json\/wp\/v2\/product"}],"about":[{"href":"https:\/\/zlcopenhagen.com\/da\/wp-json\/wp\/v2\/types\/product"}],"replies":[{"embeddable":true,"href":"https:\/\/zlcopenhagen.com\/da\/wp-json\/wp\/v2\/comments?post=17634"}],"wp:featuredmedia":[{"embeddable":true,"href":"https:\/\/zlcopenhagen.com\/da\/wp-json\/wp\/v2\/media\/18393"}],"wp:attachment":[{"href":"https:\/\/zlcopenhagen.com\/da\/wp-json\/wp\/v2\/media?parent=17634"}],"wp:term":[{"taxonomy":"product_brand","embeddable":true,"href":"https:\/\/zlcopenhagen.com\/da\/wp-json\/wp\/v2\/product_brand?post=17634"},{"taxonomy":"product_cat","embeddable":true,"href":"https:\/\/zlcopenhagen.com\/da\/wp-json\/wp\/v2\/product_cat?post=17634"},{"taxonomy":"product_tag","embeddable":true,"href":"https:\/\/zlcopenhagen.com\/da\/wp-json\/wp\/v2\/product_tag?post=17634"}],"curies":[{"name":"wp","href":"https:\/\/api.w.org\/{rel}","templated":true}]}}