{"id":17611,"date":"2016-06-13T10:06:29","date_gmt":"2016-06-13T10:06:29","guid":{"rendered":"https:\/\/zlcopenhagen.com\/product\/zlc-army-brief\/?lang=da"},"modified":"2025-05-20T12:50:25","modified_gmt":"2025-05-20T11:50:25","slug":"zlc-army-herretrusser-bulge","status":"publish","type":"product","link":"https:\/\/zlcopenhagen.com\/da\/produkt\/zlc-army-herretrusser-bulge\/","title":{"rendered":"ZLC ARMY GR\u00d8NNE TRUSSER MED GYLP"},"content":{"rendered":"<p>[spb_tabs tabs_type=&#8221;standard&#8221; center_tabs=&#8221;no&#8221; width=&#8221;1\/1&#8243; el_position=&#8221;first last&#8221;] [spb_tab title=&#8221;Produkt&#8221; icon=&#8221;&#8221; id=&#8221;Produkt&#8221;] [spb_text_block animation=&#8221;none&#8221; animation_delay=&#8221;0&#8243; simplified_controls=&#8221;yes&#8221; custom_css_percentage=&#8221;no&#8221; padding_vertical=&#8221;0&#8243; padding_horizontal=&#8221;0&#8243; margin_vertical=&#8221;0&#8243; custom_css=&#8221;margin-top: 0px;margin-bottom: 0px;&#8221; border_size=&#8221;0&#8243; border_styling_global=&#8221;default&#8221; width=&#8221;1\/1&#8243; el_position=&#8221;first last&#8221;]<\/p>\n<p class=\"\" data-start=\"130\" data-end=\"173\"><strong data-start=\"130\" data-end=\"173\">TRUSSER, DER F\u00c5R DIN BULGE TIL AT SMILE<\/strong><\/p>\n<p class=\"\" data-start=\"175\" data-end=\"463\">ZLC Army Trusser er mere end undert\u00f8j \u2013 det er en k\u00e6rlighedserkl\u00e6ring til din krop. Lavet i bl\u00f8d, \u00f8kologisk bomuld med et fr\u00e6kt touch af elastan, der smyger sig om dig som en dagdr\u00f8m med beskidte tanker. De sidder, hvor de skal. Strammer, hvor det t\u00e6nder. Og fremh\u00e6ver det, der skal frem.<\/p>\n<p class=\"\" data-start=\"465\" data-end=\"657\">Elastikken? Bl\u00f8d, fleksibel og genanvendt \u2013 for ja, b\u00e6redygtighed kan ogs\u00e5 v\u00e6re sexet. Designet til m\u00e6nd, der ikke bare vil gemme sig bag stof, men st\u00e5 frem. Med stil. Med holdning. Med bulge.<\/p>\n<p class=\"\" data-start=\"659\" data-end=\"755\">Dr\u00f8m med \u00e5bne \u00f8jne \u2013 og tr\u00e6k i noget, der f\u00e5r dig til at f\u00f8le dig som mere end mand. En fantasi.<\/p>\n<p>[\/spb_text_block] [\/spb_tab] [spb_tab title=&#8221;Materiale &#8221; icon=&#8221;&#8221; id=&#8221;Materiale&#8221;] [spb_text_block animation=&#8221;none&#8221; animation_delay=&#8221;0&#8243; simplified_controls=&#8221;yes&#8221; custom_css_percentage=&#8221;no&#8221; padding_vertical=&#8221;0&#8243; padding_horizontal=&#8221;0&#8243; margin_vertical=&#8221;0&#8243; custom_css=&#8221;margin-top: 0px;margin-bottom: 0px;&#8221; border_size=&#8221;0&#8243; border_styling_global=&#8221;default&#8221; width=&#8221;1\/1&#8243; el_position=&#8221;first last&#8221;]<\/p>\n<h3 class=\"\" data-start=\"198\" data-end=\"240\">FR\u00c6KTE MATERIALER, SERI\u00d8S HOLDNING<\/h3>\n<p class=\"\" data-start=\"242\" data-end=\"588\">Lad os v\u00e6re \u00e6rlige. Det f\u00f8rste du tager p\u00e5 \u2013 og det sidste du tager af \u2013 skal f\u00f8les som en dr\u00f8m mod huden. Vores ZLC Army Trusser er lavet i <strong data-start=\"383\" data-end=\"414\">\u00f8kologisk bomuld og elastan<\/strong>, s\u00e5 du f\u00e5r et fit, der b\u00e5de former, fremh\u00e6ver og forf\u00f8rer. Stoffet er bl\u00f8dt, men holder fast. Stramt, men aldrig kv\u00e6lende. Og ja \u2013 det l\u00f8fter bulgen, uden du beh\u00f8ver en sok.<\/p>\n<p class=\"\" data-start=\"590\" data-end=\"869\">Vi bruger <strong data-start=\"600\" data-end=\"628\">GOTS-certificeret bomuld<\/strong>, for vi gider ikke kemi i skridtet. Din pik fortjener bedre. Elastikken er delvist lavet med <strong data-start=\"722\" data-end=\"742\">genanvendt nylon<\/strong>, s\u00e5 b\u00e5de planet og pasform f\u00e5r respekt. Det er ikke bare b\u00e6redygtigt undert\u00f8j \u2013 det er <strong data-start=\"830\" data-end=\"868\">SUSTAINABLE UNDERWEAR med ATTITUDE<\/strong>.<\/p>\n<p class=\"\" data-start=\"871\" data-end=\"1019\">Hver syning er lavet for at st\u00f8tte dine bev\u00e6gelser, uanset om du squatter i fitness, cruiser i byen eller ligger og venter p\u00e5 bifald i sovev\u00e6relset.<\/p>\n<p class=\"\" data-start=\"1021\" data-end=\"1090\">Herre trusser med boldness. Fordi du ikke er bygget til at gemme dig.<\/p>\n<p>[\/spb_text_block] [\/spb_tab] [\/spb_tabs] [spb_image image=&#8221;17088&#8243; image_size=&#8221;full&#8221; frame=&#8221;noframe&#8221; caption_pos=&#8221;below&#8221; remove_rounded=&#8221;no&#8221; fullwidth=&#8221;no&#8221; overflow_mode=&#8221;none&#8221; link_target=&#8221;_self&#8221; lightbox=&#8221;yes&#8221; intro_animation=&#8221;none&#8221; animation_delay=&#8221;200&#8243; width=&#8221;1\/1&#8243; el_position=&#8221;first last&#8221;][\/spb_image] [spb_text_block animation=&#8221;none&#8221; animation_delay=&#8221;0&#8243; simplified_controls=&#8221;yes&#8221; custom_css_percentage=&#8221;no&#8221; padding_vertical=&#8221;0&#8243; padding_horizontal=&#8221;0&#8243; margin_vertical=&#8221;0&#8243; custom_css=&#8221;margin-top: 0px;margin-bottom: 0px;&#8221; border_size=&#8221;0&#8243; border_styling_global=&#8221;default&#8221; width=&#8221;1\/1&#8243; el_position=&#8221;first last&#8221;]<\/p>\n<h2>ZLC ARMY TRUSSER \u2013 KLAR TIL KAMP<\/h2>\n<p>Du k\u00e6mper m\u00e5ske ikke med v\u00e5ben \u2013 men du k\u00e6mper med stil.<br \/>\nZLC Army briefs er til manden med format. Den der t\u00f8r fylde rummet ud \u2013 med holdning, med bulge, med respekt.<br \/>\nFremstillet af bl\u00f8d \u00f8kologisk bomuld og genanvendt elastik, s\u00e5 du kan b\u00e6re din samvittighed lige s\u00e5 selvsikkert som dine trusser.<\/p>\n<h3>FREMH\u00c6V DIN BULGE \u2013 UDEN SOK<\/h3>\n<p>Pasformen sidder t\u00e6t, l\u00f8fter de rigtige steder og fremh\u00e6ver dine linjer. Perfekt til b\u00e5de hverdagsbrug og moments where it counts.\u00a0Vi arbejder ikke med greenwashing. Vi arbejder med r\u00e5 \u00e6rlighed. Din krop fortjener det bedste \u2013 uden at andre skal lide for det.<\/p>\n<p>[\/spb_text_block] [spb_image image=&#8221;17113&#8243; image_size=&#8221;full&#8221; frame=&#8221;noframe&#8221; caption_pos=&#8221;below&#8221; remove_rounded=&#8221;no&#8221; fullwidth=&#8221;no&#8221; overflow_mode=&#8221;none&#8221; link_target=&#8221;_self&#8221; lightbox=&#8221;yes&#8221; intro_animation=&#8221;none&#8221; animation_delay=&#8221;200&#8243; width=&#8221;1\/1&#8243; el_position=&#8221;first last&#8221;][\/spb_image] [spb_text_block animation=&#8221;none&#8221; animation_delay=&#8221;0&#8243; simplified_controls=&#8221;yes&#8221; custom_css_percentage=&#8221;no&#8221; padding_vertical=&#8221;0&#8243; padding_horizontal=&#8221;0&#8243; margin_vertical=&#8221;0&#8243; custom_css=&#8221;margin-top: 0px;margin-bottom: 0px;&#8221; border_size=&#8221;0&#8243; border_styling_global=&#8221;default&#8221; width=&#8221;1\/1&#8243; el_position=&#8221;first last&#8221;]<\/p>\n<h3 class=\"\" data-start=\"136\" data-end=\"200\"><strong data-start=\"140\" data-end=\"200\">FAQ \u2013 ALT DU IKKE VIDSTE, DU VILLE SP\u00d8RGE OM (MEN BURDE)<\/strong><\/h3>\n<p class=\"\" data-start=\"202\" data-end=\"385\"><strong data-start=\"202\" data-end=\"248\">\ud83d\udc49 Hvordan f\u00f8les ZLC\u2019s trusser p\u00e5 kroppen?<\/strong><br data-start=\"248\" data-end=\"251\" \/>Som en h\u00e5nd i ryggen \u2013 bare meget lavere. De sidder t\u00e6t, st\u00f8tter de rigtige steder og lader din bulge tr\u00e6kke vejret. Komfort med kant.<\/p>\n<p class=\"\" data-start=\"387\" data-end=\"551\"><strong data-start=\"387\" data-end=\"414\">\ud83d\udc49 Hvad er de lavet af?<\/strong><br data-start=\"414\" data-end=\"417\" \/>\u00d8kologisk bomuld, genanvendt nylon i linningen og s\u00f8lv-ion teknologi, der holder bakterier og lugt v\u00e6k. Det er som luksus p\u00e5 lav puls.<\/p>\n<p class=\"\" data-start=\"553\" data-end=\"738\"><strong data-start=\"553\" data-end=\"587\">\ud83d\udc49 Er de virkelig b\u00e6redygtige?<\/strong><br data-start=\"587\" data-end=\"590\" \/>Hell yes. GOTS- og OEKO-TEX\u00ae-certificeret, produceret med respekt for b\u00e5de mennesker og planet. Fair fashion med fuck dig-attitude til greenwashing.<\/p>\n<p class=\"\" data-start=\"740\" data-end=\"902\"><strong data-start=\"740\" data-end=\"770\">\ud83d\udc49 Er de kun for fit guys?<\/strong><br data-start=\"770\" data-end=\"773\" \/>Nej. De er for alle, der t\u00f8r st\u00e5 ved deres form \u2013 uanset st\u00f8rrelse, baggrund eller seksualitet. Du bestemmer, hvad de signalerer.<\/p>\n<p class=\"\" data-start=\"904\" data-end=\"1071\"><strong data-start=\"904\" data-end=\"928\">\ud83d\udc49 Hvor er de lavet?<\/strong><br data-start=\"928\" data-end=\"931\" \/>Produceret med respekt og ordentlige arbejdsforhold i fokus. Vi taler ikke <em data-start=\"1006\" data-end=\"1021\">Danish Design<\/em>, men <strong data-start=\"1027\" data-end=\"1053\">Danish Genocide Design<\/strong> \u2013 med en mission.<\/p>\n<p class=\"\" data-start=\"1073\" data-end=\"1216\"><strong data-start=\"1073\" data-end=\"1126\">\ud83d\udc49 Kan man vaske dem uden at de mister pasformen?<\/strong><br data-start=\"1126\" data-end=\"1129\" \/>Ja. Bare vask dem ved max 40\u00b0C, og lad v\u00e6re med at t\u00f8rretumble. De vil elske dig l\u00e6nge.<\/p>\n<p>[\/spb_text_block] [spb_image image=&#8221;17708&#8243; image_size=&#8221;full&#8221; frame=&#8221;noframe&#8221; caption_pos=&#8221;below&#8221; remove_rounded=&#8221;no&#8221; fullwidth=&#8221;no&#8221; overflow_mode=&#8221;none&#8221; link_target=&#8221;_self&#8221; lightbox=&#8221;yes&#8221; intro_animation=&#8221;none&#8221; animation_delay=&#8221;200&#8243; width=&#8221;1\/2&#8243; el_position=&#8221;first&#8221;][\/spb_image] [spb_image image=&#8221;19550&#8243; image_size=&#8221;full&#8221; frame=&#8221;noframe&#8221; caption_pos=&#8221;below&#8221; remove_rounded=&#8221;no&#8221; fullwidth=&#8221;no&#8221; overflow_mode=&#8221;none&#8221; link_target=&#8221;_self&#8221; lightbox=&#8221;yes&#8221; intro_animation=&#8221;none&#8221; animation_delay=&#8221;200&#8243; width=&#8221;1\/2&#8243; el_position=&#8221;last&#8221;][\/spb_image]<\/p>\n","protected":false},"excerpt":{"rendered":"<h3 class=\"\" data-start=\"202\" data-end=\"278\">ZLC ARMY TRUSSER \u2013 KLAR TIL KAMP?<\/h3>\n<p class=\"\" data-start=\"280\" data-end=\"500\">Leder du efter herreundert\u00f8j, der b\u00e5de f\u00f8les godt og ser skarpt ud? ZLC Army trusser kombinerer stilren, maskulin pasform med b\u00e6redygtige materialer \u2013 perfekt til m\u00e6nd, der vil eje rummet og stadig have ren samvittighed.<\/p>\n<p class=\"\" data-start=\"502\" data-end=\"733\"><strong data-start=\"502\" data-end=\"528\">TIL DEN MODERNE MAND<\/strong><br data-start=\"528\" data-end=\"531\" \/>Trusserne er lavet i \u00f8kologisk bomuld med elastisk linning i genanvendt nylon \u2013 behagelige mod huden og designet til at holde formen hele dagen. Du f\u00e5r st\u00f8tte, komfort og et l\u00f8ft \u2013 b\u00e5de foran og bagtil.<\/p>\n<p class=\"\" data-start=\"735\" data-end=\"977\"><strong data-start=\"735\" data-end=\"763\">MILJ\u00d8RIGTIG PRODUKTION<\/strong><br data-start=\"763\" data-end=\"766\" \/>OEKO-TEX\u00ae og GOTS-certificeret. Produceret under ansvarlige forhold. Det er b\u00e6redygtigt herreundert\u00f8j med respekt for b\u00e5de kroppen og planeten.<br data-start=\"909\" data-end=\"912\" \/>\u2192 Bedre for dig. Bedre for dem, der syr det. Bedre for fremtiden.<\/p>\n<p class=\"\" data-start=\"979\" data-end=\"1157\"><strong data-start=\"979\" data-end=\"1007\">ST\u00c6RK VISUEL IDENTITET<\/strong><br data-start=\"1007\" data-end=\"1010\" \/>Army-inspireret farve og design med ZLCOPENHAGEN-logo. Trusser, der sender et signal \u2013 uden at sige et ord. Minimalistisk, men med maksimal effekt.<\/p>\n","protected":false},"featured_media":32643,"comment_status":"closed","ping_status":"closed","template":"","meta":[],"product_brand":[],"product_cat":[425,128],"product_tag":[211,212],"class_list":{"0":"post-17611","1":"product","2":"type-product","3":"status-publish","4":"has-post-thumbnail","6":"product_cat-trusser","7":"product_cat-herre-undertoj-speedos-bulge","8":"product_tag-brief-da","9":"product_tag-underwear-da","11":"first","12":"instock","13":"taxable","14":"shipping-taxable","15":"purchasable","16":"product-type-variable","17":"has-default-attributes"},"yoast_head":"<!-- This site is optimized with the Yoast SEO Premium plugin v26.6 (Yoast SEO v27.5) - https:\/\/yoast.com\/product\/yoast-seo-premium-wordpress\/ -->\n<title>ZLC Army Trusser \u2013 Herreundert\u00f8j med holdning &amp; bulge<\/title>\n<meta name=\"description\" content=\"ZLC Army trusser \u2013 til dig der vil vise format, bulge og samvittighed. \u00d8kologisk herreundert\u00f8j skabt med stil, power og respekt.\" \/>\n<meta name=\"robots\" content=\"index, follow, max-snippet:-1, max-image-preview:large, max-video-preview:-1\" \/>\n<link rel=\"canonical\" href=\"https:\/\/zlcopenhagen.com\/da\/produkt\/zlc-army-herretrusser-bulge\/\" \/>\n<meta property=\"og:locale\" content=\"da_DK\" \/>\n<meta property=\"og:type\" content=\"article\" \/>\n<meta property=\"og:title\" content=\"ZLC ARMY GR\u00d8NNE TRUSSER MED GYLP\" \/>\n<meta property=\"og:description\" content=\"ZLC Army trusser \u2013 til dig der vil vise format, bulge og samvittighed. \u00d8kologisk herreundert\u00f8j skabt med stil, power og respekt.\" \/>\n<meta property=\"og:url\" content=\"https:\/\/zlcopenhagen.com\/da\/produkt\/zlc-army-herretrusser-bulge\/\" \/>\n<meta property=\"og:site_name\" content=\"zlcopenhagen.com\" \/>\n<meta property=\"article:modified_time\" content=\"2025-05-20T11:50:25+00:00\" \/>\n<meta property=\"og:image\" content=\"https:\/\/zlcopenhagen.com\/wp-content\/uploads\/2016\/06\/ZLC-Brief-front-closure-tape-army-1.jpg\" \/>\n\t<meta property=\"og:image:width\" content=\"549\" \/>\n\t<meta property=\"og:image:height\" content=\"768\" \/>\n\t<meta property=\"og:image:type\" content=\"image\/jpeg\" \/>\n<meta name=\"twitter:card\" content=\"summary_large_image\" \/>\n<meta name=\"twitter:label1\" content=\"Tilg\u00e6ngelighed\" \/>\n\t<meta name=\"twitter:data1\" content=\"P\u00e5 lager\" \/>\n<meta property=\"og:availability\" content=\"instock\" \/>\n<meta property=\"product:availability\" content=\"instock\" \/>\n<meta property=\"product:retailer_item_id\" content=\"603109\" \/>\n<meta property=\"product:condition\" content=\"new\" \/>\n<!-- \/ Yoast SEO Premium plugin. -->","yoast_head_json":{"title":"ZLC Army Trusser \u2013 Herreundert\u00f8j med holdning & bulge","description":"ZLC Army trusser \u2013 til dig der vil vise format, bulge og samvittighed. \u00d8kologisk herreundert\u00f8j skabt med stil, power og respekt.","robots":{"index":"index","follow":"follow","max-snippet":"max-snippet:-1","max-image-preview":"max-image-preview:large","max-video-preview":"max-video-preview:-1"},"canonical":"https:\/\/zlcopenhagen.com\/da\/produkt\/zlc-army-herretrusser-bulge\/","og_locale":"da_DK","og_type":"article","og_title":"ZLC ARMY GR\u00d8NNE TRUSSER MED GYLP","og_description":"ZLC Army trusser \u2013 til dig der vil vise format, bulge og samvittighed. \u00d8kologisk herreundert\u00f8j skabt med stil, power og respekt.","og_url":"https:\/\/zlcopenhagen.com\/da\/produkt\/zlc-army-herretrusser-bulge\/","og_site_name":"zlcopenhagen.com","article_modified_time":"2025-05-20T11:50:25+00:00","og_image":[{"width":549,"height":768,"url":"https:\/\/zlcopenhagen.com\/wp-content\/uploads\/2016\/06\/ZLC-Brief-front-closure-tape-army-1.jpg","type":"image\/jpeg"}],"twitter_card":"summary_large_image","twitter_misc":{"Tilg\u00e6ngelighed":"P\u00e5 lager"},"schema":{"@context":"https:\/\/schema.org","@graph":[{"@type":"WebPage","@id":"https:\/\/zlcopenhagen.com\/da\/produkt\/zlc-army-herretrusser-bulge\/","url":"https:\/\/zlcopenhagen.com\/da\/produkt\/zlc-army-herretrusser-bulge\/","name":"ZLC Army Trusser \u2013 Herreundert\u00f8j med holdning & bulge","isPartOf":{"@id":"https:\/\/zlcopenhagen.com\/#website"},"primaryImageOfPage":{"@id":"https:\/\/zlcopenhagen.com\/da\/produkt\/zlc-army-herretrusser-bulge\/#primaryimage"},"image":{"@id":"https:\/\/zlcopenhagen.com\/da\/produkt\/zlc-army-herretrusser-bulge\/#primaryimage"},"thumbnailUrl":"https:\/\/zlcopenhagen.com\/wp-content\/uploads\/2016\/06\/ZLC-Brief-front-closure-tape-army-1.jpg","datePublished":"2016-06-13T10:06:29+00:00","dateModified":"2025-05-20T11:50:25+00:00","description":"ZLC Army trusser \u2013 til dig der vil vise format, bulge og samvittighed. \u00d8kologisk herreundert\u00f8j skabt med stil, power og respekt.","breadcrumb":{"@id":"https:\/\/zlcopenhagen.com\/da\/produkt\/zlc-army-herretrusser-bulge\/#breadcrumb"},"inLanguage":"da-DK","potentialAction":[{"@type":"ReadAction","target":["https:\/\/zlcopenhagen.com\/da\/produkt\/zlc-army-herretrusser-bulge\/"]}]},{"@type":"ImageObject","inLanguage":"da-DK","@id":"https:\/\/zlcopenhagen.com\/da\/produkt\/zlc-army-herretrusser-bulge\/#primaryimage","url":"https:\/\/zlcopenhagen.com\/wp-content\/uploads\/2016\/06\/ZLC-Brief-front-closure-tape-army-1.jpg","contentUrl":"https:\/\/zlcopenhagen.com\/wp-content\/uploads\/2016\/06\/ZLC-Brief-front-closure-tape-army-1.jpg","width":549,"height":768,"caption":"Army green men's cotton underwear with 3D beefy butt design, offering comfort, style, and a perfect fit for modern men"},{"@type":"BreadcrumbList","@id":"https:\/\/zlcopenhagen.com\/da\/produkt\/zlc-army-herretrusser-bulge\/#breadcrumb","itemListElement":[{"@type":"ListItem","position":1,"name":"Home","item":"https:\/\/zlcopenhagen.com\/da\/"},{"@type":"ListItem","position":2,"name":"Shop","item":"https:\/\/zlcopenhagen.com\/da\/shop\/"},{"@type":"ListItem","position":3,"name":"ZLC ARMY GR\u00d8NNE TRUSSER MED GYLP"}]},{"@type":"WebSite","@id":"https:\/\/zlcopenhagen.com\/#website","url":"https:\/\/zlcopenhagen.com\/","name":"zlcopenhagen.com","description":"","publisher":{"@id":"https:\/\/zlcopenhagen.com\/#organization"},"potentialAction":[{"@type":"SearchAction","target":{"@type":"EntryPoint","urlTemplate":"https:\/\/zlcopenhagen.com\/?s={search_term_string}"},"query-input":{"@type":"PropertyValueSpecification","valueRequired":true,"valueName":"search_term_string"}}],"inLanguage":"da-DK"},{"@type":["Organization","Place"],"@id":"https:\/\/zlcopenhagen.com\/#organization","name":"ZLCOPENHAGEN","alternateName":"ZLCOPENHAGEN","url":"https:\/\/zlcopenhagen.com\/","logo":{"@id":"https:\/\/zlcopenhagen.com\/da\/produkt\/zlc-army-herretrusser-bulge\/#local-main-organization-logo"},"image":{"@id":"https:\/\/zlcopenhagen.com\/da\/produkt\/zlc-army-herretrusser-bulge\/#local-main-organization-logo"},"sameAs":["https:\/\/www.youtube.com\/channel\/UCy7JINwB6DMr2fA9yHpDQJg"],"telephone":[],"openingHoursSpecification":[{"@type":"OpeningHoursSpecification","dayOfWeek":["Monday","Tuesday","Wednesday","Thursday","Friday","Saturday","Sunday"],"opens":"09:00","closes":"17:00"}]},{"@type":"ImageObject","inLanguage":"da-DK","@id":"https:\/\/zlcopenhagen.com\/da\/produkt\/zlc-army-herretrusser-bulge\/#local-main-organization-logo","url":"https:\/\/zlcopenhagen.com\/wp-content\/uploads\/2016\/05\/blog-logo.jpg","contentUrl":"https:\/\/zlcopenhagen.com\/wp-content\/uploads\/2016\/05\/blog-logo.jpg","width":68,"height":68,"caption":"ZLCOPENHAGEN"}]},"og_availability":"instock","product_availability":"instock","product_retailer_item_id":"603109","product_condition":"new"},"_links":{"self":[{"href":"https:\/\/zlcopenhagen.com\/da\/wp-json\/wp\/v2\/product\/17611","targetHints":{"allow":["GET"]}}],"collection":[{"href":"https:\/\/zlcopenhagen.com\/da\/wp-json\/wp\/v2\/product"}],"about":[{"href":"https:\/\/zlcopenhagen.com\/da\/wp-json\/wp\/v2\/types\/product"}],"replies":[{"embeddable":true,"href":"https:\/\/zlcopenhagen.com\/da\/wp-json\/wp\/v2\/comments?post=17611"}],"wp:featuredmedia":[{"embeddable":true,"href":"https:\/\/zlcopenhagen.com\/da\/wp-json\/wp\/v2\/media\/32643"}],"wp:attachment":[{"href":"https:\/\/zlcopenhagen.com\/da\/wp-json\/wp\/v2\/media?parent=17611"}],"wp:term":[{"taxonomy":"product_brand","embeddable":true,"href":"https:\/\/zlcopenhagen.com\/da\/wp-json\/wp\/v2\/product_brand?post=17611"},{"taxonomy":"product_cat","embeddable":true,"href":"https:\/\/zlcopenhagen.com\/da\/wp-json\/wp\/v2\/product_cat?post=17611"},{"taxonomy":"product_tag","embeddable":true,"href":"https:\/\/zlcopenhagen.com\/da\/wp-json\/wp\/v2\/product_tag?post=17611"}],"curies":[{"name":"wp","href":"https:\/\/api.w.org\/{rel}","templated":true}]}}